{"id":65879,"date":"2021-11-12T01:01:22","date_gmt":"2021-11-12T00:01:22","guid":{"rendered":"https:\/\/marktxxl.de\/markt\/produkt\/mushie-loeffel-baby-silicone-breiloeffel-2er-pack-bpa-frei-babyloeffel\/"},"modified":"2023-04-06T01:50:21","modified_gmt":"2023-04-05T23:50:21","slug":"mushie-loeffel-baby-silicone-breiloeffel-2er-pack-bpa-frei-babyloeffel","status":"publish","type":"product","link":"https:\/\/marktxxl.de\/markt\/produkt\/mushie-loeffel-baby-silicone-breiloeffel-2er-pack-bpa-frei-babyloeffel\/","title":{"rendered":"Mushie 2er Set L\u00f6ffel f\u00fcr Kinder | BPA-freier Silikonl\u00f6ffel | sp\u00fclmaschinen- und mikrowellenfestes Besteck | langlebiges\u2026"},"content":{"rendered":"<p>Hergestellt aus 100% BPA- und chemikalienfreiem Material, sind unsere Silikon-Babyl\u00f6ffel perfekt zum F\u00fcttern Ihres Babys.<br \/>\nDie weiche Silikonspitze sch\u00fctzt das empfindliche Zahnfleisch Ihres Babys und die neu gewachsenen Z\u00e4hne und macht die Mahlzeit f\u00fcr Sie und Ihren Kleinen angenehm!<br \/>\nPflege: Vor Gebrauch waschen und \u00fcberpr\u00fcfen. Nicht in der Mikrowelle, dampfen, oder sterilisieren. Entsorgen und ersetzen Sie bei ersten Anzeichen von Schw\u00e4che oder Besch\u00e4digungen. Lassen Sie das Kind nicht laufen oder laufen, w\u00e4hrend Sie den L\u00f6ffel tragen. Lassen Sie Ihr Kind nicht unbeaufsichtigt.<br \/>\n<div class=\"main-cross-sell\" data-asin=\"B09FFDTQWB\">\n\n\t<div class=\"WooZone-cross-sell-loader\">\n\t\t<div>\n\t\t\t<div id=\"floatingBarsG\">\n\t\t\t\t<div class=\"blockG\" id=\"rotateG_01\"><\/div>\n\t\t\t\t<div class=\"blockG\" id=\"rotateG_02\"><\/div>\n\t\t\t\t<div class=\"blockG\" id=\"rotateG_03\"><\/div>\n\t\t\t\t<div class=\"blockG\" id=\"rotateG_04\"><\/div>\n\t\t\t\t<div class=\"blockG\" id=\"rotateG_05\"><\/div>\n\t\t\t\t<div class=\"blockG\" id=\"rotateG_06\"><\/div>\n\t\t\t\t<div class=\"blockG\" id=\"rotateG_07\"><\/div>\n\t\t\t\t<div class=\"blockG\" id=\"rotateG_08\"><\/div>\n\t\t\t<\/div>\n\t\t\t<div class=\"WooZone-cross-sell-loader-text\"><\/div>\n\t\t<\/div>\n\t<\/div>\n\n\t\t\n<\/div>\n<div style=\"clear:both;\"><\/div><\/p>\n","protected":false},"excerpt":{"rendered":"<p>Hergestellt aus 100% BPA- und chemikalienfreiem Material, sind unsere Silikon-Babyl\u00f6ffel perfekt zum F\u00fcttern Ihres Babys.<br \/>\nDie weiche Silikonspitze sch\u00fctzt das empfindliche Zahnfleisch Ihres Babys und die neu gewachsenen Z\u00e4hne und macht die Mahlzeit f\u00fcr Sie und Ihren Kleinen angenehm!<br \/>\nPflege: Vor Gebrauch waschen und \u00fcberpr\u00fcfen. Nicht in der Mikrowelle, dampfen, oder sterilisieren. Entsorgen und ersetzen Sie bei ersten Anzeichen von Schw\u00e4che oder Besch\u00e4digungen. Lassen Sie das Kind nicht laufen oder laufen, w\u00e4hrend Sie den L\u00f6ffel tragen. Lassen Sie Ihr Kind nicht unbeaufsichtigt.<\/p>\n","protected":false},"featured_media":65880,"comment_status":"open","ping_status":"closed","template":"","meta":[],"product_brand":[],"product_cat":[21,9216],"product_tag":[],"class_list":{"0":"post-65879","1":"product","2":"type-product","3":"status-publish","4":"has-post-thumbnail","6":"product_cat-baby","7":"product_cat-ernaehrung-stillen-baby","8":"pa_binding-babyartikel","9":"pa_brand-mushie","11":"first","12":"instock","13":"shipping-taxable","14":"purchasable","15":"product-type-simple","16":"customify-col","17":"product-has-gallery"},"yoast_head":"<!-- This site is optimized with the Yoast SEO plugin v27.4 - https:\/\/yoast.com\/product\/yoast-seo-wordpress\/ -->\n<title>Mushie 2er Set L\u00f6ffel f\u00fcr Kinder | BPA-freier Silikonl\u00f6ffel | sp\u00fclmaschinen- und mikrowellenfestes Besteck | langlebiges\u2026 - Markt-XXL<\/title>\n<meta name=\"description\" content=\"Markt-XXL Mushie 2er Set L\u00f6ffel f\u00fcr Kinder | BPA-freier Silikonl\u00f6ffel | sp\u00fclmaschinen- und mikrowellenfestes Besteck | langlebiges\u2026\" \/>\n<meta name=\"robots\" content=\"index, follow, max-snippet:-1, max-image-preview:large, max-video-preview:-1\" \/>\n<link rel=\"canonical\" href=\"https:\/\/marktxxl.de\/markt\/produkt\/mushie-loeffel-baby-silicone-breiloeffel-2er-pack-bpa-frei-babyloeffel\/\" \/>\n<meta property=\"og:locale\" content=\"de_DE\" \/>\n<meta property=\"og:type\" content=\"article\" \/>\n<meta property=\"og:title\" content=\"Mushie 2er Set L\u00f6ffel f\u00fcr Kinder | BPA-freier Silikonl\u00f6ffel | sp\u00fclmaschinen- und mikrowellenfestes Besteck | langlebiges\u2026 - Markt-XXL\" \/>\n<meta property=\"og:description\" content=\"Markt-XXL Mushie 2er Set L\u00f6ffel f\u00fcr Kinder | BPA-freier Silikonl\u00f6ffel | sp\u00fclmaschinen- und mikrowellenfestes Besteck | langlebiges\u2026\" \/>\n<meta property=\"og:url\" content=\"https:\/\/marktxxl.de\/markt\/produkt\/mushie-loeffel-baby-silicone-breiloeffel-2er-pack-bpa-frei-babyloeffel\/\" \/>\n<meta property=\"og:site_name\" content=\"Markt-XXL\" \/>\n<meta property=\"article:modified_time\" content=\"2023-04-05T23:50:21+00:00\" \/>\n<meta property=\"og:image\" content=\"https:\/\/m.media-amazon.com\/images\/I\/31FjljcK9lL._SL500_.jpg\" \/>\n\t<meta property=\"og:image:width\" content=\"500\" \/>\n\t<meta property=\"og:image:height\" content=\"500\" \/>\n\t<meta property=\"og:image:type\" content=\"image\/jpeg\" \/>\n<meta name=\"twitter:card\" content=\"summary_large_image\" \/>\n<script type=\"application\/ld+json\" class=\"yoast-schema-graph\">{\"@context\":\"https:\\\/\\\/schema.org\",\"@graph\":[{\"@type\":\"WebPage\",\"@id\":\"https:\\\/\\\/marktxxl.de\\\/markt\\\/produkt\\\/mushie-loeffel-baby-silicone-breiloeffel-2er-pack-bpa-frei-babyloeffel\\\/\",\"url\":\"https:\\\/\\\/marktxxl.de\\\/markt\\\/produkt\\\/mushie-loeffel-baby-silicone-breiloeffel-2er-pack-bpa-frei-babyloeffel\\\/\",\"name\":\"Mushie 2er Set L\u00f6ffel f\u00fcr Kinder | BPA-freier Silikonl\u00f6ffel | sp\u00fclmaschinen- und mikrowellenfestes Besteck | langlebiges\u2026 - Markt-XXL\",\"isPartOf\":{\"@id\":\"https:\\\/\\\/marktxxl.de\\\/markt\\\/#website\"},\"primaryImageOfPage\":{\"@id\":\"https:\\\/\\\/marktxxl.de\\\/markt\\\/produkt\\\/mushie-loeffel-baby-silicone-breiloeffel-2er-pack-bpa-frei-babyloeffel\\\/#primaryimage\"},\"image\":{\"@id\":\"https:\\\/\\\/marktxxl.de\\\/markt\\\/produkt\\\/mushie-loeffel-baby-silicone-breiloeffel-2er-pack-bpa-frei-babyloeffel\\\/#primaryimage\"},\"thumbnailUrl\":\"https:\\\/\\\/m.media-amazon.com\\\/images\\\/I\\\/31FjljcK9lL._SL500_.jpg\",\"datePublished\":\"2021-11-12T00:01:22+00:00\",\"dateModified\":\"2023-04-05T23:50:21+00:00\",\"description\":\"Markt-XXL Mushie 2er Set L\u00f6ffel f\u00fcr Kinder | BPA-freier Silikonl\u00f6ffel | sp\u00fclmaschinen- und mikrowellenfestes Besteck | langlebiges\u2026\",\"breadcrumb\":{\"@id\":\"https:\\\/\\\/marktxxl.de\\\/markt\\\/produkt\\\/mushie-loeffel-baby-silicone-breiloeffel-2er-pack-bpa-frei-babyloeffel\\\/#breadcrumb\"},\"inLanguage\":\"de\",\"potentialAction\":[{\"@type\":\"ReadAction\",\"target\":[\"https:\\\/\\\/marktxxl.de\\\/markt\\\/produkt\\\/mushie-loeffel-baby-silicone-breiloeffel-2er-pack-bpa-frei-babyloeffel\\\/\"]}]},{\"@type\":\"ImageObject\",\"inLanguage\":\"de\",\"@id\":\"https:\\\/\\\/marktxxl.de\\\/markt\\\/produkt\\\/mushie-loeffel-baby-silicone-breiloeffel-2er-pack-bpa-frei-babyloeffel\\\/#primaryimage\",\"url\":\"https:\\\/\\\/m.media-amazon.com\\\/images\\\/I\\\/31FjljcK9lL._SL500_.jpg\",\"contentUrl\":\"https:\\\/\\\/m.media-amazon.com\\\/images\\\/I\\\/31FjljcK9lL._SL500_.jpg\",\"width\":500,\"height\":500},{\"@type\":\"BreadcrumbList\",\"@id\":\"https:\\\/\\\/marktxxl.de\\\/markt\\\/produkt\\\/mushie-loeffel-baby-silicone-breiloeffel-2er-pack-bpa-frei-babyloeffel\\\/#breadcrumb\",\"itemListElement\":[{\"@type\":\"ListItem\",\"position\":1,\"name\":\"Startseite\",\"item\":\"https:\\\/\\\/marktxxl.de\\\/markt\\\/\"},{\"@type\":\"ListItem\",\"position\":2,\"name\":\"Markt\",\"item\":\"https:\\\/\\\/marktxxl.de\\\/markt\\\/\"},{\"@type\":\"ListItem\",\"position\":3,\"name\":\"Mushie 2er Set L\u00f6ffel f\u00fcr Kinder | BPA-freier Silikonl\u00f6ffel | sp\u00fclmaschinen- und mikrowellenfestes Besteck | langlebiges\u2026\"}]},{\"@type\":\"WebSite\",\"@id\":\"https:\\\/\\\/marktxxl.de\\\/markt\\\/#website\",\"url\":\"https:\\\/\\\/marktxxl.de\\\/markt\\\/\",\"name\":\"Markt-XXL\",\"description\":\"Ihr Markt Online\",\"publisher\":{\"@id\":\"https:\\\/\\\/marktxxl.de\\\/markt\\\/#organization\"},\"potentialAction\":[{\"@type\":\"SearchAction\",\"target\":{\"@type\":\"EntryPoint\",\"urlTemplate\":\"https:\\\/\\\/marktxxl.de\\\/markt\\\/?s={search_term_string}\"},\"query-input\":{\"@type\":\"PropertyValueSpecification\",\"valueRequired\":true,\"valueName\":\"search_term_string\"}}],\"inLanguage\":\"de\"},{\"@type\":\"Organization\",\"@id\":\"https:\\\/\\\/marktxxl.de\\\/markt\\\/#organization\",\"name\":\"Markt-XXL\",\"url\":\"https:\\\/\\\/marktxxl.de\\\/markt\\\/\",\"logo\":{\"@type\":\"ImageObject\",\"inLanguage\":\"de\",\"@id\":\"https:\\\/\\\/marktxxl.de\\\/markt\\\/#\\\/schema\\\/logo\\\/image\\\/\",\"url\":\"https:\\\/\\\/marktxxl.de\\\/markt\\\/wp-content\\\/uploads\\\/sites\\\/3\\\/2020\\\/12\\\/logo.png\",\"contentUrl\":\"https:\\\/\\\/marktxxl.de\\\/markt\\\/wp-content\\\/uploads\\\/sites\\\/3\\\/2020\\\/12\\\/logo.png\",\"width\":200,\"height\":70,\"caption\":\"Markt-XXL\"},\"image\":{\"@id\":\"https:\\\/\\\/marktxxl.de\\\/markt\\\/#\\\/schema\\\/logo\\\/image\\\/\"}}]}<\/script>\n<!-- \/ Yoast SEO plugin. -->","yoast_head_json":{"title":"Mushie 2er Set L\u00f6ffel f\u00fcr Kinder | BPA-freier Silikonl\u00f6ffel | sp\u00fclmaschinen- und mikrowellenfestes Besteck | langlebiges\u2026 - Markt-XXL","description":"Markt-XXL Mushie 2er Set L\u00f6ffel f\u00fcr Kinder | BPA-freier Silikonl\u00f6ffel | sp\u00fclmaschinen- und mikrowellenfestes Besteck | langlebiges\u2026","robots":{"index":"index","follow":"follow","max-snippet":"max-snippet:-1","max-image-preview":"max-image-preview:large","max-video-preview":"max-video-preview:-1"},"canonical":"https:\/\/marktxxl.de\/markt\/produkt\/mushie-loeffel-baby-silicone-breiloeffel-2er-pack-bpa-frei-babyloeffel\/","og_locale":"de_DE","og_type":"article","og_title":"Mushie 2er Set L\u00f6ffel f\u00fcr Kinder | BPA-freier Silikonl\u00f6ffel | sp\u00fclmaschinen- und mikrowellenfestes Besteck | langlebiges\u2026 - Markt-XXL","og_description":"Markt-XXL Mushie 2er Set L\u00f6ffel f\u00fcr Kinder | BPA-freier Silikonl\u00f6ffel | sp\u00fclmaschinen- und mikrowellenfestes Besteck | langlebiges\u2026","og_url":"https:\/\/marktxxl.de\/markt\/produkt\/mushie-loeffel-baby-silicone-breiloeffel-2er-pack-bpa-frei-babyloeffel\/","og_site_name":"Markt-XXL","article_modified_time":"2023-04-05T23:50:21+00:00","og_image":[{"width":500,"height":500,"url":"https:\/\/m.media-amazon.com\/images\/I\/31FjljcK9lL._SL500_.jpg","type":"image\/jpeg"}],"twitter_card":"summary_large_image","schema":{"@context":"https:\/\/schema.org","@graph":[{"@type":"WebPage","@id":"https:\/\/marktxxl.de\/markt\/produkt\/mushie-loeffel-baby-silicone-breiloeffel-2er-pack-bpa-frei-babyloeffel\/","url":"https:\/\/marktxxl.de\/markt\/produkt\/mushie-loeffel-baby-silicone-breiloeffel-2er-pack-bpa-frei-babyloeffel\/","name":"Mushie 2er Set L\u00f6ffel f\u00fcr Kinder | BPA-freier Silikonl\u00f6ffel | sp\u00fclmaschinen- und mikrowellenfestes Besteck | langlebiges\u2026 - Markt-XXL","isPartOf":{"@id":"https:\/\/marktxxl.de\/markt\/#website"},"primaryImageOfPage":{"@id":"https:\/\/marktxxl.de\/markt\/produkt\/mushie-loeffel-baby-silicone-breiloeffel-2er-pack-bpa-frei-babyloeffel\/#primaryimage"},"image":{"@id":"https:\/\/marktxxl.de\/markt\/produkt\/mushie-loeffel-baby-silicone-breiloeffel-2er-pack-bpa-frei-babyloeffel\/#primaryimage"},"thumbnailUrl":"https:\/\/m.media-amazon.com\/images\/I\/31FjljcK9lL._SL500_.jpg","datePublished":"2021-11-12T00:01:22+00:00","dateModified":"2023-04-05T23:50:21+00:00","description":"Markt-XXL Mushie 2er Set L\u00f6ffel f\u00fcr Kinder | BPA-freier Silikonl\u00f6ffel | sp\u00fclmaschinen- und mikrowellenfestes Besteck | langlebiges\u2026","breadcrumb":{"@id":"https:\/\/marktxxl.de\/markt\/produkt\/mushie-loeffel-baby-silicone-breiloeffel-2er-pack-bpa-frei-babyloeffel\/#breadcrumb"},"inLanguage":"de","potentialAction":[{"@type":"ReadAction","target":["https:\/\/marktxxl.de\/markt\/produkt\/mushie-loeffel-baby-silicone-breiloeffel-2er-pack-bpa-frei-babyloeffel\/"]}]},{"@type":"ImageObject","inLanguage":"de","@id":"https:\/\/marktxxl.de\/markt\/produkt\/mushie-loeffel-baby-silicone-breiloeffel-2er-pack-bpa-frei-babyloeffel\/#primaryimage","url":"https:\/\/m.media-amazon.com\/images\/I\/31FjljcK9lL._SL500_.jpg","contentUrl":"https:\/\/m.media-amazon.com\/images\/I\/31FjljcK9lL._SL500_.jpg","width":500,"height":500},{"@type":"BreadcrumbList","@id":"https:\/\/marktxxl.de\/markt\/produkt\/mushie-loeffel-baby-silicone-breiloeffel-2er-pack-bpa-frei-babyloeffel\/#breadcrumb","itemListElement":[{"@type":"ListItem","position":1,"name":"Startseite","item":"https:\/\/marktxxl.de\/markt\/"},{"@type":"ListItem","position":2,"name":"Markt","item":"https:\/\/marktxxl.de\/markt\/"},{"@type":"ListItem","position":3,"name":"Mushie 2er Set L\u00f6ffel f\u00fcr Kinder | BPA-freier Silikonl\u00f6ffel | sp\u00fclmaschinen- und mikrowellenfestes Besteck | langlebiges\u2026"}]},{"@type":"WebSite","@id":"https:\/\/marktxxl.de\/markt\/#website","url":"https:\/\/marktxxl.de\/markt\/","name":"Markt-XXL","description":"Ihr Markt Online","publisher":{"@id":"https:\/\/marktxxl.de\/markt\/#organization"},"potentialAction":[{"@type":"SearchAction","target":{"@type":"EntryPoint","urlTemplate":"https:\/\/marktxxl.de\/markt\/?s={search_term_string}"},"query-input":{"@type":"PropertyValueSpecification","valueRequired":true,"valueName":"search_term_string"}}],"inLanguage":"de"},{"@type":"Organization","@id":"https:\/\/marktxxl.de\/markt\/#organization","name":"Markt-XXL","url":"https:\/\/marktxxl.de\/markt\/","logo":{"@type":"ImageObject","inLanguage":"de","@id":"https:\/\/marktxxl.de\/markt\/#\/schema\/logo\/image\/","url":"https:\/\/marktxxl.de\/markt\/wp-content\/uploads\/sites\/3\/2020\/12\/logo.png","contentUrl":"https:\/\/marktxxl.de\/markt\/wp-content\/uploads\/sites\/3\/2020\/12\/logo.png","width":200,"height":70,"caption":"Markt-XXL"},"image":{"@id":"https:\/\/marktxxl.de\/markt\/#\/schema\/logo\/image\/"}}]}},"_links":{"self":[{"href":"https:\/\/marktxxl.de\/markt\/wp-json\/wp\/v2\/product\/65879","targetHints":{"allow":["GET"]}}],"collection":[{"href":"https:\/\/marktxxl.de\/markt\/wp-json\/wp\/v2\/product"}],"about":[{"href":"https:\/\/marktxxl.de\/markt\/wp-json\/wp\/v2\/types\/product"}],"replies":[{"embeddable":true,"href":"https:\/\/marktxxl.de\/markt\/wp-json\/wp\/v2\/comments?post=65879"}],"wp:featuredmedia":[{"embeddable":true,"href":"https:\/\/marktxxl.de\/markt\/wp-json\/wp\/v2\/media\/65880"}],"wp:attachment":[{"href":"https:\/\/marktxxl.de\/markt\/wp-json\/wp\/v2\/media?parent=65879"}],"wp:term":[{"taxonomy":"product_brand","embeddable":true,"href":"https:\/\/marktxxl.de\/markt\/wp-json\/wp\/v2\/product_brand?post=65879"},{"taxonomy":"product_cat","embeddable":true,"href":"https:\/\/marktxxl.de\/markt\/wp-json\/wp\/v2\/product_cat?post=65879"},{"taxonomy":"product_tag","embeddable":true,"href":"https:\/\/marktxxl.de\/markt\/wp-json\/wp\/v2\/product_tag?post=65879"}],"curies":[{"name":"wp","href":"https:\/\/api.w.org\/{rel}","templated":true}]}}