{"id":65827,"date":"2021-11-12T00:58:48","date_gmt":"2021-11-11T23:58:48","guid":{"rendered":"https:\/\/marktxxl.de\/markt\/produkt\/baby-lammfell-werner-christ-baby-kuscheliges-medizinisches-baby-fell-deutsche-qualitaet-ideal-fuer-kinderwagen-als-krabbelmatte-oder-babyteppich-laengen-85-cm-farbe-natur-gold-gel\/"},"modified":"2023-04-06T01:50:19","modified_gmt":"2023-04-05T23:50:19","slug":"baby-lammfell-werner-christ-baby-kuscheliges-medizinisches-baby-fell-deutsche-qualitaet-ideal-fuer-kinderwagen-als-krabbelmatte-oder-babyteppich-laengen-85-cm-farbe-natur-gold-gel","status":"publish","type":"product","link":"https:\/\/marktxxl.de\/markt\/produkt\/baby-lammfell-werner-christ-baby-kuscheliges-medizinisches-baby-fell-deutsche-qualitaet-ideal-fuer-kinderwagen-als-krabbelmatte-oder-babyteppich-laengen-85-cm-farbe-natur-gold-gel\/","title":{"rendered":"Baby-Lammfell WERNER CHRIST BABY \u2013 kuscheliges, medizinisches Baby-Fell (deutsche Qualit\u00e4t), ideal f\u00fcr Kinderwagen, als\u2026"},"content":{"rendered":"<p>UNIVERSELL EINSETZBAR: Aufgrund der Leichtigkeit ist das Fell ideal zum Mitnehmen als Schlaffell oder zum Einsetzen im Kinderwagen, Buggy, Jogger, Kinderbett, auf der Couch oder auf dem Fu\u00dfboden (als Krabbeldecke und Spielmatte). Da es ein Naturprodukt ist, kann die beige Fellfarbe leicht abweichen.<br \/>\nEIGENSCHAFTEN: Unser atmungsaktives echtes Fell ist auf 30 mm geschoren und besitzt somit eine ideale H\u00f6he f\u00fcr den Sitz-und Liegekomfort Ihres Babys. Es sorgt f\u00fcr Temperaturausgleich und ist isolationsf\u00e4hig und somit f\u00fcr jede Jahreszeit geeignet. Das Lammfell ist erh\u00e4ltlich in den L\u00e4ngen: +\/- 65, +\/- 75, +\/- 85, +\/- 95 cm. Alle Gr\u00f6\u00dfen verstehen sich als +5 cm \/ -5 cm, da es sich bei Lammfell um ein Naturprodukt handelt.<br \/>\nMARKENQUALIT\u00c4T: Unser Babysweet-Lammfell ist ein naturbelassenes Schaffell von der Traditionsfirma WERNER CHRIST \u2013 eine geschlossene Wertsch\u00f6pfungskette von der Rohware bis hin zum Endprodukt ist seit jeher der Garant f\u00fcr den bekannten &#8220;WERNER CHRIST-Standard&#8221;.<br \/>\nUMWELTFREUNDLICHE HERSTELLUNG: Alle Felle werden in unserer eigenen Gerberei hergestellt. F\u00fcr die CO2 emissionsneutrale Produktion werden erneuerbare Energien eingesetzt (ECOL-Siegel), was eine nachhaltige und \u00f6kologische Qualit\u00e4t garantiert.<br \/>\nPFLEGE: Das Natur-Lammfell ist in der Waschmaschine bei 30 \u00b0 C mit Lammfellwaschmittel waschbar und kann im Trockner oder an der Luft getrocknet werden. Es soll regelm\u00e4\u00dfig w\u00e4hrend des gesamten Trockenvorgangs in seine Form gezogen werden. Vermeiden Sie dabei direkte Sonneneinstrahlung und die N\u00e4he zu einer Heizquelle. Wir empfehlen das Fell nur bei schwerwiegenden Verschmutzungen zu waschen, da es dadurch etwas an Gr\u00f6\u00dfe verlieren kann. Bitte beachten Sie die beigef\u00fcgte Waschanleitung.<br \/>\n<div class=\"main-cross-sell\" data-asin=\"B004THFJ3S\">\n\n\t<div class=\"WooZone-cross-sell-loader\">\n\t\t<div>\n\t\t\t<div id=\"floatingBarsG\">\n\t\t\t\t<div class=\"blockG\" id=\"rotateG_01\"><\/div>\n\t\t\t\t<div class=\"blockG\" id=\"rotateG_02\"><\/div>\n\t\t\t\t<div class=\"blockG\" id=\"rotateG_03\"><\/div>\n\t\t\t\t<div class=\"blockG\" id=\"rotateG_04\"><\/div>\n\t\t\t\t<div class=\"blockG\" id=\"rotateG_05\"><\/div>\n\t\t\t\t<div class=\"blockG\" id=\"rotateG_06\"><\/div>\n\t\t\t\t<div class=\"blockG\" id=\"rotateG_07\"><\/div>\n\t\t\t\t<div class=\"blockG\" id=\"rotateG_08\"><\/div>\n\t\t\t<\/div>\n\t\t\t<div class=\"WooZone-cross-sell-loader-text\"><\/div>\n\t\t<\/div>\n\t<\/div>\n\n\t\t\n<\/div>\n<div style=\"clear:both;\"><\/div><\/p>\n","protected":false},"excerpt":{"rendered":"<p>UNIVERSELL EINSETZBAR: Aufgrund der Leichtigkeit ist das Fell ideal zum Mitnehmen als Schlaffell oder zum Einsetzen im Kinderwagen, Buggy, Jogger, Kinderbett, auf der Couch oder auf dem Fu\u00dfboden (als Krabbeldecke und Spielmatte). Da es ein Naturprodukt ist, kann die beige Fellfarbe leicht abweichen.<br \/>\nEIGENSCHAFTEN: Unser atmungsaktives echtes Fell ist auf 30 mm geschoren und besitzt somit eine ideale H\u00f6he f\u00fcr den Sitz-und Liegekomfort Ihres Babys. Es sorgt f\u00fcr Temperaturausgleich und ist isolationsf\u00e4hig und somit f\u00fcr jede Jahreszeit geeignet. Das Lammfell ist erh\u00e4ltlich in den L\u00e4ngen: +\/- 65, +\/- 75, +\/- 85, +\/- 95 cm. Alle Gr\u00f6\u00dfen verstehen sich als +5 cm \/ -5 cm, da es sich bei Lammfell um ein Naturprodukt handelt.<br \/>\nMARKENQUALIT\u00c4T: Unser Babysweet-Lammfell ist ein naturbelassenes Schaffell von der Traditionsfirma WERNER CHRIST \u2013 eine geschlossene Wertsch\u00f6pfungskette von der Rohware bis hin zum Endprodukt ist seit jeher der Garant f\u00fcr den bekannten &#8220;WERNER CHRIST-Standard&#8221;.<\/p>\n","protected":false},"featured_media":65828,"comment_status":"open","ping_status":"closed","template":"","meta":[],"product_brand":[],"product_cat":[21,9329],"product_tag":[],"class_list":{"0":"post-65827","1":"product","2":"type-product","3":"status-publish","4":"has-post-thumbnail","6":"product_cat-baby","7":"product_cat-kinderwagen-buggys-zubehoer-baby","8":"pa_binding-babyartikel","9":"pa_brand-christ","10":"pa_color-natur","11":"pa_languages-unbekannt-spanisch","12":"pa_manufacturer-werner-christ-gmbh","13":"pa_size-1-stueck-1er-pack","15":"first","16":"instock","17":"shipping-taxable","18":"purchasable","19":"product-type-simple","20":"customify-col","21":"product-has-gallery"},"yoast_head":"<!-- This site is optimized with the Yoast SEO plugin v27.3 - https:\/\/yoast.com\/product\/yoast-seo-wordpress\/ -->\n<title>Baby-Lammfell WERNER CHRIST BABY \u2013 kuscheliges, medizinisches Baby-Fell (deutsche Qualit\u00e4t), ideal f\u00fcr Kinderwagen, als\u2026 - Markt-XXL<\/title>\n<meta name=\"description\" content=\"Markt-XXL Baby-Lammfell WERNER CHRIST BABY \u2013 kuscheliges, medizinisches Baby-Fell (deutsche Qualit\u00e4t), ideal f\u00fcr Kinderwagen, als\u2026\" \/>\n<meta name=\"robots\" content=\"index, follow, max-snippet:-1, max-image-preview:large, max-video-preview:-1\" \/>\n<link rel=\"canonical\" href=\"https:\/\/marktxxl.de\/markt\/produkt\/baby-lammfell-werner-christ-baby-kuscheliges-medizinisches-baby-fell-deutsche-qualitaet-ideal-fuer-kinderwagen-als-krabbelmatte-oder-babyteppich-laengen-85-cm-farbe-natur-gold-gel\/\" \/>\n<meta property=\"og:locale\" content=\"de_DE\" \/>\n<meta property=\"og:type\" content=\"article\" \/>\n<meta property=\"og:title\" content=\"Baby-Lammfell WERNER CHRIST BABY \u2013 kuscheliges, medizinisches Baby-Fell (deutsche Qualit\u00e4t), ideal f\u00fcr Kinderwagen, als\u2026 - Markt-XXL\" \/>\n<meta property=\"og:description\" content=\"Markt-XXL Baby-Lammfell WERNER CHRIST BABY \u2013 kuscheliges, medizinisches Baby-Fell (deutsche Qualit\u00e4t), ideal f\u00fcr Kinderwagen, als\u2026\" \/>\n<meta property=\"og:url\" content=\"https:\/\/marktxxl.de\/markt\/produkt\/baby-lammfell-werner-christ-baby-kuscheliges-medizinisches-baby-fell-deutsche-qualitaet-ideal-fuer-kinderwagen-als-krabbelmatte-oder-babyteppich-laengen-85-cm-farbe-natur-gold-gel\/\" \/>\n<meta property=\"og:site_name\" content=\"Markt-XXL\" \/>\n<meta property=\"article:modified_time\" content=\"2023-04-05T23:50:19+00:00\" \/>\n<meta property=\"og:image\" content=\"https:\/\/m.media-amazon.com\/images\/I\/41Vz0iWqbaL._SL500_.jpg\" \/>\n\t<meta property=\"og:image:width\" content=\"500\" \/>\n\t<meta property=\"og:image:height\" content=\"500\" \/>\n\t<meta property=\"og:image:type\" content=\"image\/jpeg\" \/>\n<meta name=\"twitter:card\" content=\"summary_large_image\" \/>\n<meta name=\"twitter:label1\" content=\"Gesch\u00e4tzte Lesezeit\" \/>\n\t<meta name=\"twitter:data1\" content=\"1\u00a0Minute\" \/>\n<script type=\"application\/ld+json\" class=\"yoast-schema-graph\">{\"@context\":\"https:\\\/\\\/schema.org\",\"@graph\":[{\"@type\":\"WebPage\",\"@id\":\"https:\\\/\\\/marktxxl.de\\\/markt\\\/produkt\\\/baby-lammfell-werner-christ-baby-kuscheliges-medizinisches-baby-fell-deutsche-qualitaet-ideal-fuer-kinderwagen-als-krabbelmatte-oder-babyteppich-laengen-85-cm-farbe-natur-gold-gel\\\/\",\"url\":\"https:\\\/\\\/marktxxl.de\\\/markt\\\/produkt\\\/baby-lammfell-werner-christ-baby-kuscheliges-medizinisches-baby-fell-deutsche-qualitaet-ideal-fuer-kinderwagen-als-krabbelmatte-oder-babyteppich-laengen-85-cm-farbe-natur-gold-gel\\\/\",\"name\":\"Baby-Lammfell WERNER CHRIST BABY \u2013 kuscheliges, medizinisches Baby-Fell (deutsche Qualit\u00e4t), ideal f\u00fcr Kinderwagen, als\u2026 - Markt-XXL\",\"isPartOf\":{\"@id\":\"https:\\\/\\\/marktxxl.de\\\/markt\\\/#website\"},\"primaryImageOfPage\":{\"@id\":\"https:\\\/\\\/marktxxl.de\\\/markt\\\/produkt\\\/baby-lammfell-werner-christ-baby-kuscheliges-medizinisches-baby-fell-deutsche-qualitaet-ideal-fuer-kinderwagen-als-krabbelmatte-oder-babyteppich-laengen-85-cm-farbe-natur-gold-gel\\\/#primaryimage\"},\"image\":{\"@id\":\"https:\\\/\\\/marktxxl.de\\\/markt\\\/produkt\\\/baby-lammfell-werner-christ-baby-kuscheliges-medizinisches-baby-fell-deutsche-qualitaet-ideal-fuer-kinderwagen-als-krabbelmatte-oder-babyteppich-laengen-85-cm-farbe-natur-gold-gel\\\/#primaryimage\"},\"thumbnailUrl\":\"https:\\\/\\\/m.media-amazon.com\\\/images\\\/I\\\/41Vz0iWqbaL._SL500_.jpg\",\"datePublished\":\"2021-11-11T23:58:48+00:00\",\"dateModified\":\"2023-04-05T23:50:19+00:00\",\"description\":\"Markt-XXL Baby-Lammfell WERNER CHRIST BABY \u2013 kuscheliges, medizinisches Baby-Fell (deutsche Qualit\u00e4t), ideal f\u00fcr Kinderwagen, als\u2026\",\"breadcrumb\":{\"@id\":\"https:\\\/\\\/marktxxl.de\\\/markt\\\/produkt\\\/baby-lammfell-werner-christ-baby-kuscheliges-medizinisches-baby-fell-deutsche-qualitaet-ideal-fuer-kinderwagen-als-krabbelmatte-oder-babyteppich-laengen-85-cm-farbe-natur-gold-gel\\\/#breadcrumb\"},\"inLanguage\":\"de\",\"potentialAction\":[{\"@type\":\"ReadAction\",\"target\":[\"https:\\\/\\\/marktxxl.de\\\/markt\\\/produkt\\\/baby-lammfell-werner-christ-baby-kuscheliges-medizinisches-baby-fell-deutsche-qualitaet-ideal-fuer-kinderwagen-als-krabbelmatte-oder-babyteppich-laengen-85-cm-farbe-natur-gold-gel\\\/\"]}]},{\"@type\":\"ImageObject\",\"inLanguage\":\"de\",\"@id\":\"https:\\\/\\\/marktxxl.de\\\/markt\\\/produkt\\\/baby-lammfell-werner-christ-baby-kuscheliges-medizinisches-baby-fell-deutsche-qualitaet-ideal-fuer-kinderwagen-als-krabbelmatte-oder-babyteppich-laengen-85-cm-farbe-natur-gold-gel\\\/#primaryimage\",\"url\":\"https:\\\/\\\/m.media-amazon.com\\\/images\\\/I\\\/41Vz0iWqbaL._SL500_.jpg\",\"contentUrl\":\"https:\\\/\\\/m.media-amazon.com\\\/images\\\/I\\\/41Vz0iWqbaL._SL500_.jpg\",\"width\":500,\"height\":500},{\"@type\":\"BreadcrumbList\",\"@id\":\"https:\\\/\\\/marktxxl.de\\\/markt\\\/produkt\\\/baby-lammfell-werner-christ-baby-kuscheliges-medizinisches-baby-fell-deutsche-qualitaet-ideal-fuer-kinderwagen-als-krabbelmatte-oder-babyteppich-laengen-85-cm-farbe-natur-gold-gel\\\/#breadcrumb\",\"itemListElement\":[{\"@type\":\"ListItem\",\"position\":1,\"name\":\"Startseite\",\"item\":\"https:\\\/\\\/marktxxl.de\\\/markt\\\/\"},{\"@type\":\"ListItem\",\"position\":2,\"name\":\"Markt\",\"item\":\"https:\\\/\\\/marktxxl.de\\\/markt\\\/\"},{\"@type\":\"ListItem\",\"position\":3,\"name\":\"Baby-Lammfell WERNER CHRIST BABY \u2013 kuscheliges, medizinisches Baby-Fell (deutsche Qualit\u00e4t), ideal f\u00fcr Kinderwagen, als\u2026\"}]},{\"@type\":\"WebSite\",\"@id\":\"https:\\\/\\\/marktxxl.de\\\/markt\\\/#website\",\"url\":\"https:\\\/\\\/marktxxl.de\\\/markt\\\/\",\"name\":\"Markt-XXL\",\"description\":\"Ihr Markt Online\",\"publisher\":{\"@id\":\"https:\\\/\\\/marktxxl.de\\\/markt\\\/#organization\"},\"potentialAction\":[{\"@type\":\"SearchAction\",\"target\":{\"@type\":\"EntryPoint\",\"urlTemplate\":\"https:\\\/\\\/marktxxl.de\\\/markt\\\/?s={search_term_string}\"},\"query-input\":{\"@type\":\"PropertyValueSpecification\",\"valueRequired\":true,\"valueName\":\"search_term_string\"}}],\"inLanguage\":\"de\"},{\"@type\":\"Organization\",\"@id\":\"https:\\\/\\\/marktxxl.de\\\/markt\\\/#organization\",\"name\":\"Markt-XXL\",\"url\":\"https:\\\/\\\/marktxxl.de\\\/markt\\\/\",\"logo\":{\"@type\":\"ImageObject\",\"inLanguage\":\"de\",\"@id\":\"https:\\\/\\\/marktxxl.de\\\/markt\\\/#\\\/schema\\\/logo\\\/image\\\/\",\"url\":\"https:\\\/\\\/marktxxl.de\\\/markt\\\/wp-content\\\/uploads\\\/sites\\\/3\\\/2020\\\/12\\\/logo.png\",\"contentUrl\":\"https:\\\/\\\/marktxxl.de\\\/markt\\\/wp-content\\\/uploads\\\/sites\\\/3\\\/2020\\\/12\\\/logo.png\",\"width\":200,\"height\":70,\"caption\":\"Markt-XXL\"},\"image\":{\"@id\":\"https:\\\/\\\/marktxxl.de\\\/markt\\\/#\\\/schema\\\/logo\\\/image\\\/\"}}]}<\/script>\n<!-- \/ Yoast SEO plugin. -->","yoast_head_json":{"title":"Baby-Lammfell WERNER CHRIST BABY \u2013 kuscheliges, medizinisches Baby-Fell (deutsche Qualit\u00e4t), ideal f\u00fcr Kinderwagen, als\u2026 - Markt-XXL","description":"Markt-XXL Baby-Lammfell WERNER CHRIST BABY \u2013 kuscheliges, medizinisches Baby-Fell (deutsche Qualit\u00e4t), ideal f\u00fcr Kinderwagen, als\u2026","robots":{"index":"index","follow":"follow","max-snippet":"max-snippet:-1","max-image-preview":"max-image-preview:large","max-video-preview":"max-video-preview:-1"},"canonical":"https:\/\/marktxxl.de\/markt\/produkt\/baby-lammfell-werner-christ-baby-kuscheliges-medizinisches-baby-fell-deutsche-qualitaet-ideal-fuer-kinderwagen-als-krabbelmatte-oder-babyteppich-laengen-85-cm-farbe-natur-gold-gel\/","og_locale":"de_DE","og_type":"article","og_title":"Baby-Lammfell WERNER CHRIST BABY \u2013 kuscheliges, medizinisches Baby-Fell (deutsche Qualit\u00e4t), ideal f\u00fcr Kinderwagen, als\u2026 - Markt-XXL","og_description":"Markt-XXL Baby-Lammfell WERNER CHRIST BABY \u2013 kuscheliges, medizinisches Baby-Fell (deutsche Qualit\u00e4t), ideal f\u00fcr Kinderwagen, als\u2026","og_url":"https:\/\/marktxxl.de\/markt\/produkt\/baby-lammfell-werner-christ-baby-kuscheliges-medizinisches-baby-fell-deutsche-qualitaet-ideal-fuer-kinderwagen-als-krabbelmatte-oder-babyteppich-laengen-85-cm-farbe-natur-gold-gel\/","og_site_name":"Markt-XXL","article_modified_time":"2023-04-05T23:50:19+00:00","og_image":[{"width":500,"height":500,"url":"https:\/\/m.media-amazon.com\/images\/I\/41Vz0iWqbaL._SL500_.jpg","type":"image\/jpeg"}],"twitter_card":"summary_large_image","twitter_misc":{"Gesch\u00e4tzte Lesezeit":"1\u00a0Minute"},"schema":{"@context":"https:\/\/schema.org","@graph":[{"@type":"WebPage","@id":"https:\/\/marktxxl.de\/markt\/produkt\/baby-lammfell-werner-christ-baby-kuscheliges-medizinisches-baby-fell-deutsche-qualitaet-ideal-fuer-kinderwagen-als-krabbelmatte-oder-babyteppich-laengen-85-cm-farbe-natur-gold-gel\/","url":"https:\/\/marktxxl.de\/markt\/produkt\/baby-lammfell-werner-christ-baby-kuscheliges-medizinisches-baby-fell-deutsche-qualitaet-ideal-fuer-kinderwagen-als-krabbelmatte-oder-babyteppich-laengen-85-cm-farbe-natur-gold-gel\/","name":"Baby-Lammfell WERNER CHRIST BABY \u2013 kuscheliges, medizinisches Baby-Fell (deutsche Qualit\u00e4t), ideal f\u00fcr Kinderwagen, als\u2026 - Markt-XXL","isPartOf":{"@id":"https:\/\/marktxxl.de\/markt\/#website"},"primaryImageOfPage":{"@id":"https:\/\/marktxxl.de\/markt\/produkt\/baby-lammfell-werner-christ-baby-kuscheliges-medizinisches-baby-fell-deutsche-qualitaet-ideal-fuer-kinderwagen-als-krabbelmatte-oder-babyteppich-laengen-85-cm-farbe-natur-gold-gel\/#primaryimage"},"image":{"@id":"https:\/\/marktxxl.de\/markt\/produkt\/baby-lammfell-werner-christ-baby-kuscheliges-medizinisches-baby-fell-deutsche-qualitaet-ideal-fuer-kinderwagen-als-krabbelmatte-oder-babyteppich-laengen-85-cm-farbe-natur-gold-gel\/#primaryimage"},"thumbnailUrl":"https:\/\/m.media-amazon.com\/images\/I\/41Vz0iWqbaL._SL500_.jpg","datePublished":"2021-11-11T23:58:48+00:00","dateModified":"2023-04-05T23:50:19+00:00","description":"Markt-XXL Baby-Lammfell WERNER CHRIST BABY \u2013 kuscheliges, medizinisches Baby-Fell (deutsche Qualit\u00e4t), ideal f\u00fcr Kinderwagen, als\u2026","breadcrumb":{"@id":"https:\/\/marktxxl.de\/markt\/produkt\/baby-lammfell-werner-christ-baby-kuscheliges-medizinisches-baby-fell-deutsche-qualitaet-ideal-fuer-kinderwagen-als-krabbelmatte-oder-babyteppich-laengen-85-cm-farbe-natur-gold-gel\/#breadcrumb"},"inLanguage":"de","potentialAction":[{"@type":"ReadAction","target":["https:\/\/marktxxl.de\/markt\/produkt\/baby-lammfell-werner-christ-baby-kuscheliges-medizinisches-baby-fell-deutsche-qualitaet-ideal-fuer-kinderwagen-als-krabbelmatte-oder-babyteppich-laengen-85-cm-farbe-natur-gold-gel\/"]}]},{"@type":"ImageObject","inLanguage":"de","@id":"https:\/\/marktxxl.de\/markt\/produkt\/baby-lammfell-werner-christ-baby-kuscheliges-medizinisches-baby-fell-deutsche-qualitaet-ideal-fuer-kinderwagen-als-krabbelmatte-oder-babyteppich-laengen-85-cm-farbe-natur-gold-gel\/#primaryimage","url":"https:\/\/m.media-amazon.com\/images\/I\/41Vz0iWqbaL._SL500_.jpg","contentUrl":"https:\/\/m.media-amazon.com\/images\/I\/41Vz0iWqbaL._SL500_.jpg","width":500,"height":500},{"@type":"BreadcrumbList","@id":"https:\/\/marktxxl.de\/markt\/produkt\/baby-lammfell-werner-christ-baby-kuscheliges-medizinisches-baby-fell-deutsche-qualitaet-ideal-fuer-kinderwagen-als-krabbelmatte-oder-babyteppich-laengen-85-cm-farbe-natur-gold-gel\/#breadcrumb","itemListElement":[{"@type":"ListItem","position":1,"name":"Startseite","item":"https:\/\/marktxxl.de\/markt\/"},{"@type":"ListItem","position":2,"name":"Markt","item":"https:\/\/marktxxl.de\/markt\/"},{"@type":"ListItem","position":3,"name":"Baby-Lammfell WERNER CHRIST BABY \u2013 kuscheliges, medizinisches Baby-Fell (deutsche Qualit\u00e4t), ideal f\u00fcr Kinderwagen, als\u2026"}]},{"@type":"WebSite","@id":"https:\/\/marktxxl.de\/markt\/#website","url":"https:\/\/marktxxl.de\/markt\/","name":"Markt-XXL","description":"Ihr Markt Online","publisher":{"@id":"https:\/\/marktxxl.de\/markt\/#organization"},"potentialAction":[{"@type":"SearchAction","target":{"@type":"EntryPoint","urlTemplate":"https:\/\/marktxxl.de\/markt\/?s={search_term_string}"},"query-input":{"@type":"PropertyValueSpecification","valueRequired":true,"valueName":"search_term_string"}}],"inLanguage":"de"},{"@type":"Organization","@id":"https:\/\/marktxxl.de\/markt\/#organization","name":"Markt-XXL","url":"https:\/\/marktxxl.de\/markt\/","logo":{"@type":"ImageObject","inLanguage":"de","@id":"https:\/\/marktxxl.de\/markt\/#\/schema\/logo\/image\/","url":"https:\/\/marktxxl.de\/markt\/wp-content\/uploads\/sites\/3\/2020\/12\/logo.png","contentUrl":"https:\/\/marktxxl.de\/markt\/wp-content\/uploads\/sites\/3\/2020\/12\/logo.png","width":200,"height":70,"caption":"Markt-XXL"},"image":{"@id":"https:\/\/marktxxl.de\/markt\/#\/schema\/logo\/image\/"}}]}},"_links":{"self":[{"href":"https:\/\/marktxxl.de\/markt\/wp-json\/wp\/v2\/product\/65827","targetHints":{"allow":["GET"]}}],"collection":[{"href":"https:\/\/marktxxl.de\/markt\/wp-json\/wp\/v2\/product"}],"about":[{"href":"https:\/\/marktxxl.de\/markt\/wp-json\/wp\/v2\/types\/product"}],"replies":[{"embeddable":true,"href":"https:\/\/marktxxl.de\/markt\/wp-json\/wp\/v2\/comments?post=65827"}],"wp:featuredmedia":[{"embeddable":true,"href":"https:\/\/marktxxl.de\/markt\/wp-json\/wp\/v2\/media\/65828"}],"wp:attachment":[{"href":"https:\/\/marktxxl.de\/markt\/wp-json\/wp\/v2\/media?parent=65827"}],"wp:term":[{"taxonomy":"product_brand","embeddable":true,"href":"https:\/\/marktxxl.de\/markt\/wp-json\/wp\/v2\/product_brand?post=65827"},{"taxonomy":"product_cat","embeddable":true,"href":"https:\/\/marktxxl.de\/markt\/wp-json\/wp\/v2\/product_cat?post=65827"},{"taxonomy":"product_tag","embeddable":true,"href":"https:\/\/marktxxl.de\/markt\/wp-json\/wp\/v2\/product_tag?post=65827"}],"curies":[{"name":"wp","href":"https:\/\/api.w.org\/{rel}","templated":true}]}}