{"id":65820,"date":"2021-11-12T00:58:38","date_gmt":"2021-11-11T23:58:38","guid":{"rendered":"https:\/\/marktxxl.de\/markt\/produkt\/decke-kindergartenkind-2seiting-xxl-minky-100-x-135-cm-babydecke-kuscheldecke\/"},"modified":"2023-04-06T01:50:19","modified_gmt":"2023-04-05T23:50:19","slug":"decke-kindergartenkind-2seiting-xxl-minky-100-x-135-cm-babydecke-kuscheldecke","status":"publish","type":"product","link":"https:\/\/marktxxl.de\/markt\/produkt\/decke-kindergartenkind-2seiting-xxl-minky-100-x-135-cm-babydecke-kuscheldecke\/","title":{"rendered":"Decke Kindergartenkind 2seiting XXL Minky 100 x 135 cm Babydecke Kuscheldecke (Baumwolle \/ Cappuccino)"},"content":{"rendered":"<p>Unser Set besteht aus einer gro\u00dfen Decke und aus einem flaumigen Kissen. Er ist aus einer hochwertigen Stoff hergestellt. Unser Seit ist sehr zart und f\u00fchlt sich weich an. Unsere Decken sind mit einer weichen, flaumigen und antiallergischen Silikonvlies gef\u00fcllt.<br \/>\nSilikonvlies ist 150g schwer und ist besonders weich. Die Silikonvlies wurde so an die N\u00e4hten gefestigt und die Steppmuster an der Decke l\u00e4sst sie sich nicht w\u00e4hrend der Nutzung und Waschen nicht verschieben.<br \/>\nUnsere Decken haben bunte eingen\u00e4hten B\u00e4ndchen. Der Set ist beidseitig. Sowohl der Kissen als auch die Decke sind beidseitig- auf einer Seite gibt es weichen Stoff Minky, auf der anderen Seite gibt es Baumwolle in verschiedenen Varianten. Man kann den Set in der Waschmaschine waschen und b\u00fcgeln, aber nur auf Baumwolle seite.<br \/>\nGr\u00f6\u00dfen: -Decke 100 x 135 cm -Kissen 40x50cm Zusammensetzung: 100% Baumwolle, 100% Polyester, 100% Silikonvlies<br \/>\n<div class=\"main-cross-sell\" data-asin=\"B07QLRKTC4\">\n\n\t<div class=\"WooZone-cross-sell-loader\">\n\t\t<div>\n\t\t\t<div id=\"floatingBarsG\">\n\t\t\t\t<div class=\"blockG\" id=\"rotateG_01\"><\/div>\n\t\t\t\t<div class=\"blockG\" id=\"rotateG_02\"><\/div>\n\t\t\t\t<div class=\"blockG\" id=\"rotateG_03\"><\/div>\n\t\t\t\t<div class=\"blockG\" id=\"rotateG_04\"><\/div>\n\t\t\t\t<div class=\"blockG\" id=\"rotateG_05\"><\/div>\n\t\t\t\t<div class=\"blockG\" id=\"rotateG_06\"><\/div>\n\t\t\t\t<div class=\"blockG\" id=\"rotateG_07\"><\/div>\n\t\t\t\t<div class=\"blockG\" id=\"rotateG_08\"><\/div>\n\t\t\t<\/div>\n\t\t\t<div class=\"WooZone-cross-sell-loader-text\"><\/div>\n\t\t<\/div>\n\t<\/div>\n\n\t\t\n<\/div>\n<div style=\"clear:both;\"><\/div><\/p>\n","protected":false},"excerpt":{"rendered":"<p>Unser Set besteht aus einer gro\u00dfen Decke und aus einem flaumigen Kissen. Er ist aus einer hochwertigen Stoff hergestellt. Unser Seit ist sehr zart und f\u00fchlt sich weich an. Unsere Decken sind mit einer weichen, flaumigen und antiallergischen Silikonvlies gef\u00fcllt.<br \/>\nSilikonvlies ist 150g schwer und ist besonders weich. Die Silikonvlies wurde so an die N\u00e4hten gefestigt und die Steppmuster an der Decke l\u00e4sst sie sich nicht w\u00e4hrend der Nutzung und Waschen nicht verschieben.<br \/>\nUnsere Decken haben bunte eingen\u00e4hten B\u00e4ndchen. Der Set ist beidseitig. Sowohl der Kissen als auch die Decke sind beidseitig- auf einer Seite gibt es weichen Stoff Minky, auf der anderen Seite gibt es Baumwolle in verschiedenen Varianten. Man kann den Set in der Waschmaschine waschen und b\u00fcgeln, aber nur auf Baumwolle seite.<\/p>\n","protected":false},"featured_media":65821,"comment_status":"open","ping_status":"closed","template":"","meta":[],"product_brand":[],"product_cat":[21,9329],"product_tag":[],"class_list":{"0":"post-65820","1":"product","2":"type-product","3":"status-publish","4":"has-post-thumbnail","6":"product_cat-baby","7":"product_cat-kinderwagen-buggys-zubehoer-baby","8":"pa_brand-baby-plum","9":"pa_manufacturer-baby-plum","11":"first","12":"instock","13":"shipping-taxable","14":"purchasable","15":"product-type-simple","16":"customify-col","17":"product-has-gallery"},"yoast_head":"<!-- This site is optimized with the Yoast SEO plugin v27.3 - https:\/\/yoast.com\/product\/yoast-seo-wordpress\/ -->\n<title>Decke Kindergartenkind 2seiting XXL Minky 100 x 135 cm Babydecke Kuscheldecke (Baumwolle \/ Cappuccino) - Markt-XXL<\/title>\n<meta name=\"description\" content=\"Markt-XXL Decke Kindergartenkind 2seiting XXL Minky 100 x 135 cm Babydecke Kuscheldecke (Baumwolle \/ Cappuccino)\" \/>\n<meta name=\"robots\" content=\"index, follow, max-snippet:-1, max-image-preview:large, max-video-preview:-1\" \/>\n<link rel=\"canonical\" href=\"https:\/\/marktxxl.de\/markt\/produkt\/decke-kindergartenkind-2seiting-xxl-minky-100-x-135-cm-babydecke-kuscheldecke\/\" \/>\n<meta property=\"og:locale\" content=\"de_DE\" \/>\n<meta property=\"og:type\" content=\"article\" \/>\n<meta property=\"og:title\" content=\"Decke Kindergartenkind 2seiting XXL Minky 100 x 135 cm Babydecke Kuscheldecke (Baumwolle \/ Cappuccino) - Markt-XXL\" \/>\n<meta property=\"og:description\" content=\"Markt-XXL Decke Kindergartenkind 2seiting XXL Minky 100 x 135 cm Babydecke Kuscheldecke (Baumwolle \/ Cappuccino)\" \/>\n<meta property=\"og:url\" content=\"https:\/\/marktxxl.de\/markt\/produkt\/decke-kindergartenkind-2seiting-xxl-minky-100-x-135-cm-babydecke-kuscheldecke\/\" \/>\n<meta property=\"og:site_name\" content=\"Markt-XXL\" \/>\n<meta property=\"article:modified_time\" content=\"2023-04-05T23:50:19+00:00\" \/>\n<meta property=\"og:image\" content=\"https:\/\/m.media-amazon.com\/images\/I\/41hHPF79nsL._SL500_.jpg\" \/>\n\t<meta property=\"og:image:width\" content=\"500\" \/>\n\t<meta property=\"og:image:height\" content=\"396\" \/>\n\t<meta property=\"og:image:type\" content=\"image\/jpeg\" \/>\n<meta name=\"twitter:card\" content=\"summary_large_image\" \/>\n<meta name=\"twitter:label1\" content=\"Gesch\u00e4tzte Lesezeit\" \/>\n\t<meta name=\"twitter:data1\" content=\"1\u00a0Minute\" \/>\n<script type=\"application\/ld+json\" class=\"yoast-schema-graph\">{\"@context\":\"https:\\\/\\\/schema.org\",\"@graph\":[{\"@type\":\"WebPage\",\"@id\":\"https:\\\/\\\/marktxxl.de\\\/markt\\\/produkt\\\/decke-kindergartenkind-2seiting-xxl-minky-100-x-135-cm-babydecke-kuscheldecke\\\/\",\"url\":\"https:\\\/\\\/marktxxl.de\\\/markt\\\/produkt\\\/decke-kindergartenkind-2seiting-xxl-minky-100-x-135-cm-babydecke-kuscheldecke\\\/\",\"name\":\"Decke Kindergartenkind 2seiting XXL Minky 100 x 135 cm Babydecke Kuscheldecke (Baumwolle \\\/ Cappuccino) - Markt-XXL\",\"isPartOf\":{\"@id\":\"https:\\\/\\\/marktxxl.de\\\/markt\\\/#website\"},\"primaryImageOfPage\":{\"@id\":\"https:\\\/\\\/marktxxl.de\\\/markt\\\/produkt\\\/decke-kindergartenkind-2seiting-xxl-minky-100-x-135-cm-babydecke-kuscheldecke\\\/#primaryimage\"},\"image\":{\"@id\":\"https:\\\/\\\/marktxxl.de\\\/markt\\\/produkt\\\/decke-kindergartenkind-2seiting-xxl-minky-100-x-135-cm-babydecke-kuscheldecke\\\/#primaryimage\"},\"thumbnailUrl\":\"https:\\\/\\\/m.media-amazon.com\\\/images\\\/I\\\/41hHPF79nsL._SL500_.jpg\",\"datePublished\":\"2021-11-11T23:58:38+00:00\",\"dateModified\":\"2023-04-05T23:50:19+00:00\",\"description\":\"Markt-XXL Decke Kindergartenkind 2seiting XXL Minky 100 x 135 cm Babydecke Kuscheldecke (Baumwolle \\\/ Cappuccino)\",\"breadcrumb\":{\"@id\":\"https:\\\/\\\/marktxxl.de\\\/markt\\\/produkt\\\/decke-kindergartenkind-2seiting-xxl-minky-100-x-135-cm-babydecke-kuscheldecke\\\/#breadcrumb\"},\"inLanguage\":\"de\",\"potentialAction\":[{\"@type\":\"ReadAction\",\"target\":[\"https:\\\/\\\/marktxxl.de\\\/markt\\\/produkt\\\/decke-kindergartenkind-2seiting-xxl-minky-100-x-135-cm-babydecke-kuscheldecke\\\/\"]}]},{\"@type\":\"ImageObject\",\"inLanguage\":\"de\",\"@id\":\"https:\\\/\\\/marktxxl.de\\\/markt\\\/produkt\\\/decke-kindergartenkind-2seiting-xxl-minky-100-x-135-cm-babydecke-kuscheldecke\\\/#primaryimage\",\"url\":\"https:\\\/\\\/m.media-amazon.com\\\/images\\\/I\\\/41hHPF79nsL._SL500_.jpg\",\"contentUrl\":\"https:\\\/\\\/m.media-amazon.com\\\/images\\\/I\\\/41hHPF79nsL._SL500_.jpg\",\"width\":500,\"height\":396},{\"@type\":\"BreadcrumbList\",\"@id\":\"https:\\\/\\\/marktxxl.de\\\/markt\\\/produkt\\\/decke-kindergartenkind-2seiting-xxl-minky-100-x-135-cm-babydecke-kuscheldecke\\\/#breadcrumb\",\"itemListElement\":[{\"@type\":\"ListItem\",\"position\":1,\"name\":\"Startseite\",\"item\":\"https:\\\/\\\/marktxxl.de\\\/markt\\\/\"},{\"@type\":\"ListItem\",\"position\":2,\"name\":\"Markt\",\"item\":\"https:\\\/\\\/marktxxl.de\\\/markt\\\/\"},{\"@type\":\"ListItem\",\"position\":3,\"name\":\"Decke Kindergartenkind 2seiting XXL Minky 100 x 135 cm Babydecke Kuscheldecke (Baumwolle \\\/ Cappuccino)\"}]},{\"@type\":\"WebSite\",\"@id\":\"https:\\\/\\\/marktxxl.de\\\/markt\\\/#website\",\"url\":\"https:\\\/\\\/marktxxl.de\\\/markt\\\/\",\"name\":\"Markt-XXL\",\"description\":\"Ihr Markt Online\",\"publisher\":{\"@id\":\"https:\\\/\\\/marktxxl.de\\\/markt\\\/#organization\"},\"potentialAction\":[{\"@type\":\"SearchAction\",\"target\":{\"@type\":\"EntryPoint\",\"urlTemplate\":\"https:\\\/\\\/marktxxl.de\\\/markt\\\/?s={search_term_string}\"},\"query-input\":{\"@type\":\"PropertyValueSpecification\",\"valueRequired\":true,\"valueName\":\"search_term_string\"}}],\"inLanguage\":\"de\"},{\"@type\":\"Organization\",\"@id\":\"https:\\\/\\\/marktxxl.de\\\/markt\\\/#organization\",\"name\":\"Markt-XXL\",\"url\":\"https:\\\/\\\/marktxxl.de\\\/markt\\\/\",\"logo\":{\"@type\":\"ImageObject\",\"inLanguage\":\"de\",\"@id\":\"https:\\\/\\\/marktxxl.de\\\/markt\\\/#\\\/schema\\\/logo\\\/image\\\/\",\"url\":\"https:\\\/\\\/marktxxl.de\\\/markt\\\/wp-content\\\/uploads\\\/sites\\\/3\\\/2020\\\/12\\\/logo.png\",\"contentUrl\":\"https:\\\/\\\/marktxxl.de\\\/markt\\\/wp-content\\\/uploads\\\/sites\\\/3\\\/2020\\\/12\\\/logo.png\",\"width\":200,\"height\":70,\"caption\":\"Markt-XXL\"},\"image\":{\"@id\":\"https:\\\/\\\/marktxxl.de\\\/markt\\\/#\\\/schema\\\/logo\\\/image\\\/\"}}]}<\/script>\n<!-- \/ Yoast SEO plugin. -->","yoast_head_json":{"title":"Decke Kindergartenkind 2seiting XXL Minky 100 x 135 cm Babydecke Kuscheldecke (Baumwolle \/ Cappuccino) - Markt-XXL","description":"Markt-XXL Decke Kindergartenkind 2seiting XXL Minky 100 x 135 cm Babydecke Kuscheldecke (Baumwolle \/ Cappuccino)","robots":{"index":"index","follow":"follow","max-snippet":"max-snippet:-1","max-image-preview":"max-image-preview:large","max-video-preview":"max-video-preview:-1"},"canonical":"https:\/\/marktxxl.de\/markt\/produkt\/decke-kindergartenkind-2seiting-xxl-minky-100-x-135-cm-babydecke-kuscheldecke\/","og_locale":"de_DE","og_type":"article","og_title":"Decke Kindergartenkind 2seiting XXL Minky 100 x 135 cm Babydecke Kuscheldecke (Baumwolle \/ Cappuccino) - Markt-XXL","og_description":"Markt-XXL Decke Kindergartenkind 2seiting XXL Minky 100 x 135 cm Babydecke Kuscheldecke (Baumwolle \/ Cappuccino)","og_url":"https:\/\/marktxxl.de\/markt\/produkt\/decke-kindergartenkind-2seiting-xxl-minky-100-x-135-cm-babydecke-kuscheldecke\/","og_site_name":"Markt-XXL","article_modified_time":"2023-04-05T23:50:19+00:00","og_image":[{"width":500,"height":396,"url":"https:\/\/m.media-amazon.com\/images\/I\/41hHPF79nsL._SL500_.jpg","type":"image\/jpeg"}],"twitter_card":"summary_large_image","twitter_misc":{"Gesch\u00e4tzte Lesezeit":"1\u00a0Minute"},"schema":{"@context":"https:\/\/schema.org","@graph":[{"@type":"WebPage","@id":"https:\/\/marktxxl.de\/markt\/produkt\/decke-kindergartenkind-2seiting-xxl-minky-100-x-135-cm-babydecke-kuscheldecke\/","url":"https:\/\/marktxxl.de\/markt\/produkt\/decke-kindergartenkind-2seiting-xxl-minky-100-x-135-cm-babydecke-kuscheldecke\/","name":"Decke Kindergartenkind 2seiting XXL Minky 100 x 135 cm Babydecke Kuscheldecke (Baumwolle \/ Cappuccino) - Markt-XXL","isPartOf":{"@id":"https:\/\/marktxxl.de\/markt\/#website"},"primaryImageOfPage":{"@id":"https:\/\/marktxxl.de\/markt\/produkt\/decke-kindergartenkind-2seiting-xxl-minky-100-x-135-cm-babydecke-kuscheldecke\/#primaryimage"},"image":{"@id":"https:\/\/marktxxl.de\/markt\/produkt\/decke-kindergartenkind-2seiting-xxl-minky-100-x-135-cm-babydecke-kuscheldecke\/#primaryimage"},"thumbnailUrl":"https:\/\/m.media-amazon.com\/images\/I\/41hHPF79nsL._SL500_.jpg","datePublished":"2021-11-11T23:58:38+00:00","dateModified":"2023-04-05T23:50:19+00:00","description":"Markt-XXL Decke Kindergartenkind 2seiting XXL Minky 100 x 135 cm Babydecke Kuscheldecke (Baumwolle \/ Cappuccino)","breadcrumb":{"@id":"https:\/\/marktxxl.de\/markt\/produkt\/decke-kindergartenkind-2seiting-xxl-minky-100-x-135-cm-babydecke-kuscheldecke\/#breadcrumb"},"inLanguage":"de","potentialAction":[{"@type":"ReadAction","target":["https:\/\/marktxxl.de\/markt\/produkt\/decke-kindergartenkind-2seiting-xxl-minky-100-x-135-cm-babydecke-kuscheldecke\/"]}]},{"@type":"ImageObject","inLanguage":"de","@id":"https:\/\/marktxxl.de\/markt\/produkt\/decke-kindergartenkind-2seiting-xxl-minky-100-x-135-cm-babydecke-kuscheldecke\/#primaryimage","url":"https:\/\/m.media-amazon.com\/images\/I\/41hHPF79nsL._SL500_.jpg","contentUrl":"https:\/\/m.media-amazon.com\/images\/I\/41hHPF79nsL._SL500_.jpg","width":500,"height":396},{"@type":"BreadcrumbList","@id":"https:\/\/marktxxl.de\/markt\/produkt\/decke-kindergartenkind-2seiting-xxl-minky-100-x-135-cm-babydecke-kuscheldecke\/#breadcrumb","itemListElement":[{"@type":"ListItem","position":1,"name":"Startseite","item":"https:\/\/marktxxl.de\/markt\/"},{"@type":"ListItem","position":2,"name":"Markt","item":"https:\/\/marktxxl.de\/markt\/"},{"@type":"ListItem","position":3,"name":"Decke Kindergartenkind 2seiting XXL Minky 100 x 135 cm Babydecke Kuscheldecke (Baumwolle \/ Cappuccino)"}]},{"@type":"WebSite","@id":"https:\/\/marktxxl.de\/markt\/#website","url":"https:\/\/marktxxl.de\/markt\/","name":"Markt-XXL","description":"Ihr Markt Online","publisher":{"@id":"https:\/\/marktxxl.de\/markt\/#organization"},"potentialAction":[{"@type":"SearchAction","target":{"@type":"EntryPoint","urlTemplate":"https:\/\/marktxxl.de\/markt\/?s={search_term_string}"},"query-input":{"@type":"PropertyValueSpecification","valueRequired":true,"valueName":"search_term_string"}}],"inLanguage":"de"},{"@type":"Organization","@id":"https:\/\/marktxxl.de\/markt\/#organization","name":"Markt-XXL","url":"https:\/\/marktxxl.de\/markt\/","logo":{"@type":"ImageObject","inLanguage":"de","@id":"https:\/\/marktxxl.de\/markt\/#\/schema\/logo\/image\/","url":"https:\/\/marktxxl.de\/markt\/wp-content\/uploads\/sites\/3\/2020\/12\/logo.png","contentUrl":"https:\/\/marktxxl.de\/markt\/wp-content\/uploads\/sites\/3\/2020\/12\/logo.png","width":200,"height":70,"caption":"Markt-XXL"},"image":{"@id":"https:\/\/marktxxl.de\/markt\/#\/schema\/logo\/image\/"}}]}},"_links":{"self":[{"href":"https:\/\/marktxxl.de\/markt\/wp-json\/wp\/v2\/product\/65820","targetHints":{"allow":["GET"]}}],"collection":[{"href":"https:\/\/marktxxl.de\/markt\/wp-json\/wp\/v2\/product"}],"about":[{"href":"https:\/\/marktxxl.de\/markt\/wp-json\/wp\/v2\/types\/product"}],"replies":[{"embeddable":true,"href":"https:\/\/marktxxl.de\/markt\/wp-json\/wp\/v2\/comments?post=65820"}],"wp:featuredmedia":[{"embeddable":true,"href":"https:\/\/marktxxl.de\/markt\/wp-json\/wp\/v2\/media\/65821"}],"wp:attachment":[{"href":"https:\/\/marktxxl.de\/markt\/wp-json\/wp\/v2\/media?parent=65820"}],"wp:term":[{"taxonomy":"product_brand","embeddable":true,"href":"https:\/\/marktxxl.de\/markt\/wp-json\/wp\/v2\/product_brand?post=65820"},{"taxonomy":"product_cat","embeddable":true,"href":"https:\/\/marktxxl.de\/markt\/wp-json\/wp\/v2\/product_cat?post=65820"},{"taxonomy":"product_tag","embeddable":true,"href":"https:\/\/marktxxl.de\/markt\/wp-json\/wp\/v2\/product_tag?post=65820"}],"curies":[{"name":"wp","href":"https:\/\/api.w.org\/{rel}","templated":true}]}}