{"id":65712,"date":"2021-11-12T00:52:10","date_gmt":"2021-11-11T23:52:10","guid":{"rendered":"https:\/\/marktxxl.de\/markt\/produkt\/clevere-kids-mulltuecher-12er-pack-jungs-oder-maedchen-70x80-oeko-tex-made-in-eu\/"},"modified":"2023-04-06T01:50:15","modified_gmt":"2023-04-05T23:50:15","slug":"clevere-kids-mulltuecher-12er-pack-jungs-oder-maedchen-70x80-oeko-tex-made-in-eu","status":"publish","type":"product","link":"https:\/\/marktxxl.de\/markt\/produkt\/clevere-kids-mulltuecher-12er-pack-jungs-oder-maedchen-70x80-oeko-tex-made-in-eu\/","title":{"rendered":"Clevere Kids Mullt\u00fccher 12er Pack | Jungs oder M\u00e4dchen | 70&#215;80 | OEKO-TEX | made in EU (Set Jungs bedruckt)"},"content":{"rendered":"<p>Lieferumfang: 12 bedruckte Mullt\u00fccher wie abgebildet; Material 100 % Baumwolle; Gr\u00f6\u00dfe je 70 x 80 cm. Deutsches Design, hergestellt in der EU. Designt auf Grundlage des neuesten Trendreports.<br \/>\nSchadstoffgepr\u00fcft. Hergestellt und zertifiziert nach \u00d6kotex Standard 100 (IW00180IW)<br \/>\nWaschbar bis 60\u00b0, Trockner geeignet. Vor dem ersten Gebrauch waschen. Eine Besonderheit bei Mullwindeln liegt darin, dass sie sich beim Waschen zusammenziehen. Wir nennen das Verdichten. Das ist v\u00f6llig normal und liegt an der Webstruktur. Sie k\u00f6nnen sie ganz einfach wieder in Form ziehen. Am sch\u00f6nsten werden sie, wenn sie geb\u00fcgelt werden.<br \/>\nOder aber Sie verwenden die T\u00fccher im zusammengezogenen Zustand. Dann sind sie lang und schmal und sehr dick und dementsprechend saugf\u00e4hig. Perfekt, wenn Sie das Tuch als Spucktuch \u00fcber die Schulter legen.<br \/>\nHervorragendes Preis-Leistungsverh\u00e4ltnis bei verl\u00e4sslicher Qualit\u00e4t &#8211; das sehen auch Tausende unserer Kunden so.<br \/>\n<div class=\"main-cross-sell\" data-asin=\"B07BL6FKNM\">\n\n\t<div class=\"WooZone-cross-sell-loader\">\n\t\t<div>\n\t\t\t<div id=\"floatingBarsG\">\n\t\t\t\t<div class=\"blockG\" id=\"rotateG_01\"><\/div>\n\t\t\t\t<div class=\"blockG\" id=\"rotateG_02\"><\/div>\n\t\t\t\t<div class=\"blockG\" id=\"rotateG_03\"><\/div>\n\t\t\t\t<div class=\"blockG\" id=\"rotateG_04\"><\/div>\n\t\t\t\t<div class=\"blockG\" id=\"rotateG_05\"><\/div>\n\t\t\t\t<div class=\"blockG\" id=\"rotateG_06\"><\/div>\n\t\t\t\t<div class=\"blockG\" id=\"rotateG_07\"><\/div>\n\t\t\t\t<div class=\"blockG\" id=\"rotateG_08\"><\/div>\n\t\t\t<\/div>\n\t\t\t<div class=\"WooZone-cross-sell-loader-text\"><\/div>\n\t\t<\/div>\n\t<\/div>\n\n\t\t\n<\/div>\n<div style=\"clear:both;\"><\/div><\/p>\n","protected":false},"excerpt":{"rendered":"<p>Lieferumfang: 12 bedruckte Mullt\u00fccher wie abgebildet; Material 100 % Baumwolle; Gr\u00f6\u00dfe je 70 x 80 cm. Deutsches Design, hergestellt in der EU. Designt auf Grundlage des neuesten Trendreports.<br \/>\nSchadstoffgepr\u00fcft. Hergestellt und zertifiziert nach \u00d6kotex Standard 100 (IW00180IW)<br \/>\nWaschbar bis 60\u00b0, Trockner geeignet. Vor dem ersten Gebrauch waschen. Eine Besonderheit bei Mullwindeln liegt darin, dass sie sich beim Waschen zusammenziehen. Wir nennen das Verdichten. Das ist v\u00f6llig normal und liegt an der Webstruktur. Sie k\u00f6nnen sie ganz einfach wieder in Form ziehen. Am sch\u00f6nsten werden sie, wenn sie geb\u00fcgelt werden.<\/p>\n","protected":false},"featured_media":65713,"comment_status":"open","ping_status":"closed","template":"","meta":[],"product_brand":[],"product_cat":[21,9216],"product_tag":[],"class_list":{"0":"post-65712","1":"product","2":"type-product","3":"status-publish","4":"has-post-thumbnail","6":"product_cat-baby","7":"product_cat-ernaehrung-stillen-baby","8":"pa_brand-clevere-kids-baby-collection","9":"pa_manufacturer-clevere-kids","11":"first","12":"instock","13":"shipping-taxable","14":"purchasable","15":"product-type-simple","16":"customify-col","17":"product-has-gallery"},"yoast_head":"<!-- This site is optimized with the Yoast SEO plugin v27.4 - https:\/\/yoast.com\/product\/yoast-seo-wordpress\/ -->\n<title>Clevere Kids Mullt\u00fccher 12er Pack | Jungs oder M\u00e4dchen | 70x80 | OEKO-TEX | made in EU (Set Jungs bedruckt) - Markt-XXL<\/title>\n<meta name=\"description\" content=\"Markt-XXL Clevere Kids Mullt\u00fccher 12er Pack | Jungs oder M\u00e4dchen | 70x80 | OEKO-TEX | made in EU (Set Jungs bedruckt)\" \/>\n<meta name=\"robots\" content=\"index, follow, max-snippet:-1, max-image-preview:large, max-video-preview:-1\" \/>\n<link rel=\"canonical\" href=\"https:\/\/marktxxl.de\/markt\/produkt\/clevere-kids-mulltuecher-12er-pack-jungs-oder-maedchen-70x80-oeko-tex-made-in-eu\/\" \/>\n<meta property=\"og:locale\" content=\"de_DE\" \/>\n<meta property=\"og:type\" content=\"article\" \/>\n<meta property=\"og:title\" content=\"Clevere Kids Mullt\u00fccher 12er Pack | Jungs oder M\u00e4dchen | 70x80 | OEKO-TEX | made in EU (Set Jungs bedruckt) - Markt-XXL\" \/>\n<meta property=\"og:description\" content=\"Markt-XXL Clevere Kids Mullt\u00fccher 12er Pack | Jungs oder M\u00e4dchen | 70x80 | OEKO-TEX | made in EU (Set Jungs bedruckt)\" \/>\n<meta property=\"og:url\" content=\"https:\/\/marktxxl.de\/markt\/produkt\/clevere-kids-mulltuecher-12er-pack-jungs-oder-maedchen-70x80-oeko-tex-made-in-eu\/\" \/>\n<meta property=\"og:site_name\" content=\"Markt-XXL\" \/>\n<meta property=\"article:modified_time\" content=\"2023-04-05T23:50:15+00:00\" \/>\n<meta property=\"og:image\" content=\"https:\/\/m.media-amazon.com\/images\/I\/51kzCxJpS3L._SL500_.jpg\" \/>\n\t<meta property=\"og:image:width\" content=\"438\" \/>\n\t<meta property=\"og:image:height\" content=\"500\" \/>\n\t<meta property=\"og:image:type\" content=\"image\/jpeg\" \/>\n<meta name=\"twitter:card\" content=\"summary_large_image\" \/>\n<meta name=\"twitter:label1\" content=\"Gesch\u00e4tzte Lesezeit\" \/>\n\t<meta name=\"twitter:data1\" content=\"1\u00a0Minute\" \/>\n<script type=\"application\/ld+json\" class=\"yoast-schema-graph\">{\"@context\":\"https:\\\/\\\/schema.org\",\"@graph\":[{\"@type\":\"WebPage\",\"@id\":\"https:\\\/\\\/marktxxl.de\\\/markt\\\/produkt\\\/clevere-kids-mulltuecher-12er-pack-jungs-oder-maedchen-70x80-oeko-tex-made-in-eu\\\/\",\"url\":\"https:\\\/\\\/marktxxl.de\\\/markt\\\/produkt\\\/clevere-kids-mulltuecher-12er-pack-jungs-oder-maedchen-70x80-oeko-tex-made-in-eu\\\/\",\"name\":\"Clevere Kids Mullt\u00fccher 12er Pack | Jungs oder M\u00e4dchen | 70x80 | OEKO-TEX | made in EU (Set Jungs bedruckt) - Markt-XXL\",\"isPartOf\":{\"@id\":\"https:\\\/\\\/marktxxl.de\\\/markt\\\/#website\"},\"primaryImageOfPage\":{\"@id\":\"https:\\\/\\\/marktxxl.de\\\/markt\\\/produkt\\\/clevere-kids-mulltuecher-12er-pack-jungs-oder-maedchen-70x80-oeko-tex-made-in-eu\\\/#primaryimage\"},\"image\":{\"@id\":\"https:\\\/\\\/marktxxl.de\\\/markt\\\/produkt\\\/clevere-kids-mulltuecher-12er-pack-jungs-oder-maedchen-70x80-oeko-tex-made-in-eu\\\/#primaryimage\"},\"thumbnailUrl\":\"https:\\\/\\\/m.media-amazon.com\\\/images\\\/I\\\/51kzCxJpS3L._SL500_.jpg\",\"datePublished\":\"2021-11-11T23:52:10+00:00\",\"dateModified\":\"2023-04-05T23:50:15+00:00\",\"description\":\"Markt-XXL Clevere Kids Mullt\u00fccher 12er Pack | Jungs oder M\u00e4dchen | 70x80 | OEKO-TEX | made in EU (Set Jungs bedruckt)\",\"breadcrumb\":{\"@id\":\"https:\\\/\\\/marktxxl.de\\\/markt\\\/produkt\\\/clevere-kids-mulltuecher-12er-pack-jungs-oder-maedchen-70x80-oeko-tex-made-in-eu\\\/#breadcrumb\"},\"inLanguage\":\"de\",\"potentialAction\":[{\"@type\":\"ReadAction\",\"target\":[\"https:\\\/\\\/marktxxl.de\\\/markt\\\/produkt\\\/clevere-kids-mulltuecher-12er-pack-jungs-oder-maedchen-70x80-oeko-tex-made-in-eu\\\/\"]}]},{\"@type\":\"ImageObject\",\"inLanguage\":\"de\",\"@id\":\"https:\\\/\\\/marktxxl.de\\\/markt\\\/produkt\\\/clevere-kids-mulltuecher-12er-pack-jungs-oder-maedchen-70x80-oeko-tex-made-in-eu\\\/#primaryimage\",\"url\":\"https:\\\/\\\/m.media-amazon.com\\\/images\\\/I\\\/51kzCxJpS3L._SL500_.jpg\",\"contentUrl\":\"https:\\\/\\\/m.media-amazon.com\\\/images\\\/I\\\/51kzCxJpS3L._SL500_.jpg\",\"width\":438,\"height\":500},{\"@type\":\"BreadcrumbList\",\"@id\":\"https:\\\/\\\/marktxxl.de\\\/markt\\\/produkt\\\/clevere-kids-mulltuecher-12er-pack-jungs-oder-maedchen-70x80-oeko-tex-made-in-eu\\\/#breadcrumb\",\"itemListElement\":[{\"@type\":\"ListItem\",\"position\":1,\"name\":\"Startseite\",\"item\":\"https:\\\/\\\/marktxxl.de\\\/markt\\\/\"},{\"@type\":\"ListItem\",\"position\":2,\"name\":\"Markt\",\"item\":\"https:\\\/\\\/marktxxl.de\\\/markt\\\/\"},{\"@type\":\"ListItem\",\"position\":3,\"name\":\"Clevere Kids Mullt\u00fccher 12er Pack | Jungs oder M\u00e4dchen | 70&#215;80 | OEKO-TEX | made in EU (Set Jungs bedruckt)\"}]},{\"@type\":\"WebSite\",\"@id\":\"https:\\\/\\\/marktxxl.de\\\/markt\\\/#website\",\"url\":\"https:\\\/\\\/marktxxl.de\\\/markt\\\/\",\"name\":\"Markt-XXL\",\"description\":\"Ihr Markt Online\",\"publisher\":{\"@id\":\"https:\\\/\\\/marktxxl.de\\\/markt\\\/#organization\"},\"potentialAction\":[{\"@type\":\"SearchAction\",\"target\":{\"@type\":\"EntryPoint\",\"urlTemplate\":\"https:\\\/\\\/marktxxl.de\\\/markt\\\/?s={search_term_string}\"},\"query-input\":{\"@type\":\"PropertyValueSpecification\",\"valueRequired\":true,\"valueName\":\"search_term_string\"}}],\"inLanguage\":\"de\"},{\"@type\":\"Organization\",\"@id\":\"https:\\\/\\\/marktxxl.de\\\/markt\\\/#organization\",\"name\":\"Markt-XXL\",\"url\":\"https:\\\/\\\/marktxxl.de\\\/markt\\\/\",\"logo\":{\"@type\":\"ImageObject\",\"inLanguage\":\"de\",\"@id\":\"https:\\\/\\\/marktxxl.de\\\/markt\\\/#\\\/schema\\\/logo\\\/image\\\/\",\"url\":\"https:\\\/\\\/marktxxl.de\\\/markt\\\/wp-content\\\/uploads\\\/sites\\\/3\\\/2020\\\/12\\\/logo.png\",\"contentUrl\":\"https:\\\/\\\/marktxxl.de\\\/markt\\\/wp-content\\\/uploads\\\/sites\\\/3\\\/2020\\\/12\\\/logo.png\",\"width\":200,\"height\":70,\"caption\":\"Markt-XXL\"},\"image\":{\"@id\":\"https:\\\/\\\/marktxxl.de\\\/markt\\\/#\\\/schema\\\/logo\\\/image\\\/\"}}]}<\/script>\n<!-- \/ Yoast SEO plugin. -->","yoast_head_json":{"title":"Clevere Kids Mullt\u00fccher 12er Pack | Jungs oder M\u00e4dchen | 70x80 | OEKO-TEX | made in EU (Set Jungs bedruckt) - Markt-XXL","description":"Markt-XXL Clevere Kids Mullt\u00fccher 12er Pack | Jungs oder M\u00e4dchen | 70x80 | OEKO-TEX | made in EU (Set Jungs bedruckt)","robots":{"index":"index","follow":"follow","max-snippet":"max-snippet:-1","max-image-preview":"max-image-preview:large","max-video-preview":"max-video-preview:-1"},"canonical":"https:\/\/marktxxl.de\/markt\/produkt\/clevere-kids-mulltuecher-12er-pack-jungs-oder-maedchen-70x80-oeko-tex-made-in-eu\/","og_locale":"de_DE","og_type":"article","og_title":"Clevere Kids Mullt\u00fccher 12er Pack | Jungs oder M\u00e4dchen | 70x80 | OEKO-TEX | made in EU (Set Jungs bedruckt) - Markt-XXL","og_description":"Markt-XXL Clevere Kids Mullt\u00fccher 12er Pack | Jungs oder M\u00e4dchen | 70x80 | OEKO-TEX | made in EU (Set Jungs bedruckt)","og_url":"https:\/\/marktxxl.de\/markt\/produkt\/clevere-kids-mulltuecher-12er-pack-jungs-oder-maedchen-70x80-oeko-tex-made-in-eu\/","og_site_name":"Markt-XXL","article_modified_time":"2023-04-05T23:50:15+00:00","og_image":[{"width":438,"height":500,"url":"https:\/\/m.media-amazon.com\/images\/I\/51kzCxJpS3L._SL500_.jpg","type":"image\/jpeg"}],"twitter_card":"summary_large_image","twitter_misc":{"Gesch\u00e4tzte Lesezeit":"1\u00a0Minute"},"schema":{"@context":"https:\/\/schema.org","@graph":[{"@type":"WebPage","@id":"https:\/\/marktxxl.de\/markt\/produkt\/clevere-kids-mulltuecher-12er-pack-jungs-oder-maedchen-70x80-oeko-tex-made-in-eu\/","url":"https:\/\/marktxxl.de\/markt\/produkt\/clevere-kids-mulltuecher-12er-pack-jungs-oder-maedchen-70x80-oeko-tex-made-in-eu\/","name":"Clevere Kids Mullt\u00fccher 12er Pack | Jungs oder M\u00e4dchen | 70x80 | OEKO-TEX | made in EU (Set Jungs bedruckt) - Markt-XXL","isPartOf":{"@id":"https:\/\/marktxxl.de\/markt\/#website"},"primaryImageOfPage":{"@id":"https:\/\/marktxxl.de\/markt\/produkt\/clevere-kids-mulltuecher-12er-pack-jungs-oder-maedchen-70x80-oeko-tex-made-in-eu\/#primaryimage"},"image":{"@id":"https:\/\/marktxxl.de\/markt\/produkt\/clevere-kids-mulltuecher-12er-pack-jungs-oder-maedchen-70x80-oeko-tex-made-in-eu\/#primaryimage"},"thumbnailUrl":"https:\/\/m.media-amazon.com\/images\/I\/51kzCxJpS3L._SL500_.jpg","datePublished":"2021-11-11T23:52:10+00:00","dateModified":"2023-04-05T23:50:15+00:00","description":"Markt-XXL Clevere Kids Mullt\u00fccher 12er Pack | Jungs oder M\u00e4dchen | 70x80 | OEKO-TEX | made in EU (Set Jungs bedruckt)","breadcrumb":{"@id":"https:\/\/marktxxl.de\/markt\/produkt\/clevere-kids-mulltuecher-12er-pack-jungs-oder-maedchen-70x80-oeko-tex-made-in-eu\/#breadcrumb"},"inLanguage":"de","potentialAction":[{"@type":"ReadAction","target":["https:\/\/marktxxl.de\/markt\/produkt\/clevere-kids-mulltuecher-12er-pack-jungs-oder-maedchen-70x80-oeko-tex-made-in-eu\/"]}]},{"@type":"ImageObject","inLanguage":"de","@id":"https:\/\/marktxxl.de\/markt\/produkt\/clevere-kids-mulltuecher-12er-pack-jungs-oder-maedchen-70x80-oeko-tex-made-in-eu\/#primaryimage","url":"https:\/\/m.media-amazon.com\/images\/I\/51kzCxJpS3L._SL500_.jpg","contentUrl":"https:\/\/m.media-amazon.com\/images\/I\/51kzCxJpS3L._SL500_.jpg","width":438,"height":500},{"@type":"BreadcrumbList","@id":"https:\/\/marktxxl.de\/markt\/produkt\/clevere-kids-mulltuecher-12er-pack-jungs-oder-maedchen-70x80-oeko-tex-made-in-eu\/#breadcrumb","itemListElement":[{"@type":"ListItem","position":1,"name":"Startseite","item":"https:\/\/marktxxl.de\/markt\/"},{"@type":"ListItem","position":2,"name":"Markt","item":"https:\/\/marktxxl.de\/markt\/"},{"@type":"ListItem","position":3,"name":"Clevere Kids Mullt\u00fccher 12er Pack | Jungs oder M\u00e4dchen | 70&#215;80 | OEKO-TEX | made in EU (Set Jungs bedruckt)"}]},{"@type":"WebSite","@id":"https:\/\/marktxxl.de\/markt\/#website","url":"https:\/\/marktxxl.de\/markt\/","name":"Markt-XXL","description":"Ihr Markt Online","publisher":{"@id":"https:\/\/marktxxl.de\/markt\/#organization"},"potentialAction":[{"@type":"SearchAction","target":{"@type":"EntryPoint","urlTemplate":"https:\/\/marktxxl.de\/markt\/?s={search_term_string}"},"query-input":{"@type":"PropertyValueSpecification","valueRequired":true,"valueName":"search_term_string"}}],"inLanguage":"de"},{"@type":"Organization","@id":"https:\/\/marktxxl.de\/markt\/#organization","name":"Markt-XXL","url":"https:\/\/marktxxl.de\/markt\/","logo":{"@type":"ImageObject","inLanguage":"de","@id":"https:\/\/marktxxl.de\/markt\/#\/schema\/logo\/image\/","url":"https:\/\/marktxxl.de\/markt\/wp-content\/uploads\/sites\/3\/2020\/12\/logo.png","contentUrl":"https:\/\/marktxxl.de\/markt\/wp-content\/uploads\/sites\/3\/2020\/12\/logo.png","width":200,"height":70,"caption":"Markt-XXL"},"image":{"@id":"https:\/\/marktxxl.de\/markt\/#\/schema\/logo\/image\/"}}]}},"_links":{"self":[{"href":"https:\/\/marktxxl.de\/markt\/wp-json\/wp\/v2\/product\/65712","targetHints":{"allow":["GET"]}}],"collection":[{"href":"https:\/\/marktxxl.de\/markt\/wp-json\/wp\/v2\/product"}],"about":[{"href":"https:\/\/marktxxl.de\/markt\/wp-json\/wp\/v2\/types\/product"}],"replies":[{"embeddable":true,"href":"https:\/\/marktxxl.de\/markt\/wp-json\/wp\/v2\/comments?post=65712"}],"wp:featuredmedia":[{"embeddable":true,"href":"https:\/\/marktxxl.de\/markt\/wp-json\/wp\/v2\/media\/65713"}],"wp:attachment":[{"href":"https:\/\/marktxxl.de\/markt\/wp-json\/wp\/v2\/media?parent=65712"}],"wp:term":[{"taxonomy":"product_brand","embeddable":true,"href":"https:\/\/marktxxl.de\/markt\/wp-json\/wp\/v2\/product_brand?post=65712"},{"taxonomy":"product_cat","embeddable":true,"href":"https:\/\/marktxxl.de\/markt\/wp-json\/wp\/v2\/product_cat?post=65712"},{"taxonomy":"product_tag","embeddable":true,"href":"https:\/\/marktxxl.de\/markt\/wp-json\/wp\/v2\/product_tag?post=65712"}],"curies":[{"name":"wp","href":"https:\/\/api.w.org\/{rel}","templated":true}]}}