{"id":65589,"date":"2021-11-12T00:49:52","date_gmt":"2021-11-11T23:49:52","guid":{"rendered":"https:\/\/marktxxl.de\/markt\/produkt\/bubbaboo-bambusplatte-und-loeffel-set-baby-saugplatte-panda-design\/"},"modified":"2023-04-06T01:50:12","modified_gmt":"2023-04-05T23:50:12","slug":"bubbaboo-bambusplatte-und-loeffel-set-baby-saugplatte-panda-design","status":"publish","type":"product","link":"https:\/\/marktxxl.de\/markt\/produkt\/bubbaboo-bambusplatte-und-loeffel-set-baby-saugplatte-panda-design\/","title":{"rendered":"Bubbaboo Bambusplatte und L\u00f6ffel Set Baby-Saugplatte Panda Design (Blau)"},"content":{"rendered":"<p>100% nat\u00fcrlicher Bambus! Obwohl Pandas f\u00fcr ihre Faulheit bekannt sind, wird Ihr Kleiner mit diesem niedlichen Bamboo Panda Teller beim Abendessen nicht einschlafen. Ihre kleinen Welpen werden spielerisch mit unserem Panda interagieren und ihn schnell mit den Mahlzeiten in Verbindung bringen. Die Entw\u00f6hnung des Babys wird Ihnen leicht gemacht, da die R\u00e4nder Ihren Kleinen zus\u00e4tzliche Hebelwirkung f\u00fcr ihre kleinen Pf\u00f6tchen bieten.<br \/>\nLeistungsstarker Saugfu\u00df! Wenn sich dieser kleine Panda erst einmal irgendwo niedergelassen hat, ist es sehr schwierig, ihn zu bewegen! Mit einem leistungsstarken Saugfu\u00df, brauchen Sie weniger Zeit mit dem Aufr\u00e4umen hinter Ihren Kindern! Nie mehr wird Ihre K\u00fcche die H\u00f6hle eines Pandas nachbilden! Der extra starke Saugfu\u00df haftet wie Kleber an einem Hochstuhltablett\/Tisch, um Versch\u00fcttungen zu verhindern. Wenn Ihr Kind nicht mehr den Teller herumschleudert kann der Saugfu\u00df entfernt werden.<br \/>\nChemikalienfrei! Wir haben sichergestellt, dass unser Panda 100% frei von Chemikalien ist! Sch\u00fctzen Sie Ihr Baby, wie ein Panda seine Jungen sch\u00fctzt. Hergestellt aus 100% nat\u00fcrlichen Materialien, antimikrobiell &amp; antibakteriell. Frei von BPA, Phthalaten und anderen &#8220;Sch\u00e4dlingen&#8221;, von denen Sie sicher sind, dass Sie nicht wollen, dass Ihre kleinen Welpen sie haben! Lebensmittelsicher, zertifiziert und ethisch einwandfrei hergestellt.<br \/>\nPerfekt f\u00fcr die Entw\u00f6hnung von Babys! Dieses Entw\u00f6hnungsset aus Bambus w\u00e4chst mit Ihrem Bubba mit, w\u00e4hrend sie vom S\u00e4ugling zum Kleinkind \u00fcbergehen. Unser Panda ist in sechs verspielten Farben erh\u00e4ltlich. W\u00e4hlen Sie die Lieblingsfarben Ihres Kindes und beobachten Sie, wie es sich auf ganz neue Art und Weise auf die Mahlzeiten einl\u00e4sst!<br \/>\nAbmessungen: B 24cm H 19cm, Ansaugdurchmesser 15cm<br \/>\n<div class=\"main-cross-sell\" data-asin=\"B08NCGGQRZ\">\n\n\t<div class=\"WooZone-cross-sell-loader\">\n\t\t<div>\n\t\t\t<div id=\"floatingBarsG\">\n\t\t\t\t<div class=\"blockG\" id=\"rotateG_01\"><\/div>\n\t\t\t\t<div class=\"blockG\" id=\"rotateG_02\"><\/div>\n\t\t\t\t<div class=\"blockG\" id=\"rotateG_03\"><\/div>\n\t\t\t\t<div class=\"blockG\" id=\"rotateG_04\"><\/div>\n\t\t\t\t<div class=\"blockG\" id=\"rotateG_05\"><\/div>\n\t\t\t\t<div class=\"blockG\" id=\"rotateG_06\"><\/div>\n\t\t\t\t<div class=\"blockG\" id=\"rotateG_07\"><\/div>\n\t\t\t\t<div class=\"blockG\" id=\"rotateG_08\"><\/div>\n\t\t\t<\/div>\n\t\t\t<div class=\"WooZone-cross-sell-loader-text\"><\/div>\n\t\t<\/div>\n\t<\/div>\n\n\t\t\n<\/div>\n<div style=\"clear:both;\"><\/div><\/p>\n","protected":false},"excerpt":{"rendered":"<p>100% nat\u00fcrlicher Bambus! Obwohl Pandas f\u00fcr ihre Faulheit bekannt sind, wird Ihr Kleiner mit diesem niedlichen Bamboo Panda Teller beim Abendessen nicht einschlafen. Ihre kleinen Welpen werden spielerisch mit unserem Panda interagieren und ihn schnell mit den Mahlzeiten in Verbindung bringen. Die Entw\u00f6hnung des Babys wird Ihnen leicht gemacht, da die R\u00e4nder Ihren Kleinen zus\u00e4tzliche Hebelwirkung f\u00fcr ihre kleinen Pf\u00f6tchen bieten.<br \/>\nLeistungsstarker Saugfu\u00df! Wenn sich dieser kleine Panda erst einmal irgendwo niedergelassen hat, ist es sehr schwierig, ihn zu bewegen! Mit einem leistungsstarken Saugfu\u00df, brauchen Sie weniger Zeit mit dem Aufr\u00e4umen hinter Ihren Kindern! Nie mehr wird Ihre K\u00fcche die H\u00f6hle eines Pandas nachbilden! Der extra starke Saugfu\u00df haftet wie Kleber an einem Hochstuhltablett\/Tisch, um Versch\u00fcttungen zu verhindern. Wenn Ihr Kind nicht mehr den Teller herumschleudert kann der Saugfu\u00df entfernt werden.<br \/>\nChemikalienfrei! Wir haben sichergestellt, dass unser Panda 100% frei von Chemikalien ist! Sch\u00fctzen Sie Ihr Baby, wie ein Panda seine Jungen sch\u00fctzt. Hergestellt aus 100% nat\u00fcrlichen Materialien, antimikrobiell &amp; antibakteriell. Frei von BPA, Phthalaten und anderen &#8220;Sch\u00e4dlingen&#8221;, von denen Sie sicher sind, dass Sie nicht wollen, dass Ihre kleinen Welpen sie haben! Lebensmittelsicher, zertifiziert und ethisch einwandfrei hergestellt.<\/p>\n","protected":false},"featured_media":65590,"comment_status":"open","ping_status":"closed","template":"","meta":[],"product_brand":[],"product_cat":[21,9216],"product_tag":[],"class_list":{"0":"post-65589","1":"product","2":"type-product","3":"status-publish","4":"has-post-thumbnail","6":"product_cat-baby","7":"product_cat-ernaehrung-stillen-baby","8":"pa_binding-babyartikel","9":"pa_brand-bubbaboo","10":"pa_manufacturer-bubbaboo","12":"first","13":"instock","14":"shipping-taxable","15":"purchasable","16":"product-type-simple","17":"customify-col","18":"product-has-gallery"},"yoast_head":"<!-- This site is optimized with the Yoast SEO plugin v27.4 - https:\/\/yoast.com\/product\/yoast-seo-wordpress\/ -->\n<title>Bubbaboo Bambusplatte und L\u00f6ffel Set Baby-Saugplatte Panda Design (Blau) - Markt-XXL<\/title>\n<meta name=\"description\" content=\"Markt-XXL Bubbaboo Bambusplatte und L\u00f6ffel Set Baby-Saugplatte Panda Design (Blau)\" \/>\n<meta name=\"robots\" content=\"index, follow, max-snippet:-1, max-image-preview:large, max-video-preview:-1\" \/>\n<link rel=\"canonical\" href=\"https:\/\/marktxxl.de\/markt\/produkt\/bubbaboo-bambusplatte-und-loeffel-set-baby-saugplatte-panda-design\/\" \/>\n<meta property=\"og:locale\" content=\"de_DE\" \/>\n<meta property=\"og:type\" content=\"article\" \/>\n<meta property=\"og:title\" content=\"Bubbaboo Bambusplatte und L\u00f6ffel Set Baby-Saugplatte Panda Design (Blau) - Markt-XXL\" \/>\n<meta property=\"og:description\" content=\"Markt-XXL Bubbaboo Bambusplatte und L\u00f6ffel Set Baby-Saugplatte Panda Design (Blau)\" \/>\n<meta property=\"og:url\" content=\"https:\/\/marktxxl.de\/markt\/produkt\/bubbaboo-bambusplatte-und-loeffel-set-baby-saugplatte-panda-design\/\" \/>\n<meta property=\"og:site_name\" content=\"Markt-XXL\" \/>\n<meta property=\"article:modified_time\" content=\"2023-04-05T23:50:12+00:00\" \/>\n<meta property=\"og:image\" content=\"https:\/\/m.media-amazon.com\/images\/I\/41tVGSz5CVL._SL500_.jpg\" \/>\n\t<meta property=\"og:image:width\" content=\"500\" \/>\n\t<meta property=\"og:image:height\" content=\"500\" \/>\n\t<meta property=\"og:image:type\" content=\"image\/jpeg\" \/>\n<meta name=\"twitter:card\" content=\"summary_large_image\" \/>\n<meta name=\"twitter:label1\" content=\"Gesch\u00e4tzte Lesezeit\" \/>\n\t<meta name=\"twitter:data1\" content=\"1\u00a0Minute\" \/>\n<script type=\"application\/ld+json\" class=\"yoast-schema-graph\">{\"@context\":\"https:\\\/\\\/schema.org\",\"@graph\":[{\"@type\":\"WebPage\",\"@id\":\"https:\\\/\\\/marktxxl.de\\\/markt\\\/produkt\\\/bubbaboo-bambusplatte-und-loeffel-set-baby-saugplatte-panda-design\\\/\",\"url\":\"https:\\\/\\\/marktxxl.de\\\/markt\\\/produkt\\\/bubbaboo-bambusplatte-und-loeffel-set-baby-saugplatte-panda-design\\\/\",\"name\":\"Bubbaboo Bambusplatte und L\u00f6ffel Set Baby-Saugplatte Panda Design (Blau) - Markt-XXL\",\"isPartOf\":{\"@id\":\"https:\\\/\\\/marktxxl.de\\\/markt\\\/#website\"},\"primaryImageOfPage\":{\"@id\":\"https:\\\/\\\/marktxxl.de\\\/markt\\\/produkt\\\/bubbaboo-bambusplatte-und-loeffel-set-baby-saugplatte-panda-design\\\/#primaryimage\"},\"image\":{\"@id\":\"https:\\\/\\\/marktxxl.de\\\/markt\\\/produkt\\\/bubbaboo-bambusplatte-und-loeffel-set-baby-saugplatte-panda-design\\\/#primaryimage\"},\"thumbnailUrl\":\"https:\\\/\\\/m.media-amazon.com\\\/images\\\/I\\\/41tVGSz5CVL._SL500_.jpg\",\"datePublished\":\"2021-11-11T23:49:52+00:00\",\"dateModified\":\"2023-04-05T23:50:12+00:00\",\"description\":\"Markt-XXL Bubbaboo Bambusplatte und L\u00f6ffel Set Baby-Saugplatte Panda Design (Blau)\",\"breadcrumb\":{\"@id\":\"https:\\\/\\\/marktxxl.de\\\/markt\\\/produkt\\\/bubbaboo-bambusplatte-und-loeffel-set-baby-saugplatte-panda-design\\\/#breadcrumb\"},\"inLanguage\":\"de\",\"potentialAction\":[{\"@type\":\"ReadAction\",\"target\":[\"https:\\\/\\\/marktxxl.de\\\/markt\\\/produkt\\\/bubbaboo-bambusplatte-und-loeffel-set-baby-saugplatte-panda-design\\\/\"]}]},{\"@type\":\"ImageObject\",\"inLanguage\":\"de\",\"@id\":\"https:\\\/\\\/marktxxl.de\\\/markt\\\/produkt\\\/bubbaboo-bambusplatte-und-loeffel-set-baby-saugplatte-panda-design\\\/#primaryimage\",\"url\":\"https:\\\/\\\/m.media-amazon.com\\\/images\\\/I\\\/41tVGSz5CVL._SL500_.jpg\",\"contentUrl\":\"https:\\\/\\\/m.media-amazon.com\\\/images\\\/I\\\/41tVGSz5CVL._SL500_.jpg\",\"width\":500,\"height\":500},{\"@type\":\"BreadcrumbList\",\"@id\":\"https:\\\/\\\/marktxxl.de\\\/markt\\\/produkt\\\/bubbaboo-bambusplatte-und-loeffel-set-baby-saugplatte-panda-design\\\/#breadcrumb\",\"itemListElement\":[{\"@type\":\"ListItem\",\"position\":1,\"name\":\"Startseite\",\"item\":\"https:\\\/\\\/marktxxl.de\\\/markt\\\/\"},{\"@type\":\"ListItem\",\"position\":2,\"name\":\"Markt\",\"item\":\"https:\\\/\\\/marktxxl.de\\\/markt\\\/\"},{\"@type\":\"ListItem\",\"position\":3,\"name\":\"Bubbaboo Bambusplatte und L\u00f6ffel Set Baby-Saugplatte Panda Design (Blau)\"}]},{\"@type\":\"WebSite\",\"@id\":\"https:\\\/\\\/marktxxl.de\\\/markt\\\/#website\",\"url\":\"https:\\\/\\\/marktxxl.de\\\/markt\\\/\",\"name\":\"Markt-XXL\",\"description\":\"Ihr Markt Online\",\"publisher\":{\"@id\":\"https:\\\/\\\/marktxxl.de\\\/markt\\\/#organization\"},\"potentialAction\":[{\"@type\":\"SearchAction\",\"target\":{\"@type\":\"EntryPoint\",\"urlTemplate\":\"https:\\\/\\\/marktxxl.de\\\/markt\\\/?s={search_term_string}\"},\"query-input\":{\"@type\":\"PropertyValueSpecification\",\"valueRequired\":true,\"valueName\":\"search_term_string\"}}],\"inLanguage\":\"de\"},{\"@type\":\"Organization\",\"@id\":\"https:\\\/\\\/marktxxl.de\\\/markt\\\/#organization\",\"name\":\"Markt-XXL\",\"url\":\"https:\\\/\\\/marktxxl.de\\\/markt\\\/\",\"logo\":{\"@type\":\"ImageObject\",\"inLanguage\":\"de\",\"@id\":\"https:\\\/\\\/marktxxl.de\\\/markt\\\/#\\\/schema\\\/logo\\\/image\\\/\",\"url\":\"https:\\\/\\\/marktxxl.de\\\/markt\\\/wp-content\\\/uploads\\\/sites\\\/3\\\/2020\\\/12\\\/logo.png\",\"contentUrl\":\"https:\\\/\\\/marktxxl.de\\\/markt\\\/wp-content\\\/uploads\\\/sites\\\/3\\\/2020\\\/12\\\/logo.png\",\"width\":200,\"height\":70,\"caption\":\"Markt-XXL\"},\"image\":{\"@id\":\"https:\\\/\\\/marktxxl.de\\\/markt\\\/#\\\/schema\\\/logo\\\/image\\\/\"}}]}<\/script>\n<!-- \/ Yoast SEO plugin. -->","yoast_head_json":{"title":"Bubbaboo Bambusplatte und L\u00f6ffel Set Baby-Saugplatte Panda Design (Blau) - Markt-XXL","description":"Markt-XXL Bubbaboo Bambusplatte und L\u00f6ffel Set Baby-Saugplatte Panda Design (Blau)","robots":{"index":"index","follow":"follow","max-snippet":"max-snippet:-1","max-image-preview":"max-image-preview:large","max-video-preview":"max-video-preview:-1"},"canonical":"https:\/\/marktxxl.de\/markt\/produkt\/bubbaboo-bambusplatte-und-loeffel-set-baby-saugplatte-panda-design\/","og_locale":"de_DE","og_type":"article","og_title":"Bubbaboo Bambusplatte und L\u00f6ffel Set Baby-Saugplatte Panda Design (Blau) - Markt-XXL","og_description":"Markt-XXL Bubbaboo Bambusplatte und L\u00f6ffel Set Baby-Saugplatte Panda Design (Blau)","og_url":"https:\/\/marktxxl.de\/markt\/produkt\/bubbaboo-bambusplatte-und-loeffel-set-baby-saugplatte-panda-design\/","og_site_name":"Markt-XXL","article_modified_time":"2023-04-05T23:50:12+00:00","og_image":[{"width":500,"height":500,"url":"https:\/\/m.media-amazon.com\/images\/I\/41tVGSz5CVL._SL500_.jpg","type":"image\/jpeg"}],"twitter_card":"summary_large_image","twitter_misc":{"Gesch\u00e4tzte Lesezeit":"1\u00a0Minute"},"schema":{"@context":"https:\/\/schema.org","@graph":[{"@type":"WebPage","@id":"https:\/\/marktxxl.de\/markt\/produkt\/bubbaboo-bambusplatte-und-loeffel-set-baby-saugplatte-panda-design\/","url":"https:\/\/marktxxl.de\/markt\/produkt\/bubbaboo-bambusplatte-und-loeffel-set-baby-saugplatte-panda-design\/","name":"Bubbaboo Bambusplatte und L\u00f6ffel Set Baby-Saugplatte Panda Design (Blau) - Markt-XXL","isPartOf":{"@id":"https:\/\/marktxxl.de\/markt\/#website"},"primaryImageOfPage":{"@id":"https:\/\/marktxxl.de\/markt\/produkt\/bubbaboo-bambusplatte-und-loeffel-set-baby-saugplatte-panda-design\/#primaryimage"},"image":{"@id":"https:\/\/marktxxl.de\/markt\/produkt\/bubbaboo-bambusplatte-und-loeffel-set-baby-saugplatte-panda-design\/#primaryimage"},"thumbnailUrl":"https:\/\/m.media-amazon.com\/images\/I\/41tVGSz5CVL._SL500_.jpg","datePublished":"2021-11-11T23:49:52+00:00","dateModified":"2023-04-05T23:50:12+00:00","description":"Markt-XXL Bubbaboo Bambusplatte und L\u00f6ffel Set Baby-Saugplatte Panda Design (Blau)","breadcrumb":{"@id":"https:\/\/marktxxl.de\/markt\/produkt\/bubbaboo-bambusplatte-und-loeffel-set-baby-saugplatte-panda-design\/#breadcrumb"},"inLanguage":"de","potentialAction":[{"@type":"ReadAction","target":["https:\/\/marktxxl.de\/markt\/produkt\/bubbaboo-bambusplatte-und-loeffel-set-baby-saugplatte-panda-design\/"]}]},{"@type":"ImageObject","inLanguage":"de","@id":"https:\/\/marktxxl.de\/markt\/produkt\/bubbaboo-bambusplatte-und-loeffel-set-baby-saugplatte-panda-design\/#primaryimage","url":"https:\/\/m.media-amazon.com\/images\/I\/41tVGSz5CVL._SL500_.jpg","contentUrl":"https:\/\/m.media-amazon.com\/images\/I\/41tVGSz5CVL._SL500_.jpg","width":500,"height":500},{"@type":"BreadcrumbList","@id":"https:\/\/marktxxl.de\/markt\/produkt\/bubbaboo-bambusplatte-und-loeffel-set-baby-saugplatte-panda-design\/#breadcrumb","itemListElement":[{"@type":"ListItem","position":1,"name":"Startseite","item":"https:\/\/marktxxl.de\/markt\/"},{"@type":"ListItem","position":2,"name":"Markt","item":"https:\/\/marktxxl.de\/markt\/"},{"@type":"ListItem","position":3,"name":"Bubbaboo Bambusplatte und L\u00f6ffel Set Baby-Saugplatte Panda Design (Blau)"}]},{"@type":"WebSite","@id":"https:\/\/marktxxl.de\/markt\/#website","url":"https:\/\/marktxxl.de\/markt\/","name":"Markt-XXL","description":"Ihr Markt Online","publisher":{"@id":"https:\/\/marktxxl.de\/markt\/#organization"},"potentialAction":[{"@type":"SearchAction","target":{"@type":"EntryPoint","urlTemplate":"https:\/\/marktxxl.de\/markt\/?s={search_term_string}"},"query-input":{"@type":"PropertyValueSpecification","valueRequired":true,"valueName":"search_term_string"}}],"inLanguage":"de"},{"@type":"Organization","@id":"https:\/\/marktxxl.de\/markt\/#organization","name":"Markt-XXL","url":"https:\/\/marktxxl.de\/markt\/","logo":{"@type":"ImageObject","inLanguage":"de","@id":"https:\/\/marktxxl.de\/markt\/#\/schema\/logo\/image\/","url":"https:\/\/marktxxl.de\/markt\/wp-content\/uploads\/sites\/3\/2020\/12\/logo.png","contentUrl":"https:\/\/marktxxl.de\/markt\/wp-content\/uploads\/sites\/3\/2020\/12\/logo.png","width":200,"height":70,"caption":"Markt-XXL"},"image":{"@id":"https:\/\/marktxxl.de\/markt\/#\/schema\/logo\/image\/"}}]}},"_links":{"self":[{"href":"https:\/\/marktxxl.de\/markt\/wp-json\/wp\/v2\/product\/65589","targetHints":{"allow":["GET"]}}],"collection":[{"href":"https:\/\/marktxxl.de\/markt\/wp-json\/wp\/v2\/product"}],"about":[{"href":"https:\/\/marktxxl.de\/markt\/wp-json\/wp\/v2\/types\/product"}],"replies":[{"embeddable":true,"href":"https:\/\/marktxxl.de\/markt\/wp-json\/wp\/v2\/comments?post=65589"}],"wp:featuredmedia":[{"embeddable":true,"href":"https:\/\/marktxxl.de\/markt\/wp-json\/wp\/v2\/media\/65590"}],"wp:attachment":[{"href":"https:\/\/marktxxl.de\/markt\/wp-json\/wp\/v2\/media?parent=65589"}],"wp:term":[{"taxonomy":"product_brand","embeddable":true,"href":"https:\/\/marktxxl.de\/markt\/wp-json\/wp\/v2\/product_brand?post=65589"},{"taxonomy":"product_cat","embeddable":true,"href":"https:\/\/marktxxl.de\/markt\/wp-json\/wp\/v2\/product_cat?post=65589"},{"taxonomy":"product_tag","embeddable":true,"href":"https:\/\/marktxxl.de\/markt\/wp-json\/wp\/v2\/product_tag?post=65589"}],"curies":[{"name":"wp","href":"https:\/\/api.w.org\/{rel}","templated":true}]}}