{"id":65552,"date":"2021-11-12T00:45:43","date_gmt":"2021-11-11T23:45:43","guid":{"rendered":"https:\/\/marktxxl.de\/markt\/produkt\/hipp-hipp-bio-milchnahrung-2-combiotik-4-er-pack-x-600-g\/"},"modified":"2023-04-06T01:50:11","modified_gmt":"2023-04-05T23:50:11","slug":"hipp-hipp-bio-milchnahrung-2-combiotik-4-er-pack-x-600-g","status":"publish","type":"product","link":"https:\/\/marktxxl.de\/markt\/produkt\/hipp-hipp-bio-milchnahrung-2-combiotik-4-er-pack-x-600-g\/","title":{"rendered":"HiPP Hipp Bio Milchnahrung 2 Combiotik 4 Er Pack &#8216; X 600 G"},"content":{"rendered":"<p>Nat\u00fcrliche Milchs\u00e4urekulturen \u2013 urspr\u00fcnglich aus Muttermilch gewonnen* *muttermilch enth\u00e4lt eine Vielzahl nat\u00fcrlicher Kulturen, die individuell unterschiedlich sein k\u00f6nnen<br \/>\nIdeal angepasst an das gl\u00e4schchenkostalter: wichtiges Eisen, Vitamine C und D f\u00fcr das Immunsystem.<br \/>\nOmega-3 Fetts\u00e4uren: &#8211; ALA &#8211; sind wichtig f\u00fcr die Entwicklung von Gehirn- und Nervenzellen DHA &#8211; Tr\u00e4gt zur Entwicklung der Sehkraft bei S\u00e4uglingen bei.<br \/>\nEnth\u00e4lt milde bio-st\u00e4rke und ist dadurch sch\u00f6n s\u00e4mig und altersgerecht s\u00e4ttigend.<br \/>\nNat\u00fcrlich in bester HiPP Bio Qualit\u00e4t<br \/>\n<div class=\"main-cross-sell\" data-asin=\"B09BB9SM3V\">\n\n\t<div class=\"WooZone-cross-sell-loader\">\n\t\t<div>\n\t\t\t<div id=\"floatingBarsG\">\n\t\t\t\t<div class=\"blockG\" id=\"rotateG_01\"><\/div>\n\t\t\t\t<div class=\"blockG\" id=\"rotateG_02\"><\/div>\n\t\t\t\t<div class=\"blockG\" id=\"rotateG_03\"><\/div>\n\t\t\t\t<div class=\"blockG\" id=\"rotateG_04\"><\/div>\n\t\t\t\t<div class=\"blockG\" id=\"rotateG_05\"><\/div>\n\t\t\t\t<div class=\"blockG\" id=\"rotateG_06\"><\/div>\n\t\t\t\t<div class=\"blockG\" id=\"rotateG_07\"><\/div>\n\t\t\t\t<div class=\"blockG\" id=\"rotateG_08\"><\/div>\n\t\t\t<\/div>\n\t\t\t<div class=\"WooZone-cross-sell-loader-text\"><\/div>\n\t\t<\/div>\n\t<\/div>\n\n\t\t\n<\/div>\n<div style=\"clear:both;\"><\/div><\/p>\n","protected":false},"excerpt":{"rendered":"<p>Nat\u00fcrliche Milchs\u00e4urekulturen \u2013 urspr\u00fcnglich aus Muttermilch gewonnen* *muttermilch enth\u00e4lt eine Vielzahl nat\u00fcrlicher Kulturen, die individuell unterschiedlich sein k\u00f6nnen<br \/>\nIdeal angepasst an das gl\u00e4schchenkostalter: wichtiges Eisen, Vitamine C und D f\u00fcr das Immunsystem.<br \/>\nOmega-3 Fetts\u00e4uren: &#8211; ALA &#8211; sind wichtig f\u00fcr die Entwicklung von Gehirn- und Nervenzellen DHA &#8211; Tr\u00e4gt zur Entwicklung der Sehkraft bei S\u00e4uglingen bei.<\/p>\n","protected":false},"featured_media":65553,"comment_status":"open","ping_status":"closed","template":"","meta":[],"product_brand":[],"product_cat":[21,9216],"product_tag":[],"class_list":{"0":"post-65552","1":"product","2":"type-product","3":"status-publish","4":"has-post-thumbnail","6":"product_cat-baby","7":"product_cat-ernaehrung-stillen-baby","8":"pa_binding-lebensmittel-getraenke","9":"pa_brand-hipp","11":"first","12":"instock","13":"shipping-taxable","14":"purchasable","15":"product-type-simple","16":"customify-col","17":"product-has-gallery"},"yoast_head":"<!-- This site is optimized with the Yoast SEO plugin v27.3 - https:\/\/yoast.com\/product\/yoast-seo-wordpress\/ -->\n<title>HiPP Hipp Bio Milchnahrung 2 Combiotik 4 Er Pack &#039; X 600 G - Markt-XXL<\/title>\n<meta name=\"description\" content=\"Markt-XXL HiPP Hipp Bio Milchnahrung 2 Combiotik 4 Er Pack &#039; X 600 G\" \/>\n<meta name=\"robots\" content=\"index, follow, max-snippet:-1, max-image-preview:large, max-video-preview:-1\" \/>\n<link rel=\"canonical\" href=\"https:\/\/marktxxl.de\/markt\/produkt\/hipp-hipp-bio-milchnahrung-2-combiotik-4-er-pack-x-600-g\/\" \/>\n<meta property=\"og:locale\" content=\"de_DE\" \/>\n<meta property=\"og:type\" content=\"article\" \/>\n<meta property=\"og:title\" content=\"HiPP Hipp Bio Milchnahrung 2 Combiotik 4 Er Pack &#039; X 600 G - Markt-XXL\" \/>\n<meta property=\"og:description\" content=\"Markt-XXL HiPP Hipp Bio Milchnahrung 2 Combiotik 4 Er Pack &#039; X 600 G\" \/>\n<meta property=\"og:url\" content=\"https:\/\/marktxxl.de\/markt\/produkt\/hipp-hipp-bio-milchnahrung-2-combiotik-4-er-pack-x-600-g\/\" \/>\n<meta property=\"og:site_name\" content=\"Markt-XXL\" \/>\n<meta property=\"article:modified_time\" content=\"2023-04-05T23:50:11+00:00\" \/>\n<meta property=\"og:image\" content=\"https:\/\/m.media-amazon.com\/images\/I\/41Z5SKWJYBL._SL500_.jpg\" \/>\n\t<meta property=\"og:image:width\" content=\"290\" \/>\n\t<meta property=\"og:image:height\" content=\"500\" \/>\n\t<meta property=\"og:image:type\" content=\"image\/jpeg\" \/>\n<meta name=\"twitter:card\" content=\"summary_large_image\" \/>\n<meta name=\"twitter:label1\" content=\"Gesch\u00e4tzte Lesezeit\" \/>\n\t<meta name=\"twitter:data1\" content=\"1\u00a0Minute\" \/>\n<script type=\"application\/ld+json\" class=\"yoast-schema-graph\">{\"@context\":\"https:\\\/\\\/schema.org\",\"@graph\":[{\"@type\":\"WebPage\",\"@id\":\"https:\\\/\\\/marktxxl.de\\\/markt\\\/produkt\\\/hipp-hipp-bio-milchnahrung-2-combiotik-4-er-pack-x-600-g\\\/\",\"url\":\"https:\\\/\\\/marktxxl.de\\\/markt\\\/produkt\\\/hipp-hipp-bio-milchnahrung-2-combiotik-4-er-pack-x-600-g\\\/\",\"name\":\"HiPP Hipp Bio Milchnahrung 2 Combiotik 4 Er Pack ' X 600 G - Markt-XXL\",\"isPartOf\":{\"@id\":\"https:\\\/\\\/marktxxl.de\\\/markt\\\/#website\"},\"primaryImageOfPage\":{\"@id\":\"https:\\\/\\\/marktxxl.de\\\/markt\\\/produkt\\\/hipp-hipp-bio-milchnahrung-2-combiotik-4-er-pack-x-600-g\\\/#primaryimage\"},\"image\":{\"@id\":\"https:\\\/\\\/marktxxl.de\\\/markt\\\/produkt\\\/hipp-hipp-bio-milchnahrung-2-combiotik-4-er-pack-x-600-g\\\/#primaryimage\"},\"thumbnailUrl\":\"https:\\\/\\\/m.media-amazon.com\\\/images\\\/I\\\/41Z5SKWJYBL._SL500_.jpg\",\"datePublished\":\"2021-11-11T23:45:43+00:00\",\"dateModified\":\"2023-04-05T23:50:11+00:00\",\"description\":\"Markt-XXL HiPP Hipp Bio Milchnahrung 2 Combiotik 4 Er Pack ' X 600 G\",\"breadcrumb\":{\"@id\":\"https:\\\/\\\/marktxxl.de\\\/markt\\\/produkt\\\/hipp-hipp-bio-milchnahrung-2-combiotik-4-er-pack-x-600-g\\\/#breadcrumb\"},\"inLanguage\":\"de\",\"potentialAction\":[{\"@type\":\"ReadAction\",\"target\":[\"https:\\\/\\\/marktxxl.de\\\/markt\\\/produkt\\\/hipp-hipp-bio-milchnahrung-2-combiotik-4-er-pack-x-600-g\\\/\"]}]},{\"@type\":\"ImageObject\",\"inLanguage\":\"de\",\"@id\":\"https:\\\/\\\/marktxxl.de\\\/markt\\\/produkt\\\/hipp-hipp-bio-milchnahrung-2-combiotik-4-er-pack-x-600-g\\\/#primaryimage\",\"url\":\"https:\\\/\\\/m.media-amazon.com\\\/images\\\/I\\\/41Z5SKWJYBL._SL500_.jpg\",\"contentUrl\":\"https:\\\/\\\/m.media-amazon.com\\\/images\\\/I\\\/41Z5SKWJYBL._SL500_.jpg\",\"width\":290,\"height\":500},{\"@type\":\"BreadcrumbList\",\"@id\":\"https:\\\/\\\/marktxxl.de\\\/markt\\\/produkt\\\/hipp-hipp-bio-milchnahrung-2-combiotik-4-er-pack-x-600-g\\\/#breadcrumb\",\"itemListElement\":[{\"@type\":\"ListItem\",\"position\":1,\"name\":\"Startseite\",\"item\":\"https:\\\/\\\/marktxxl.de\\\/markt\\\/\"},{\"@type\":\"ListItem\",\"position\":2,\"name\":\"Markt\",\"item\":\"https:\\\/\\\/marktxxl.de\\\/markt\\\/\"},{\"@type\":\"ListItem\",\"position\":3,\"name\":\"HiPP Hipp Bio Milchnahrung 2 Combiotik 4 Er Pack &#8216; X 600 G\"}]},{\"@type\":\"WebSite\",\"@id\":\"https:\\\/\\\/marktxxl.de\\\/markt\\\/#website\",\"url\":\"https:\\\/\\\/marktxxl.de\\\/markt\\\/\",\"name\":\"Markt-XXL\",\"description\":\"Ihr Markt Online\",\"publisher\":{\"@id\":\"https:\\\/\\\/marktxxl.de\\\/markt\\\/#organization\"},\"potentialAction\":[{\"@type\":\"SearchAction\",\"target\":{\"@type\":\"EntryPoint\",\"urlTemplate\":\"https:\\\/\\\/marktxxl.de\\\/markt\\\/?s={search_term_string}\"},\"query-input\":{\"@type\":\"PropertyValueSpecification\",\"valueRequired\":true,\"valueName\":\"search_term_string\"}}],\"inLanguage\":\"de\"},{\"@type\":\"Organization\",\"@id\":\"https:\\\/\\\/marktxxl.de\\\/markt\\\/#organization\",\"name\":\"Markt-XXL\",\"url\":\"https:\\\/\\\/marktxxl.de\\\/markt\\\/\",\"logo\":{\"@type\":\"ImageObject\",\"inLanguage\":\"de\",\"@id\":\"https:\\\/\\\/marktxxl.de\\\/markt\\\/#\\\/schema\\\/logo\\\/image\\\/\",\"url\":\"https:\\\/\\\/marktxxl.de\\\/markt\\\/wp-content\\\/uploads\\\/sites\\\/3\\\/2020\\\/12\\\/logo.png\",\"contentUrl\":\"https:\\\/\\\/marktxxl.de\\\/markt\\\/wp-content\\\/uploads\\\/sites\\\/3\\\/2020\\\/12\\\/logo.png\",\"width\":200,\"height\":70,\"caption\":\"Markt-XXL\"},\"image\":{\"@id\":\"https:\\\/\\\/marktxxl.de\\\/markt\\\/#\\\/schema\\\/logo\\\/image\\\/\"}}]}<\/script>\n<!-- \/ Yoast SEO plugin. -->","yoast_head_json":{"title":"HiPP Hipp Bio Milchnahrung 2 Combiotik 4 Er Pack ' X 600 G - Markt-XXL","description":"Markt-XXL HiPP Hipp Bio Milchnahrung 2 Combiotik 4 Er Pack ' X 600 G","robots":{"index":"index","follow":"follow","max-snippet":"max-snippet:-1","max-image-preview":"max-image-preview:large","max-video-preview":"max-video-preview:-1"},"canonical":"https:\/\/marktxxl.de\/markt\/produkt\/hipp-hipp-bio-milchnahrung-2-combiotik-4-er-pack-x-600-g\/","og_locale":"de_DE","og_type":"article","og_title":"HiPP Hipp Bio Milchnahrung 2 Combiotik 4 Er Pack ' X 600 G - Markt-XXL","og_description":"Markt-XXL HiPP Hipp Bio Milchnahrung 2 Combiotik 4 Er Pack ' X 600 G","og_url":"https:\/\/marktxxl.de\/markt\/produkt\/hipp-hipp-bio-milchnahrung-2-combiotik-4-er-pack-x-600-g\/","og_site_name":"Markt-XXL","article_modified_time":"2023-04-05T23:50:11+00:00","og_image":[{"width":290,"height":500,"url":"https:\/\/m.media-amazon.com\/images\/I\/41Z5SKWJYBL._SL500_.jpg","type":"image\/jpeg"}],"twitter_card":"summary_large_image","twitter_misc":{"Gesch\u00e4tzte Lesezeit":"1\u00a0Minute"},"schema":{"@context":"https:\/\/schema.org","@graph":[{"@type":"WebPage","@id":"https:\/\/marktxxl.de\/markt\/produkt\/hipp-hipp-bio-milchnahrung-2-combiotik-4-er-pack-x-600-g\/","url":"https:\/\/marktxxl.de\/markt\/produkt\/hipp-hipp-bio-milchnahrung-2-combiotik-4-er-pack-x-600-g\/","name":"HiPP Hipp Bio Milchnahrung 2 Combiotik 4 Er Pack ' X 600 G - Markt-XXL","isPartOf":{"@id":"https:\/\/marktxxl.de\/markt\/#website"},"primaryImageOfPage":{"@id":"https:\/\/marktxxl.de\/markt\/produkt\/hipp-hipp-bio-milchnahrung-2-combiotik-4-er-pack-x-600-g\/#primaryimage"},"image":{"@id":"https:\/\/marktxxl.de\/markt\/produkt\/hipp-hipp-bio-milchnahrung-2-combiotik-4-er-pack-x-600-g\/#primaryimage"},"thumbnailUrl":"https:\/\/m.media-amazon.com\/images\/I\/41Z5SKWJYBL._SL500_.jpg","datePublished":"2021-11-11T23:45:43+00:00","dateModified":"2023-04-05T23:50:11+00:00","description":"Markt-XXL HiPP Hipp Bio Milchnahrung 2 Combiotik 4 Er Pack ' X 600 G","breadcrumb":{"@id":"https:\/\/marktxxl.de\/markt\/produkt\/hipp-hipp-bio-milchnahrung-2-combiotik-4-er-pack-x-600-g\/#breadcrumb"},"inLanguage":"de","potentialAction":[{"@type":"ReadAction","target":["https:\/\/marktxxl.de\/markt\/produkt\/hipp-hipp-bio-milchnahrung-2-combiotik-4-er-pack-x-600-g\/"]}]},{"@type":"ImageObject","inLanguage":"de","@id":"https:\/\/marktxxl.de\/markt\/produkt\/hipp-hipp-bio-milchnahrung-2-combiotik-4-er-pack-x-600-g\/#primaryimage","url":"https:\/\/m.media-amazon.com\/images\/I\/41Z5SKWJYBL._SL500_.jpg","contentUrl":"https:\/\/m.media-amazon.com\/images\/I\/41Z5SKWJYBL._SL500_.jpg","width":290,"height":500},{"@type":"BreadcrumbList","@id":"https:\/\/marktxxl.de\/markt\/produkt\/hipp-hipp-bio-milchnahrung-2-combiotik-4-er-pack-x-600-g\/#breadcrumb","itemListElement":[{"@type":"ListItem","position":1,"name":"Startseite","item":"https:\/\/marktxxl.de\/markt\/"},{"@type":"ListItem","position":2,"name":"Markt","item":"https:\/\/marktxxl.de\/markt\/"},{"@type":"ListItem","position":3,"name":"HiPP Hipp Bio Milchnahrung 2 Combiotik 4 Er Pack &#8216; X 600 G"}]},{"@type":"WebSite","@id":"https:\/\/marktxxl.de\/markt\/#website","url":"https:\/\/marktxxl.de\/markt\/","name":"Markt-XXL","description":"Ihr Markt Online","publisher":{"@id":"https:\/\/marktxxl.de\/markt\/#organization"},"potentialAction":[{"@type":"SearchAction","target":{"@type":"EntryPoint","urlTemplate":"https:\/\/marktxxl.de\/markt\/?s={search_term_string}"},"query-input":{"@type":"PropertyValueSpecification","valueRequired":true,"valueName":"search_term_string"}}],"inLanguage":"de"},{"@type":"Organization","@id":"https:\/\/marktxxl.de\/markt\/#organization","name":"Markt-XXL","url":"https:\/\/marktxxl.de\/markt\/","logo":{"@type":"ImageObject","inLanguage":"de","@id":"https:\/\/marktxxl.de\/markt\/#\/schema\/logo\/image\/","url":"https:\/\/marktxxl.de\/markt\/wp-content\/uploads\/sites\/3\/2020\/12\/logo.png","contentUrl":"https:\/\/marktxxl.de\/markt\/wp-content\/uploads\/sites\/3\/2020\/12\/logo.png","width":200,"height":70,"caption":"Markt-XXL"},"image":{"@id":"https:\/\/marktxxl.de\/markt\/#\/schema\/logo\/image\/"}}]}},"_links":{"self":[{"href":"https:\/\/marktxxl.de\/markt\/wp-json\/wp\/v2\/product\/65552","targetHints":{"allow":["GET"]}}],"collection":[{"href":"https:\/\/marktxxl.de\/markt\/wp-json\/wp\/v2\/product"}],"about":[{"href":"https:\/\/marktxxl.de\/markt\/wp-json\/wp\/v2\/types\/product"}],"replies":[{"embeddable":true,"href":"https:\/\/marktxxl.de\/markt\/wp-json\/wp\/v2\/comments?post=65552"}],"wp:featuredmedia":[{"embeddable":true,"href":"https:\/\/marktxxl.de\/markt\/wp-json\/wp\/v2\/media\/65553"}],"wp:attachment":[{"href":"https:\/\/marktxxl.de\/markt\/wp-json\/wp\/v2\/media?parent=65552"}],"wp:term":[{"taxonomy":"product_brand","embeddable":true,"href":"https:\/\/marktxxl.de\/markt\/wp-json\/wp\/v2\/product_brand?post=65552"},{"taxonomy":"product_cat","embeddable":true,"href":"https:\/\/marktxxl.de\/markt\/wp-json\/wp\/v2\/product_cat?post=65552"},{"taxonomy":"product_tag","embeddable":true,"href":"https:\/\/marktxxl.de\/markt\/wp-json\/wp\/v2\/product_tag?post=65552"}],"curies":[{"name":"wp","href":"https:\/\/api.w.org\/{rel}","templated":true}]}}