{"id":65377,"date":"2021-11-12T00:36:16","date_gmt":"2021-11-11T23:36:16","guid":{"rendered":"https:\/\/marktxxl.de\/markt\/produkt\/kaflex-mono-kabelmanschette-fuer-ein-kabel-48-12-mm\/"},"modified":"2023-04-10T02:26:21","modified_gmt":"2023-04-10T00:26:21","slug":"kaflex-mono-kabelmanschette-fuer-ein-kabel-48-12-mm","status":"publish","type":"product","link":"https:\/\/marktxxl.de\/markt\/produkt\/kaflex-mono-kabelmanschette-fuer-ein-kabel-48-12-mm\/","title":{"rendered":"Kaflex Mono Kabelmanschette f\u00fcr ein Kabel 4,8-12 mm"},"content":{"rendered":"<p>Dichtungsmanschetten aus robustem und hochflexiblem EPDM. Optimal geeignet f\u00fcr die schnelle und dauerhaft dichte Durchf\u00fchrung von Kabeln und Rohren durch die Luftdichtungsebene. Einsatz auch im Au\u00dfenbereich, z. B. bei Unterdeckungen oder Sanierungs-Dampfbremsen. Farbe dunkelblau \/ schwarz Freibewitterung 6 Monate \u00fcberputzbar ja Verarbeitungstemperatur ab -10 \u00b0C Temperaturbest\u00e4ndigkeit EPDM dauerhaft -40 \u00b0C bis +150 \u00b0C Lagerung k\u00fchl und trocken<br \/>\n<div class=\"main-cross-sell\" data-asin=\"B07C936W29\">\n\n\t<div class=\"WooZone-cross-sell-loader\">\n\t\t<div>\n\t\t\t<div id=\"floatingBarsG\">\n\t\t\t\t<div class=\"blockG\" id=\"rotateG_01\"><\/div>\n\t\t\t\t<div class=\"blockG\" id=\"rotateG_02\"><\/div>\n\t\t\t\t<div class=\"blockG\" id=\"rotateG_03\"><\/div>\n\t\t\t\t<div class=\"blockG\" id=\"rotateG_04\"><\/div>\n\t\t\t\t<div class=\"blockG\" id=\"rotateG_05\"><\/div>\n\t\t\t\t<div class=\"blockG\" id=\"rotateG_06\"><\/div>\n\t\t\t\t<div class=\"blockG\" id=\"rotateG_07\"><\/div>\n\t\t\t\t<div class=\"blockG\" id=\"rotateG_08\"><\/div>\n\t\t\t<\/div>\n\t\t\t<div class=\"WooZone-cross-sell-loader-text\"><\/div>\n\t\t<\/div>\n\t<\/div>\n\n\t\t\n<\/div>\n<div style=\"clear:both;\"><\/div><\/p>\n","protected":false},"excerpt":{"rendered":"<p>Dichtungsmanschetten aus robustem und hochflexiblem EPDM. Optimal geeignet f\u00fcr die schnelle und dauerhaft dichte Durchf\u00fchrung von Kabeln und Rohren durch die Luftdichtungsebene. Einsatz auch im Au\u00dfenbereich, z. B. bei Unterdeckungen oder Sanierungs-Dampfbremsen. Farbe dunkelblau \/ schwarz Freibewitterung 6 Monate \u00fcberputzbar ja Verarbeitungstemperatur ab -10 \u00b0C Temperaturbest\u00e4ndigkeit EPDM dauerhaft -40 \u00b0C bis +150 \u00b0C Lagerung k\u00fchl und trocken<\/p>\n","protected":false},"featured_media":65378,"comment_status":"open","ping_status":"closed","template":"","meta":[],"product_brand":[],"product_cat":[1983,11319],"product_tag":[],"class_list":{"0":"post-65377","1":"product","2":"type-product","3":"status-publish","4":"has-post-thumbnail","6":"product_cat-baumarkt","7":"product_cat-sanitaer","8":"pa_brand-pro-clima","9":"pa_manufacturer-moll","11":"first","12":"instock","13":"shipping-taxable","14":"purchasable","15":"product-type-simple","16":"customify-col","17":"product-has-gallery"},"yoast_head":"<!-- This site is optimized with the Yoast SEO plugin v27.4 - https:\/\/yoast.com\/product\/yoast-seo-wordpress\/ -->\n<title>Kaflex Mono Kabelmanschette f\u00fcr ein Kabel 4,8-12 mm - Markt-XXL<\/title>\n<meta name=\"description\" content=\"Markt-XXL Kaflex Mono Kabelmanschette f\u00fcr ein Kabel 4,8-12 mm\" \/>\n<meta name=\"robots\" content=\"index, follow, max-snippet:-1, max-image-preview:large, max-video-preview:-1\" \/>\n<link rel=\"canonical\" href=\"https:\/\/marktxxl.de\/markt\/produkt\/kaflex-mono-kabelmanschette-fuer-ein-kabel-48-12-mm\/\" \/>\n<meta property=\"og:locale\" content=\"de_DE\" \/>\n<meta property=\"og:type\" content=\"article\" \/>\n<meta property=\"og:title\" content=\"Kaflex Mono Kabelmanschette f\u00fcr ein Kabel 4,8-12 mm - Markt-XXL\" \/>\n<meta property=\"og:description\" content=\"Markt-XXL Kaflex Mono Kabelmanschette f\u00fcr ein Kabel 4,8-12 mm\" \/>\n<meta property=\"og:url\" content=\"https:\/\/marktxxl.de\/markt\/produkt\/kaflex-mono-kabelmanschette-fuer-ein-kabel-48-12-mm\/\" \/>\n<meta property=\"og:site_name\" content=\"Markt-XXL\" \/>\n<meta property=\"article:modified_time\" content=\"2023-04-10T00:26:21+00:00\" \/>\n<meta property=\"og:image\" content=\"https:\/\/m.media-amazon.com\/images\/I\/51HYvJghi+L._SL500_.jpg\" \/>\n\t<meta property=\"og:image:width\" content=\"500\" \/>\n\t<meta property=\"og:image:height\" content=\"333\" \/>\n\t<meta property=\"og:image:type\" content=\"image\/jpeg\" \/>\n<meta name=\"twitter:card\" content=\"summary_large_image\" \/>\n<script type=\"application\/ld+json\" class=\"yoast-schema-graph\">{\"@context\":\"https:\\\/\\\/schema.org\",\"@graph\":[{\"@type\":\"WebPage\",\"@id\":\"https:\\\/\\\/marktxxl.de\\\/markt\\\/produkt\\\/kaflex-mono-kabelmanschette-fuer-ein-kabel-48-12-mm\\\/\",\"url\":\"https:\\\/\\\/marktxxl.de\\\/markt\\\/produkt\\\/kaflex-mono-kabelmanschette-fuer-ein-kabel-48-12-mm\\\/\",\"name\":\"Kaflex Mono Kabelmanschette f\u00fcr ein Kabel 4,8-12 mm - Markt-XXL\",\"isPartOf\":{\"@id\":\"https:\\\/\\\/marktxxl.de\\\/markt\\\/#website\"},\"primaryImageOfPage\":{\"@id\":\"https:\\\/\\\/marktxxl.de\\\/markt\\\/produkt\\\/kaflex-mono-kabelmanschette-fuer-ein-kabel-48-12-mm\\\/#primaryimage\"},\"image\":{\"@id\":\"https:\\\/\\\/marktxxl.de\\\/markt\\\/produkt\\\/kaflex-mono-kabelmanschette-fuer-ein-kabel-48-12-mm\\\/#primaryimage\"},\"thumbnailUrl\":\"https:\\\/\\\/m.media-amazon.com\\\/images\\\/I\\\/51HYvJghi+L._SL500_.jpg\",\"datePublished\":\"2021-11-11T23:36:16+00:00\",\"dateModified\":\"2023-04-10T00:26:21+00:00\",\"description\":\"Markt-XXL Kaflex Mono Kabelmanschette f\u00fcr ein Kabel 4,8-12 mm\",\"breadcrumb\":{\"@id\":\"https:\\\/\\\/marktxxl.de\\\/markt\\\/produkt\\\/kaflex-mono-kabelmanschette-fuer-ein-kabel-48-12-mm\\\/#breadcrumb\"},\"inLanguage\":\"de\",\"potentialAction\":[{\"@type\":\"ReadAction\",\"target\":[\"https:\\\/\\\/marktxxl.de\\\/markt\\\/produkt\\\/kaflex-mono-kabelmanschette-fuer-ein-kabel-48-12-mm\\\/\"]}]},{\"@type\":\"ImageObject\",\"inLanguage\":\"de\",\"@id\":\"https:\\\/\\\/marktxxl.de\\\/markt\\\/produkt\\\/kaflex-mono-kabelmanschette-fuer-ein-kabel-48-12-mm\\\/#primaryimage\",\"url\":\"https:\\\/\\\/m.media-amazon.com\\\/images\\\/I\\\/51HYvJghi+L._SL500_.jpg\",\"contentUrl\":\"https:\\\/\\\/m.media-amazon.com\\\/images\\\/I\\\/51HYvJghi+L._SL500_.jpg\",\"width\":500,\"height\":333},{\"@type\":\"BreadcrumbList\",\"@id\":\"https:\\\/\\\/marktxxl.de\\\/markt\\\/produkt\\\/kaflex-mono-kabelmanschette-fuer-ein-kabel-48-12-mm\\\/#breadcrumb\",\"itemListElement\":[{\"@type\":\"ListItem\",\"position\":1,\"name\":\"Startseite\",\"item\":\"https:\\\/\\\/marktxxl.de\\\/markt\\\/\"},{\"@type\":\"ListItem\",\"position\":2,\"name\":\"Markt\",\"item\":\"https:\\\/\\\/marktxxl.de\\\/markt\\\/\"},{\"@type\":\"ListItem\",\"position\":3,\"name\":\"Kaflex Mono Kabelmanschette f\u00fcr ein Kabel 4,8-12 mm\"}]},{\"@type\":\"WebSite\",\"@id\":\"https:\\\/\\\/marktxxl.de\\\/markt\\\/#website\",\"url\":\"https:\\\/\\\/marktxxl.de\\\/markt\\\/\",\"name\":\"Markt-XXL\",\"description\":\"Ihr Markt Online\",\"publisher\":{\"@id\":\"https:\\\/\\\/marktxxl.de\\\/markt\\\/#organization\"},\"potentialAction\":[{\"@type\":\"SearchAction\",\"target\":{\"@type\":\"EntryPoint\",\"urlTemplate\":\"https:\\\/\\\/marktxxl.de\\\/markt\\\/?s={search_term_string}\"},\"query-input\":{\"@type\":\"PropertyValueSpecification\",\"valueRequired\":true,\"valueName\":\"search_term_string\"}}],\"inLanguage\":\"de\"},{\"@type\":\"Organization\",\"@id\":\"https:\\\/\\\/marktxxl.de\\\/markt\\\/#organization\",\"name\":\"Markt-XXL\",\"url\":\"https:\\\/\\\/marktxxl.de\\\/markt\\\/\",\"logo\":{\"@type\":\"ImageObject\",\"inLanguage\":\"de\",\"@id\":\"https:\\\/\\\/marktxxl.de\\\/markt\\\/#\\\/schema\\\/logo\\\/image\\\/\",\"url\":\"https:\\\/\\\/marktxxl.de\\\/markt\\\/wp-content\\\/uploads\\\/sites\\\/3\\\/2020\\\/12\\\/logo.png\",\"contentUrl\":\"https:\\\/\\\/marktxxl.de\\\/markt\\\/wp-content\\\/uploads\\\/sites\\\/3\\\/2020\\\/12\\\/logo.png\",\"width\":200,\"height\":70,\"caption\":\"Markt-XXL\"},\"image\":{\"@id\":\"https:\\\/\\\/marktxxl.de\\\/markt\\\/#\\\/schema\\\/logo\\\/image\\\/\"}}]}<\/script>\n<!-- \/ Yoast SEO plugin. -->","yoast_head_json":{"title":"Kaflex Mono Kabelmanschette f\u00fcr ein Kabel 4,8-12 mm - Markt-XXL","description":"Markt-XXL Kaflex Mono Kabelmanschette f\u00fcr ein Kabel 4,8-12 mm","robots":{"index":"index","follow":"follow","max-snippet":"max-snippet:-1","max-image-preview":"max-image-preview:large","max-video-preview":"max-video-preview:-1"},"canonical":"https:\/\/marktxxl.de\/markt\/produkt\/kaflex-mono-kabelmanschette-fuer-ein-kabel-48-12-mm\/","og_locale":"de_DE","og_type":"article","og_title":"Kaflex Mono Kabelmanschette f\u00fcr ein Kabel 4,8-12 mm - Markt-XXL","og_description":"Markt-XXL Kaflex Mono Kabelmanschette f\u00fcr ein Kabel 4,8-12 mm","og_url":"https:\/\/marktxxl.de\/markt\/produkt\/kaflex-mono-kabelmanschette-fuer-ein-kabel-48-12-mm\/","og_site_name":"Markt-XXL","article_modified_time":"2023-04-10T00:26:21+00:00","og_image":[{"width":500,"height":333,"url":"https:\/\/m.media-amazon.com\/images\/I\/51HYvJghi+L._SL500_.jpg","type":"image\/jpeg"}],"twitter_card":"summary_large_image","schema":{"@context":"https:\/\/schema.org","@graph":[{"@type":"WebPage","@id":"https:\/\/marktxxl.de\/markt\/produkt\/kaflex-mono-kabelmanschette-fuer-ein-kabel-48-12-mm\/","url":"https:\/\/marktxxl.de\/markt\/produkt\/kaflex-mono-kabelmanschette-fuer-ein-kabel-48-12-mm\/","name":"Kaflex Mono Kabelmanschette f\u00fcr ein Kabel 4,8-12 mm - Markt-XXL","isPartOf":{"@id":"https:\/\/marktxxl.de\/markt\/#website"},"primaryImageOfPage":{"@id":"https:\/\/marktxxl.de\/markt\/produkt\/kaflex-mono-kabelmanschette-fuer-ein-kabel-48-12-mm\/#primaryimage"},"image":{"@id":"https:\/\/marktxxl.de\/markt\/produkt\/kaflex-mono-kabelmanschette-fuer-ein-kabel-48-12-mm\/#primaryimage"},"thumbnailUrl":"https:\/\/m.media-amazon.com\/images\/I\/51HYvJghi+L._SL500_.jpg","datePublished":"2021-11-11T23:36:16+00:00","dateModified":"2023-04-10T00:26:21+00:00","description":"Markt-XXL Kaflex Mono Kabelmanschette f\u00fcr ein Kabel 4,8-12 mm","breadcrumb":{"@id":"https:\/\/marktxxl.de\/markt\/produkt\/kaflex-mono-kabelmanschette-fuer-ein-kabel-48-12-mm\/#breadcrumb"},"inLanguage":"de","potentialAction":[{"@type":"ReadAction","target":["https:\/\/marktxxl.de\/markt\/produkt\/kaflex-mono-kabelmanschette-fuer-ein-kabel-48-12-mm\/"]}]},{"@type":"ImageObject","inLanguage":"de","@id":"https:\/\/marktxxl.de\/markt\/produkt\/kaflex-mono-kabelmanschette-fuer-ein-kabel-48-12-mm\/#primaryimage","url":"https:\/\/m.media-amazon.com\/images\/I\/51HYvJghi+L._SL500_.jpg","contentUrl":"https:\/\/m.media-amazon.com\/images\/I\/51HYvJghi+L._SL500_.jpg","width":500,"height":333},{"@type":"BreadcrumbList","@id":"https:\/\/marktxxl.de\/markt\/produkt\/kaflex-mono-kabelmanschette-fuer-ein-kabel-48-12-mm\/#breadcrumb","itemListElement":[{"@type":"ListItem","position":1,"name":"Startseite","item":"https:\/\/marktxxl.de\/markt\/"},{"@type":"ListItem","position":2,"name":"Markt","item":"https:\/\/marktxxl.de\/markt\/"},{"@type":"ListItem","position":3,"name":"Kaflex Mono Kabelmanschette f\u00fcr ein Kabel 4,8-12 mm"}]},{"@type":"WebSite","@id":"https:\/\/marktxxl.de\/markt\/#website","url":"https:\/\/marktxxl.de\/markt\/","name":"Markt-XXL","description":"Ihr Markt Online","publisher":{"@id":"https:\/\/marktxxl.de\/markt\/#organization"},"potentialAction":[{"@type":"SearchAction","target":{"@type":"EntryPoint","urlTemplate":"https:\/\/marktxxl.de\/markt\/?s={search_term_string}"},"query-input":{"@type":"PropertyValueSpecification","valueRequired":true,"valueName":"search_term_string"}}],"inLanguage":"de"},{"@type":"Organization","@id":"https:\/\/marktxxl.de\/markt\/#organization","name":"Markt-XXL","url":"https:\/\/marktxxl.de\/markt\/","logo":{"@type":"ImageObject","inLanguage":"de","@id":"https:\/\/marktxxl.de\/markt\/#\/schema\/logo\/image\/","url":"https:\/\/marktxxl.de\/markt\/wp-content\/uploads\/sites\/3\/2020\/12\/logo.png","contentUrl":"https:\/\/marktxxl.de\/markt\/wp-content\/uploads\/sites\/3\/2020\/12\/logo.png","width":200,"height":70,"caption":"Markt-XXL"},"image":{"@id":"https:\/\/marktxxl.de\/markt\/#\/schema\/logo\/image\/"}}]}},"_links":{"self":[{"href":"https:\/\/marktxxl.de\/markt\/wp-json\/wp\/v2\/product\/65377","targetHints":{"allow":["GET"]}}],"collection":[{"href":"https:\/\/marktxxl.de\/markt\/wp-json\/wp\/v2\/product"}],"about":[{"href":"https:\/\/marktxxl.de\/markt\/wp-json\/wp\/v2\/types\/product"}],"replies":[{"embeddable":true,"href":"https:\/\/marktxxl.de\/markt\/wp-json\/wp\/v2\/comments?post=65377"}],"wp:featuredmedia":[{"embeddable":true,"href":"https:\/\/marktxxl.de\/markt\/wp-json\/wp\/v2\/media\/65378"}],"wp:attachment":[{"href":"https:\/\/marktxxl.de\/markt\/wp-json\/wp\/v2\/media?parent=65377"}],"wp:term":[{"taxonomy":"product_brand","embeddable":true,"href":"https:\/\/marktxxl.de\/markt\/wp-json\/wp\/v2\/product_brand?post=65377"},{"taxonomy":"product_cat","embeddable":true,"href":"https:\/\/marktxxl.de\/markt\/wp-json\/wp\/v2\/product_cat?post=65377"},{"taxonomy":"product_tag","embeddable":true,"href":"https:\/\/marktxxl.de\/markt\/wp-json\/wp\/v2\/product_tag?post=65377"}],"curies":[{"name":"wp","href":"https:\/\/api.w.org\/{rel}","templated":true}]}}