{"id":64734,"date":"2021-11-12T00:06:31","date_gmt":"2021-11-11T23:06:31","guid":{"rendered":"https:\/\/marktxxl.de\/markt\/produkt\/bebamour-universal-hoodie-all-seasons-babytragenbezug-winter-warm\/"},"modified":"2023-04-11T02:34:40","modified_gmt":"2023-04-11T00:34:40","slug":"bebamour-universal-hoodie-all-seasons-babytragenbezug-winter-warm","status":"publish","type":"product","link":"https:\/\/marktxxl.de\/markt\/produkt\/bebamour-universal-hoodie-all-seasons-babytragenbezug-winter-warm\/","title":{"rendered":"Bebamour Baby Tragetasche Winter Set warme Universal Hoodie Baby Tragetasche f\u00fcr alle Jahreszeiten(Black)"},"content":{"rendered":"<p>BEZIEHT ALLE BABYTR\u00c4GER &#8211; Front- oder Rucksacktr\u00e4ger oder H\u00fcfttr\u00e4ger. Der Bezug der Babytrage l\u00e4sst sich leicht auf jede Babytrage aufschnappen. Es ist auch eine dicke Kinderwagendecke, die als Kinderwagen-Winterdecke, Stilldecke, Poncho oder Decke verwendet werden kann.<br \/>\nF\u00dcR ALLE JAHRESZEITEN GEEIGNET &#8211; Leichter Stoff und funktionelle M\u00f6glichkeiten sind der attraktive Charakter, den Sie w\u00e4hlen k\u00f6nnen. Es kann Ihr Kind im Alter von 0 bis 5 Jahren sch\u00fctzen. h\u00e4lt Baby warm, trocken und sauber. Sicher, dass es Ihnen und Ihrer Familie gefallen wird.<br \/>\nSORGF\u00c4LTIGES DESIGN &#8211; Die gro\u00dfe Komforttasche h\u00e4lt die H\u00e4nde der Eltern warm und bietet ausreichend Platz f\u00fcr die t\u00e4glichen Dinge wie Handys, Schl\u00fcssel usw. Auf der rechten und linken Seite des Deckels befinden sich Rei\u00dfverschl\u00fcsse f\u00fcr Babyf\u00fc\u00dfe. Sie k\u00f6nnen die Rei\u00dfverschl\u00fcsse schlie\u00dfen, um das Baby am Wintertag zu w\u00e4rmen, und den Rei\u00dfverschluss \u00f6ffnen, um das Baby am hei\u00dfen Tag zu k\u00fchlen.<br \/>\nABNEHMBARE HUT MIT REISSVERSCHLUSS UND SCHNALLE &#8211; Die Kopfbedeckung kann eine abnehmbare und reversible Kappe sein. Sie k\u00f6nnen es verwenden, wenn Sie Ihr Baby vorne oder Rucksack setzen.<br \/>\nKEIN WASCHEN MIT DER MASCHINE &#8211; Bitte nur mit einem milden Reinigungsmittel von Hand waschen, um Sch\u00e4den am Produkt zu vermeiden.<br \/>\n<div class=\"main-cross-sell\" data-asin=\"B07BRKFDTW\">\n\n\t<div class=\"WooZone-cross-sell-loader\">\n\t\t<div>\n\t\t\t<div id=\"floatingBarsG\">\n\t\t\t\t<div class=\"blockG\" id=\"rotateG_01\"><\/div>\n\t\t\t\t<div class=\"blockG\" id=\"rotateG_02\"><\/div>\n\t\t\t\t<div class=\"blockG\" id=\"rotateG_03\"><\/div>\n\t\t\t\t<div class=\"blockG\" id=\"rotateG_04\"><\/div>\n\t\t\t\t<div class=\"blockG\" id=\"rotateG_05\"><\/div>\n\t\t\t\t<div class=\"blockG\" id=\"rotateG_06\"><\/div>\n\t\t\t\t<div class=\"blockG\" id=\"rotateG_07\"><\/div>\n\t\t\t\t<div class=\"blockG\" id=\"rotateG_08\"><\/div>\n\t\t\t<\/div>\n\t\t\t<div class=\"WooZone-cross-sell-loader-text\"><\/div>\n\t\t<\/div>\n\t<\/div>\n\n\t\t\n<\/div>\n<div style=\"clear:both;\"><\/div><\/p>\n","protected":false},"excerpt":{"rendered":"<p>BEZIEHT ALLE BABYTR\u00c4GER &#8211; Front- oder Rucksacktr\u00e4ger oder H\u00fcfttr\u00e4ger. Der Bezug der Babytrage l\u00e4sst sich leicht auf jede Babytrage aufschnappen. Es ist auch eine dicke Kinderwagendecke, die als Kinderwagen-Winterdecke, Stilldecke, Poncho oder Decke verwendet werden kann.<br \/>\nF\u00dcR ALLE JAHRESZEITEN GEEIGNET &#8211; Leichter Stoff und funktionelle M\u00f6glichkeiten sind der attraktive Charakter, den Sie w\u00e4hlen k\u00f6nnen. Es kann Ihr Kind im Alter von 0 bis 5 Jahren sch\u00fctzen. h\u00e4lt Baby warm, trocken und sauber. Sicher, dass es Ihnen und Ihrer Familie gefallen wird.<br \/>\nSORGF\u00c4LTIGES DESIGN &#8211; Die gro\u00dfe Komforttasche h\u00e4lt die H\u00e4nde der Eltern warm und bietet ausreichend Platz f\u00fcr die t\u00e4glichen Dinge wie Handys, Schl\u00fcssel usw. Auf der rechten und linken Seite des Deckels befinden sich Rei\u00dfverschl\u00fcsse f\u00fcr Babyf\u00fc\u00dfe. Sie k\u00f6nnen die Rei\u00dfverschl\u00fcsse schlie\u00dfen, um das Baby am Wintertag zu w\u00e4rmen, und den Rei\u00dfverschluss \u00f6ffnen, um das Baby am hei\u00dfen Tag zu k\u00fchlen.<\/p>\n","protected":false},"featured_media":64735,"comment_status":"open","ping_status":"closed","template":"","meta":[],"product_brand":[],"product_cat":[21,9074],"product_tag":[],"class_list":{"0":"post-64734","1":"product","2":"type-product","3":"status-publish","4":"has-post-thumbnail","6":"product_cat-baby","7":"product_cat-babytragen-baby","8":"pa_binding-babyartikel","9":"pa_brand-bebear","10":"pa_height-1-2-zoll","11":"pa_length-33-9-zoll","12":"pa_manufacturer-bebamour","13":"pa_model-ukp02","14":"pa_weight-0-66-pfund","15":"pa_width-19-7-zoll","17":"first","18":"instock","19":"shipping-taxable","20":"purchasable","21":"product-type-simple","22":"customify-col","23":"product-has-gallery"},"yoast_head":"<!-- This site is optimized with the Yoast SEO plugin v27.4 - https:\/\/yoast.com\/product\/yoast-seo-wordpress\/ -->\n<title>Bebamour Baby Tragetasche Winter Set warme Universal Hoodie Baby Tragetasche f\u00fcr alle Jahreszeiten(Black) - Markt-XXL<\/title>\n<meta name=\"description\" content=\"Markt-XXL Bebamour Baby Tragetasche Winter Set warme Universal Hoodie Baby Tragetasche f\u00fcr alle Jahreszeiten(Black)\" \/>\n<meta name=\"robots\" content=\"index, follow, max-snippet:-1, max-image-preview:large, max-video-preview:-1\" \/>\n<link rel=\"canonical\" href=\"https:\/\/marktxxl.de\/markt\/produkt\/bebamour-universal-hoodie-all-seasons-babytragenbezug-winter-warm\/\" \/>\n<meta property=\"og:locale\" content=\"de_DE\" \/>\n<meta property=\"og:type\" content=\"article\" \/>\n<meta property=\"og:title\" content=\"Bebamour Baby Tragetasche Winter Set warme Universal Hoodie Baby Tragetasche f\u00fcr alle Jahreszeiten(Black) - Markt-XXL\" \/>\n<meta property=\"og:description\" content=\"Markt-XXL Bebamour Baby Tragetasche Winter Set warme Universal Hoodie Baby Tragetasche f\u00fcr alle Jahreszeiten(Black)\" \/>\n<meta property=\"og:url\" content=\"https:\/\/marktxxl.de\/markt\/produkt\/bebamour-universal-hoodie-all-seasons-babytragenbezug-winter-warm\/\" \/>\n<meta property=\"og:site_name\" content=\"Markt-XXL\" \/>\n<meta property=\"article:modified_time\" content=\"2023-04-11T00:34:40+00:00\" \/>\n<meta property=\"og:image\" content=\"https:\/\/m.media-amazon.com\/images\/I\/31cyyw5wMPL._SL500_.jpg\" \/>\n\t<meta property=\"og:image:width\" content=\"500\" \/>\n\t<meta property=\"og:image:height\" content=\"500\" \/>\n\t<meta property=\"og:image:type\" content=\"image\/jpeg\" \/>\n<meta name=\"twitter:card\" content=\"summary_large_image\" \/>\n<meta name=\"twitter:label1\" content=\"Gesch\u00e4tzte Lesezeit\" \/>\n\t<meta name=\"twitter:data1\" content=\"1\u00a0Minute\" \/>\n<script type=\"application\/ld+json\" class=\"yoast-schema-graph\">{\"@context\":\"https:\\\/\\\/schema.org\",\"@graph\":[{\"@type\":\"WebPage\",\"@id\":\"https:\\\/\\\/marktxxl.de\\\/markt\\\/produkt\\\/bebamour-universal-hoodie-all-seasons-babytragenbezug-winter-warm\\\/\",\"url\":\"https:\\\/\\\/marktxxl.de\\\/markt\\\/produkt\\\/bebamour-universal-hoodie-all-seasons-babytragenbezug-winter-warm\\\/\",\"name\":\"Bebamour Baby Tragetasche Winter Set warme Universal Hoodie Baby Tragetasche f\u00fcr alle Jahreszeiten(Black) - Markt-XXL\",\"isPartOf\":{\"@id\":\"https:\\\/\\\/marktxxl.de\\\/markt\\\/#website\"},\"primaryImageOfPage\":{\"@id\":\"https:\\\/\\\/marktxxl.de\\\/markt\\\/produkt\\\/bebamour-universal-hoodie-all-seasons-babytragenbezug-winter-warm\\\/#primaryimage\"},\"image\":{\"@id\":\"https:\\\/\\\/marktxxl.de\\\/markt\\\/produkt\\\/bebamour-universal-hoodie-all-seasons-babytragenbezug-winter-warm\\\/#primaryimage\"},\"thumbnailUrl\":\"https:\\\/\\\/m.media-amazon.com\\\/images\\\/I\\\/31cyyw5wMPL._SL500_.jpg\",\"datePublished\":\"2021-11-11T23:06:31+00:00\",\"dateModified\":\"2023-04-11T00:34:40+00:00\",\"description\":\"Markt-XXL Bebamour Baby Tragetasche Winter Set warme Universal Hoodie Baby Tragetasche f\u00fcr alle Jahreszeiten(Black)\",\"breadcrumb\":{\"@id\":\"https:\\\/\\\/marktxxl.de\\\/markt\\\/produkt\\\/bebamour-universal-hoodie-all-seasons-babytragenbezug-winter-warm\\\/#breadcrumb\"},\"inLanguage\":\"de\",\"potentialAction\":[{\"@type\":\"ReadAction\",\"target\":[\"https:\\\/\\\/marktxxl.de\\\/markt\\\/produkt\\\/bebamour-universal-hoodie-all-seasons-babytragenbezug-winter-warm\\\/\"]}]},{\"@type\":\"ImageObject\",\"inLanguage\":\"de\",\"@id\":\"https:\\\/\\\/marktxxl.de\\\/markt\\\/produkt\\\/bebamour-universal-hoodie-all-seasons-babytragenbezug-winter-warm\\\/#primaryimage\",\"url\":\"https:\\\/\\\/m.media-amazon.com\\\/images\\\/I\\\/31cyyw5wMPL._SL500_.jpg\",\"contentUrl\":\"https:\\\/\\\/m.media-amazon.com\\\/images\\\/I\\\/31cyyw5wMPL._SL500_.jpg\",\"width\":500,\"height\":500},{\"@type\":\"BreadcrumbList\",\"@id\":\"https:\\\/\\\/marktxxl.de\\\/markt\\\/produkt\\\/bebamour-universal-hoodie-all-seasons-babytragenbezug-winter-warm\\\/#breadcrumb\",\"itemListElement\":[{\"@type\":\"ListItem\",\"position\":1,\"name\":\"Startseite\",\"item\":\"https:\\\/\\\/marktxxl.de\\\/markt\\\/\"},{\"@type\":\"ListItem\",\"position\":2,\"name\":\"Markt\",\"item\":\"https:\\\/\\\/marktxxl.de\\\/markt\\\/\"},{\"@type\":\"ListItem\",\"position\":3,\"name\":\"Bebamour Baby Tragetasche Winter Set warme Universal Hoodie Baby Tragetasche f\u00fcr alle Jahreszeiten(Black)\"}]},{\"@type\":\"WebSite\",\"@id\":\"https:\\\/\\\/marktxxl.de\\\/markt\\\/#website\",\"url\":\"https:\\\/\\\/marktxxl.de\\\/markt\\\/\",\"name\":\"Markt-XXL\",\"description\":\"Ihr Markt Online\",\"publisher\":{\"@id\":\"https:\\\/\\\/marktxxl.de\\\/markt\\\/#organization\"},\"potentialAction\":[{\"@type\":\"SearchAction\",\"target\":{\"@type\":\"EntryPoint\",\"urlTemplate\":\"https:\\\/\\\/marktxxl.de\\\/markt\\\/?s={search_term_string}\"},\"query-input\":{\"@type\":\"PropertyValueSpecification\",\"valueRequired\":true,\"valueName\":\"search_term_string\"}}],\"inLanguage\":\"de\"},{\"@type\":\"Organization\",\"@id\":\"https:\\\/\\\/marktxxl.de\\\/markt\\\/#organization\",\"name\":\"Markt-XXL\",\"url\":\"https:\\\/\\\/marktxxl.de\\\/markt\\\/\",\"logo\":{\"@type\":\"ImageObject\",\"inLanguage\":\"de\",\"@id\":\"https:\\\/\\\/marktxxl.de\\\/markt\\\/#\\\/schema\\\/logo\\\/image\\\/\",\"url\":\"https:\\\/\\\/marktxxl.de\\\/markt\\\/wp-content\\\/uploads\\\/sites\\\/3\\\/2020\\\/12\\\/logo.png\",\"contentUrl\":\"https:\\\/\\\/marktxxl.de\\\/markt\\\/wp-content\\\/uploads\\\/sites\\\/3\\\/2020\\\/12\\\/logo.png\",\"width\":200,\"height\":70,\"caption\":\"Markt-XXL\"},\"image\":{\"@id\":\"https:\\\/\\\/marktxxl.de\\\/markt\\\/#\\\/schema\\\/logo\\\/image\\\/\"}}]}<\/script>\n<!-- \/ Yoast SEO plugin. -->","yoast_head_json":{"title":"Bebamour Baby Tragetasche Winter Set warme Universal Hoodie Baby Tragetasche f\u00fcr alle Jahreszeiten(Black) - Markt-XXL","description":"Markt-XXL Bebamour Baby Tragetasche Winter Set warme Universal Hoodie Baby Tragetasche f\u00fcr alle Jahreszeiten(Black)","robots":{"index":"index","follow":"follow","max-snippet":"max-snippet:-1","max-image-preview":"max-image-preview:large","max-video-preview":"max-video-preview:-1"},"canonical":"https:\/\/marktxxl.de\/markt\/produkt\/bebamour-universal-hoodie-all-seasons-babytragenbezug-winter-warm\/","og_locale":"de_DE","og_type":"article","og_title":"Bebamour Baby Tragetasche Winter Set warme Universal Hoodie Baby Tragetasche f\u00fcr alle Jahreszeiten(Black) - Markt-XXL","og_description":"Markt-XXL Bebamour Baby Tragetasche Winter Set warme Universal Hoodie Baby Tragetasche f\u00fcr alle Jahreszeiten(Black)","og_url":"https:\/\/marktxxl.de\/markt\/produkt\/bebamour-universal-hoodie-all-seasons-babytragenbezug-winter-warm\/","og_site_name":"Markt-XXL","article_modified_time":"2023-04-11T00:34:40+00:00","og_image":[{"width":500,"height":500,"url":"https:\/\/m.media-amazon.com\/images\/I\/31cyyw5wMPL._SL500_.jpg","type":"image\/jpeg"}],"twitter_card":"summary_large_image","twitter_misc":{"Gesch\u00e4tzte Lesezeit":"1\u00a0Minute"},"schema":{"@context":"https:\/\/schema.org","@graph":[{"@type":"WebPage","@id":"https:\/\/marktxxl.de\/markt\/produkt\/bebamour-universal-hoodie-all-seasons-babytragenbezug-winter-warm\/","url":"https:\/\/marktxxl.de\/markt\/produkt\/bebamour-universal-hoodie-all-seasons-babytragenbezug-winter-warm\/","name":"Bebamour Baby Tragetasche Winter Set warme Universal Hoodie Baby Tragetasche f\u00fcr alle Jahreszeiten(Black) - Markt-XXL","isPartOf":{"@id":"https:\/\/marktxxl.de\/markt\/#website"},"primaryImageOfPage":{"@id":"https:\/\/marktxxl.de\/markt\/produkt\/bebamour-universal-hoodie-all-seasons-babytragenbezug-winter-warm\/#primaryimage"},"image":{"@id":"https:\/\/marktxxl.de\/markt\/produkt\/bebamour-universal-hoodie-all-seasons-babytragenbezug-winter-warm\/#primaryimage"},"thumbnailUrl":"https:\/\/m.media-amazon.com\/images\/I\/31cyyw5wMPL._SL500_.jpg","datePublished":"2021-11-11T23:06:31+00:00","dateModified":"2023-04-11T00:34:40+00:00","description":"Markt-XXL Bebamour Baby Tragetasche Winter Set warme Universal Hoodie Baby Tragetasche f\u00fcr alle Jahreszeiten(Black)","breadcrumb":{"@id":"https:\/\/marktxxl.de\/markt\/produkt\/bebamour-universal-hoodie-all-seasons-babytragenbezug-winter-warm\/#breadcrumb"},"inLanguage":"de","potentialAction":[{"@type":"ReadAction","target":["https:\/\/marktxxl.de\/markt\/produkt\/bebamour-universal-hoodie-all-seasons-babytragenbezug-winter-warm\/"]}]},{"@type":"ImageObject","inLanguage":"de","@id":"https:\/\/marktxxl.de\/markt\/produkt\/bebamour-universal-hoodie-all-seasons-babytragenbezug-winter-warm\/#primaryimage","url":"https:\/\/m.media-amazon.com\/images\/I\/31cyyw5wMPL._SL500_.jpg","contentUrl":"https:\/\/m.media-amazon.com\/images\/I\/31cyyw5wMPL._SL500_.jpg","width":500,"height":500},{"@type":"BreadcrumbList","@id":"https:\/\/marktxxl.de\/markt\/produkt\/bebamour-universal-hoodie-all-seasons-babytragenbezug-winter-warm\/#breadcrumb","itemListElement":[{"@type":"ListItem","position":1,"name":"Startseite","item":"https:\/\/marktxxl.de\/markt\/"},{"@type":"ListItem","position":2,"name":"Markt","item":"https:\/\/marktxxl.de\/markt\/"},{"@type":"ListItem","position":3,"name":"Bebamour Baby Tragetasche Winter Set warme Universal Hoodie Baby Tragetasche f\u00fcr alle Jahreszeiten(Black)"}]},{"@type":"WebSite","@id":"https:\/\/marktxxl.de\/markt\/#website","url":"https:\/\/marktxxl.de\/markt\/","name":"Markt-XXL","description":"Ihr Markt Online","publisher":{"@id":"https:\/\/marktxxl.de\/markt\/#organization"},"potentialAction":[{"@type":"SearchAction","target":{"@type":"EntryPoint","urlTemplate":"https:\/\/marktxxl.de\/markt\/?s={search_term_string}"},"query-input":{"@type":"PropertyValueSpecification","valueRequired":true,"valueName":"search_term_string"}}],"inLanguage":"de"},{"@type":"Organization","@id":"https:\/\/marktxxl.de\/markt\/#organization","name":"Markt-XXL","url":"https:\/\/marktxxl.de\/markt\/","logo":{"@type":"ImageObject","inLanguage":"de","@id":"https:\/\/marktxxl.de\/markt\/#\/schema\/logo\/image\/","url":"https:\/\/marktxxl.de\/markt\/wp-content\/uploads\/sites\/3\/2020\/12\/logo.png","contentUrl":"https:\/\/marktxxl.de\/markt\/wp-content\/uploads\/sites\/3\/2020\/12\/logo.png","width":200,"height":70,"caption":"Markt-XXL"},"image":{"@id":"https:\/\/marktxxl.de\/markt\/#\/schema\/logo\/image\/"}}]}},"_links":{"self":[{"href":"https:\/\/marktxxl.de\/markt\/wp-json\/wp\/v2\/product\/64734","targetHints":{"allow":["GET"]}}],"collection":[{"href":"https:\/\/marktxxl.de\/markt\/wp-json\/wp\/v2\/product"}],"about":[{"href":"https:\/\/marktxxl.de\/markt\/wp-json\/wp\/v2\/types\/product"}],"replies":[{"embeddable":true,"href":"https:\/\/marktxxl.de\/markt\/wp-json\/wp\/v2\/comments?post=64734"}],"wp:featuredmedia":[{"embeddable":true,"href":"https:\/\/marktxxl.de\/markt\/wp-json\/wp\/v2\/media\/64735"}],"wp:attachment":[{"href":"https:\/\/marktxxl.de\/markt\/wp-json\/wp\/v2\/media?parent=64734"}],"wp:term":[{"taxonomy":"product_brand","embeddable":true,"href":"https:\/\/marktxxl.de\/markt\/wp-json\/wp\/v2\/product_brand?post=64734"},{"taxonomy":"product_cat","embeddable":true,"href":"https:\/\/marktxxl.de\/markt\/wp-json\/wp\/v2\/product_cat?post=64734"},{"taxonomy":"product_tag","embeddable":true,"href":"https:\/\/marktxxl.de\/markt\/wp-json\/wp\/v2\/product_tag?post=64734"}],"curies":[{"name":"wp","href":"https:\/\/api.w.org\/{rel}","templated":true}]}}