{"id":64727,"date":"2021-11-12T00:06:27","date_gmt":"2021-11-11T23:06:27","guid":{"rendered":"https:\/\/marktxxl.de\/markt\/produkt\/luvdbaby-premium-babytrage-wanderrucksack-baby-carrier-fuer-wanderungen-mit-kindern-ergonomisch-sinnvolles-tragen-ihres-kindes\/"},"modified":"2023-04-11T02:34:40","modified_gmt":"2023-04-11T00:34:40","slug":"luvdbaby-premium-babytrage-wanderrucksack-baby-carrier-fuer-wanderungen-mit-kindern-ergonomisch-sinnvolles-tragen-ihres-kindes","status":"publish","type":"product","link":"https:\/\/marktxxl.de\/markt\/produkt\/luvdbaby-premium-babytrage-wanderrucksack-baby-carrier-fuer-wanderungen-mit-kindern-ergonomisch-sinnvolles-tragen-ihres-kindes\/","title":{"rendered":"Luvdbaby Premium Babytrage Wanderrucksack &#8211; Baby Carrier f\u00fcr Wanderungen mit Kindern &#8211; Ergonomisch sinnvolles Tragen\u2026"},"content":{"rendered":"<p>SICHER UND KOMFORTABEL: Tragen Sie Ihr Kind sicher in unserer gepolsterten Tragetasche mit Sicherheitsgurten und Steigb\u00fcgeln. Ideales Wandern Zubeh\u00f6r. Die Baby Kindertrage hat zus\u00e4tzlich abnehmbare, verstaubare Sonnenblende, die Ihr Kind vor \u00e4u\u00dferen Einfl\u00fcssen sch\u00fctzt.<br \/>\nTREKKINGRUCKSACK F\u00dcR BABYS SCH\u00dcTZT AUCH IHREN R\u00dcCKEN: Unsere Baby Trage ist h\u00f6henverstellbar, so dass Sie mit Ihrem Baby oder Kleinkind stundenlang unterwegs sein k\u00f6nnen. Die Tragegurte sind stark gepolstert und der Gurt ist stabil genug, um das Gewicht Ihres Babys oder Kleinkindes zu verteilen.<br \/>\nMEHRERE F\u00c4CHER + EINE ISOLIERTASCHE F\u00dcR FLASCHEN: Da wir wissen, wie viele Sachen Sie und Ihr Baby mitnehmen m\u00fcssen, haben wir unsere Baby Tragetaschen mit verschiedenen F\u00e4chern speziell f\u00fcr Sie und Ihr Kind entworfen. Sie verf\u00fcgt \u00fcber Netztaschen an den Au\u00dfenseiten sowie eine gro\u00dfe Tasche auf der R\u00fcckseite. Der Taillengurt hat Taschen f\u00fcr Ihr Handy und Ihre Schl\u00fcssel und es gibt zus\u00e4tzlich eine Isoliertasche f\u00fcr die Kinderflasche.<br \/>\nWICKELAUFLAGE: Wir wissen, wie es ist, mit dem Baby unterwegs zu sein. Deshalb haben wir sogar eine faltbare Wickelunterlage eingebaut. Legen Sie Ihr Kind darauf und ben\u00fctzen Sie selbst im Ferien eine saubere, sichere Oberfl\u00e4che.<br \/>\nDER BABY- UND KINDERTRAGERUCKSACK WURDE F\u00dcR LANGE HALTBARKEIT GEBAUT: Unsere Babytragetasche ist aus Materialien h\u00f6chster Qualit\u00e4t hergestellt, die langlebig und haltbar sind. Das wichtigste Material ist wasserdichtes 600D &amp; 300D Ripstop Polyester, das robust ist und auch so gut aussieht. Der ausklappbare St\u00e4nder ist aus starkem, leichtem Aluminium gemacht.<br \/>\n<div class=\"main-cross-sell\" data-asin=\"B07W878VX5\">\n\n\t<div class=\"WooZone-cross-sell-loader\">\n\t\t<div>\n\t\t\t<div id=\"floatingBarsG\">\n\t\t\t\t<div class=\"blockG\" id=\"rotateG_01\"><\/div>\n\t\t\t\t<div class=\"blockG\" id=\"rotateG_02\"><\/div>\n\t\t\t\t<div class=\"blockG\" id=\"rotateG_03\"><\/div>\n\t\t\t\t<div class=\"blockG\" id=\"rotateG_04\"><\/div>\n\t\t\t\t<div class=\"blockG\" id=\"rotateG_05\"><\/div>\n\t\t\t\t<div class=\"blockG\" id=\"rotateG_06\"><\/div>\n\t\t\t\t<div class=\"blockG\" id=\"rotateG_07\"><\/div>\n\t\t\t\t<div class=\"blockG\" id=\"rotateG_08\"><\/div>\n\t\t\t<\/div>\n\t\t\t<div class=\"WooZone-cross-sell-loader-text\"><\/div>\n\t\t<\/div>\n\t<\/div>\n\n\t\t\n<\/div>\n<div style=\"clear:both;\"><\/div><\/p>\n","protected":false},"excerpt":{"rendered":"<p>SICHER UND KOMFORTABEL: Tragen Sie Ihr Kind sicher in unserer gepolsterten Tragetasche mit Sicherheitsgurten und Steigb\u00fcgeln. Ideales Wandern Zubeh\u00f6r. Die Baby Kindertrage hat zus\u00e4tzlich abnehmbare, verstaubare Sonnenblende, die Ihr Kind vor \u00e4u\u00dferen Einfl\u00fcssen sch\u00fctzt.<br \/>\nTREKKINGRUCKSACK F\u00dcR BABYS SCH\u00dcTZT AUCH IHREN R\u00dcCKEN: Unsere Baby Trage ist h\u00f6henverstellbar, so dass Sie mit Ihrem Baby oder Kleinkind stundenlang unterwegs sein k\u00f6nnen. Die Tragegurte sind stark gepolstert und der Gurt ist stabil genug, um das Gewicht Ihres Babys oder Kleinkindes zu verteilen.<br \/>\nMEHRERE F\u00c4CHER + EINE ISOLIERTASCHE F\u00dcR FLASCHEN: Da wir wissen, wie viele Sachen Sie und Ihr Baby mitnehmen m\u00fcssen, haben wir unsere Baby Tragetaschen mit verschiedenen F\u00e4chern speziell f\u00fcr Sie und Ihr Kind entworfen. Sie verf\u00fcgt \u00fcber Netztaschen an den Au\u00dfenseiten sowie eine gro\u00dfe Tasche auf der R\u00fcckseite. Der Taillengurt hat Taschen f\u00fcr Ihr Handy und Ihre Schl\u00fcssel und es gibt zus\u00e4tzlich eine Isoliertasche f\u00fcr die Kinderflasche.<\/p>\n","protected":false},"featured_media":64728,"comment_status":"open","ping_status":"closed","template":"","meta":[],"product_brand":[],"product_cat":[21,9074],"product_tag":[],"class_list":{"0":"post-64727","1":"product","2":"type-product","3":"status-publish","4":"has-post-thumbnail","6":"product_cat-baby","7":"product_cat-babytragen-baby","8":"pa_brand-luvdbaby","9":"pa_manufacturer-luvdbaby","11":"first","12":"instock","13":"shipping-taxable","14":"purchasable","15":"product-type-simple","16":"customify-col","17":"product-has-gallery"},"yoast_head":"<!-- This site is optimized with the Yoast SEO plugin v27.4 - https:\/\/yoast.com\/product\/yoast-seo-wordpress\/ -->\n<title>Luvdbaby Premium Babytrage Wanderrucksack - Baby Carrier f\u00fcr Wanderungen mit Kindern - Ergonomisch sinnvolles Tragen\u2026 - Markt-XXL<\/title>\n<meta name=\"description\" content=\"Markt-XXL Luvdbaby Premium Babytrage Wanderrucksack - Baby Carrier f\u00fcr Wanderungen mit Kindern - Ergonomisch sinnvolles Tragen\u2026\" \/>\n<meta name=\"robots\" content=\"index, follow, max-snippet:-1, max-image-preview:large, max-video-preview:-1\" \/>\n<link rel=\"canonical\" href=\"https:\/\/marktxxl.de\/markt\/produkt\/luvdbaby-premium-babytrage-wanderrucksack-baby-carrier-fuer-wanderungen-mit-kindern-ergonomisch-sinnvolles-tragen-ihres-kindes\/\" \/>\n<meta property=\"og:locale\" content=\"de_DE\" \/>\n<meta property=\"og:type\" content=\"article\" \/>\n<meta property=\"og:title\" content=\"Luvdbaby Premium Babytrage Wanderrucksack - Baby Carrier f\u00fcr Wanderungen mit Kindern - Ergonomisch sinnvolles Tragen\u2026 - Markt-XXL\" \/>\n<meta property=\"og:description\" content=\"Markt-XXL Luvdbaby Premium Babytrage Wanderrucksack - Baby Carrier f\u00fcr Wanderungen mit Kindern - Ergonomisch sinnvolles Tragen\u2026\" \/>\n<meta property=\"og:url\" content=\"https:\/\/marktxxl.de\/markt\/produkt\/luvdbaby-premium-babytrage-wanderrucksack-baby-carrier-fuer-wanderungen-mit-kindern-ergonomisch-sinnvolles-tragen-ihres-kindes\/\" \/>\n<meta property=\"og:site_name\" content=\"Markt-XXL\" \/>\n<meta property=\"article:modified_time\" content=\"2023-04-11T00:34:40+00:00\" \/>\n<meta property=\"og:image\" content=\"https:\/\/m.media-amazon.com\/images\/I\/417h1EsPowL._SL500_.jpg\" \/>\n\t<meta property=\"og:image:width\" content=\"357\" \/>\n\t<meta property=\"og:image:height\" content=\"500\" \/>\n\t<meta property=\"og:image:type\" content=\"image\/jpeg\" \/>\n<meta name=\"twitter:card\" content=\"summary_large_image\" \/>\n<meta name=\"twitter:label1\" content=\"Gesch\u00e4tzte Lesezeit\" \/>\n\t<meta name=\"twitter:data1\" content=\"1\u00a0Minute\" \/>\n<script type=\"application\/ld+json\" class=\"yoast-schema-graph\">{\"@context\":\"https:\\\/\\\/schema.org\",\"@graph\":[{\"@type\":\"WebPage\",\"@id\":\"https:\\\/\\\/marktxxl.de\\\/markt\\\/produkt\\\/luvdbaby-premium-babytrage-wanderrucksack-baby-carrier-fuer-wanderungen-mit-kindern-ergonomisch-sinnvolles-tragen-ihres-kindes\\\/\",\"url\":\"https:\\\/\\\/marktxxl.de\\\/markt\\\/produkt\\\/luvdbaby-premium-babytrage-wanderrucksack-baby-carrier-fuer-wanderungen-mit-kindern-ergonomisch-sinnvolles-tragen-ihres-kindes\\\/\",\"name\":\"Luvdbaby Premium Babytrage Wanderrucksack - Baby Carrier f\u00fcr Wanderungen mit Kindern - Ergonomisch sinnvolles Tragen\u2026 - Markt-XXL\",\"isPartOf\":{\"@id\":\"https:\\\/\\\/marktxxl.de\\\/markt\\\/#website\"},\"primaryImageOfPage\":{\"@id\":\"https:\\\/\\\/marktxxl.de\\\/markt\\\/produkt\\\/luvdbaby-premium-babytrage-wanderrucksack-baby-carrier-fuer-wanderungen-mit-kindern-ergonomisch-sinnvolles-tragen-ihres-kindes\\\/#primaryimage\"},\"image\":{\"@id\":\"https:\\\/\\\/marktxxl.de\\\/markt\\\/produkt\\\/luvdbaby-premium-babytrage-wanderrucksack-baby-carrier-fuer-wanderungen-mit-kindern-ergonomisch-sinnvolles-tragen-ihres-kindes\\\/#primaryimage\"},\"thumbnailUrl\":\"https:\\\/\\\/m.media-amazon.com\\\/images\\\/I\\\/417h1EsPowL._SL500_.jpg\",\"datePublished\":\"2021-11-11T23:06:27+00:00\",\"dateModified\":\"2023-04-11T00:34:40+00:00\",\"description\":\"Markt-XXL Luvdbaby Premium Babytrage Wanderrucksack - Baby Carrier f\u00fcr Wanderungen mit Kindern - Ergonomisch sinnvolles Tragen\u2026\",\"breadcrumb\":{\"@id\":\"https:\\\/\\\/marktxxl.de\\\/markt\\\/produkt\\\/luvdbaby-premium-babytrage-wanderrucksack-baby-carrier-fuer-wanderungen-mit-kindern-ergonomisch-sinnvolles-tragen-ihres-kindes\\\/#breadcrumb\"},\"inLanguage\":\"de\",\"potentialAction\":[{\"@type\":\"ReadAction\",\"target\":[\"https:\\\/\\\/marktxxl.de\\\/markt\\\/produkt\\\/luvdbaby-premium-babytrage-wanderrucksack-baby-carrier-fuer-wanderungen-mit-kindern-ergonomisch-sinnvolles-tragen-ihres-kindes\\\/\"]}]},{\"@type\":\"ImageObject\",\"inLanguage\":\"de\",\"@id\":\"https:\\\/\\\/marktxxl.de\\\/markt\\\/produkt\\\/luvdbaby-premium-babytrage-wanderrucksack-baby-carrier-fuer-wanderungen-mit-kindern-ergonomisch-sinnvolles-tragen-ihres-kindes\\\/#primaryimage\",\"url\":\"https:\\\/\\\/m.media-amazon.com\\\/images\\\/I\\\/417h1EsPowL._SL500_.jpg\",\"contentUrl\":\"https:\\\/\\\/m.media-amazon.com\\\/images\\\/I\\\/417h1EsPowL._SL500_.jpg\",\"width\":357,\"height\":500},{\"@type\":\"BreadcrumbList\",\"@id\":\"https:\\\/\\\/marktxxl.de\\\/markt\\\/produkt\\\/luvdbaby-premium-babytrage-wanderrucksack-baby-carrier-fuer-wanderungen-mit-kindern-ergonomisch-sinnvolles-tragen-ihres-kindes\\\/#breadcrumb\",\"itemListElement\":[{\"@type\":\"ListItem\",\"position\":1,\"name\":\"Startseite\",\"item\":\"https:\\\/\\\/marktxxl.de\\\/markt\\\/\"},{\"@type\":\"ListItem\",\"position\":2,\"name\":\"Markt\",\"item\":\"https:\\\/\\\/marktxxl.de\\\/markt\\\/\"},{\"@type\":\"ListItem\",\"position\":3,\"name\":\"Luvdbaby Premium Babytrage Wanderrucksack &#8211; Baby Carrier f\u00fcr Wanderungen mit Kindern &#8211; Ergonomisch sinnvolles Tragen\u2026\"}]},{\"@type\":\"WebSite\",\"@id\":\"https:\\\/\\\/marktxxl.de\\\/markt\\\/#website\",\"url\":\"https:\\\/\\\/marktxxl.de\\\/markt\\\/\",\"name\":\"Markt-XXL\",\"description\":\"Ihr Markt Online\",\"publisher\":{\"@id\":\"https:\\\/\\\/marktxxl.de\\\/markt\\\/#organization\"},\"potentialAction\":[{\"@type\":\"SearchAction\",\"target\":{\"@type\":\"EntryPoint\",\"urlTemplate\":\"https:\\\/\\\/marktxxl.de\\\/markt\\\/?s={search_term_string}\"},\"query-input\":{\"@type\":\"PropertyValueSpecification\",\"valueRequired\":true,\"valueName\":\"search_term_string\"}}],\"inLanguage\":\"de\"},{\"@type\":\"Organization\",\"@id\":\"https:\\\/\\\/marktxxl.de\\\/markt\\\/#organization\",\"name\":\"Markt-XXL\",\"url\":\"https:\\\/\\\/marktxxl.de\\\/markt\\\/\",\"logo\":{\"@type\":\"ImageObject\",\"inLanguage\":\"de\",\"@id\":\"https:\\\/\\\/marktxxl.de\\\/markt\\\/#\\\/schema\\\/logo\\\/image\\\/\",\"url\":\"https:\\\/\\\/marktxxl.de\\\/markt\\\/wp-content\\\/uploads\\\/sites\\\/3\\\/2020\\\/12\\\/logo.png\",\"contentUrl\":\"https:\\\/\\\/marktxxl.de\\\/markt\\\/wp-content\\\/uploads\\\/sites\\\/3\\\/2020\\\/12\\\/logo.png\",\"width\":200,\"height\":70,\"caption\":\"Markt-XXL\"},\"image\":{\"@id\":\"https:\\\/\\\/marktxxl.de\\\/markt\\\/#\\\/schema\\\/logo\\\/image\\\/\"}}]}<\/script>\n<!-- \/ Yoast SEO plugin. -->","yoast_head_json":{"title":"Luvdbaby Premium Babytrage Wanderrucksack - Baby Carrier f\u00fcr Wanderungen mit Kindern - Ergonomisch sinnvolles Tragen\u2026 - Markt-XXL","description":"Markt-XXL Luvdbaby Premium Babytrage Wanderrucksack - Baby Carrier f\u00fcr Wanderungen mit Kindern - Ergonomisch sinnvolles Tragen\u2026","robots":{"index":"index","follow":"follow","max-snippet":"max-snippet:-1","max-image-preview":"max-image-preview:large","max-video-preview":"max-video-preview:-1"},"canonical":"https:\/\/marktxxl.de\/markt\/produkt\/luvdbaby-premium-babytrage-wanderrucksack-baby-carrier-fuer-wanderungen-mit-kindern-ergonomisch-sinnvolles-tragen-ihres-kindes\/","og_locale":"de_DE","og_type":"article","og_title":"Luvdbaby Premium Babytrage Wanderrucksack - Baby Carrier f\u00fcr Wanderungen mit Kindern - Ergonomisch sinnvolles Tragen\u2026 - Markt-XXL","og_description":"Markt-XXL Luvdbaby Premium Babytrage Wanderrucksack - Baby Carrier f\u00fcr Wanderungen mit Kindern - Ergonomisch sinnvolles Tragen\u2026","og_url":"https:\/\/marktxxl.de\/markt\/produkt\/luvdbaby-premium-babytrage-wanderrucksack-baby-carrier-fuer-wanderungen-mit-kindern-ergonomisch-sinnvolles-tragen-ihres-kindes\/","og_site_name":"Markt-XXL","article_modified_time":"2023-04-11T00:34:40+00:00","og_image":[{"width":357,"height":500,"url":"https:\/\/m.media-amazon.com\/images\/I\/417h1EsPowL._SL500_.jpg","type":"image\/jpeg"}],"twitter_card":"summary_large_image","twitter_misc":{"Gesch\u00e4tzte Lesezeit":"1\u00a0Minute"},"schema":{"@context":"https:\/\/schema.org","@graph":[{"@type":"WebPage","@id":"https:\/\/marktxxl.de\/markt\/produkt\/luvdbaby-premium-babytrage-wanderrucksack-baby-carrier-fuer-wanderungen-mit-kindern-ergonomisch-sinnvolles-tragen-ihres-kindes\/","url":"https:\/\/marktxxl.de\/markt\/produkt\/luvdbaby-premium-babytrage-wanderrucksack-baby-carrier-fuer-wanderungen-mit-kindern-ergonomisch-sinnvolles-tragen-ihres-kindes\/","name":"Luvdbaby Premium Babytrage Wanderrucksack - Baby Carrier f\u00fcr Wanderungen mit Kindern - Ergonomisch sinnvolles Tragen\u2026 - Markt-XXL","isPartOf":{"@id":"https:\/\/marktxxl.de\/markt\/#website"},"primaryImageOfPage":{"@id":"https:\/\/marktxxl.de\/markt\/produkt\/luvdbaby-premium-babytrage-wanderrucksack-baby-carrier-fuer-wanderungen-mit-kindern-ergonomisch-sinnvolles-tragen-ihres-kindes\/#primaryimage"},"image":{"@id":"https:\/\/marktxxl.de\/markt\/produkt\/luvdbaby-premium-babytrage-wanderrucksack-baby-carrier-fuer-wanderungen-mit-kindern-ergonomisch-sinnvolles-tragen-ihres-kindes\/#primaryimage"},"thumbnailUrl":"https:\/\/m.media-amazon.com\/images\/I\/417h1EsPowL._SL500_.jpg","datePublished":"2021-11-11T23:06:27+00:00","dateModified":"2023-04-11T00:34:40+00:00","description":"Markt-XXL Luvdbaby Premium Babytrage Wanderrucksack - Baby Carrier f\u00fcr Wanderungen mit Kindern - Ergonomisch sinnvolles Tragen\u2026","breadcrumb":{"@id":"https:\/\/marktxxl.de\/markt\/produkt\/luvdbaby-premium-babytrage-wanderrucksack-baby-carrier-fuer-wanderungen-mit-kindern-ergonomisch-sinnvolles-tragen-ihres-kindes\/#breadcrumb"},"inLanguage":"de","potentialAction":[{"@type":"ReadAction","target":["https:\/\/marktxxl.de\/markt\/produkt\/luvdbaby-premium-babytrage-wanderrucksack-baby-carrier-fuer-wanderungen-mit-kindern-ergonomisch-sinnvolles-tragen-ihres-kindes\/"]}]},{"@type":"ImageObject","inLanguage":"de","@id":"https:\/\/marktxxl.de\/markt\/produkt\/luvdbaby-premium-babytrage-wanderrucksack-baby-carrier-fuer-wanderungen-mit-kindern-ergonomisch-sinnvolles-tragen-ihres-kindes\/#primaryimage","url":"https:\/\/m.media-amazon.com\/images\/I\/417h1EsPowL._SL500_.jpg","contentUrl":"https:\/\/m.media-amazon.com\/images\/I\/417h1EsPowL._SL500_.jpg","width":357,"height":500},{"@type":"BreadcrumbList","@id":"https:\/\/marktxxl.de\/markt\/produkt\/luvdbaby-premium-babytrage-wanderrucksack-baby-carrier-fuer-wanderungen-mit-kindern-ergonomisch-sinnvolles-tragen-ihres-kindes\/#breadcrumb","itemListElement":[{"@type":"ListItem","position":1,"name":"Startseite","item":"https:\/\/marktxxl.de\/markt\/"},{"@type":"ListItem","position":2,"name":"Markt","item":"https:\/\/marktxxl.de\/markt\/"},{"@type":"ListItem","position":3,"name":"Luvdbaby Premium Babytrage Wanderrucksack &#8211; Baby Carrier f\u00fcr Wanderungen mit Kindern &#8211; Ergonomisch sinnvolles Tragen\u2026"}]},{"@type":"WebSite","@id":"https:\/\/marktxxl.de\/markt\/#website","url":"https:\/\/marktxxl.de\/markt\/","name":"Markt-XXL","description":"Ihr Markt Online","publisher":{"@id":"https:\/\/marktxxl.de\/markt\/#organization"},"potentialAction":[{"@type":"SearchAction","target":{"@type":"EntryPoint","urlTemplate":"https:\/\/marktxxl.de\/markt\/?s={search_term_string}"},"query-input":{"@type":"PropertyValueSpecification","valueRequired":true,"valueName":"search_term_string"}}],"inLanguage":"de"},{"@type":"Organization","@id":"https:\/\/marktxxl.de\/markt\/#organization","name":"Markt-XXL","url":"https:\/\/marktxxl.de\/markt\/","logo":{"@type":"ImageObject","inLanguage":"de","@id":"https:\/\/marktxxl.de\/markt\/#\/schema\/logo\/image\/","url":"https:\/\/marktxxl.de\/markt\/wp-content\/uploads\/sites\/3\/2020\/12\/logo.png","contentUrl":"https:\/\/marktxxl.de\/markt\/wp-content\/uploads\/sites\/3\/2020\/12\/logo.png","width":200,"height":70,"caption":"Markt-XXL"},"image":{"@id":"https:\/\/marktxxl.de\/markt\/#\/schema\/logo\/image\/"}}]}},"_links":{"self":[{"href":"https:\/\/marktxxl.de\/markt\/wp-json\/wp\/v2\/product\/64727","targetHints":{"allow":["GET"]}}],"collection":[{"href":"https:\/\/marktxxl.de\/markt\/wp-json\/wp\/v2\/product"}],"about":[{"href":"https:\/\/marktxxl.de\/markt\/wp-json\/wp\/v2\/types\/product"}],"replies":[{"embeddable":true,"href":"https:\/\/marktxxl.de\/markt\/wp-json\/wp\/v2\/comments?post=64727"}],"wp:featuredmedia":[{"embeddable":true,"href":"https:\/\/marktxxl.de\/markt\/wp-json\/wp\/v2\/media\/64728"}],"wp:attachment":[{"href":"https:\/\/marktxxl.de\/markt\/wp-json\/wp\/v2\/media?parent=64727"}],"wp:term":[{"taxonomy":"product_brand","embeddable":true,"href":"https:\/\/marktxxl.de\/markt\/wp-json\/wp\/v2\/product_brand?post=64727"},{"taxonomy":"product_cat","embeddable":true,"href":"https:\/\/marktxxl.de\/markt\/wp-json\/wp\/v2\/product_cat?post=64727"},{"taxonomy":"product_tag","embeddable":true,"href":"https:\/\/marktxxl.de\/markt\/wp-json\/wp\/v2\/product_tag?post=64727"}],"curies":[{"name":"wp","href":"https:\/\/api.w.org\/{rel}","templated":true}]}}