{"id":64711,"date":"2021-11-12T00:06:19","date_gmt":"2021-11-11T23:06:19","guid":{"rendered":"https:\/\/marktxxl.de\/markt\/produkt\/babytragetuch-dunkelgrau-hochwertiges-baby-tragetuch-fuer-babys-bis-15-kg\/"},"modified":"2023-04-11T02:34:40","modified_gmt":"2023-04-11T00:34:40","slug":"babytragetuch-dunkelgrau-hochwertiges-baby-tragetuch-fuer-babys-bis-15-kg","status":"publish","type":"product","link":"https:\/\/marktxxl.de\/markt\/produkt\/babytragetuch-dunkelgrau-hochwertiges-baby-tragetuch-fuer-babys-bis-15-kg\/","title":{"rendered":"Makimaja Tragetuch Baby &#8211; Dunkelgrau &#8211; Hochwertiges Babytragetuch 100% Nat\u00fcrlicher Baumwolle &#8211; Tragetuch Baby Neugeboren\u2026"},"content":{"rendered":"<p>\u2764 WEICHES, HOCHWERTIGES MATERIAL: Das Babytragetuch von Makimaja besteht aus einem feinsten Baumwollmix. Das Material ist superweich, atmungsaktiv und bequem, ohne die notwendige Flexibilit\u00e4t zu verlieren.<br \/>\n\u2764 WEICHES, HOCHWERTIGES MATERIAL: Das Babytragetuch von Makimaja besteht aus einem feinsten Baumwollmix. Das Material ist superweich, atmungsaktiv und bequem, ohne die notwendige Flexibilit\u00e4t zu verlieren.<br \/>\n\u2764 EINFACHE ANWENDUNG: Mit der beiliegenden Anleitung blitzschnell angelegt. Das sichere Binden wird durch eine Kontrastnaht erleichtert, wie von Experten empfohlen.<br \/>\n\u2764 SICHERER SITZ F\u00dcR NEUGEBORENE: Mit dem Babytragetuch tragen Eltern Neugeborene und Babys bis 15 kg sicher am K\u00f6rper und k\u00f6nnen die Bindung zwischen Kind und Eltern durch k\u00f6rperliche N\u00e4he st\u00e4rken \u2013 ohne Einschr\u00e4nkungen im Alltag!<br \/>\n\u2764 PFLEGELEICHT &amp; PRAKTISCH: Die Baumwolle ist maschinenwaschbar bis 40 Grad. Damit gehen auch Flecken super raus.<br \/>\n\u2764 GRATIS BABYL\u00c4TZCHEN: F\u00fcr zus\u00e4tzliche Reinlichkeit gibt es 1 h\u00fcbsches Baby-L\u00e4tzchen gratis dazu. Nat\u00fcrlich passend zum Babytragetuch.<br \/>\n<div class=\"main-cross-sell\" data-asin=\"B074ZN6ZCZ\">\n\n\t<div class=\"WooZone-cross-sell-loader\">\n\t\t<div>\n\t\t\t<div id=\"floatingBarsG\">\n\t\t\t\t<div class=\"blockG\" id=\"rotateG_01\"><\/div>\n\t\t\t\t<div class=\"blockG\" id=\"rotateG_02\"><\/div>\n\t\t\t\t<div class=\"blockG\" id=\"rotateG_03\"><\/div>\n\t\t\t\t<div class=\"blockG\" id=\"rotateG_04\"><\/div>\n\t\t\t\t<div class=\"blockG\" id=\"rotateG_05\"><\/div>\n\t\t\t\t<div class=\"blockG\" id=\"rotateG_06\"><\/div>\n\t\t\t\t<div class=\"blockG\" id=\"rotateG_07\"><\/div>\n\t\t\t\t<div class=\"blockG\" id=\"rotateG_08\"><\/div>\n\t\t\t<\/div>\n\t\t\t<div class=\"WooZone-cross-sell-loader-text\"><\/div>\n\t\t<\/div>\n\t<\/div>\n\n\t\t\n<\/div>\n<div style=\"clear:both;\"><\/div><\/p>\n","protected":false},"excerpt":{"rendered":"<p>\u2764 WEICHES, HOCHWERTIGES MATERIAL: Das Babytragetuch von Makimaja besteht aus einem feinsten Baumwollmix. Das Material ist superweich, atmungsaktiv und bequem, ohne die notwendige Flexibilit\u00e4t zu verlieren.<br \/>\n\u2764 WEICHES, HOCHWERTIGES MATERIAL: Das Babytragetuch von Makimaja besteht aus einem feinsten Baumwollmix. Das Material ist superweich, atmungsaktiv und bequem, ohne die notwendige Flexibilit\u00e4t zu verlieren.<br \/>\n\u2764 EINFACHE ANWENDUNG: Mit der beiliegenden Anleitung blitzschnell angelegt. Das sichere Binden wird durch eine Kontrastnaht erleichtert, wie von Experten empfohlen.<\/p>\n","protected":false},"featured_media":64712,"comment_status":"open","ping_status":"closed","template":"","meta":[],"product_brand":[],"product_cat":[21,9074],"product_tag":[],"class_list":{"0":"post-64711","1":"product","2":"type-product","3":"status-publish","4":"has-post-thumbnail","6":"product_cat-baby","7":"product_cat-babytragen-baby","8":"pa_brand-makimaja","9":"pa_color-dunkelgrau","10":"pa_height-204-72440924-zoll","11":"pa_length-21-653543285-zoll","12":"pa_manufacturer-makimaja","13":"pa_size-95-baumwolle-5-elasthan","14":"pa_weight-1-322773572-pfund","15":"pa_width-0-0393700787-zoll","17":"first","18":"instock","19":"shipping-taxable","20":"purchasable","21":"product-type-simple","22":"customify-col","23":"product-has-gallery"},"yoast_head":"<!-- This site is optimized with the Yoast SEO plugin v27.4 - https:\/\/yoast.com\/product\/yoast-seo-wordpress\/ -->\n<title>Makimaja Tragetuch Baby - Dunkelgrau - Hochwertiges Babytragetuch 100% Nat\u00fcrlicher Baumwolle - Tragetuch Baby Neugeboren\u2026 - Markt-XXL<\/title>\n<meta name=\"description\" content=\"Markt-XXL Makimaja Tragetuch Baby - Dunkelgrau - Hochwertiges Babytragetuch 100% Nat\u00fcrlicher Baumwolle - Tragetuch Baby Neugeboren\u2026\" \/>\n<meta name=\"robots\" content=\"index, follow, max-snippet:-1, max-image-preview:large, max-video-preview:-1\" \/>\n<link rel=\"canonical\" href=\"https:\/\/marktxxl.de\/markt\/produkt\/babytragetuch-dunkelgrau-hochwertiges-baby-tragetuch-fuer-babys-bis-15-kg\/\" \/>\n<meta property=\"og:locale\" content=\"de_DE\" \/>\n<meta property=\"og:type\" content=\"article\" \/>\n<meta property=\"og:title\" content=\"Makimaja Tragetuch Baby - Dunkelgrau - Hochwertiges Babytragetuch 100% Nat\u00fcrlicher Baumwolle - Tragetuch Baby Neugeboren\u2026 - Markt-XXL\" \/>\n<meta property=\"og:description\" content=\"Markt-XXL Makimaja Tragetuch Baby - Dunkelgrau - Hochwertiges Babytragetuch 100% Nat\u00fcrlicher Baumwolle - Tragetuch Baby Neugeboren\u2026\" \/>\n<meta property=\"og:url\" content=\"https:\/\/marktxxl.de\/markt\/produkt\/babytragetuch-dunkelgrau-hochwertiges-baby-tragetuch-fuer-babys-bis-15-kg\/\" \/>\n<meta property=\"og:site_name\" content=\"Markt-XXL\" \/>\n<meta property=\"article:modified_time\" content=\"2023-04-11T00:34:40+00:00\" \/>\n<meta property=\"og:image\" content=\"https:\/\/m.media-amazon.com\/images\/I\/51HOPTABeuL._SL500_.jpg\" \/>\n\t<meta property=\"og:image:width\" content=\"500\" \/>\n\t<meta property=\"og:image:height\" content=\"500\" \/>\n\t<meta property=\"og:image:type\" content=\"image\/jpeg\" \/>\n<meta name=\"twitter:card\" content=\"summary_large_image\" \/>\n<meta name=\"twitter:label1\" content=\"Gesch\u00e4tzte Lesezeit\" \/>\n\t<meta name=\"twitter:data1\" content=\"1\u00a0Minute\" \/>\n<script type=\"application\/ld+json\" class=\"yoast-schema-graph\">{\"@context\":\"https:\\\/\\\/schema.org\",\"@graph\":[{\"@type\":\"WebPage\",\"@id\":\"https:\\\/\\\/marktxxl.de\\\/markt\\\/produkt\\\/babytragetuch-dunkelgrau-hochwertiges-baby-tragetuch-fuer-babys-bis-15-kg\\\/\",\"url\":\"https:\\\/\\\/marktxxl.de\\\/markt\\\/produkt\\\/babytragetuch-dunkelgrau-hochwertiges-baby-tragetuch-fuer-babys-bis-15-kg\\\/\",\"name\":\"Makimaja Tragetuch Baby - Dunkelgrau - Hochwertiges Babytragetuch 100% Nat\u00fcrlicher Baumwolle - Tragetuch Baby Neugeboren\u2026 - Markt-XXL\",\"isPartOf\":{\"@id\":\"https:\\\/\\\/marktxxl.de\\\/markt\\\/#website\"},\"primaryImageOfPage\":{\"@id\":\"https:\\\/\\\/marktxxl.de\\\/markt\\\/produkt\\\/babytragetuch-dunkelgrau-hochwertiges-baby-tragetuch-fuer-babys-bis-15-kg\\\/#primaryimage\"},\"image\":{\"@id\":\"https:\\\/\\\/marktxxl.de\\\/markt\\\/produkt\\\/babytragetuch-dunkelgrau-hochwertiges-baby-tragetuch-fuer-babys-bis-15-kg\\\/#primaryimage\"},\"thumbnailUrl\":\"https:\\\/\\\/m.media-amazon.com\\\/images\\\/I\\\/51HOPTABeuL._SL500_.jpg\",\"datePublished\":\"2021-11-11T23:06:19+00:00\",\"dateModified\":\"2023-04-11T00:34:40+00:00\",\"description\":\"Markt-XXL Makimaja Tragetuch Baby - Dunkelgrau - Hochwertiges Babytragetuch 100% Nat\u00fcrlicher Baumwolle - Tragetuch Baby Neugeboren\u2026\",\"breadcrumb\":{\"@id\":\"https:\\\/\\\/marktxxl.de\\\/markt\\\/produkt\\\/babytragetuch-dunkelgrau-hochwertiges-baby-tragetuch-fuer-babys-bis-15-kg\\\/#breadcrumb\"},\"inLanguage\":\"de\",\"potentialAction\":[{\"@type\":\"ReadAction\",\"target\":[\"https:\\\/\\\/marktxxl.de\\\/markt\\\/produkt\\\/babytragetuch-dunkelgrau-hochwertiges-baby-tragetuch-fuer-babys-bis-15-kg\\\/\"]}]},{\"@type\":\"ImageObject\",\"inLanguage\":\"de\",\"@id\":\"https:\\\/\\\/marktxxl.de\\\/markt\\\/produkt\\\/babytragetuch-dunkelgrau-hochwertiges-baby-tragetuch-fuer-babys-bis-15-kg\\\/#primaryimage\",\"url\":\"https:\\\/\\\/m.media-amazon.com\\\/images\\\/I\\\/51HOPTABeuL._SL500_.jpg\",\"contentUrl\":\"https:\\\/\\\/m.media-amazon.com\\\/images\\\/I\\\/51HOPTABeuL._SL500_.jpg\",\"width\":500,\"height\":500},{\"@type\":\"BreadcrumbList\",\"@id\":\"https:\\\/\\\/marktxxl.de\\\/markt\\\/produkt\\\/babytragetuch-dunkelgrau-hochwertiges-baby-tragetuch-fuer-babys-bis-15-kg\\\/#breadcrumb\",\"itemListElement\":[{\"@type\":\"ListItem\",\"position\":1,\"name\":\"Startseite\",\"item\":\"https:\\\/\\\/marktxxl.de\\\/markt\\\/\"},{\"@type\":\"ListItem\",\"position\":2,\"name\":\"Markt\",\"item\":\"https:\\\/\\\/marktxxl.de\\\/markt\\\/\"},{\"@type\":\"ListItem\",\"position\":3,\"name\":\"Makimaja Tragetuch Baby &#8211; Dunkelgrau &#8211; Hochwertiges Babytragetuch 100% Nat\u00fcrlicher Baumwolle &#8211; Tragetuch Baby Neugeboren\u2026\"}]},{\"@type\":\"WebSite\",\"@id\":\"https:\\\/\\\/marktxxl.de\\\/markt\\\/#website\",\"url\":\"https:\\\/\\\/marktxxl.de\\\/markt\\\/\",\"name\":\"Markt-XXL\",\"description\":\"Ihr Markt Online\",\"publisher\":{\"@id\":\"https:\\\/\\\/marktxxl.de\\\/markt\\\/#organization\"},\"potentialAction\":[{\"@type\":\"SearchAction\",\"target\":{\"@type\":\"EntryPoint\",\"urlTemplate\":\"https:\\\/\\\/marktxxl.de\\\/markt\\\/?s={search_term_string}\"},\"query-input\":{\"@type\":\"PropertyValueSpecification\",\"valueRequired\":true,\"valueName\":\"search_term_string\"}}],\"inLanguage\":\"de\"},{\"@type\":\"Organization\",\"@id\":\"https:\\\/\\\/marktxxl.de\\\/markt\\\/#organization\",\"name\":\"Markt-XXL\",\"url\":\"https:\\\/\\\/marktxxl.de\\\/markt\\\/\",\"logo\":{\"@type\":\"ImageObject\",\"inLanguage\":\"de\",\"@id\":\"https:\\\/\\\/marktxxl.de\\\/markt\\\/#\\\/schema\\\/logo\\\/image\\\/\",\"url\":\"https:\\\/\\\/marktxxl.de\\\/markt\\\/wp-content\\\/uploads\\\/sites\\\/3\\\/2020\\\/12\\\/logo.png\",\"contentUrl\":\"https:\\\/\\\/marktxxl.de\\\/markt\\\/wp-content\\\/uploads\\\/sites\\\/3\\\/2020\\\/12\\\/logo.png\",\"width\":200,\"height\":70,\"caption\":\"Markt-XXL\"},\"image\":{\"@id\":\"https:\\\/\\\/marktxxl.de\\\/markt\\\/#\\\/schema\\\/logo\\\/image\\\/\"}}]}<\/script>\n<!-- \/ Yoast SEO plugin. -->","yoast_head_json":{"title":"Makimaja Tragetuch Baby - Dunkelgrau - Hochwertiges Babytragetuch 100% Nat\u00fcrlicher Baumwolle - Tragetuch Baby Neugeboren\u2026 - Markt-XXL","description":"Markt-XXL Makimaja Tragetuch Baby - Dunkelgrau - Hochwertiges Babytragetuch 100% Nat\u00fcrlicher Baumwolle - Tragetuch Baby Neugeboren\u2026","robots":{"index":"index","follow":"follow","max-snippet":"max-snippet:-1","max-image-preview":"max-image-preview:large","max-video-preview":"max-video-preview:-1"},"canonical":"https:\/\/marktxxl.de\/markt\/produkt\/babytragetuch-dunkelgrau-hochwertiges-baby-tragetuch-fuer-babys-bis-15-kg\/","og_locale":"de_DE","og_type":"article","og_title":"Makimaja Tragetuch Baby - Dunkelgrau - Hochwertiges Babytragetuch 100% Nat\u00fcrlicher Baumwolle - Tragetuch Baby Neugeboren\u2026 - Markt-XXL","og_description":"Markt-XXL Makimaja Tragetuch Baby - Dunkelgrau - Hochwertiges Babytragetuch 100% Nat\u00fcrlicher Baumwolle - Tragetuch Baby Neugeboren\u2026","og_url":"https:\/\/marktxxl.de\/markt\/produkt\/babytragetuch-dunkelgrau-hochwertiges-baby-tragetuch-fuer-babys-bis-15-kg\/","og_site_name":"Markt-XXL","article_modified_time":"2023-04-11T00:34:40+00:00","og_image":[{"width":500,"height":500,"url":"https:\/\/m.media-amazon.com\/images\/I\/51HOPTABeuL._SL500_.jpg","type":"image\/jpeg"}],"twitter_card":"summary_large_image","twitter_misc":{"Gesch\u00e4tzte Lesezeit":"1\u00a0Minute"},"schema":{"@context":"https:\/\/schema.org","@graph":[{"@type":"WebPage","@id":"https:\/\/marktxxl.de\/markt\/produkt\/babytragetuch-dunkelgrau-hochwertiges-baby-tragetuch-fuer-babys-bis-15-kg\/","url":"https:\/\/marktxxl.de\/markt\/produkt\/babytragetuch-dunkelgrau-hochwertiges-baby-tragetuch-fuer-babys-bis-15-kg\/","name":"Makimaja Tragetuch Baby - Dunkelgrau - Hochwertiges Babytragetuch 100% Nat\u00fcrlicher Baumwolle - Tragetuch Baby Neugeboren\u2026 - Markt-XXL","isPartOf":{"@id":"https:\/\/marktxxl.de\/markt\/#website"},"primaryImageOfPage":{"@id":"https:\/\/marktxxl.de\/markt\/produkt\/babytragetuch-dunkelgrau-hochwertiges-baby-tragetuch-fuer-babys-bis-15-kg\/#primaryimage"},"image":{"@id":"https:\/\/marktxxl.de\/markt\/produkt\/babytragetuch-dunkelgrau-hochwertiges-baby-tragetuch-fuer-babys-bis-15-kg\/#primaryimage"},"thumbnailUrl":"https:\/\/m.media-amazon.com\/images\/I\/51HOPTABeuL._SL500_.jpg","datePublished":"2021-11-11T23:06:19+00:00","dateModified":"2023-04-11T00:34:40+00:00","description":"Markt-XXL Makimaja Tragetuch Baby - Dunkelgrau - Hochwertiges Babytragetuch 100% Nat\u00fcrlicher Baumwolle - Tragetuch Baby Neugeboren\u2026","breadcrumb":{"@id":"https:\/\/marktxxl.de\/markt\/produkt\/babytragetuch-dunkelgrau-hochwertiges-baby-tragetuch-fuer-babys-bis-15-kg\/#breadcrumb"},"inLanguage":"de","potentialAction":[{"@type":"ReadAction","target":["https:\/\/marktxxl.de\/markt\/produkt\/babytragetuch-dunkelgrau-hochwertiges-baby-tragetuch-fuer-babys-bis-15-kg\/"]}]},{"@type":"ImageObject","inLanguage":"de","@id":"https:\/\/marktxxl.de\/markt\/produkt\/babytragetuch-dunkelgrau-hochwertiges-baby-tragetuch-fuer-babys-bis-15-kg\/#primaryimage","url":"https:\/\/m.media-amazon.com\/images\/I\/51HOPTABeuL._SL500_.jpg","contentUrl":"https:\/\/m.media-amazon.com\/images\/I\/51HOPTABeuL._SL500_.jpg","width":500,"height":500},{"@type":"BreadcrumbList","@id":"https:\/\/marktxxl.de\/markt\/produkt\/babytragetuch-dunkelgrau-hochwertiges-baby-tragetuch-fuer-babys-bis-15-kg\/#breadcrumb","itemListElement":[{"@type":"ListItem","position":1,"name":"Startseite","item":"https:\/\/marktxxl.de\/markt\/"},{"@type":"ListItem","position":2,"name":"Markt","item":"https:\/\/marktxxl.de\/markt\/"},{"@type":"ListItem","position":3,"name":"Makimaja Tragetuch Baby &#8211; Dunkelgrau &#8211; Hochwertiges Babytragetuch 100% Nat\u00fcrlicher Baumwolle &#8211; Tragetuch Baby Neugeboren\u2026"}]},{"@type":"WebSite","@id":"https:\/\/marktxxl.de\/markt\/#website","url":"https:\/\/marktxxl.de\/markt\/","name":"Markt-XXL","description":"Ihr Markt Online","publisher":{"@id":"https:\/\/marktxxl.de\/markt\/#organization"},"potentialAction":[{"@type":"SearchAction","target":{"@type":"EntryPoint","urlTemplate":"https:\/\/marktxxl.de\/markt\/?s={search_term_string}"},"query-input":{"@type":"PropertyValueSpecification","valueRequired":true,"valueName":"search_term_string"}}],"inLanguage":"de"},{"@type":"Organization","@id":"https:\/\/marktxxl.de\/markt\/#organization","name":"Markt-XXL","url":"https:\/\/marktxxl.de\/markt\/","logo":{"@type":"ImageObject","inLanguage":"de","@id":"https:\/\/marktxxl.de\/markt\/#\/schema\/logo\/image\/","url":"https:\/\/marktxxl.de\/markt\/wp-content\/uploads\/sites\/3\/2020\/12\/logo.png","contentUrl":"https:\/\/marktxxl.de\/markt\/wp-content\/uploads\/sites\/3\/2020\/12\/logo.png","width":200,"height":70,"caption":"Markt-XXL"},"image":{"@id":"https:\/\/marktxxl.de\/markt\/#\/schema\/logo\/image\/"}}]}},"_links":{"self":[{"href":"https:\/\/marktxxl.de\/markt\/wp-json\/wp\/v2\/product\/64711","targetHints":{"allow":["GET"]}}],"collection":[{"href":"https:\/\/marktxxl.de\/markt\/wp-json\/wp\/v2\/product"}],"about":[{"href":"https:\/\/marktxxl.de\/markt\/wp-json\/wp\/v2\/types\/product"}],"replies":[{"embeddable":true,"href":"https:\/\/marktxxl.de\/markt\/wp-json\/wp\/v2\/comments?post=64711"}],"wp:featuredmedia":[{"embeddable":true,"href":"https:\/\/marktxxl.de\/markt\/wp-json\/wp\/v2\/media\/64712"}],"wp:attachment":[{"href":"https:\/\/marktxxl.de\/markt\/wp-json\/wp\/v2\/media?parent=64711"}],"wp:term":[{"taxonomy":"product_brand","embeddable":true,"href":"https:\/\/marktxxl.de\/markt\/wp-json\/wp\/v2\/product_brand?post=64711"},{"taxonomy":"product_cat","embeddable":true,"href":"https:\/\/marktxxl.de\/markt\/wp-json\/wp\/v2\/product_cat?post=64711"},{"taxonomy":"product_tag","embeddable":true,"href":"https:\/\/marktxxl.de\/markt\/wp-json\/wp\/v2\/product_tag?post=64711"}],"curies":[{"name":"wp","href":"https:\/\/api.w.org\/{rel}","templated":true}]}}