{"id":64606,"date":"2021-11-12T00:00:33","date_gmt":"2021-11-11T23:00:33","guid":{"rendered":"https:\/\/marktxxl.de\/markt\/produkt\/je-porte-mon-bebe-pack-mit-booster-halspolster-fuer-physiocarrier-abnehmbar\/"},"modified":"2023-04-11T02:34:38","modified_gmt":"2023-04-11T00:34:38","slug":"je-porte-mon-bebe-pack-mit-booster-halspolster-fuer-physiocarrier-abnehmbar","status":"publish","type":"product","link":"https:\/\/marktxxl.de\/markt\/produkt\/je-porte-mon-bebe-pack-mit-booster-halspolster-fuer-physiocarrier-abnehmbar\/","title":{"rendered":"Je porte mon b\u00e9b\u00e9 Pack mit Booster\/Halspolster f\u00fcr Physiocarrier, abnehmbar"},"content":{"rendered":"<p>Erh\u00f6hung\/Booster: Zur Anpassung der K\u00f6rperhaltung an die K\u00f6rperform eines S\u00e4uglings. \u2777 Um ein gro\u00dfes neugieriges Baby auf dem R\u00fccken zu tragen und ihm eine freie Sicht zu erm\u00f6glichen.  Erm\u00f6glicht das Sitzen auf der H\u00fcfte f\u00fcr ein zus\u00e4tzliches Tragen. \uffed Der Kopfb\u00fcgel l\u00e4sst sich an die Kleinheit eines Babys anpassen.<br \/>\nDer Booster verleiht dem Tr\u00e4ger ein Gef\u00fchl der N\u00e4he des Rucksacks, die Masse auf den Schultern und der Schwerpunkt ist h\u00f6her<br \/>\nDie unentbehrliche Erg\u00e4nzung des K\u00f6rpergewichts von 0 bis 4 Monaten bei Bauchtragung und ideal f\u00fcr den Transport von R\u00fccken bis zu 18 Monaten.<br \/>\n<div class=\"main-cross-sell\" data-asin=\"B00ZEBBZM2\">\n\n\t<div class=\"WooZone-cross-sell-loader\">\n\t\t<div>\n\t\t\t<div id=\"floatingBarsG\">\n\t\t\t\t<div class=\"blockG\" id=\"rotateG_01\"><\/div>\n\t\t\t\t<div class=\"blockG\" id=\"rotateG_02\"><\/div>\n\t\t\t\t<div class=\"blockG\" id=\"rotateG_03\"><\/div>\n\t\t\t\t<div class=\"blockG\" id=\"rotateG_04\"><\/div>\n\t\t\t\t<div class=\"blockG\" id=\"rotateG_05\"><\/div>\n\t\t\t\t<div class=\"blockG\" id=\"rotateG_06\"><\/div>\n\t\t\t\t<div class=\"blockG\" id=\"rotateG_07\"><\/div>\n\t\t\t\t<div class=\"blockG\" id=\"rotateG_08\"><\/div>\n\t\t\t<\/div>\n\t\t\t<div class=\"WooZone-cross-sell-loader-text\"><\/div>\n\t\t<\/div>\n\t<\/div>\n\n\t\t\n<\/div>\n<div style=\"clear:both;\"><\/div><\/p>\n","protected":false},"excerpt":{"rendered":"<p>Erh\u00f6hung\/Booster: Zur Anpassung der K\u00f6rperhaltung an die K\u00f6rperform eines S\u00e4uglings. \u2777 Um ein gro\u00dfes neugieriges Baby auf dem R\u00fccken zu tragen und ihm eine freie Sicht zu erm\u00f6glichen.  Erm\u00f6glicht das Sitzen auf der H\u00fcfte f\u00fcr ein zus\u00e4tzliches Tragen. \uffed Der Kopfb\u00fcgel l\u00e4sst sich an die Kleinheit eines Babys anpassen.<br \/>\nDer Booster verleiht dem Tr\u00e4ger ein Gef\u00fchl der N\u00e4he des Rucksacks, die Masse auf den Schultern und der Schwerpunkt ist h\u00f6her<br \/>\nDie unentbehrliche Erg\u00e4nzung des K\u00f6rpergewichts von 0 bis 4 Monaten bei Bauchtragung und ideal f\u00fcr den Transport von R\u00fccken bis zu 18 Monaten.<\/p>\n","protected":false},"featured_media":64607,"comment_status":"open","ping_status":"closed","template":"","meta":[],"product_brand":[],"product_cat":[21,9074],"product_tag":[],"class_list":{"0":"post-64606","1":"product","2":"type-product","3":"status-publish","4":"has-post-thumbnail","6":"product_cat-baby","7":"product_cat-babytragen-baby","8":"pa_binding-babyartikel","9":"pa_brand-love-radius","10":"pa_color-elefant","11":"pa_color-schwarz","12":"pa_height-2-9527559025-zoll","13":"pa_length-14-566929119-zoll","14":"pa_manufacturer-je-porte-mon-bebe-jpmbb","15":"pa_model-acc10","16":"pa_model-acc43","17":"pa_size-one-size","18":"pa_weight-0-3086471668-pfund","19":"pa_weight-0-3086471668-pounds","20":"pa_width-2-9527559025-zoll","22":"first","23":"instock","24":"shipping-taxable","25":"purchasable","26":"product-type-simple","27":"customify-col","28":"product-has-gallery"},"yoast_head":"<!-- This site is optimized with the Yoast SEO plugin v27.3 - https:\/\/yoast.com\/product\/yoast-seo-wordpress\/ -->\n<title>Je porte mon b\u00e9b\u00e9 Pack mit Booster\/Halspolster f\u00fcr Physiocarrier, abnehmbar - Markt-XXL<\/title>\n<meta name=\"description\" content=\"Markt-XXL Je porte mon b\u00e9b\u00e9 Pack mit Booster\/Halspolster f\u00fcr Physiocarrier, abnehmbar\" \/>\n<meta name=\"robots\" content=\"index, follow, max-snippet:-1, max-image-preview:large, max-video-preview:-1\" \/>\n<link rel=\"canonical\" href=\"https:\/\/marktxxl.de\/markt\/produkt\/je-porte-mon-bebe-pack-mit-booster-halspolster-fuer-physiocarrier-abnehmbar\/\" \/>\n<meta property=\"og:locale\" content=\"de_DE\" \/>\n<meta property=\"og:type\" content=\"article\" \/>\n<meta property=\"og:title\" content=\"Je porte mon b\u00e9b\u00e9 Pack mit Booster\/Halspolster f\u00fcr Physiocarrier, abnehmbar - Markt-XXL\" \/>\n<meta property=\"og:description\" content=\"Markt-XXL Je porte mon b\u00e9b\u00e9 Pack mit Booster\/Halspolster f\u00fcr Physiocarrier, abnehmbar\" \/>\n<meta property=\"og:url\" content=\"https:\/\/marktxxl.de\/markt\/produkt\/je-porte-mon-bebe-pack-mit-booster-halspolster-fuer-physiocarrier-abnehmbar\/\" \/>\n<meta property=\"og:site_name\" content=\"Markt-XXL\" \/>\n<meta property=\"article:modified_time\" content=\"2023-04-11T00:34:38+00:00\" \/>\n<meta property=\"og:image\" content=\"https:\/\/m.media-amazon.com\/images\/I\/31yuRENHoTL._SL500_.jpg\" \/>\n\t<meta property=\"og:image:width\" content=\"333\" \/>\n\t<meta property=\"og:image:height\" content=\"500\" \/>\n\t<meta property=\"og:image:type\" content=\"image\/jpeg\" \/>\n<meta name=\"twitter:card\" content=\"summary_large_image\" \/>\n<meta name=\"twitter:label1\" content=\"Gesch\u00e4tzte Lesezeit\" \/>\n\t<meta name=\"twitter:data1\" content=\"1\u00a0Minute\" \/>\n<script type=\"application\/ld+json\" class=\"yoast-schema-graph\">{\"@context\":\"https:\\\/\\\/schema.org\",\"@graph\":[{\"@type\":\"WebPage\",\"@id\":\"https:\\\/\\\/marktxxl.de\\\/markt\\\/produkt\\\/je-porte-mon-bebe-pack-mit-booster-halspolster-fuer-physiocarrier-abnehmbar\\\/\",\"url\":\"https:\\\/\\\/marktxxl.de\\\/markt\\\/produkt\\\/je-porte-mon-bebe-pack-mit-booster-halspolster-fuer-physiocarrier-abnehmbar\\\/\",\"name\":\"Je porte mon b\u00e9b\u00e9 Pack mit Booster\\\/Halspolster f\u00fcr Physiocarrier, abnehmbar - Markt-XXL\",\"isPartOf\":{\"@id\":\"https:\\\/\\\/marktxxl.de\\\/markt\\\/#website\"},\"primaryImageOfPage\":{\"@id\":\"https:\\\/\\\/marktxxl.de\\\/markt\\\/produkt\\\/je-porte-mon-bebe-pack-mit-booster-halspolster-fuer-physiocarrier-abnehmbar\\\/#primaryimage\"},\"image\":{\"@id\":\"https:\\\/\\\/marktxxl.de\\\/markt\\\/produkt\\\/je-porte-mon-bebe-pack-mit-booster-halspolster-fuer-physiocarrier-abnehmbar\\\/#primaryimage\"},\"thumbnailUrl\":\"https:\\\/\\\/m.media-amazon.com\\\/images\\\/I\\\/31yuRENHoTL._SL500_.jpg\",\"datePublished\":\"2021-11-11T23:00:33+00:00\",\"dateModified\":\"2023-04-11T00:34:38+00:00\",\"description\":\"Markt-XXL Je porte mon b\u00e9b\u00e9 Pack mit Booster\\\/Halspolster f\u00fcr Physiocarrier, abnehmbar\",\"breadcrumb\":{\"@id\":\"https:\\\/\\\/marktxxl.de\\\/markt\\\/produkt\\\/je-porte-mon-bebe-pack-mit-booster-halspolster-fuer-physiocarrier-abnehmbar\\\/#breadcrumb\"},\"inLanguage\":\"de\",\"potentialAction\":[{\"@type\":\"ReadAction\",\"target\":[\"https:\\\/\\\/marktxxl.de\\\/markt\\\/produkt\\\/je-porte-mon-bebe-pack-mit-booster-halspolster-fuer-physiocarrier-abnehmbar\\\/\"]}]},{\"@type\":\"ImageObject\",\"inLanguage\":\"de\",\"@id\":\"https:\\\/\\\/marktxxl.de\\\/markt\\\/produkt\\\/je-porte-mon-bebe-pack-mit-booster-halspolster-fuer-physiocarrier-abnehmbar\\\/#primaryimage\",\"url\":\"https:\\\/\\\/m.media-amazon.com\\\/images\\\/I\\\/31yuRENHoTL._SL500_.jpg\",\"contentUrl\":\"https:\\\/\\\/m.media-amazon.com\\\/images\\\/I\\\/31yuRENHoTL._SL500_.jpg\",\"width\":333,\"height\":500},{\"@type\":\"BreadcrumbList\",\"@id\":\"https:\\\/\\\/marktxxl.de\\\/markt\\\/produkt\\\/je-porte-mon-bebe-pack-mit-booster-halspolster-fuer-physiocarrier-abnehmbar\\\/#breadcrumb\",\"itemListElement\":[{\"@type\":\"ListItem\",\"position\":1,\"name\":\"Startseite\",\"item\":\"https:\\\/\\\/marktxxl.de\\\/markt\\\/\"},{\"@type\":\"ListItem\",\"position\":2,\"name\":\"Markt\",\"item\":\"https:\\\/\\\/marktxxl.de\\\/markt\\\/\"},{\"@type\":\"ListItem\",\"position\":3,\"name\":\"Je porte mon b\u00e9b\u00e9 Pack mit Booster\\\/Halspolster f\u00fcr Physiocarrier, abnehmbar\"}]},{\"@type\":\"WebSite\",\"@id\":\"https:\\\/\\\/marktxxl.de\\\/markt\\\/#website\",\"url\":\"https:\\\/\\\/marktxxl.de\\\/markt\\\/\",\"name\":\"Markt-XXL\",\"description\":\"Ihr Markt Online\",\"publisher\":{\"@id\":\"https:\\\/\\\/marktxxl.de\\\/markt\\\/#organization\"},\"potentialAction\":[{\"@type\":\"SearchAction\",\"target\":{\"@type\":\"EntryPoint\",\"urlTemplate\":\"https:\\\/\\\/marktxxl.de\\\/markt\\\/?s={search_term_string}\"},\"query-input\":{\"@type\":\"PropertyValueSpecification\",\"valueRequired\":true,\"valueName\":\"search_term_string\"}}],\"inLanguage\":\"de\"},{\"@type\":\"Organization\",\"@id\":\"https:\\\/\\\/marktxxl.de\\\/markt\\\/#organization\",\"name\":\"Markt-XXL\",\"url\":\"https:\\\/\\\/marktxxl.de\\\/markt\\\/\",\"logo\":{\"@type\":\"ImageObject\",\"inLanguage\":\"de\",\"@id\":\"https:\\\/\\\/marktxxl.de\\\/markt\\\/#\\\/schema\\\/logo\\\/image\\\/\",\"url\":\"https:\\\/\\\/marktxxl.de\\\/markt\\\/wp-content\\\/uploads\\\/sites\\\/3\\\/2020\\\/12\\\/logo.png\",\"contentUrl\":\"https:\\\/\\\/marktxxl.de\\\/markt\\\/wp-content\\\/uploads\\\/sites\\\/3\\\/2020\\\/12\\\/logo.png\",\"width\":200,\"height\":70,\"caption\":\"Markt-XXL\"},\"image\":{\"@id\":\"https:\\\/\\\/marktxxl.de\\\/markt\\\/#\\\/schema\\\/logo\\\/image\\\/\"}}]}<\/script>\n<!-- \/ Yoast SEO plugin. -->","yoast_head_json":{"title":"Je porte mon b\u00e9b\u00e9 Pack mit Booster\/Halspolster f\u00fcr Physiocarrier, abnehmbar - Markt-XXL","description":"Markt-XXL Je porte mon b\u00e9b\u00e9 Pack mit Booster\/Halspolster f\u00fcr Physiocarrier, abnehmbar","robots":{"index":"index","follow":"follow","max-snippet":"max-snippet:-1","max-image-preview":"max-image-preview:large","max-video-preview":"max-video-preview:-1"},"canonical":"https:\/\/marktxxl.de\/markt\/produkt\/je-porte-mon-bebe-pack-mit-booster-halspolster-fuer-physiocarrier-abnehmbar\/","og_locale":"de_DE","og_type":"article","og_title":"Je porte mon b\u00e9b\u00e9 Pack mit Booster\/Halspolster f\u00fcr Physiocarrier, abnehmbar - Markt-XXL","og_description":"Markt-XXL Je porte mon b\u00e9b\u00e9 Pack mit Booster\/Halspolster f\u00fcr Physiocarrier, abnehmbar","og_url":"https:\/\/marktxxl.de\/markt\/produkt\/je-porte-mon-bebe-pack-mit-booster-halspolster-fuer-physiocarrier-abnehmbar\/","og_site_name":"Markt-XXL","article_modified_time":"2023-04-11T00:34:38+00:00","og_image":[{"width":333,"height":500,"url":"https:\/\/m.media-amazon.com\/images\/I\/31yuRENHoTL._SL500_.jpg","type":"image\/jpeg"}],"twitter_card":"summary_large_image","twitter_misc":{"Gesch\u00e4tzte Lesezeit":"1\u00a0Minute"},"schema":{"@context":"https:\/\/schema.org","@graph":[{"@type":"WebPage","@id":"https:\/\/marktxxl.de\/markt\/produkt\/je-porte-mon-bebe-pack-mit-booster-halspolster-fuer-physiocarrier-abnehmbar\/","url":"https:\/\/marktxxl.de\/markt\/produkt\/je-porte-mon-bebe-pack-mit-booster-halspolster-fuer-physiocarrier-abnehmbar\/","name":"Je porte mon b\u00e9b\u00e9 Pack mit Booster\/Halspolster f\u00fcr Physiocarrier, abnehmbar - Markt-XXL","isPartOf":{"@id":"https:\/\/marktxxl.de\/markt\/#website"},"primaryImageOfPage":{"@id":"https:\/\/marktxxl.de\/markt\/produkt\/je-porte-mon-bebe-pack-mit-booster-halspolster-fuer-physiocarrier-abnehmbar\/#primaryimage"},"image":{"@id":"https:\/\/marktxxl.de\/markt\/produkt\/je-porte-mon-bebe-pack-mit-booster-halspolster-fuer-physiocarrier-abnehmbar\/#primaryimage"},"thumbnailUrl":"https:\/\/m.media-amazon.com\/images\/I\/31yuRENHoTL._SL500_.jpg","datePublished":"2021-11-11T23:00:33+00:00","dateModified":"2023-04-11T00:34:38+00:00","description":"Markt-XXL Je porte mon b\u00e9b\u00e9 Pack mit Booster\/Halspolster f\u00fcr Physiocarrier, abnehmbar","breadcrumb":{"@id":"https:\/\/marktxxl.de\/markt\/produkt\/je-porte-mon-bebe-pack-mit-booster-halspolster-fuer-physiocarrier-abnehmbar\/#breadcrumb"},"inLanguage":"de","potentialAction":[{"@type":"ReadAction","target":["https:\/\/marktxxl.de\/markt\/produkt\/je-porte-mon-bebe-pack-mit-booster-halspolster-fuer-physiocarrier-abnehmbar\/"]}]},{"@type":"ImageObject","inLanguage":"de","@id":"https:\/\/marktxxl.de\/markt\/produkt\/je-porte-mon-bebe-pack-mit-booster-halspolster-fuer-physiocarrier-abnehmbar\/#primaryimage","url":"https:\/\/m.media-amazon.com\/images\/I\/31yuRENHoTL._SL500_.jpg","contentUrl":"https:\/\/m.media-amazon.com\/images\/I\/31yuRENHoTL._SL500_.jpg","width":333,"height":500},{"@type":"BreadcrumbList","@id":"https:\/\/marktxxl.de\/markt\/produkt\/je-porte-mon-bebe-pack-mit-booster-halspolster-fuer-physiocarrier-abnehmbar\/#breadcrumb","itemListElement":[{"@type":"ListItem","position":1,"name":"Startseite","item":"https:\/\/marktxxl.de\/markt\/"},{"@type":"ListItem","position":2,"name":"Markt","item":"https:\/\/marktxxl.de\/markt\/"},{"@type":"ListItem","position":3,"name":"Je porte mon b\u00e9b\u00e9 Pack mit Booster\/Halspolster f\u00fcr Physiocarrier, abnehmbar"}]},{"@type":"WebSite","@id":"https:\/\/marktxxl.de\/markt\/#website","url":"https:\/\/marktxxl.de\/markt\/","name":"Markt-XXL","description":"Ihr Markt Online","publisher":{"@id":"https:\/\/marktxxl.de\/markt\/#organization"},"potentialAction":[{"@type":"SearchAction","target":{"@type":"EntryPoint","urlTemplate":"https:\/\/marktxxl.de\/markt\/?s={search_term_string}"},"query-input":{"@type":"PropertyValueSpecification","valueRequired":true,"valueName":"search_term_string"}}],"inLanguage":"de"},{"@type":"Organization","@id":"https:\/\/marktxxl.de\/markt\/#organization","name":"Markt-XXL","url":"https:\/\/marktxxl.de\/markt\/","logo":{"@type":"ImageObject","inLanguage":"de","@id":"https:\/\/marktxxl.de\/markt\/#\/schema\/logo\/image\/","url":"https:\/\/marktxxl.de\/markt\/wp-content\/uploads\/sites\/3\/2020\/12\/logo.png","contentUrl":"https:\/\/marktxxl.de\/markt\/wp-content\/uploads\/sites\/3\/2020\/12\/logo.png","width":200,"height":70,"caption":"Markt-XXL"},"image":{"@id":"https:\/\/marktxxl.de\/markt\/#\/schema\/logo\/image\/"}}]}},"_links":{"self":[{"href":"https:\/\/marktxxl.de\/markt\/wp-json\/wp\/v2\/product\/64606","targetHints":{"allow":["GET"]}}],"collection":[{"href":"https:\/\/marktxxl.de\/markt\/wp-json\/wp\/v2\/product"}],"about":[{"href":"https:\/\/marktxxl.de\/markt\/wp-json\/wp\/v2\/types\/product"}],"replies":[{"embeddable":true,"href":"https:\/\/marktxxl.de\/markt\/wp-json\/wp\/v2\/comments?post=64606"}],"wp:featuredmedia":[{"embeddable":true,"href":"https:\/\/marktxxl.de\/markt\/wp-json\/wp\/v2\/media\/64607"}],"wp:attachment":[{"href":"https:\/\/marktxxl.de\/markt\/wp-json\/wp\/v2\/media?parent=64606"}],"wp:term":[{"taxonomy":"product_brand","embeddable":true,"href":"https:\/\/marktxxl.de\/markt\/wp-json\/wp\/v2\/product_brand?post=64606"},{"taxonomy":"product_cat","embeddable":true,"href":"https:\/\/marktxxl.de\/markt\/wp-json\/wp\/v2\/product_cat?post=64606"},{"taxonomy":"product_tag","embeddable":true,"href":"https:\/\/marktxxl.de\/markt\/wp-json\/wp\/v2\/product_tag?post=64606"}],"curies":[{"name":"wp","href":"https:\/\/api.w.org\/{rel}","templated":true}]}}