{"id":64416,"date":"2021-11-11T23:54:50","date_gmt":"2021-11-11T22:54:50","guid":{"rendered":"https:\/\/marktxxl.de\/markt\/produkt\/holzkiste-mit-deckel-zur-geburt-holzbox-taufe-individuell-graviert-mit-namen-geburtsdatum-gewicht-geschenk-zur-geburt-personalisiert-erinnerungsbox-baby-memory-box\/"},"modified":"2023-04-11T02:34:34","modified_gmt":"2023-04-11T00:34:34","slug":"holzkiste-mit-deckel-zur-geburt-holzbox-taufe-individuell-graviert-mit-namen-geburtsdatum-gewicht-geschenk-zur-geburt-personalisiert-erinnerungsbox-baby-memory-box","status":"publish","type":"product","link":"https:\/\/marktxxl.de\/markt\/produkt\/holzkiste-mit-deckel-zur-geburt-holzbox-taufe-individuell-graviert-mit-namen-geburtsdatum-gewicht-geschenk-zur-geburt-personalisiert-erinnerungsbox-baby-memory-box\/","title":{"rendered":"Holzkiste mit Deckel zur Geburt &#8211; Holzbox Taufe &#8211; Individuell graviert mit Namen &#8211; Geburtsdatum &#8211; Gewicht &#8211; Geschenk zur\u2026"},"content":{"rendered":"<p>Holzkiste mit modernster Lasertechnologie graviert als Geschenk f\u00fcr Eltern und Mutter zur Geburt Ihres Babys &#8211; Die hochwertige Qualit\u00e4t der Holzkiste wird Sie \u00fcberzeugen<br \/>\nAuf der Holzkiste wird der Namen des Kindes, das Geburtsdatum mit Wochentag, Gewicht, Gr\u00f6\u00dfe und Uhrzeit der Geburt ins Holz graviert (je nach Variante)<br \/>\nIn der Kiste finden sehr pers\u00f6nliche Kostbarkeiten wie das erste Foto nach der Geburt, der Mutterpass, Ultraschallbilder, Milchz\u00e4hnchen und vieles mehr einen unverwechselbaren Platz<br \/>\nDie hochwertige Holzkiste mit Deckel ist aus unbehandeltem Kiefernholz aus zertfiziertem Holz hergestellt in Europa. Die Kisten erf\u00fcllen nationale sowie internationale Regulierungsstandards und stammen aus nachhaltigen Quellen. Die Holzboxen sind alle in Nut-Feder-Verbindung gearbeitet, die Kanten sind abgerundet<br \/>\nSchriftart wie auf Foto zu sehen \/ Modell und Gravur je nach Variante!! \/ Material: Kiefernholz &#8211; Au\u00dfenma\u00df: 30 x 20 x 13 cm<br \/>\n<div class=\"main-cross-sell\" data-asin=\"B092VVP7DL\">\n\n\t<div class=\"WooZone-cross-sell-loader\">\n\t\t<div>\n\t\t\t<div id=\"floatingBarsG\">\n\t\t\t\t<div class=\"blockG\" id=\"rotateG_01\"><\/div>\n\t\t\t\t<div class=\"blockG\" id=\"rotateG_02\"><\/div>\n\t\t\t\t<div class=\"blockG\" id=\"rotateG_03\"><\/div>\n\t\t\t\t<div class=\"blockG\" id=\"rotateG_04\"><\/div>\n\t\t\t\t<div class=\"blockG\" id=\"rotateG_05\"><\/div>\n\t\t\t\t<div class=\"blockG\" id=\"rotateG_06\"><\/div>\n\t\t\t\t<div class=\"blockG\" id=\"rotateG_07\"><\/div>\n\t\t\t\t<div class=\"blockG\" id=\"rotateG_08\"><\/div>\n\t\t\t<\/div>\n\t\t\t<div class=\"WooZone-cross-sell-loader-text\"><\/div>\n\t\t<\/div>\n\t<\/div>\n\n\t\t\n<\/div>\n<div style=\"clear:both;\"><\/div><\/p>\n","protected":false},"excerpt":{"rendered":"<p>Holzkiste mit modernster Lasertechnologie graviert als Geschenk f\u00fcr Eltern und Mutter zur Geburt Ihres Babys &#8211; Die hochwertige Qualit\u00e4t der Holzkiste wird Sie \u00fcberzeugen<br \/>\nAuf der Holzkiste wird der Namen des Kindes, das Geburtsdatum mit Wochentag, Gewicht, Gr\u00f6\u00dfe und Uhrzeit der Geburt ins Holz graviert (je nach Variante)<br \/>\nIn der Kiste finden sehr pers\u00f6nliche Kostbarkeiten wie das erste Foto nach der Geburt, der Mutterpass, Ultraschallbilder, Milchz\u00e4hnchen und vieles mehr einen unverwechselbaren Platz<\/p>\n","protected":false},"featured_media":64417,"comment_status":"open","ping_status":"closed","template":"","meta":[],"product_brand":[],"product_cat":[21,8929],"product_tag":[],"class_list":{"0":"post-64416","1":"product","2":"type-product","3":"status-publish","4":"has-post-thumbnail","6":"product_cat-baby","7":"product_cat-babygeschenke-baby","8":"pa_binding-babyartikel","9":"pa_brand-annastore","10":"pa_manufacturer-annastore","11":"pa_weight-6-61386786-pfund","13":"first","14":"instock","15":"shipping-taxable","16":"purchasable","17":"product-type-simple","18":"customify-col","19":"product-has-gallery"},"yoast_head":"<!-- This site is optimized with the Yoast SEO plugin v27.4 - https:\/\/yoast.com\/product\/yoast-seo-wordpress\/ -->\n<title>Holzkiste mit Deckel zur Geburt - Holzbox Taufe - Individuell graviert mit Namen - Geburtsdatum - Gewicht - Geschenk zur\u2026 - Markt-XXL<\/title>\n<meta name=\"description\" content=\"Markt-XXL Holzkiste mit Deckel zur Geburt - Holzbox Taufe - Individuell graviert mit Namen - Geburtsdatum - Gewicht - Geschenk zur\u2026\" \/>\n<meta name=\"robots\" content=\"index, follow, max-snippet:-1, max-image-preview:large, max-video-preview:-1\" \/>\n<link rel=\"canonical\" href=\"https:\/\/marktxxl.de\/markt\/produkt\/holzkiste-mit-deckel-zur-geburt-holzbox-taufe-individuell-graviert-mit-namen-geburtsdatum-gewicht-geschenk-zur-geburt-personalisiert-erinnerungsbox-baby-memory-box\/\" \/>\n<meta property=\"og:locale\" content=\"de_DE\" \/>\n<meta property=\"og:type\" content=\"article\" \/>\n<meta property=\"og:title\" content=\"Holzkiste mit Deckel zur Geburt - Holzbox Taufe - Individuell graviert mit Namen - Geburtsdatum - Gewicht - Geschenk zur\u2026 - Markt-XXL\" \/>\n<meta property=\"og:description\" content=\"Markt-XXL Holzkiste mit Deckel zur Geburt - Holzbox Taufe - Individuell graviert mit Namen - Geburtsdatum - Gewicht - Geschenk zur\u2026\" \/>\n<meta property=\"og:url\" content=\"https:\/\/marktxxl.de\/markt\/produkt\/holzkiste-mit-deckel-zur-geburt-holzbox-taufe-individuell-graviert-mit-namen-geburtsdatum-gewicht-geschenk-zur-geburt-personalisiert-erinnerungsbox-baby-memory-box\/\" \/>\n<meta property=\"og:site_name\" content=\"Markt-XXL\" \/>\n<meta property=\"article:modified_time\" content=\"2023-04-11T00:34:34+00:00\" \/>\n<meta property=\"og:image\" content=\"https:\/\/m.media-amazon.com\/images\/I\/410A+GjKYgS._SL500_.jpg\" \/>\n\t<meta property=\"og:image:width\" content=\"500\" \/>\n\t<meta property=\"og:image:height\" content=\"500\" \/>\n\t<meta property=\"og:image:type\" content=\"image\/jpeg\" \/>\n<meta name=\"twitter:card\" content=\"summary_large_image\" \/>\n<meta name=\"twitter:label1\" content=\"Gesch\u00e4tzte Lesezeit\" \/>\n\t<meta name=\"twitter:data1\" content=\"1\u00a0Minute\" \/>\n<script type=\"application\/ld+json\" class=\"yoast-schema-graph\">{\"@context\":\"https:\\\/\\\/schema.org\",\"@graph\":[{\"@type\":\"WebPage\",\"@id\":\"https:\\\/\\\/marktxxl.de\\\/markt\\\/produkt\\\/holzkiste-mit-deckel-zur-geburt-holzbox-taufe-individuell-graviert-mit-namen-geburtsdatum-gewicht-geschenk-zur-geburt-personalisiert-erinnerungsbox-baby-memory-box\\\/\",\"url\":\"https:\\\/\\\/marktxxl.de\\\/markt\\\/produkt\\\/holzkiste-mit-deckel-zur-geburt-holzbox-taufe-individuell-graviert-mit-namen-geburtsdatum-gewicht-geschenk-zur-geburt-personalisiert-erinnerungsbox-baby-memory-box\\\/\",\"name\":\"Holzkiste mit Deckel zur Geburt - Holzbox Taufe - Individuell graviert mit Namen - Geburtsdatum - Gewicht - Geschenk zur\u2026 - Markt-XXL\",\"isPartOf\":{\"@id\":\"https:\\\/\\\/marktxxl.de\\\/markt\\\/#website\"},\"primaryImageOfPage\":{\"@id\":\"https:\\\/\\\/marktxxl.de\\\/markt\\\/produkt\\\/holzkiste-mit-deckel-zur-geburt-holzbox-taufe-individuell-graviert-mit-namen-geburtsdatum-gewicht-geschenk-zur-geburt-personalisiert-erinnerungsbox-baby-memory-box\\\/#primaryimage\"},\"image\":{\"@id\":\"https:\\\/\\\/marktxxl.de\\\/markt\\\/produkt\\\/holzkiste-mit-deckel-zur-geburt-holzbox-taufe-individuell-graviert-mit-namen-geburtsdatum-gewicht-geschenk-zur-geburt-personalisiert-erinnerungsbox-baby-memory-box\\\/#primaryimage\"},\"thumbnailUrl\":\"https:\\\/\\\/m.media-amazon.com\\\/images\\\/I\\\/410A+GjKYgS._SL500_.jpg\",\"datePublished\":\"2021-11-11T22:54:50+00:00\",\"dateModified\":\"2023-04-11T00:34:34+00:00\",\"description\":\"Markt-XXL Holzkiste mit Deckel zur Geburt - Holzbox Taufe - Individuell graviert mit Namen - Geburtsdatum - Gewicht - Geschenk zur\u2026\",\"breadcrumb\":{\"@id\":\"https:\\\/\\\/marktxxl.de\\\/markt\\\/produkt\\\/holzkiste-mit-deckel-zur-geburt-holzbox-taufe-individuell-graviert-mit-namen-geburtsdatum-gewicht-geschenk-zur-geburt-personalisiert-erinnerungsbox-baby-memory-box\\\/#breadcrumb\"},\"inLanguage\":\"de\",\"potentialAction\":[{\"@type\":\"ReadAction\",\"target\":[\"https:\\\/\\\/marktxxl.de\\\/markt\\\/produkt\\\/holzkiste-mit-deckel-zur-geburt-holzbox-taufe-individuell-graviert-mit-namen-geburtsdatum-gewicht-geschenk-zur-geburt-personalisiert-erinnerungsbox-baby-memory-box\\\/\"]}]},{\"@type\":\"ImageObject\",\"inLanguage\":\"de\",\"@id\":\"https:\\\/\\\/marktxxl.de\\\/markt\\\/produkt\\\/holzkiste-mit-deckel-zur-geburt-holzbox-taufe-individuell-graviert-mit-namen-geburtsdatum-gewicht-geschenk-zur-geburt-personalisiert-erinnerungsbox-baby-memory-box\\\/#primaryimage\",\"url\":\"https:\\\/\\\/m.media-amazon.com\\\/images\\\/I\\\/410A+GjKYgS._SL500_.jpg\",\"contentUrl\":\"https:\\\/\\\/m.media-amazon.com\\\/images\\\/I\\\/410A+GjKYgS._SL500_.jpg\",\"width\":500,\"height\":500},{\"@type\":\"BreadcrumbList\",\"@id\":\"https:\\\/\\\/marktxxl.de\\\/markt\\\/produkt\\\/holzkiste-mit-deckel-zur-geburt-holzbox-taufe-individuell-graviert-mit-namen-geburtsdatum-gewicht-geschenk-zur-geburt-personalisiert-erinnerungsbox-baby-memory-box\\\/#breadcrumb\",\"itemListElement\":[{\"@type\":\"ListItem\",\"position\":1,\"name\":\"Startseite\",\"item\":\"https:\\\/\\\/marktxxl.de\\\/markt\\\/\"},{\"@type\":\"ListItem\",\"position\":2,\"name\":\"Markt\",\"item\":\"https:\\\/\\\/marktxxl.de\\\/markt\\\/\"},{\"@type\":\"ListItem\",\"position\":3,\"name\":\"Holzkiste mit Deckel zur Geburt &#8211; Holzbox Taufe &#8211; Individuell graviert mit Namen &#8211; Geburtsdatum &#8211; Gewicht &#8211; Geschenk zur\u2026\"}]},{\"@type\":\"WebSite\",\"@id\":\"https:\\\/\\\/marktxxl.de\\\/markt\\\/#website\",\"url\":\"https:\\\/\\\/marktxxl.de\\\/markt\\\/\",\"name\":\"Markt-XXL\",\"description\":\"Ihr Markt Online\",\"publisher\":{\"@id\":\"https:\\\/\\\/marktxxl.de\\\/markt\\\/#organization\"},\"potentialAction\":[{\"@type\":\"SearchAction\",\"target\":{\"@type\":\"EntryPoint\",\"urlTemplate\":\"https:\\\/\\\/marktxxl.de\\\/markt\\\/?s={search_term_string}\"},\"query-input\":{\"@type\":\"PropertyValueSpecification\",\"valueRequired\":true,\"valueName\":\"search_term_string\"}}],\"inLanguage\":\"de\"},{\"@type\":\"Organization\",\"@id\":\"https:\\\/\\\/marktxxl.de\\\/markt\\\/#organization\",\"name\":\"Markt-XXL\",\"url\":\"https:\\\/\\\/marktxxl.de\\\/markt\\\/\",\"logo\":{\"@type\":\"ImageObject\",\"inLanguage\":\"de\",\"@id\":\"https:\\\/\\\/marktxxl.de\\\/markt\\\/#\\\/schema\\\/logo\\\/image\\\/\",\"url\":\"https:\\\/\\\/marktxxl.de\\\/markt\\\/wp-content\\\/uploads\\\/sites\\\/3\\\/2020\\\/12\\\/logo.png\",\"contentUrl\":\"https:\\\/\\\/marktxxl.de\\\/markt\\\/wp-content\\\/uploads\\\/sites\\\/3\\\/2020\\\/12\\\/logo.png\",\"width\":200,\"height\":70,\"caption\":\"Markt-XXL\"},\"image\":{\"@id\":\"https:\\\/\\\/marktxxl.de\\\/markt\\\/#\\\/schema\\\/logo\\\/image\\\/\"}}]}<\/script>\n<!-- \/ Yoast SEO plugin. -->","yoast_head_json":{"title":"Holzkiste mit Deckel zur Geburt - Holzbox Taufe - Individuell graviert mit Namen - Geburtsdatum - Gewicht - Geschenk zur\u2026 - Markt-XXL","description":"Markt-XXL Holzkiste mit Deckel zur Geburt - Holzbox Taufe - Individuell graviert mit Namen - Geburtsdatum - Gewicht - Geschenk zur\u2026","robots":{"index":"index","follow":"follow","max-snippet":"max-snippet:-1","max-image-preview":"max-image-preview:large","max-video-preview":"max-video-preview:-1"},"canonical":"https:\/\/marktxxl.de\/markt\/produkt\/holzkiste-mit-deckel-zur-geburt-holzbox-taufe-individuell-graviert-mit-namen-geburtsdatum-gewicht-geschenk-zur-geburt-personalisiert-erinnerungsbox-baby-memory-box\/","og_locale":"de_DE","og_type":"article","og_title":"Holzkiste mit Deckel zur Geburt - Holzbox Taufe - Individuell graviert mit Namen - Geburtsdatum - Gewicht - Geschenk zur\u2026 - Markt-XXL","og_description":"Markt-XXL Holzkiste mit Deckel zur Geburt - Holzbox Taufe - Individuell graviert mit Namen - Geburtsdatum - Gewicht - Geschenk zur\u2026","og_url":"https:\/\/marktxxl.de\/markt\/produkt\/holzkiste-mit-deckel-zur-geburt-holzbox-taufe-individuell-graviert-mit-namen-geburtsdatum-gewicht-geschenk-zur-geburt-personalisiert-erinnerungsbox-baby-memory-box\/","og_site_name":"Markt-XXL","article_modified_time":"2023-04-11T00:34:34+00:00","og_image":[{"width":500,"height":500,"url":"https:\/\/m.media-amazon.com\/images\/I\/410A+GjKYgS._SL500_.jpg","type":"image\/jpeg"}],"twitter_card":"summary_large_image","twitter_misc":{"Gesch\u00e4tzte Lesezeit":"1\u00a0Minute"},"schema":{"@context":"https:\/\/schema.org","@graph":[{"@type":"WebPage","@id":"https:\/\/marktxxl.de\/markt\/produkt\/holzkiste-mit-deckel-zur-geburt-holzbox-taufe-individuell-graviert-mit-namen-geburtsdatum-gewicht-geschenk-zur-geburt-personalisiert-erinnerungsbox-baby-memory-box\/","url":"https:\/\/marktxxl.de\/markt\/produkt\/holzkiste-mit-deckel-zur-geburt-holzbox-taufe-individuell-graviert-mit-namen-geburtsdatum-gewicht-geschenk-zur-geburt-personalisiert-erinnerungsbox-baby-memory-box\/","name":"Holzkiste mit Deckel zur Geburt - Holzbox Taufe - Individuell graviert mit Namen - Geburtsdatum - Gewicht - Geschenk zur\u2026 - Markt-XXL","isPartOf":{"@id":"https:\/\/marktxxl.de\/markt\/#website"},"primaryImageOfPage":{"@id":"https:\/\/marktxxl.de\/markt\/produkt\/holzkiste-mit-deckel-zur-geburt-holzbox-taufe-individuell-graviert-mit-namen-geburtsdatum-gewicht-geschenk-zur-geburt-personalisiert-erinnerungsbox-baby-memory-box\/#primaryimage"},"image":{"@id":"https:\/\/marktxxl.de\/markt\/produkt\/holzkiste-mit-deckel-zur-geburt-holzbox-taufe-individuell-graviert-mit-namen-geburtsdatum-gewicht-geschenk-zur-geburt-personalisiert-erinnerungsbox-baby-memory-box\/#primaryimage"},"thumbnailUrl":"https:\/\/m.media-amazon.com\/images\/I\/410A+GjKYgS._SL500_.jpg","datePublished":"2021-11-11T22:54:50+00:00","dateModified":"2023-04-11T00:34:34+00:00","description":"Markt-XXL Holzkiste mit Deckel zur Geburt - Holzbox Taufe - Individuell graviert mit Namen - Geburtsdatum - Gewicht - Geschenk zur\u2026","breadcrumb":{"@id":"https:\/\/marktxxl.de\/markt\/produkt\/holzkiste-mit-deckel-zur-geburt-holzbox-taufe-individuell-graviert-mit-namen-geburtsdatum-gewicht-geschenk-zur-geburt-personalisiert-erinnerungsbox-baby-memory-box\/#breadcrumb"},"inLanguage":"de","potentialAction":[{"@type":"ReadAction","target":["https:\/\/marktxxl.de\/markt\/produkt\/holzkiste-mit-deckel-zur-geburt-holzbox-taufe-individuell-graviert-mit-namen-geburtsdatum-gewicht-geschenk-zur-geburt-personalisiert-erinnerungsbox-baby-memory-box\/"]}]},{"@type":"ImageObject","inLanguage":"de","@id":"https:\/\/marktxxl.de\/markt\/produkt\/holzkiste-mit-deckel-zur-geburt-holzbox-taufe-individuell-graviert-mit-namen-geburtsdatum-gewicht-geschenk-zur-geburt-personalisiert-erinnerungsbox-baby-memory-box\/#primaryimage","url":"https:\/\/m.media-amazon.com\/images\/I\/410A+GjKYgS._SL500_.jpg","contentUrl":"https:\/\/m.media-amazon.com\/images\/I\/410A+GjKYgS._SL500_.jpg","width":500,"height":500},{"@type":"BreadcrumbList","@id":"https:\/\/marktxxl.de\/markt\/produkt\/holzkiste-mit-deckel-zur-geburt-holzbox-taufe-individuell-graviert-mit-namen-geburtsdatum-gewicht-geschenk-zur-geburt-personalisiert-erinnerungsbox-baby-memory-box\/#breadcrumb","itemListElement":[{"@type":"ListItem","position":1,"name":"Startseite","item":"https:\/\/marktxxl.de\/markt\/"},{"@type":"ListItem","position":2,"name":"Markt","item":"https:\/\/marktxxl.de\/markt\/"},{"@type":"ListItem","position":3,"name":"Holzkiste mit Deckel zur Geburt &#8211; Holzbox Taufe &#8211; Individuell graviert mit Namen &#8211; Geburtsdatum &#8211; Gewicht &#8211; Geschenk zur\u2026"}]},{"@type":"WebSite","@id":"https:\/\/marktxxl.de\/markt\/#website","url":"https:\/\/marktxxl.de\/markt\/","name":"Markt-XXL","description":"Ihr Markt Online","publisher":{"@id":"https:\/\/marktxxl.de\/markt\/#organization"},"potentialAction":[{"@type":"SearchAction","target":{"@type":"EntryPoint","urlTemplate":"https:\/\/marktxxl.de\/markt\/?s={search_term_string}"},"query-input":{"@type":"PropertyValueSpecification","valueRequired":true,"valueName":"search_term_string"}}],"inLanguage":"de"},{"@type":"Organization","@id":"https:\/\/marktxxl.de\/markt\/#organization","name":"Markt-XXL","url":"https:\/\/marktxxl.de\/markt\/","logo":{"@type":"ImageObject","inLanguage":"de","@id":"https:\/\/marktxxl.de\/markt\/#\/schema\/logo\/image\/","url":"https:\/\/marktxxl.de\/markt\/wp-content\/uploads\/sites\/3\/2020\/12\/logo.png","contentUrl":"https:\/\/marktxxl.de\/markt\/wp-content\/uploads\/sites\/3\/2020\/12\/logo.png","width":200,"height":70,"caption":"Markt-XXL"},"image":{"@id":"https:\/\/marktxxl.de\/markt\/#\/schema\/logo\/image\/"}}]}},"_links":{"self":[{"href":"https:\/\/marktxxl.de\/markt\/wp-json\/wp\/v2\/product\/64416","targetHints":{"allow":["GET"]}}],"collection":[{"href":"https:\/\/marktxxl.de\/markt\/wp-json\/wp\/v2\/product"}],"about":[{"href":"https:\/\/marktxxl.de\/markt\/wp-json\/wp\/v2\/types\/product"}],"replies":[{"embeddable":true,"href":"https:\/\/marktxxl.de\/markt\/wp-json\/wp\/v2\/comments?post=64416"}],"wp:featuredmedia":[{"embeddable":true,"href":"https:\/\/marktxxl.de\/markt\/wp-json\/wp\/v2\/media\/64417"}],"wp:attachment":[{"href":"https:\/\/marktxxl.de\/markt\/wp-json\/wp\/v2\/media?parent=64416"}],"wp:term":[{"taxonomy":"product_brand","embeddable":true,"href":"https:\/\/marktxxl.de\/markt\/wp-json\/wp\/v2\/product_brand?post=64416"},{"taxonomy":"product_cat","embeddable":true,"href":"https:\/\/marktxxl.de\/markt\/wp-json\/wp\/v2\/product_cat?post=64416"},{"taxonomy":"product_tag","embeddable":true,"href":"https:\/\/marktxxl.de\/markt\/wp-json\/wp\/v2\/product_tag?post=64416"}],"curies":[{"name":"wp","href":"https:\/\/api.w.org\/{rel}","templated":true}]}}