{"id":64374,"date":"2021-11-11T23:54:35","date_gmt":"2021-11-11T22:54:35","guid":{"rendered":"https:\/\/marktxxl.de\/markt\/produkt\/dankeskarten-fuer-babyparty-elefantenmotiv-50-dankeskarten-und-umschlaege\/"},"modified":"2023-04-11T02:34:33","modified_gmt":"2023-04-11T00:34:33","slug":"dankeskarten-fuer-babyparty-elefantenmotiv-50-dankeskarten-und-umschlaege","status":"publish","type":"product","link":"https:\/\/marktxxl.de\/markt\/produkt\/dankeskarten-fuer-babyparty-elefantenmotiv-50-dankeskarten-und-umschlaege\/","title":{"rendered":"Dankeskarten f\u00fcr Babyparty, Elefantenmotiv, 50 Dankeskarten und Umschl\u00e4ge"},"content":{"rendered":"<p>Inklusive 50 Dankeskarten und 50 Umschl\u00e4gen.<br \/>\nGr\u00f6\u00dfe: 10,2 x 15,2 cm, A6 Umschl\u00e4ge.<br \/>\n6 verschiedene Designs im Lieferumfang enthalten. Enth\u00e4lt 25 Karten (5 Karten pro Design) mit Platz zum Schreiben Ihrer eigenen Dankeskarten und 25 Karten mit einem s\u00fc\u00dfen vorgeschriebenen Dankeskarton. Insgesamt 50 Karten zusammen<br \/>\nVorgeschriebene Dankeskarte hat eine leere Seite f\u00fcr ein optionales handgeschriebenes pers\u00f6nliches Dankesch\u00f6n.<br \/>\nDankeskarten f\u00fcr Babyparty oder Sprinkle mit Elefantenmotiv<br \/>\n<div class=\"main-cross-sell\" data-asin=\"B08L84DBJW\">\n\n\t<div class=\"WooZone-cross-sell-loader\">\n\t\t<div>\n\t\t\t<div id=\"floatingBarsG\">\n\t\t\t\t<div class=\"blockG\" id=\"rotateG_01\"><\/div>\n\t\t\t\t<div class=\"blockG\" id=\"rotateG_02\"><\/div>\n\t\t\t\t<div class=\"blockG\" id=\"rotateG_03\"><\/div>\n\t\t\t\t<div class=\"blockG\" id=\"rotateG_04\"><\/div>\n\t\t\t\t<div class=\"blockG\" id=\"rotateG_05\"><\/div>\n\t\t\t\t<div class=\"blockG\" id=\"rotateG_06\"><\/div>\n\t\t\t\t<div class=\"blockG\" id=\"rotateG_07\"><\/div>\n\t\t\t\t<div class=\"blockG\" id=\"rotateG_08\"><\/div>\n\t\t\t<\/div>\n\t\t\t<div class=\"WooZone-cross-sell-loader-text\"><\/div>\n\t\t<\/div>\n\t<\/div>\n\n\t\t\n<\/div>\n<div style=\"clear:both;\"><\/div><\/p>\n","protected":false},"excerpt":{"rendered":"<p>Inklusive 50 Dankeskarten und 50 Umschl\u00e4gen.<br \/>\nGr\u00f6\u00dfe: 10,2 x 15,2 cm, A6 Umschl\u00e4ge.<br \/>\n6 verschiedene Designs im Lieferumfang enthalten. Enth\u00e4lt 25 Karten (5 Karten pro Design) mit Platz zum Schreiben Ihrer eigenen Dankeskarten und 25 Karten mit einem s\u00fc\u00dfen vorgeschriebenen Dankeskarton. Insgesamt 50 Karten zusammen<\/p>\n","protected":false},"featured_media":64375,"comment_status":"open","ping_status":"closed","template":"","meta":[],"product_brand":[],"product_cat":[21,8929],"product_tag":[],"class_list":{"0":"post-64374","1":"product","2":"type-product","3":"status-publish","4":"has-post-thumbnail","6":"product_cat-baby","7":"product_cat-babygeschenke-baby","8":"pa_brand-your-main-event-prints","9":"pa_manufacturer-your-main-event-prints","11":"first","12":"instock","13":"shipping-taxable","14":"purchasable","15":"product-type-simple","16":"customify-col","17":"product-has-gallery"},"yoast_head":"<!-- This site is optimized with the Yoast SEO plugin v27.4 - https:\/\/yoast.com\/product\/yoast-seo-wordpress\/ -->\n<title>Dankeskarten f\u00fcr Babyparty, Elefantenmotiv, 50 Dankeskarten und Umschl\u00e4ge - Markt-XXL<\/title>\n<meta name=\"description\" content=\"Markt-XXL Dankeskarten f\u00fcr Babyparty, Elefantenmotiv, 50 Dankeskarten und Umschl\u00e4ge\" \/>\n<meta name=\"robots\" content=\"index, follow, max-snippet:-1, max-image-preview:large, max-video-preview:-1\" \/>\n<link rel=\"canonical\" href=\"https:\/\/marktxxl.de\/markt\/produkt\/dankeskarten-fuer-babyparty-elefantenmotiv-50-dankeskarten-und-umschlaege\/\" \/>\n<meta property=\"og:locale\" content=\"de_DE\" \/>\n<meta property=\"og:type\" content=\"article\" \/>\n<meta property=\"og:title\" content=\"Dankeskarten f\u00fcr Babyparty, Elefantenmotiv, 50 Dankeskarten und Umschl\u00e4ge - Markt-XXL\" \/>\n<meta property=\"og:description\" content=\"Markt-XXL Dankeskarten f\u00fcr Babyparty, Elefantenmotiv, 50 Dankeskarten und Umschl\u00e4ge\" \/>\n<meta property=\"og:url\" content=\"https:\/\/marktxxl.de\/markt\/produkt\/dankeskarten-fuer-babyparty-elefantenmotiv-50-dankeskarten-und-umschlaege\/\" \/>\n<meta property=\"og:site_name\" content=\"Markt-XXL\" \/>\n<meta property=\"article:modified_time\" content=\"2023-04-11T00:34:33+00:00\" \/>\n<meta property=\"og:image\" content=\"https:\/\/m.media-amazon.com\/images\/I\/51lzp0kigaL._SL500_.jpg\" \/>\n\t<meta property=\"og:image:width\" content=\"500\" \/>\n\t<meta property=\"og:image:height\" content=\"500\" \/>\n\t<meta property=\"og:image:type\" content=\"image\/jpeg\" \/>\n<meta name=\"twitter:card\" content=\"summary_large_image\" \/>\n<script type=\"application\/ld+json\" class=\"yoast-schema-graph\">{\"@context\":\"https:\\\/\\\/schema.org\",\"@graph\":[{\"@type\":\"WebPage\",\"@id\":\"https:\\\/\\\/marktxxl.de\\\/markt\\\/produkt\\\/dankeskarten-fuer-babyparty-elefantenmotiv-50-dankeskarten-und-umschlaege\\\/\",\"url\":\"https:\\\/\\\/marktxxl.de\\\/markt\\\/produkt\\\/dankeskarten-fuer-babyparty-elefantenmotiv-50-dankeskarten-und-umschlaege\\\/\",\"name\":\"Dankeskarten f\u00fcr Babyparty, Elefantenmotiv, 50 Dankeskarten und Umschl\u00e4ge - Markt-XXL\",\"isPartOf\":{\"@id\":\"https:\\\/\\\/marktxxl.de\\\/markt\\\/#website\"},\"primaryImageOfPage\":{\"@id\":\"https:\\\/\\\/marktxxl.de\\\/markt\\\/produkt\\\/dankeskarten-fuer-babyparty-elefantenmotiv-50-dankeskarten-und-umschlaege\\\/#primaryimage\"},\"image\":{\"@id\":\"https:\\\/\\\/marktxxl.de\\\/markt\\\/produkt\\\/dankeskarten-fuer-babyparty-elefantenmotiv-50-dankeskarten-und-umschlaege\\\/#primaryimage\"},\"thumbnailUrl\":\"https:\\\/\\\/m.media-amazon.com\\\/images\\\/I\\\/51lzp0kigaL._SL500_.jpg\",\"datePublished\":\"2021-11-11T22:54:35+00:00\",\"dateModified\":\"2023-04-11T00:34:33+00:00\",\"description\":\"Markt-XXL Dankeskarten f\u00fcr Babyparty, Elefantenmotiv, 50 Dankeskarten und Umschl\u00e4ge\",\"breadcrumb\":{\"@id\":\"https:\\\/\\\/marktxxl.de\\\/markt\\\/produkt\\\/dankeskarten-fuer-babyparty-elefantenmotiv-50-dankeskarten-und-umschlaege\\\/#breadcrumb\"},\"inLanguage\":\"de\",\"potentialAction\":[{\"@type\":\"ReadAction\",\"target\":[\"https:\\\/\\\/marktxxl.de\\\/markt\\\/produkt\\\/dankeskarten-fuer-babyparty-elefantenmotiv-50-dankeskarten-und-umschlaege\\\/\"]}]},{\"@type\":\"ImageObject\",\"inLanguage\":\"de\",\"@id\":\"https:\\\/\\\/marktxxl.de\\\/markt\\\/produkt\\\/dankeskarten-fuer-babyparty-elefantenmotiv-50-dankeskarten-und-umschlaege\\\/#primaryimage\",\"url\":\"https:\\\/\\\/m.media-amazon.com\\\/images\\\/I\\\/51lzp0kigaL._SL500_.jpg\",\"contentUrl\":\"https:\\\/\\\/m.media-amazon.com\\\/images\\\/I\\\/51lzp0kigaL._SL500_.jpg\",\"width\":500,\"height\":500},{\"@type\":\"BreadcrumbList\",\"@id\":\"https:\\\/\\\/marktxxl.de\\\/markt\\\/produkt\\\/dankeskarten-fuer-babyparty-elefantenmotiv-50-dankeskarten-und-umschlaege\\\/#breadcrumb\",\"itemListElement\":[{\"@type\":\"ListItem\",\"position\":1,\"name\":\"Startseite\",\"item\":\"https:\\\/\\\/marktxxl.de\\\/markt\\\/\"},{\"@type\":\"ListItem\",\"position\":2,\"name\":\"Markt\",\"item\":\"https:\\\/\\\/marktxxl.de\\\/markt\\\/\"},{\"@type\":\"ListItem\",\"position\":3,\"name\":\"Dankeskarten f\u00fcr Babyparty, Elefantenmotiv, 50 Dankeskarten und Umschl\u00e4ge\"}]},{\"@type\":\"WebSite\",\"@id\":\"https:\\\/\\\/marktxxl.de\\\/markt\\\/#website\",\"url\":\"https:\\\/\\\/marktxxl.de\\\/markt\\\/\",\"name\":\"Markt-XXL\",\"description\":\"Ihr Markt Online\",\"publisher\":{\"@id\":\"https:\\\/\\\/marktxxl.de\\\/markt\\\/#organization\"},\"potentialAction\":[{\"@type\":\"SearchAction\",\"target\":{\"@type\":\"EntryPoint\",\"urlTemplate\":\"https:\\\/\\\/marktxxl.de\\\/markt\\\/?s={search_term_string}\"},\"query-input\":{\"@type\":\"PropertyValueSpecification\",\"valueRequired\":true,\"valueName\":\"search_term_string\"}}],\"inLanguage\":\"de\"},{\"@type\":\"Organization\",\"@id\":\"https:\\\/\\\/marktxxl.de\\\/markt\\\/#organization\",\"name\":\"Markt-XXL\",\"url\":\"https:\\\/\\\/marktxxl.de\\\/markt\\\/\",\"logo\":{\"@type\":\"ImageObject\",\"inLanguage\":\"de\",\"@id\":\"https:\\\/\\\/marktxxl.de\\\/markt\\\/#\\\/schema\\\/logo\\\/image\\\/\",\"url\":\"https:\\\/\\\/marktxxl.de\\\/markt\\\/wp-content\\\/uploads\\\/sites\\\/3\\\/2020\\\/12\\\/logo.png\",\"contentUrl\":\"https:\\\/\\\/marktxxl.de\\\/markt\\\/wp-content\\\/uploads\\\/sites\\\/3\\\/2020\\\/12\\\/logo.png\",\"width\":200,\"height\":70,\"caption\":\"Markt-XXL\"},\"image\":{\"@id\":\"https:\\\/\\\/marktxxl.de\\\/markt\\\/#\\\/schema\\\/logo\\\/image\\\/\"}}]}<\/script>\n<!-- \/ Yoast SEO plugin. -->","yoast_head_json":{"title":"Dankeskarten f\u00fcr Babyparty, Elefantenmotiv, 50 Dankeskarten und Umschl\u00e4ge - Markt-XXL","description":"Markt-XXL Dankeskarten f\u00fcr Babyparty, Elefantenmotiv, 50 Dankeskarten und Umschl\u00e4ge","robots":{"index":"index","follow":"follow","max-snippet":"max-snippet:-1","max-image-preview":"max-image-preview:large","max-video-preview":"max-video-preview:-1"},"canonical":"https:\/\/marktxxl.de\/markt\/produkt\/dankeskarten-fuer-babyparty-elefantenmotiv-50-dankeskarten-und-umschlaege\/","og_locale":"de_DE","og_type":"article","og_title":"Dankeskarten f\u00fcr Babyparty, Elefantenmotiv, 50 Dankeskarten und Umschl\u00e4ge - Markt-XXL","og_description":"Markt-XXL Dankeskarten f\u00fcr Babyparty, Elefantenmotiv, 50 Dankeskarten und Umschl\u00e4ge","og_url":"https:\/\/marktxxl.de\/markt\/produkt\/dankeskarten-fuer-babyparty-elefantenmotiv-50-dankeskarten-und-umschlaege\/","og_site_name":"Markt-XXL","article_modified_time":"2023-04-11T00:34:33+00:00","og_image":[{"width":500,"height":500,"url":"https:\/\/m.media-amazon.com\/images\/I\/51lzp0kigaL._SL500_.jpg","type":"image\/jpeg"}],"twitter_card":"summary_large_image","schema":{"@context":"https:\/\/schema.org","@graph":[{"@type":"WebPage","@id":"https:\/\/marktxxl.de\/markt\/produkt\/dankeskarten-fuer-babyparty-elefantenmotiv-50-dankeskarten-und-umschlaege\/","url":"https:\/\/marktxxl.de\/markt\/produkt\/dankeskarten-fuer-babyparty-elefantenmotiv-50-dankeskarten-und-umschlaege\/","name":"Dankeskarten f\u00fcr Babyparty, Elefantenmotiv, 50 Dankeskarten und Umschl\u00e4ge - Markt-XXL","isPartOf":{"@id":"https:\/\/marktxxl.de\/markt\/#website"},"primaryImageOfPage":{"@id":"https:\/\/marktxxl.de\/markt\/produkt\/dankeskarten-fuer-babyparty-elefantenmotiv-50-dankeskarten-und-umschlaege\/#primaryimage"},"image":{"@id":"https:\/\/marktxxl.de\/markt\/produkt\/dankeskarten-fuer-babyparty-elefantenmotiv-50-dankeskarten-und-umschlaege\/#primaryimage"},"thumbnailUrl":"https:\/\/m.media-amazon.com\/images\/I\/51lzp0kigaL._SL500_.jpg","datePublished":"2021-11-11T22:54:35+00:00","dateModified":"2023-04-11T00:34:33+00:00","description":"Markt-XXL Dankeskarten f\u00fcr Babyparty, Elefantenmotiv, 50 Dankeskarten und Umschl\u00e4ge","breadcrumb":{"@id":"https:\/\/marktxxl.de\/markt\/produkt\/dankeskarten-fuer-babyparty-elefantenmotiv-50-dankeskarten-und-umschlaege\/#breadcrumb"},"inLanguage":"de","potentialAction":[{"@type":"ReadAction","target":["https:\/\/marktxxl.de\/markt\/produkt\/dankeskarten-fuer-babyparty-elefantenmotiv-50-dankeskarten-und-umschlaege\/"]}]},{"@type":"ImageObject","inLanguage":"de","@id":"https:\/\/marktxxl.de\/markt\/produkt\/dankeskarten-fuer-babyparty-elefantenmotiv-50-dankeskarten-und-umschlaege\/#primaryimage","url":"https:\/\/m.media-amazon.com\/images\/I\/51lzp0kigaL._SL500_.jpg","contentUrl":"https:\/\/m.media-amazon.com\/images\/I\/51lzp0kigaL._SL500_.jpg","width":500,"height":500},{"@type":"BreadcrumbList","@id":"https:\/\/marktxxl.de\/markt\/produkt\/dankeskarten-fuer-babyparty-elefantenmotiv-50-dankeskarten-und-umschlaege\/#breadcrumb","itemListElement":[{"@type":"ListItem","position":1,"name":"Startseite","item":"https:\/\/marktxxl.de\/markt\/"},{"@type":"ListItem","position":2,"name":"Markt","item":"https:\/\/marktxxl.de\/markt\/"},{"@type":"ListItem","position":3,"name":"Dankeskarten f\u00fcr Babyparty, Elefantenmotiv, 50 Dankeskarten und Umschl\u00e4ge"}]},{"@type":"WebSite","@id":"https:\/\/marktxxl.de\/markt\/#website","url":"https:\/\/marktxxl.de\/markt\/","name":"Markt-XXL","description":"Ihr Markt Online","publisher":{"@id":"https:\/\/marktxxl.de\/markt\/#organization"},"potentialAction":[{"@type":"SearchAction","target":{"@type":"EntryPoint","urlTemplate":"https:\/\/marktxxl.de\/markt\/?s={search_term_string}"},"query-input":{"@type":"PropertyValueSpecification","valueRequired":true,"valueName":"search_term_string"}}],"inLanguage":"de"},{"@type":"Organization","@id":"https:\/\/marktxxl.de\/markt\/#organization","name":"Markt-XXL","url":"https:\/\/marktxxl.de\/markt\/","logo":{"@type":"ImageObject","inLanguage":"de","@id":"https:\/\/marktxxl.de\/markt\/#\/schema\/logo\/image\/","url":"https:\/\/marktxxl.de\/markt\/wp-content\/uploads\/sites\/3\/2020\/12\/logo.png","contentUrl":"https:\/\/marktxxl.de\/markt\/wp-content\/uploads\/sites\/3\/2020\/12\/logo.png","width":200,"height":70,"caption":"Markt-XXL"},"image":{"@id":"https:\/\/marktxxl.de\/markt\/#\/schema\/logo\/image\/"}}]}},"_links":{"self":[{"href":"https:\/\/marktxxl.de\/markt\/wp-json\/wp\/v2\/product\/64374","targetHints":{"allow":["GET"]}}],"collection":[{"href":"https:\/\/marktxxl.de\/markt\/wp-json\/wp\/v2\/product"}],"about":[{"href":"https:\/\/marktxxl.de\/markt\/wp-json\/wp\/v2\/types\/product"}],"replies":[{"embeddable":true,"href":"https:\/\/marktxxl.de\/markt\/wp-json\/wp\/v2\/comments?post=64374"}],"wp:featuredmedia":[{"embeddable":true,"href":"https:\/\/marktxxl.de\/markt\/wp-json\/wp\/v2\/media\/64375"}],"wp:attachment":[{"href":"https:\/\/marktxxl.de\/markt\/wp-json\/wp\/v2\/media?parent=64374"}],"wp:term":[{"taxonomy":"product_brand","embeddable":true,"href":"https:\/\/marktxxl.de\/markt\/wp-json\/wp\/v2\/product_brand?post=64374"},{"taxonomy":"product_cat","embeddable":true,"href":"https:\/\/marktxxl.de\/markt\/wp-json\/wp\/v2\/product_cat?post=64374"},{"taxonomy":"product_tag","embeddable":true,"href":"https:\/\/marktxxl.de\/markt\/wp-json\/wp\/v2\/product_tag?post=64374"}],"curies":[{"name":"wp","href":"https:\/\/api.w.org\/{rel}","templated":true}]}}