{"id":64365,"date":"2021-11-11T23:51:32","date_gmt":"2021-11-11T22:51:32","guid":{"rendered":"https:\/\/marktxxl.de\/markt\/produkt\/50-karten-fuer-verschiedene-schritte-zum-1-jahr-des-babys-franzoesische-familienproduktion-geschenk-zur-geburt-fuer-schoene-fotos-und-zum-schreiben-der-ersten-mal-des-babys\/"},"modified":"2023-04-11T02:34:33","modified_gmt":"2023-04-11T00:34:33","slug":"50-karten-fuer-verschiedene-schritte-zum-1-jahr-des-babys-franzoesische-familienproduktion-geschenk-zur-geburt-fuer-schoene-fotos-und-zum-schreiben-der-ersten-mal-des-babys","status":"publish","type":"product","link":"https:\/\/marktxxl.de\/markt\/produkt\/50-karten-fuer-verschiedene-schritte-zum-1-jahr-des-babys-franzoesische-familienproduktion-geschenk-zur-geburt-fuer-schoene-fotos-und-zum-schreiben-der-ersten-mal-des-babys\/","title":{"rendered":"50 Karten mit Schritten \u2013 Erinnerungen an das 1. Jahr des Babys \u2013 Franz\u00f6sische Familienkreation \u2013 Geschenk zur Geburt\u2026"},"content":{"rendered":"<p>Verschenken Sie ein unnachahmliches Geschenk: In einem sch\u00f6nen Baumwollbeutel entdecken die werdenden Eltern 50 gro\u00dfe Karten auf beiden Seiten, 16 x 11 cm, um wunderbare Erinnerungen an das Baby zu schaffen. Gro\u00df, gut lesbar, mit abgerundeten Kanten, diese liebevoll illustrierten Karten im modernen Design sind rosa und blau und passen sowohl f\u00fcr M\u00e4dchen als auch f\u00fcr Jungen. Sie k\u00f6nnen auf der R\u00fcckseite personalisiert werden und sind ein wunderbares Geschenk zur Geburt, Babyparty oder Schwangerschaft.<br \/>\nFranz\u00f6sische Kreation: Gedacht von einem jungen Familienunternehmen wurden die Karten in Frankreich entworfen und in Europa gedruckt.<br \/>\nWie man die Karten benutzt: Das ist ganz einfach. Nehmen Sie einfach die passende Karte, die zu dem Moment passt, machen Sie ein sch\u00f6nes Foto des Babys mit der Karte und schreiben Sie auf der R\u00fcckseite das Datum und die Erinnerung an diesen wertvollen Moment.<br \/>\nLieferumfang: 50 Karten inklusive 1 Bedienungsanleitung (evtl. nicht in deutscher Sprache), sch\u00f6n verpackt in einem Fair-Trade-Baumwollbeutel. Von der Geburt bis zum 1. Jahr des Babys finden Sie alle Karten jedes Alters, aber auch Karten f\u00fcr jeden gro\u00dfen Schritt und auch lustige Karten f\u00fcr die Erinnerung an die Anekdoten. Damit nichts im 1. Jahr des Babys fehlt. Alle Karten sind auf den Bildern zu sehen.<br \/>\n<div class=\"main-cross-sell\" data-asin=\"B07DC3ZZKW\">\n\n\t<div class=\"WooZone-cross-sell-loader\">\n\t\t<div>\n\t\t\t<div id=\"floatingBarsG\">\n\t\t\t\t<div class=\"blockG\" id=\"rotateG_01\"><\/div>\n\t\t\t\t<div class=\"blockG\" id=\"rotateG_02\"><\/div>\n\t\t\t\t<div class=\"blockG\" id=\"rotateG_03\"><\/div>\n\t\t\t\t<div class=\"blockG\" id=\"rotateG_04\"><\/div>\n\t\t\t\t<div class=\"blockG\" id=\"rotateG_05\"><\/div>\n\t\t\t\t<div class=\"blockG\" id=\"rotateG_06\"><\/div>\n\t\t\t\t<div class=\"blockG\" id=\"rotateG_07\"><\/div>\n\t\t\t\t<div class=\"blockG\" id=\"rotateG_08\"><\/div>\n\t\t\t<\/div>\n\t\t\t<div class=\"WooZone-cross-sell-loader-text\"><\/div>\n\t\t<\/div>\n\t<\/div>\n\n\t\t\n<\/div>\n<div style=\"clear:both;\"><\/div><\/p>\n","protected":false},"excerpt":{"rendered":"<p>Verschenken Sie ein unnachahmliches Geschenk: In einem sch\u00f6nen Baumwollbeutel entdecken die werdenden Eltern 50 gro\u00dfe Karten auf beiden Seiten, 16 x 11 cm, um wunderbare Erinnerungen an das Baby zu schaffen. Gro\u00df, gut lesbar, mit abgerundeten Kanten, diese liebevoll illustrierten Karten im modernen Design sind rosa und blau und passen sowohl f\u00fcr M\u00e4dchen als auch f\u00fcr Jungen. Sie k\u00f6nnen auf der R\u00fcckseite personalisiert werden und sind ein wunderbares Geschenk zur Geburt, Babyparty oder Schwangerschaft.<br \/>\nFranz\u00f6sische Kreation: Gedacht von einem jungen Familienunternehmen wurden die Karten in Frankreich entworfen und in Europa gedruckt.<br \/>\nWie man die Karten benutzt: Das ist ganz einfach. Nehmen Sie einfach die passende Karte, die zu dem Moment passt, machen Sie ein sch\u00f6nes Foto des Babys mit der Karte und schreiben Sie auf der R\u00fcckseite das Datum und die Erinnerung an diesen wertvollen Moment.<\/p>\n","protected":false},"featured_media":64366,"comment_status":"open","ping_status":"closed","template":"","meta":[],"product_brand":[],"product_cat":[21,8929],"product_tag":[],"class_list":{"0":"post-64365","1":"product","2":"type-product","3":"status-publish","4":"has-post-thumbnail","6":"product_cat-baby","7":"product_cat-babygeschenke-baby","8":"pa_binding-babyartikel","9":"pa_brand-des-contes-de-9-mois","10":"pa_manufacturer-des-contes-de-9-mois","11":"pa_weight-0-8157103694-pfund","13":"first","14":"instock","15":"shipping-taxable","16":"purchasable","17":"product-type-simple","18":"customify-col","19":"product-has-gallery"},"yoast_head":"<!-- This site is optimized with the Yoast SEO plugin v27.4 - https:\/\/yoast.com\/product\/yoast-seo-wordpress\/ -->\n<title>50 Karten mit Schritten \u2013 Erinnerungen an das 1. Jahr des Babys \u2013 Franz\u00f6sische Familienkreation \u2013 Geschenk zur Geburt\u2026 - Markt-XXL<\/title>\n<meta name=\"description\" content=\"Markt-XXL 50 Karten mit Schritten \u2013 Erinnerungen an das 1. Jahr des Babys \u2013 Franz\u00f6sische Familienkreation \u2013 Geschenk zur Geburt\u2026\" \/>\n<meta name=\"robots\" content=\"index, follow, max-snippet:-1, max-image-preview:large, max-video-preview:-1\" \/>\n<link rel=\"canonical\" href=\"https:\/\/marktxxl.de\/markt\/produkt\/50-karten-fuer-verschiedene-schritte-zum-1-jahr-des-babys-franzoesische-familienproduktion-geschenk-zur-geburt-fuer-schoene-fotos-und-zum-schreiben-der-ersten-mal-des-babys\/\" \/>\n<meta property=\"og:locale\" content=\"de_DE\" \/>\n<meta property=\"og:type\" content=\"article\" \/>\n<meta property=\"og:title\" content=\"50 Karten mit Schritten \u2013 Erinnerungen an das 1. Jahr des Babys \u2013 Franz\u00f6sische Familienkreation \u2013 Geschenk zur Geburt\u2026 - Markt-XXL\" \/>\n<meta property=\"og:description\" content=\"Markt-XXL 50 Karten mit Schritten \u2013 Erinnerungen an das 1. Jahr des Babys \u2013 Franz\u00f6sische Familienkreation \u2013 Geschenk zur Geburt\u2026\" \/>\n<meta property=\"og:url\" content=\"https:\/\/marktxxl.de\/markt\/produkt\/50-karten-fuer-verschiedene-schritte-zum-1-jahr-des-babys-franzoesische-familienproduktion-geschenk-zur-geburt-fuer-schoene-fotos-und-zum-schreiben-der-ersten-mal-des-babys\/\" \/>\n<meta property=\"og:site_name\" content=\"Markt-XXL\" \/>\n<meta property=\"article:modified_time\" content=\"2023-04-11T00:34:33+00:00\" \/>\n<meta property=\"og:image\" content=\"https:\/\/m.media-amazon.com\/images\/I\/51BnYTxFLzL._SL500_.jpg\" \/>\n\t<meta property=\"og:image:width\" content=\"500\" \/>\n\t<meta property=\"og:image:height\" content=\"500\" \/>\n\t<meta property=\"og:image:type\" content=\"image\/jpeg\" \/>\n<meta name=\"twitter:card\" content=\"summary_large_image\" \/>\n<meta name=\"twitter:label1\" content=\"Gesch\u00e4tzte Lesezeit\" \/>\n\t<meta name=\"twitter:data1\" content=\"1\u00a0Minute\" \/>\n<script type=\"application\/ld+json\" class=\"yoast-schema-graph\">{\"@context\":\"https:\\\/\\\/schema.org\",\"@graph\":[{\"@type\":\"WebPage\",\"@id\":\"https:\\\/\\\/marktxxl.de\\\/markt\\\/produkt\\\/50-karten-fuer-verschiedene-schritte-zum-1-jahr-des-babys-franzoesische-familienproduktion-geschenk-zur-geburt-fuer-schoene-fotos-und-zum-schreiben-der-ersten-mal-des-babys\\\/\",\"url\":\"https:\\\/\\\/marktxxl.de\\\/markt\\\/produkt\\\/50-karten-fuer-verschiedene-schritte-zum-1-jahr-des-babys-franzoesische-familienproduktion-geschenk-zur-geburt-fuer-schoene-fotos-und-zum-schreiben-der-ersten-mal-des-babys\\\/\",\"name\":\"50 Karten mit Schritten \u2013 Erinnerungen an das 1. Jahr des Babys \u2013 Franz\u00f6sische Familienkreation \u2013 Geschenk zur Geburt\u2026 - Markt-XXL\",\"isPartOf\":{\"@id\":\"https:\\\/\\\/marktxxl.de\\\/markt\\\/#website\"},\"primaryImageOfPage\":{\"@id\":\"https:\\\/\\\/marktxxl.de\\\/markt\\\/produkt\\\/50-karten-fuer-verschiedene-schritte-zum-1-jahr-des-babys-franzoesische-familienproduktion-geschenk-zur-geburt-fuer-schoene-fotos-und-zum-schreiben-der-ersten-mal-des-babys\\\/#primaryimage\"},\"image\":{\"@id\":\"https:\\\/\\\/marktxxl.de\\\/markt\\\/produkt\\\/50-karten-fuer-verschiedene-schritte-zum-1-jahr-des-babys-franzoesische-familienproduktion-geschenk-zur-geburt-fuer-schoene-fotos-und-zum-schreiben-der-ersten-mal-des-babys\\\/#primaryimage\"},\"thumbnailUrl\":\"https:\\\/\\\/m.media-amazon.com\\\/images\\\/I\\\/51BnYTxFLzL._SL500_.jpg\",\"datePublished\":\"2021-11-11T22:51:32+00:00\",\"dateModified\":\"2023-04-11T00:34:33+00:00\",\"description\":\"Markt-XXL 50 Karten mit Schritten \u2013 Erinnerungen an das 1. Jahr des Babys \u2013 Franz\u00f6sische Familienkreation \u2013 Geschenk zur Geburt\u2026\",\"breadcrumb\":{\"@id\":\"https:\\\/\\\/marktxxl.de\\\/markt\\\/produkt\\\/50-karten-fuer-verschiedene-schritte-zum-1-jahr-des-babys-franzoesische-familienproduktion-geschenk-zur-geburt-fuer-schoene-fotos-und-zum-schreiben-der-ersten-mal-des-babys\\\/#breadcrumb\"},\"inLanguage\":\"de\",\"potentialAction\":[{\"@type\":\"ReadAction\",\"target\":[\"https:\\\/\\\/marktxxl.de\\\/markt\\\/produkt\\\/50-karten-fuer-verschiedene-schritte-zum-1-jahr-des-babys-franzoesische-familienproduktion-geschenk-zur-geburt-fuer-schoene-fotos-und-zum-schreiben-der-ersten-mal-des-babys\\\/\"]}]},{\"@type\":\"ImageObject\",\"inLanguage\":\"de\",\"@id\":\"https:\\\/\\\/marktxxl.de\\\/markt\\\/produkt\\\/50-karten-fuer-verschiedene-schritte-zum-1-jahr-des-babys-franzoesische-familienproduktion-geschenk-zur-geburt-fuer-schoene-fotos-und-zum-schreiben-der-ersten-mal-des-babys\\\/#primaryimage\",\"url\":\"https:\\\/\\\/m.media-amazon.com\\\/images\\\/I\\\/51BnYTxFLzL._SL500_.jpg\",\"contentUrl\":\"https:\\\/\\\/m.media-amazon.com\\\/images\\\/I\\\/51BnYTxFLzL._SL500_.jpg\",\"width\":500,\"height\":500},{\"@type\":\"BreadcrumbList\",\"@id\":\"https:\\\/\\\/marktxxl.de\\\/markt\\\/produkt\\\/50-karten-fuer-verschiedene-schritte-zum-1-jahr-des-babys-franzoesische-familienproduktion-geschenk-zur-geburt-fuer-schoene-fotos-und-zum-schreiben-der-ersten-mal-des-babys\\\/#breadcrumb\",\"itemListElement\":[{\"@type\":\"ListItem\",\"position\":1,\"name\":\"Startseite\",\"item\":\"https:\\\/\\\/marktxxl.de\\\/markt\\\/\"},{\"@type\":\"ListItem\",\"position\":2,\"name\":\"Markt\",\"item\":\"https:\\\/\\\/marktxxl.de\\\/markt\\\/\"},{\"@type\":\"ListItem\",\"position\":3,\"name\":\"50 Karten mit Schritten \u2013 Erinnerungen an das 1. Jahr des Babys \u2013 Franz\u00f6sische Familienkreation \u2013 Geschenk zur Geburt\u2026\"}]},{\"@type\":\"WebSite\",\"@id\":\"https:\\\/\\\/marktxxl.de\\\/markt\\\/#website\",\"url\":\"https:\\\/\\\/marktxxl.de\\\/markt\\\/\",\"name\":\"Markt-XXL\",\"description\":\"Ihr Markt Online\",\"publisher\":{\"@id\":\"https:\\\/\\\/marktxxl.de\\\/markt\\\/#organization\"},\"potentialAction\":[{\"@type\":\"SearchAction\",\"target\":{\"@type\":\"EntryPoint\",\"urlTemplate\":\"https:\\\/\\\/marktxxl.de\\\/markt\\\/?s={search_term_string}\"},\"query-input\":{\"@type\":\"PropertyValueSpecification\",\"valueRequired\":true,\"valueName\":\"search_term_string\"}}],\"inLanguage\":\"de\"},{\"@type\":\"Organization\",\"@id\":\"https:\\\/\\\/marktxxl.de\\\/markt\\\/#organization\",\"name\":\"Markt-XXL\",\"url\":\"https:\\\/\\\/marktxxl.de\\\/markt\\\/\",\"logo\":{\"@type\":\"ImageObject\",\"inLanguage\":\"de\",\"@id\":\"https:\\\/\\\/marktxxl.de\\\/markt\\\/#\\\/schema\\\/logo\\\/image\\\/\",\"url\":\"https:\\\/\\\/marktxxl.de\\\/markt\\\/wp-content\\\/uploads\\\/sites\\\/3\\\/2020\\\/12\\\/logo.png\",\"contentUrl\":\"https:\\\/\\\/marktxxl.de\\\/markt\\\/wp-content\\\/uploads\\\/sites\\\/3\\\/2020\\\/12\\\/logo.png\",\"width\":200,\"height\":70,\"caption\":\"Markt-XXL\"},\"image\":{\"@id\":\"https:\\\/\\\/marktxxl.de\\\/markt\\\/#\\\/schema\\\/logo\\\/image\\\/\"}}]}<\/script>\n<!-- \/ Yoast SEO plugin. -->","yoast_head_json":{"title":"50 Karten mit Schritten \u2013 Erinnerungen an das 1. Jahr des Babys \u2013 Franz\u00f6sische Familienkreation \u2013 Geschenk zur Geburt\u2026 - Markt-XXL","description":"Markt-XXL 50 Karten mit Schritten \u2013 Erinnerungen an das 1. Jahr des Babys \u2013 Franz\u00f6sische Familienkreation \u2013 Geschenk zur Geburt\u2026","robots":{"index":"index","follow":"follow","max-snippet":"max-snippet:-1","max-image-preview":"max-image-preview:large","max-video-preview":"max-video-preview:-1"},"canonical":"https:\/\/marktxxl.de\/markt\/produkt\/50-karten-fuer-verschiedene-schritte-zum-1-jahr-des-babys-franzoesische-familienproduktion-geschenk-zur-geburt-fuer-schoene-fotos-und-zum-schreiben-der-ersten-mal-des-babys\/","og_locale":"de_DE","og_type":"article","og_title":"50 Karten mit Schritten \u2013 Erinnerungen an das 1. Jahr des Babys \u2013 Franz\u00f6sische Familienkreation \u2013 Geschenk zur Geburt\u2026 - Markt-XXL","og_description":"Markt-XXL 50 Karten mit Schritten \u2013 Erinnerungen an das 1. Jahr des Babys \u2013 Franz\u00f6sische Familienkreation \u2013 Geschenk zur Geburt\u2026","og_url":"https:\/\/marktxxl.de\/markt\/produkt\/50-karten-fuer-verschiedene-schritte-zum-1-jahr-des-babys-franzoesische-familienproduktion-geschenk-zur-geburt-fuer-schoene-fotos-und-zum-schreiben-der-ersten-mal-des-babys\/","og_site_name":"Markt-XXL","article_modified_time":"2023-04-11T00:34:33+00:00","og_image":[{"width":500,"height":500,"url":"https:\/\/m.media-amazon.com\/images\/I\/51BnYTxFLzL._SL500_.jpg","type":"image\/jpeg"}],"twitter_card":"summary_large_image","twitter_misc":{"Gesch\u00e4tzte Lesezeit":"1\u00a0Minute"},"schema":{"@context":"https:\/\/schema.org","@graph":[{"@type":"WebPage","@id":"https:\/\/marktxxl.de\/markt\/produkt\/50-karten-fuer-verschiedene-schritte-zum-1-jahr-des-babys-franzoesische-familienproduktion-geschenk-zur-geburt-fuer-schoene-fotos-und-zum-schreiben-der-ersten-mal-des-babys\/","url":"https:\/\/marktxxl.de\/markt\/produkt\/50-karten-fuer-verschiedene-schritte-zum-1-jahr-des-babys-franzoesische-familienproduktion-geschenk-zur-geburt-fuer-schoene-fotos-und-zum-schreiben-der-ersten-mal-des-babys\/","name":"50 Karten mit Schritten \u2013 Erinnerungen an das 1. Jahr des Babys \u2013 Franz\u00f6sische Familienkreation \u2013 Geschenk zur Geburt\u2026 - Markt-XXL","isPartOf":{"@id":"https:\/\/marktxxl.de\/markt\/#website"},"primaryImageOfPage":{"@id":"https:\/\/marktxxl.de\/markt\/produkt\/50-karten-fuer-verschiedene-schritte-zum-1-jahr-des-babys-franzoesische-familienproduktion-geschenk-zur-geburt-fuer-schoene-fotos-und-zum-schreiben-der-ersten-mal-des-babys\/#primaryimage"},"image":{"@id":"https:\/\/marktxxl.de\/markt\/produkt\/50-karten-fuer-verschiedene-schritte-zum-1-jahr-des-babys-franzoesische-familienproduktion-geschenk-zur-geburt-fuer-schoene-fotos-und-zum-schreiben-der-ersten-mal-des-babys\/#primaryimage"},"thumbnailUrl":"https:\/\/m.media-amazon.com\/images\/I\/51BnYTxFLzL._SL500_.jpg","datePublished":"2021-11-11T22:51:32+00:00","dateModified":"2023-04-11T00:34:33+00:00","description":"Markt-XXL 50 Karten mit Schritten \u2013 Erinnerungen an das 1. Jahr des Babys \u2013 Franz\u00f6sische Familienkreation \u2013 Geschenk zur Geburt\u2026","breadcrumb":{"@id":"https:\/\/marktxxl.de\/markt\/produkt\/50-karten-fuer-verschiedene-schritte-zum-1-jahr-des-babys-franzoesische-familienproduktion-geschenk-zur-geburt-fuer-schoene-fotos-und-zum-schreiben-der-ersten-mal-des-babys\/#breadcrumb"},"inLanguage":"de","potentialAction":[{"@type":"ReadAction","target":["https:\/\/marktxxl.de\/markt\/produkt\/50-karten-fuer-verschiedene-schritte-zum-1-jahr-des-babys-franzoesische-familienproduktion-geschenk-zur-geburt-fuer-schoene-fotos-und-zum-schreiben-der-ersten-mal-des-babys\/"]}]},{"@type":"ImageObject","inLanguage":"de","@id":"https:\/\/marktxxl.de\/markt\/produkt\/50-karten-fuer-verschiedene-schritte-zum-1-jahr-des-babys-franzoesische-familienproduktion-geschenk-zur-geburt-fuer-schoene-fotos-und-zum-schreiben-der-ersten-mal-des-babys\/#primaryimage","url":"https:\/\/m.media-amazon.com\/images\/I\/51BnYTxFLzL._SL500_.jpg","contentUrl":"https:\/\/m.media-amazon.com\/images\/I\/51BnYTxFLzL._SL500_.jpg","width":500,"height":500},{"@type":"BreadcrumbList","@id":"https:\/\/marktxxl.de\/markt\/produkt\/50-karten-fuer-verschiedene-schritte-zum-1-jahr-des-babys-franzoesische-familienproduktion-geschenk-zur-geburt-fuer-schoene-fotos-und-zum-schreiben-der-ersten-mal-des-babys\/#breadcrumb","itemListElement":[{"@type":"ListItem","position":1,"name":"Startseite","item":"https:\/\/marktxxl.de\/markt\/"},{"@type":"ListItem","position":2,"name":"Markt","item":"https:\/\/marktxxl.de\/markt\/"},{"@type":"ListItem","position":3,"name":"50 Karten mit Schritten \u2013 Erinnerungen an das 1. Jahr des Babys \u2013 Franz\u00f6sische Familienkreation \u2013 Geschenk zur Geburt\u2026"}]},{"@type":"WebSite","@id":"https:\/\/marktxxl.de\/markt\/#website","url":"https:\/\/marktxxl.de\/markt\/","name":"Markt-XXL","description":"Ihr Markt Online","publisher":{"@id":"https:\/\/marktxxl.de\/markt\/#organization"},"potentialAction":[{"@type":"SearchAction","target":{"@type":"EntryPoint","urlTemplate":"https:\/\/marktxxl.de\/markt\/?s={search_term_string}"},"query-input":{"@type":"PropertyValueSpecification","valueRequired":true,"valueName":"search_term_string"}}],"inLanguage":"de"},{"@type":"Organization","@id":"https:\/\/marktxxl.de\/markt\/#organization","name":"Markt-XXL","url":"https:\/\/marktxxl.de\/markt\/","logo":{"@type":"ImageObject","inLanguage":"de","@id":"https:\/\/marktxxl.de\/markt\/#\/schema\/logo\/image\/","url":"https:\/\/marktxxl.de\/markt\/wp-content\/uploads\/sites\/3\/2020\/12\/logo.png","contentUrl":"https:\/\/marktxxl.de\/markt\/wp-content\/uploads\/sites\/3\/2020\/12\/logo.png","width":200,"height":70,"caption":"Markt-XXL"},"image":{"@id":"https:\/\/marktxxl.de\/markt\/#\/schema\/logo\/image\/"}}]}},"_links":{"self":[{"href":"https:\/\/marktxxl.de\/markt\/wp-json\/wp\/v2\/product\/64365","targetHints":{"allow":["GET"]}}],"collection":[{"href":"https:\/\/marktxxl.de\/markt\/wp-json\/wp\/v2\/product"}],"about":[{"href":"https:\/\/marktxxl.de\/markt\/wp-json\/wp\/v2\/types\/product"}],"replies":[{"embeddable":true,"href":"https:\/\/marktxxl.de\/markt\/wp-json\/wp\/v2\/comments?post=64365"}],"wp:featuredmedia":[{"embeddable":true,"href":"https:\/\/marktxxl.de\/markt\/wp-json\/wp\/v2\/media\/64366"}],"wp:attachment":[{"href":"https:\/\/marktxxl.de\/markt\/wp-json\/wp\/v2\/media?parent=64365"}],"wp:term":[{"taxonomy":"product_brand","embeddable":true,"href":"https:\/\/marktxxl.de\/markt\/wp-json\/wp\/v2\/product_brand?post=64365"},{"taxonomy":"product_cat","embeddable":true,"href":"https:\/\/marktxxl.de\/markt\/wp-json\/wp\/v2\/product_cat?post=64365"},{"taxonomy":"product_tag","embeddable":true,"href":"https:\/\/marktxxl.de\/markt\/wp-json\/wp\/v2\/product_tag?post=64365"}],"curies":[{"name":"wp","href":"https:\/\/api.w.org\/{rel}","templated":true}]}}