{"id":64336,"date":"2021-11-11T23:51:18","date_gmt":"2021-11-11T22:51:18","guid":{"rendered":"https:\/\/marktxxl.de\/markt\/produkt\/30-dankeskarten-mit-waldmotiven-grosspackung-wald-bergtiere-dankeskarten-mit-passenden-gruenen-umschlaegen-aufklebern-kleine-und-niedliche-notizkarten-perfekt-fuer-babyparty-und-kinder\/"},"modified":"2023-04-11T02:34:33","modified_gmt":"2023-04-11T00:34:33","slug":"30-dankeskarten-mit-waldmotiven-grosspackung-wald-bergtiere-dankeskarten-mit-passenden-gruenen-umschlaegen-aufklebern-kleine-und-niedliche-notizkarten-perfekt-fuer-babyparty-und-kinder","status":"publish","type":"product","link":"https:\/\/marktxxl.de\/markt\/produkt\/30-dankeskarten-mit-waldmotiven-grosspackung-wald-bergtiere-dankeskarten-mit-passenden-gruenen-umschlaegen-aufklebern-kleine-und-niedliche-notizkarten-perfekt-fuer-babyparty-und-kinder\/","title":{"rendered":"30 Dankeskarten mit Waldmotiven | Gro\u00dfpackung Wald &amp; Bergtiere Dankeskarten mit passenden gr\u00fcnen Umschl\u00e4gen &amp; Aufklebern\u2026"},"content":{"rendered":"<p>Der s\u00fc\u00dfeste Danke: Heutzutage bedeutet ein handgeschriebenes Dankesch\u00f6n so viel f\u00fcr jene Anl\u00e4sse, bei denen Sie Ihre Dankbarkeit den Menschen ausdr\u00fccken m\u00fcssen, die Sie sch\u00e4tzen. Unsere Woodland Dankeskarten verleihen Ihrem Dankesch\u00f6n eine pers\u00f6nliche und s\u00fc\u00dfe Note. Verwenden Sie diese s\u00fc\u00dfen und herzerw\u00e4rmenden Karten f\u00fcr viele Anl\u00e4sse wie Babyparty, ersten Geburtstag, Taufe, Geburt von Jungen und M\u00e4dchen etc.<br \/>\nForest Creatures Dankeskarten: Das Box mit 30 Waldbewohnern enth\u00e4lt 5 einzigartige Karten-Designs. Kartendesigns unserer pelzigen kleinen Waldtiere umfassen F\u00fcchse, Kaninchen und Waschb\u00e4ren. Ob f\u00fcr Kleinkinder, Teenager oder Erwachsene, haben Sie immer unsere fr\u00f6hlichen und sch\u00f6nen Karten zur Hand.<br \/>\nLeer auf der Innenseite: Jede Karte misst 8,9 x 12,2 cm f\u00fcr eine kleine und s\u00fc\u00dfe Note. Alle Karten sind innen blanko und unbeschichtet f\u00fcr einfaches und schmierfreies Schreiben. Jedes Karten-Set wird in einer robusten und wiederverwendbaren Box zur einfachen Aufbewahrung geliefert.<br \/>\nPremium-Qualit\u00e4t: Alle Karten sind aus dickem und robustem Papier mit einer Grammatur von 300 Gramm pro Quadratmeter. Alle Karten sind geschlechtsneutral mit einem einfachen und fr\u00f6hlichen Design geeignet f\u00fcr Familie, Freunde, G\u00e4ste, Kollegen, Lehrer, Gesch\u00e4ftskunden oder jemand ganz Besonderen.<br \/>\nInternational products have separate terms, are sold from abroad and may differ from local products, including fit, age ratings, and language of product, labeling or instructions.<br \/>\n<div class=\"main-cross-sell\" data-asin=\"B087RHKG8S\">\n\n\t<div class=\"WooZone-cross-sell-loader\">\n\t\t<div>\n\t\t\t<div id=\"floatingBarsG\">\n\t\t\t\t<div class=\"blockG\" id=\"rotateG_01\"><\/div>\n\t\t\t\t<div class=\"blockG\" id=\"rotateG_02\"><\/div>\n\t\t\t\t<div class=\"blockG\" id=\"rotateG_03\"><\/div>\n\t\t\t\t<div class=\"blockG\" id=\"rotateG_04\"><\/div>\n\t\t\t\t<div class=\"blockG\" id=\"rotateG_05\"><\/div>\n\t\t\t\t<div class=\"blockG\" id=\"rotateG_06\"><\/div>\n\t\t\t\t<div class=\"blockG\" id=\"rotateG_07\"><\/div>\n\t\t\t\t<div class=\"blockG\" id=\"rotateG_08\"><\/div>\n\t\t\t<\/div>\n\t\t\t<div class=\"WooZone-cross-sell-loader-text\"><\/div>\n\t\t<\/div>\n\t<\/div>\n\n\t\t\n<\/div>\n<div style=\"clear:both;\"><\/div><\/p>\n","protected":false},"excerpt":{"rendered":"<p>Der s\u00fc\u00dfeste Danke: Heutzutage bedeutet ein handgeschriebenes Dankesch\u00f6n so viel f\u00fcr jene Anl\u00e4sse, bei denen Sie Ihre Dankbarkeit den Menschen ausdr\u00fccken m\u00fcssen, die Sie sch\u00e4tzen. Unsere Woodland Dankeskarten verleihen Ihrem Dankesch\u00f6n eine pers\u00f6nliche und s\u00fc\u00dfe Note. Verwenden Sie diese s\u00fc\u00dfen und herzerw\u00e4rmenden Karten f\u00fcr viele Anl\u00e4sse wie Babyparty, ersten Geburtstag, Taufe, Geburt von Jungen und M\u00e4dchen etc.<br \/>\nForest Creatures Dankeskarten: Das Box mit 30 Waldbewohnern enth\u00e4lt 5 einzigartige Karten-Designs. Kartendesigns unserer pelzigen kleinen Waldtiere umfassen F\u00fcchse, Kaninchen und Waschb\u00e4ren. Ob f\u00fcr Kleinkinder, Teenager oder Erwachsene, haben Sie immer unsere fr\u00f6hlichen und sch\u00f6nen Karten zur Hand.<br \/>\nLeer auf der Innenseite: Jede Karte misst 8,9 x 12,2 cm f\u00fcr eine kleine und s\u00fc\u00dfe Note. Alle Karten sind innen blanko und unbeschichtet f\u00fcr einfaches und schmierfreies Schreiben. Jedes Karten-Set wird in einer robusten und wiederverwendbaren Box zur einfachen Aufbewahrung geliefert.<\/p>\n","protected":false},"featured_media":64337,"comment_status":"open","ping_status":"closed","template":"","meta":[],"product_brand":[],"product_cat":[21,8929],"product_tag":[],"class_list":{"0":"post-64336","1":"product","2":"type-product","3":"status-publish","4":"has-post-thumbnail","6":"product_cat-baby","7":"product_cat-babygeschenke-baby","8":"pa_brand-vns-creations","9":"pa_manufacturer-vns-creations","11":"first","12":"instock","13":"shipping-taxable","14":"purchasable","15":"product-type-simple","16":"customify-col","17":"product-has-gallery"},"yoast_head":"<!-- This site is optimized with the Yoast SEO plugin v27.4 - https:\/\/yoast.com\/product\/yoast-seo-wordpress\/ -->\n<title>30 Dankeskarten mit Waldmotiven | Gro\u00dfpackung Wald &amp; Bergtiere Dankeskarten mit passenden gr\u00fcnen Umschl\u00e4gen &amp; Aufklebern\u2026 - Markt-XXL<\/title>\n<meta name=\"description\" content=\"Markt-XXL 30 Dankeskarten mit Waldmotiven | Gro\u00dfpackung Wald &amp; Bergtiere Dankeskarten mit passenden gr\u00fcnen Umschl\u00e4gen &amp; Aufklebern\u2026\" \/>\n<meta name=\"robots\" content=\"index, follow, max-snippet:-1, max-image-preview:large, max-video-preview:-1\" \/>\n<link rel=\"canonical\" href=\"https:\/\/marktxxl.de\/markt\/produkt\/30-dankeskarten-mit-waldmotiven-grosspackung-wald-bergtiere-dankeskarten-mit-passenden-gruenen-umschlaegen-aufklebern-kleine-und-niedliche-notizkarten-perfekt-fuer-babyparty-und-kinder\/\" \/>\n<meta property=\"og:locale\" content=\"de_DE\" \/>\n<meta property=\"og:type\" content=\"article\" \/>\n<meta property=\"og:title\" content=\"30 Dankeskarten mit Waldmotiven | Gro\u00dfpackung Wald &amp; Bergtiere Dankeskarten mit passenden gr\u00fcnen Umschl\u00e4gen &amp; Aufklebern\u2026 - Markt-XXL\" \/>\n<meta property=\"og:description\" content=\"Markt-XXL 30 Dankeskarten mit Waldmotiven | Gro\u00dfpackung Wald &amp; Bergtiere Dankeskarten mit passenden gr\u00fcnen Umschl\u00e4gen &amp; Aufklebern\u2026\" \/>\n<meta property=\"og:url\" content=\"https:\/\/marktxxl.de\/markt\/produkt\/30-dankeskarten-mit-waldmotiven-grosspackung-wald-bergtiere-dankeskarten-mit-passenden-gruenen-umschlaegen-aufklebern-kleine-und-niedliche-notizkarten-perfekt-fuer-babyparty-und-kinder\/\" \/>\n<meta property=\"og:site_name\" content=\"Markt-XXL\" \/>\n<meta property=\"article:modified_time\" content=\"2023-04-11T00:34:33+00:00\" \/>\n<meta property=\"og:image\" content=\"https:\/\/m.media-amazon.com\/images\/I\/51w9aHzcFbL._SL500_.jpg\" \/>\n\t<meta property=\"og:image:width\" content=\"500\" \/>\n\t<meta property=\"og:image:height\" content=\"500\" \/>\n\t<meta property=\"og:image:type\" content=\"image\/jpeg\" \/>\n<meta name=\"twitter:card\" content=\"summary_large_image\" \/>\n<meta name=\"twitter:label1\" content=\"Gesch\u00e4tzte Lesezeit\" \/>\n\t<meta name=\"twitter:data1\" content=\"1\u00a0Minute\" \/>\n<script type=\"application\/ld+json\" class=\"yoast-schema-graph\">{\"@context\":\"https:\\\/\\\/schema.org\",\"@graph\":[{\"@type\":\"WebPage\",\"@id\":\"https:\\\/\\\/marktxxl.de\\\/markt\\\/produkt\\\/30-dankeskarten-mit-waldmotiven-grosspackung-wald-bergtiere-dankeskarten-mit-passenden-gruenen-umschlaegen-aufklebern-kleine-und-niedliche-notizkarten-perfekt-fuer-babyparty-und-kinder\\\/\",\"url\":\"https:\\\/\\\/marktxxl.de\\\/markt\\\/produkt\\\/30-dankeskarten-mit-waldmotiven-grosspackung-wald-bergtiere-dankeskarten-mit-passenden-gruenen-umschlaegen-aufklebern-kleine-und-niedliche-notizkarten-perfekt-fuer-babyparty-und-kinder\\\/\",\"name\":\"30 Dankeskarten mit Waldmotiven | Gro\u00dfpackung Wald &amp; Bergtiere Dankeskarten mit passenden gr\u00fcnen Umschl\u00e4gen &amp; Aufklebern\u2026 - Markt-XXL\",\"isPartOf\":{\"@id\":\"https:\\\/\\\/marktxxl.de\\\/markt\\\/#website\"},\"primaryImageOfPage\":{\"@id\":\"https:\\\/\\\/marktxxl.de\\\/markt\\\/produkt\\\/30-dankeskarten-mit-waldmotiven-grosspackung-wald-bergtiere-dankeskarten-mit-passenden-gruenen-umschlaegen-aufklebern-kleine-und-niedliche-notizkarten-perfekt-fuer-babyparty-und-kinder\\\/#primaryimage\"},\"image\":{\"@id\":\"https:\\\/\\\/marktxxl.de\\\/markt\\\/produkt\\\/30-dankeskarten-mit-waldmotiven-grosspackung-wald-bergtiere-dankeskarten-mit-passenden-gruenen-umschlaegen-aufklebern-kleine-und-niedliche-notizkarten-perfekt-fuer-babyparty-und-kinder\\\/#primaryimage\"},\"thumbnailUrl\":\"https:\\\/\\\/m.media-amazon.com\\\/images\\\/I\\\/51w9aHzcFbL._SL500_.jpg\",\"datePublished\":\"2021-11-11T22:51:18+00:00\",\"dateModified\":\"2023-04-11T00:34:33+00:00\",\"description\":\"Markt-XXL 30 Dankeskarten mit Waldmotiven | Gro\u00dfpackung Wald &amp; Bergtiere Dankeskarten mit passenden gr\u00fcnen Umschl\u00e4gen &amp; Aufklebern\u2026\",\"breadcrumb\":{\"@id\":\"https:\\\/\\\/marktxxl.de\\\/markt\\\/produkt\\\/30-dankeskarten-mit-waldmotiven-grosspackung-wald-bergtiere-dankeskarten-mit-passenden-gruenen-umschlaegen-aufklebern-kleine-und-niedliche-notizkarten-perfekt-fuer-babyparty-und-kinder\\\/#breadcrumb\"},\"inLanguage\":\"de\",\"potentialAction\":[{\"@type\":\"ReadAction\",\"target\":[\"https:\\\/\\\/marktxxl.de\\\/markt\\\/produkt\\\/30-dankeskarten-mit-waldmotiven-grosspackung-wald-bergtiere-dankeskarten-mit-passenden-gruenen-umschlaegen-aufklebern-kleine-und-niedliche-notizkarten-perfekt-fuer-babyparty-und-kinder\\\/\"]}]},{\"@type\":\"ImageObject\",\"inLanguage\":\"de\",\"@id\":\"https:\\\/\\\/marktxxl.de\\\/markt\\\/produkt\\\/30-dankeskarten-mit-waldmotiven-grosspackung-wald-bergtiere-dankeskarten-mit-passenden-gruenen-umschlaegen-aufklebern-kleine-und-niedliche-notizkarten-perfekt-fuer-babyparty-und-kinder\\\/#primaryimage\",\"url\":\"https:\\\/\\\/m.media-amazon.com\\\/images\\\/I\\\/51w9aHzcFbL._SL500_.jpg\",\"contentUrl\":\"https:\\\/\\\/m.media-amazon.com\\\/images\\\/I\\\/51w9aHzcFbL._SL500_.jpg\",\"width\":500,\"height\":500},{\"@type\":\"BreadcrumbList\",\"@id\":\"https:\\\/\\\/marktxxl.de\\\/markt\\\/produkt\\\/30-dankeskarten-mit-waldmotiven-grosspackung-wald-bergtiere-dankeskarten-mit-passenden-gruenen-umschlaegen-aufklebern-kleine-und-niedliche-notizkarten-perfekt-fuer-babyparty-und-kinder\\\/#breadcrumb\",\"itemListElement\":[{\"@type\":\"ListItem\",\"position\":1,\"name\":\"Startseite\",\"item\":\"https:\\\/\\\/marktxxl.de\\\/markt\\\/\"},{\"@type\":\"ListItem\",\"position\":2,\"name\":\"Markt\",\"item\":\"https:\\\/\\\/marktxxl.de\\\/markt\\\/\"},{\"@type\":\"ListItem\",\"position\":3,\"name\":\"30 Dankeskarten mit Waldmotiven | Gro\u00dfpackung Wald &amp; Bergtiere Dankeskarten mit passenden gr\u00fcnen Umschl\u00e4gen &amp; Aufklebern\u2026\"}]},{\"@type\":\"WebSite\",\"@id\":\"https:\\\/\\\/marktxxl.de\\\/markt\\\/#website\",\"url\":\"https:\\\/\\\/marktxxl.de\\\/markt\\\/\",\"name\":\"Markt-XXL\",\"description\":\"Ihr Markt Online\",\"publisher\":{\"@id\":\"https:\\\/\\\/marktxxl.de\\\/markt\\\/#organization\"},\"potentialAction\":[{\"@type\":\"SearchAction\",\"target\":{\"@type\":\"EntryPoint\",\"urlTemplate\":\"https:\\\/\\\/marktxxl.de\\\/markt\\\/?s={search_term_string}\"},\"query-input\":{\"@type\":\"PropertyValueSpecification\",\"valueRequired\":true,\"valueName\":\"search_term_string\"}}],\"inLanguage\":\"de\"},{\"@type\":\"Organization\",\"@id\":\"https:\\\/\\\/marktxxl.de\\\/markt\\\/#organization\",\"name\":\"Markt-XXL\",\"url\":\"https:\\\/\\\/marktxxl.de\\\/markt\\\/\",\"logo\":{\"@type\":\"ImageObject\",\"inLanguage\":\"de\",\"@id\":\"https:\\\/\\\/marktxxl.de\\\/markt\\\/#\\\/schema\\\/logo\\\/image\\\/\",\"url\":\"https:\\\/\\\/marktxxl.de\\\/markt\\\/wp-content\\\/uploads\\\/sites\\\/3\\\/2020\\\/12\\\/logo.png\",\"contentUrl\":\"https:\\\/\\\/marktxxl.de\\\/markt\\\/wp-content\\\/uploads\\\/sites\\\/3\\\/2020\\\/12\\\/logo.png\",\"width\":200,\"height\":70,\"caption\":\"Markt-XXL\"},\"image\":{\"@id\":\"https:\\\/\\\/marktxxl.de\\\/markt\\\/#\\\/schema\\\/logo\\\/image\\\/\"}}]}<\/script>\n<!-- \/ Yoast SEO plugin. -->","yoast_head_json":{"title":"30 Dankeskarten mit Waldmotiven | Gro\u00dfpackung Wald &amp; Bergtiere Dankeskarten mit passenden gr\u00fcnen Umschl\u00e4gen &amp; Aufklebern\u2026 - Markt-XXL","description":"Markt-XXL 30 Dankeskarten mit Waldmotiven | Gro\u00dfpackung Wald &amp; Bergtiere Dankeskarten mit passenden gr\u00fcnen Umschl\u00e4gen &amp; Aufklebern\u2026","robots":{"index":"index","follow":"follow","max-snippet":"max-snippet:-1","max-image-preview":"max-image-preview:large","max-video-preview":"max-video-preview:-1"},"canonical":"https:\/\/marktxxl.de\/markt\/produkt\/30-dankeskarten-mit-waldmotiven-grosspackung-wald-bergtiere-dankeskarten-mit-passenden-gruenen-umschlaegen-aufklebern-kleine-und-niedliche-notizkarten-perfekt-fuer-babyparty-und-kinder\/","og_locale":"de_DE","og_type":"article","og_title":"30 Dankeskarten mit Waldmotiven | Gro\u00dfpackung Wald &amp; Bergtiere Dankeskarten mit passenden gr\u00fcnen Umschl\u00e4gen &amp; Aufklebern\u2026 - Markt-XXL","og_description":"Markt-XXL 30 Dankeskarten mit Waldmotiven | Gro\u00dfpackung Wald &amp; Bergtiere Dankeskarten mit passenden gr\u00fcnen Umschl\u00e4gen &amp; Aufklebern\u2026","og_url":"https:\/\/marktxxl.de\/markt\/produkt\/30-dankeskarten-mit-waldmotiven-grosspackung-wald-bergtiere-dankeskarten-mit-passenden-gruenen-umschlaegen-aufklebern-kleine-und-niedliche-notizkarten-perfekt-fuer-babyparty-und-kinder\/","og_site_name":"Markt-XXL","article_modified_time":"2023-04-11T00:34:33+00:00","og_image":[{"width":500,"height":500,"url":"https:\/\/m.media-amazon.com\/images\/I\/51w9aHzcFbL._SL500_.jpg","type":"image\/jpeg"}],"twitter_card":"summary_large_image","twitter_misc":{"Gesch\u00e4tzte Lesezeit":"1\u00a0Minute"},"schema":{"@context":"https:\/\/schema.org","@graph":[{"@type":"WebPage","@id":"https:\/\/marktxxl.de\/markt\/produkt\/30-dankeskarten-mit-waldmotiven-grosspackung-wald-bergtiere-dankeskarten-mit-passenden-gruenen-umschlaegen-aufklebern-kleine-und-niedliche-notizkarten-perfekt-fuer-babyparty-und-kinder\/","url":"https:\/\/marktxxl.de\/markt\/produkt\/30-dankeskarten-mit-waldmotiven-grosspackung-wald-bergtiere-dankeskarten-mit-passenden-gruenen-umschlaegen-aufklebern-kleine-und-niedliche-notizkarten-perfekt-fuer-babyparty-und-kinder\/","name":"30 Dankeskarten mit Waldmotiven | Gro\u00dfpackung Wald &amp; Bergtiere Dankeskarten mit passenden gr\u00fcnen Umschl\u00e4gen &amp; Aufklebern\u2026 - Markt-XXL","isPartOf":{"@id":"https:\/\/marktxxl.de\/markt\/#website"},"primaryImageOfPage":{"@id":"https:\/\/marktxxl.de\/markt\/produkt\/30-dankeskarten-mit-waldmotiven-grosspackung-wald-bergtiere-dankeskarten-mit-passenden-gruenen-umschlaegen-aufklebern-kleine-und-niedliche-notizkarten-perfekt-fuer-babyparty-und-kinder\/#primaryimage"},"image":{"@id":"https:\/\/marktxxl.de\/markt\/produkt\/30-dankeskarten-mit-waldmotiven-grosspackung-wald-bergtiere-dankeskarten-mit-passenden-gruenen-umschlaegen-aufklebern-kleine-und-niedliche-notizkarten-perfekt-fuer-babyparty-und-kinder\/#primaryimage"},"thumbnailUrl":"https:\/\/m.media-amazon.com\/images\/I\/51w9aHzcFbL._SL500_.jpg","datePublished":"2021-11-11T22:51:18+00:00","dateModified":"2023-04-11T00:34:33+00:00","description":"Markt-XXL 30 Dankeskarten mit Waldmotiven | Gro\u00dfpackung Wald &amp; Bergtiere Dankeskarten mit passenden gr\u00fcnen Umschl\u00e4gen &amp; Aufklebern\u2026","breadcrumb":{"@id":"https:\/\/marktxxl.de\/markt\/produkt\/30-dankeskarten-mit-waldmotiven-grosspackung-wald-bergtiere-dankeskarten-mit-passenden-gruenen-umschlaegen-aufklebern-kleine-und-niedliche-notizkarten-perfekt-fuer-babyparty-und-kinder\/#breadcrumb"},"inLanguage":"de","potentialAction":[{"@type":"ReadAction","target":["https:\/\/marktxxl.de\/markt\/produkt\/30-dankeskarten-mit-waldmotiven-grosspackung-wald-bergtiere-dankeskarten-mit-passenden-gruenen-umschlaegen-aufklebern-kleine-und-niedliche-notizkarten-perfekt-fuer-babyparty-und-kinder\/"]}]},{"@type":"ImageObject","inLanguage":"de","@id":"https:\/\/marktxxl.de\/markt\/produkt\/30-dankeskarten-mit-waldmotiven-grosspackung-wald-bergtiere-dankeskarten-mit-passenden-gruenen-umschlaegen-aufklebern-kleine-und-niedliche-notizkarten-perfekt-fuer-babyparty-und-kinder\/#primaryimage","url":"https:\/\/m.media-amazon.com\/images\/I\/51w9aHzcFbL._SL500_.jpg","contentUrl":"https:\/\/m.media-amazon.com\/images\/I\/51w9aHzcFbL._SL500_.jpg","width":500,"height":500},{"@type":"BreadcrumbList","@id":"https:\/\/marktxxl.de\/markt\/produkt\/30-dankeskarten-mit-waldmotiven-grosspackung-wald-bergtiere-dankeskarten-mit-passenden-gruenen-umschlaegen-aufklebern-kleine-und-niedliche-notizkarten-perfekt-fuer-babyparty-und-kinder\/#breadcrumb","itemListElement":[{"@type":"ListItem","position":1,"name":"Startseite","item":"https:\/\/marktxxl.de\/markt\/"},{"@type":"ListItem","position":2,"name":"Markt","item":"https:\/\/marktxxl.de\/markt\/"},{"@type":"ListItem","position":3,"name":"30 Dankeskarten mit Waldmotiven | Gro\u00dfpackung Wald &amp; Bergtiere Dankeskarten mit passenden gr\u00fcnen Umschl\u00e4gen &amp; Aufklebern\u2026"}]},{"@type":"WebSite","@id":"https:\/\/marktxxl.de\/markt\/#website","url":"https:\/\/marktxxl.de\/markt\/","name":"Markt-XXL","description":"Ihr Markt Online","publisher":{"@id":"https:\/\/marktxxl.de\/markt\/#organization"},"potentialAction":[{"@type":"SearchAction","target":{"@type":"EntryPoint","urlTemplate":"https:\/\/marktxxl.de\/markt\/?s={search_term_string}"},"query-input":{"@type":"PropertyValueSpecification","valueRequired":true,"valueName":"search_term_string"}}],"inLanguage":"de"},{"@type":"Organization","@id":"https:\/\/marktxxl.de\/markt\/#organization","name":"Markt-XXL","url":"https:\/\/marktxxl.de\/markt\/","logo":{"@type":"ImageObject","inLanguage":"de","@id":"https:\/\/marktxxl.de\/markt\/#\/schema\/logo\/image\/","url":"https:\/\/marktxxl.de\/markt\/wp-content\/uploads\/sites\/3\/2020\/12\/logo.png","contentUrl":"https:\/\/marktxxl.de\/markt\/wp-content\/uploads\/sites\/3\/2020\/12\/logo.png","width":200,"height":70,"caption":"Markt-XXL"},"image":{"@id":"https:\/\/marktxxl.de\/markt\/#\/schema\/logo\/image\/"}}]}},"_links":{"self":[{"href":"https:\/\/marktxxl.de\/markt\/wp-json\/wp\/v2\/product\/64336","targetHints":{"allow":["GET"]}}],"collection":[{"href":"https:\/\/marktxxl.de\/markt\/wp-json\/wp\/v2\/product"}],"about":[{"href":"https:\/\/marktxxl.de\/markt\/wp-json\/wp\/v2\/types\/product"}],"replies":[{"embeddable":true,"href":"https:\/\/marktxxl.de\/markt\/wp-json\/wp\/v2\/comments?post=64336"}],"wp:featuredmedia":[{"embeddable":true,"href":"https:\/\/marktxxl.de\/markt\/wp-json\/wp\/v2\/media\/64337"}],"wp:attachment":[{"href":"https:\/\/marktxxl.de\/markt\/wp-json\/wp\/v2\/media?parent=64336"}],"wp:term":[{"taxonomy":"product_brand","embeddable":true,"href":"https:\/\/marktxxl.de\/markt\/wp-json\/wp\/v2\/product_brand?post=64336"},{"taxonomy":"product_cat","embeddable":true,"href":"https:\/\/marktxxl.de\/markt\/wp-json\/wp\/v2\/product_cat?post=64336"},{"taxonomy":"product_tag","embeddable":true,"href":"https:\/\/marktxxl.de\/markt\/wp-json\/wp\/v2\/product_tag?post=64336"}],"curies":[{"name":"wp","href":"https:\/\/api.w.org\/{rel}","templated":true}]}}