{"id":64166,"date":"2021-11-11T23:42:30","date_gmt":"2021-11-11T22:42:30","guid":{"rendered":"https:\/\/marktxxl.de\/markt\/produkt\/bunnywelt-babyrassel-fuer-maedchen-und-jungen-ab-0-monaten-handgemachte-haekelrassel-fuer-babys-zum-zahnen-des-babys-greifring-gehaekelt-geschenk-zur-geburt-taufe-babyparty\/"},"modified":"2023-04-11T02:34:30","modified_gmt":"2023-04-11T00:34:30","slug":"bunnywelt-babyrassel-fuer-maedchen-und-jungen-ab-0-monaten-handgemachte-haekelrassel-fuer-babys-zum-zahnen-des-babys-greifring-gehaekelt-geschenk-zur-geburt-taufe-babyparty","status":"publish","type":"product","link":"https:\/\/marktxxl.de\/markt\/produkt\/bunnywelt-babyrassel-fuer-maedchen-und-jungen-ab-0-monaten-handgemachte-haekelrassel-fuer-babys-zum-zahnen-des-babys-greifring-gehaekelt-geschenk-zur-geburt-taufe-babyparty\/","title":{"rendered":"Bunnywelt Babyrassel f\u00fcr M\u00e4dchen und Jungen ab 0 Monaten &#8211; handgemachte H\u00e4kelrassel f\u00fcr Babys, zum Zahnen des Babys\u2026"},"content":{"rendered":"<p>ZERTIFIZIERTE UND UNBEHANDELTE MATERIALIEN \u2014 Handgemachte Babyrasseln aus nat\u00fcrlichen Buchenholz und zertifiziertem Baumwollgarn. Die Rasseln erf\u00fcllen die europ\u00e4ischen Normen f\u00fcr Kindersicherheit bei Spielzeugen EN-71 Teile 1 bis 3. Alle verwendeten Materialien sind CE-zertifiziert, speichelfest und schadstofffrei und k\u00f6nnen bedenkenlos Ihrem Baby \u00fcberlassen werden.<br \/>\nHANDGEMACHT \u2014 Die Rasseln sind von Hand geh\u00e4kelt, weshalb jede Rassel einzigartig ist. Sie ist mit Watte und einem angenehm klingelnden Gl\u00f6ckchen gef\u00fcllt, welche beim Sch\u00fctteln der Bei\u00dfringe ert\u00f6nt. Dieser angenehme Klang der Rassel ist von den Babys gut wahrnehmbar und regt sie zum Spielen an. Ein Unikat, das f\u00fcr immer bleibt.<br \/>\nFUNKTION \u2014 Babys k\u00f6nnen nach dem Greifling greifen, sie sch\u00fctteln und sich am Ger\u00e4usch des Gl\u00f6ckchens erfreuen. Der Holzring ist leicht zu halten und eignet sich auch besonders gut f\u00fcrs Zahnen des Babys. Der Bei\u00dfring lenkt demnach nicht nur ab, sondern beruhigt und lindert die Schmerzen beim Zahnen. Des Weiteren k\u00f6nnen sie auch als Foto-Requisiten sowie als Verzierungsdekoration verwendet werden. Die Greifspielzeuge eignen sich f\u00fcr Babys ab 0 Monaten.<br \/>\nBABYENTWICKLUNG \u2014 Babyrasseln unterst\u00fctzen die Entwicklung des Babys. Durch sie wird sowohl die visuelle als auch die akustische Wahrnehmung angeregt. Dar\u00fcber hinaus werden die motorischen F\u00e4higkeiten positiv beeinflusst. Zudem wird der Tastsinn durch die verschiedenen Materialien von Beginn an gef\u00f6rdert.<br \/>\nBABY- GESCHENKIDEE \u2014Die Greifringe lassen sich zur Geburt, Babypartys oder Taufen verschenken. Es ist ein individuelles und pers\u00f6nliches Geschenk, wor\u00fcber sich werdende Eltern eines Neugeborenen freuen. Ein tolles Babygeschenk f\u00fcr M\u00e4dchen und Jungen !<br \/>\n<div class=\"main-cross-sell\" data-asin=\"B09DZP8YD5\">\n\n\t<div class=\"WooZone-cross-sell-loader\">\n\t\t<div>\n\t\t\t<div id=\"floatingBarsG\">\n\t\t\t\t<div class=\"blockG\" id=\"rotateG_01\"><\/div>\n\t\t\t\t<div class=\"blockG\" id=\"rotateG_02\"><\/div>\n\t\t\t\t<div class=\"blockG\" id=\"rotateG_03\"><\/div>\n\t\t\t\t<div class=\"blockG\" id=\"rotateG_04\"><\/div>\n\t\t\t\t<div class=\"blockG\" id=\"rotateG_05\"><\/div>\n\t\t\t\t<div class=\"blockG\" id=\"rotateG_06\"><\/div>\n\t\t\t\t<div class=\"blockG\" id=\"rotateG_07\"><\/div>\n\t\t\t\t<div class=\"blockG\" id=\"rotateG_08\"><\/div>\n\t\t\t<\/div>\n\t\t\t<div class=\"WooZone-cross-sell-loader-text\"><\/div>\n\t\t<\/div>\n\t<\/div>\n\n\t\t\n<\/div>\n<div style=\"clear:both;\"><\/div><\/p>\n","protected":false},"excerpt":{"rendered":"<p>ZERTIFIZIERTE UND UNBEHANDELTE MATERIALIEN \u2014 Handgemachte Babyrasseln aus nat\u00fcrlichen Buchenholz und zertifiziertem Baumwollgarn. Die Rasseln erf\u00fcllen die europ\u00e4ischen Normen f\u00fcr Kindersicherheit bei Spielzeugen EN-71 Teile 1 bis 3. Alle verwendeten Materialien sind CE-zertifiziert, speichelfest und schadstofffrei und k\u00f6nnen bedenkenlos Ihrem Baby \u00fcberlassen werden.<br \/>\nHANDGEMACHT \u2014 Die Rasseln sind von Hand geh\u00e4kelt, weshalb jede Rassel einzigartig ist. Sie ist mit Watte und einem angenehm klingelnden Gl\u00f6ckchen gef\u00fcllt, welche beim Sch\u00fctteln der Bei\u00dfringe ert\u00f6nt. Dieser angenehme Klang der Rassel ist von den Babys gut wahrnehmbar und regt sie zum Spielen an. Ein Unikat, das f\u00fcr immer bleibt.<br \/>\nFUNKTION \u2014 Babys k\u00f6nnen nach dem Greifling greifen, sie sch\u00fctteln und sich am Ger\u00e4usch des Gl\u00f6ckchens erfreuen. Der Holzring ist leicht zu halten und eignet sich auch besonders gut f\u00fcrs Zahnen des Babys. Der Bei\u00dfring lenkt demnach nicht nur ab, sondern beruhigt und lindert die Schmerzen beim Zahnen. Des Weiteren k\u00f6nnen sie auch als Foto-Requisiten sowie als Verzierungsdekoration verwendet werden. Die Greifspielzeuge eignen sich f\u00fcr Babys ab 0 Monaten.<\/p>\n","protected":false},"featured_media":64167,"comment_status":"open","ping_status":"closed","template":"","meta":[],"product_brand":[],"product_cat":[21,8879],"product_tag":[],"class_list":{"0":"post-64166","1":"product","2":"type-product","3":"status-publish","4":"has-post-thumbnail","6":"product_cat-baby","7":"product_cat-baby-kleinkindspielzeug-baby","8":"pa_brand-bunnywelt","9":"pa_manufacturer-lea-david","11":"first","12":"instock","13":"shipping-taxable","14":"purchasable","15":"product-type-simple","16":"customify-col","17":"product-has-gallery"},"yoast_head":"<!-- This site is optimized with the Yoast SEO plugin v27.4 - https:\/\/yoast.com\/product\/yoast-seo-wordpress\/ -->\n<title>Bunnywelt Babyrassel f\u00fcr M\u00e4dchen und Jungen ab 0 Monaten - handgemachte H\u00e4kelrassel f\u00fcr Babys, zum Zahnen des Babys\u2026 - Markt-XXL<\/title>\n<meta name=\"description\" content=\"Markt-XXL Bunnywelt Babyrassel f\u00fcr M\u00e4dchen und Jungen ab 0 Monaten - handgemachte H\u00e4kelrassel f\u00fcr Babys, zum Zahnen des Babys\u2026\" \/>\n<meta name=\"robots\" content=\"index, follow, max-snippet:-1, max-image-preview:large, max-video-preview:-1\" \/>\n<link rel=\"canonical\" href=\"https:\/\/marktxxl.de\/markt\/produkt\/bunnywelt-babyrassel-fuer-maedchen-und-jungen-ab-0-monaten-handgemachte-haekelrassel-fuer-babys-zum-zahnen-des-babys-greifring-gehaekelt-geschenk-zur-geburt-taufe-babyparty\/\" \/>\n<meta property=\"og:locale\" content=\"de_DE\" \/>\n<meta property=\"og:type\" content=\"article\" \/>\n<meta property=\"og:title\" content=\"Bunnywelt Babyrassel f\u00fcr M\u00e4dchen und Jungen ab 0 Monaten - handgemachte H\u00e4kelrassel f\u00fcr Babys, zum Zahnen des Babys\u2026 - Markt-XXL\" \/>\n<meta property=\"og:description\" content=\"Markt-XXL Bunnywelt Babyrassel f\u00fcr M\u00e4dchen und Jungen ab 0 Monaten - handgemachte H\u00e4kelrassel f\u00fcr Babys, zum Zahnen des Babys\u2026\" \/>\n<meta property=\"og:url\" content=\"https:\/\/marktxxl.de\/markt\/produkt\/bunnywelt-babyrassel-fuer-maedchen-und-jungen-ab-0-monaten-handgemachte-haekelrassel-fuer-babys-zum-zahnen-des-babys-greifring-gehaekelt-geschenk-zur-geburt-taufe-babyparty\/\" \/>\n<meta property=\"og:site_name\" content=\"Markt-XXL\" \/>\n<meta property=\"article:modified_time\" content=\"2023-04-11T00:34:30+00:00\" \/>\n<meta property=\"og:image\" content=\"https:\/\/m.media-amazon.com\/images\/I\/41IGhZZw1nL._SL500_.jpg\" \/>\n\t<meta property=\"og:image:width\" content=\"500\" \/>\n\t<meta property=\"og:image:height\" content=\"435\" \/>\n\t<meta property=\"og:image:type\" content=\"image\/jpeg\" \/>\n<meta name=\"twitter:card\" content=\"summary_large_image\" \/>\n<meta name=\"twitter:label1\" content=\"Gesch\u00e4tzte Lesezeit\" \/>\n\t<meta name=\"twitter:data1\" content=\"1\u00a0Minute\" \/>\n<script type=\"application\/ld+json\" class=\"yoast-schema-graph\">{\"@context\":\"https:\\\/\\\/schema.org\",\"@graph\":[{\"@type\":\"WebPage\",\"@id\":\"https:\\\/\\\/marktxxl.de\\\/markt\\\/produkt\\\/bunnywelt-babyrassel-fuer-maedchen-und-jungen-ab-0-monaten-handgemachte-haekelrassel-fuer-babys-zum-zahnen-des-babys-greifring-gehaekelt-geschenk-zur-geburt-taufe-babyparty\\\/\",\"url\":\"https:\\\/\\\/marktxxl.de\\\/markt\\\/produkt\\\/bunnywelt-babyrassel-fuer-maedchen-und-jungen-ab-0-monaten-handgemachte-haekelrassel-fuer-babys-zum-zahnen-des-babys-greifring-gehaekelt-geschenk-zur-geburt-taufe-babyparty\\\/\",\"name\":\"Bunnywelt Babyrassel f\u00fcr M\u00e4dchen und Jungen ab 0 Monaten - handgemachte H\u00e4kelrassel f\u00fcr Babys, zum Zahnen des Babys\u2026 - Markt-XXL\",\"isPartOf\":{\"@id\":\"https:\\\/\\\/marktxxl.de\\\/markt\\\/#website\"},\"primaryImageOfPage\":{\"@id\":\"https:\\\/\\\/marktxxl.de\\\/markt\\\/produkt\\\/bunnywelt-babyrassel-fuer-maedchen-und-jungen-ab-0-monaten-handgemachte-haekelrassel-fuer-babys-zum-zahnen-des-babys-greifring-gehaekelt-geschenk-zur-geburt-taufe-babyparty\\\/#primaryimage\"},\"image\":{\"@id\":\"https:\\\/\\\/marktxxl.de\\\/markt\\\/produkt\\\/bunnywelt-babyrassel-fuer-maedchen-und-jungen-ab-0-monaten-handgemachte-haekelrassel-fuer-babys-zum-zahnen-des-babys-greifring-gehaekelt-geschenk-zur-geburt-taufe-babyparty\\\/#primaryimage\"},\"thumbnailUrl\":\"https:\\\/\\\/m.media-amazon.com\\\/images\\\/I\\\/41IGhZZw1nL._SL500_.jpg\",\"datePublished\":\"2021-11-11T22:42:30+00:00\",\"dateModified\":\"2023-04-11T00:34:30+00:00\",\"description\":\"Markt-XXL Bunnywelt Babyrassel f\u00fcr M\u00e4dchen und Jungen ab 0 Monaten - handgemachte H\u00e4kelrassel f\u00fcr Babys, zum Zahnen des Babys\u2026\",\"breadcrumb\":{\"@id\":\"https:\\\/\\\/marktxxl.de\\\/markt\\\/produkt\\\/bunnywelt-babyrassel-fuer-maedchen-und-jungen-ab-0-monaten-handgemachte-haekelrassel-fuer-babys-zum-zahnen-des-babys-greifring-gehaekelt-geschenk-zur-geburt-taufe-babyparty\\\/#breadcrumb\"},\"inLanguage\":\"de\",\"potentialAction\":[{\"@type\":\"ReadAction\",\"target\":[\"https:\\\/\\\/marktxxl.de\\\/markt\\\/produkt\\\/bunnywelt-babyrassel-fuer-maedchen-und-jungen-ab-0-monaten-handgemachte-haekelrassel-fuer-babys-zum-zahnen-des-babys-greifring-gehaekelt-geschenk-zur-geburt-taufe-babyparty\\\/\"]}]},{\"@type\":\"ImageObject\",\"inLanguage\":\"de\",\"@id\":\"https:\\\/\\\/marktxxl.de\\\/markt\\\/produkt\\\/bunnywelt-babyrassel-fuer-maedchen-und-jungen-ab-0-monaten-handgemachte-haekelrassel-fuer-babys-zum-zahnen-des-babys-greifring-gehaekelt-geschenk-zur-geburt-taufe-babyparty\\\/#primaryimage\",\"url\":\"https:\\\/\\\/m.media-amazon.com\\\/images\\\/I\\\/41IGhZZw1nL._SL500_.jpg\",\"contentUrl\":\"https:\\\/\\\/m.media-amazon.com\\\/images\\\/I\\\/41IGhZZw1nL._SL500_.jpg\",\"width\":500,\"height\":435},{\"@type\":\"BreadcrumbList\",\"@id\":\"https:\\\/\\\/marktxxl.de\\\/markt\\\/produkt\\\/bunnywelt-babyrassel-fuer-maedchen-und-jungen-ab-0-monaten-handgemachte-haekelrassel-fuer-babys-zum-zahnen-des-babys-greifring-gehaekelt-geschenk-zur-geburt-taufe-babyparty\\\/#breadcrumb\",\"itemListElement\":[{\"@type\":\"ListItem\",\"position\":1,\"name\":\"Startseite\",\"item\":\"https:\\\/\\\/marktxxl.de\\\/markt\\\/\"},{\"@type\":\"ListItem\",\"position\":2,\"name\":\"Markt\",\"item\":\"https:\\\/\\\/marktxxl.de\\\/markt\\\/\"},{\"@type\":\"ListItem\",\"position\":3,\"name\":\"Bunnywelt Babyrassel f\u00fcr M\u00e4dchen und Jungen ab 0 Monaten &#8211; handgemachte H\u00e4kelrassel f\u00fcr Babys, zum Zahnen des Babys\u2026\"}]},{\"@type\":\"WebSite\",\"@id\":\"https:\\\/\\\/marktxxl.de\\\/markt\\\/#website\",\"url\":\"https:\\\/\\\/marktxxl.de\\\/markt\\\/\",\"name\":\"Markt-XXL\",\"description\":\"Ihr Markt Online\",\"publisher\":{\"@id\":\"https:\\\/\\\/marktxxl.de\\\/markt\\\/#organization\"},\"potentialAction\":[{\"@type\":\"SearchAction\",\"target\":{\"@type\":\"EntryPoint\",\"urlTemplate\":\"https:\\\/\\\/marktxxl.de\\\/markt\\\/?s={search_term_string}\"},\"query-input\":{\"@type\":\"PropertyValueSpecification\",\"valueRequired\":true,\"valueName\":\"search_term_string\"}}],\"inLanguage\":\"de\"},{\"@type\":\"Organization\",\"@id\":\"https:\\\/\\\/marktxxl.de\\\/markt\\\/#organization\",\"name\":\"Markt-XXL\",\"url\":\"https:\\\/\\\/marktxxl.de\\\/markt\\\/\",\"logo\":{\"@type\":\"ImageObject\",\"inLanguage\":\"de\",\"@id\":\"https:\\\/\\\/marktxxl.de\\\/markt\\\/#\\\/schema\\\/logo\\\/image\\\/\",\"url\":\"https:\\\/\\\/marktxxl.de\\\/markt\\\/wp-content\\\/uploads\\\/sites\\\/3\\\/2020\\\/12\\\/logo.png\",\"contentUrl\":\"https:\\\/\\\/marktxxl.de\\\/markt\\\/wp-content\\\/uploads\\\/sites\\\/3\\\/2020\\\/12\\\/logo.png\",\"width\":200,\"height\":70,\"caption\":\"Markt-XXL\"},\"image\":{\"@id\":\"https:\\\/\\\/marktxxl.de\\\/markt\\\/#\\\/schema\\\/logo\\\/image\\\/\"}}]}<\/script>\n<!-- \/ Yoast SEO plugin. -->","yoast_head_json":{"title":"Bunnywelt Babyrassel f\u00fcr M\u00e4dchen und Jungen ab 0 Monaten - handgemachte H\u00e4kelrassel f\u00fcr Babys, zum Zahnen des Babys\u2026 - Markt-XXL","description":"Markt-XXL Bunnywelt Babyrassel f\u00fcr M\u00e4dchen und Jungen ab 0 Monaten - handgemachte H\u00e4kelrassel f\u00fcr Babys, zum Zahnen des Babys\u2026","robots":{"index":"index","follow":"follow","max-snippet":"max-snippet:-1","max-image-preview":"max-image-preview:large","max-video-preview":"max-video-preview:-1"},"canonical":"https:\/\/marktxxl.de\/markt\/produkt\/bunnywelt-babyrassel-fuer-maedchen-und-jungen-ab-0-monaten-handgemachte-haekelrassel-fuer-babys-zum-zahnen-des-babys-greifring-gehaekelt-geschenk-zur-geburt-taufe-babyparty\/","og_locale":"de_DE","og_type":"article","og_title":"Bunnywelt Babyrassel f\u00fcr M\u00e4dchen und Jungen ab 0 Monaten - handgemachte H\u00e4kelrassel f\u00fcr Babys, zum Zahnen des Babys\u2026 - Markt-XXL","og_description":"Markt-XXL Bunnywelt Babyrassel f\u00fcr M\u00e4dchen und Jungen ab 0 Monaten - handgemachte H\u00e4kelrassel f\u00fcr Babys, zum Zahnen des Babys\u2026","og_url":"https:\/\/marktxxl.de\/markt\/produkt\/bunnywelt-babyrassel-fuer-maedchen-und-jungen-ab-0-monaten-handgemachte-haekelrassel-fuer-babys-zum-zahnen-des-babys-greifring-gehaekelt-geschenk-zur-geburt-taufe-babyparty\/","og_site_name":"Markt-XXL","article_modified_time":"2023-04-11T00:34:30+00:00","og_image":[{"width":500,"height":435,"url":"https:\/\/m.media-amazon.com\/images\/I\/41IGhZZw1nL._SL500_.jpg","type":"image\/jpeg"}],"twitter_card":"summary_large_image","twitter_misc":{"Gesch\u00e4tzte Lesezeit":"1\u00a0Minute"},"schema":{"@context":"https:\/\/schema.org","@graph":[{"@type":"WebPage","@id":"https:\/\/marktxxl.de\/markt\/produkt\/bunnywelt-babyrassel-fuer-maedchen-und-jungen-ab-0-monaten-handgemachte-haekelrassel-fuer-babys-zum-zahnen-des-babys-greifring-gehaekelt-geschenk-zur-geburt-taufe-babyparty\/","url":"https:\/\/marktxxl.de\/markt\/produkt\/bunnywelt-babyrassel-fuer-maedchen-und-jungen-ab-0-monaten-handgemachte-haekelrassel-fuer-babys-zum-zahnen-des-babys-greifring-gehaekelt-geschenk-zur-geburt-taufe-babyparty\/","name":"Bunnywelt Babyrassel f\u00fcr M\u00e4dchen und Jungen ab 0 Monaten - handgemachte H\u00e4kelrassel f\u00fcr Babys, zum Zahnen des Babys\u2026 - Markt-XXL","isPartOf":{"@id":"https:\/\/marktxxl.de\/markt\/#website"},"primaryImageOfPage":{"@id":"https:\/\/marktxxl.de\/markt\/produkt\/bunnywelt-babyrassel-fuer-maedchen-und-jungen-ab-0-monaten-handgemachte-haekelrassel-fuer-babys-zum-zahnen-des-babys-greifring-gehaekelt-geschenk-zur-geburt-taufe-babyparty\/#primaryimage"},"image":{"@id":"https:\/\/marktxxl.de\/markt\/produkt\/bunnywelt-babyrassel-fuer-maedchen-und-jungen-ab-0-monaten-handgemachte-haekelrassel-fuer-babys-zum-zahnen-des-babys-greifring-gehaekelt-geschenk-zur-geburt-taufe-babyparty\/#primaryimage"},"thumbnailUrl":"https:\/\/m.media-amazon.com\/images\/I\/41IGhZZw1nL._SL500_.jpg","datePublished":"2021-11-11T22:42:30+00:00","dateModified":"2023-04-11T00:34:30+00:00","description":"Markt-XXL Bunnywelt Babyrassel f\u00fcr M\u00e4dchen und Jungen ab 0 Monaten - handgemachte H\u00e4kelrassel f\u00fcr Babys, zum Zahnen des Babys\u2026","breadcrumb":{"@id":"https:\/\/marktxxl.de\/markt\/produkt\/bunnywelt-babyrassel-fuer-maedchen-und-jungen-ab-0-monaten-handgemachte-haekelrassel-fuer-babys-zum-zahnen-des-babys-greifring-gehaekelt-geschenk-zur-geburt-taufe-babyparty\/#breadcrumb"},"inLanguage":"de","potentialAction":[{"@type":"ReadAction","target":["https:\/\/marktxxl.de\/markt\/produkt\/bunnywelt-babyrassel-fuer-maedchen-und-jungen-ab-0-monaten-handgemachte-haekelrassel-fuer-babys-zum-zahnen-des-babys-greifring-gehaekelt-geschenk-zur-geburt-taufe-babyparty\/"]}]},{"@type":"ImageObject","inLanguage":"de","@id":"https:\/\/marktxxl.de\/markt\/produkt\/bunnywelt-babyrassel-fuer-maedchen-und-jungen-ab-0-monaten-handgemachte-haekelrassel-fuer-babys-zum-zahnen-des-babys-greifring-gehaekelt-geschenk-zur-geburt-taufe-babyparty\/#primaryimage","url":"https:\/\/m.media-amazon.com\/images\/I\/41IGhZZw1nL._SL500_.jpg","contentUrl":"https:\/\/m.media-amazon.com\/images\/I\/41IGhZZw1nL._SL500_.jpg","width":500,"height":435},{"@type":"BreadcrumbList","@id":"https:\/\/marktxxl.de\/markt\/produkt\/bunnywelt-babyrassel-fuer-maedchen-und-jungen-ab-0-monaten-handgemachte-haekelrassel-fuer-babys-zum-zahnen-des-babys-greifring-gehaekelt-geschenk-zur-geburt-taufe-babyparty\/#breadcrumb","itemListElement":[{"@type":"ListItem","position":1,"name":"Startseite","item":"https:\/\/marktxxl.de\/markt\/"},{"@type":"ListItem","position":2,"name":"Markt","item":"https:\/\/marktxxl.de\/markt\/"},{"@type":"ListItem","position":3,"name":"Bunnywelt Babyrassel f\u00fcr M\u00e4dchen und Jungen ab 0 Monaten &#8211; handgemachte H\u00e4kelrassel f\u00fcr Babys, zum Zahnen des Babys\u2026"}]},{"@type":"WebSite","@id":"https:\/\/marktxxl.de\/markt\/#website","url":"https:\/\/marktxxl.de\/markt\/","name":"Markt-XXL","description":"Ihr Markt Online","publisher":{"@id":"https:\/\/marktxxl.de\/markt\/#organization"},"potentialAction":[{"@type":"SearchAction","target":{"@type":"EntryPoint","urlTemplate":"https:\/\/marktxxl.de\/markt\/?s={search_term_string}"},"query-input":{"@type":"PropertyValueSpecification","valueRequired":true,"valueName":"search_term_string"}}],"inLanguage":"de"},{"@type":"Organization","@id":"https:\/\/marktxxl.de\/markt\/#organization","name":"Markt-XXL","url":"https:\/\/marktxxl.de\/markt\/","logo":{"@type":"ImageObject","inLanguage":"de","@id":"https:\/\/marktxxl.de\/markt\/#\/schema\/logo\/image\/","url":"https:\/\/marktxxl.de\/markt\/wp-content\/uploads\/sites\/3\/2020\/12\/logo.png","contentUrl":"https:\/\/marktxxl.de\/markt\/wp-content\/uploads\/sites\/3\/2020\/12\/logo.png","width":200,"height":70,"caption":"Markt-XXL"},"image":{"@id":"https:\/\/marktxxl.de\/markt\/#\/schema\/logo\/image\/"}}]}},"_links":{"self":[{"href":"https:\/\/marktxxl.de\/markt\/wp-json\/wp\/v2\/product\/64166","targetHints":{"allow":["GET"]}}],"collection":[{"href":"https:\/\/marktxxl.de\/markt\/wp-json\/wp\/v2\/product"}],"about":[{"href":"https:\/\/marktxxl.de\/markt\/wp-json\/wp\/v2\/types\/product"}],"replies":[{"embeddable":true,"href":"https:\/\/marktxxl.de\/markt\/wp-json\/wp\/v2\/comments?post=64166"}],"wp:featuredmedia":[{"embeddable":true,"href":"https:\/\/marktxxl.de\/markt\/wp-json\/wp\/v2\/media\/64167"}],"wp:attachment":[{"href":"https:\/\/marktxxl.de\/markt\/wp-json\/wp\/v2\/media?parent=64166"}],"wp:term":[{"taxonomy":"product_brand","embeddable":true,"href":"https:\/\/marktxxl.de\/markt\/wp-json\/wp\/v2\/product_brand?post=64166"},{"taxonomy":"product_cat","embeddable":true,"href":"https:\/\/marktxxl.de\/markt\/wp-json\/wp\/v2\/product_cat?post=64166"},{"taxonomy":"product_tag","embeddable":true,"href":"https:\/\/marktxxl.de\/markt\/wp-json\/wp\/v2\/product_tag?post=64166"}],"curies":[{"name":"wp","href":"https:\/\/api.w.org\/{rel}","templated":true}]}}