{"id":64042,"date":"2021-11-11T23:36:16","date_gmt":"2021-11-11T22:36:16","guid":{"rendered":"https:\/\/marktxxl.de\/markt\/produkt\/playskool-heroes-marvel-super-hero-adventures-ultimate-super-hero-set-10-sammelfiguren-63-cm-grosse-actionfiguren-spielzeug-fuer-kinder-ab-3-jahren-amazon-exklusiv\/"},"modified":"2023-04-06T01:48:13","modified_gmt":"2023-04-05T23:48:13","slug":"playskool-heroes-marvel-super-hero-adventures-ultimate-super-hero-set-10-sammelfiguren-63-cm-grosse-actionfiguren-spielzeug-fuer-kinder-ab-3-jahren-amazon-exklusiv","status":"publish","type":"product","link":"https:\/\/marktxxl.de\/markt\/produkt\/playskool-heroes-marvel-super-hero-adventures-ultimate-super-hero-set-10-sammelfiguren-63-cm-grosse-actionfiguren-spielzeug-fuer-kinder-ab-3-jahren-amazon-exklusiv\/","title":{"rendered":"Playskool Heroes Marvel Super Hero Adventures Ultimate Super Hero Set, 10 Figuren, Alter 3-7 (Amazon Exclusive)"},"content":{"rendered":"<p>Age of Ultron Collection Set: Das Ultimate Super Hero Set mit 10 Figuren ist inspiriert von den Charakteren aus dem Marvel Film Avengers: Age of Ultron<br \/>\n10 ikonische Marvel-Figuren: Das Spielzeug-Set kommt mit Captain America, Hulk, Marvel&#8217;s Black Widow, Iron Man, Marvel&#8217;s Hawkeye, Thor, Nick Fury, Marvel&#8217;s Vision, Ultron und Ultron&#8217;s Sentry Figuren<br \/>\nFantasievolles Spiel: Mit diesem Actionfiguren-Set k\u00f6nnen Kinder ab 3 Jahren fantasievolles Spielen machen, den Spa\u00df ihrer Lieblingsszenen aus dem Film nachspielen und sich ihre eigenen Abenteuer vorstellen<br \/>\nSammlerspielzeug: Diese 10 6,3 cm gro\u00dfen Actionfiguren sind ideal f\u00fcr Jungen und M\u00e4dchen, um eine sofortige Sammlung zu starten, auf einer bereits bestehenden Sammlung aufzubauen, mit Freunden zu tauschen oder als Geschenk zu verschenken<br \/>\nGro\u00dfer Heldenspa\u00df f\u00fcr Marvel-Fans: Marvel Superhelden-Abenteuerspielzeuge und Spielsets haben die richtige Gr\u00f6\u00dfe f\u00fcr kleine H\u00e4nde. Sie sind lustige Geschenke f\u00fcr Kinder, egal ob sie neue Marvel-Fans sind oder bereits Marvel-Spielzeug sammeln<br \/>\n<div class=\"main-cross-sell\" data-asin=\"B011MIV3EU\">\n\n\t<div class=\"WooZone-cross-sell-loader\">\n\t\t<div>\n\t\t\t<div id=\"floatingBarsG\">\n\t\t\t\t<div class=\"blockG\" id=\"rotateG_01\"><\/div>\n\t\t\t\t<div class=\"blockG\" id=\"rotateG_02\"><\/div>\n\t\t\t\t<div class=\"blockG\" id=\"rotateG_03\"><\/div>\n\t\t\t\t<div class=\"blockG\" id=\"rotateG_04\"><\/div>\n\t\t\t\t<div class=\"blockG\" id=\"rotateG_05\"><\/div>\n\t\t\t\t<div class=\"blockG\" id=\"rotateG_06\"><\/div>\n\t\t\t\t<div class=\"blockG\" id=\"rotateG_07\"><\/div>\n\t\t\t\t<div class=\"blockG\" id=\"rotateG_08\"><\/div>\n\t\t\t<\/div>\n\t\t\t<div class=\"WooZone-cross-sell-loader-text\"><\/div>\n\t\t<\/div>\n\t<\/div>\n\n\t\t\n<\/div>\n<div style=\"clear:both;\"><\/div><\/p>\n","protected":false},"excerpt":{"rendered":"<p>Age of Ultron Collection Set: Das Ultimate Super Hero Set mit 10 Figuren ist inspiriert von den Charakteren aus dem Marvel Film Avengers: Age of Ultron<br \/>\n10 ikonische Marvel-Figuren: Das Spielzeug-Set kommt mit Captain America, Hulk, Marvel&#8217;s Black Widow, Iron Man, Marvel&#8217;s Hawkeye, Thor, Nick Fury, Marvel&#8217;s Vision, Ultron und Ultron&#8217;s Sentry Figuren<br \/>\nFantasievolles Spiel: Mit diesem Actionfiguren-Set k\u00f6nnen Kinder ab 3 Jahren fantasievolles Spielen machen, den Spa\u00df ihrer Lieblingsszenen aus dem Film nachspielen und sich ihre eigenen Abenteuer vorstellen<\/p>\n","protected":false},"featured_media":64043,"comment_status":"open","ping_status":"closed","template":"","meta":[],"product_brand":[],"product_cat":[21,8879],"product_tag":[],"class_list":{"0":"post-64042","1":"product","2":"type-product","3":"status-publish","4":"has-post-thumbnail","6":"product_cat-baby","7":"product_cat-baby-kleinkindspielzeug-baby","8":"pa_binding-spielzeug","9":"pa_brand-playskool-heroes","10":"pa_color-basic","11":"pa_height-14-016-zoll","12":"pa_languages-veroeffentlicht-englisch-unbekannt-englisch","13":"pa_length-2-638-zoll","14":"pa_manufacturer-hasbro","15":"pa_model-b4756as0","16":"pa_weight-0-85-pfund","17":"pa_width-9-016-zoll","19":"first","20":"instock","21":"shipping-taxable","22":"purchasable","23":"product-type-simple","24":"customify-col","25":"product-has-gallery"},"yoast_head":"<!-- This site is optimized with the Yoast SEO plugin v27.4 - https:\/\/yoast.com\/product\/yoast-seo-wordpress\/ -->\n<title>Playskool Heroes Marvel Super Hero Adventures Ultimate Super Hero Set, 10 Figuren, Alter 3-7 (Amazon Exclusive) - Markt-XXL<\/title>\n<meta name=\"description\" content=\"Markt-XXL Playskool Heroes Marvel Super Hero Adventures Ultimate Super Hero Set, 10 Figuren, Alter 3-7 (Amazon Exclusive)\" \/>\n<meta name=\"robots\" content=\"index, follow, max-snippet:-1, max-image-preview:large, max-video-preview:-1\" \/>\n<link rel=\"canonical\" href=\"https:\/\/marktxxl.de\/markt\/produkt\/playskool-heroes-marvel-super-hero-adventures-ultimate-super-hero-set-10-sammelfiguren-63-cm-grosse-actionfiguren-spielzeug-fuer-kinder-ab-3-jahren-amazon-exklusiv\/\" \/>\n<meta property=\"og:locale\" content=\"de_DE\" \/>\n<meta property=\"og:type\" content=\"article\" \/>\n<meta property=\"og:title\" content=\"Playskool Heroes Marvel Super Hero Adventures Ultimate Super Hero Set, 10 Figuren, Alter 3-7 (Amazon Exclusive) - Markt-XXL\" \/>\n<meta property=\"og:description\" content=\"Markt-XXL Playskool Heroes Marvel Super Hero Adventures Ultimate Super Hero Set, 10 Figuren, Alter 3-7 (Amazon Exclusive)\" \/>\n<meta property=\"og:url\" content=\"https:\/\/marktxxl.de\/markt\/produkt\/playskool-heroes-marvel-super-hero-adventures-ultimate-super-hero-set-10-sammelfiguren-63-cm-grosse-actionfiguren-spielzeug-fuer-kinder-ab-3-jahren-amazon-exklusiv\/\" \/>\n<meta property=\"og:site_name\" content=\"Markt-XXL\" \/>\n<meta property=\"article:modified_time\" content=\"2023-04-05T23:48:13+00:00\" \/>\n<meta property=\"og:image\" content=\"https:\/\/m.media-amazon.com\/images\/I\/51JGVPXHFNL._SL500_.jpg\" \/>\n\t<meta property=\"og:image:width\" content=\"500\" \/>\n\t<meta property=\"og:image:height\" content=\"500\" \/>\n\t<meta property=\"og:image:type\" content=\"image\/jpeg\" \/>\n<meta name=\"twitter:card\" content=\"summary_large_image\" \/>\n<meta name=\"twitter:label1\" content=\"Gesch\u00e4tzte Lesezeit\" \/>\n\t<meta name=\"twitter:data1\" content=\"1\u00a0Minute\" \/>\n<script type=\"application\/ld+json\" class=\"yoast-schema-graph\">{\"@context\":\"https:\\\/\\\/schema.org\",\"@graph\":[{\"@type\":\"WebPage\",\"@id\":\"https:\\\/\\\/marktxxl.de\\\/markt\\\/produkt\\\/playskool-heroes-marvel-super-hero-adventures-ultimate-super-hero-set-10-sammelfiguren-63-cm-grosse-actionfiguren-spielzeug-fuer-kinder-ab-3-jahren-amazon-exklusiv\\\/\",\"url\":\"https:\\\/\\\/marktxxl.de\\\/markt\\\/produkt\\\/playskool-heroes-marvel-super-hero-adventures-ultimate-super-hero-set-10-sammelfiguren-63-cm-grosse-actionfiguren-spielzeug-fuer-kinder-ab-3-jahren-amazon-exklusiv\\\/\",\"name\":\"Playskool Heroes Marvel Super Hero Adventures Ultimate Super Hero Set, 10 Figuren, Alter 3-7 (Amazon Exclusive) - Markt-XXL\",\"isPartOf\":{\"@id\":\"https:\\\/\\\/marktxxl.de\\\/markt\\\/#website\"},\"primaryImageOfPage\":{\"@id\":\"https:\\\/\\\/marktxxl.de\\\/markt\\\/produkt\\\/playskool-heroes-marvel-super-hero-adventures-ultimate-super-hero-set-10-sammelfiguren-63-cm-grosse-actionfiguren-spielzeug-fuer-kinder-ab-3-jahren-amazon-exklusiv\\\/#primaryimage\"},\"image\":{\"@id\":\"https:\\\/\\\/marktxxl.de\\\/markt\\\/produkt\\\/playskool-heroes-marvel-super-hero-adventures-ultimate-super-hero-set-10-sammelfiguren-63-cm-grosse-actionfiguren-spielzeug-fuer-kinder-ab-3-jahren-amazon-exklusiv\\\/#primaryimage\"},\"thumbnailUrl\":\"https:\\\/\\\/m.media-amazon.com\\\/images\\\/I\\\/51JGVPXHFNL._SL500_.jpg\",\"datePublished\":\"2021-11-11T22:36:16+00:00\",\"dateModified\":\"2023-04-05T23:48:13+00:00\",\"description\":\"Markt-XXL Playskool Heroes Marvel Super Hero Adventures Ultimate Super Hero Set, 10 Figuren, Alter 3-7 (Amazon Exclusive)\",\"breadcrumb\":{\"@id\":\"https:\\\/\\\/marktxxl.de\\\/markt\\\/produkt\\\/playskool-heroes-marvel-super-hero-adventures-ultimate-super-hero-set-10-sammelfiguren-63-cm-grosse-actionfiguren-spielzeug-fuer-kinder-ab-3-jahren-amazon-exklusiv\\\/#breadcrumb\"},\"inLanguage\":\"de\",\"potentialAction\":[{\"@type\":\"ReadAction\",\"target\":[\"https:\\\/\\\/marktxxl.de\\\/markt\\\/produkt\\\/playskool-heroes-marvel-super-hero-adventures-ultimate-super-hero-set-10-sammelfiguren-63-cm-grosse-actionfiguren-spielzeug-fuer-kinder-ab-3-jahren-amazon-exklusiv\\\/\"]}]},{\"@type\":\"ImageObject\",\"inLanguage\":\"de\",\"@id\":\"https:\\\/\\\/marktxxl.de\\\/markt\\\/produkt\\\/playskool-heroes-marvel-super-hero-adventures-ultimate-super-hero-set-10-sammelfiguren-63-cm-grosse-actionfiguren-spielzeug-fuer-kinder-ab-3-jahren-amazon-exklusiv\\\/#primaryimage\",\"url\":\"https:\\\/\\\/m.media-amazon.com\\\/images\\\/I\\\/51JGVPXHFNL._SL500_.jpg\",\"contentUrl\":\"https:\\\/\\\/m.media-amazon.com\\\/images\\\/I\\\/51JGVPXHFNL._SL500_.jpg\",\"width\":500,\"height\":500},{\"@type\":\"BreadcrumbList\",\"@id\":\"https:\\\/\\\/marktxxl.de\\\/markt\\\/produkt\\\/playskool-heroes-marvel-super-hero-adventures-ultimate-super-hero-set-10-sammelfiguren-63-cm-grosse-actionfiguren-spielzeug-fuer-kinder-ab-3-jahren-amazon-exklusiv\\\/#breadcrumb\",\"itemListElement\":[{\"@type\":\"ListItem\",\"position\":1,\"name\":\"Startseite\",\"item\":\"https:\\\/\\\/marktxxl.de\\\/markt\\\/\"},{\"@type\":\"ListItem\",\"position\":2,\"name\":\"Markt\",\"item\":\"https:\\\/\\\/marktxxl.de\\\/markt\\\/\"},{\"@type\":\"ListItem\",\"position\":3,\"name\":\"Playskool Heroes Marvel Super Hero Adventures Ultimate Super Hero Set, 10 Figuren, Alter 3-7 (Amazon Exclusive)\"}]},{\"@type\":\"WebSite\",\"@id\":\"https:\\\/\\\/marktxxl.de\\\/markt\\\/#website\",\"url\":\"https:\\\/\\\/marktxxl.de\\\/markt\\\/\",\"name\":\"Markt-XXL\",\"description\":\"Ihr Markt Online\",\"publisher\":{\"@id\":\"https:\\\/\\\/marktxxl.de\\\/markt\\\/#organization\"},\"potentialAction\":[{\"@type\":\"SearchAction\",\"target\":{\"@type\":\"EntryPoint\",\"urlTemplate\":\"https:\\\/\\\/marktxxl.de\\\/markt\\\/?s={search_term_string}\"},\"query-input\":{\"@type\":\"PropertyValueSpecification\",\"valueRequired\":true,\"valueName\":\"search_term_string\"}}],\"inLanguage\":\"de\"},{\"@type\":\"Organization\",\"@id\":\"https:\\\/\\\/marktxxl.de\\\/markt\\\/#organization\",\"name\":\"Markt-XXL\",\"url\":\"https:\\\/\\\/marktxxl.de\\\/markt\\\/\",\"logo\":{\"@type\":\"ImageObject\",\"inLanguage\":\"de\",\"@id\":\"https:\\\/\\\/marktxxl.de\\\/markt\\\/#\\\/schema\\\/logo\\\/image\\\/\",\"url\":\"https:\\\/\\\/marktxxl.de\\\/markt\\\/wp-content\\\/uploads\\\/sites\\\/3\\\/2020\\\/12\\\/logo.png\",\"contentUrl\":\"https:\\\/\\\/marktxxl.de\\\/markt\\\/wp-content\\\/uploads\\\/sites\\\/3\\\/2020\\\/12\\\/logo.png\",\"width\":200,\"height\":70,\"caption\":\"Markt-XXL\"},\"image\":{\"@id\":\"https:\\\/\\\/marktxxl.de\\\/markt\\\/#\\\/schema\\\/logo\\\/image\\\/\"}}]}<\/script>\n<!-- \/ Yoast SEO plugin. -->","yoast_head_json":{"title":"Playskool Heroes Marvel Super Hero Adventures Ultimate Super Hero Set, 10 Figuren, Alter 3-7 (Amazon Exclusive) - Markt-XXL","description":"Markt-XXL Playskool Heroes Marvel Super Hero Adventures Ultimate Super Hero Set, 10 Figuren, Alter 3-7 (Amazon Exclusive)","robots":{"index":"index","follow":"follow","max-snippet":"max-snippet:-1","max-image-preview":"max-image-preview:large","max-video-preview":"max-video-preview:-1"},"canonical":"https:\/\/marktxxl.de\/markt\/produkt\/playskool-heroes-marvel-super-hero-adventures-ultimate-super-hero-set-10-sammelfiguren-63-cm-grosse-actionfiguren-spielzeug-fuer-kinder-ab-3-jahren-amazon-exklusiv\/","og_locale":"de_DE","og_type":"article","og_title":"Playskool Heroes Marvel Super Hero Adventures Ultimate Super Hero Set, 10 Figuren, Alter 3-7 (Amazon Exclusive) - Markt-XXL","og_description":"Markt-XXL Playskool Heroes Marvel Super Hero Adventures Ultimate Super Hero Set, 10 Figuren, Alter 3-7 (Amazon Exclusive)","og_url":"https:\/\/marktxxl.de\/markt\/produkt\/playskool-heroes-marvel-super-hero-adventures-ultimate-super-hero-set-10-sammelfiguren-63-cm-grosse-actionfiguren-spielzeug-fuer-kinder-ab-3-jahren-amazon-exklusiv\/","og_site_name":"Markt-XXL","article_modified_time":"2023-04-05T23:48:13+00:00","og_image":[{"width":500,"height":500,"url":"https:\/\/m.media-amazon.com\/images\/I\/51JGVPXHFNL._SL500_.jpg","type":"image\/jpeg"}],"twitter_card":"summary_large_image","twitter_misc":{"Gesch\u00e4tzte Lesezeit":"1\u00a0Minute"},"schema":{"@context":"https:\/\/schema.org","@graph":[{"@type":"WebPage","@id":"https:\/\/marktxxl.de\/markt\/produkt\/playskool-heroes-marvel-super-hero-adventures-ultimate-super-hero-set-10-sammelfiguren-63-cm-grosse-actionfiguren-spielzeug-fuer-kinder-ab-3-jahren-amazon-exklusiv\/","url":"https:\/\/marktxxl.de\/markt\/produkt\/playskool-heroes-marvel-super-hero-adventures-ultimate-super-hero-set-10-sammelfiguren-63-cm-grosse-actionfiguren-spielzeug-fuer-kinder-ab-3-jahren-amazon-exklusiv\/","name":"Playskool Heroes Marvel Super Hero Adventures Ultimate Super Hero Set, 10 Figuren, Alter 3-7 (Amazon Exclusive) - Markt-XXL","isPartOf":{"@id":"https:\/\/marktxxl.de\/markt\/#website"},"primaryImageOfPage":{"@id":"https:\/\/marktxxl.de\/markt\/produkt\/playskool-heroes-marvel-super-hero-adventures-ultimate-super-hero-set-10-sammelfiguren-63-cm-grosse-actionfiguren-spielzeug-fuer-kinder-ab-3-jahren-amazon-exklusiv\/#primaryimage"},"image":{"@id":"https:\/\/marktxxl.de\/markt\/produkt\/playskool-heroes-marvel-super-hero-adventures-ultimate-super-hero-set-10-sammelfiguren-63-cm-grosse-actionfiguren-spielzeug-fuer-kinder-ab-3-jahren-amazon-exklusiv\/#primaryimage"},"thumbnailUrl":"https:\/\/m.media-amazon.com\/images\/I\/51JGVPXHFNL._SL500_.jpg","datePublished":"2021-11-11T22:36:16+00:00","dateModified":"2023-04-05T23:48:13+00:00","description":"Markt-XXL Playskool Heroes Marvel Super Hero Adventures Ultimate Super Hero Set, 10 Figuren, Alter 3-7 (Amazon Exclusive)","breadcrumb":{"@id":"https:\/\/marktxxl.de\/markt\/produkt\/playskool-heroes-marvel-super-hero-adventures-ultimate-super-hero-set-10-sammelfiguren-63-cm-grosse-actionfiguren-spielzeug-fuer-kinder-ab-3-jahren-amazon-exklusiv\/#breadcrumb"},"inLanguage":"de","potentialAction":[{"@type":"ReadAction","target":["https:\/\/marktxxl.de\/markt\/produkt\/playskool-heroes-marvel-super-hero-adventures-ultimate-super-hero-set-10-sammelfiguren-63-cm-grosse-actionfiguren-spielzeug-fuer-kinder-ab-3-jahren-amazon-exklusiv\/"]}]},{"@type":"ImageObject","inLanguage":"de","@id":"https:\/\/marktxxl.de\/markt\/produkt\/playskool-heroes-marvel-super-hero-adventures-ultimate-super-hero-set-10-sammelfiguren-63-cm-grosse-actionfiguren-spielzeug-fuer-kinder-ab-3-jahren-amazon-exklusiv\/#primaryimage","url":"https:\/\/m.media-amazon.com\/images\/I\/51JGVPXHFNL._SL500_.jpg","contentUrl":"https:\/\/m.media-amazon.com\/images\/I\/51JGVPXHFNL._SL500_.jpg","width":500,"height":500},{"@type":"BreadcrumbList","@id":"https:\/\/marktxxl.de\/markt\/produkt\/playskool-heroes-marvel-super-hero-adventures-ultimate-super-hero-set-10-sammelfiguren-63-cm-grosse-actionfiguren-spielzeug-fuer-kinder-ab-3-jahren-amazon-exklusiv\/#breadcrumb","itemListElement":[{"@type":"ListItem","position":1,"name":"Startseite","item":"https:\/\/marktxxl.de\/markt\/"},{"@type":"ListItem","position":2,"name":"Markt","item":"https:\/\/marktxxl.de\/markt\/"},{"@type":"ListItem","position":3,"name":"Playskool Heroes Marvel Super Hero Adventures Ultimate Super Hero Set, 10 Figuren, Alter 3-7 (Amazon Exclusive)"}]},{"@type":"WebSite","@id":"https:\/\/marktxxl.de\/markt\/#website","url":"https:\/\/marktxxl.de\/markt\/","name":"Markt-XXL","description":"Ihr Markt Online","publisher":{"@id":"https:\/\/marktxxl.de\/markt\/#organization"},"potentialAction":[{"@type":"SearchAction","target":{"@type":"EntryPoint","urlTemplate":"https:\/\/marktxxl.de\/markt\/?s={search_term_string}"},"query-input":{"@type":"PropertyValueSpecification","valueRequired":true,"valueName":"search_term_string"}}],"inLanguage":"de"},{"@type":"Organization","@id":"https:\/\/marktxxl.de\/markt\/#organization","name":"Markt-XXL","url":"https:\/\/marktxxl.de\/markt\/","logo":{"@type":"ImageObject","inLanguage":"de","@id":"https:\/\/marktxxl.de\/markt\/#\/schema\/logo\/image\/","url":"https:\/\/marktxxl.de\/markt\/wp-content\/uploads\/sites\/3\/2020\/12\/logo.png","contentUrl":"https:\/\/marktxxl.de\/markt\/wp-content\/uploads\/sites\/3\/2020\/12\/logo.png","width":200,"height":70,"caption":"Markt-XXL"},"image":{"@id":"https:\/\/marktxxl.de\/markt\/#\/schema\/logo\/image\/"}}]}},"_links":{"self":[{"href":"https:\/\/marktxxl.de\/markt\/wp-json\/wp\/v2\/product\/64042","targetHints":{"allow":["GET"]}}],"collection":[{"href":"https:\/\/marktxxl.de\/markt\/wp-json\/wp\/v2\/product"}],"about":[{"href":"https:\/\/marktxxl.de\/markt\/wp-json\/wp\/v2\/types\/product"}],"replies":[{"embeddable":true,"href":"https:\/\/marktxxl.de\/markt\/wp-json\/wp\/v2\/comments?post=64042"}],"wp:featuredmedia":[{"embeddable":true,"href":"https:\/\/marktxxl.de\/markt\/wp-json\/wp\/v2\/media\/64043"}],"wp:attachment":[{"href":"https:\/\/marktxxl.de\/markt\/wp-json\/wp\/v2\/media?parent=64042"}],"wp:term":[{"taxonomy":"product_brand","embeddable":true,"href":"https:\/\/marktxxl.de\/markt\/wp-json\/wp\/v2\/product_brand?post=64042"},{"taxonomy":"product_cat","embeddable":true,"href":"https:\/\/marktxxl.de\/markt\/wp-json\/wp\/v2\/product_cat?post=64042"},{"taxonomy":"product_tag","embeddable":true,"href":"https:\/\/marktxxl.de\/markt\/wp-json\/wp\/v2\/product_tag?post=64042"}],"curies":[{"name":"wp","href":"https:\/\/api.w.org\/{rel}","templated":true}]}}