{"id":63774,"date":"2021-11-11T23:24:12","date_gmt":"2021-11-11T22:24:12","guid":{"rendered":"https:\/\/marktxxl.de\/markt\/produkt\/werner-christ-baby-lammfell-fusssack-flims-kuscheliger-buggy-kinderwagen-fusssack-aus-medizinischem-fell-universal-in-beige-grau-blau-hellblau-schwarz-rot-braun\/"},"modified":"2023-04-08T02:02:14","modified_gmt":"2023-04-08T00:02:14","slug":"werner-christ-baby-lammfell-fusssack-flims-kuscheliger-buggy-kinderwagen-fusssack-aus-medizinischem-fell-universal-in-beige-grau-blau-hellblau-schwarz-rot-braun","status":"publish","type":"product","link":"https:\/\/marktxxl.de\/markt\/produkt\/werner-christ-baby-lammfell-fusssack-flims-kuscheliger-buggy-kinderwagen-fusssack-aus-medizinischem-fell-universal-in-beige-grau-blau-hellblau-schwarz-rot-braun\/","title":{"rendered":"WERNER CHRIST BABY, Lammfell-Fu\u00dfsack FLIMS \u2013 warmer Buggy, Kinderwagen-Fu\u00dfsack (Kinder ab 6 bis 36 Monate) aus\u2026"},"content":{"rendered":"<p>PASSFORM: Unser Lammfellfu\u00dfsack FLIMS ist mit modernen Kinderwagen kompatibel. Er verf\u00fcgt \u00fcber eine dynamische und vorgeformte Sitzfl\u00e4che mit Befestigungsm\u00f6glichkeiten an der Sitzplatte des Kinderwagens. Die Gurtschlitze wurden als L\u00e4ngsschlitze konzipiert, womit dieser Fu\u00dfsack universell in diversen Kinderwagen\u00a0mit 3- und 5-Punkt-Gurtsystemen einsetzbar ist.<br \/>\nEIGENSCHAFTEN: FLIMS hat einen 2-Wege-Rei\u00dfverschluss. Das Oberteil kann somit komplett abgenommen werden. Die Fellblende sch\u00fctzt Ihr Kind vor Zugluft. Der Fu\u00dfsack besteht aus 100% medizinischem Lammfell (Wollh\u00f6he 25 mm). Das Lammfell-Innenteil ist im oberen Bereich aus ganzen Fellen und im unterem, nicht sichtbaren Teil aus Lammfell-Patchwork gefertigt. Die wasserabweisende und atmungsaktive Au\u00dfenh\u00fclle ist zur Sicherheit mit Reflektorstreifen ausgestattet.<br \/>\nFARBEN UND MA\u00dfE: FLIMS ist 95 cm lang, die Sitzfl\u00e4che ist 32 cm breit, und die Fu\u00dfraumh\u00f6he betr\u00e4gt 12 cm (L\u00e4nge Vorderseite bis Fellblende: 68 cm). Der Fu\u00dfsack wiegt ca. 1400 g. Dieser ist erh\u00e4ltlich in den Farben ros\u00e9, dunkelgrau, dunkelblau, schwarz, rot, braun sowie in einem blau-, braun- und graumelierten Farbton.<br \/>\nUMWELTVERANTWORTUNG: Unser Baby-Fu\u00dfsack wird mit Liebe und Sorgfalt von Hand gefertigt. Eine komplett in Eigenregie betriebene Wertsch\u00f6pfungskette, von der Rohware bis zum fertigen Produkt, ist seit jeher Garant f\u00fcr den bekannten \u201eWERNER CHRIST-Standard\u201c. Alle unsere Lammfelle werden ausschlie\u00dflich mit dem Einsatz erneuerbarer Energien, mit besonderem Augenmerk auf Nachhaltigkeit, in unserer hauseigenen Gerberei hergestellt.<br \/>\nPFLEGE: Unser Lammfellfu\u00dfsack ist maschinenwaschbar mit einem Lammfellwaschmittel (wir empfehlen WERNER CHRIST C7) sowie trocknerbest\u00e4ndig.<br \/>\n<div class=\"main-cross-sell\" data-asin=\"B07MTKJT4M\">\n\n\t<div class=\"WooZone-cross-sell-loader\">\n\t\t<div>\n\t\t\t<div id=\"floatingBarsG\">\n\t\t\t\t<div class=\"blockG\" id=\"rotateG_01\"><\/div>\n\t\t\t\t<div class=\"blockG\" id=\"rotateG_02\"><\/div>\n\t\t\t\t<div class=\"blockG\" id=\"rotateG_03\"><\/div>\n\t\t\t\t<div class=\"blockG\" id=\"rotateG_04\"><\/div>\n\t\t\t\t<div class=\"blockG\" id=\"rotateG_05\"><\/div>\n\t\t\t\t<div class=\"blockG\" id=\"rotateG_06\"><\/div>\n\t\t\t\t<div class=\"blockG\" id=\"rotateG_07\"><\/div>\n\t\t\t\t<div class=\"blockG\" id=\"rotateG_08\"><\/div>\n\t\t\t<\/div>\n\t\t\t<div class=\"WooZone-cross-sell-loader-text\"><\/div>\n\t\t<\/div>\n\t<\/div>\n\n\t\t\n<\/div>\n<div style=\"clear:both;\"><\/div><\/p>\n","protected":false},"excerpt":{"rendered":"<p>PASSFORM: Unser Lammfellfu\u00dfsack FLIMS ist mit modernen Kinderwagen kompatibel. Er verf\u00fcgt \u00fcber eine dynamische und vorgeformte Sitzfl\u00e4che mit Befestigungsm\u00f6glichkeiten an der Sitzplatte des Kinderwagens. Die Gurtschlitze wurden als L\u00e4ngsschlitze konzipiert, womit dieser Fu\u00dfsack universell in diversen Kinderwagen\u00a0mit 3- und 5-Punkt-Gurtsystemen einsetzbar ist.<br \/>\nEIGENSCHAFTEN: FLIMS hat einen 2-Wege-Rei\u00dfverschluss. Das Oberteil kann somit komplett abgenommen werden. Die Fellblende sch\u00fctzt Ihr Kind vor Zugluft. Der Fu\u00dfsack besteht aus 100% medizinischem Lammfell (Wollh\u00f6he 25 mm). Das Lammfell-Innenteil ist im oberen Bereich aus ganzen Fellen und im unterem, nicht sichtbaren Teil aus Lammfell-Patchwork gefertigt. Die wasserabweisende und atmungsaktive Au\u00dfenh\u00fclle ist zur Sicherheit mit Reflektorstreifen ausgestattet.<br \/>\nFARBEN UND MA\u00dfE: FLIMS ist 95 cm lang, die Sitzfl\u00e4che ist 32 cm breit, und die Fu\u00dfraumh\u00f6he betr\u00e4gt 12 cm (L\u00e4nge Vorderseite bis Fellblende: 68 cm). Der Fu\u00dfsack wiegt ca. 1400 g. Dieser ist erh\u00e4ltlich in den Farben ros\u00e9, dunkelgrau, dunkelblau, schwarz, rot, braun sowie in einem blau-, braun- und graumelierten Farbton.<\/p>\n","protected":false},"featured_media":63775,"comment_status":"open","ping_status":"closed","template":"","meta":[],"product_brand":[],"product_cat":[8765,21],"product_tag":[],"class_list":{"0":"post-63774","1":"product","2":"type-product","3":"status-publish","4":"has-post-thumbnail","6":"product_cat-autositze-zubehoer-baby","7":"product_cat-baby","8":"pa_binding-babyartikel","9":"pa_brand-christ","10":"pa_manufacturer-werner-christ-gmbh","12":"first","13":"instock","14":"shipping-taxable","15":"purchasable","16":"product-type-simple","17":"customify-col","18":"product-has-gallery"},"yoast_head":"<!-- This site is optimized with the Yoast SEO plugin v27.4 - https:\/\/yoast.com\/product\/yoast-seo-wordpress\/ -->\n<title>WERNER CHRIST BABY, Lammfell-Fu\u00dfsack FLIMS \u2013 warmer Buggy, Kinderwagen-Fu\u00dfsack (Kinder ab 6 bis 36 Monate) aus\u2026 - Markt-XXL<\/title>\n<meta name=\"description\" content=\"Markt-XXL WERNER CHRIST BABY, Lammfell-Fu\u00dfsack FLIMS \u2013 warmer Buggy, Kinderwagen-Fu\u00dfsack (Kinder ab 6 bis 36 Monate) aus\u2026\" \/>\n<meta name=\"robots\" content=\"index, follow, max-snippet:-1, max-image-preview:large, max-video-preview:-1\" \/>\n<link rel=\"canonical\" href=\"https:\/\/marktxxl.de\/markt\/produkt\/werner-christ-baby-lammfell-fusssack-flims-kuscheliger-buggy-kinderwagen-fusssack-aus-medizinischem-fell-universal-in-beige-grau-blau-hellblau-schwarz-rot-braun\/\" \/>\n<meta property=\"og:locale\" content=\"de_DE\" \/>\n<meta property=\"og:type\" content=\"article\" \/>\n<meta property=\"og:title\" content=\"WERNER CHRIST BABY, Lammfell-Fu\u00dfsack FLIMS \u2013 warmer Buggy, Kinderwagen-Fu\u00dfsack (Kinder ab 6 bis 36 Monate) aus\u2026 - Markt-XXL\" \/>\n<meta property=\"og:description\" content=\"Markt-XXL WERNER CHRIST BABY, Lammfell-Fu\u00dfsack FLIMS \u2013 warmer Buggy, Kinderwagen-Fu\u00dfsack (Kinder ab 6 bis 36 Monate) aus\u2026\" \/>\n<meta property=\"og:url\" content=\"https:\/\/marktxxl.de\/markt\/produkt\/werner-christ-baby-lammfell-fusssack-flims-kuscheliger-buggy-kinderwagen-fusssack-aus-medizinischem-fell-universal-in-beige-grau-blau-hellblau-schwarz-rot-braun\/\" \/>\n<meta property=\"og:site_name\" content=\"Markt-XXL\" \/>\n<meta property=\"article:modified_time\" content=\"2023-04-08T00:02:14+00:00\" \/>\n<meta property=\"og:image\" content=\"https:\/\/m.media-amazon.com\/images\/I\/31ABia6aCgL._SL500_.jpg\" \/>\n\t<meta property=\"og:image:width\" content=\"500\" \/>\n\t<meta property=\"og:image:height\" content=\"500\" \/>\n\t<meta property=\"og:image:type\" content=\"image\/jpeg\" \/>\n<meta name=\"twitter:card\" content=\"summary_large_image\" \/>\n<meta name=\"twitter:label1\" content=\"Gesch\u00e4tzte Lesezeit\" \/>\n\t<meta name=\"twitter:data1\" content=\"1\u00a0Minute\" \/>\n<script type=\"application\/ld+json\" class=\"yoast-schema-graph\">{\"@context\":\"https:\\\/\\\/schema.org\",\"@graph\":[{\"@type\":\"WebPage\",\"@id\":\"https:\\\/\\\/marktxxl.de\\\/markt\\\/produkt\\\/werner-christ-baby-lammfell-fusssack-flims-kuscheliger-buggy-kinderwagen-fusssack-aus-medizinischem-fell-universal-in-beige-grau-blau-hellblau-schwarz-rot-braun\\\/\",\"url\":\"https:\\\/\\\/marktxxl.de\\\/markt\\\/produkt\\\/werner-christ-baby-lammfell-fusssack-flims-kuscheliger-buggy-kinderwagen-fusssack-aus-medizinischem-fell-universal-in-beige-grau-blau-hellblau-schwarz-rot-braun\\\/\",\"name\":\"WERNER CHRIST BABY, Lammfell-Fu\u00dfsack FLIMS \u2013 warmer Buggy, Kinderwagen-Fu\u00dfsack (Kinder ab 6 bis 36 Monate) aus\u2026 - Markt-XXL\",\"isPartOf\":{\"@id\":\"https:\\\/\\\/marktxxl.de\\\/markt\\\/#website\"},\"primaryImageOfPage\":{\"@id\":\"https:\\\/\\\/marktxxl.de\\\/markt\\\/produkt\\\/werner-christ-baby-lammfell-fusssack-flims-kuscheliger-buggy-kinderwagen-fusssack-aus-medizinischem-fell-universal-in-beige-grau-blau-hellblau-schwarz-rot-braun\\\/#primaryimage\"},\"image\":{\"@id\":\"https:\\\/\\\/marktxxl.de\\\/markt\\\/produkt\\\/werner-christ-baby-lammfell-fusssack-flims-kuscheliger-buggy-kinderwagen-fusssack-aus-medizinischem-fell-universal-in-beige-grau-blau-hellblau-schwarz-rot-braun\\\/#primaryimage\"},\"thumbnailUrl\":\"https:\\\/\\\/m.media-amazon.com\\\/images\\\/I\\\/31ABia6aCgL._SL500_.jpg\",\"datePublished\":\"2021-11-11T22:24:12+00:00\",\"dateModified\":\"2023-04-08T00:02:14+00:00\",\"description\":\"Markt-XXL WERNER CHRIST BABY, Lammfell-Fu\u00dfsack FLIMS \u2013 warmer Buggy, Kinderwagen-Fu\u00dfsack (Kinder ab 6 bis 36 Monate) aus\u2026\",\"breadcrumb\":{\"@id\":\"https:\\\/\\\/marktxxl.de\\\/markt\\\/produkt\\\/werner-christ-baby-lammfell-fusssack-flims-kuscheliger-buggy-kinderwagen-fusssack-aus-medizinischem-fell-universal-in-beige-grau-blau-hellblau-schwarz-rot-braun\\\/#breadcrumb\"},\"inLanguage\":\"de\",\"potentialAction\":[{\"@type\":\"ReadAction\",\"target\":[\"https:\\\/\\\/marktxxl.de\\\/markt\\\/produkt\\\/werner-christ-baby-lammfell-fusssack-flims-kuscheliger-buggy-kinderwagen-fusssack-aus-medizinischem-fell-universal-in-beige-grau-blau-hellblau-schwarz-rot-braun\\\/\"]}]},{\"@type\":\"ImageObject\",\"inLanguage\":\"de\",\"@id\":\"https:\\\/\\\/marktxxl.de\\\/markt\\\/produkt\\\/werner-christ-baby-lammfell-fusssack-flims-kuscheliger-buggy-kinderwagen-fusssack-aus-medizinischem-fell-universal-in-beige-grau-blau-hellblau-schwarz-rot-braun\\\/#primaryimage\",\"url\":\"https:\\\/\\\/m.media-amazon.com\\\/images\\\/I\\\/31ABia6aCgL._SL500_.jpg\",\"contentUrl\":\"https:\\\/\\\/m.media-amazon.com\\\/images\\\/I\\\/31ABia6aCgL._SL500_.jpg\",\"width\":500,\"height\":500},{\"@type\":\"BreadcrumbList\",\"@id\":\"https:\\\/\\\/marktxxl.de\\\/markt\\\/produkt\\\/werner-christ-baby-lammfell-fusssack-flims-kuscheliger-buggy-kinderwagen-fusssack-aus-medizinischem-fell-universal-in-beige-grau-blau-hellblau-schwarz-rot-braun\\\/#breadcrumb\",\"itemListElement\":[{\"@type\":\"ListItem\",\"position\":1,\"name\":\"Startseite\",\"item\":\"https:\\\/\\\/marktxxl.de\\\/markt\\\/\"},{\"@type\":\"ListItem\",\"position\":2,\"name\":\"Markt\",\"item\":\"https:\\\/\\\/marktxxl.de\\\/markt\\\/\"},{\"@type\":\"ListItem\",\"position\":3,\"name\":\"WERNER CHRIST BABY, Lammfell-Fu\u00dfsack FLIMS \u2013 warmer Buggy, Kinderwagen-Fu\u00dfsack (Kinder ab 6 bis 36 Monate) aus\u2026\"}]},{\"@type\":\"WebSite\",\"@id\":\"https:\\\/\\\/marktxxl.de\\\/markt\\\/#website\",\"url\":\"https:\\\/\\\/marktxxl.de\\\/markt\\\/\",\"name\":\"Markt-XXL\",\"description\":\"Ihr Markt Online\",\"publisher\":{\"@id\":\"https:\\\/\\\/marktxxl.de\\\/markt\\\/#organization\"},\"potentialAction\":[{\"@type\":\"SearchAction\",\"target\":{\"@type\":\"EntryPoint\",\"urlTemplate\":\"https:\\\/\\\/marktxxl.de\\\/markt\\\/?s={search_term_string}\"},\"query-input\":{\"@type\":\"PropertyValueSpecification\",\"valueRequired\":true,\"valueName\":\"search_term_string\"}}],\"inLanguage\":\"de\"},{\"@type\":\"Organization\",\"@id\":\"https:\\\/\\\/marktxxl.de\\\/markt\\\/#organization\",\"name\":\"Markt-XXL\",\"url\":\"https:\\\/\\\/marktxxl.de\\\/markt\\\/\",\"logo\":{\"@type\":\"ImageObject\",\"inLanguage\":\"de\",\"@id\":\"https:\\\/\\\/marktxxl.de\\\/markt\\\/#\\\/schema\\\/logo\\\/image\\\/\",\"url\":\"https:\\\/\\\/marktxxl.de\\\/markt\\\/wp-content\\\/uploads\\\/sites\\\/3\\\/2020\\\/12\\\/logo.png\",\"contentUrl\":\"https:\\\/\\\/marktxxl.de\\\/markt\\\/wp-content\\\/uploads\\\/sites\\\/3\\\/2020\\\/12\\\/logo.png\",\"width\":200,\"height\":70,\"caption\":\"Markt-XXL\"},\"image\":{\"@id\":\"https:\\\/\\\/marktxxl.de\\\/markt\\\/#\\\/schema\\\/logo\\\/image\\\/\"}}]}<\/script>\n<!-- \/ Yoast SEO plugin. -->","yoast_head_json":{"title":"WERNER CHRIST BABY, Lammfell-Fu\u00dfsack FLIMS \u2013 warmer Buggy, Kinderwagen-Fu\u00dfsack (Kinder ab 6 bis 36 Monate) aus\u2026 - Markt-XXL","description":"Markt-XXL WERNER CHRIST BABY, Lammfell-Fu\u00dfsack FLIMS \u2013 warmer Buggy, Kinderwagen-Fu\u00dfsack (Kinder ab 6 bis 36 Monate) aus\u2026","robots":{"index":"index","follow":"follow","max-snippet":"max-snippet:-1","max-image-preview":"max-image-preview:large","max-video-preview":"max-video-preview:-1"},"canonical":"https:\/\/marktxxl.de\/markt\/produkt\/werner-christ-baby-lammfell-fusssack-flims-kuscheliger-buggy-kinderwagen-fusssack-aus-medizinischem-fell-universal-in-beige-grau-blau-hellblau-schwarz-rot-braun\/","og_locale":"de_DE","og_type":"article","og_title":"WERNER CHRIST BABY, Lammfell-Fu\u00dfsack FLIMS \u2013 warmer Buggy, Kinderwagen-Fu\u00dfsack (Kinder ab 6 bis 36 Monate) aus\u2026 - Markt-XXL","og_description":"Markt-XXL WERNER CHRIST BABY, Lammfell-Fu\u00dfsack FLIMS \u2013 warmer Buggy, Kinderwagen-Fu\u00dfsack (Kinder ab 6 bis 36 Monate) aus\u2026","og_url":"https:\/\/marktxxl.de\/markt\/produkt\/werner-christ-baby-lammfell-fusssack-flims-kuscheliger-buggy-kinderwagen-fusssack-aus-medizinischem-fell-universal-in-beige-grau-blau-hellblau-schwarz-rot-braun\/","og_site_name":"Markt-XXL","article_modified_time":"2023-04-08T00:02:14+00:00","og_image":[{"width":500,"height":500,"url":"https:\/\/m.media-amazon.com\/images\/I\/31ABia6aCgL._SL500_.jpg","type":"image\/jpeg"}],"twitter_card":"summary_large_image","twitter_misc":{"Gesch\u00e4tzte Lesezeit":"1\u00a0Minute"},"schema":{"@context":"https:\/\/schema.org","@graph":[{"@type":"WebPage","@id":"https:\/\/marktxxl.de\/markt\/produkt\/werner-christ-baby-lammfell-fusssack-flims-kuscheliger-buggy-kinderwagen-fusssack-aus-medizinischem-fell-universal-in-beige-grau-blau-hellblau-schwarz-rot-braun\/","url":"https:\/\/marktxxl.de\/markt\/produkt\/werner-christ-baby-lammfell-fusssack-flims-kuscheliger-buggy-kinderwagen-fusssack-aus-medizinischem-fell-universal-in-beige-grau-blau-hellblau-schwarz-rot-braun\/","name":"WERNER CHRIST BABY, Lammfell-Fu\u00dfsack FLIMS \u2013 warmer Buggy, Kinderwagen-Fu\u00dfsack (Kinder ab 6 bis 36 Monate) aus\u2026 - Markt-XXL","isPartOf":{"@id":"https:\/\/marktxxl.de\/markt\/#website"},"primaryImageOfPage":{"@id":"https:\/\/marktxxl.de\/markt\/produkt\/werner-christ-baby-lammfell-fusssack-flims-kuscheliger-buggy-kinderwagen-fusssack-aus-medizinischem-fell-universal-in-beige-grau-blau-hellblau-schwarz-rot-braun\/#primaryimage"},"image":{"@id":"https:\/\/marktxxl.de\/markt\/produkt\/werner-christ-baby-lammfell-fusssack-flims-kuscheliger-buggy-kinderwagen-fusssack-aus-medizinischem-fell-universal-in-beige-grau-blau-hellblau-schwarz-rot-braun\/#primaryimage"},"thumbnailUrl":"https:\/\/m.media-amazon.com\/images\/I\/31ABia6aCgL._SL500_.jpg","datePublished":"2021-11-11T22:24:12+00:00","dateModified":"2023-04-08T00:02:14+00:00","description":"Markt-XXL WERNER CHRIST BABY, Lammfell-Fu\u00dfsack FLIMS \u2013 warmer Buggy, Kinderwagen-Fu\u00dfsack (Kinder ab 6 bis 36 Monate) aus\u2026","breadcrumb":{"@id":"https:\/\/marktxxl.de\/markt\/produkt\/werner-christ-baby-lammfell-fusssack-flims-kuscheliger-buggy-kinderwagen-fusssack-aus-medizinischem-fell-universal-in-beige-grau-blau-hellblau-schwarz-rot-braun\/#breadcrumb"},"inLanguage":"de","potentialAction":[{"@type":"ReadAction","target":["https:\/\/marktxxl.de\/markt\/produkt\/werner-christ-baby-lammfell-fusssack-flims-kuscheliger-buggy-kinderwagen-fusssack-aus-medizinischem-fell-universal-in-beige-grau-blau-hellblau-schwarz-rot-braun\/"]}]},{"@type":"ImageObject","inLanguage":"de","@id":"https:\/\/marktxxl.de\/markt\/produkt\/werner-christ-baby-lammfell-fusssack-flims-kuscheliger-buggy-kinderwagen-fusssack-aus-medizinischem-fell-universal-in-beige-grau-blau-hellblau-schwarz-rot-braun\/#primaryimage","url":"https:\/\/m.media-amazon.com\/images\/I\/31ABia6aCgL._SL500_.jpg","contentUrl":"https:\/\/m.media-amazon.com\/images\/I\/31ABia6aCgL._SL500_.jpg","width":500,"height":500},{"@type":"BreadcrumbList","@id":"https:\/\/marktxxl.de\/markt\/produkt\/werner-christ-baby-lammfell-fusssack-flims-kuscheliger-buggy-kinderwagen-fusssack-aus-medizinischem-fell-universal-in-beige-grau-blau-hellblau-schwarz-rot-braun\/#breadcrumb","itemListElement":[{"@type":"ListItem","position":1,"name":"Startseite","item":"https:\/\/marktxxl.de\/markt\/"},{"@type":"ListItem","position":2,"name":"Markt","item":"https:\/\/marktxxl.de\/markt\/"},{"@type":"ListItem","position":3,"name":"WERNER CHRIST BABY, Lammfell-Fu\u00dfsack FLIMS \u2013 warmer Buggy, Kinderwagen-Fu\u00dfsack (Kinder ab 6 bis 36 Monate) aus\u2026"}]},{"@type":"WebSite","@id":"https:\/\/marktxxl.de\/markt\/#website","url":"https:\/\/marktxxl.de\/markt\/","name":"Markt-XXL","description":"Ihr Markt Online","publisher":{"@id":"https:\/\/marktxxl.de\/markt\/#organization"},"potentialAction":[{"@type":"SearchAction","target":{"@type":"EntryPoint","urlTemplate":"https:\/\/marktxxl.de\/markt\/?s={search_term_string}"},"query-input":{"@type":"PropertyValueSpecification","valueRequired":true,"valueName":"search_term_string"}}],"inLanguage":"de"},{"@type":"Organization","@id":"https:\/\/marktxxl.de\/markt\/#organization","name":"Markt-XXL","url":"https:\/\/marktxxl.de\/markt\/","logo":{"@type":"ImageObject","inLanguage":"de","@id":"https:\/\/marktxxl.de\/markt\/#\/schema\/logo\/image\/","url":"https:\/\/marktxxl.de\/markt\/wp-content\/uploads\/sites\/3\/2020\/12\/logo.png","contentUrl":"https:\/\/marktxxl.de\/markt\/wp-content\/uploads\/sites\/3\/2020\/12\/logo.png","width":200,"height":70,"caption":"Markt-XXL"},"image":{"@id":"https:\/\/marktxxl.de\/markt\/#\/schema\/logo\/image\/"}}]}},"_links":{"self":[{"href":"https:\/\/marktxxl.de\/markt\/wp-json\/wp\/v2\/product\/63774","targetHints":{"allow":["GET"]}}],"collection":[{"href":"https:\/\/marktxxl.de\/markt\/wp-json\/wp\/v2\/product"}],"about":[{"href":"https:\/\/marktxxl.de\/markt\/wp-json\/wp\/v2\/types\/product"}],"replies":[{"embeddable":true,"href":"https:\/\/marktxxl.de\/markt\/wp-json\/wp\/v2\/comments?post=63774"}],"wp:featuredmedia":[{"embeddable":true,"href":"https:\/\/marktxxl.de\/markt\/wp-json\/wp\/v2\/media\/63775"}],"wp:attachment":[{"href":"https:\/\/marktxxl.de\/markt\/wp-json\/wp\/v2\/media?parent=63774"}],"wp:term":[{"taxonomy":"product_brand","embeddable":true,"href":"https:\/\/marktxxl.de\/markt\/wp-json\/wp\/v2\/product_brand?post=63774"},{"taxonomy":"product_cat","embeddable":true,"href":"https:\/\/marktxxl.de\/markt\/wp-json\/wp\/v2\/product_cat?post=63774"},{"taxonomy":"product_tag","embeddable":true,"href":"https:\/\/marktxxl.de\/markt\/wp-json\/wp\/v2\/product_tag?post=63774"}],"curies":[{"name":"wp","href":"https:\/\/api.w.org\/{rel}","templated":true}]}}