{"id":63714,"date":"2021-11-11T23:21:27","date_gmt":"2021-11-11T22:21:27","guid":{"rendered":"https:\/\/marktxxl.de\/markt\/produkt\/copper-pearl-baby-auto-sitzabdeckung-canopy-und-pflege-abdeckung-multi-use-stretchy-5-in-1-giftviolet\/"},"modified":"2023-04-08T02:02:13","modified_gmt":"2023-04-08T00:02:13","slug":"copper-pearl-baby-auto-sitzabdeckung-canopy-und-pflege-abdeckung-multi-use-stretchy-5-in-1-giftviolet","status":"publish","type":"product","link":"https:\/\/marktxxl.de\/markt\/produkt\/copper-pearl-baby-auto-sitzabdeckung-canopy-und-pflege-abdeckung-multi-use-stretchy-5-in-1-giftviolet\/","title":{"rendered":"Copper Pearl Baby-Auto-Sitzabdeckung Canopy und Pflege Abdeckung Multi-Use Stretchy 5 in 1 Gift&#8221;Violet&#8221;"},"content":{"rendered":"<p>5-in-1-Abdeckung. Baby-Auto-Sitzabdeckung. Krankenpflege-Abdeckung. Einkaufswagen-Abdeckung. Hohe Stuhl-Abdeckung. Infinity-Schal. Dehnbare Stoff passt f\u00fcr die meisten Autositze, Einkaufswagen, und stillende M\u00fctter<br \/>\nAbdeckungen sind f\u00fcr die ganze Saison Gebrauch und bieten Schutz vor den Elementen. Gro\u00df f\u00fcr Krankenpflege und als Autositzbezug.<br \/>\nHochwertige, moderne und trendige Stoff ist ein Rayon-Mischung und Falten kompakt f\u00fcr einfache Lagerung.<br \/>\nEinfach zu bedienen, einfach zu setzen und von Ihrem Autositz nehmen, einfach zu sehen und Zugriff auf Ihr Baby w\u00e4hrend des Stillens \/ Stillen<br \/>\nJede neue Mutter wird eine dieser Pflege Abdeckungen \/ Autositz wollen deckt als Babypartygeschenk!<br \/>\n<div class=\"main-cross-sell\" data-asin=\"B01I0IWB28\">\n\n\t<div class=\"WooZone-cross-sell-loader\">\n\t\t<div>\n\t\t\t<div id=\"floatingBarsG\">\n\t\t\t\t<div class=\"blockG\" id=\"rotateG_01\"><\/div>\n\t\t\t\t<div class=\"blockG\" id=\"rotateG_02\"><\/div>\n\t\t\t\t<div class=\"blockG\" id=\"rotateG_03\"><\/div>\n\t\t\t\t<div class=\"blockG\" id=\"rotateG_04\"><\/div>\n\t\t\t\t<div class=\"blockG\" id=\"rotateG_05\"><\/div>\n\t\t\t\t<div class=\"blockG\" id=\"rotateG_06\"><\/div>\n\t\t\t\t<div class=\"blockG\" id=\"rotateG_07\"><\/div>\n\t\t\t\t<div class=\"blockG\" id=\"rotateG_08\"><\/div>\n\t\t\t<\/div>\n\t\t\t<div class=\"WooZone-cross-sell-loader-text\"><\/div>\n\t\t<\/div>\n\t<\/div>\n\n\t\t\n<\/div>\n<div style=\"clear:both;\"><\/div><\/p>\n","protected":false},"excerpt":{"rendered":"<p>5-in-1-Abdeckung. Baby-Auto-Sitzabdeckung. Krankenpflege-Abdeckung. Einkaufswagen-Abdeckung. Hohe Stuhl-Abdeckung. Infinity-Schal. Dehnbare Stoff passt f\u00fcr die meisten Autositze, Einkaufswagen, und stillende M\u00fctter<br \/>\nAbdeckungen sind f\u00fcr die ganze Saison Gebrauch und bieten Schutz vor den Elementen. Gro\u00df f\u00fcr Krankenpflege und als Autositzbezug.<br \/>\nHochwertige, moderne und trendige Stoff ist ein Rayon-Mischung und Falten kompakt f\u00fcr einfache Lagerung.<\/p>\n","protected":false},"featured_media":63715,"comment_status":"open","ping_status":"closed","template":"","meta":[],"product_brand":[],"product_cat":[8765,21],"product_tag":[],"class_list":{"0":"post-63714","1":"product","2":"type-product","3":"status-publish","4":"has-post-thumbnail","6":"product_cat-autositze-zubehoer-baby","7":"product_cat-baby","8":"pa_binding-babyartikel","9":"pa_brand-copper-pearl","10":"pa_height-27-5-zoll","11":"pa_length-26-5-zoll","12":"pa_manufacturer-copper-pearl","13":"pa_weight-0-38360433588-pfund","14":"pa_width-0-2-zoll","16":"first","17":"instock","18":"shipping-taxable","19":"purchasable","20":"product-type-simple","21":"customify-col","22":"product-has-gallery"},"yoast_head":"<!-- This site is optimized with the Yoast SEO plugin v27.3 - https:\/\/yoast.com\/product\/yoast-seo-wordpress\/ -->\n<title>Copper Pearl Baby-Auto-Sitzabdeckung Canopy und Pflege Abdeckung Multi-Use Stretchy 5 in 1 Gift&quot;Violet&quot; - Markt-XXL<\/title>\n<meta name=\"description\" content=\"Markt-XXL Copper Pearl Baby-Auto-Sitzabdeckung Canopy und Pflege Abdeckung Multi-Use Stretchy 5 in 1 Gift&quot;Violet&quot;\" \/>\n<meta name=\"robots\" content=\"index, follow, max-snippet:-1, max-image-preview:large, max-video-preview:-1\" \/>\n<link rel=\"canonical\" href=\"https:\/\/marktxxl.de\/markt\/produkt\/copper-pearl-baby-auto-sitzabdeckung-canopy-und-pflege-abdeckung-multi-use-stretchy-5-in-1-giftviolet\/\" \/>\n<meta property=\"og:locale\" content=\"de_DE\" \/>\n<meta property=\"og:type\" content=\"article\" \/>\n<meta property=\"og:title\" content=\"Copper Pearl Baby-Auto-Sitzabdeckung Canopy und Pflege Abdeckung Multi-Use Stretchy 5 in 1 Gift&quot;Violet&quot; - Markt-XXL\" \/>\n<meta property=\"og:description\" content=\"Markt-XXL Copper Pearl Baby-Auto-Sitzabdeckung Canopy und Pflege Abdeckung Multi-Use Stretchy 5 in 1 Gift&quot;Violet&quot;\" \/>\n<meta property=\"og:url\" content=\"https:\/\/marktxxl.de\/markt\/produkt\/copper-pearl-baby-auto-sitzabdeckung-canopy-und-pflege-abdeckung-multi-use-stretchy-5-in-1-giftviolet\/\" \/>\n<meta property=\"og:site_name\" content=\"Markt-XXL\" \/>\n<meta property=\"article:modified_time\" content=\"2023-04-08T00:02:13+00:00\" \/>\n<meta property=\"og:image\" content=\"https:\/\/m.media-amazon.com\/images\/I\/51AsAQ5EoxL._SL500_.jpg\" \/>\n\t<meta property=\"og:image:width\" content=\"500\" \/>\n\t<meta property=\"og:image:height\" content=\"500\" \/>\n\t<meta property=\"og:image:type\" content=\"image\/jpeg\" \/>\n<meta name=\"twitter:card\" content=\"summary_large_image\" \/>\n<meta name=\"twitter:label1\" content=\"Gesch\u00e4tzte Lesezeit\" \/>\n\t<meta name=\"twitter:data1\" content=\"1\u00a0Minute\" \/>\n<script type=\"application\/ld+json\" class=\"yoast-schema-graph\">{\"@context\":\"https:\\\/\\\/schema.org\",\"@graph\":[{\"@type\":\"WebPage\",\"@id\":\"https:\\\/\\\/marktxxl.de\\\/markt\\\/produkt\\\/copper-pearl-baby-auto-sitzabdeckung-canopy-und-pflege-abdeckung-multi-use-stretchy-5-in-1-giftviolet\\\/\",\"url\":\"https:\\\/\\\/marktxxl.de\\\/markt\\\/produkt\\\/copper-pearl-baby-auto-sitzabdeckung-canopy-und-pflege-abdeckung-multi-use-stretchy-5-in-1-giftviolet\\\/\",\"name\":\"Copper Pearl Baby-Auto-Sitzabdeckung Canopy und Pflege Abdeckung Multi-Use Stretchy 5 in 1 Gift\\\"Violet\\\" - Markt-XXL\",\"isPartOf\":{\"@id\":\"https:\\\/\\\/marktxxl.de\\\/markt\\\/#website\"},\"primaryImageOfPage\":{\"@id\":\"https:\\\/\\\/marktxxl.de\\\/markt\\\/produkt\\\/copper-pearl-baby-auto-sitzabdeckung-canopy-und-pflege-abdeckung-multi-use-stretchy-5-in-1-giftviolet\\\/#primaryimage\"},\"image\":{\"@id\":\"https:\\\/\\\/marktxxl.de\\\/markt\\\/produkt\\\/copper-pearl-baby-auto-sitzabdeckung-canopy-und-pflege-abdeckung-multi-use-stretchy-5-in-1-giftviolet\\\/#primaryimage\"},\"thumbnailUrl\":\"https:\\\/\\\/m.media-amazon.com\\\/images\\\/I\\\/51AsAQ5EoxL._SL500_.jpg\",\"datePublished\":\"2021-11-11T22:21:27+00:00\",\"dateModified\":\"2023-04-08T00:02:13+00:00\",\"description\":\"Markt-XXL Copper Pearl Baby-Auto-Sitzabdeckung Canopy und Pflege Abdeckung Multi-Use Stretchy 5 in 1 Gift\\\"Violet\\\"\",\"breadcrumb\":{\"@id\":\"https:\\\/\\\/marktxxl.de\\\/markt\\\/produkt\\\/copper-pearl-baby-auto-sitzabdeckung-canopy-und-pflege-abdeckung-multi-use-stretchy-5-in-1-giftviolet\\\/#breadcrumb\"},\"inLanguage\":\"de\",\"potentialAction\":[{\"@type\":\"ReadAction\",\"target\":[\"https:\\\/\\\/marktxxl.de\\\/markt\\\/produkt\\\/copper-pearl-baby-auto-sitzabdeckung-canopy-und-pflege-abdeckung-multi-use-stretchy-5-in-1-giftviolet\\\/\"]}]},{\"@type\":\"ImageObject\",\"inLanguage\":\"de\",\"@id\":\"https:\\\/\\\/marktxxl.de\\\/markt\\\/produkt\\\/copper-pearl-baby-auto-sitzabdeckung-canopy-und-pflege-abdeckung-multi-use-stretchy-5-in-1-giftviolet\\\/#primaryimage\",\"url\":\"https:\\\/\\\/m.media-amazon.com\\\/images\\\/I\\\/51AsAQ5EoxL._SL500_.jpg\",\"contentUrl\":\"https:\\\/\\\/m.media-amazon.com\\\/images\\\/I\\\/51AsAQ5EoxL._SL500_.jpg\",\"width\":500,\"height\":500},{\"@type\":\"BreadcrumbList\",\"@id\":\"https:\\\/\\\/marktxxl.de\\\/markt\\\/produkt\\\/copper-pearl-baby-auto-sitzabdeckung-canopy-und-pflege-abdeckung-multi-use-stretchy-5-in-1-giftviolet\\\/#breadcrumb\",\"itemListElement\":[{\"@type\":\"ListItem\",\"position\":1,\"name\":\"Startseite\",\"item\":\"https:\\\/\\\/marktxxl.de\\\/markt\\\/\"},{\"@type\":\"ListItem\",\"position\":2,\"name\":\"Markt\",\"item\":\"https:\\\/\\\/marktxxl.de\\\/markt\\\/\"},{\"@type\":\"ListItem\",\"position\":3,\"name\":\"Copper Pearl Baby-Auto-Sitzabdeckung Canopy und Pflege Abdeckung Multi-Use Stretchy 5 in 1 Gift&#8221;Violet&#8221;\"}]},{\"@type\":\"WebSite\",\"@id\":\"https:\\\/\\\/marktxxl.de\\\/markt\\\/#website\",\"url\":\"https:\\\/\\\/marktxxl.de\\\/markt\\\/\",\"name\":\"Markt-XXL\",\"description\":\"Ihr Markt Online\",\"publisher\":{\"@id\":\"https:\\\/\\\/marktxxl.de\\\/markt\\\/#organization\"},\"potentialAction\":[{\"@type\":\"SearchAction\",\"target\":{\"@type\":\"EntryPoint\",\"urlTemplate\":\"https:\\\/\\\/marktxxl.de\\\/markt\\\/?s={search_term_string}\"},\"query-input\":{\"@type\":\"PropertyValueSpecification\",\"valueRequired\":true,\"valueName\":\"search_term_string\"}}],\"inLanguage\":\"de\"},{\"@type\":\"Organization\",\"@id\":\"https:\\\/\\\/marktxxl.de\\\/markt\\\/#organization\",\"name\":\"Markt-XXL\",\"url\":\"https:\\\/\\\/marktxxl.de\\\/markt\\\/\",\"logo\":{\"@type\":\"ImageObject\",\"inLanguage\":\"de\",\"@id\":\"https:\\\/\\\/marktxxl.de\\\/markt\\\/#\\\/schema\\\/logo\\\/image\\\/\",\"url\":\"https:\\\/\\\/marktxxl.de\\\/markt\\\/wp-content\\\/uploads\\\/sites\\\/3\\\/2020\\\/12\\\/logo.png\",\"contentUrl\":\"https:\\\/\\\/marktxxl.de\\\/markt\\\/wp-content\\\/uploads\\\/sites\\\/3\\\/2020\\\/12\\\/logo.png\",\"width\":200,\"height\":70,\"caption\":\"Markt-XXL\"},\"image\":{\"@id\":\"https:\\\/\\\/marktxxl.de\\\/markt\\\/#\\\/schema\\\/logo\\\/image\\\/\"}}]}<\/script>\n<!-- \/ Yoast SEO plugin. -->","yoast_head_json":{"title":"Copper Pearl Baby-Auto-Sitzabdeckung Canopy und Pflege Abdeckung Multi-Use Stretchy 5 in 1 Gift\"Violet\" - Markt-XXL","description":"Markt-XXL Copper Pearl Baby-Auto-Sitzabdeckung Canopy und Pflege Abdeckung Multi-Use Stretchy 5 in 1 Gift\"Violet\"","robots":{"index":"index","follow":"follow","max-snippet":"max-snippet:-1","max-image-preview":"max-image-preview:large","max-video-preview":"max-video-preview:-1"},"canonical":"https:\/\/marktxxl.de\/markt\/produkt\/copper-pearl-baby-auto-sitzabdeckung-canopy-und-pflege-abdeckung-multi-use-stretchy-5-in-1-giftviolet\/","og_locale":"de_DE","og_type":"article","og_title":"Copper Pearl Baby-Auto-Sitzabdeckung Canopy und Pflege Abdeckung Multi-Use Stretchy 5 in 1 Gift\"Violet\" - Markt-XXL","og_description":"Markt-XXL Copper Pearl Baby-Auto-Sitzabdeckung Canopy und Pflege Abdeckung Multi-Use Stretchy 5 in 1 Gift\"Violet\"","og_url":"https:\/\/marktxxl.de\/markt\/produkt\/copper-pearl-baby-auto-sitzabdeckung-canopy-und-pflege-abdeckung-multi-use-stretchy-5-in-1-giftviolet\/","og_site_name":"Markt-XXL","article_modified_time":"2023-04-08T00:02:13+00:00","og_image":[{"width":500,"height":500,"url":"https:\/\/m.media-amazon.com\/images\/I\/51AsAQ5EoxL._SL500_.jpg","type":"image\/jpeg"}],"twitter_card":"summary_large_image","twitter_misc":{"Gesch\u00e4tzte Lesezeit":"1\u00a0Minute"},"schema":{"@context":"https:\/\/schema.org","@graph":[{"@type":"WebPage","@id":"https:\/\/marktxxl.de\/markt\/produkt\/copper-pearl-baby-auto-sitzabdeckung-canopy-und-pflege-abdeckung-multi-use-stretchy-5-in-1-giftviolet\/","url":"https:\/\/marktxxl.de\/markt\/produkt\/copper-pearl-baby-auto-sitzabdeckung-canopy-und-pflege-abdeckung-multi-use-stretchy-5-in-1-giftviolet\/","name":"Copper Pearl Baby-Auto-Sitzabdeckung Canopy und Pflege Abdeckung Multi-Use Stretchy 5 in 1 Gift\"Violet\" - Markt-XXL","isPartOf":{"@id":"https:\/\/marktxxl.de\/markt\/#website"},"primaryImageOfPage":{"@id":"https:\/\/marktxxl.de\/markt\/produkt\/copper-pearl-baby-auto-sitzabdeckung-canopy-und-pflege-abdeckung-multi-use-stretchy-5-in-1-giftviolet\/#primaryimage"},"image":{"@id":"https:\/\/marktxxl.de\/markt\/produkt\/copper-pearl-baby-auto-sitzabdeckung-canopy-und-pflege-abdeckung-multi-use-stretchy-5-in-1-giftviolet\/#primaryimage"},"thumbnailUrl":"https:\/\/m.media-amazon.com\/images\/I\/51AsAQ5EoxL._SL500_.jpg","datePublished":"2021-11-11T22:21:27+00:00","dateModified":"2023-04-08T00:02:13+00:00","description":"Markt-XXL Copper Pearl Baby-Auto-Sitzabdeckung Canopy und Pflege Abdeckung Multi-Use Stretchy 5 in 1 Gift\"Violet\"","breadcrumb":{"@id":"https:\/\/marktxxl.de\/markt\/produkt\/copper-pearl-baby-auto-sitzabdeckung-canopy-und-pflege-abdeckung-multi-use-stretchy-5-in-1-giftviolet\/#breadcrumb"},"inLanguage":"de","potentialAction":[{"@type":"ReadAction","target":["https:\/\/marktxxl.de\/markt\/produkt\/copper-pearl-baby-auto-sitzabdeckung-canopy-und-pflege-abdeckung-multi-use-stretchy-5-in-1-giftviolet\/"]}]},{"@type":"ImageObject","inLanguage":"de","@id":"https:\/\/marktxxl.de\/markt\/produkt\/copper-pearl-baby-auto-sitzabdeckung-canopy-und-pflege-abdeckung-multi-use-stretchy-5-in-1-giftviolet\/#primaryimage","url":"https:\/\/m.media-amazon.com\/images\/I\/51AsAQ5EoxL._SL500_.jpg","contentUrl":"https:\/\/m.media-amazon.com\/images\/I\/51AsAQ5EoxL._SL500_.jpg","width":500,"height":500},{"@type":"BreadcrumbList","@id":"https:\/\/marktxxl.de\/markt\/produkt\/copper-pearl-baby-auto-sitzabdeckung-canopy-und-pflege-abdeckung-multi-use-stretchy-5-in-1-giftviolet\/#breadcrumb","itemListElement":[{"@type":"ListItem","position":1,"name":"Startseite","item":"https:\/\/marktxxl.de\/markt\/"},{"@type":"ListItem","position":2,"name":"Markt","item":"https:\/\/marktxxl.de\/markt\/"},{"@type":"ListItem","position":3,"name":"Copper Pearl Baby-Auto-Sitzabdeckung Canopy und Pflege Abdeckung Multi-Use Stretchy 5 in 1 Gift&#8221;Violet&#8221;"}]},{"@type":"WebSite","@id":"https:\/\/marktxxl.de\/markt\/#website","url":"https:\/\/marktxxl.de\/markt\/","name":"Markt-XXL","description":"Ihr Markt Online","publisher":{"@id":"https:\/\/marktxxl.de\/markt\/#organization"},"potentialAction":[{"@type":"SearchAction","target":{"@type":"EntryPoint","urlTemplate":"https:\/\/marktxxl.de\/markt\/?s={search_term_string}"},"query-input":{"@type":"PropertyValueSpecification","valueRequired":true,"valueName":"search_term_string"}}],"inLanguage":"de"},{"@type":"Organization","@id":"https:\/\/marktxxl.de\/markt\/#organization","name":"Markt-XXL","url":"https:\/\/marktxxl.de\/markt\/","logo":{"@type":"ImageObject","inLanguage":"de","@id":"https:\/\/marktxxl.de\/markt\/#\/schema\/logo\/image\/","url":"https:\/\/marktxxl.de\/markt\/wp-content\/uploads\/sites\/3\/2020\/12\/logo.png","contentUrl":"https:\/\/marktxxl.de\/markt\/wp-content\/uploads\/sites\/3\/2020\/12\/logo.png","width":200,"height":70,"caption":"Markt-XXL"},"image":{"@id":"https:\/\/marktxxl.de\/markt\/#\/schema\/logo\/image\/"}}]}},"_links":{"self":[{"href":"https:\/\/marktxxl.de\/markt\/wp-json\/wp\/v2\/product\/63714","targetHints":{"allow":["GET"]}}],"collection":[{"href":"https:\/\/marktxxl.de\/markt\/wp-json\/wp\/v2\/product"}],"about":[{"href":"https:\/\/marktxxl.de\/markt\/wp-json\/wp\/v2\/types\/product"}],"replies":[{"embeddable":true,"href":"https:\/\/marktxxl.de\/markt\/wp-json\/wp\/v2\/comments?post=63714"}],"wp:featuredmedia":[{"embeddable":true,"href":"https:\/\/marktxxl.de\/markt\/wp-json\/wp\/v2\/media\/63715"}],"wp:attachment":[{"href":"https:\/\/marktxxl.de\/markt\/wp-json\/wp\/v2\/media?parent=63714"}],"wp:term":[{"taxonomy":"product_brand","embeddable":true,"href":"https:\/\/marktxxl.de\/markt\/wp-json\/wp\/v2\/product_brand?post=63714"},{"taxonomy":"product_cat","embeddable":true,"href":"https:\/\/marktxxl.de\/markt\/wp-json\/wp\/v2\/product_cat?post=63714"},{"taxonomy":"product_tag","embeddable":true,"href":"https:\/\/marktxxl.de\/markt\/wp-json\/wp\/v2\/product_tag?post=63714"}],"curies":[{"name":"wp","href":"https:\/\/api.w.org\/{rel}","templated":true}]}}