{"id":63514,"date":"2021-11-11T23:12:37","date_gmt":"2021-11-11T22:12:37","guid":{"rendered":"https:\/\/marktxxl.de\/markt\/produkt\/premium-baby-mullwindeln-spucktuecher-4er-pack-70x70cm-doppelt-gewebt-100-bio-baumwolle-oeko-tex-zertifiziert-flauschig-weich-extra-saugfaehig-moltontuecher-von-emma-noah\/"},"modified":"2023-04-08T02:02:09","modified_gmt":"2023-04-08T00:02:09","slug":"premium-baby-mullwindeln-spucktuecher-4er-pack-70x70cm-doppelt-gewebt-100-bio-baumwolle-oeko-tex-zertifiziert-flauschig-weich-extra-saugfaehig-moltontuecher-von-emma-noah","status":"publish","type":"product","link":"https:\/\/marktxxl.de\/markt\/produkt\/premium-baby-mullwindeln-spucktuecher-4er-pack-70x70cm-doppelt-gewebt-100-bio-baumwolle-oeko-tex-zertifiziert-flauschig-weich-extra-saugfaehig-moltontuecher-von-emma-noah\/","title":{"rendered":"emma &amp; noah Premium Baby Mullwindeln Spuckt\u00fccher 4er Pack, 70x70cm, Doppelt Gewebt, 100% Bio-Baumwolle, OEKO-TEX\u2026"},"content":{"rendered":"<p>?????????? ??????????: Unsere emma &amp; noah Mullwindeln eignen sich auch ideal als Kinderwagendecke, Einschlagdecke f\u00fcr die Babyschale, Schmusetuch f\u00fcr S\u00e4uglinge &amp; Kleinkinder, Unterlage zum Spielen oder Stilltuch. Durch den Einsatz von nat\u00fcrlicher Bio-Baumwolle und einer hochwertigen Verarbeitung sind unsere Spuckt\u00fccher ein langlebiger Begleiter.<br \/>\n????????? ?????\u00e4???: Unsere Mullt\u00fccher bieten mit einer Gr\u00f6\u00dfe von 70&#215;70 cm und der doppelten Webung eine deutlich bessere Saugf\u00e4higkeit als herk\u00f6mmliche Moltont\u00fccher. Dar\u00fcber hinaus ist sie ein toller Begleiter auf Reisen und Ausfl\u00fcgen. Durch die Gr\u00f6\u00dfe kannst Du die T\u00fccher auch optimal zum Einwickeln, Pucken oder Tragen verwenden.<br \/>\n?????????? ??????????: Unsere emma &amp; noah Spuckt\u00fccher bestehen aus 100% Bio-Baumwolle und sind gepr\u00fcft frei von Schadstoffen. Zus\u00e4tzlich sind sie mit dem strengen OEKO-TEX Standard 100 Siegel zertifiziert. F\u00fcr ein gutes Gef\u00fchl und der Sicherheit, dass unsere T\u00fccher optimal f\u00fcr S\u00e4uglinge &amp; Neugeborene Kinder geeignet sind. Dar\u00fcber hinaus sind unsere Decken durch die hochwertige Verarbeitung wunderbar atmungsaktiv und sorgen f\u00fcr ein sch\u00f6nes Gef\u00fchl auf der Haut.<br \/>\n????????? ?????: Unsere Moltont\u00fccher bestehen aus 100% hochwertiger Bio-Baumwolle. Dadurch sind die T\u00fccher besonders sanft und anschmiegsam f\u00fcr die zarte Babyhaut.<br \/>\n??????? ?? ????????: Unsere emma &amp; noah Mullwindeln k\u00f6nnen bis zu 40\u00b0C gewaschen werden und passen in alle handels\u00fcblichen Waschmaschinen, sodass sie schnell wieder sauber und frisch sind. Einsatz Pflegehinweis: Bereits vorgewaschen. Dadurch sind unsere T\u00fccher besonder formbest\u00e4ndig und langlebig.<br \/>\n<div class=\"main-cross-sell\" data-asin=\"B08F218YVT\">\n\n\t<div class=\"WooZone-cross-sell-loader\">\n\t\t<div>\n\t\t\t<div id=\"floatingBarsG\">\n\t\t\t\t<div class=\"blockG\" id=\"rotateG_01\"><\/div>\n\t\t\t\t<div class=\"blockG\" id=\"rotateG_02\"><\/div>\n\t\t\t\t<div class=\"blockG\" id=\"rotateG_03\"><\/div>\n\t\t\t\t<div class=\"blockG\" id=\"rotateG_04\"><\/div>\n\t\t\t\t<div class=\"blockG\" id=\"rotateG_05\"><\/div>\n\t\t\t\t<div class=\"blockG\" id=\"rotateG_06\"><\/div>\n\t\t\t\t<div class=\"blockG\" id=\"rotateG_07\"><\/div>\n\t\t\t\t<div class=\"blockG\" id=\"rotateG_08\"><\/div>\n\t\t\t<\/div>\n\t\t\t<div class=\"WooZone-cross-sell-loader-text\"><\/div>\n\t\t<\/div>\n\t<\/div>\n\n\t\t\n<\/div>\n<div style=\"clear:both;\"><\/div><\/p>\n","protected":false},"excerpt":{"rendered":"<p>?????????? ??????????: Unsere emma &amp; noah Mullwindeln eignen sich auch ideal als Kinderwagendecke, Einschlagdecke f\u00fcr die Babyschale, Schmusetuch f\u00fcr S\u00e4uglinge &amp; Kleinkinder, Unterlage zum Spielen oder Stilltuch. Durch den Einsatz von nat\u00fcrlicher Bio-Baumwolle und einer hochwertigen Verarbeitung sind unsere Spuckt\u00fccher ein langlebiger Begleiter.<br \/>\n????????? ?????\u00e4???: Unsere Mullt\u00fccher bieten mit einer Gr\u00f6\u00dfe von 70&#215;70 cm und der doppelten Webung eine deutlich bessere Saugf\u00e4higkeit als herk\u00f6mmliche Moltont\u00fccher. Dar\u00fcber hinaus ist sie ein toller Begleiter auf Reisen und Ausfl\u00fcgen. Durch die Gr\u00f6\u00dfe kannst Du die T\u00fccher auch optimal zum Einwickeln, Pucken oder Tragen verwenden.<br \/>\n?????????? ??????????: Unsere emma &amp; noah Spuckt\u00fccher bestehen aus 100% Bio-Baumwolle und sind gepr\u00fcft frei von Schadstoffen. Zus\u00e4tzlich sind sie mit dem strengen OEKO-TEX Standard 100 Siegel zertifiziert. F\u00fcr ein gutes Gef\u00fchl und der Sicherheit, dass unsere T\u00fccher optimal f\u00fcr S\u00e4uglinge &amp; Neugeborene Kinder geeignet sind. Dar\u00fcber hinaus sind unsere Decken durch die hochwertige Verarbeitung wunderbar atmungsaktiv und sorgen f\u00fcr ein sch\u00f6nes Gef\u00fchl auf der Haut.<\/p>\n","protected":false},"featured_media":63515,"comment_status":"open","ping_status":"closed","template":"","meta":[],"product_brand":[],"product_cat":[21],"product_tag":[],"class_list":{"0":"post-63514","1":"product","2":"type-product","3":"status-publish","4":"has-post-thumbnail","6":"product_cat-baby","7":"pa_brand-emma-noah","8":"pa_manufacturer-emma-noah","10":"first","11":"instock","12":"shipping-taxable","13":"purchasable","14":"product-type-simple","15":"customify-col","16":"product-has-gallery"},"yoast_head":"<!-- This site is optimized with the Yoast SEO plugin v27.3 - https:\/\/yoast.com\/product\/yoast-seo-wordpress\/ -->\n<title>emma &amp; noah Premium Baby Mullwindeln Spuckt\u00fccher 4er Pack, 70x70cm, Doppelt Gewebt, 100% Bio-Baumwolle, OEKO-TEX\u2026 - Markt-XXL<\/title>\n<meta name=\"description\" content=\"Markt-XXL emma &amp; noah Premium Baby Mullwindeln Spuckt\u00fccher 4er Pack, 70x70cm, Doppelt Gewebt, 100% Bio-Baumwolle, OEKO-TEX\u2026\" \/>\n<meta name=\"robots\" content=\"index, follow, max-snippet:-1, max-image-preview:large, max-video-preview:-1\" \/>\n<link rel=\"canonical\" href=\"https:\/\/marktxxl.de\/markt\/produkt\/premium-baby-mullwindeln-spucktuecher-4er-pack-70x70cm-doppelt-gewebt-100-bio-baumwolle-oeko-tex-zertifiziert-flauschig-weich-extra-saugfaehig-moltontuecher-von-emma-noah\/\" \/>\n<meta property=\"og:locale\" content=\"de_DE\" \/>\n<meta property=\"og:type\" content=\"article\" \/>\n<meta property=\"og:title\" content=\"emma &amp; noah Premium Baby Mullwindeln Spuckt\u00fccher 4er Pack, 70x70cm, Doppelt Gewebt, 100% Bio-Baumwolle, OEKO-TEX\u2026 - Markt-XXL\" \/>\n<meta property=\"og:description\" content=\"Markt-XXL emma &amp; noah Premium Baby Mullwindeln Spuckt\u00fccher 4er Pack, 70x70cm, Doppelt Gewebt, 100% Bio-Baumwolle, OEKO-TEX\u2026\" \/>\n<meta property=\"og:url\" content=\"https:\/\/marktxxl.de\/markt\/produkt\/premium-baby-mullwindeln-spucktuecher-4er-pack-70x70cm-doppelt-gewebt-100-bio-baumwolle-oeko-tex-zertifiziert-flauschig-weich-extra-saugfaehig-moltontuecher-von-emma-noah\/\" \/>\n<meta property=\"og:site_name\" content=\"Markt-XXL\" \/>\n<meta property=\"article:modified_time\" content=\"2023-04-08T00:02:09+00:00\" \/>\n<meta property=\"og:image\" content=\"https:\/\/m.media-amazon.com\/images\/I\/51DCj1n2g6L._SL500_.jpg\" \/>\n\t<meta property=\"og:image:width\" content=\"500\" \/>\n\t<meta property=\"og:image:height\" content=\"500\" \/>\n\t<meta property=\"og:image:type\" content=\"image\/jpeg\" \/>\n<meta name=\"twitter:card\" content=\"summary_large_image\" \/>\n<meta name=\"twitter:label1\" content=\"Gesch\u00e4tzte Lesezeit\" \/>\n\t<meta name=\"twitter:data1\" content=\"1\u00a0Minute\" \/>\n<script type=\"application\/ld+json\" class=\"yoast-schema-graph\">{\"@context\":\"https:\\\/\\\/schema.org\",\"@graph\":[{\"@type\":\"WebPage\",\"@id\":\"https:\\\/\\\/marktxxl.de\\\/markt\\\/produkt\\\/premium-baby-mullwindeln-spucktuecher-4er-pack-70x70cm-doppelt-gewebt-100-bio-baumwolle-oeko-tex-zertifiziert-flauschig-weich-extra-saugfaehig-moltontuecher-von-emma-noah\\\/\",\"url\":\"https:\\\/\\\/marktxxl.de\\\/markt\\\/produkt\\\/premium-baby-mullwindeln-spucktuecher-4er-pack-70x70cm-doppelt-gewebt-100-bio-baumwolle-oeko-tex-zertifiziert-flauschig-weich-extra-saugfaehig-moltontuecher-von-emma-noah\\\/\",\"name\":\"emma &amp; noah Premium Baby Mullwindeln Spuckt\u00fccher 4er Pack, 70x70cm, Doppelt Gewebt, 100% Bio-Baumwolle, OEKO-TEX\u2026 - Markt-XXL\",\"isPartOf\":{\"@id\":\"https:\\\/\\\/marktxxl.de\\\/markt\\\/#website\"},\"primaryImageOfPage\":{\"@id\":\"https:\\\/\\\/marktxxl.de\\\/markt\\\/produkt\\\/premium-baby-mullwindeln-spucktuecher-4er-pack-70x70cm-doppelt-gewebt-100-bio-baumwolle-oeko-tex-zertifiziert-flauschig-weich-extra-saugfaehig-moltontuecher-von-emma-noah\\\/#primaryimage\"},\"image\":{\"@id\":\"https:\\\/\\\/marktxxl.de\\\/markt\\\/produkt\\\/premium-baby-mullwindeln-spucktuecher-4er-pack-70x70cm-doppelt-gewebt-100-bio-baumwolle-oeko-tex-zertifiziert-flauschig-weich-extra-saugfaehig-moltontuecher-von-emma-noah\\\/#primaryimage\"},\"thumbnailUrl\":\"https:\\\/\\\/m.media-amazon.com\\\/images\\\/I\\\/51DCj1n2g6L._SL500_.jpg\",\"datePublished\":\"2021-11-11T22:12:37+00:00\",\"dateModified\":\"2023-04-08T00:02:09+00:00\",\"description\":\"Markt-XXL emma &amp; noah Premium Baby Mullwindeln Spuckt\u00fccher 4er Pack, 70x70cm, Doppelt Gewebt, 100% Bio-Baumwolle, OEKO-TEX\u2026\",\"breadcrumb\":{\"@id\":\"https:\\\/\\\/marktxxl.de\\\/markt\\\/produkt\\\/premium-baby-mullwindeln-spucktuecher-4er-pack-70x70cm-doppelt-gewebt-100-bio-baumwolle-oeko-tex-zertifiziert-flauschig-weich-extra-saugfaehig-moltontuecher-von-emma-noah\\\/#breadcrumb\"},\"inLanguage\":\"de\",\"potentialAction\":[{\"@type\":\"ReadAction\",\"target\":[\"https:\\\/\\\/marktxxl.de\\\/markt\\\/produkt\\\/premium-baby-mullwindeln-spucktuecher-4er-pack-70x70cm-doppelt-gewebt-100-bio-baumwolle-oeko-tex-zertifiziert-flauschig-weich-extra-saugfaehig-moltontuecher-von-emma-noah\\\/\"]}]},{\"@type\":\"ImageObject\",\"inLanguage\":\"de\",\"@id\":\"https:\\\/\\\/marktxxl.de\\\/markt\\\/produkt\\\/premium-baby-mullwindeln-spucktuecher-4er-pack-70x70cm-doppelt-gewebt-100-bio-baumwolle-oeko-tex-zertifiziert-flauschig-weich-extra-saugfaehig-moltontuecher-von-emma-noah\\\/#primaryimage\",\"url\":\"https:\\\/\\\/m.media-amazon.com\\\/images\\\/I\\\/51DCj1n2g6L._SL500_.jpg\",\"contentUrl\":\"https:\\\/\\\/m.media-amazon.com\\\/images\\\/I\\\/51DCj1n2g6L._SL500_.jpg\",\"width\":500,\"height\":500},{\"@type\":\"BreadcrumbList\",\"@id\":\"https:\\\/\\\/marktxxl.de\\\/markt\\\/produkt\\\/premium-baby-mullwindeln-spucktuecher-4er-pack-70x70cm-doppelt-gewebt-100-bio-baumwolle-oeko-tex-zertifiziert-flauschig-weich-extra-saugfaehig-moltontuecher-von-emma-noah\\\/#breadcrumb\",\"itemListElement\":[{\"@type\":\"ListItem\",\"position\":1,\"name\":\"Startseite\",\"item\":\"https:\\\/\\\/marktxxl.de\\\/markt\\\/\"},{\"@type\":\"ListItem\",\"position\":2,\"name\":\"Markt\",\"item\":\"https:\\\/\\\/marktxxl.de\\\/markt\\\/\"},{\"@type\":\"ListItem\",\"position\":3,\"name\":\"emma &amp; noah Premium Baby Mullwindeln Spuckt\u00fccher 4er Pack, 70x70cm, Doppelt Gewebt, 100% Bio-Baumwolle, OEKO-TEX\u2026\"}]},{\"@type\":\"WebSite\",\"@id\":\"https:\\\/\\\/marktxxl.de\\\/markt\\\/#website\",\"url\":\"https:\\\/\\\/marktxxl.de\\\/markt\\\/\",\"name\":\"Markt-XXL\",\"description\":\"Ihr Markt Online\",\"publisher\":{\"@id\":\"https:\\\/\\\/marktxxl.de\\\/markt\\\/#organization\"},\"potentialAction\":[{\"@type\":\"SearchAction\",\"target\":{\"@type\":\"EntryPoint\",\"urlTemplate\":\"https:\\\/\\\/marktxxl.de\\\/markt\\\/?s={search_term_string}\"},\"query-input\":{\"@type\":\"PropertyValueSpecification\",\"valueRequired\":true,\"valueName\":\"search_term_string\"}}],\"inLanguage\":\"de\"},{\"@type\":\"Organization\",\"@id\":\"https:\\\/\\\/marktxxl.de\\\/markt\\\/#organization\",\"name\":\"Markt-XXL\",\"url\":\"https:\\\/\\\/marktxxl.de\\\/markt\\\/\",\"logo\":{\"@type\":\"ImageObject\",\"inLanguage\":\"de\",\"@id\":\"https:\\\/\\\/marktxxl.de\\\/markt\\\/#\\\/schema\\\/logo\\\/image\\\/\",\"url\":\"https:\\\/\\\/marktxxl.de\\\/markt\\\/wp-content\\\/uploads\\\/sites\\\/3\\\/2020\\\/12\\\/logo.png\",\"contentUrl\":\"https:\\\/\\\/marktxxl.de\\\/markt\\\/wp-content\\\/uploads\\\/sites\\\/3\\\/2020\\\/12\\\/logo.png\",\"width\":200,\"height\":70,\"caption\":\"Markt-XXL\"},\"image\":{\"@id\":\"https:\\\/\\\/marktxxl.de\\\/markt\\\/#\\\/schema\\\/logo\\\/image\\\/\"}}]}<\/script>\n<!-- \/ Yoast SEO plugin. -->","yoast_head_json":{"title":"emma &amp; noah Premium Baby Mullwindeln Spuckt\u00fccher 4er Pack, 70x70cm, Doppelt Gewebt, 100% Bio-Baumwolle, OEKO-TEX\u2026 - Markt-XXL","description":"Markt-XXL emma &amp; noah Premium Baby Mullwindeln Spuckt\u00fccher 4er Pack, 70x70cm, Doppelt Gewebt, 100% Bio-Baumwolle, OEKO-TEX\u2026","robots":{"index":"index","follow":"follow","max-snippet":"max-snippet:-1","max-image-preview":"max-image-preview:large","max-video-preview":"max-video-preview:-1"},"canonical":"https:\/\/marktxxl.de\/markt\/produkt\/premium-baby-mullwindeln-spucktuecher-4er-pack-70x70cm-doppelt-gewebt-100-bio-baumwolle-oeko-tex-zertifiziert-flauschig-weich-extra-saugfaehig-moltontuecher-von-emma-noah\/","og_locale":"de_DE","og_type":"article","og_title":"emma &amp; noah Premium Baby Mullwindeln Spuckt\u00fccher 4er Pack, 70x70cm, Doppelt Gewebt, 100% Bio-Baumwolle, OEKO-TEX\u2026 - Markt-XXL","og_description":"Markt-XXL emma &amp; noah Premium Baby Mullwindeln Spuckt\u00fccher 4er Pack, 70x70cm, Doppelt Gewebt, 100% Bio-Baumwolle, OEKO-TEX\u2026","og_url":"https:\/\/marktxxl.de\/markt\/produkt\/premium-baby-mullwindeln-spucktuecher-4er-pack-70x70cm-doppelt-gewebt-100-bio-baumwolle-oeko-tex-zertifiziert-flauschig-weich-extra-saugfaehig-moltontuecher-von-emma-noah\/","og_site_name":"Markt-XXL","article_modified_time":"2023-04-08T00:02:09+00:00","og_image":[{"width":500,"height":500,"url":"https:\/\/m.media-amazon.com\/images\/I\/51DCj1n2g6L._SL500_.jpg","type":"image\/jpeg"}],"twitter_card":"summary_large_image","twitter_misc":{"Gesch\u00e4tzte Lesezeit":"1\u00a0Minute"},"schema":{"@context":"https:\/\/schema.org","@graph":[{"@type":"WebPage","@id":"https:\/\/marktxxl.de\/markt\/produkt\/premium-baby-mullwindeln-spucktuecher-4er-pack-70x70cm-doppelt-gewebt-100-bio-baumwolle-oeko-tex-zertifiziert-flauschig-weich-extra-saugfaehig-moltontuecher-von-emma-noah\/","url":"https:\/\/marktxxl.de\/markt\/produkt\/premium-baby-mullwindeln-spucktuecher-4er-pack-70x70cm-doppelt-gewebt-100-bio-baumwolle-oeko-tex-zertifiziert-flauschig-weich-extra-saugfaehig-moltontuecher-von-emma-noah\/","name":"emma &amp; noah Premium Baby Mullwindeln Spuckt\u00fccher 4er Pack, 70x70cm, Doppelt Gewebt, 100% Bio-Baumwolle, OEKO-TEX\u2026 - Markt-XXL","isPartOf":{"@id":"https:\/\/marktxxl.de\/markt\/#website"},"primaryImageOfPage":{"@id":"https:\/\/marktxxl.de\/markt\/produkt\/premium-baby-mullwindeln-spucktuecher-4er-pack-70x70cm-doppelt-gewebt-100-bio-baumwolle-oeko-tex-zertifiziert-flauschig-weich-extra-saugfaehig-moltontuecher-von-emma-noah\/#primaryimage"},"image":{"@id":"https:\/\/marktxxl.de\/markt\/produkt\/premium-baby-mullwindeln-spucktuecher-4er-pack-70x70cm-doppelt-gewebt-100-bio-baumwolle-oeko-tex-zertifiziert-flauschig-weich-extra-saugfaehig-moltontuecher-von-emma-noah\/#primaryimage"},"thumbnailUrl":"https:\/\/m.media-amazon.com\/images\/I\/51DCj1n2g6L._SL500_.jpg","datePublished":"2021-11-11T22:12:37+00:00","dateModified":"2023-04-08T00:02:09+00:00","description":"Markt-XXL emma &amp; noah Premium Baby Mullwindeln Spuckt\u00fccher 4er Pack, 70x70cm, Doppelt Gewebt, 100% Bio-Baumwolle, OEKO-TEX\u2026","breadcrumb":{"@id":"https:\/\/marktxxl.de\/markt\/produkt\/premium-baby-mullwindeln-spucktuecher-4er-pack-70x70cm-doppelt-gewebt-100-bio-baumwolle-oeko-tex-zertifiziert-flauschig-weich-extra-saugfaehig-moltontuecher-von-emma-noah\/#breadcrumb"},"inLanguage":"de","potentialAction":[{"@type":"ReadAction","target":["https:\/\/marktxxl.de\/markt\/produkt\/premium-baby-mullwindeln-spucktuecher-4er-pack-70x70cm-doppelt-gewebt-100-bio-baumwolle-oeko-tex-zertifiziert-flauschig-weich-extra-saugfaehig-moltontuecher-von-emma-noah\/"]}]},{"@type":"ImageObject","inLanguage":"de","@id":"https:\/\/marktxxl.de\/markt\/produkt\/premium-baby-mullwindeln-spucktuecher-4er-pack-70x70cm-doppelt-gewebt-100-bio-baumwolle-oeko-tex-zertifiziert-flauschig-weich-extra-saugfaehig-moltontuecher-von-emma-noah\/#primaryimage","url":"https:\/\/m.media-amazon.com\/images\/I\/51DCj1n2g6L._SL500_.jpg","contentUrl":"https:\/\/m.media-amazon.com\/images\/I\/51DCj1n2g6L._SL500_.jpg","width":500,"height":500},{"@type":"BreadcrumbList","@id":"https:\/\/marktxxl.de\/markt\/produkt\/premium-baby-mullwindeln-spucktuecher-4er-pack-70x70cm-doppelt-gewebt-100-bio-baumwolle-oeko-tex-zertifiziert-flauschig-weich-extra-saugfaehig-moltontuecher-von-emma-noah\/#breadcrumb","itemListElement":[{"@type":"ListItem","position":1,"name":"Startseite","item":"https:\/\/marktxxl.de\/markt\/"},{"@type":"ListItem","position":2,"name":"Markt","item":"https:\/\/marktxxl.de\/markt\/"},{"@type":"ListItem","position":3,"name":"emma &amp; noah Premium Baby Mullwindeln Spuckt\u00fccher 4er Pack, 70x70cm, Doppelt Gewebt, 100% Bio-Baumwolle, OEKO-TEX\u2026"}]},{"@type":"WebSite","@id":"https:\/\/marktxxl.de\/markt\/#website","url":"https:\/\/marktxxl.de\/markt\/","name":"Markt-XXL","description":"Ihr Markt Online","publisher":{"@id":"https:\/\/marktxxl.de\/markt\/#organization"},"potentialAction":[{"@type":"SearchAction","target":{"@type":"EntryPoint","urlTemplate":"https:\/\/marktxxl.de\/markt\/?s={search_term_string}"},"query-input":{"@type":"PropertyValueSpecification","valueRequired":true,"valueName":"search_term_string"}}],"inLanguage":"de"},{"@type":"Organization","@id":"https:\/\/marktxxl.de\/markt\/#organization","name":"Markt-XXL","url":"https:\/\/marktxxl.de\/markt\/","logo":{"@type":"ImageObject","inLanguage":"de","@id":"https:\/\/marktxxl.de\/markt\/#\/schema\/logo\/image\/","url":"https:\/\/marktxxl.de\/markt\/wp-content\/uploads\/sites\/3\/2020\/12\/logo.png","contentUrl":"https:\/\/marktxxl.de\/markt\/wp-content\/uploads\/sites\/3\/2020\/12\/logo.png","width":200,"height":70,"caption":"Markt-XXL"},"image":{"@id":"https:\/\/marktxxl.de\/markt\/#\/schema\/logo\/image\/"}}]}},"_links":{"self":[{"href":"https:\/\/marktxxl.de\/markt\/wp-json\/wp\/v2\/product\/63514","targetHints":{"allow":["GET"]}}],"collection":[{"href":"https:\/\/marktxxl.de\/markt\/wp-json\/wp\/v2\/product"}],"about":[{"href":"https:\/\/marktxxl.de\/markt\/wp-json\/wp\/v2\/types\/product"}],"replies":[{"embeddable":true,"href":"https:\/\/marktxxl.de\/markt\/wp-json\/wp\/v2\/comments?post=63514"}],"wp:featuredmedia":[{"embeddable":true,"href":"https:\/\/marktxxl.de\/markt\/wp-json\/wp\/v2\/media\/63515"}],"wp:attachment":[{"href":"https:\/\/marktxxl.de\/markt\/wp-json\/wp\/v2\/media?parent=63514"}],"wp:term":[{"taxonomy":"product_brand","embeddable":true,"href":"https:\/\/marktxxl.de\/markt\/wp-json\/wp\/v2\/product_brand?post=63514"},{"taxonomy":"product_cat","embeddable":true,"href":"https:\/\/marktxxl.de\/markt\/wp-json\/wp\/v2\/product_cat?post=63514"},{"taxonomy":"product_tag","embeddable":true,"href":"https:\/\/marktxxl.de\/markt\/wp-json\/wp\/v2\/product_tag?post=63514"}],"curies":[{"name":"wp","href":"https:\/\/api.w.org\/{rel}","templated":true}]}}