{"id":63461,"date":"2021-11-11T23:12:11","date_gmt":"2021-11-11T22:12:11","guid":{"rendered":"https:\/\/marktxxl.de\/markt\/produkt\/putska-windel-organizer-tragbare-windeltasche-fuer-wickeltisch-und-auto-aufbewahrungskorb-fuer-alle-baby-utensilien-mit-2-schnuller-clips-2-bandana-laetzchen\/"},"modified":"2023-04-08T02:02:08","modified_gmt":"2023-04-08T00:02:08","slug":"putska-windel-organizer-tragbare-windeltasche-fuer-wickeltisch-und-auto-aufbewahrungskorb-fuer-alle-baby-utensilien-mit-2-schnuller-clips-2-bandana-laetzchen","status":"publish","type":"product","link":"https:\/\/marktxxl.de\/markt\/produkt\/putska-windel-organizer-tragbare-windeltasche-fuer-wickeltisch-und-auto-aufbewahrungskorb-fuer-alle-baby-utensilien-mit-2-schnuller-clips-2-bandana-laetzchen\/","title":{"rendered":"PUTSKA Windelorganizer Baby Windelcaddy Filztasche tragbar mit verstellbaren F\u00e4chern | Ultra Mobile faltbare\u2026"},"content":{"rendered":"<p>Starke Konstruktion: Die Putska Windelablage hat einen starken T-Trenner, der sicher an den Seiten und der Unterseite befestigt ist, und es hat einen verst\u00e4rkten Klettverschluss, der jedes Fach stabil und fest h\u00e4lt.<br \/>\nPremium-Qualit\u00e4t: Der faltbare Kinderzimmer-Organizer ist aus hochwertigem Filz-Material, das perfekt umweltfreundlich und sicher f\u00fcr Ihr Baby ist und sehr stabil und langlebig. Es hat auch ein Schutzband um die scharfen Kanten f\u00fcr perfekte Sicherheit und Sicherheit.<br \/>\nPraktische gro\u00dfe Gr\u00f6\u00dfe: Die 38,1 x 22,9 x 17,8 cm Windel-Organizer ist gr\u00f6\u00dfer als die meisten und Sie k\u00f6nnen problemlos alle Ihre Baby-Utensilien verstauen, von Windeln und Feuchtt\u00fcchern bis zu Kleidung und Ihrer Brustpumpe. Es hat auch tiefe und breite Seitentaschen, die Ihnen einen einfachen Zugang bieten, und sie sind perfekt f\u00fcr gro\u00dfe Gegenst\u00e4nde wie Spielzeug und Puder.<br \/>\nDas perfekte Geschenk-Set: Der Wickeltisch-Organizer kommt mit kostenlosen Schnuller-Clips in niedlichen Unisex-Designs, Bandana-L\u00e4tzchen aus 100 % Bio-Baumwolle, die weich und stilvoll sind, so dass es das perfekte Geschenk f\u00fcr Babyparty ist.<br \/>\nBestellen Sie mit Vertrauen: Wenn Sie aus irgendeinem Grund nicht vollst\u00e4ndig mit der Windelablage zufrieden sind, geben wir Ihnen eine volle R\u00fcckerstattung oder einen kostenlosen Ersatz. Unsere Garantie gilt f\u00fcr 3 Jahre, also lassen Sie es uns wissen!<br \/>\n<div class=\"main-cross-sell\" data-asin=\"B077TT5RC7\">\n\n\t<div class=\"WooZone-cross-sell-loader\">\n\t\t<div>\n\t\t\t<div id=\"floatingBarsG\">\n\t\t\t\t<div class=\"blockG\" id=\"rotateG_01\"><\/div>\n\t\t\t\t<div class=\"blockG\" id=\"rotateG_02\"><\/div>\n\t\t\t\t<div class=\"blockG\" id=\"rotateG_03\"><\/div>\n\t\t\t\t<div class=\"blockG\" id=\"rotateG_04\"><\/div>\n\t\t\t\t<div class=\"blockG\" id=\"rotateG_05\"><\/div>\n\t\t\t\t<div class=\"blockG\" id=\"rotateG_06\"><\/div>\n\t\t\t\t<div class=\"blockG\" id=\"rotateG_07\"><\/div>\n\t\t\t\t<div class=\"blockG\" id=\"rotateG_08\"><\/div>\n\t\t\t<\/div>\n\t\t\t<div class=\"WooZone-cross-sell-loader-text\"><\/div>\n\t\t<\/div>\n\t<\/div>\n\n\t\t\n<\/div>\n<div style=\"clear:both;\"><\/div><\/p>\n","protected":false},"excerpt":{"rendered":"<p>Starke Konstruktion: Die Putska Windelablage hat einen starken T-Trenner, der sicher an den Seiten und der Unterseite befestigt ist, und es hat einen verst\u00e4rkten Klettverschluss, der jedes Fach stabil und fest h\u00e4lt.<br \/>\nPremium-Qualit\u00e4t: Der faltbare Kinderzimmer-Organizer ist aus hochwertigem Filz-Material, das perfekt umweltfreundlich und sicher f\u00fcr Ihr Baby ist und sehr stabil und langlebig. Es hat auch ein Schutzband um die scharfen Kanten f\u00fcr perfekte Sicherheit und Sicherheit.<br \/>\nPraktische gro\u00dfe Gr\u00f6\u00dfe: Die 38,1 x 22,9 x 17,8 cm Windel-Organizer ist gr\u00f6\u00dfer als die meisten und Sie k\u00f6nnen problemlos alle Ihre Baby-Utensilien verstauen, von Windeln und Feuchtt\u00fcchern bis zu Kleidung und Ihrer Brustpumpe. Es hat auch tiefe und breite Seitentaschen, die Ihnen einen einfachen Zugang bieten, und sie sind perfekt f\u00fcr gro\u00dfe Gegenst\u00e4nde wie Spielzeug und Puder.<\/p>\n","protected":false},"featured_media":63462,"comment_status":"open","ping_status":"closed","template":"","meta":[],"product_brand":[],"product_cat":[21,9520],"product_tag":[],"class_list":{"0":"post-63461","1":"product","2":"type-product","3":"status-publish","4":"has-post-thumbnail","6":"product_cat-baby","7":"product_cat-wickeln-baby","8":"pa_binding-babyartikel","9":"pa_brand-putska","10":"pa_color-hellgrau","11":"pa_height-7-zoll","12":"pa_length-15-zoll","13":"pa_manufacturer-putska","14":"pa_model-putska","15":"pa_size-15x9x7","16":"pa_weight-0-99-pfund","17":"pa_width-9-zoll","19":"first","20":"instock","21":"shipping-taxable","22":"purchasable","23":"product-type-simple","24":"customify-col","25":"product-has-gallery"},"yoast_head":"<!-- This site is optimized with the Yoast SEO plugin v27.4 - https:\/\/yoast.com\/product\/yoast-seo-wordpress\/ -->\n<title>PUTSKA Windelorganizer Baby Windelcaddy Filztasche tragbar mit verstellbaren F\u00e4chern | Ultra Mobile faltbare\u2026 - Markt-XXL<\/title>\n<meta name=\"description\" content=\"Markt-XXL PUTSKA Windelorganizer Baby Windelcaddy Filztasche tragbar mit verstellbaren F\u00e4chern | Ultra Mobile faltbare\u2026\" \/>\n<meta name=\"robots\" content=\"index, follow, max-snippet:-1, max-image-preview:large, max-video-preview:-1\" \/>\n<link rel=\"canonical\" href=\"https:\/\/marktxxl.de\/markt\/produkt\/putska-windel-organizer-tragbare-windeltasche-fuer-wickeltisch-und-auto-aufbewahrungskorb-fuer-alle-baby-utensilien-mit-2-schnuller-clips-2-bandana-laetzchen\/\" \/>\n<meta property=\"og:locale\" content=\"de_DE\" \/>\n<meta property=\"og:type\" content=\"article\" \/>\n<meta property=\"og:title\" content=\"PUTSKA Windelorganizer Baby Windelcaddy Filztasche tragbar mit verstellbaren F\u00e4chern | Ultra Mobile faltbare\u2026 - Markt-XXL\" \/>\n<meta property=\"og:description\" content=\"Markt-XXL PUTSKA Windelorganizer Baby Windelcaddy Filztasche tragbar mit verstellbaren F\u00e4chern | Ultra Mobile faltbare\u2026\" \/>\n<meta property=\"og:url\" content=\"https:\/\/marktxxl.de\/markt\/produkt\/putska-windel-organizer-tragbare-windeltasche-fuer-wickeltisch-und-auto-aufbewahrungskorb-fuer-alle-baby-utensilien-mit-2-schnuller-clips-2-bandana-laetzchen\/\" \/>\n<meta property=\"og:site_name\" content=\"Markt-XXL\" \/>\n<meta property=\"article:modified_time\" content=\"2023-04-08T00:02:08+00:00\" \/>\n<meta property=\"og:image\" content=\"https:\/\/m.media-amazon.com\/images\/I\/51VNMXjKONL._SL500_.jpg\" \/>\n\t<meta property=\"og:image:width\" content=\"500\" \/>\n\t<meta property=\"og:image:height\" content=\"500\" \/>\n\t<meta property=\"og:image:type\" content=\"image\/jpeg\" \/>\n<meta name=\"twitter:card\" content=\"summary_large_image\" \/>\n<meta name=\"twitter:label1\" content=\"Gesch\u00e4tzte Lesezeit\" \/>\n\t<meta name=\"twitter:data1\" content=\"1\u00a0Minute\" \/>\n<script type=\"application\/ld+json\" class=\"yoast-schema-graph\">{\"@context\":\"https:\\\/\\\/schema.org\",\"@graph\":[{\"@type\":\"WebPage\",\"@id\":\"https:\\\/\\\/marktxxl.de\\\/markt\\\/produkt\\\/putska-windel-organizer-tragbare-windeltasche-fuer-wickeltisch-und-auto-aufbewahrungskorb-fuer-alle-baby-utensilien-mit-2-schnuller-clips-2-bandana-laetzchen\\\/\",\"url\":\"https:\\\/\\\/marktxxl.de\\\/markt\\\/produkt\\\/putska-windel-organizer-tragbare-windeltasche-fuer-wickeltisch-und-auto-aufbewahrungskorb-fuer-alle-baby-utensilien-mit-2-schnuller-clips-2-bandana-laetzchen\\\/\",\"name\":\"PUTSKA Windelorganizer Baby Windelcaddy Filztasche tragbar mit verstellbaren F\u00e4chern | Ultra Mobile faltbare\u2026 - Markt-XXL\",\"isPartOf\":{\"@id\":\"https:\\\/\\\/marktxxl.de\\\/markt\\\/#website\"},\"primaryImageOfPage\":{\"@id\":\"https:\\\/\\\/marktxxl.de\\\/markt\\\/produkt\\\/putska-windel-organizer-tragbare-windeltasche-fuer-wickeltisch-und-auto-aufbewahrungskorb-fuer-alle-baby-utensilien-mit-2-schnuller-clips-2-bandana-laetzchen\\\/#primaryimage\"},\"image\":{\"@id\":\"https:\\\/\\\/marktxxl.de\\\/markt\\\/produkt\\\/putska-windel-organizer-tragbare-windeltasche-fuer-wickeltisch-und-auto-aufbewahrungskorb-fuer-alle-baby-utensilien-mit-2-schnuller-clips-2-bandana-laetzchen\\\/#primaryimage\"},\"thumbnailUrl\":\"https:\\\/\\\/m.media-amazon.com\\\/images\\\/I\\\/51VNMXjKONL._SL500_.jpg\",\"datePublished\":\"2021-11-11T22:12:11+00:00\",\"dateModified\":\"2023-04-08T00:02:08+00:00\",\"description\":\"Markt-XXL PUTSKA Windelorganizer Baby Windelcaddy Filztasche tragbar mit verstellbaren F\u00e4chern | Ultra Mobile faltbare\u2026\",\"breadcrumb\":{\"@id\":\"https:\\\/\\\/marktxxl.de\\\/markt\\\/produkt\\\/putska-windel-organizer-tragbare-windeltasche-fuer-wickeltisch-und-auto-aufbewahrungskorb-fuer-alle-baby-utensilien-mit-2-schnuller-clips-2-bandana-laetzchen\\\/#breadcrumb\"},\"inLanguage\":\"de\",\"potentialAction\":[{\"@type\":\"ReadAction\",\"target\":[\"https:\\\/\\\/marktxxl.de\\\/markt\\\/produkt\\\/putska-windel-organizer-tragbare-windeltasche-fuer-wickeltisch-und-auto-aufbewahrungskorb-fuer-alle-baby-utensilien-mit-2-schnuller-clips-2-bandana-laetzchen\\\/\"]}]},{\"@type\":\"ImageObject\",\"inLanguage\":\"de\",\"@id\":\"https:\\\/\\\/marktxxl.de\\\/markt\\\/produkt\\\/putska-windel-organizer-tragbare-windeltasche-fuer-wickeltisch-und-auto-aufbewahrungskorb-fuer-alle-baby-utensilien-mit-2-schnuller-clips-2-bandana-laetzchen\\\/#primaryimage\",\"url\":\"https:\\\/\\\/m.media-amazon.com\\\/images\\\/I\\\/51VNMXjKONL._SL500_.jpg\",\"contentUrl\":\"https:\\\/\\\/m.media-amazon.com\\\/images\\\/I\\\/51VNMXjKONL._SL500_.jpg\",\"width\":500,\"height\":500},{\"@type\":\"BreadcrumbList\",\"@id\":\"https:\\\/\\\/marktxxl.de\\\/markt\\\/produkt\\\/putska-windel-organizer-tragbare-windeltasche-fuer-wickeltisch-und-auto-aufbewahrungskorb-fuer-alle-baby-utensilien-mit-2-schnuller-clips-2-bandana-laetzchen\\\/#breadcrumb\",\"itemListElement\":[{\"@type\":\"ListItem\",\"position\":1,\"name\":\"Startseite\",\"item\":\"https:\\\/\\\/marktxxl.de\\\/markt\\\/\"},{\"@type\":\"ListItem\",\"position\":2,\"name\":\"Markt\",\"item\":\"https:\\\/\\\/marktxxl.de\\\/markt\\\/\"},{\"@type\":\"ListItem\",\"position\":3,\"name\":\"PUTSKA Windelorganizer Baby Windelcaddy Filztasche tragbar mit verstellbaren F\u00e4chern | Ultra Mobile faltbare\u2026\"}]},{\"@type\":\"WebSite\",\"@id\":\"https:\\\/\\\/marktxxl.de\\\/markt\\\/#website\",\"url\":\"https:\\\/\\\/marktxxl.de\\\/markt\\\/\",\"name\":\"Markt-XXL\",\"description\":\"Ihr Markt Online\",\"publisher\":{\"@id\":\"https:\\\/\\\/marktxxl.de\\\/markt\\\/#organization\"},\"potentialAction\":[{\"@type\":\"SearchAction\",\"target\":{\"@type\":\"EntryPoint\",\"urlTemplate\":\"https:\\\/\\\/marktxxl.de\\\/markt\\\/?s={search_term_string}\"},\"query-input\":{\"@type\":\"PropertyValueSpecification\",\"valueRequired\":true,\"valueName\":\"search_term_string\"}}],\"inLanguage\":\"de\"},{\"@type\":\"Organization\",\"@id\":\"https:\\\/\\\/marktxxl.de\\\/markt\\\/#organization\",\"name\":\"Markt-XXL\",\"url\":\"https:\\\/\\\/marktxxl.de\\\/markt\\\/\",\"logo\":{\"@type\":\"ImageObject\",\"inLanguage\":\"de\",\"@id\":\"https:\\\/\\\/marktxxl.de\\\/markt\\\/#\\\/schema\\\/logo\\\/image\\\/\",\"url\":\"https:\\\/\\\/marktxxl.de\\\/markt\\\/wp-content\\\/uploads\\\/sites\\\/3\\\/2020\\\/12\\\/logo.png\",\"contentUrl\":\"https:\\\/\\\/marktxxl.de\\\/markt\\\/wp-content\\\/uploads\\\/sites\\\/3\\\/2020\\\/12\\\/logo.png\",\"width\":200,\"height\":70,\"caption\":\"Markt-XXL\"},\"image\":{\"@id\":\"https:\\\/\\\/marktxxl.de\\\/markt\\\/#\\\/schema\\\/logo\\\/image\\\/\"}}]}<\/script>\n<!-- \/ Yoast SEO plugin. -->","yoast_head_json":{"title":"PUTSKA Windelorganizer Baby Windelcaddy Filztasche tragbar mit verstellbaren F\u00e4chern | Ultra Mobile faltbare\u2026 - Markt-XXL","description":"Markt-XXL PUTSKA Windelorganizer Baby Windelcaddy Filztasche tragbar mit verstellbaren F\u00e4chern | Ultra Mobile faltbare\u2026","robots":{"index":"index","follow":"follow","max-snippet":"max-snippet:-1","max-image-preview":"max-image-preview:large","max-video-preview":"max-video-preview:-1"},"canonical":"https:\/\/marktxxl.de\/markt\/produkt\/putska-windel-organizer-tragbare-windeltasche-fuer-wickeltisch-und-auto-aufbewahrungskorb-fuer-alle-baby-utensilien-mit-2-schnuller-clips-2-bandana-laetzchen\/","og_locale":"de_DE","og_type":"article","og_title":"PUTSKA Windelorganizer Baby Windelcaddy Filztasche tragbar mit verstellbaren F\u00e4chern | Ultra Mobile faltbare\u2026 - Markt-XXL","og_description":"Markt-XXL PUTSKA Windelorganizer Baby Windelcaddy Filztasche tragbar mit verstellbaren F\u00e4chern | Ultra Mobile faltbare\u2026","og_url":"https:\/\/marktxxl.de\/markt\/produkt\/putska-windel-organizer-tragbare-windeltasche-fuer-wickeltisch-und-auto-aufbewahrungskorb-fuer-alle-baby-utensilien-mit-2-schnuller-clips-2-bandana-laetzchen\/","og_site_name":"Markt-XXL","article_modified_time":"2023-04-08T00:02:08+00:00","og_image":[{"width":500,"height":500,"url":"https:\/\/m.media-amazon.com\/images\/I\/51VNMXjKONL._SL500_.jpg","type":"image\/jpeg"}],"twitter_card":"summary_large_image","twitter_misc":{"Gesch\u00e4tzte Lesezeit":"1\u00a0Minute"},"schema":{"@context":"https:\/\/schema.org","@graph":[{"@type":"WebPage","@id":"https:\/\/marktxxl.de\/markt\/produkt\/putska-windel-organizer-tragbare-windeltasche-fuer-wickeltisch-und-auto-aufbewahrungskorb-fuer-alle-baby-utensilien-mit-2-schnuller-clips-2-bandana-laetzchen\/","url":"https:\/\/marktxxl.de\/markt\/produkt\/putska-windel-organizer-tragbare-windeltasche-fuer-wickeltisch-und-auto-aufbewahrungskorb-fuer-alle-baby-utensilien-mit-2-schnuller-clips-2-bandana-laetzchen\/","name":"PUTSKA Windelorganizer Baby Windelcaddy Filztasche tragbar mit verstellbaren F\u00e4chern | Ultra Mobile faltbare\u2026 - Markt-XXL","isPartOf":{"@id":"https:\/\/marktxxl.de\/markt\/#website"},"primaryImageOfPage":{"@id":"https:\/\/marktxxl.de\/markt\/produkt\/putska-windel-organizer-tragbare-windeltasche-fuer-wickeltisch-und-auto-aufbewahrungskorb-fuer-alle-baby-utensilien-mit-2-schnuller-clips-2-bandana-laetzchen\/#primaryimage"},"image":{"@id":"https:\/\/marktxxl.de\/markt\/produkt\/putska-windel-organizer-tragbare-windeltasche-fuer-wickeltisch-und-auto-aufbewahrungskorb-fuer-alle-baby-utensilien-mit-2-schnuller-clips-2-bandana-laetzchen\/#primaryimage"},"thumbnailUrl":"https:\/\/m.media-amazon.com\/images\/I\/51VNMXjKONL._SL500_.jpg","datePublished":"2021-11-11T22:12:11+00:00","dateModified":"2023-04-08T00:02:08+00:00","description":"Markt-XXL PUTSKA Windelorganizer Baby Windelcaddy Filztasche tragbar mit verstellbaren F\u00e4chern | Ultra Mobile faltbare\u2026","breadcrumb":{"@id":"https:\/\/marktxxl.de\/markt\/produkt\/putska-windel-organizer-tragbare-windeltasche-fuer-wickeltisch-und-auto-aufbewahrungskorb-fuer-alle-baby-utensilien-mit-2-schnuller-clips-2-bandana-laetzchen\/#breadcrumb"},"inLanguage":"de","potentialAction":[{"@type":"ReadAction","target":["https:\/\/marktxxl.de\/markt\/produkt\/putska-windel-organizer-tragbare-windeltasche-fuer-wickeltisch-und-auto-aufbewahrungskorb-fuer-alle-baby-utensilien-mit-2-schnuller-clips-2-bandana-laetzchen\/"]}]},{"@type":"ImageObject","inLanguage":"de","@id":"https:\/\/marktxxl.de\/markt\/produkt\/putska-windel-organizer-tragbare-windeltasche-fuer-wickeltisch-und-auto-aufbewahrungskorb-fuer-alle-baby-utensilien-mit-2-schnuller-clips-2-bandana-laetzchen\/#primaryimage","url":"https:\/\/m.media-amazon.com\/images\/I\/51VNMXjKONL._SL500_.jpg","contentUrl":"https:\/\/m.media-amazon.com\/images\/I\/51VNMXjKONL._SL500_.jpg","width":500,"height":500},{"@type":"BreadcrumbList","@id":"https:\/\/marktxxl.de\/markt\/produkt\/putska-windel-organizer-tragbare-windeltasche-fuer-wickeltisch-und-auto-aufbewahrungskorb-fuer-alle-baby-utensilien-mit-2-schnuller-clips-2-bandana-laetzchen\/#breadcrumb","itemListElement":[{"@type":"ListItem","position":1,"name":"Startseite","item":"https:\/\/marktxxl.de\/markt\/"},{"@type":"ListItem","position":2,"name":"Markt","item":"https:\/\/marktxxl.de\/markt\/"},{"@type":"ListItem","position":3,"name":"PUTSKA Windelorganizer Baby Windelcaddy Filztasche tragbar mit verstellbaren F\u00e4chern | Ultra Mobile faltbare\u2026"}]},{"@type":"WebSite","@id":"https:\/\/marktxxl.de\/markt\/#website","url":"https:\/\/marktxxl.de\/markt\/","name":"Markt-XXL","description":"Ihr Markt Online","publisher":{"@id":"https:\/\/marktxxl.de\/markt\/#organization"},"potentialAction":[{"@type":"SearchAction","target":{"@type":"EntryPoint","urlTemplate":"https:\/\/marktxxl.de\/markt\/?s={search_term_string}"},"query-input":{"@type":"PropertyValueSpecification","valueRequired":true,"valueName":"search_term_string"}}],"inLanguage":"de"},{"@type":"Organization","@id":"https:\/\/marktxxl.de\/markt\/#organization","name":"Markt-XXL","url":"https:\/\/marktxxl.de\/markt\/","logo":{"@type":"ImageObject","inLanguage":"de","@id":"https:\/\/marktxxl.de\/markt\/#\/schema\/logo\/image\/","url":"https:\/\/marktxxl.de\/markt\/wp-content\/uploads\/sites\/3\/2020\/12\/logo.png","contentUrl":"https:\/\/marktxxl.de\/markt\/wp-content\/uploads\/sites\/3\/2020\/12\/logo.png","width":200,"height":70,"caption":"Markt-XXL"},"image":{"@id":"https:\/\/marktxxl.de\/markt\/#\/schema\/logo\/image\/"}}]}},"_links":{"self":[{"href":"https:\/\/marktxxl.de\/markt\/wp-json\/wp\/v2\/product\/63461","targetHints":{"allow":["GET"]}}],"collection":[{"href":"https:\/\/marktxxl.de\/markt\/wp-json\/wp\/v2\/product"}],"about":[{"href":"https:\/\/marktxxl.de\/markt\/wp-json\/wp\/v2\/types\/product"}],"replies":[{"embeddable":true,"href":"https:\/\/marktxxl.de\/markt\/wp-json\/wp\/v2\/comments?post=63461"}],"wp:featuredmedia":[{"embeddable":true,"href":"https:\/\/marktxxl.de\/markt\/wp-json\/wp\/v2\/media\/63462"}],"wp:attachment":[{"href":"https:\/\/marktxxl.de\/markt\/wp-json\/wp\/v2\/media?parent=63461"}],"wp:term":[{"taxonomy":"product_brand","embeddable":true,"href":"https:\/\/marktxxl.de\/markt\/wp-json\/wp\/v2\/product_brand?post=63461"},{"taxonomy":"product_cat","embeddable":true,"href":"https:\/\/marktxxl.de\/markt\/wp-json\/wp\/v2\/product_cat?post=63461"},{"taxonomy":"product_tag","embeddable":true,"href":"https:\/\/marktxxl.de\/markt\/wp-json\/wp\/v2\/product_tag?post=63461"}],"curies":[{"name":"wp","href":"https:\/\/api.w.org\/{rel}","templated":true}]}}