{"id":63442,"date":"2021-11-11T23:10:15","date_gmt":"2021-11-11T22:10:15","guid":{"rendered":"https:\/\/marktxxl.de\/markt\/produkt\/jumpoff-jo-wasserdichter-bezug-fuer-wickelunterlage-weicher-pluesch-minky-blumenfee\/"},"modified":"2023-04-08T02:02:07","modified_gmt":"2023-04-08T00:02:07","slug":"jumpoff-jo-wasserdichter-bezug-fuer-wickelunterlage-weicher-pluesch-minky-blumenfee","status":"publish","type":"product","link":"https:\/\/marktxxl.de\/markt\/produkt\/jumpoff-jo-wasserdichter-bezug-fuer-wickelunterlage-weicher-pluesch-minky-blumenfee\/","title":{"rendered":"JumpOff Jo Wasserdichter Bezug f\u00fcr Wickelunterlage, weicher Pl\u00fcsch, Minky &#8211; Blumenfee"},"content":{"rendered":"<p>Weicher als ein Baby Po \u2013 dies ist vielleicht das weichste, was Sie jemals ber\u00fchrt haben. Ernsthaft. Der wahnsinnig weiche Minky-Stoff hilft Ihr Baby zu beruhigen, wenn Sie es auf die Wickelauflage legen, um die schmutzige Arbeit zu erledigen.<br \/>\nWasserabweisend \u2013 verr\u00fcckt weich und wasserabweisend? Ja, bitte! Anstatt eine separate wasserdichte Einlage zu ben\u00f6tigen, hat unsere Wickelauflage eine wasserdichte R\u00fcckseite aus TPU, um Ihre Wickelunterlage vor Flecken und anhaltenden Ger\u00fcchen zu sch\u00fctzen, erh\u00f6ht die Lebensdauer und spart Geld.<br \/>\nLeicht zu reinigen \u2013 es gibt kein Wenn und Hintern dar\u00fcber. Warten Sie nein; es wird definitiv Hintern geben. Aber keine Sorgen! Dieser Bezug f\u00fcr Wickelauflagen ist maschinenwaschbar und trocknergeeignet.<br \/>\nSicherer Sitz, Sicherheit, hypoallergen \u2013 dieser 81,3 x 40,6 x 12,7 cm gro\u00dfe Wickelauflage hat ein integriertes Gummiband an allen Seiten, um eine gute Passform auf allen Pads zu gew\u00e4hrleisten. Die Abdeckung hat auf jeder Seite einen Platz f\u00fcr Sicherheitsgurte und Schnallen. Die ungiftige, konturierte Wickelunterlage von JumpOff Jo blockiert h\u00e4ufige Allergene wie Hausstaubmilben, Pollen, Tierschuppen, Pilze, Bettwanzen und Schimmel, wodurch sie ideal f\u00fcr Babys mit Empfindlichkeit ist.<br \/>\nOriginelles Feenbl\u00fcten-Design \u2013 die Wickelzeit wird viel s\u00fc\u00dfer mit diesem originellen floralen Kunst-Design, zarte Feen schweben zwischen weichen Pastellblumenbl\u00fcten.<br \/>\n<div class=\"main-cross-sell\" data-asin=\"B07RQNYZD7\">\n\n\t<div class=\"WooZone-cross-sell-loader\">\n\t\t<div>\n\t\t\t<div id=\"floatingBarsG\">\n\t\t\t\t<div class=\"blockG\" id=\"rotateG_01\"><\/div>\n\t\t\t\t<div class=\"blockG\" id=\"rotateG_02\"><\/div>\n\t\t\t\t<div class=\"blockG\" id=\"rotateG_03\"><\/div>\n\t\t\t\t<div class=\"blockG\" id=\"rotateG_04\"><\/div>\n\t\t\t\t<div class=\"blockG\" id=\"rotateG_05\"><\/div>\n\t\t\t\t<div class=\"blockG\" id=\"rotateG_06\"><\/div>\n\t\t\t\t<div class=\"blockG\" id=\"rotateG_07\"><\/div>\n\t\t\t\t<div class=\"blockG\" id=\"rotateG_08\"><\/div>\n\t\t\t<\/div>\n\t\t\t<div class=\"WooZone-cross-sell-loader-text\"><\/div>\n\t\t<\/div>\n\t<\/div>\n\n\t\t\n<\/div>\n<div style=\"clear:both;\"><\/div><\/p>\n","protected":false},"excerpt":{"rendered":"<p>Weicher als ein Baby Po \u2013 dies ist vielleicht das weichste, was Sie jemals ber\u00fchrt haben. Ernsthaft. Der wahnsinnig weiche Minky-Stoff hilft Ihr Baby zu beruhigen, wenn Sie es auf die Wickelauflage legen, um die schmutzige Arbeit zu erledigen.<br \/>\nWasserabweisend \u2013 verr\u00fcckt weich und wasserabweisend? Ja, bitte! Anstatt eine separate wasserdichte Einlage zu ben\u00f6tigen, hat unsere Wickelauflage eine wasserdichte R\u00fcckseite aus TPU, um Ihre Wickelunterlage vor Flecken und anhaltenden Ger\u00fcchen zu sch\u00fctzen, erh\u00f6ht die Lebensdauer und spart Geld.<br \/>\nLeicht zu reinigen \u2013 es gibt kein Wenn und Hintern dar\u00fcber. Warten Sie nein; es wird definitiv Hintern geben. Aber keine Sorgen! Dieser Bezug f\u00fcr Wickelauflagen ist maschinenwaschbar und trocknergeeignet.<\/p>\n","protected":false},"featured_media":63443,"comment_status":"open","ping_status":"closed","template":"","meta":[],"product_brand":[],"product_cat":[21,9520],"product_tag":[],"class_list":{"0":"post-63442","1":"product","2":"type-product","3":"status-publish","4":"has-post-thumbnail","6":"product_cat-baby","7":"product_cat-wickeln-baby","8":"pa_binding-babyartikel","9":"pa_brand-jumpoff-jo","10":"pa_manufacturer-jumpoff-jo","11":"pa_weight-0-45-pfund","13":"first","14":"instock","15":"shipping-taxable","16":"purchasable","17":"product-type-simple","18":"customify-col","19":"product-has-gallery"},"yoast_head":"<!-- This site is optimized with the Yoast SEO plugin v27.4 - https:\/\/yoast.com\/product\/yoast-seo-wordpress\/ -->\n<title>JumpOff Jo Wasserdichter Bezug f\u00fcr Wickelunterlage, weicher Pl\u00fcsch, Minky - Blumenfee - Markt-XXL<\/title>\n<meta name=\"description\" content=\"Markt-XXL JumpOff Jo Wasserdichter Bezug f\u00fcr Wickelunterlage, weicher Pl\u00fcsch, Minky - Blumenfee\" \/>\n<meta name=\"robots\" content=\"index, follow, max-snippet:-1, max-image-preview:large, max-video-preview:-1\" \/>\n<link rel=\"canonical\" href=\"https:\/\/marktxxl.de\/markt\/produkt\/jumpoff-jo-wasserdichter-bezug-fuer-wickelunterlage-weicher-pluesch-minky-blumenfee\/\" \/>\n<meta property=\"og:locale\" content=\"de_DE\" \/>\n<meta property=\"og:type\" content=\"article\" \/>\n<meta property=\"og:title\" content=\"JumpOff Jo Wasserdichter Bezug f\u00fcr Wickelunterlage, weicher Pl\u00fcsch, Minky - Blumenfee - Markt-XXL\" \/>\n<meta property=\"og:description\" content=\"Markt-XXL JumpOff Jo Wasserdichter Bezug f\u00fcr Wickelunterlage, weicher Pl\u00fcsch, Minky - Blumenfee\" \/>\n<meta property=\"og:url\" content=\"https:\/\/marktxxl.de\/markt\/produkt\/jumpoff-jo-wasserdichter-bezug-fuer-wickelunterlage-weicher-pluesch-minky-blumenfee\/\" \/>\n<meta property=\"og:site_name\" content=\"Markt-XXL\" \/>\n<meta property=\"article:modified_time\" content=\"2023-04-08T00:02:07+00:00\" \/>\n<meta property=\"og:image\" content=\"https:\/\/m.media-amazon.com\/images\/I\/41yCb35yhUL._SL500_.jpg\" \/>\n\t<meta property=\"og:image:width\" content=\"500\" \/>\n\t<meta property=\"og:image:height\" content=\"500\" \/>\n\t<meta property=\"og:image:type\" content=\"image\/jpeg\" \/>\n<meta name=\"twitter:card\" content=\"summary_large_image\" \/>\n<meta name=\"twitter:label1\" content=\"Gesch\u00e4tzte Lesezeit\" \/>\n\t<meta name=\"twitter:data1\" content=\"1\u00a0Minute\" \/>\n<script type=\"application\/ld+json\" class=\"yoast-schema-graph\">{\"@context\":\"https:\\\/\\\/schema.org\",\"@graph\":[{\"@type\":\"WebPage\",\"@id\":\"https:\\\/\\\/marktxxl.de\\\/markt\\\/produkt\\\/jumpoff-jo-wasserdichter-bezug-fuer-wickelunterlage-weicher-pluesch-minky-blumenfee\\\/\",\"url\":\"https:\\\/\\\/marktxxl.de\\\/markt\\\/produkt\\\/jumpoff-jo-wasserdichter-bezug-fuer-wickelunterlage-weicher-pluesch-minky-blumenfee\\\/\",\"name\":\"JumpOff Jo Wasserdichter Bezug f\u00fcr Wickelunterlage, weicher Pl\u00fcsch, Minky - Blumenfee - Markt-XXL\",\"isPartOf\":{\"@id\":\"https:\\\/\\\/marktxxl.de\\\/markt\\\/#website\"},\"primaryImageOfPage\":{\"@id\":\"https:\\\/\\\/marktxxl.de\\\/markt\\\/produkt\\\/jumpoff-jo-wasserdichter-bezug-fuer-wickelunterlage-weicher-pluesch-minky-blumenfee\\\/#primaryimage\"},\"image\":{\"@id\":\"https:\\\/\\\/marktxxl.de\\\/markt\\\/produkt\\\/jumpoff-jo-wasserdichter-bezug-fuer-wickelunterlage-weicher-pluesch-minky-blumenfee\\\/#primaryimage\"},\"thumbnailUrl\":\"https:\\\/\\\/m.media-amazon.com\\\/images\\\/I\\\/41yCb35yhUL._SL500_.jpg\",\"datePublished\":\"2021-11-11T22:10:15+00:00\",\"dateModified\":\"2023-04-08T00:02:07+00:00\",\"description\":\"Markt-XXL JumpOff Jo Wasserdichter Bezug f\u00fcr Wickelunterlage, weicher Pl\u00fcsch, Minky - Blumenfee\",\"breadcrumb\":{\"@id\":\"https:\\\/\\\/marktxxl.de\\\/markt\\\/produkt\\\/jumpoff-jo-wasserdichter-bezug-fuer-wickelunterlage-weicher-pluesch-minky-blumenfee\\\/#breadcrumb\"},\"inLanguage\":\"de\",\"potentialAction\":[{\"@type\":\"ReadAction\",\"target\":[\"https:\\\/\\\/marktxxl.de\\\/markt\\\/produkt\\\/jumpoff-jo-wasserdichter-bezug-fuer-wickelunterlage-weicher-pluesch-minky-blumenfee\\\/\"]}]},{\"@type\":\"ImageObject\",\"inLanguage\":\"de\",\"@id\":\"https:\\\/\\\/marktxxl.de\\\/markt\\\/produkt\\\/jumpoff-jo-wasserdichter-bezug-fuer-wickelunterlage-weicher-pluesch-minky-blumenfee\\\/#primaryimage\",\"url\":\"https:\\\/\\\/m.media-amazon.com\\\/images\\\/I\\\/41yCb35yhUL._SL500_.jpg\",\"contentUrl\":\"https:\\\/\\\/m.media-amazon.com\\\/images\\\/I\\\/41yCb35yhUL._SL500_.jpg\",\"width\":500,\"height\":500},{\"@type\":\"BreadcrumbList\",\"@id\":\"https:\\\/\\\/marktxxl.de\\\/markt\\\/produkt\\\/jumpoff-jo-wasserdichter-bezug-fuer-wickelunterlage-weicher-pluesch-minky-blumenfee\\\/#breadcrumb\",\"itemListElement\":[{\"@type\":\"ListItem\",\"position\":1,\"name\":\"Startseite\",\"item\":\"https:\\\/\\\/marktxxl.de\\\/markt\\\/\"},{\"@type\":\"ListItem\",\"position\":2,\"name\":\"Markt\",\"item\":\"https:\\\/\\\/marktxxl.de\\\/markt\\\/\"},{\"@type\":\"ListItem\",\"position\":3,\"name\":\"JumpOff Jo Wasserdichter Bezug f\u00fcr Wickelunterlage, weicher Pl\u00fcsch, Minky &#8211; Blumenfee\"}]},{\"@type\":\"WebSite\",\"@id\":\"https:\\\/\\\/marktxxl.de\\\/markt\\\/#website\",\"url\":\"https:\\\/\\\/marktxxl.de\\\/markt\\\/\",\"name\":\"Markt-XXL\",\"description\":\"Ihr Markt Online\",\"publisher\":{\"@id\":\"https:\\\/\\\/marktxxl.de\\\/markt\\\/#organization\"},\"potentialAction\":[{\"@type\":\"SearchAction\",\"target\":{\"@type\":\"EntryPoint\",\"urlTemplate\":\"https:\\\/\\\/marktxxl.de\\\/markt\\\/?s={search_term_string}\"},\"query-input\":{\"@type\":\"PropertyValueSpecification\",\"valueRequired\":true,\"valueName\":\"search_term_string\"}}],\"inLanguage\":\"de\"},{\"@type\":\"Organization\",\"@id\":\"https:\\\/\\\/marktxxl.de\\\/markt\\\/#organization\",\"name\":\"Markt-XXL\",\"url\":\"https:\\\/\\\/marktxxl.de\\\/markt\\\/\",\"logo\":{\"@type\":\"ImageObject\",\"inLanguage\":\"de\",\"@id\":\"https:\\\/\\\/marktxxl.de\\\/markt\\\/#\\\/schema\\\/logo\\\/image\\\/\",\"url\":\"https:\\\/\\\/marktxxl.de\\\/markt\\\/wp-content\\\/uploads\\\/sites\\\/3\\\/2020\\\/12\\\/logo.png\",\"contentUrl\":\"https:\\\/\\\/marktxxl.de\\\/markt\\\/wp-content\\\/uploads\\\/sites\\\/3\\\/2020\\\/12\\\/logo.png\",\"width\":200,\"height\":70,\"caption\":\"Markt-XXL\"},\"image\":{\"@id\":\"https:\\\/\\\/marktxxl.de\\\/markt\\\/#\\\/schema\\\/logo\\\/image\\\/\"}}]}<\/script>\n<!-- \/ Yoast SEO plugin. -->","yoast_head_json":{"title":"JumpOff Jo Wasserdichter Bezug f\u00fcr Wickelunterlage, weicher Pl\u00fcsch, Minky - Blumenfee - Markt-XXL","description":"Markt-XXL JumpOff Jo Wasserdichter Bezug f\u00fcr Wickelunterlage, weicher Pl\u00fcsch, Minky - Blumenfee","robots":{"index":"index","follow":"follow","max-snippet":"max-snippet:-1","max-image-preview":"max-image-preview:large","max-video-preview":"max-video-preview:-1"},"canonical":"https:\/\/marktxxl.de\/markt\/produkt\/jumpoff-jo-wasserdichter-bezug-fuer-wickelunterlage-weicher-pluesch-minky-blumenfee\/","og_locale":"de_DE","og_type":"article","og_title":"JumpOff Jo Wasserdichter Bezug f\u00fcr Wickelunterlage, weicher Pl\u00fcsch, Minky - Blumenfee - Markt-XXL","og_description":"Markt-XXL JumpOff Jo Wasserdichter Bezug f\u00fcr Wickelunterlage, weicher Pl\u00fcsch, Minky - Blumenfee","og_url":"https:\/\/marktxxl.de\/markt\/produkt\/jumpoff-jo-wasserdichter-bezug-fuer-wickelunterlage-weicher-pluesch-minky-blumenfee\/","og_site_name":"Markt-XXL","article_modified_time":"2023-04-08T00:02:07+00:00","og_image":[{"width":500,"height":500,"url":"https:\/\/m.media-amazon.com\/images\/I\/41yCb35yhUL._SL500_.jpg","type":"image\/jpeg"}],"twitter_card":"summary_large_image","twitter_misc":{"Gesch\u00e4tzte Lesezeit":"1\u00a0Minute"},"schema":{"@context":"https:\/\/schema.org","@graph":[{"@type":"WebPage","@id":"https:\/\/marktxxl.de\/markt\/produkt\/jumpoff-jo-wasserdichter-bezug-fuer-wickelunterlage-weicher-pluesch-minky-blumenfee\/","url":"https:\/\/marktxxl.de\/markt\/produkt\/jumpoff-jo-wasserdichter-bezug-fuer-wickelunterlage-weicher-pluesch-minky-blumenfee\/","name":"JumpOff Jo Wasserdichter Bezug f\u00fcr Wickelunterlage, weicher Pl\u00fcsch, Minky - Blumenfee - Markt-XXL","isPartOf":{"@id":"https:\/\/marktxxl.de\/markt\/#website"},"primaryImageOfPage":{"@id":"https:\/\/marktxxl.de\/markt\/produkt\/jumpoff-jo-wasserdichter-bezug-fuer-wickelunterlage-weicher-pluesch-minky-blumenfee\/#primaryimage"},"image":{"@id":"https:\/\/marktxxl.de\/markt\/produkt\/jumpoff-jo-wasserdichter-bezug-fuer-wickelunterlage-weicher-pluesch-minky-blumenfee\/#primaryimage"},"thumbnailUrl":"https:\/\/m.media-amazon.com\/images\/I\/41yCb35yhUL._SL500_.jpg","datePublished":"2021-11-11T22:10:15+00:00","dateModified":"2023-04-08T00:02:07+00:00","description":"Markt-XXL JumpOff Jo Wasserdichter Bezug f\u00fcr Wickelunterlage, weicher Pl\u00fcsch, Minky - Blumenfee","breadcrumb":{"@id":"https:\/\/marktxxl.de\/markt\/produkt\/jumpoff-jo-wasserdichter-bezug-fuer-wickelunterlage-weicher-pluesch-minky-blumenfee\/#breadcrumb"},"inLanguage":"de","potentialAction":[{"@type":"ReadAction","target":["https:\/\/marktxxl.de\/markt\/produkt\/jumpoff-jo-wasserdichter-bezug-fuer-wickelunterlage-weicher-pluesch-minky-blumenfee\/"]}]},{"@type":"ImageObject","inLanguage":"de","@id":"https:\/\/marktxxl.de\/markt\/produkt\/jumpoff-jo-wasserdichter-bezug-fuer-wickelunterlage-weicher-pluesch-minky-blumenfee\/#primaryimage","url":"https:\/\/m.media-amazon.com\/images\/I\/41yCb35yhUL._SL500_.jpg","contentUrl":"https:\/\/m.media-amazon.com\/images\/I\/41yCb35yhUL._SL500_.jpg","width":500,"height":500},{"@type":"BreadcrumbList","@id":"https:\/\/marktxxl.de\/markt\/produkt\/jumpoff-jo-wasserdichter-bezug-fuer-wickelunterlage-weicher-pluesch-minky-blumenfee\/#breadcrumb","itemListElement":[{"@type":"ListItem","position":1,"name":"Startseite","item":"https:\/\/marktxxl.de\/markt\/"},{"@type":"ListItem","position":2,"name":"Markt","item":"https:\/\/marktxxl.de\/markt\/"},{"@type":"ListItem","position":3,"name":"JumpOff Jo Wasserdichter Bezug f\u00fcr Wickelunterlage, weicher Pl\u00fcsch, Minky &#8211; Blumenfee"}]},{"@type":"WebSite","@id":"https:\/\/marktxxl.de\/markt\/#website","url":"https:\/\/marktxxl.de\/markt\/","name":"Markt-XXL","description":"Ihr Markt Online","publisher":{"@id":"https:\/\/marktxxl.de\/markt\/#organization"},"potentialAction":[{"@type":"SearchAction","target":{"@type":"EntryPoint","urlTemplate":"https:\/\/marktxxl.de\/markt\/?s={search_term_string}"},"query-input":{"@type":"PropertyValueSpecification","valueRequired":true,"valueName":"search_term_string"}}],"inLanguage":"de"},{"@type":"Organization","@id":"https:\/\/marktxxl.de\/markt\/#organization","name":"Markt-XXL","url":"https:\/\/marktxxl.de\/markt\/","logo":{"@type":"ImageObject","inLanguage":"de","@id":"https:\/\/marktxxl.de\/markt\/#\/schema\/logo\/image\/","url":"https:\/\/marktxxl.de\/markt\/wp-content\/uploads\/sites\/3\/2020\/12\/logo.png","contentUrl":"https:\/\/marktxxl.de\/markt\/wp-content\/uploads\/sites\/3\/2020\/12\/logo.png","width":200,"height":70,"caption":"Markt-XXL"},"image":{"@id":"https:\/\/marktxxl.de\/markt\/#\/schema\/logo\/image\/"}}]}},"_links":{"self":[{"href":"https:\/\/marktxxl.de\/markt\/wp-json\/wp\/v2\/product\/63442","targetHints":{"allow":["GET"]}}],"collection":[{"href":"https:\/\/marktxxl.de\/markt\/wp-json\/wp\/v2\/product"}],"about":[{"href":"https:\/\/marktxxl.de\/markt\/wp-json\/wp\/v2\/types\/product"}],"replies":[{"embeddable":true,"href":"https:\/\/marktxxl.de\/markt\/wp-json\/wp\/v2\/comments?post=63442"}],"wp:featuredmedia":[{"embeddable":true,"href":"https:\/\/marktxxl.de\/markt\/wp-json\/wp\/v2\/media\/63443"}],"wp:attachment":[{"href":"https:\/\/marktxxl.de\/markt\/wp-json\/wp\/v2\/media?parent=63442"}],"wp:term":[{"taxonomy":"product_brand","embeddable":true,"href":"https:\/\/marktxxl.de\/markt\/wp-json\/wp\/v2\/product_brand?post=63442"},{"taxonomy":"product_cat","embeddable":true,"href":"https:\/\/marktxxl.de\/markt\/wp-json\/wp\/v2\/product_cat?post=63442"},{"taxonomy":"product_tag","embeddable":true,"href":"https:\/\/marktxxl.de\/markt\/wp-json\/wp\/v2\/product_tag?post=63442"}],"curies":[{"name":"wp","href":"https:\/\/api.w.org\/{rel}","templated":true}]}}