{"id":63238,"date":"2021-11-11T23:03:22","date_gmt":"2021-11-11T22:03:22","guid":{"rendered":"https:\/\/marktxxl.de\/markt\/produkt\/knipex-elektro-installationszange-1000v-isoliert-200-mm-13-96-200-mehrfarbig\/"},"modified":"2023-04-10T02:21:23","modified_gmt":"2023-04-10T00:21:23","slug":"knipex-elektro-installationszange-1000v-isoliert-200-mm-13-96-200-mehrfarbig","status":"publish","type":"product","link":"https:\/\/marktxxl.de\/markt\/produkt\/knipex-elektro-installationszange-1000v-isoliert-200-mm-13-96-200-mehrfarbig\/","title":{"rendered":"Knipex Elektro-Installationszange verchromt, isoliert mit Mehrkomponenten-H\u00fcllen, VDE-gepr\u00fcft 200 mm 13 96 200"},"content":{"rendered":"<p>6 Funktionen in einer Zange<br \/>\nMultifunktionszange f\u00fcr die Elektroinstallation; zum Greifen von Flach- und Rundmaterial, Biegen, Entgraten, Kabelschneiden, Abisolieren und Crimpen von Aderendh\u00fclsen<br \/>\nGlatte Greiffl\u00e4chen an der Spitze f\u00fcr ein besch\u00e4digungsfreies Greifen von Einzeladern; profilierte Greiffl\u00e4chen und Brennerloch zum Greifen von Flach- und Rundmaterial<br \/>\nMarkante Au\u00dfenkante an den Greiffl\u00e4chen zum Bearbeiten von Unterputzdosen und Entgraten von Durchf\u00fchrungsl\u00f6chern<br \/>\nAbisolierl\u00f6cher f\u00fcr Leiter 0,75 &#8211; 1,5 mm\u00b2 und 2,5 mm\u00b2<br \/>\n<div class=\"main-cross-sell\" data-asin=\"B007AKGEY4\">\n\n\t<div class=\"WooZone-cross-sell-loader\">\n\t\t<div>\n\t\t\t<div id=\"floatingBarsG\">\n\t\t\t\t<div class=\"blockG\" id=\"rotateG_01\"><\/div>\n\t\t\t\t<div class=\"blockG\" id=\"rotateG_02\"><\/div>\n\t\t\t\t<div class=\"blockG\" id=\"rotateG_03\"><\/div>\n\t\t\t\t<div class=\"blockG\" id=\"rotateG_04\"><\/div>\n\t\t\t\t<div class=\"blockG\" id=\"rotateG_05\"><\/div>\n\t\t\t\t<div class=\"blockG\" id=\"rotateG_06\"><\/div>\n\t\t\t\t<div class=\"blockG\" id=\"rotateG_07\"><\/div>\n\t\t\t\t<div class=\"blockG\" id=\"rotateG_08\"><\/div>\n\t\t\t<\/div>\n\t\t\t<div class=\"WooZone-cross-sell-loader-text\"><\/div>\n\t\t<\/div>\n\t<\/div>\n\n\t\t\n<\/div>\n<div style=\"clear:both;\"><\/div><\/p>\n","protected":false},"excerpt":{"rendered":"<p>6 Funktionen in einer Zange<br \/>\nMultifunktionszange f\u00fcr die Elektroinstallation; zum Greifen von Flach- und Rundmaterial, Biegen, Entgraten, Kabelschneiden, Abisolieren und Crimpen von Aderendh\u00fclsen<br \/>\nGlatte Greiffl\u00e4chen an der Spitze f\u00fcr ein besch\u00e4digungsfreies Greifen von Einzeladern; profilierte Greiffl\u00e4chen und Brennerloch zum Greifen von Flach- und Rundmaterial<\/p>\n","protected":false},"featured_media":63239,"comment_status":"open","ping_status":"closed","template":"","meta":[],"product_brand":[],"product_cat":[1983],"product_tag":[],"class_list":{"0":"post-63238","1":"product","2":"type-product","3":"status-publish","4":"has-post-thumbnail","6":"product_cat-baumarkt","7":"pa_binding-werkzeug","8":"pa_brand-knipex","9":"pa_brand-thames-hudson","10":"pa_height-0-79-zoll","11":"pa_length-10-04-zoll","12":"pa_manufacturer-knipex-werk-c-gustav-putsch-kg","13":"pa_model-13-96-200","14":"pa_size-200-mm","15":"pa_weight-0-6172943336-pfund","16":"pa_width-3-35-zoll","18":"first","19":"instock","20":"shipping-taxable","21":"purchasable","22":"product-type-simple","23":"customify-col","24":"product-has-gallery"},"yoast_head":"<!-- This site is optimized with the Yoast SEO plugin v27.3 - https:\/\/yoast.com\/product\/yoast-seo-wordpress\/ -->\n<title>Knipex Elektro-Installationszange verchromt, isoliert mit Mehrkomponenten-H\u00fcllen, VDE-gepr\u00fcft 200 mm 13 96 200 - Markt-XXL<\/title>\n<meta name=\"description\" content=\"Markt-XXL Knipex Elektro-Installationszange verchromt, isoliert mit Mehrkomponenten-H\u00fcllen, VDE-gepr\u00fcft 200 mm 13 96 200\" \/>\n<meta name=\"robots\" content=\"index, follow, max-snippet:-1, max-image-preview:large, max-video-preview:-1\" \/>\n<link rel=\"canonical\" href=\"https:\/\/marktxxl.de\/markt\/produkt\/knipex-elektro-installationszange-1000v-isoliert-200-mm-13-96-200-mehrfarbig\/\" \/>\n<meta property=\"og:locale\" content=\"de_DE\" \/>\n<meta property=\"og:type\" content=\"article\" \/>\n<meta property=\"og:title\" content=\"Knipex Elektro-Installationszange verchromt, isoliert mit Mehrkomponenten-H\u00fcllen, VDE-gepr\u00fcft 200 mm 13 96 200 - Markt-XXL\" \/>\n<meta property=\"og:description\" content=\"Markt-XXL Knipex Elektro-Installationszange verchromt, isoliert mit Mehrkomponenten-H\u00fcllen, VDE-gepr\u00fcft 200 mm 13 96 200\" \/>\n<meta property=\"og:url\" content=\"https:\/\/marktxxl.de\/markt\/produkt\/knipex-elektro-installationszange-1000v-isoliert-200-mm-13-96-200-mehrfarbig\/\" \/>\n<meta property=\"og:site_name\" content=\"Markt-XXL\" \/>\n<meta property=\"article:modified_time\" content=\"2023-04-10T00:21:23+00:00\" \/>\n<meta property=\"og:image\" content=\"https:\/\/m.media-amazon.com\/images\/I\/41pCymJLOAL._SL500_.jpg\" \/>\n\t<meta property=\"og:image:width\" content=\"500\" \/>\n\t<meta property=\"og:image:height\" content=\"500\" \/>\n\t<meta property=\"og:image:type\" content=\"image\/jpeg\" \/>\n<meta name=\"twitter:card\" content=\"summary_large_image\" \/>\n<script type=\"application\/ld+json\" class=\"yoast-schema-graph\">{\"@context\":\"https:\\\/\\\/schema.org\",\"@graph\":[{\"@type\":\"WebPage\",\"@id\":\"https:\\\/\\\/marktxxl.de\\\/markt\\\/produkt\\\/knipex-elektro-installationszange-1000v-isoliert-200-mm-13-96-200-mehrfarbig\\\/\",\"url\":\"https:\\\/\\\/marktxxl.de\\\/markt\\\/produkt\\\/knipex-elektro-installationszange-1000v-isoliert-200-mm-13-96-200-mehrfarbig\\\/\",\"name\":\"Knipex Elektro-Installationszange verchromt, isoliert mit Mehrkomponenten-H\u00fcllen, VDE-gepr\u00fcft 200 mm 13 96 200 - Markt-XXL\",\"isPartOf\":{\"@id\":\"https:\\\/\\\/marktxxl.de\\\/markt\\\/#website\"},\"primaryImageOfPage\":{\"@id\":\"https:\\\/\\\/marktxxl.de\\\/markt\\\/produkt\\\/knipex-elektro-installationszange-1000v-isoliert-200-mm-13-96-200-mehrfarbig\\\/#primaryimage\"},\"image\":{\"@id\":\"https:\\\/\\\/marktxxl.de\\\/markt\\\/produkt\\\/knipex-elektro-installationszange-1000v-isoliert-200-mm-13-96-200-mehrfarbig\\\/#primaryimage\"},\"thumbnailUrl\":\"https:\\\/\\\/m.media-amazon.com\\\/images\\\/I\\\/41pCymJLOAL._SL500_.jpg\",\"datePublished\":\"2021-11-11T22:03:22+00:00\",\"dateModified\":\"2023-04-10T00:21:23+00:00\",\"description\":\"Markt-XXL Knipex Elektro-Installationszange verchromt, isoliert mit Mehrkomponenten-H\u00fcllen, VDE-gepr\u00fcft 200 mm 13 96 200\",\"breadcrumb\":{\"@id\":\"https:\\\/\\\/marktxxl.de\\\/markt\\\/produkt\\\/knipex-elektro-installationszange-1000v-isoliert-200-mm-13-96-200-mehrfarbig\\\/#breadcrumb\"},\"inLanguage\":\"de\",\"potentialAction\":[{\"@type\":\"ReadAction\",\"target\":[\"https:\\\/\\\/marktxxl.de\\\/markt\\\/produkt\\\/knipex-elektro-installationszange-1000v-isoliert-200-mm-13-96-200-mehrfarbig\\\/\"]}]},{\"@type\":\"ImageObject\",\"inLanguage\":\"de\",\"@id\":\"https:\\\/\\\/marktxxl.de\\\/markt\\\/produkt\\\/knipex-elektro-installationszange-1000v-isoliert-200-mm-13-96-200-mehrfarbig\\\/#primaryimage\",\"url\":\"https:\\\/\\\/m.media-amazon.com\\\/images\\\/I\\\/41pCymJLOAL._SL500_.jpg\",\"contentUrl\":\"https:\\\/\\\/m.media-amazon.com\\\/images\\\/I\\\/41pCymJLOAL._SL500_.jpg\",\"width\":500,\"height\":500},{\"@type\":\"BreadcrumbList\",\"@id\":\"https:\\\/\\\/marktxxl.de\\\/markt\\\/produkt\\\/knipex-elektro-installationszange-1000v-isoliert-200-mm-13-96-200-mehrfarbig\\\/#breadcrumb\",\"itemListElement\":[{\"@type\":\"ListItem\",\"position\":1,\"name\":\"Startseite\",\"item\":\"https:\\\/\\\/marktxxl.de\\\/markt\\\/\"},{\"@type\":\"ListItem\",\"position\":2,\"name\":\"Markt\",\"item\":\"https:\\\/\\\/marktxxl.de\\\/markt\\\/\"},{\"@type\":\"ListItem\",\"position\":3,\"name\":\"Knipex Elektro-Installationszange verchromt, isoliert mit Mehrkomponenten-H\u00fcllen, VDE-gepr\u00fcft 200 mm 13 96 200\"}]},{\"@type\":\"WebSite\",\"@id\":\"https:\\\/\\\/marktxxl.de\\\/markt\\\/#website\",\"url\":\"https:\\\/\\\/marktxxl.de\\\/markt\\\/\",\"name\":\"Markt-XXL\",\"description\":\"Ihr Markt Online\",\"publisher\":{\"@id\":\"https:\\\/\\\/marktxxl.de\\\/markt\\\/#organization\"},\"potentialAction\":[{\"@type\":\"SearchAction\",\"target\":{\"@type\":\"EntryPoint\",\"urlTemplate\":\"https:\\\/\\\/marktxxl.de\\\/markt\\\/?s={search_term_string}\"},\"query-input\":{\"@type\":\"PropertyValueSpecification\",\"valueRequired\":true,\"valueName\":\"search_term_string\"}}],\"inLanguage\":\"de\"},{\"@type\":\"Organization\",\"@id\":\"https:\\\/\\\/marktxxl.de\\\/markt\\\/#organization\",\"name\":\"Markt-XXL\",\"url\":\"https:\\\/\\\/marktxxl.de\\\/markt\\\/\",\"logo\":{\"@type\":\"ImageObject\",\"inLanguage\":\"de\",\"@id\":\"https:\\\/\\\/marktxxl.de\\\/markt\\\/#\\\/schema\\\/logo\\\/image\\\/\",\"url\":\"https:\\\/\\\/marktxxl.de\\\/markt\\\/wp-content\\\/uploads\\\/sites\\\/3\\\/2020\\\/12\\\/logo.png\",\"contentUrl\":\"https:\\\/\\\/marktxxl.de\\\/markt\\\/wp-content\\\/uploads\\\/sites\\\/3\\\/2020\\\/12\\\/logo.png\",\"width\":200,\"height\":70,\"caption\":\"Markt-XXL\"},\"image\":{\"@id\":\"https:\\\/\\\/marktxxl.de\\\/markt\\\/#\\\/schema\\\/logo\\\/image\\\/\"}}]}<\/script>\n<!-- \/ Yoast SEO plugin. -->","yoast_head_json":{"title":"Knipex Elektro-Installationszange verchromt, isoliert mit Mehrkomponenten-H\u00fcllen, VDE-gepr\u00fcft 200 mm 13 96 200 - Markt-XXL","description":"Markt-XXL Knipex Elektro-Installationszange verchromt, isoliert mit Mehrkomponenten-H\u00fcllen, VDE-gepr\u00fcft 200 mm 13 96 200","robots":{"index":"index","follow":"follow","max-snippet":"max-snippet:-1","max-image-preview":"max-image-preview:large","max-video-preview":"max-video-preview:-1"},"canonical":"https:\/\/marktxxl.de\/markt\/produkt\/knipex-elektro-installationszange-1000v-isoliert-200-mm-13-96-200-mehrfarbig\/","og_locale":"de_DE","og_type":"article","og_title":"Knipex Elektro-Installationszange verchromt, isoliert mit Mehrkomponenten-H\u00fcllen, VDE-gepr\u00fcft 200 mm 13 96 200 - Markt-XXL","og_description":"Markt-XXL Knipex Elektro-Installationszange verchromt, isoliert mit Mehrkomponenten-H\u00fcllen, VDE-gepr\u00fcft 200 mm 13 96 200","og_url":"https:\/\/marktxxl.de\/markt\/produkt\/knipex-elektro-installationszange-1000v-isoliert-200-mm-13-96-200-mehrfarbig\/","og_site_name":"Markt-XXL","article_modified_time":"2023-04-10T00:21:23+00:00","og_image":[{"width":500,"height":500,"url":"https:\/\/m.media-amazon.com\/images\/I\/41pCymJLOAL._SL500_.jpg","type":"image\/jpeg"}],"twitter_card":"summary_large_image","schema":{"@context":"https:\/\/schema.org","@graph":[{"@type":"WebPage","@id":"https:\/\/marktxxl.de\/markt\/produkt\/knipex-elektro-installationszange-1000v-isoliert-200-mm-13-96-200-mehrfarbig\/","url":"https:\/\/marktxxl.de\/markt\/produkt\/knipex-elektro-installationszange-1000v-isoliert-200-mm-13-96-200-mehrfarbig\/","name":"Knipex Elektro-Installationszange verchromt, isoliert mit Mehrkomponenten-H\u00fcllen, VDE-gepr\u00fcft 200 mm 13 96 200 - Markt-XXL","isPartOf":{"@id":"https:\/\/marktxxl.de\/markt\/#website"},"primaryImageOfPage":{"@id":"https:\/\/marktxxl.de\/markt\/produkt\/knipex-elektro-installationszange-1000v-isoliert-200-mm-13-96-200-mehrfarbig\/#primaryimage"},"image":{"@id":"https:\/\/marktxxl.de\/markt\/produkt\/knipex-elektro-installationszange-1000v-isoliert-200-mm-13-96-200-mehrfarbig\/#primaryimage"},"thumbnailUrl":"https:\/\/m.media-amazon.com\/images\/I\/41pCymJLOAL._SL500_.jpg","datePublished":"2021-11-11T22:03:22+00:00","dateModified":"2023-04-10T00:21:23+00:00","description":"Markt-XXL Knipex Elektro-Installationszange verchromt, isoliert mit Mehrkomponenten-H\u00fcllen, VDE-gepr\u00fcft 200 mm 13 96 200","breadcrumb":{"@id":"https:\/\/marktxxl.de\/markt\/produkt\/knipex-elektro-installationszange-1000v-isoliert-200-mm-13-96-200-mehrfarbig\/#breadcrumb"},"inLanguage":"de","potentialAction":[{"@type":"ReadAction","target":["https:\/\/marktxxl.de\/markt\/produkt\/knipex-elektro-installationszange-1000v-isoliert-200-mm-13-96-200-mehrfarbig\/"]}]},{"@type":"ImageObject","inLanguage":"de","@id":"https:\/\/marktxxl.de\/markt\/produkt\/knipex-elektro-installationszange-1000v-isoliert-200-mm-13-96-200-mehrfarbig\/#primaryimage","url":"https:\/\/m.media-amazon.com\/images\/I\/41pCymJLOAL._SL500_.jpg","contentUrl":"https:\/\/m.media-amazon.com\/images\/I\/41pCymJLOAL._SL500_.jpg","width":500,"height":500},{"@type":"BreadcrumbList","@id":"https:\/\/marktxxl.de\/markt\/produkt\/knipex-elektro-installationszange-1000v-isoliert-200-mm-13-96-200-mehrfarbig\/#breadcrumb","itemListElement":[{"@type":"ListItem","position":1,"name":"Startseite","item":"https:\/\/marktxxl.de\/markt\/"},{"@type":"ListItem","position":2,"name":"Markt","item":"https:\/\/marktxxl.de\/markt\/"},{"@type":"ListItem","position":3,"name":"Knipex Elektro-Installationszange verchromt, isoliert mit Mehrkomponenten-H\u00fcllen, VDE-gepr\u00fcft 200 mm 13 96 200"}]},{"@type":"WebSite","@id":"https:\/\/marktxxl.de\/markt\/#website","url":"https:\/\/marktxxl.de\/markt\/","name":"Markt-XXL","description":"Ihr Markt Online","publisher":{"@id":"https:\/\/marktxxl.de\/markt\/#organization"},"potentialAction":[{"@type":"SearchAction","target":{"@type":"EntryPoint","urlTemplate":"https:\/\/marktxxl.de\/markt\/?s={search_term_string}"},"query-input":{"@type":"PropertyValueSpecification","valueRequired":true,"valueName":"search_term_string"}}],"inLanguage":"de"},{"@type":"Organization","@id":"https:\/\/marktxxl.de\/markt\/#organization","name":"Markt-XXL","url":"https:\/\/marktxxl.de\/markt\/","logo":{"@type":"ImageObject","inLanguage":"de","@id":"https:\/\/marktxxl.de\/markt\/#\/schema\/logo\/image\/","url":"https:\/\/marktxxl.de\/markt\/wp-content\/uploads\/sites\/3\/2020\/12\/logo.png","contentUrl":"https:\/\/marktxxl.de\/markt\/wp-content\/uploads\/sites\/3\/2020\/12\/logo.png","width":200,"height":70,"caption":"Markt-XXL"},"image":{"@id":"https:\/\/marktxxl.de\/markt\/#\/schema\/logo\/image\/"}}]}},"_links":{"self":[{"href":"https:\/\/marktxxl.de\/markt\/wp-json\/wp\/v2\/product\/63238","targetHints":{"allow":["GET"]}}],"collection":[{"href":"https:\/\/marktxxl.de\/markt\/wp-json\/wp\/v2\/product"}],"about":[{"href":"https:\/\/marktxxl.de\/markt\/wp-json\/wp\/v2\/types\/product"}],"replies":[{"embeddable":true,"href":"https:\/\/marktxxl.de\/markt\/wp-json\/wp\/v2\/comments?post=63238"}],"wp:featuredmedia":[{"embeddable":true,"href":"https:\/\/marktxxl.de\/markt\/wp-json\/wp\/v2\/media\/63239"}],"wp:attachment":[{"href":"https:\/\/marktxxl.de\/markt\/wp-json\/wp\/v2\/media?parent=63238"}],"wp:term":[{"taxonomy":"product_brand","embeddable":true,"href":"https:\/\/marktxxl.de\/markt\/wp-json\/wp\/v2\/product_brand?post=63238"},{"taxonomy":"product_cat","embeddable":true,"href":"https:\/\/marktxxl.de\/markt\/wp-json\/wp\/v2\/product_cat?post=63238"},{"taxonomy":"product_tag","embeddable":true,"href":"https:\/\/marktxxl.de\/markt\/wp-json\/wp\/v2\/product_tag?post=63238"}],"curies":[{"name":"wp","href":"https:\/\/api.w.org\/{rel}","templated":true}]}}