{"id":63128,"date":"2021-11-11T22:54:43","date_gmt":"2021-11-11T21:54:43","guid":{"rendered":"https:\/\/marktxxl.de\/markt\/produkt\/toolik-baby-diaper-changing-pad-portable-and-foldable-large-waterproof-mat-black-with-3d-cube\/"},"modified":"2023-04-10T02:21:22","modified_gmt":"2023-04-10T00:21:22","slug":"toolik-baby-diaper-changing-pad-portable-and-foldable-large-waterproof-mat-black-with-3d-cube","status":"publish","type":"product","link":"https:\/\/marktxxl.de\/markt\/produkt\/toolik-baby-diaper-changing-pad-portable-and-foldable-large-waterproof-mat-black-with-3d-cube\/","title":{"rendered":"Toolik Baby Diaper Changing Pad, Portable and Foldable Large Waterproof Mat, Black with 3D Cube"},"content":{"rendered":"<p>Wickelset f\u00fcr unterwegs \u2013 diese tragbare Reise-Wickelunterlage ist aus hochwertigen Materialien gefertigt und bietet Komfort und Freude f\u00fcr Ihr Baby. Es ist weich, langlebig und wasserdicht.<br \/>\nKompakt und ger\u00e4umig: Perfekte Gr\u00f6\u00dfe f\u00fcr den Wickeltisch im ge\u00f6ffneten Zustand und f\u00fcr eine Wickeltasche, wenn gefaltet, kompakt in der Gr\u00f6\u00dfe (geschlossen L 27,5 x B 7 x H 0,2 cm), aber ger\u00e4umig (ge\u00f6ffnet L 27,5 x B 19,7 x H 0,5 cm). Es ist gro\u00df genug, um es zu verwenden, bis Ihr Kleinkind zum T\u00f6pfchen trainiert ist. Es ist perfekt f\u00fcr den t\u00e4glichen Gebrauch auf dem Weg zum Kinderspielplatz, im praktischen Laden oder bei Besuch von Freunden und Familie.<br \/>\nLeicht zu reinigen \u2013 Hergestellt aus wasserdichten und PVC-freien Materialien, sch\u00fctzt die Wickelunterlage Ihr Baby vor schmutzigen Oberfl\u00e4chen und kann leicht gereinigt werden.<br \/>\nFit &amp; Pull + Spezieller Bonus \u2013 Diese Wickelunterlage passt auf jede Windel oder Mama Tasche und wird mit einer Schlaufe f\u00fcr einfaches Herausnehmen geliefert. Besonderer Bonus: ein gedrucktes Lineal, um das Wachstum Ihres Babys zu \u00fcberwachen.<br \/>\nTolles Geschenk f\u00fcr junge Eltern \u2013 ein n\u00fctzliches und stilvolles Baby- und Registrierungsgeschenk f\u00fcr den t\u00e4glichen Gebrauch, das junge Eltern nie vergessen werden, sich zu bedanken<br \/>\n<div class=\"main-cross-sell\" data-asin=\"B07GWYGQ4Z\">\n\n\t<div class=\"WooZone-cross-sell-loader\">\n\t\t<div>\n\t\t\t<div id=\"floatingBarsG\">\n\t\t\t\t<div class=\"blockG\" id=\"rotateG_01\"><\/div>\n\t\t\t\t<div class=\"blockG\" id=\"rotateG_02\"><\/div>\n\t\t\t\t<div class=\"blockG\" id=\"rotateG_03\"><\/div>\n\t\t\t\t<div class=\"blockG\" id=\"rotateG_04\"><\/div>\n\t\t\t\t<div class=\"blockG\" id=\"rotateG_05\"><\/div>\n\t\t\t\t<div class=\"blockG\" id=\"rotateG_06\"><\/div>\n\t\t\t\t<div class=\"blockG\" id=\"rotateG_07\"><\/div>\n\t\t\t\t<div class=\"blockG\" id=\"rotateG_08\"><\/div>\n\t\t\t<\/div>\n\t\t\t<div class=\"WooZone-cross-sell-loader-text\"><\/div>\n\t\t<\/div>\n\t<\/div>\n\n\t\t\n<\/div>\n<div style=\"clear:both;\"><\/div><\/p>\n","protected":false},"excerpt":{"rendered":"<p>Wickelset f\u00fcr unterwegs \u2013 diese tragbare Reise-Wickelunterlage ist aus hochwertigen Materialien gefertigt und bietet Komfort und Freude f\u00fcr Ihr Baby. Es ist weich, langlebig und wasserdicht.<br \/>\nKompakt und ger\u00e4umig: Perfekte Gr\u00f6\u00dfe f\u00fcr den Wickeltisch im ge\u00f6ffneten Zustand und f\u00fcr eine Wickeltasche, wenn gefaltet, kompakt in der Gr\u00f6\u00dfe (geschlossen L 27,5 x B 7 x H 0,2 cm), aber ger\u00e4umig (ge\u00f6ffnet L 27,5 x B 19,7 x H 0,5 cm). Es ist gro\u00df genug, um es zu verwenden, bis Ihr Kleinkind zum T\u00f6pfchen trainiert ist. Es ist perfekt f\u00fcr den t\u00e4glichen Gebrauch auf dem Weg zum Kinderspielplatz, im praktischen Laden oder bei Besuch von Freunden und Familie.<br \/>\nLeicht zu reinigen \u2013 Hergestellt aus wasserdichten und PVC-freien Materialien, sch\u00fctzt die Wickelunterlage Ihr Baby vor schmutzigen Oberfl\u00e4chen und kann leicht gereinigt werden.<\/p>\n","protected":false},"featured_media":63129,"comment_status":"open","ping_status":"closed","template":"","meta":[],"product_brand":[],"product_cat":[21,9520],"product_tag":[],"class_list":{"0":"post-63128","1":"product","2":"type-product","3":"status-publish","4":"has-post-thumbnail","6":"product_cat-baby","7":"product_cat-wickeln-baby","8":"pa_binding-babyartikel","9":"pa_brand-toolik-parenting-made-eas","10":"pa_color-xx3","11":"pa_manufacturer-toolik-parenting-made-easy","12":"pa_size-xx3","14":"first","15":"instock","16":"shipping-taxable","17":"purchasable","18":"product-type-simple","19":"customify-col","20":"product-has-gallery"},"yoast_head":"<!-- This site is optimized with the Yoast SEO plugin v27.4 - https:\/\/yoast.com\/product\/yoast-seo-wordpress\/ -->\n<title>Toolik Baby Diaper Changing Pad, Portable and Foldable Large Waterproof Mat, Black with 3D Cube - Markt-XXL<\/title>\n<meta name=\"description\" content=\"Markt-XXL Toolik Baby Diaper Changing Pad, Portable and Foldable Large Waterproof Mat, Black with 3D Cube\" \/>\n<meta name=\"robots\" content=\"index, follow, max-snippet:-1, max-image-preview:large, max-video-preview:-1\" \/>\n<link rel=\"canonical\" href=\"https:\/\/marktxxl.de\/markt\/produkt\/toolik-baby-diaper-changing-pad-portable-and-foldable-large-waterproof-mat-black-with-3d-cube\/\" \/>\n<meta property=\"og:locale\" content=\"de_DE\" \/>\n<meta property=\"og:type\" content=\"article\" \/>\n<meta property=\"og:title\" content=\"Toolik Baby Diaper Changing Pad, Portable and Foldable Large Waterproof Mat, Black with 3D Cube - Markt-XXL\" \/>\n<meta property=\"og:description\" content=\"Markt-XXL Toolik Baby Diaper Changing Pad, Portable and Foldable Large Waterproof Mat, Black with 3D Cube\" \/>\n<meta property=\"og:url\" content=\"https:\/\/marktxxl.de\/markt\/produkt\/toolik-baby-diaper-changing-pad-portable-and-foldable-large-waterproof-mat-black-with-3d-cube\/\" \/>\n<meta property=\"og:site_name\" content=\"Markt-XXL\" \/>\n<meta property=\"article:modified_time\" content=\"2023-04-10T00:21:22+00:00\" \/>\n<meta property=\"og:image\" content=\"https:\/\/m.media-amazon.com\/images\/I\/41QQdqtudPL._SL500_.jpg\" \/>\n\t<meta property=\"og:image:width\" content=\"500\" \/>\n\t<meta property=\"og:image:height\" content=\"500\" \/>\n\t<meta property=\"og:image:type\" content=\"image\/jpeg\" \/>\n<meta name=\"twitter:card\" content=\"summary_large_image\" \/>\n<meta name=\"twitter:label1\" content=\"Gesch\u00e4tzte Lesezeit\" \/>\n\t<meta name=\"twitter:data1\" content=\"1\u00a0Minute\" \/>\n<script type=\"application\/ld+json\" class=\"yoast-schema-graph\">{\"@context\":\"https:\\\/\\\/schema.org\",\"@graph\":[{\"@type\":\"WebPage\",\"@id\":\"https:\\\/\\\/marktxxl.de\\\/markt\\\/produkt\\\/toolik-baby-diaper-changing-pad-portable-and-foldable-large-waterproof-mat-black-with-3d-cube\\\/\",\"url\":\"https:\\\/\\\/marktxxl.de\\\/markt\\\/produkt\\\/toolik-baby-diaper-changing-pad-portable-and-foldable-large-waterproof-mat-black-with-3d-cube\\\/\",\"name\":\"Toolik Baby Diaper Changing Pad, Portable and Foldable Large Waterproof Mat, Black with 3D Cube - Markt-XXL\",\"isPartOf\":{\"@id\":\"https:\\\/\\\/marktxxl.de\\\/markt\\\/#website\"},\"primaryImageOfPage\":{\"@id\":\"https:\\\/\\\/marktxxl.de\\\/markt\\\/produkt\\\/toolik-baby-diaper-changing-pad-portable-and-foldable-large-waterproof-mat-black-with-3d-cube\\\/#primaryimage\"},\"image\":{\"@id\":\"https:\\\/\\\/marktxxl.de\\\/markt\\\/produkt\\\/toolik-baby-diaper-changing-pad-portable-and-foldable-large-waterproof-mat-black-with-3d-cube\\\/#primaryimage\"},\"thumbnailUrl\":\"https:\\\/\\\/m.media-amazon.com\\\/images\\\/I\\\/41QQdqtudPL._SL500_.jpg\",\"datePublished\":\"2021-11-11T21:54:43+00:00\",\"dateModified\":\"2023-04-10T00:21:22+00:00\",\"description\":\"Markt-XXL Toolik Baby Diaper Changing Pad, Portable and Foldable Large Waterproof Mat, Black with 3D Cube\",\"breadcrumb\":{\"@id\":\"https:\\\/\\\/marktxxl.de\\\/markt\\\/produkt\\\/toolik-baby-diaper-changing-pad-portable-and-foldable-large-waterproof-mat-black-with-3d-cube\\\/#breadcrumb\"},\"inLanguage\":\"de\",\"potentialAction\":[{\"@type\":\"ReadAction\",\"target\":[\"https:\\\/\\\/marktxxl.de\\\/markt\\\/produkt\\\/toolik-baby-diaper-changing-pad-portable-and-foldable-large-waterproof-mat-black-with-3d-cube\\\/\"]}]},{\"@type\":\"ImageObject\",\"inLanguage\":\"de\",\"@id\":\"https:\\\/\\\/marktxxl.de\\\/markt\\\/produkt\\\/toolik-baby-diaper-changing-pad-portable-and-foldable-large-waterproof-mat-black-with-3d-cube\\\/#primaryimage\",\"url\":\"https:\\\/\\\/m.media-amazon.com\\\/images\\\/I\\\/41QQdqtudPL._SL500_.jpg\",\"contentUrl\":\"https:\\\/\\\/m.media-amazon.com\\\/images\\\/I\\\/41QQdqtudPL._SL500_.jpg\",\"width\":500,\"height\":500},{\"@type\":\"BreadcrumbList\",\"@id\":\"https:\\\/\\\/marktxxl.de\\\/markt\\\/produkt\\\/toolik-baby-diaper-changing-pad-portable-and-foldable-large-waterproof-mat-black-with-3d-cube\\\/#breadcrumb\",\"itemListElement\":[{\"@type\":\"ListItem\",\"position\":1,\"name\":\"Startseite\",\"item\":\"https:\\\/\\\/marktxxl.de\\\/markt\\\/\"},{\"@type\":\"ListItem\",\"position\":2,\"name\":\"Markt\",\"item\":\"https:\\\/\\\/marktxxl.de\\\/markt\\\/\"},{\"@type\":\"ListItem\",\"position\":3,\"name\":\"Toolik Baby Diaper Changing Pad, Portable and Foldable Large Waterproof Mat, Black with 3D Cube\"}]},{\"@type\":\"WebSite\",\"@id\":\"https:\\\/\\\/marktxxl.de\\\/markt\\\/#website\",\"url\":\"https:\\\/\\\/marktxxl.de\\\/markt\\\/\",\"name\":\"Markt-XXL\",\"description\":\"Ihr Markt Online\",\"publisher\":{\"@id\":\"https:\\\/\\\/marktxxl.de\\\/markt\\\/#organization\"},\"potentialAction\":[{\"@type\":\"SearchAction\",\"target\":{\"@type\":\"EntryPoint\",\"urlTemplate\":\"https:\\\/\\\/marktxxl.de\\\/markt\\\/?s={search_term_string}\"},\"query-input\":{\"@type\":\"PropertyValueSpecification\",\"valueRequired\":true,\"valueName\":\"search_term_string\"}}],\"inLanguage\":\"de\"},{\"@type\":\"Organization\",\"@id\":\"https:\\\/\\\/marktxxl.de\\\/markt\\\/#organization\",\"name\":\"Markt-XXL\",\"url\":\"https:\\\/\\\/marktxxl.de\\\/markt\\\/\",\"logo\":{\"@type\":\"ImageObject\",\"inLanguage\":\"de\",\"@id\":\"https:\\\/\\\/marktxxl.de\\\/markt\\\/#\\\/schema\\\/logo\\\/image\\\/\",\"url\":\"https:\\\/\\\/marktxxl.de\\\/markt\\\/wp-content\\\/uploads\\\/sites\\\/3\\\/2020\\\/12\\\/logo.png\",\"contentUrl\":\"https:\\\/\\\/marktxxl.de\\\/markt\\\/wp-content\\\/uploads\\\/sites\\\/3\\\/2020\\\/12\\\/logo.png\",\"width\":200,\"height\":70,\"caption\":\"Markt-XXL\"},\"image\":{\"@id\":\"https:\\\/\\\/marktxxl.de\\\/markt\\\/#\\\/schema\\\/logo\\\/image\\\/\"}}]}<\/script>\n<!-- \/ Yoast SEO plugin. -->","yoast_head_json":{"title":"Toolik Baby Diaper Changing Pad, Portable and Foldable Large Waterproof Mat, Black with 3D Cube - Markt-XXL","description":"Markt-XXL Toolik Baby Diaper Changing Pad, Portable and Foldable Large Waterproof Mat, Black with 3D Cube","robots":{"index":"index","follow":"follow","max-snippet":"max-snippet:-1","max-image-preview":"max-image-preview:large","max-video-preview":"max-video-preview:-1"},"canonical":"https:\/\/marktxxl.de\/markt\/produkt\/toolik-baby-diaper-changing-pad-portable-and-foldable-large-waterproof-mat-black-with-3d-cube\/","og_locale":"de_DE","og_type":"article","og_title":"Toolik Baby Diaper Changing Pad, Portable and Foldable Large Waterproof Mat, Black with 3D Cube - Markt-XXL","og_description":"Markt-XXL Toolik Baby Diaper Changing Pad, Portable and Foldable Large Waterproof Mat, Black with 3D Cube","og_url":"https:\/\/marktxxl.de\/markt\/produkt\/toolik-baby-diaper-changing-pad-portable-and-foldable-large-waterproof-mat-black-with-3d-cube\/","og_site_name":"Markt-XXL","article_modified_time":"2023-04-10T00:21:22+00:00","og_image":[{"width":500,"height":500,"url":"https:\/\/m.media-amazon.com\/images\/I\/41QQdqtudPL._SL500_.jpg","type":"image\/jpeg"}],"twitter_card":"summary_large_image","twitter_misc":{"Gesch\u00e4tzte Lesezeit":"1\u00a0Minute"},"schema":{"@context":"https:\/\/schema.org","@graph":[{"@type":"WebPage","@id":"https:\/\/marktxxl.de\/markt\/produkt\/toolik-baby-diaper-changing-pad-portable-and-foldable-large-waterproof-mat-black-with-3d-cube\/","url":"https:\/\/marktxxl.de\/markt\/produkt\/toolik-baby-diaper-changing-pad-portable-and-foldable-large-waterproof-mat-black-with-3d-cube\/","name":"Toolik Baby Diaper Changing Pad, Portable and Foldable Large Waterproof Mat, Black with 3D Cube - Markt-XXL","isPartOf":{"@id":"https:\/\/marktxxl.de\/markt\/#website"},"primaryImageOfPage":{"@id":"https:\/\/marktxxl.de\/markt\/produkt\/toolik-baby-diaper-changing-pad-portable-and-foldable-large-waterproof-mat-black-with-3d-cube\/#primaryimage"},"image":{"@id":"https:\/\/marktxxl.de\/markt\/produkt\/toolik-baby-diaper-changing-pad-portable-and-foldable-large-waterproof-mat-black-with-3d-cube\/#primaryimage"},"thumbnailUrl":"https:\/\/m.media-amazon.com\/images\/I\/41QQdqtudPL._SL500_.jpg","datePublished":"2021-11-11T21:54:43+00:00","dateModified":"2023-04-10T00:21:22+00:00","description":"Markt-XXL Toolik Baby Diaper Changing Pad, Portable and Foldable Large Waterproof Mat, Black with 3D Cube","breadcrumb":{"@id":"https:\/\/marktxxl.de\/markt\/produkt\/toolik-baby-diaper-changing-pad-portable-and-foldable-large-waterproof-mat-black-with-3d-cube\/#breadcrumb"},"inLanguage":"de","potentialAction":[{"@type":"ReadAction","target":["https:\/\/marktxxl.de\/markt\/produkt\/toolik-baby-diaper-changing-pad-portable-and-foldable-large-waterproof-mat-black-with-3d-cube\/"]}]},{"@type":"ImageObject","inLanguage":"de","@id":"https:\/\/marktxxl.de\/markt\/produkt\/toolik-baby-diaper-changing-pad-portable-and-foldable-large-waterproof-mat-black-with-3d-cube\/#primaryimage","url":"https:\/\/m.media-amazon.com\/images\/I\/41QQdqtudPL._SL500_.jpg","contentUrl":"https:\/\/m.media-amazon.com\/images\/I\/41QQdqtudPL._SL500_.jpg","width":500,"height":500},{"@type":"BreadcrumbList","@id":"https:\/\/marktxxl.de\/markt\/produkt\/toolik-baby-diaper-changing-pad-portable-and-foldable-large-waterproof-mat-black-with-3d-cube\/#breadcrumb","itemListElement":[{"@type":"ListItem","position":1,"name":"Startseite","item":"https:\/\/marktxxl.de\/markt\/"},{"@type":"ListItem","position":2,"name":"Markt","item":"https:\/\/marktxxl.de\/markt\/"},{"@type":"ListItem","position":3,"name":"Toolik Baby Diaper Changing Pad, Portable and Foldable Large Waterproof Mat, Black with 3D Cube"}]},{"@type":"WebSite","@id":"https:\/\/marktxxl.de\/markt\/#website","url":"https:\/\/marktxxl.de\/markt\/","name":"Markt-XXL","description":"Ihr Markt Online","publisher":{"@id":"https:\/\/marktxxl.de\/markt\/#organization"},"potentialAction":[{"@type":"SearchAction","target":{"@type":"EntryPoint","urlTemplate":"https:\/\/marktxxl.de\/markt\/?s={search_term_string}"},"query-input":{"@type":"PropertyValueSpecification","valueRequired":true,"valueName":"search_term_string"}}],"inLanguage":"de"},{"@type":"Organization","@id":"https:\/\/marktxxl.de\/markt\/#organization","name":"Markt-XXL","url":"https:\/\/marktxxl.de\/markt\/","logo":{"@type":"ImageObject","inLanguage":"de","@id":"https:\/\/marktxxl.de\/markt\/#\/schema\/logo\/image\/","url":"https:\/\/marktxxl.de\/markt\/wp-content\/uploads\/sites\/3\/2020\/12\/logo.png","contentUrl":"https:\/\/marktxxl.de\/markt\/wp-content\/uploads\/sites\/3\/2020\/12\/logo.png","width":200,"height":70,"caption":"Markt-XXL"},"image":{"@id":"https:\/\/marktxxl.de\/markt\/#\/schema\/logo\/image\/"}}]}},"_links":{"self":[{"href":"https:\/\/marktxxl.de\/markt\/wp-json\/wp\/v2\/product\/63128","targetHints":{"allow":["GET"]}}],"collection":[{"href":"https:\/\/marktxxl.de\/markt\/wp-json\/wp\/v2\/product"}],"about":[{"href":"https:\/\/marktxxl.de\/markt\/wp-json\/wp\/v2\/types\/product"}],"replies":[{"embeddable":true,"href":"https:\/\/marktxxl.de\/markt\/wp-json\/wp\/v2\/comments?post=63128"}],"wp:featuredmedia":[{"embeddable":true,"href":"https:\/\/marktxxl.de\/markt\/wp-json\/wp\/v2\/media\/63129"}],"wp:attachment":[{"href":"https:\/\/marktxxl.de\/markt\/wp-json\/wp\/v2\/media?parent=63128"}],"wp:term":[{"taxonomy":"product_brand","embeddable":true,"href":"https:\/\/marktxxl.de\/markt\/wp-json\/wp\/v2\/product_brand?post=63128"},{"taxonomy":"product_cat","embeddable":true,"href":"https:\/\/marktxxl.de\/markt\/wp-json\/wp\/v2\/product_cat?post=63128"},{"taxonomy":"product_tag","embeddable":true,"href":"https:\/\/marktxxl.de\/markt\/wp-json\/wp\/v2\/product_tag?post=63128"}],"curies":[{"name":"wp","href":"https:\/\/api.w.org\/{rel}","templated":true}]}}