{"id":62990,"date":"2021-11-11T22:48:45","date_gmt":"2021-11-11T21:48:45","guid":{"rendered":"https:\/\/marktxxl.de\/markt\/produkt\/sepnine-2-in-1-fahrradanhaenger-fuer-kinder-zweisitzer-kinder-trolley-faltbar-mit-handbremse\/"},"modified":"2023-04-10T02:21:18","modified_gmt":"2023-04-10T00:21:18","slug":"sepnine-2-in-1-fahrradanhaenger-fuer-kinder-zweisitzer-kinder-trolley-faltbar-mit-handbremse","status":"publish","type":"product","link":"https:\/\/marktxxl.de\/markt\/produkt\/sepnine-2-in-1-fahrradanhaenger-fuer-kinder-zweisitzer-kinder-trolley-faltbar-mit-handbremse\/","title":{"rendered":"SEPNINE Fahrradanh\u00e4Nger F\u00fcR Kinder Zweisitzer Kinder Gel\u00e4ndewagen Faltbar Mit Handbremse"},"content":{"rendered":"<p>\u2705\u3010Gesamtgr\u00f6\u00dfe\u301175 x 60 x 104 cm (LxBxH); Maximale Tragf\u00e4higkeit: 40 kg. Es ist einfach zu montieren und kann bei Nichtgebrauch gefaltet und aufbewahrt werden Geeignetes Alter: \u00fcber 18 Monate.<br \/>\n\u2705\u30102-in-1-Design\u3011 Dieser Fahrradanh\u00e4nger f\u00fcr Kinder kann als Kinderwagen verwendet werden, den Sie beim Laufen schieben, oder er kann f\u00fcr ein Fahrradabenteuer an Ihrem Fahrrad befestigt werden.<br \/>\n\u2705\u3010Einfacher Einstieg und Bel\u00fcftung\u3011Mit Rollt\u00fcren an der Vorderseite kann Ihr Kind leicht darauf zugreifen. Eine transparente T\u00fcr und Fenster an der Front und an den Seiten erm\u00f6glichen Ihren Kindern, die Landschaft drau\u00dfen zu genie\u00dfen. Ein Mesh-Netz sorgt f\u00fcr gute Bel\u00fcftung.<br \/>\n\u2705\u3010Sicher und sicher\u3011Das 600D wasserdichte Polyestergewebe auf einem Metallrahmen ist stark und langlebig. 2 gepolsterte Sitze mit verstellbarem 5-Punkt-Sicherheitsgurt und Handbremse sorgen zus\u00e4tzlich f\u00fcr die Sicherheit Ihres Kindes.<br \/>\n\u2705\u3010Gleichtes Rollen\u3011Das vordere Universalrad und zwei Hinterr\u00e4der sorgen f\u00fcr eine reibungslose Fahrt. Sicherheitsflaggen am Anh\u00e4nger und Reflektoren an Rad und Karosserie sorgen f\u00fcr Sichtbarkeit im Verkehr und bei schlechten Lichtverh\u00e4ltnissen.<br \/>\n<div class=\"main-cross-sell\" data-asin=\"B08YYZ8NS4\">\n\n\t<div class=\"WooZone-cross-sell-loader\">\n\t\t<div>\n\t\t\t<div id=\"floatingBarsG\">\n\t\t\t\t<div class=\"blockG\" id=\"rotateG_01\"><\/div>\n\t\t\t\t<div class=\"blockG\" id=\"rotateG_02\"><\/div>\n\t\t\t\t<div class=\"blockG\" id=\"rotateG_03\"><\/div>\n\t\t\t\t<div class=\"blockG\" id=\"rotateG_04\"><\/div>\n\t\t\t\t<div class=\"blockG\" id=\"rotateG_05\"><\/div>\n\t\t\t\t<div class=\"blockG\" id=\"rotateG_06\"><\/div>\n\t\t\t\t<div class=\"blockG\" id=\"rotateG_07\"><\/div>\n\t\t\t\t<div class=\"blockG\" id=\"rotateG_08\"><\/div>\n\t\t\t<\/div>\n\t\t\t<div class=\"WooZone-cross-sell-loader-text\"><\/div>\n\t\t<\/div>\n\t<\/div>\n\n\t\t\n<\/div>\n<div style=\"clear:both;\"><\/div><\/p>\n","protected":false},"excerpt":{"rendered":"<p>\u2705\u3010Gesamtgr\u00f6\u00dfe\u301175 x 60 x 104 cm (LxBxH); Maximale Tragf\u00e4higkeit: 40 kg. Es ist einfach zu montieren und kann bei Nichtgebrauch gefaltet und aufbewahrt werden Geeignetes Alter: \u00fcber 18 Monate.<br \/>\n\u2705\u30102-in-1-Design\u3011 Dieser Fahrradanh\u00e4nger f\u00fcr Kinder kann als Kinderwagen verwendet werden, den Sie beim Laufen schieben, oder er kann f\u00fcr ein Fahrradabenteuer an Ihrem Fahrrad befestigt werden.<br \/>\n\u2705\u3010Einfacher Einstieg und Bel\u00fcftung\u3011Mit Rollt\u00fcren an der Vorderseite kann Ihr Kind leicht darauf zugreifen. Eine transparente T\u00fcr und Fenster an der Front und an den Seiten erm\u00f6glichen Ihren Kindern, die Landschaft drau\u00dfen zu genie\u00dfen. Ein Mesh-Netz sorgt f\u00fcr gute Bel\u00fcftung.<\/p>\n","protected":false},"featured_media":62991,"comment_status":"open","ping_status":"closed","template":"","meta":[],"product_brand":[],"product_cat":[21,9245],"product_tag":[],"class_list":{"0":"post-62990","1":"product","2":"type-product","3":"status-publish","4":"has-post-thumbnail","6":"product_cat-baby","7":"product_cat-fahrradanhaenger-zubehoer-baby","8":"pa_binding-misc","9":"pa_brand-sepnine","10":"pa_height-40-944881848-zoll","11":"pa_length-29-527559025-zoll","12":"pa_manufacturer-fiximaster","13":"pa_model-bt-504s","14":"pa_weight-36-155810968-pfund","15":"pa_width-23-62204722-zoll","17":"first","18":"instock","19":"shipping-taxable","20":"purchasable","21":"product-type-simple","22":"customify-col","23":"product-has-gallery"},"yoast_head":"<!-- This site is optimized with the Yoast SEO plugin v27.3 - https:\/\/yoast.com\/product\/yoast-seo-wordpress\/ -->\n<title>SEPNINE Fahrradanh\u00e4Nger F\u00fcR Kinder Zweisitzer Kinder Gel\u00e4ndewagen Faltbar Mit Handbremse - Markt-XXL<\/title>\n<meta name=\"description\" content=\"Markt-XXL SEPNINE Fahrradanh\u00e4Nger F\u00fcR Kinder Zweisitzer Kinder Gel\u00e4ndewagen Faltbar Mit Handbremse\" \/>\n<meta name=\"robots\" content=\"index, follow, max-snippet:-1, max-image-preview:large, max-video-preview:-1\" \/>\n<link rel=\"canonical\" href=\"https:\/\/marktxxl.de\/markt\/produkt\/sepnine-2-in-1-fahrradanhaenger-fuer-kinder-zweisitzer-kinder-trolley-faltbar-mit-handbremse\/\" \/>\n<meta property=\"og:locale\" content=\"de_DE\" \/>\n<meta property=\"og:type\" content=\"article\" \/>\n<meta property=\"og:title\" content=\"SEPNINE Fahrradanh\u00e4Nger F\u00fcR Kinder Zweisitzer Kinder Gel\u00e4ndewagen Faltbar Mit Handbremse - Markt-XXL\" \/>\n<meta property=\"og:description\" content=\"Markt-XXL SEPNINE Fahrradanh\u00e4Nger F\u00fcR Kinder Zweisitzer Kinder Gel\u00e4ndewagen Faltbar Mit Handbremse\" \/>\n<meta property=\"og:url\" content=\"https:\/\/marktxxl.de\/markt\/produkt\/sepnine-2-in-1-fahrradanhaenger-fuer-kinder-zweisitzer-kinder-trolley-faltbar-mit-handbremse\/\" \/>\n<meta property=\"og:site_name\" content=\"Markt-XXL\" \/>\n<meta property=\"article:modified_time\" content=\"2023-04-10T00:21:18+00:00\" \/>\n<meta property=\"og:image\" content=\"https:\/\/m.media-amazon.com\/images\/I\/41+w2yRPckS._SL500_.jpg\" \/>\n\t<meta property=\"og:image:width\" content=\"500\" \/>\n\t<meta property=\"og:image:height\" content=\"500\" \/>\n\t<meta property=\"og:image:type\" content=\"image\/jpeg\" \/>\n<meta name=\"twitter:card\" content=\"summary_large_image\" \/>\n<meta name=\"twitter:label1\" content=\"Gesch\u00e4tzte Lesezeit\" \/>\n\t<meta name=\"twitter:data1\" content=\"1\u00a0Minute\" \/>\n<script type=\"application\/ld+json\" class=\"yoast-schema-graph\">{\"@context\":\"https:\\\/\\\/schema.org\",\"@graph\":[{\"@type\":\"WebPage\",\"@id\":\"https:\\\/\\\/marktxxl.de\\\/markt\\\/produkt\\\/sepnine-2-in-1-fahrradanhaenger-fuer-kinder-zweisitzer-kinder-trolley-faltbar-mit-handbremse\\\/\",\"url\":\"https:\\\/\\\/marktxxl.de\\\/markt\\\/produkt\\\/sepnine-2-in-1-fahrradanhaenger-fuer-kinder-zweisitzer-kinder-trolley-faltbar-mit-handbremse\\\/\",\"name\":\"SEPNINE Fahrradanh\u00e4Nger F\u00fcR Kinder Zweisitzer Kinder Gel\u00e4ndewagen Faltbar Mit Handbremse - Markt-XXL\",\"isPartOf\":{\"@id\":\"https:\\\/\\\/marktxxl.de\\\/markt\\\/#website\"},\"primaryImageOfPage\":{\"@id\":\"https:\\\/\\\/marktxxl.de\\\/markt\\\/produkt\\\/sepnine-2-in-1-fahrradanhaenger-fuer-kinder-zweisitzer-kinder-trolley-faltbar-mit-handbremse\\\/#primaryimage\"},\"image\":{\"@id\":\"https:\\\/\\\/marktxxl.de\\\/markt\\\/produkt\\\/sepnine-2-in-1-fahrradanhaenger-fuer-kinder-zweisitzer-kinder-trolley-faltbar-mit-handbremse\\\/#primaryimage\"},\"thumbnailUrl\":\"https:\\\/\\\/m.media-amazon.com\\\/images\\\/I\\\/41+w2yRPckS._SL500_.jpg\",\"datePublished\":\"2021-11-11T21:48:45+00:00\",\"dateModified\":\"2023-04-10T00:21:18+00:00\",\"description\":\"Markt-XXL SEPNINE Fahrradanh\u00e4Nger F\u00fcR Kinder Zweisitzer Kinder Gel\u00e4ndewagen Faltbar Mit Handbremse\",\"breadcrumb\":{\"@id\":\"https:\\\/\\\/marktxxl.de\\\/markt\\\/produkt\\\/sepnine-2-in-1-fahrradanhaenger-fuer-kinder-zweisitzer-kinder-trolley-faltbar-mit-handbremse\\\/#breadcrumb\"},\"inLanguage\":\"de\",\"potentialAction\":[{\"@type\":\"ReadAction\",\"target\":[\"https:\\\/\\\/marktxxl.de\\\/markt\\\/produkt\\\/sepnine-2-in-1-fahrradanhaenger-fuer-kinder-zweisitzer-kinder-trolley-faltbar-mit-handbremse\\\/\"]}]},{\"@type\":\"ImageObject\",\"inLanguage\":\"de\",\"@id\":\"https:\\\/\\\/marktxxl.de\\\/markt\\\/produkt\\\/sepnine-2-in-1-fahrradanhaenger-fuer-kinder-zweisitzer-kinder-trolley-faltbar-mit-handbremse\\\/#primaryimage\",\"url\":\"https:\\\/\\\/m.media-amazon.com\\\/images\\\/I\\\/41+w2yRPckS._SL500_.jpg\",\"contentUrl\":\"https:\\\/\\\/m.media-amazon.com\\\/images\\\/I\\\/41+w2yRPckS._SL500_.jpg\",\"width\":500,\"height\":500},{\"@type\":\"BreadcrumbList\",\"@id\":\"https:\\\/\\\/marktxxl.de\\\/markt\\\/produkt\\\/sepnine-2-in-1-fahrradanhaenger-fuer-kinder-zweisitzer-kinder-trolley-faltbar-mit-handbremse\\\/#breadcrumb\",\"itemListElement\":[{\"@type\":\"ListItem\",\"position\":1,\"name\":\"Startseite\",\"item\":\"https:\\\/\\\/marktxxl.de\\\/markt\\\/\"},{\"@type\":\"ListItem\",\"position\":2,\"name\":\"Markt\",\"item\":\"https:\\\/\\\/marktxxl.de\\\/markt\\\/\"},{\"@type\":\"ListItem\",\"position\":3,\"name\":\"SEPNINE Fahrradanh\u00e4Nger F\u00fcR Kinder Zweisitzer Kinder Gel\u00e4ndewagen Faltbar Mit Handbremse\"}]},{\"@type\":\"WebSite\",\"@id\":\"https:\\\/\\\/marktxxl.de\\\/markt\\\/#website\",\"url\":\"https:\\\/\\\/marktxxl.de\\\/markt\\\/\",\"name\":\"Markt-XXL\",\"description\":\"Ihr Markt Online\",\"publisher\":{\"@id\":\"https:\\\/\\\/marktxxl.de\\\/markt\\\/#organization\"},\"potentialAction\":[{\"@type\":\"SearchAction\",\"target\":{\"@type\":\"EntryPoint\",\"urlTemplate\":\"https:\\\/\\\/marktxxl.de\\\/markt\\\/?s={search_term_string}\"},\"query-input\":{\"@type\":\"PropertyValueSpecification\",\"valueRequired\":true,\"valueName\":\"search_term_string\"}}],\"inLanguage\":\"de\"},{\"@type\":\"Organization\",\"@id\":\"https:\\\/\\\/marktxxl.de\\\/markt\\\/#organization\",\"name\":\"Markt-XXL\",\"url\":\"https:\\\/\\\/marktxxl.de\\\/markt\\\/\",\"logo\":{\"@type\":\"ImageObject\",\"inLanguage\":\"de\",\"@id\":\"https:\\\/\\\/marktxxl.de\\\/markt\\\/#\\\/schema\\\/logo\\\/image\\\/\",\"url\":\"https:\\\/\\\/marktxxl.de\\\/markt\\\/wp-content\\\/uploads\\\/sites\\\/3\\\/2020\\\/12\\\/logo.png\",\"contentUrl\":\"https:\\\/\\\/marktxxl.de\\\/markt\\\/wp-content\\\/uploads\\\/sites\\\/3\\\/2020\\\/12\\\/logo.png\",\"width\":200,\"height\":70,\"caption\":\"Markt-XXL\"},\"image\":{\"@id\":\"https:\\\/\\\/marktxxl.de\\\/markt\\\/#\\\/schema\\\/logo\\\/image\\\/\"}}]}<\/script>\n<!-- \/ Yoast SEO plugin. -->","yoast_head_json":{"title":"SEPNINE Fahrradanh\u00e4Nger F\u00fcR Kinder Zweisitzer Kinder Gel\u00e4ndewagen Faltbar Mit Handbremse - Markt-XXL","description":"Markt-XXL SEPNINE Fahrradanh\u00e4Nger F\u00fcR Kinder Zweisitzer Kinder Gel\u00e4ndewagen Faltbar Mit Handbremse","robots":{"index":"index","follow":"follow","max-snippet":"max-snippet:-1","max-image-preview":"max-image-preview:large","max-video-preview":"max-video-preview:-1"},"canonical":"https:\/\/marktxxl.de\/markt\/produkt\/sepnine-2-in-1-fahrradanhaenger-fuer-kinder-zweisitzer-kinder-trolley-faltbar-mit-handbremse\/","og_locale":"de_DE","og_type":"article","og_title":"SEPNINE Fahrradanh\u00e4Nger F\u00fcR Kinder Zweisitzer Kinder Gel\u00e4ndewagen Faltbar Mit Handbremse - Markt-XXL","og_description":"Markt-XXL SEPNINE Fahrradanh\u00e4Nger F\u00fcR Kinder Zweisitzer Kinder Gel\u00e4ndewagen Faltbar Mit Handbremse","og_url":"https:\/\/marktxxl.de\/markt\/produkt\/sepnine-2-in-1-fahrradanhaenger-fuer-kinder-zweisitzer-kinder-trolley-faltbar-mit-handbremse\/","og_site_name":"Markt-XXL","article_modified_time":"2023-04-10T00:21:18+00:00","og_image":[{"width":500,"height":500,"url":"https:\/\/m.media-amazon.com\/images\/I\/41+w2yRPckS._SL500_.jpg","type":"image\/jpeg"}],"twitter_card":"summary_large_image","twitter_misc":{"Gesch\u00e4tzte Lesezeit":"1\u00a0Minute"},"schema":{"@context":"https:\/\/schema.org","@graph":[{"@type":"WebPage","@id":"https:\/\/marktxxl.de\/markt\/produkt\/sepnine-2-in-1-fahrradanhaenger-fuer-kinder-zweisitzer-kinder-trolley-faltbar-mit-handbremse\/","url":"https:\/\/marktxxl.de\/markt\/produkt\/sepnine-2-in-1-fahrradanhaenger-fuer-kinder-zweisitzer-kinder-trolley-faltbar-mit-handbremse\/","name":"SEPNINE Fahrradanh\u00e4Nger F\u00fcR Kinder Zweisitzer Kinder Gel\u00e4ndewagen Faltbar Mit Handbremse - Markt-XXL","isPartOf":{"@id":"https:\/\/marktxxl.de\/markt\/#website"},"primaryImageOfPage":{"@id":"https:\/\/marktxxl.de\/markt\/produkt\/sepnine-2-in-1-fahrradanhaenger-fuer-kinder-zweisitzer-kinder-trolley-faltbar-mit-handbremse\/#primaryimage"},"image":{"@id":"https:\/\/marktxxl.de\/markt\/produkt\/sepnine-2-in-1-fahrradanhaenger-fuer-kinder-zweisitzer-kinder-trolley-faltbar-mit-handbremse\/#primaryimage"},"thumbnailUrl":"https:\/\/m.media-amazon.com\/images\/I\/41+w2yRPckS._SL500_.jpg","datePublished":"2021-11-11T21:48:45+00:00","dateModified":"2023-04-10T00:21:18+00:00","description":"Markt-XXL SEPNINE Fahrradanh\u00e4Nger F\u00fcR Kinder Zweisitzer Kinder Gel\u00e4ndewagen Faltbar Mit Handbremse","breadcrumb":{"@id":"https:\/\/marktxxl.de\/markt\/produkt\/sepnine-2-in-1-fahrradanhaenger-fuer-kinder-zweisitzer-kinder-trolley-faltbar-mit-handbremse\/#breadcrumb"},"inLanguage":"de","potentialAction":[{"@type":"ReadAction","target":["https:\/\/marktxxl.de\/markt\/produkt\/sepnine-2-in-1-fahrradanhaenger-fuer-kinder-zweisitzer-kinder-trolley-faltbar-mit-handbremse\/"]}]},{"@type":"ImageObject","inLanguage":"de","@id":"https:\/\/marktxxl.de\/markt\/produkt\/sepnine-2-in-1-fahrradanhaenger-fuer-kinder-zweisitzer-kinder-trolley-faltbar-mit-handbremse\/#primaryimage","url":"https:\/\/m.media-amazon.com\/images\/I\/41+w2yRPckS._SL500_.jpg","contentUrl":"https:\/\/m.media-amazon.com\/images\/I\/41+w2yRPckS._SL500_.jpg","width":500,"height":500},{"@type":"BreadcrumbList","@id":"https:\/\/marktxxl.de\/markt\/produkt\/sepnine-2-in-1-fahrradanhaenger-fuer-kinder-zweisitzer-kinder-trolley-faltbar-mit-handbremse\/#breadcrumb","itemListElement":[{"@type":"ListItem","position":1,"name":"Startseite","item":"https:\/\/marktxxl.de\/markt\/"},{"@type":"ListItem","position":2,"name":"Markt","item":"https:\/\/marktxxl.de\/markt\/"},{"@type":"ListItem","position":3,"name":"SEPNINE Fahrradanh\u00e4Nger F\u00fcR Kinder Zweisitzer Kinder Gel\u00e4ndewagen Faltbar Mit Handbremse"}]},{"@type":"WebSite","@id":"https:\/\/marktxxl.de\/markt\/#website","url":"https:\/\/marktxxl.de\/markt\/","name":"Markt-XXL","description":"Ihr Markt Online","publisher":{"@id":"https:\/\/marktxxl.de\/markt\/#organization"},"potentialAction":[{"@type":"SearchAction","target":{"@type":"EntryPoint","urlTemplate":"https:\/\/marktxxl.de\/markt\/?s={search_term_string}"},"query-input":{"@type":"PropertyValueSpecification","valueRequired":true,"valueName":"search_term_string"}}],"inLanguage":"de"},{"@type":"Organization","@id":"https:\/\/marktxxl.de\/markt\/#organization","name":"Markt-XXL","url":"https:\/\/marktxxl.de\/markt\/","logo":{"@type":"ImageObject","inLanguage":"de","@id":"https:\/\/marktxxl.de\/markt\/#\/schema\/logo\/image\/","url":"https:\/\/marktxxl.de\/markt\/wp-content\/uploads\/sites\/3\/2020\/12\/logo.png","contentUrl":"https:\/\/marktxxl.de\/markt\/wp-content\/uploads\/sites\/3\/2020\/12\/logo.png","width":200,"height":70,"caption":"Markt-XXL"},"image":{"@id":"https:\/\/marktxxl.de\/markt\/#\/schema\/logo\/image\/"}}]}},"_links":{"self":[{"href":"https:\/\/marktxxl.de\/markt\/wp-json\/wp\/v2\/product\/62990","targetHints":{"allow":["GET"]}}],"collection":[{"href":"https:\/\/marktxxl.de\/markt\/wp-json\/wp\/v2\/product"}],"about":[{"href":"https:\/\/marktxxl.de\/markt\/wp-json\/wp\/v2\/types\/product"}],"replies":[{"embeddable":true,"href":"https:\/\/marktxxl.de\/markt\/wp-json\/wp\/v2\/comments?post=62990"}],"wp:featuredmedia":[{"embeddable":true,"href":"https:\/\/marktxxl.de\/markt\/wp-json\/wp\/v2\/media\/62991"}],"wp:attachment":[{"href":"https:\/\/marktxxl.de\/markt\/wp-json\/wp\/v2\/media?parent=62990"}],"wp:term":[{"taxonomy":"product_brand","embeddable":true,"href":"https:\/\/marktxxl.de\/markt\/wp-json\/wp\/v2\/product_brand?post=62990"},{"taxonomy":"product_cat","embeddable":true,"href":"https:\/\/marktxxl.de\/markt\/wp-json\/wp\/v2\/product_cat?post=62990"},{"taxonomy":"product_tag","embeddable":true,"href":"https:\/\/marktxxl.de\/markt\/wp-json\/wp\/v2\/product_tag?post=62990"}],"curies":[{"name":"wp","href":"https:\/\/api.w.org\/{rel}","templated":true}]}}