{"id":62801,"date":"2021-11-11T22:30:55","date_gmt":"2021-11-11T21:30:55","guid":{"rendered":"https:\/\/marktxxl.de\/markt\/produkt\/nierhaus-kniekissen-anatomic-ergopad-250-x-420-x-50-mm-rot\/"},"modified":"2023-04-10T02:21:11","modified_gmt":"2023-04-10T00:21:11","slug":"nierhaus-kniekissen-anatomic-ergopad-250-x-420-x-50-mm-rot","status":"publish","type":"product","link":"https:\/\/marktxxl.de\/markt\/produkt\/nierhaus-kniekissen-anatomic-ergopad-250-x-420-x-50-mm-rot\/","title":{"rendered":"Nierhaus Kniekissen Anatomic Ergopad 250 x 420 x 50 mm rot"},"content":{"rendered":"<p>Original Nierhaus Anatomic Ergopad, 250 x 420 x 50 mm, rot. Auf die Besonderheiten des linken und rechten Knies abgestimmte Kniemulden, gefertigt aus speziellem z\u00e4helastischem Schaum mit hoher Dichte, die perfekte Erg\u00e4nzung zum Knierolli, kann aber f\u00fcr sich alleine auch genutzt werden.<br \/>\n<div class=\"main-cross-sell\" data-asin=\"B077PY3NNJ\">\n\n\t<div class=\"WooZone-cross-sell-loader\">\n\t\t<div>\n\t\t\t<div id=\"floatingBarsG\">\n\t\t\t\t<div class=\"blockG\" id=\"rotateG_01\"><\/div>\n\t\t\t\t<div class=\"blockG\" id=\"rotateG_02\"><\/div>\n\t\t\t\t<div class=\"blockG\" id=\"rotateG_03\"><\/div>\n\t\t\t\t<div class=\"blockG\" id=\"rotateG_04\"><\/div>\n\t\t\t\t<div class=\"blockG\" id=\"rotateG_05\"><\/div>\n\t\t\t\t<div class=\"blockG\" id=\"rotateG_06\"><\/div>\n\t\t\t\t<div class=\"blockG\" id=\"rotateG_07\"><\/div>\n\t\t\t\t<div class=\"blockG\" id=\"rotateG_08\"><\/div>\n\t\t\t<\/div>\n\t\t\t<div class=\"WooZone-cross-sell-loader-text\"><\/div>\n\t\t<\/div>\n\t<\/div>\n\n\t\t\n<\/div>\n<div style=\"clear:both;\"><\/div><\/p>\n","protected":false},"excerpt":{"rendered":"<p>Original Nierhaus Anatomic Ergopad, 250 x 420 x 50 mm, rot. Auf die Besonderheiten des linken und rechten Knies abgestimmte Kniemulden, gefertigt aus speziellem z\u00e4helastischem Schaum mit hoher Dichte, die perfekte Erg\u00e4nzung zum Knierolli, kann aber f\u00fcr sich alleine auch genutzt werden.<\/p>\n","protected":false},"featured_media":62802,"comment_status":"open","ping_status":"closed","template":"","meta":[],"product_brand":[],"product_cat":[1983,11380],"product_tag":[],"class_list":{"0":"post-62801","1":"product","2":"type-product","3":"status-publish","4":"has-post-thumbnail","6":"product_cat-baumarkt","7":"product_cat-sicherheitstechnik","8":"pa_brand-nierhaus-knieschutz","9":"pa_color-rot","10":"pa_manufacturer-nierhaus-knieschutz","11":"pa_size-einheitsgroesse","13":"first","14":"instock","15":"shipping-taxable","16":"purchasable","17":"product-type-simple","18":"customify-col","19":"product-has-gallery"},"yoast_head":"<!-- This site is optimized with the Yoast SEO plugin v27.4 - https:\/\/yoast.com\/product\/yoast-seo-wordpress\/ -->\n<title>Nierhaus Kniekissen Anatomic Ergopad 250 x 420 x 50 mm rot - Markt-XXL<\/title>\n<meta name=\"description\" content=\"Markt-XXL Nierhaus Kniekissen Anatomic Ergopad 250 x 420 x 50 mm rot\" \/>\n<meta name=\"robots\" content=\"index, follow, max-snippet:-1, max-image-preview:large, max-video-preview:-1\" \/>\n<link rel=\"canonical\" href=\"https:\/\/marktxxl.de\/markt\/produkt\/nierhaus-kniekissen-anatomic-ergopad-250-x-420-x-50-mm-rot\/\" \/>\n<meta property=\"og:locale\" content=\"de_DE\" \/>\n<meta property=\"og:type\" content=\"article\" \/>\n<meta property=\"og:title\" content=\"Nierhaus Kniekissen Anatomic Ergopad 250 x 420 x 50 mm rot - Markt-XXL\" \/>\n<meta property=\"og:description\" content=\"Markt-XXL Nierhaus Kniekissen Anatomic Ergopad 250 x 420 x 50 mm rot\" \/>\n<meta property=\"og:url\" content=\"https:\/\/marktxxl.de\/markt\/produkt\/nierhaus-kniekissen-anatomic-ergopad-250-x-420-x-50-mm-rot\/\" \/>\n<meta property=\"og:site_name\" content=\"Markt-XXL\" \/>\n<meta property=\"article:modified_time\" content=\"2023-04-10T00:21:11+00:00\" \/>\n<meta property=\"og:image\" content=\"https:\/\/m.media-amazon.com\/images\/I\/419tYo35PEL._SL500_.jpg\" \/>\n\t<meta property=\"og:image:width\" content=\"500\" \/>\n\t<meta property=\"og:image:height\" content=\"338\" \/>\n\t<meta property=\"og:image:type\" content=\"image\/jpeg\" \/>\n<meta name=\"twitter:card\" content=\"summary_large_image\" \/>\n<script type=\"application\/ld+json\" class=\"yoast-schema-graph\">{\"@context\":\"https:\\\/\\\/schema.org\",\"@graph\":[{\"@type\":\"WebPage\",\"@id\":\"https:\\\/\\\/marktxxl.de\\\/markt\\\/produkt\\\/nierhaus-kniekissen-anatomic-ergopad-250-x-420-x-50-mm-rot\\\/\",\"url\":\"https:\\\/\\\/marktxxl.de\\\/markt\\\/produkt\\\/nierhaus-kniekissen-anatomic-ergopad-250-x-420-x-50-mm-rot\\\/\",\"name\":\"Nierhaus Kniekissen Anatomic Ergopad 250 x 420 x 50 mm rot - Markt-XXL\",\"isPartOf\":{\"@id\":\"https:\\\/\\\/marktxxl.de\\\/markt\\\/#website\"},\"primaryImageOfPage\":{\"@id\":\"https:\\\/\\\/marktxxl.de\\\/markt\\\/produkt\\\/nierhaus-kniekissen-anatomic-ergopad-250-x-420-x-50-mm-rot\\\/#primaryimage\"},\"image\":{\"@id\":\"https:\\\/\\\/marktxxl.de\\\/markt\\\/produkt\\\/nierhaus-kniekissen-anatomic-ergopad-250-x-420-x-50-mm-rot\\\/#primaryimage\"},\"thumbnailUrl\":\"https:\\\/\\\/m.media-amazon.com\\\/images\\\/I\\\/419tYo35PEL._SL500_.jpg\",\"datePublished\":\"2021-11-11T21:30:55+00:00\",\"dateModified\":\"2023-04-10T00:21:11+00:00\",\"description\":\"Markt-XXL Nierhaus Kniekissen Anatomic Ergopad 250 x 420 x 50 mm rot\",\"breadcrumb\":{\"@id\":\"https:\\\/\\\/marktxxl.de\\\/markt\\\/produkt\\\/nierhaus-kniekissen-anatomic-ergopad-250-x-420-x-50-mm-rot\\\/#breadcrumb\"},\"inLanguage\":\"de\",\"potentialAction\":[{\"@type\":\"ReadAction\",\"target\":[\"https:\\\/\\\/marktxxl.de\\\/markt\\\/produkt\\\/nierhaus-kniekissen-anatomic-ergopad-250-x-420-x-50-mm-rot\\\/\"]}]},{\"@type\":\"ImageObject\",\"inLanguage\":\"de\",\"@id\":\"https:\\\/\\\/marktxxl.de\\\/markt\\\/produkt\\\/nierhaus-kniekissen-anatomic-ergopad-250-x-420-x-50-mm-rot\\\/#primaryimage\",\"url\":\"https:\\\/\\\/m.media-amazon.com\\\/images\\\/I\\\/419tYo35PEL._SL500_.jpg\",\"contentUrl\":\"https:\\\/\\\/m.media-amazon.com\\\/images\\\/I\\\/419tYo35PEL._SL500_.jpg\",\"width\":500,\"height\":338},{\"@type\":\"BreadcrumbList\",\"@id\":\"https:\\\/\\\/marktxxl.de\\\/markt\\\/produkt\\\/nierhaus-kniekissen-anatomic-ergopad-250-x-420-x-50-mm-rot\\\/#breadcrumb\",\"itemListElement\":[{\"@type\":\"ListItem\",\"position\":1,\"name\":\"Startseite\",\"item\":\"https:\\\/\\\/marktxxl.de\\\/markt\\\/\"},{\"@type\":\"ListItem\",\"position\":2,\"name\":\"Markt\",\"item\":\"https:\\\/\\\/marktxxl.de\\\/markt\\\/\"},{\"@type\":\"ListItem\",\"position\":3,\"name\":\"Nierhaus Kniekissen Anatomic Ergopad 250 x 420 x 50 mm rot\"}]},{\"@type\":\"WebSite\",\"@id\":\"https:\\\/\\\/marktxxl.de\\\/markt\\\/#website\",\"url\":\"https:\\\/\\\/marktxxl.de\\\/markt\\\/\",\"name\":\"Markt-XXL\",\"description\":\"Ihr Markt Online\",\"publisher\":{\"@id\":\"https:\\\/\\\/marktxxl.de\\\/markt\\\/#organization\"},\"potentialAction\":[{\"@type\":\"SearchAction\",\"target\":{\"@type\":\"EntryPoint\",\"urlTemplate\":\"https:\\\/\\\/marktxxl.de\\\/markt\\\/?s={search_term_string}\"},\"query-input\":{\"@type\":\"PropertyValueSpecification\",\"valueRequired\":true,\"valueName\":\"search_term_string\"}}],\"inLanguage\":\"de\"},{\"@type\":\"Organization\",\"@id\":\"https:\\\/\\\/marktxxl.de\\\/markt\\\/#organization\",\"name\":\"Markt-XXL\",\"url\":\"https:\\\/\\\/marktxxl.de\\\/markt\\\/\",\"logo\":{\"@type\":\"ImageObject\",\"inLanguage\":\"de\",\"@id\":\"https:\\\/\\\/marktxxl.de\\\/markt\\\/#\\\/schema\\\/logo\\\/image\\\/\",\"url\":\"https:\\\/\\\/marktxxl.de\\\/markt\\\/wp-content\\\/uploads\\\/sites\\\/3\\\/2020\\\/12\\\/logo.png\",\"contentUrl\":\"https:\\\/\\\/marktxxl.de\\\/markt\\\/wp-content\\\/uploads\\\/sites\\\/3\\\/2020\\\/12\\\/logo.png\",\"width\":200,\"height\":70,\"caption\":\"Markt-XXL\"},\"image\":{\"@id\":\"https:\\\/\\\/marktxxl.de\\\/markt\\\/#\\\/schema\\\/logo\\\/image\\\/\"}}]}<\/script>\n<!-- \/ Yoast SEO plugin. -->","yoast_head_json":{"title":"Nierhaus Kniekissen Anatomic Ergopad 250 x 420 x 50 mm rot - Markt-XXL","description":"Markt-XXL Nierhaus Kniekissen Anatomic Ergopad 250 x 420 x 50 mm rot","robots":{"index":"index","follow":"follow","max-snippet":"max-snippet:-1","max-image-preview":"max-image-preview:large","max-video-preview":"max-video-preview:-1"},"canonical":"https:\/\/marktxxl.de\/markt\/produkt\/nierhaus-kniekissen-anatomic-ergopad-250-x-420-x-50-mm-rot\/","og_locale":"de_DE","og_type":"article","og_title":"Nierhaus Kniekissen Anatomic Ergopad 250 x 420 x 50 mm rot - Markt-XXL","og_description":"Markt-XXL Nierhaus Kniekissen Anatomic Ergopad 250 x 420 x 50 mm rot","og_url":"https:\/\/marktxxl.de\/markt\/produkt\/nierhaus-kniekissen-anatomic-ergopad-250-x-420-x-50-mm-rot\/","og_site_name":"Markt-XXL","article_modified_time":"2023-04-10T00:21:11+00:00","og_image":[{"width":500,"height":338,"url":"https:\/\/m.media-amazon.com\/images\/I\/419tYo35PEL._SL500_.jpg","type":"image\/jpeg"}],"twitter_card":"summary_large_image","schema":{"@context":"https:\/\/schema.org","@graph":[{"@type":"WebPage","@id":"https:\/\/marktxxl.de\/markt\/produkt\/nierhaus-kniekissen-anatomic-ergopad-250-x-420-x-50-mm-rot\/","url":"https:\/\/marktxxl.de\/markt\/produkt\/nierhaus-kniekissen-anatomic-ergopad-250-x-420-x-50-mm-rot\/","name":"Nierhaus Kniekissen Anatomic Ergopad 250 x 420 x 50 mm rot - Markt-XXL","isPartOf":{"@id":"https:\/\/marktxxl.de\/markt\/#website"},"primaryImageOfPage":{"@id":"https:\/\/marktxxl.de\/markt\/produkt\/nierhaus-kniekissen-anatomic-ergopad-250-x-420-x-50-mm-rot\/#primaryimage"},"image":{"@id":"https:\/\/marktxxl.de\/markt\/produkt\/nierhaus-kniekissen-anatomic-ergopad-250-x-420-x-50-mm-rot\/#primaryimage"},"thumbnailUrl":"https:\/\/m.media-amazon.com\/images\/I\/419tYo35PEL._SL500_.jpg","datePublished":"2021-11-11T21:30:55+00:00","dateModified":"2023-04-10T00:21:11+00:00","description":"Markt-XXL Nierhaus Kniekissen Anatomic Ergopad 250 x 420 x 50 mm rot","breadcrumb":{"@id":"https:\/\/marktxxl.de\/markt\/produkt\/nierhaus-kniekissen-anatomic-ergopad-250-x-420-x-50-mm-rot\/#breadcrumb"},"inLanguage":"de","potentialAction":[{"@type":"ReadAction","target":["https:\/\/marktxxl.de\/markt\/produkt\/nierhaus-kniekissen-anatomic-ergopad-250-x-420-x-50-mm-rot\/"]}]},{"@type":"ImageObject","inLanguage":"de","@id":"https:\/\/marktxxl.de\/markt\/produkt\/nierhaus-kniekissen-anatomic-ergopad-250-x-420-x-50-mm-rot\/#primaryimage","url":"https:\/\/m.media-amazon.com\/images\/I\/419tYo35PEL._SL500_.jpg","contentUrl":"https:\/\/m.media-amazon.com\/images\/I\/419tYo35PEL._SL500_.jpg","width":500,"height":338},{"@type":"BreadcrumbList","@id":"https:\/\/marktxxl.de\/markt\/produkt\/nierhaus-kniekissen-anatomic-ergopad-250-x-420-x-50-mm-rot\/#breadcrumb","itemListElement":[{"@type":"ListItem","position":1,"name":"Startseite","item":"https:\/\/marktxxl.de\/markt\/"},{"@type":"ListItem","position":2,"name":"Markt","item":"https:\/\/marktxxl.de\/markt\/"},{"@type":"ListItem","position":3,"name":"Nierhaus Kniekissen Anatomic Ergopad 250 x 420 x 50 mm rot"}]},{"@type":"WebSite","@id":"https:\/\/marktxxl.de\/markt\/#website","url":"https:\/\/marktxxl.de\/markt\/","name":"Markt-XXL","description":"Ihr Markt Online","publisher":{"@id":"https:\/\/marktxxl.de\/markt\/#organization"},"potentialAction":[{"@type":"SearchAction","target":{"@type":"EntryPoint","urlTemplate":"https:\/\/marktxxl.de\/markt\/?s={search_term_string}"},"query-input":{"@type":"PropertyValueSpecification","valueRequired":true,"valueName":"search_term_string"}}],"inLanguage":"de"},{"@type":"Organization","@id":"https:\/\/marktxxl.de\/markt\/#organization","name":"Markt-XXL","url":"https:\/\/marktxxl.de\/markt\/","logo":{"@type":"ImageObject","inLanguage":"de","@id":"https:\/\/marktxxl.de\/markt\/#\/schema\/logo\/image\/","url":"https:\/\/marktxxl.de\/markt\/wp-content\/uploads\/sites\/3\/2020\/12\/logo.png","contentUrl":"https:\/\/marktxxl.de\/markt\/wp-content\/uploads\/sites\/3\/2020\/12\/logo.png","width":200,"height":70,"caption":"Markt-XXL"},"image":{"@id":"https:\/\/marktxxl.de\/markt\/#\/schema\/logo\/image\/"}}]}},"_links":{"self":[{"href":"https:\/\/marktxxl.de\/markt\/wp-json\/wp\/v2\/product\/62801","targetHints":{"allow":["GET"]}}],"collection":[{"href":"https:\/\/marktxxl.de\/markt\/wp-json\/wp\/v2\/product"}],"about":[{"href":"https:\/\/marktxxl.de\/markt\/wp-json\/wp\/v2\/types\/product"}],"replies":[{"embeddable":true,"href":"https:\/\/marktxxl.de\/markt\/wp-json\/wp\/v2\/comments?post=62801"}],"wp:featuredmedia":[{"embeddable":true,"href":"https:\/\/marktxxl.de\/markt\/wp-json\/wp\/v2\/media\/62802"}],"wp:attachment":[{"href":"https:\/\/marktxxl.de\/markt\/wp-json\/wp\/v2\/media?parent=62801"}],"wp:term":[{"taxonomy":"product_brand","embeddable":true,"href":"https:\/\/marktxxl.de\/markt\/wp-json\/wp\/v2\/product_brand?post=62801"},{"taxonomy":"product_cat","embeddable":true,"href":"https:\/\/marktxxl.de\/markt\/wp-json\/wp\/v2\/product_cat?post=62801"},{"taxonomy":"product_tag","embeddable":true,"href":"https:\/\/marktxxl.de\/markt\/wp-json\/wp\/v2\/product_tag?post=62801"}],"curies":[{"name":"wp","href":"https:\/\/api.w.org\/{rel}","templated":true}]}}