{"id":62490,"date":"2021-11-11T21:55:53","date_gmt":"2021-11-11T20:55:53","guid":{"rendered":"https:\/\/marktxxl.de\/markt\/produkt\/lashuma-tuerstopper-hunde-doorstop-tuerfeststeller-mit-schwerer-fuellung-hundefigur\/"},"modified":"2023-04-10T02:20:39","modified_gmt":"2023-04-10T00:20:39","slug":"lashuma-tuerstopper-hunde-doorstop-tuerfeststeller-mit-schwerer-fuellung-hundefigur","status":"publish","type":"product","link":"https:\/\/marktxxl.de\/markt\/produkt\/lashuma-tuerstopper-hunde-doorstop-tuerfeststeller-mit-schwerer-fuellung-hundefigur\/","title":{"rendered":"Lashuma T\u00fcrstopper Hund Buddy, Doorstop Deko Hund mit schwerer F\u00fcllung, H\u00f6he 23 cm"},"content":{"rendered":"<p>Ein origineller T\u00fcrstopper der Stil, ein optisches Highlight und Schutz vor zuknallenden T\u00fcren bietet. Der putzige Hund als T\u00fcr Bumper ist ein tolles Wohnaccessoire und wird jedem ein L\u00e4cheln ins Gesicht zaubern.<br \/>\nGef\u00fcllt mit Sand und Polyester bietet der Doorstop genug Gewicht um T\u00fcren aufzuhalten. Besonders in Haushalten mit Kindern und Tieren ist es wichtig, darauf zu achten, dass T\u00fcren nicht pl\u00f6tzlich zufallen k\u00f6nnen.<br \/>\nMa\u00dfe: ca. 23 cm\u2003\u2003\u2003Farbe: Beige<br \/>\nTier: Hund\u2003\u2003\u2003\u2003\u2003 Au\u00dfenmaterial: 100% Polyster<br \/>\nDer T\u00fcrstopper Hund mit dem modernen Zick-Zack -Muster und den treuen Augen freut sich sehr darauf, Ladys und Gentlemen die T\u00fcren aufzuhalten.<br \/>\n<div class=\"main-cross-sell\" data-asin=\"B07G6P6K6K\">\n\n\t<div class=\"WooZone-cross-sell-loader\">\n\t\t<div>\n\t\t\t<div id=\"floatingBarsG\">\n\t\t\t\t<div class=\"blockG\" id=\"rotateG_01\"><\/div>\n\t\t\t\t<div class=\"blockG\" id=\"rotateG_02\"><\/div>\n\t\t\t\t<div class=\"blockG\" id=\"rotateG_03\"><\/div>\n\t\t\t\t<div class=\"blockG\" id=\"rotateG_04\"><\/div>\n\t\t\t\t<div class=\"blockG\" id=\"rotateG_05\"><\/div>\n\t\t\t\t<div class=\"blockG\" id=\"rotateG_06\"><\/div>\n\t\t\t\t<div class=\"blockG\" id=\"rotateG_07\"><\/div>\n\t\t\t\t<div class=\"blockG\" id=\"rotateG_08\"><\/div>\n\t\t\t<\/div>\n\t\t\t<div class=\"WooZone-cross-sell-loader-text\"><\/div>\n\t\t<\/div>\n\t<\/div>\n\n\t\t\n<\/div>\n<div style=\"clear:both;\"><\/div><\/p>\n","protected":false},"excerpt":{"rendered":"<p>Ein origineller T\u00fcrstopper der Stil, ein optisches Highlight und Schutz vor zuknallenden T\u00fcren bietet. Der putzige Hund als T\u00fcr Bumper ist ein tolles Wohnaccessoire und wird jedem ein L\u00e4cheln ins Gesicht zaubern.<br \/>\nGef\u00fcllt mit Sand und Polyester bietet der Doorstop genug Gewicht um T\u00fcren aufzuhalten. Besonders in Haushalten mit Kindern und Tieren ist es wichtig, darauf zu achten, dass T\u00fcren nicht pl\u00f6tzlich zufallen k\u00f6nnen.<br \/>\nMa\u00dfe: ca. 23 cm\u2003\u2003\u2003Farbe: Beige<\/p>\n","protected":false},"featured_media":62491,"comment_status":"open","ping_status":"closed","template":"","meta":[],"product_brand":[],"product_cat":[1983,10865],"product_tag":[],"class_list":{"0":"post-62490","1":"product","2":"type-product","3":"status-publish","4":"has-post-thumbnail","6":"product_cat-baumarkt","7":"product_cat-eisenwaren","8":"pa_brand-lashuma","9":"pa_manufacturer-lashuma-e-commerce-gmbh","11":"first","12":"instock","13":"shipping-taxable","14":"purchasable","15":"product-type-simple","16":"customify-col","17":"product-has-gallery"},"yoast_head":"<!-- This site is optimized with the Yoast SEO plugin v27.4 - https:\/\/yoast.com\/product\/yoast-seo-wordpress\/ -->\n<title>Lashuma T\u00fcrstopper Hund Buddy, Doorstop Deko Hund mit schwerer F\u00fcllung, H\u00f6he 23 cm - Markt-XXL<\/title>\n<meta name=\"description\" content=\"Markt-XXL Lashuma T\u00fcrstopper Hund Buddy, Doorstop Deko Hund mit schwerer F\u00fcllung, H\u00f6he 23 cm\" \/>\n<meta name=\"robots\" content=\"index, follow, max-snippet:-1, max-image-preview:large, max-video-preview:-1\" \/>\n<link rel=\"canonical\" href=\"https:\/\/marktxxl.de\/markt\/produkt\/lashuma-tuerstopper-hunde-doorstop-tuerfeststeller-mit-schwerer-fuellung-hundefigur\/\" \/>\n<meta property=\"og:locale\" content=\"de_DE\" \/>\n<meta property=\"og:type\" content=\"article\" \/>\n<meta property=\"og:title\" content=\"Lashuma T\u00fcrstopper Hund Buddy, Doorstop Deko Hund mit schwerer F\u00fcllung, H\u00f6he 23 cm - Markt-XXL\" \/>\n<meta property=\"og:description\" content=\"Markt-XXL Lashuma T\u00fcrstopper Hund Buddy, Doorstop Deko Hund mit schwerer F\u00fcllung, H\u00f6he 23 cm\" \/>\n<meta property=\"og:url\" content=\"https:\/\/marktxxl.de\/markt\/produkt\/lashuma-tuerstopper-hunde-doorstop-tuerfeststeller-mit-schwerer-fuellung-hundefigur\/\" \/>\n<meta property=\"og:site_name\" content=\"Markt-XXL\" \/>\n<meta property=\"article:modified_time\" content=\"2023-04-10T00:20:39+00:00\" \/>\n<meta property=\"og:image\" content=\"https:\/\/m.media-amazon.com\/images\/I\/41CSJrVRsDL._SL500_.jpg\" \/>\n\t<meta property=\"og:image:width\" content=\"500\" \/>\n\t<meta property=\"og:image:height\" content=\"331\" \/>\n\t<meta property=\"og:image:type\" content=\"image\/jpeg\" \/>\n<meta name=\"twitter:card\" content=\"summary_large_image\" \/>\n<meta name=\"twitter:label1\" content=\"Gesch\u00e4tzte Lesezeit\" \/>\n\t<meta name=\"twitter:data1\" content=\"1\u00a0Minute\" \/>\n<script type=\"application\/ld+json\" class=\"yoast-schema-graph\">{\"@context\":\"https:\\\/\\\/schema.org\",\"@graph\":[{\"@type\":\"WebPage\",\"@id\":\"https:\\\/\\\/marktxxl.de\\\/markt\\\/produkt\\\/lashuma-tuerstopper-hunde-doorstop-tuerfeststeller-mit-schwerer-fuellung-hundefigur\\\/\",\"url\":\"https:\\\/\\\/marktxxl.de\\\/markt\\\/produkt\\\/lashuma-tuerstopper-hunde-doorstop-tuerfeststeller-mit-schwerer-fuellung-hundefigur\\\/\",\"name\":\"Lashuma T\u00fcrstopper Hund Buddy, Doorstop Deko Hund mit schwerer F\u00fcllung, H\u00f6he 23 cm - Markt-XXL\",\"isPartOf\":{\"@id\":\"https:\\\/\\\/marktxxl.de\\\/markt\\\/#website\"},\"primaryImageOfPage\":{\"@id\":\"https:\\\/\\\/marktxxl.de\\\/markt\\\/produkt\\\/lashuma-tuerstopper-hunde-doorstop-tuerfeststeller-mit-schwerer-fuellung-hundefigur\\\/#primaryimage\"},\"image\":{\"@id\":\"https:\\\/\\\/marktxxl.de\\\/markt\\\/produkt\\\/lashuma-tuerstopper-hunde-doorstop-tuerfeststeller-mit-schwerer-fuellung-hundefigur\\\/#primaryimage\"},\"thumbnailUrl\":\"https:\\\/\\\/m.media-amazon.com\\\/images\\\/I\\\/41CSJrVRsDL._SL500_.jpg\",\"datePublished\":\"2021-11-11T20:55:53+00:00\",\"dateModified\":\"2023-04-10T00:20:39+00:00\",\"description\":\"Markt-XXL Lashuma T\u00fcrstopper Hund Buddy, Doorstop Deko Hund mit schwerer F\u00fcllung, H\u00f6he 23 cm\",\"breadcrumb\":{\"@id\":\"https:\\\/\\\/marktxxl.de\\\/markt\\\/produkt\\\/lashuma-tuerstopper-hunde-doorstop-tuerfeststeller-mit-schwerer-fuellung-hundefigur\\\/#breadcrumb\"},\"inLanguage\":\"de\",\"potentialAction\":[{\"@type\":\"ReadAction\",\"target\":[\"https:\\\/\\\/marktxxl.de\\\/markt\\\/produkt\\\/lashuma-tuerstopper-hunde-doorstop-tuerfeststeller-mit-schwerer-fuellung-hundefigur\\\/\"]}]},{\"@type\":\"ImageObject\",\"inLanguage\":\"de\",\"@id\":\"https:\\\/\\\/marktxxl.de\\\/markt\\\/produkt\\\/lashuma-tuerstopper-hunde-doorstop-tuerfeststeller-mit-schwerer-fuellung-hundefigur\\\/#primaryimage\",\"url\":\"https:\\\/\\\/m.media-amazon.com\\\/images\\\/I\\\/41CSJrVRsDL._SL500_.jpg\",\"contentUrl\":\"https:\\\/\\\/m.media-amazon.com\\\/images\\\/I\\\/41CSJrVRsDL._SL500_.jpg\",\"width\":500,\"height\":331},{\"@type\":\"BreadcrumbList\",\"@id\":\"https:\\\/\\\/marktxxl.de\\\/markt\\\/produkt\\\/lashuma-tuerstopper-hunde-doorstop-tuerfeststeller-mit-schwerer-fuellung-hundefigur\\\/#breadcrumb\",\"itemListElement\":[{\"@type\":\"ListItem\",\"position\":1,\"name\":\"Startseite\",\"item\":\"https:\\\/\\\/marktxxl.de\\\/markt\\\/\"},{\"@type\":\"ListItem\",\"position\":2,\"name\":\"Markt\",\"item\":\"https:\\\/\\\/marktxxl.de\\\/markt\\\/\"},{\"@type\":\"ListItem\",\"position\":3,\"name\":\"Lashuma T\u00fcrstopper Hund Buddy, Doorstop Deko Hund mit schwerer F\u00fcllung, H\u00f6he 23 cm\"}]},{\"@type\":\"WebSite\",\"@id\":\"https:\\\/\\\/marktxxl.de\\\/markt\\\/#website\",\"url\":\"https:\\\/\\\/marktxxl.de\\\/markt\\\/\",\"name\":\"Markt-XXL\",\"description\":\"Ihr Markt Online\",\"publisher\":{\"@id\":\"https:\\\/\\\/marktxxl.de\\\/markt\\\/#organization\"},\"potentialAction\":[{\"@type\":\"SearchAction\",\"target\":{\"@type\":\"EntryPoint\",\"urlTemplate\":\"https:\\\/\\\/marktxxl.de\\\/markt\\\/?s={search_term_string}\"},\"query-input\":{\"@type\":\"PropertyValueSpecification\",\"valueRequired\":true,\"valueName\":\"search_term_string\"}}],\"inLanguage\":\"de\"},{\"@type\":\"Organization\",\"@id\":\"https:\\\/\\\/marktxxl.de\\\/markt\\\/#organization\",\"name\":\"Markt-XXL\",\"url\":\"https:\\\/\\\/marktxxl.de\\\/markt\\\/\",\"logo\":{\"@type\":\"ImageObject\",\"inLanguage\":\"de\",\"@id\":\"https:\\\/\\\/marktxxl.de\\\/markt\\\/#\\\/schema\\\/logo\\\/image\\\/\",\"url\":\"https:\\\/\\\/marktxxl.de\\\/markt\\\/wp-content\\\/uploads\\\/sites\\\/3\\\/2020\\\/12\\\/logo.png\",\"contentUrl\":\"https:\\\/\\\/marktxxl.de\\\/markt\\\/wp-content\\\/uploads\\\/sites\\\/3\\\/2020\\\/12\\\/logo.png\",\"width\":200,\"height\":70,\"caption\":\"Markt-XXL\"},\"image\":{\"@id\":\"https:\\\/\\\/marktxxl.de\\\/markt\\\/#\\\/schema\\\/logo\\\/image\\\/\"}}]}<\/script>\n<!-- \/ Yoast SEO plugin. -->","yoast_head_json":{"title":"Lashuma T\u00fcrstopper Hund Buddy, Doorstop Deko Hund mit schwerer F\u00fcllung, H\u00f6he 23 cm - Markt-XXL","description":"Markt-XXL Lashuma T\u00fcrstopper Hund Buddy, Doorstop Deko Hund mit schwerer F\u00fcllung, H\u00f6he 23 cm","robots":{"index":"index","follow":"follow","max-snippet":"max-snippet:-1","max-image-preview":"max-image-preview:large","max-video-preview":"max-video-preview:-1"},"canonical":"https:\/\/marktxxl.de\/markt\/produkt\/lashuma-tuerstopper-hunde-doorstop-tuerfeststeller-mit-schwerer-fuellung-hundefigur\/","og_locale":"de_DE","og_type":"article","og_title":"Lashuma T\u00fcrstopper Hund Buddy, Doorstop Deko Hund mit schwerer F\u00fcllung, H\u00f6he 23 cm - Markt-XXL","og_description":"Markt-XXL Lashuma T\u00fcrstopper Hund Buddy, Doorstop Deko Hund mit schwerer F\u00fcllung, H\u00f6he 23 cm","og_url":"https:\/\/marktxxl.de\/markt\/produkt\/lashuma-tuerstopper-hunde-doorstop-tuerfeststeller-mit-schwerer-fuellung-hundefigur\/","og_site_name":"Markt-XXL","article_modified_time":"2023-04-10T00:20:39+00:00","og_image":[{"width":500,"height":331,"url":"https:\/\/m.media-amazon.com\/images\/I\/41CSJrVRsDL._SL500_.jpg","type":"image\/jpeg"}],"twitter_card":"summary_large_image","twitter_misc":{"Gesch\u00e4tzte Lesezeit":"1\u00a0Minute"},"schema":{"@context":"https:\/\/schema.org","@graph":[{"@type":"WebPage","@id":"https:\/\/marktxxl.de\/markt\/produkt\/lashuma-tuerstopper-hunde-doorstop-tuerfeststeller-mit-schwerer-fuellung-hundefigur\/","url":"https:\/\/marktxxl.de\/markt\/produkt\/lashuma-tuerstopper-hunde-doorstop-tuerfeststeller-mit-schwerer-fuellung-hundefigur\/","name":"Lashuma T\u00fcrstopper Hund Buddy, Doorstop Deko Hund mit schwerer F\u00fcllung, H\u00f6he 23 cm - Markt-XXL","isPartOf":{"@id":"https:\/\/marktxxl.de\/markt\/#website"},"primaryImageOfPage":{"@id":"https:\/\/marktxxl.de\/markt\/produkt\/lashuma-tuerstopper-hunde-doorstop-tuerfeststeller-mit-schwerer-fuellung-hundefigur\/#primaryimage"},"image":{"@id":"https:\/\/marktxxl.de\/markt\/produkt\/lashuma-tuerstopper-hunde-doorstop-tuerfeststeller-mit-schwerer-fuellung-hundefigur\/#primaryimage"},"thumbnailUrl":"https:\/\/m.media-amazon.com\/images\/I\/41CSJrVRsDL._SL500_.jpg","datePublished":"2021-11-11T20:55:53+00:00","dateModified":"2023-04-10T00:20:39+00:00","description":"Markt-XXL Lashuma T\u00fcrstopper Hund Buddy, Doorstop Deko Hund mit schwerer F\u00fcllung, H\u00f6he 23 cm","breadcrumb":{"@id":"https:\/\/marktxxl.de\/markt\/produkt\/lashuma-tuerstopper-hunde-doorstop-tuerfeststeller-mit-schwerer-fuellung-hundefigur\/#breadcrumb"},"inLanguage":"de","potentialAction":[{"@type":"ReadAction","target":["https:\/\/marktxxl.de\/markt\/produkt\/lashuma-tuerstopper-hunde-doorstop-tuerfeststeller-mit-schwerer-fuellung-hundefigur\/"]}]},{"@type":"ImageObject","inLanguage":"de","@id":"https:\/\/marktxxl.de\/markt\/produkt\/lashuma-tuerstopper-hunde-doorstop-tuerfeststeller-mit-schwerer-fuellung-hundefigur\/#primaryimage","url":"https:\/\/m.media-amazon.com\/images\/I\/41CSJrVRsDL._SL500_.jpg","contentUrl":"https:\/\/m.media-amazon.com\/images\/I\/41CSJrVRsDL._SL500_.jpg","width":500,"height":331},{"@type":"BreadcrumbList","@id":"https:\/\/marktxxl.de\/markt\/produkt\/lashuma-tuerstopper-hunde-doorstop-tuerfeststeller-mit-schwerer-fuellung-hundefigur\/#breadcrumb","itemListElement":[{"@type":"ListItem","position":1,"name":"Startseite","item":"https:\/\/marktxxl.de\/markt\/"},{"@type":"ListItem","position":2,"name":"Markt","item":"https:\/\/marktxxl.de\/markt\/"},{"@type":"ListItem","position":3,"name":"Lashuma T\u00fcrstopper Hund Buddy, Doorstop Deko Hund mit schwerer F\u00fcllung, H\u00f6he 23 cm"}]},{"@type":"WebSite","@id":"https:\/\/marktxxl.de\/markt\/#website","url":"https:\/\/marktxxl.de\/markt\/","name":"Markt-XXL","description":"Ihr Markt Online","publisher":{"@id":"https:\/\/marktxxl.de\/markt\/#organization"},"potentialAction":[{"@type":"SearchAction","target":{"@type":"EntryPoint","urlTemplate":"https:\/\/marktxxl.de\/markt\/?s={search_term_string}"},"query-input":{"@type":"PropertyValueSpecification","valueRequired":true,"valueName":"search_term_string"}}],"inLanguage":"de"},{"@type":"Organization","@id":"https:\/\/marktxxl.de\/markt\/#organization","name":"Markt-XXL","url":"https:\/\/marktxxl.de\/markt\/","logo":{"@type":"ImageObject","inLanguage":"de","@id":"https:\/\/marktxxl.de\/markt\/#\/schema\/logo\/image\/","url":"https:\/\/marktxxl.de\/markt\/wp-content\/uploads\/sites\/3\/2020\/12\/logo.png","contentUrl":"https:\/\/marktxxl.de\/markt\/wp-content\/uploads\/sites\/3\/2020\/12\/logo.png","width":200,"height":70,"caption":"Markt-XXL"},"image":{"@id":"https:\/\/marktxxl.de\/markt\/#\/schema\/logo\/image\/"}}]}},"_links":{"self":[{"href":"https:\/\/marktxxl.de\/markt\/wp-json\/wp\/v2\/product\/62490","targetHints":{"allow":["GET"]}}],"collection":[{"href":"https:\/\/marktxxl.de\/markt\/wp-json\/wp\/v2\/product"}],"about":[{"href":"https:\/\/marktxxl.de\/markt\/wp-json\/wp\/v2\/types\/product"}],"replies":[{"embeddable":true,"href":"https:\/\/marktxxl.de\/markt\/wp-json\/wp\/v2\/comments?post=62490"}],"wp:featuredmedia":[{"embeddable":true,"href":"https:\/\/marktxxl.de\/markt\/wp-json\/wp\/v2\/media\/62491"}],"wp:attachment":[{"href":"https:\/\/marktxxl.de\/markt\/wp-json\/wp\/v2\/media?parent=62490"}],"wp:term":[{"taxonomy":"product_brand","embeddable":true,"href":"https:\/\/marktxxl.de\/markt\/wp-json\/wp\/v2\/product_brand?post=62490"},{"taxonomy":"product_cat","embeddable":true,"href":"https:\/\/marktxxl.de\/markt\/wp-json\/wp\/v2\/product_cat?post=62490"},{"taxonomy":"product_tag","embeddable":true,"href":"https:\/\/marktxxl.de\/markt\/wp-json\/wp\/v2\/product_tag?post=62490"}],"curies":[{"name":"wp","href":"https:\/\/api.w.org\/{rel}","templated":true}]}}