{"id":62441,"date":"2021-11-11T21:40:06","date_gmt":"2021-11-11T20:40:06","guid":{"rendered":"https:\/\/marktxxl.de\/markt\/produkt\/steckdosen-kindersicherung-steckbar-12x-schont-steckdosen-original-hoffenbach-germany-kindersicherung-fuer-steckdosen-steckdosensicherung-fuer-babys-und-kinder-2-jahre-garantie\/"},"modified":"2023-04-10T02:20:38","modified_gmt":"2023-04-10T00:20:38","slug":"steckdosen-kindersicherung-steckbar-12x-schont-steckdosen-original-hoffenbach-germany-kindersicherung-fuer-steckdosen-steckdosensicherung-fuer-babys-und-kinder-2-jahre-garantie","status":"publish","type":"product","link":"https:\/\/marktxxl.de\/markt\/produkt\/steckdosen-kindersicherung-steckbar-12x-schont-steckdosen-original-hoffenbach-germany-kindersicherung-fuer-steckdosen-steckdosensicherung-fuer-babys-und-kinder-2-jahre-garantie\/","title":{"rendered":"Steckdosen Kindersicherung steckbar 12x &#8211; schont Steckdosen &#8211; Original Hoffenbach Germany &#8211; Kindersicherung f\u00fcr\u2026"},"content":{"rendered":"<p>? OPTIMALER SCHUTZ: 60% aller Baby Unf\u00e4lle in Deutschland passieren zu Hause. Mit dem Kinderschutz f\u00fcr Steckdosen Hoffenbach (12 St\u00fcck im Set) haben Sie Ihr ganzes Haus vor Stromschl\u00e4gen gesichert<br \/>\n? EINFACHE BEDIENUNG: Sie stecken die Steckdosensicherung in eine offene Steckdose und dr\u00fccken fest. Kein Klebstoff wird verwendet und Ihre Steckdose wird geschont. Um die Steckdose wieder zu benutzen, Stecker in die gr\u00f6\u00dfere \u00d6ffnung der Steckdosensicherung einf\u00fchren, danach in Richtung der kleineren \u00d6ffnungen drehen und ausziehen<br \/>\n? KOMPATIBEL F\u00dcR DEUTSCHE STECKDOSEN: passt wie angegossen und herauszuziehen der Sicherung ist nur mit dem Stecker m\u00f6glich, sodass die Kinder schnell daran das Interesse verlieren<br \/>\n? QUALIT\u00c4T &amp; DESIGN: Die Steckdosen Sicherung bleibt immer in der Steckdose und ist dank wei\u00dfer Farbe absolut unsichtbar<br \/>\n? GARANTIE: Wir bieten 2 Jahre Garantie, falls die Kindersicherung nicht halten sollte. Eine kurze Nachricht an uns reicht. Teilnahmebedingungen laut Verk\u00e4ufer-AGBs abzurufen \u00fcber Verk\u00e4uferprofil unter \u201eGesch\u00e4ftsbedingungen und Hilfe\u201c!<br \/>\n<div class=\"main-cross-sell\" data-asin=\"B08QH73HCP\">\n\n\t<div class=\"WooZone-cross-sell-loader\">\n\t\t<div>\n\t\t\t<div id=\"floatingBarsG\">\n\t\t\t\t<div class=\"blockG\" id=\"rotateG_01\"><\/div>\n\t\t\t\t<div class=\"blockG\" id=\"rotateG_02\"><\/div>\n\t\t\t\t<div class=\"blockG\" id=\"rotateG_03\"><\/div>\n\t\t\t\t<div class=\"blockG\" id=\"rotateG_04\"><\/div>\n\t\t\t\t<div class=\"blockG\" id=\"rotateG_05\"><\/div>\n\t\t\t\t<div class=\"blockG\" id=\"rotateG_06\"><\/div>\n\t\t\t\t<div class=\"blockG\" id=\"rotateG_07\"><\/div>\n\t\t\t\t<div class=\"blockG\" id=\"rotateG_08\"><\/div>\n\t\t\t<\/div>\n\t\t\t<div class=\"WooZone-cross-sell-loader-text\"><\/div>\n\t\t<\/div>\n\t<\/div>\n\n\t\t\n<\/div>\n<div style=\"clear:both;\"><\/div><\/p>\n","protected":false},"excerpt":{"rendered":"<p>? OPTIMALER SCHUTZ: 60% aller Baby Unf\u00e4lle in Deutschland passieren zu Hause. Mit dem Kinderschutz f\u00fcr Steckdosen Hoffenbach (12 St\u00fcck im Set) haben Sie Ihr ganzes Haus vor Stromschl\u00e4gen gesichert<br \/>\n? EINFACHE BEDIENUNG: Sie stecken die Steckdosensicherung in eine offene Steckdose und dr\u00fccken fest. Kein Klebstoff wird verwendet und Ihre Steckdose wird geschont. Um die Steckdose wieder zu benutzen, Stecker in die gr\u00f6\u00dfere \u00d6ffnung der Steckdosensicherung einf\u00fchren, danach in Richtung der kleineren \u00d6ffnungen drehen und ausziehen<br \/>\n? KOMPATIBEL F\u00dcR DEUTSCHE STECKDOSEN: passt wie angegossen und herauszuziehen der Sicherung ist nur mit dem Stecker m\u00f6glich, sodass die Kinder schnell daran das Interesse verlieren<\/p>\n","protected":false},"featured_media":62442,"comment_status":"open","ping_status":"closed","template":"","meta":[],"product_brand":[],"product_cat":[21,9378],"product_tag":[],"class_list":{"0":"post-62441","1":"product","2":"type-product","3":"status-publish","4":"has-post-thumbnail","6":"product_cat-baby","7":"product_cat-sicherheit-baby","8":"pa_binding-babyartikel","9":"pa_brand-hoffenbach","10":"pa_manufacturer-hoffenbach","11":"pa_size-1-stueck-1er-pack","13":"first","14":"instock","15":"shipping-taxable","16":"purchasable","17":"product-type-simple","18":"customify-col","19":"product-has-gallery"},"yoast_head":"<!-- This site is optimized with the Yoast SEO plugin v27.4 - https:\/\/yoast.com\/product\/yoast-seo-wordpress\/ -->\n<title>Steckdosen Kindersicherung steckbar 12x - schont Steckdosen - Original Hoffenbach Germany - Kindersicherung f\u00fcr\u2026 - Markt-XXL<\/title>\n<meta name=\"description\" content=\"Markt-XXL Steckdosen Kindersicherung steckbar 12x - schont Steckdosen - Original Hoffenbach Germany - Kindersicherung f\u00fcr\u2026\" \/>\n<meta name=\"robots\" content=\"index, follow, max-snippet:-1, max-image-preview:large, max-video-preview:-1\" \/>\n<link rel=\"canonical\" href=\"https:\/\/marktxxl.de\/markt\/produkt\/steckdosen-kindersicherung-steckbar-12x-schont-steckdosen-original-hoffenbach-germany-kindersicherung-fuer-steckdosen-steckdosensicherung-fuer-babys-und-kinder-2-jahre-garantie\/\" \/>\n<meta property=\"og:locale\" content=\"de_DE\" \/>\n<meta property=\"og:type\" content=\"article\" \/>\n<meta property=\"og:title\" content=\"Steckdosen Kindersicherung steckbar 12x - schont Steckdosen - Original Hoffenbach Germany - Kindersicherung f\u00fcr\u2026 - Markt-XXL\" \/>\n<meta property=\"og:description\" content=\"Markt-XXL Steckdosen Kindersicherung steckbar 12x - schont Steckdosen - Original Hoffenbach Germany - Kindersicherung f\u00fcr\u2026\" \/>\n<meta property=\"og:url\" content=\"https:\/\/marktxxl.de\/markt\/produkt\/steckdosen-kindersicherung-steckbar-12x-schont-steckdosen-original-hoffenbach-germany-kindersicherung-fuer-steckdosen-steckdosensicherung-fuer-babys-und-kinder-2-jahre-garantie\/\" \/>\n<meta property=\"og:site_name\" content=\"Markt-XXL\" \/>\n<meta property=\"article:modified_time\" content=\"2023-04-10T00:20:38+00:00\" \/>\n<meta property=\"og:image\" content=\"https:\/\/m.media-amazon.com\/images\/I\/31TavKzWF6S._SL500_.jpg\" \/>\n\t<meta property=\"og:image:width\" content=\"500\" \/>\n\t<meta property=\"og:image:height\" content=\"500\" \/>\n\t<meta property=\"og:image:type\" content=\"image\/jpeg\" \/>\n<meta name=\"twitter:card\" content=\"summary_large_image\" \/>\n<meta name=\"twitter:label1\" content=\"Gesch\u00e4tzte Lesezeit\" \/>\n\t<meta name=\"twitter:data1\" content=\"1\u00a0Minute\" \/>\n<script type=\"application\/ld+json\" class=\"yoast-schema-graph\">{\"@context\":\"https:\\\/\\\/schema.org\",\"@graph\":[{\"@type\":\"WebPage\",\"@id\":\"https:\\\/\\\/marktxxl.de\\\/markt\\\/produkt\\\/steckdosen-kindersicherung-steckbar-12x-schont-steckdosen-original-hoffenbach-germany-kindersicherung-fuer-steckdosen-steckdosensicherung-fuer-babys-und-kinder-2-jahre-garantie\\\/\",\"url\":\"https:\\\/\\\/marktxxl.de\\\/markt\\\/produkt\\\/steckdosen-kindersicherung-steckbar-12x-schont-steckdosen-original-hoffenbach-germany-kindersicherung-fuer-steckdosen-steckdosensicherung-fuer-babys-und-kinder-2-jahre-garantie\\\/\",\"name\":\"Steckdosen Kindersicherung steckbar 12x - schont Steckdosen - Original Hoffenbach Germany - Kindersicherung f\u00fcr\u2026 - Markt-XXL\",\"isPartOf\":{\"@id\":\"https:\\\/\\\/marktxxl.de\\\/markt\\\/#website\"},\"primaryImageOfPage\":{\"@id\":\"https:\\\/\\\/marktxxl.de\\\/markt\\\/produkt\\\/steckdosen-kindersicherung-steckbar-12x-schont-steckdosen-original-hoffenbach-germany-kindersicherung-fuer-steckdosen-steckdosensicherung-fuer-babys-und-kinder-2-jahre-garantie\\\/#primaryimage\"},\"image\":{\"@id\":\"https:\\\/\\\/marktxxl.de\\\/markt\\\/produkt\\\/steckdosen-kindersicherung-steckbar-12x-schont-steckdosen-original-hoffenbach-germany-kindersicherung-fuer-steckdosen-steckdosensicherung-fuer-babys-und-kinder-2-jahre-garantie\\\/#primaryimage\"},\"thumbnailUrl\":\"https:\\\/\\\/m.media-amazon.com\\\/images\\\/I\\\/31TavKzWF6S._SL500_.jpg\",\"datePublished\":\"2021-11-11T20:40:06+00:00\",\"dateModified\":\"2023-04-10T00:20:38+00:00\",\"description\":\"Markt-XXL Steckdosen Kindersicherung steckbar 12x - schont Steckdosen - Original Hoffenbach Germany - Kindersicherung f\u00fcr\u2026\",\"breadcrumb\":{\"@id\":\"https:\\\/\\\/marktxxl.de\\\/markt\\\/produkt\\\/steckdosen-kindersicherung-steckbar-12x-schont-steckdosen-original-hoffenbach-germany-kindersicherung-fuer-steckdosen-steckdosensicherung-fuer-babys-und-kinder-2-jahre-garantie\\\/#breadcrumb\"},\"inLanguage\":\"de\",\"potentialAction\":[{\"@type\":\"ReadAction\",\"target\":[\"https:\\\/\\\/marktxxl.de\\\/markt\\\/produkt\\\/steckdosen-kindersicherung-steckbar-12x-schont-steckdosen-original-hoffenbach-germany-kindersicherung-fuer-steckdosen-steckdosensicherung-fuer-babys-und-kinder-2-jahre-garantie\\\/\"]}]},{\"@type\":\"ImageObject\",\"inLanguage\":\"de\",\"@id\":\"https:\\\/\\\/marktxxl.de\\\/markt\\\/produkt\\\/steckdosen-kindersicherung-steckbar-12x-schont-steckdosen-original-hoffenbach-germany-kindersicherung-fuer-steckdosen-steckdosensicherung-fuer-babys-und-kinder-2-jahre-garantie\\\/#primaryimage\",\"url\":\"https:\\\/\\\/m.media-amazon.com\\\/images\\\/I\\\/31TavKzWF6S._SL500_.jpg\",\"contentUrl\":\"https:\\\/\\\/m.media-amazon.com\\\/images\\\/I\\\/31TavKzWF6S._SL500_.jpg\",\"width\":500,\"height\":500},{\"@type\":\"BreadcrumbList\",\"@id\":\"https:\\\/\\\/marktxxl.de\\\/markt\\\/produkt\\\/steckdosen-kindersicherung-steckbar-12x-schont-steckdosen-original-hoffenbach-germany-kindersicherung-fuer-steckdosen-steckdosensicherung-fuer-babys-und-kinder-2-jahre-garantie\\\/#breadcrumb\",\"itemListElement\":[{\"@type\":\"ListItem\",\"position\":1,\"name\":\"Startseite\",\"item\":\"https:\\\/\\\/marktxxl.de\\\/markt\\\/\"},{\"@type\":\"ListItem\",\"position\":2,\"name\":\"Markt\",\"item\":\"https:\\\/\\\/marktxxl.de\\\/markt\\\/\"},{\"@type\":\"ListItem\",\"position\":3,\"name\":\"Steckdosen Kindersicherung steckbar 12x &#8211; schont Steckdosen &#8211; Original Hoffenbach Germany &#8211; Kindersicherung f\u00fcr\u2026\"}]},{\"@type\":\"WebSite\",\"@id\":\"https:\\\/\\\/marktxxl.de\\\/markt\\\/#website\",\"url\":\"https:\\\/\\\/marktxxl.de\\\/markt\\\/\",\"name\":\"Markt-XXL\",\"description\":\"Ihr Markt Online\",\"publisher\":{\"@id\":\"https:\\\/\\\/marktxxl.de\\\/markt\\\/#organization\"},\"potentialAction\":[{\"@type\":\"SearchAction\",\"target\":{\"@type\":\"EntryPoint\",\"urlTemplate\":\"https:\\\/\\\/marktxxl.de\\\/markt\\\/?s={search_term_string}\"},\"query-input\":{\"@type\":\"PropertyValueSpecification\",\"valueRequired\":true,\"valueName\":\"search_term_string\"}}],\"inLanguage\":\"de\"},{\"@type\":\"Organization\",\"@id\":\"https:\\\/\\\/marktxxl.de\\\/markt\\\/#organization\",\"name\":\"Markt-XXL\",\"url\":\"https:\\\/\\\/marktxxl.de\\\/markt\\\/\",\"logo\":{\"@type\":\"ImageObject\",\"inLanguage\":\"de\",\"@id\":\"https:\\\/\\\/marktxxl.de\\\/markt\\\/#\\\/schema\\\/logo\\\/image\\\/\",\"url\":\"https:\\\/\\\/marktxxl.de\\\/markt\\\/wp-content\\\/uploads\\\/sites\\\/3\\\/2020\\\/12\\\/logo.png\",\"contentUrl\":\"https:\\\/\\\/marktxxl.de\\\/markt\\\/wp-content\\\/uploads\\\/sites\\\/3\\\/2020\\\/12\\\/logo.png\",\"width\":200,\"height\":70,\"caption\":\"Markt-XXL\"},\"image\":{\"@id\":\"https:\\\/\\\/marktxxl.de\\\/markt\\\/#\\\/schema\\\/logo\\\/image\\\/\"}}]}<\/script>\n<!-- \/ Yoast SEO plugin. -->","yoast_head_json":{"title":"Steckdosen Kindersicherung steckbar 12x - schont Steckdosen - Original Hoffenbach Germany - Kindersicherung f\u00fcr\u2026 - Markt-XXL","description":"Markt-XXL Steckdosen Kindersicherung steckbar 12x - schont Steckdosen - Original Hoffenbach Germany - Kindersicherung f\u00fcr\u2026","robots":{"index":"index","follow":"follow","max-snippet":"max-snippet:-1","max-image-preview":"max-image-preview:large","max-video-preview":"max-video-preview:-1"},"canonical":"https:\/\/marktxxl.de\/markt\/produkt\/steckdosen-kindersicherung-steckbar-12x-schont-steckdosen-original-hoffenbach-germany-kindersicherung-fuer-steckdosen-steckdosensicherung-fuer-babys-und-kinder-2-jahre-garantie\/","og_locale":"de_DE","og_type":"article","og_title":"Steckdosen Kindersicherung steckbar 12x - schont Steckdosen - Original Hoffenbach Germany - Kindersicherung f\u00fcr\u2026 - Markt-XXL","og_description":"Markt-XXL Steckdosen Kindersicherung steckbar 12x - schont Steckdosen - Original Hoffenbach Germany - Kindersicherung f\u00fcr\u2026","og_url":"https:\/\/marktxxl.de\/markt\/produkt\/steckdosen-kindersicherung-steckbar-12x-schont-steckdosen-original-hoffenbach-germany-kindersicherung-fuer-steckdosen-steckdosensicherung-fuer-babys-und-kinder-2-jahre-garantie\/","og_site_name":"Markt-XXL","article_modified_time":"2023-04-10T00:20:38+00:00","og_image":[{"width":500,"height":500,"url":"https:\/\/m.media-amazon.com\/images\/I\/31TavKzWF6S._SL500_.jpg","type":"image\/jpeg"}],"twitter_card":"summary_large_image","twitter_misc":{"Gesch\u00e4tzte Lesezeit":"1\u00a0Minute"},"schema":{"@context":"https:\/\/schema.org","@graph":[{"@type":"WebPage","@id":"https:\/\/marktxxl.de\/markt\/produkt\/steckdosen-kindersicherung-steckbar-12x-schont-steckdosen-original-hoffenbach-germany-kindersicherung-fuer-steckdosen-steckdosensicherung-fuer-babys-und-kinder-2-jahre-garantie\/","url":"https:\/\/marktxxl.de\/markt\/produkt\/steckdosen-kindersicherung-steckbar-12x-schont-steckdosen-original-hoffenbach-germany-kindersicherung-fuer-steckdosen-steckdosensicherung-fuer-babys-und-kinder-2-jahre-garantie\/","name":"Steckdosen Kindersicherung steckbar 12x - schont Steckdosen - Original Hoffenbach Germany - Kindersicherung f\u00fcr\u2026 - Markt-XXL","isPartOf":{"@id":"https:\/\/marktxxl.de\/markt\/#website"},"primaryImageOfPage":{"@id":"https:\/\/marktxxl.de\/markt\/produkt\/steckdosen-kindersicherung-steckbar-12x-schont-steckdosen-original-hoffenbach-germany-kindersicherung-fuer-steckdosen-steckdosensicherung-fuer-babys-und-kinder-2-jahre-garantie\/#primaryimage"},"image":{"@id":"https:\/\/marktxxl.de\/markt\/produkt\/steckdosen-kindersicherung-steckbar-12x-schont-steckdosen-original-hoffenbach-germany-kindersicherung-fuer-steckdosen-steckdosensicherung-fuer-babys-und-kinder-2-jahre-garantie\/#primaryimage"},"thumbnailUrl":"https:\/\/m.media-amazon.com\/images\/I\/31TavKzWF6S._SL500_.jpg","datePublished":"2021-11-11T20:40:06+00:00","dateModified":"2023-04-10T00:20:38+00:00","description":"Markt-XXL Steckdosen Kindersicherung steckbar 12x - schont Steckdosen - Original Hoffenbach Germany - Kindersicherung f\u00fcr\u2026","breadcrumb":{"@id":"https:\/\/marktxxl.de\/markt\/produkt\/steckdosen-kindersicherung-steckbar-12x-schont-steckdosen-original-hoffenbach-germany-kindersicherung-fuer-steckdosen-steckdosensicherung-fuer-babys-und-kinder-2-jahre-garantie\/#breadcrumb"},"inLanguage":"de","potentialAction":[{"@type":"ReadAction","target":["https:\/\/marktxxl.de\/markt\/produkt\/steckdosen-kindersicherung-steckbar-12x-schont-steckdosen-original-hoffenbach-germany-kindersicherung-fuer-steckdosen-steckdosensicherung-fuer-babys-und-kinder-2-jahre-garantie\/"]}]},{"@type":"ImageObject","inLanguage":"de","@id":"https:\/\/marktxxl.de\/markt\/produkt\/steckdosen-kindersicherung-steckbar-12x-schont-steckdosen-original-hoffenbach-germany-kindersicherung-fuer-steckdosen-steckdosensicherung-fuer-babys-und-kinder-2-jahre-garantie\/#primaryimage","url":"https:\/\/m.media-amazon.com\/images\/I\/31TavKzWF6S._SL500_.jpg","contentUrl":"https:\/\/m.media-amazon.com\/images\/I\/31TavKzWF6S._SL500_.jpg","width":500,"height":500},{"@type":"BreadcrumbList","@id":"https:\/\/marktxxl.de\/markt\/produkt\/steckdosen-kindersicherung-steckbar-12x-schont-steckdosen-original-hoffenbach-germany-kindersicherung-fuer-steckdosen-steckdosensicherung-fuer-babys-und-kinder-2-jahre-garantie\/#breadcrumb","itemListElement":[{"@type":"ListItem","position":1,"name":"Startseite","item":"https:\/\/marktxxl.de\/markt\/"},{"@type":"ListItem","position":2,"name":"Markt","item":"https:\/\/marktxxl.de\/markt\/"},{"@type":"ListItem","position":3,"name":"Steckdosen Kindersicherung steckbar 12x &#8211; schont Steckdosen &#8211; Original Hoffenbach Germany &#8211; Kindersicherung f\u00fcr\u2026"}]},{"@type":"WebSite","@id":"https:\/\/marktxxl.de\/markt\/#website","url":"https:\/\/marktxxl.de\/markt\/","name":"Markt-XXL","description":"Ihr Markt Online","publisher":{"@id":"https:\/\/marktxxl.de\/markt\/#organization"},"potentialAction":[{"@type":"SearchAction","target":{"@type":"EntryPoint","urlTemplate":"https:\/\/marktxxl.de\/markt\/?s={search_term_string}"},"query-input":{"@type":"PropertyValueSpecification","valueRequired":true,"valueName":"search_term_string"}}],"inLanguage":"de"},{"@type":"Organization","@id":"https:\/\/marktxxl.de\/markt\/#organization","name":"Markt-XXL","url":"https:\/\/marktxxl.de\/markt\/","logo":{"@type":"ImageObject","inLanguage":"de","@id":"https:\/\/marktxxl.de\/markt\/#\/schema\/logo\/image\/","url":"https:\/\/marktxxl.de\/markt\/wp-content\/uploads\/sites\/3\/2020\/12\/logo.png","contentUrl":"https:\/\/marktxxl.de\/markt\/wp-content\/uploads\/sites\/3\/2020\/12\/logo.png","width":200,"height":70,"caption":"Markt-XXL"},"image":{"@id":"https:\/\/marktxxl.de\/markt\/#\/schema\/logo\/image\/"}}]}},"_links":{"self":[{"href":"https:\/\/marktxxl.de\/markt\/wp-json\/wp\/v2\/product\/62441","targetHints":{"allow":["GET"]}}],"collection":[{"href":"https:\/\/marktxxl.de\/markt\/wp-json\/wp\/v2\/product"}],"about":[{"href":"https:\/\/marktxxl.de\/markt\/wp-json\/wp\/v2\/types\/product"}],"replies":[{"embeddable":true,"href":"https:\/\/marktxxl.de\/markt\/wp-json\/wp\/v2\/comments?post=62441"}],"wp:featuredmedia":[{"embeddable":true,"href":"https:\/\/marktxxl.de\/markt\/wp-json\/wp\/v2\/media\/62442"}],"wp:attachment":[{"href":"https:\/\/marktxxl.de\/markt\/wp-json\/wp\/v2\/media?parent=62441"}],"wp:term":[{"taxonomy":"product_brand","embeddable":true,"href":"https:\/\/marktxxl.de\/markt\/wp-json\/wp\/v2\/product_brand?post=62441"},{"taxonomy":"product_cat","embeddable":true,"href":"https:\/\/marktxxl.de\/markt\/wp-json\/wp\/v2\/product_cat?post=62441"},{"taxonomy":"product_tag","embeddable":true,"href":"https:\/\/marktxxl.de\/markt\/wp-json\/wp\/v2\/product_tag?post=62441"}],"curies":[{"name":"wp","href":"https:\/\/api.w.org\/{rel}","templated":true}]}}