{"id":62298,"date":"2021-11-11T21:25:00","date_gmt":"2021-11-11T20:25:00","guid":{"rendered":"https:\/\/marktxxl.de\/markt\/produkt\/byetoo-steckdosenabdeckungen-fuer-britische-steckdosen-weiss-21-stueck\/"},"modified":"2023-04-10T02:20:35","modified_gmt":"2023-04-10T00:20:35","slug":"byetoo-steckdosenabdeckungen-fuer-britische-steckdosen-weiss-21-stueck","status":"publish","type":"product","link":"https:\/\/marktxxl.de\/markt\/produkt\/byetoo-steckdosenabdeckungen-fuer-britische-steckdosen-weiss-21-stueck\/","title":{"rendered":"Byetoo Steckdosenabdeckungen f\u00fcr britische Steckdosen, Wei\u00df, 21 St\u00fcck"},"content":{"rendered":"<p>\u9242\u308f\u7b0d\u9514\u5fcb\ufffd\u6031ch\u7709tzen Sie Ihre Kleinen und verhindern Sie versehentlichen St\u679a\u813de\u9286\u6161ind Sie auf der Suche nach einer praktischen L\u679asung, um zu verhindern, dass Ihre Kinder mit den Steckdosen spielen und das Risiko eines elektrischen Schlags vermeiden Die 21-teiligen Steckdosenabdeckungen von Byetoo sind genau daf\u7709r gebaut. Dies sind eine durchdachte Heimversorgung f\u7709r Steckdosen, Wandsteckdosen und Stecker, um Ihre Familie vor versehentlichen elektrischen Schlag zu sch\u7709tzen<br \/>\n\u9242\u308f\u7b0d\u9514\u5fcb\ufffd\u6011infach zu installieren\u9286\ufffd Vollst\u76f2ndige Plug-and-Play-Schutzabdeckungen. Verwenden Sie unkonventionelle Methoden, um die elektrischen D\u7709bel in Ihrem Zuhause abzudecken Nicht mehr mit unserem neuen Bonus-Set von Steckdosenabdeckungen. Machen Sie es Ihren verspielten kleinen Kindern unm\u679aglich, mit Strom zu spielen, egal ob Sie zu Hause sind oder nicht. Was ist mehr Sie sind absolut einfach zu installieren. Einfach in den Steckdosenstecker stecken und schon kann es losgehen.<br \/>\n\u9242\u308f\u7b0d\u9514\u5fcb\ufffd\u6031chaffen Sie eine sichere und gefahrfreie Umgebung f\u7709r Ihre Familie\u9286\u6154aben Sie kleine Kinder in Ihrem Zuhause und machen Sie sich Sorgen, dass Steckdosen ein gro\u813des Sicherheitsrisiko darstellen Diese Steckdosenabdeckungen f\u7709r elektrische Steckdose sind im Hinblick auf Sicherheit gebaut. Ihre Standardgr\u679a\u813de bedeutet, dass sie mit den meisten England-Steckdosen funktionieren. Sobald sie angebracht sind, schieben Sie einfach die Platte und stecken Sie Ihre Ger\u76f2te ein. Babys dageg<br \/>\n\u9242\u308f\u7b0d\u9514\u5fcb\ufffd\u6018ochwertige Stecker-Protektoren mit einem automatischen Schlie\u813dmechanismus\u9286\u6165erwenden Sie Steckdosen-Schutzh\u7709llen, die sich leicht abnutzen oder schwer zu verarbeiten sind Das 21-teilige Set von BYETOO kindersicheren Sicherheits-Steckdosen ist super einfach zu bedienen. Ein Schiebemechanismus schlie\u813dt automatisch und bleibt an Ort und Stelle. Noch besser, jedes St\u7709ck ist aus strapazierf\u76f2higem ABS-Material, das lange h\u76f2lt, so dass Sie ein maximales Preis-Leistungs-Verh\u76f2ltnis<br \/>\nInternational products have separate terms, are sold from abroad and may differ from local products, including fit, age ratings, and language of product, labeling or instructions.<br \/>\n<div class=\"main-cross-sell\" data-asin=\"B07MVY52CW\">\n\n\t<div class=\"WooZone-cross-sell-loader\">\n\t\t<div>\n\t\t\t<div id=\"floatingBarsG\">\n\t\t\t\t<div class=\"blockG\" id=\"rotateG_01\"><\/div>\n\t\t\t\t<div class=\"blockG\" id=\"rotateG_02\"><\/div>\n\t\t\t\t<div class=\"blockG\" id=\"rotateG_03\"><\/div>\n\t\t\t\t<div class=\"blockG\" id=\"rotateG_04\"><\/div>\n\t\t\t\t<div class=\"blockG\" id=\"rotateG_05\"><\/div>\n\t\t\t\t<div class=\"blockG\" id=\"rotateG_06\"><\/div>\n\t\t\t\t<div class=\"blockG\" id=\"rotateG_07\"><\/div>\n\t\t\t\t<div class=\"blockG\" id=\"rotateG_08\"><\/div>\n\t\t\t<\/div>\n\t\t\t<div class=\"WooZone-cross-sell-loader-text\"><\/div>\n\t\t<\/div>\n\t<\/div>\n\n\t\t\n<\/div>\n<div style=\"clear:both;\"><\/div><\/p>\n","protected":false},"excerpt":{"rendered":"<p>\u9242\u308f\u7b0d\u9514\u5fcb\ufffd\u6031ch\u7709tzen Sie Ihre Kleinen und verhindern Sie versehentlichen St\u679a\u813de\u9286\u6161ind Sie auf der Suche nach einer praktischen L\u679asung, um zu verhindern, dass Ihre Kinder mit den Steckdosen spielen und das Risiko eines elektrischen Schlags vermeiden Die 21-teiligen Steckdosenabdeckungen von Byetoo sind genau daf\u7709r gebaut. Dies sind eine durchdachte Heimversorgung f\u7709r Steckdosen, Wandsteckdosen und Stecker, um Ihre Familie vor versehentlichen elektrischen Schlag zu sch\u7709tzen<br \/>\n\u9242\u308f\u7b0d\u9514\u5fcb\ufffd\u6011infach zu installieren\u9286\ufffd Vollst\u76f2ndige Plug-and-Play-Schutzabdeckungen. Verwenden Sie unkonventionelle Methoden, um die elektrischen D\u7709bel in Ihrem Zuhause abzudecken Nicht mehr mit unserem neuen Bonus-Set von Steckdosenabdeckungen. Machen Sie es Ihren verspielten kleinen Kindern unm\u679aglich, mit Strom zu spielen, egal ob Sie zu Hause sind oder nicht. Was ist mehr Sie sind absolut einfach zu installieren. Einfach in den Steckdosenstecker stecken und schon kann es losgehen.<br \/>\n\u9242\u308f\u7b0d\u9514\u5fcb\ufffd\u6031chaffen Sie eine sichere und gefahrfreie Umgebung f\u7709r Ihre Familie\u9286\u6154aben Sie kleine Kinder in Ihrem Zuhause und machen Sie sich Sorgen, dass Steckdosen ein gro\u813des Sicherheitsrisiko darstellen Diese Steckdosenabdeckungen f\u7709r elektrische Steckdose sind im Hinblick auf Sicherheit gebaut. Ihre Standardgr\u679a\u813de bedeutet, dass sie mit den meisten England-Steckdosen funktionieren. Sobald sie angebracht sind, schieben Sie einfach die Platte und stecken Sie Ihre Ger\u76f2te ein. Babys dageg<\/p>\n","protected":false},"featured_media":62299,"comment_status":"open","ping_status":"closed","template":"","meta":[],"product_brand":[],"product_cat":[21,9378],"product_tag":[],"class_list":{"0":"post-62298","1":"product","2":"type-product","3":"status-publish","4":"has-post-thumbnail","6":"product_cat-baby","7":"product_cat-sicherheit-baby","8":"pa_binding-babyartikel","9":"pa_brand-byetoo","10":"pa_color-weiss","11":"pa_manufacturer-byetoo","12":"pa_size-21-count-pack-of-1","14":"first","15":"instock","16":"shipping-taxable","17":"purchasable","18":"product-type-simple","19":"customify-col","20":"product-has-gallery"},"yoast_head":"<!-- This site is optimized with the Yoast SEO plugin v27.3 - https:\/\/yoast.com\/product\/yoast-seo-wordpress\/ -->\n<title>Byetoo Steckdosenabdeckungen f\u00fcr britische Steckdosen, Wei\u00df, 21 St\u00fcck - Markt-XXL<\/title>\n<meta name=\"description\" content=\"Markt-XXL Byetoo Steckdosenabdeckungen f\u00fcr britische Steckdosen, Wei\u00df, 21 St\u00fcck\" \/>\n<meta name=\"robots\" content=\"index, follow, max-snippet:-1, max-image-preview:large, max-video-preview:-1\" \/>\n<link rel=\"canonical\" href=\"https:\/\/marktxxl.de\/markt\/produkt\/byetoo-steckdosenabdeckungen-fuer-britische-steckdosen-weiss-21-stueck\/\" \/>\n<meta property=\"og:locale\" content=\"de_DE\" \/>\n<meta property=\"og:type\" content=\"article\" \/>\n<meta property=\"og:title\" content=\"Byetoo Steckdosenabdeckungen f\u00fcr britische Steckdosen, Wei\u00df, 21 St\u00fcck - Markt-XXL\" \/>\n<meta property=\"og:description\" content=\"Markt-XXL Byetoo Steckdosenabdeckungen f\u00fcr britische Steckdosen, Wei\u00df, 21 St\u00fcck\" \/>\n<meta property=\"og:url\" content=\"https:\/\/marktxxl.de\/markt\/produkt\/byetoo-steckdosenabdeckungen-fuer-britische-steckdosen-weiss-21-stueck\/\" \/>\n<meta property=\"og:site_name\" content=\"Markt-XXL\" \/>\n<meta property=\"article:modified_time\" content=\"2023-04-10T00:20:35+00:00\" \/>\n<meta property=\"og:image\" content=\"https:\/\/m.media-amazon.com\/images\/I\/31zNJ67bXGL._SL500_.jpg\" \/>\n\t<meta property=\"og:image:width\" content=\"500\" \/>\n\t<meta property=\"og:image:height\" content=\"491\" \/>\n\t<meta property=\"og:image:type\" content=\"image\/jpeg\" \/>\n<meta name=\"twitter:card\" content=\"summary_large_image\" \/>\n<meta name=\"twitter:label1\" content=\"Gesch\u00e4tzte Lesezeit\" \/>\n\t<meta name=\"twitter:data1\" content=\"2\u00a0Minuten\" \/>\n<script type=\"application\/ld+json\" class=\"yoast-schema-graph\">{\"@context\":\"https:\\\/\\\/schema.org\",\"@graph\":[{\"@type\":\"WebPage\",\"@id\":\"https:\\\/\\\/marktxxl.de\\\/markt\\\/produkt\\\/byetoo-steckdosenabdeckungen-fuer-britische-steckdosen-weiss-21-stueck\\\/\",\"url\":\"https:\\\/\\\/marktxxl.de\\\/markt\\\/produkt\\\/byetoo-steckdosenabdeckungen-fuer-britische-steckdosen-weiss-21-stueck\\\/\",\"name\":\"Byetoo Steckdosenabdeckungen f\u00fcr britische Steckdosen, Wei\u00df, 21 St\u00fcck - Markt-XXL\",\"isPartOf\":{\"@id\":\"https:\\\/\\\/marktxxl.de\\\/markt\\\/#website\"},\"primaryImageOfPage\":{\"@id\":\"https:\\\/\\\/marktxxl.de\\\/markt\\\/produkt\\\/byetoo-steckdosenabdeckungen-fuer-britische-steckdosen-weiss-21-stueck\\\/#primaryimage\"},\"image\":{\"@id\":\"https:\\\/\\\/marktxxl.de\\\/markt\\\/produkt\\\/byetoo-steckdosenabdeckungen-fuer-britische-steckdosen-weiss-21-stueck\\\/#primaryimage\"},\"thumbnailUrl\":\"https:\\\/\\\/m.media-amazon.com\\\/images\\\/I\\\/31zNJ67bXGL._SL500_.jpg\",\"datePublished\":\"2021-11-11T20:25:00+00:00\",\"dateModified\":\"2023-04-10T00:20:35+00:00\",\"description\":\"Markt-XXL Byetoo Steckdosenabdeckungen f\u00fcr britische Steckdosen, Wei\u00df, 21 St\u00fcck\",\"breadcrumb\":{\"@id\":\"https:\\\/\\\/marktxxl.de\\\/markt\\\/produkt\\\/byetoo-steckdosenabdeckungen-fuer-britische-steckdosen-weiss-21-stueck\\\/#breadcrumb\"},\"inLanguage\":\"de\",\"potentialAction\":[{\"@type\":\"ReadAction\",\"target\":[\"https:\\\/\\\/marktxxl.de\\\/markt\\\/produkt\\\/byetoo-steckdosenabdeckungen-fuer-britische-steckdosen-weiss-21-stueck\\\/\"]}]},{\"@type\":\"ImageObject\",\"inLanguage\":\"de\",\"@id\":\"https:\\\/\\\/marktxxl.de\\\/markt\\\/produkt\\\/byetoo-steckdosenabdeckungen-fuer-britische-steckdosen-weiss-21-stueck\\\/#primaryimage\",\"url\":\"https:\\\/\\\/m.media-amazon.com\\\/images\\\/I\\\/31zNJ67bXGL._SL500_.jpg\",\"contentUrl\":\"https:\\\/\\\/m.media-amazon.com\\\/images\\\/I\\\/31zNJ67bXGL._SL500_.jpg\",\"width\":500,\"height\":491},{\"@type\":\"BreadcrumbList\",\"@id\":\"https:\\\/\\\/marktxxl.de\\\/markt\\\/produkt\\\/byetoo-steckdosenabdeckungen-fuer-britische-steckdosen-weiss-21-stueck\\\/#breadcrumb\",\"itemListElement\":[{\"@type\":\"ListItem\",\"position\":1,\"name\":\"Startseite\",\"item\":\"https:\\\/\\\/marktxxl.de\\\/markt\\\/\"},{\"@type\":\"ListItem\",\"position\":2,\"name\":\"Markt\",\"item\":\"https:\\\/\\\/marktxxl.de\\\/markt\\\/\"},{\"@type\":\"ListItem\",\"position\":3,\"name\":\"Byetoo Steckdosenabdeckungen f\u00fcr britische Steckdosen, Wei\u00df, 21 St\u00fcck\"}]},{\"@type\":\"WebSite\",\"@id\":\"https:\\\/\\\/marktxxl.de\\\/markt\\\/#website\",\"url\":\"https:\\\/\\\/marktxxl.de\\\/markt\\\/\",\"name\":\"Markt-XXL\",\"description\":\"Ihr Markt Online\",\"publisher\":{\"@id\":\"https:\\\/\\\/marktxxl.de\\\/markt\\\/#organization\"},\"potentialAction\":[{\"@type\":\"SearchAction\",\"target\":{\"@type\":\"EntryPoint\",\"urlTemplate\":\"https:\\\/\\\/marktxxl.de\\\/markt\\\/?s={search_term_string}\"},\"query-input\":{\"@type\":\"PropertyValueSpecification\",\"valueRequired\":true,\"valueName\":\"search_term_string\"}}],\"inLanguage\":\"de\"},{\"@type\":\"Organization\",\"@id\":\"https:\\\/\\\/marktxxl.de\\\/markt\\\/#organization\",\"name\":\"Markt-XXL\",\"url\":\"https:\\\/\\\/marktxxl.de\\\/markt\\\/\",\"logo\":{\"@type\":\"ImageObject\",\"inLanguage\":\"de\",\"@id\":\"https:\\\/\\\/marktxxl.de\\\/markt\\\/#\\\/schema\\\/logo\\\/image\\\/\",\"url\":\"https:\\\/\\\/marktxxl.de\\\/markt\\\/wp-content\\\/uploads\\\/sites\\\/3\\\/2020\\\/12\\\/logo.png\",\"contentUrl\":\"https:\\\/\\\/marktxxl.de\\\/markt\\\/wp-content\\\/uploads\\\/sites\\\/3\\\/2020\\\/12\\\/logo.png\",\"width\":200,\"height\":70,\"caption\":\"Markt-XXL\"},\"image\":{\"@id\":\"https:\\\/\\\/marktxxl.de\\\/markt\\\/#\\\/schema\\\/logo\\\/image\\\/\"}}]}<\/script>\n<!-- \/ Yoast SEO plugin. -->","yoast_head_json":{"title":"Byetoo Steckdosenabdeckungen f\u00fcr britische Steckdosen, Wei\u00df, 21 St\u00fcck - Markt-XXL","description":"Markt-XXL Byetoo Steckdosenabdeckungen f\u00fcr britische Steckdosen, Wei\u00df, 21 St\u00fcck","robots":{"index":"index","follow":"follow","max-snippet":"max-snippet:-1","max-image-preview":"max-image-preview:large","max-video-preview":"max-video-preview:-1"},"canonical":"https:\/\/marktxxl.de\/markt\/produkt\/byetoo-steckdosenabdeckungen-fuer-britische-steckdosen-weiss-21-stueck\/","og_locale":"de_DE","og_type":"article","og_title":"Byetoo Steckdosenabdeckungen f\u00fcr britische Steckdosen, Wei\u00df, 21 St\u00fcck - Markt-XXL","og_description":"Markt-XXL Byetoo Steckdosenabdeckungen f\u00fcr britische Steckdosen, Wei\u00df, 21 St\u00fcck","og_url":"https:\/\/marktxxl.de\/markt\/produkt\/byetoo-steckdosenabdeckungen-fuer-britische-steckdosen-weiss-21-stueck\/","og_site_name":"Markt-XXL","article_modified_time":"2023-04-10T00:20:35+00:00","og_image":[{"width":500,"height":491,"url":"https:\/\/m.media-amazon.com\/images\/I\/31zNJ67bXGL._SL500_.jpg","type":"image\/jpeg"}],"twitter_card":"summary_large_image","twitter_misc":{"Gesch\u00e4tzte Lesezeit":"2\u00a0Minuten"},"schema":{"@context":"https:\/\/schema.org","@graph":[{"@type":"WebPage","@id":"https:\/\/marktxxl.de\/markt\/produkt\/byetoo-steckdosenabdeckungen-fuer-britische-steckdosen-weiss-21-stueck\/","url":"https:\/\/marktxxl.de\/markt\/produkt\/byetoo-steckdosenabdeckungen-fuer-britische-steckdosen-weiss-21-stueck\/","name":"Byetoo Steckdosenabdeckungen f\u00fcr britische Steckdosen, Wei\u00df, 21 St\u00fcck - Markt-XXL","isPartOf":{"@id":"https:\/\/marktxxl.de\/markt\/#website"},"primaryImageOfPage":{"@id":"https:\/\/marktxxl.de\/markt\/produkt\/byetoo-steckdosenabdeckungen-fuer-britische-steckdosen-weiss-21-stueck\/#primaryimage"},"image":{"@id":"https:\/\/marktxxl.de\/markt\/produkt\/byetoo-steckdosenabdeckungen-fuer-britische-steckdosen-weiss-21-stueck\/#primaryimage"},"thumbnailUrl":"https:\/\/m.media-amazon.com\/images\/I\/31zNJ67bXGL._SL500_.jpg","datePublished":"2021-11-11T20:25:00+00:00","dateModified":"2023-04-10T00:20:35+00:00","description":"Markt-XXL Byetoo Steckdosenabdeckungen f\u00fcr britische Steckdosen, Wei\u00df, 21 St\u00fcck","breadcrumb":{"@id":"https:\/\/marktxxl.de\/markt\/produkt\/byetoo-steckdosenabdeckungen-fuer-britische-steckdosen-weiss-21-stueck\/#breadcrumb"},"inLanguage":"de","potentialAction":[{"@type":"ReadAction","target":["https:\/\/marktxxl.de\/markt\/produkt\/byetoo-steckdosenabdeckungen-fuer-britische-steckdosen-weiss-21-stueck\/"]}]},{"@type":"ImageObject","inLanguage":"de","@id":"https:\/\/marktxxl.de\/markt\/produkt\/byetoo-steckdosenabdeckungen-fuer-britische-steckdosen-weiss-21-stueck\/#primaryimage","url":"https:\/\/m.media-amazon.com\/images\/I\/31zNJ67bXGL._SL500_.jpg","contentUrl":"https:\/\/m.media-amazon.com\/images\/I\/31zNJ67bXGL._SL500_.jpg","width":500,"height":491},{"@type":"BreadcrumbList","@id":"https:\/\/marktxxl.de\/markt\/produkt\/byetoo-steckdosenabdeckungen-fuer-britische-steckdosen-weiss-21-stueck\/#breadcrumb","itemListElement":[{"@type":"ListItem","position":1,"name":"Startseite","item":"https:\/\/marktxxl.de\/markt\/"},{"@type":"ListItem","position":2,"name":"Markt","item":"https:\/\/marktxxl.de\/markt\/"},{"@type":"ListItem","position":3,"name":"Byetoo Steckdosenabdeckungen f\u00fcr britische Steckdosen, Wei\u00df, 21 St\u00fcck"}]},{"@type":"WebSite","@id":"https:\/\/marktxxl.de\/markt\/#website","url":"https:\/\/marktxxl.de\/markt\/","name":"Markt-XXL","description":"Ihr Markt Online","publisher":{"@id":"https:\/\/marktxxl.de\/markt\/#organization"},"potentialAction":[{"@type":"SearchAction","target":{"@type":"EntryPoint","urlTemplate":"https:\/\/marktxxl.de\/markt\/?s={search_term_string}"},"query-input":{"@type":"PropertyValueSpecification","valueRequired":true,"valueName":"search_term_string"}}],"inLanguage":"de"},{"@type":"Organization","@id":"https:\/\/marktxxl.de\/markt\/#organization","name":"Markt-XXL","url":"https:\/\/marktxxl.de\/markt\/","logo":{"@type":"ImageObject","inLanguage":"de","@id":"https:\/\/marktxxl.de\/markt\/#\/schema\/logo\/image\/","url":"https:\/\/marktxxl.de\/markt\/wp-content\/uploads\/sites\/3\/2020\/12\/logo.png","contentUrl":"https:\/\/marktxxl.de\/markt\/wp-content\/uploads\/sites\/3\/2020\/12\/logo.png","width":200,"height":70,"caption":"Markt-XXL"},"image":{"@id":"https:\/\/marktxxl.de\/markt\/#\/schema\/logo\/image\/"}}]}},"_links":{"self":[{"href":"https:\/\/marktxxl.de\/markt\/wp-json\/wp\/v2\/product\/62298","targetHints":{"allow":["GET"]}}],"collection":[{"href":"https:\/\/marktxxl.de\/markt\/wp-json\/wp\/v2\/product"}],"about":[{"href":"https:\/\/marktxxl.de\/markt\/wp-json\/wp\/v2\/types\/product"}],"replies":[{"embeddable":true,"href":"https:\/\/marktxxl.de\/markt\/wp-json\/wp\/v2\/comments?post=62298"}],"wp:featuredmedia":[{"embeddable":true,"href":"https:\/\/marktxxl.de\/markt\/wp-json\/wp\/v2\/media\/62299"}],"wp:attachment":[{"href":"https:\/\/marktxxl.de\/markt\/wp-json\/wp\/v2\/media?parent=62298"}],"wp:term":[{"taxonomy":"product_brand","embeddable":true,"href":"https:\/\/marktxxl.de\/markt\/wp-json\/wp\/v2\/product_brand?post=62298"},{"taxonomy":"product_cat","embeddable":true,"href":"https:\/\/marktxxl.de\/markt\/wp-json\/wp\/v2\/product_cat?post=62298"},{"taxonomy":"product_tag","embeddable":true,"href":"https:\/\/marktxxl.de\/markt\/wp-json\/wp\/v2\/product_tag?post=62298"}],"curies":[{"name":"wp","href":"https:\/\/api.w.org\/{rel}","templated":true}]}}