{"id":62135,"date":"2021-11-11T20:51:21","date_gmt":"2021-11-11T19:51:21","guid":{"rendered":"https:\/\/marktxxl.de\/markt\/produkt\/artpin-3er-set-poster-kinderzimmer-a4-bilder-babyzimmer-deko-maedchen-junge-p34\/"},"modified":"2023-04-10T02:20:31","modified_gmt":"2023-04-10T00:20:31","slug":"artpin-3er-set-poster-kinderzimmer-a4-bilder-babyzimmer-deko-maedchen-junge-p34","status":"publish","type":"product","link":"https:\/\/marktxxl.de\/markt\/produkt\/artpin-3er-set-poster-kinderzimmer-a4-bilder-babyzimmer-deko-maedchen-junge-p34\/","title":{"rendered":"artpin\u00ae 3er Set Poster Kinderzimmer &#8211; A4 Bilder Babyzimmer &#8211; Deko M\u00e4dchen Junge (P34)"},"content":{"rendered":"<p>\u2705 ARTpin Poster Kinderzimmer von K\u00dcNSTLERIN! Bezaubernde, s\u00fc\u00dfe Motive &#8211; ein absoluter Blickfang f\u00fcr jedes Zimmer<br \/>\n\u2705 Hochwertiger Qualit\u00e4tsdruck auf 300 g\/m\u00b2 Premiumpapier mit seiden &#8211; matter Oberfl\u00e4che, 4er Poster Set, DIN A4, (ohne Bilderrahmen). Ideale Gr\u00f6\u00dfe f\u00fcr herk\u00f6mmliche Rahmen-Formate. Die Kunstdrucke werden mit stabiler Verpackung versendet. Sowohl im Bilderrahmen, als auch mit Pin-Nadeln kommt es an der Wand perfekt zur Geltung<br \/>\n\u2705 DIE PERFEKTE GESCHENKIDEE f\u00fcr die Babyparty, zur Geburt, Baby Shower oder zur Taufe. S\u00fc\u00dfe \u00a0Illustrationen die perfekt in das Kinderzimmer\/ Babyzimmer passen<br \/>\n\u2705 Die liebevoll illustrierten Bilder f\u00fcrs Kinderzimmer\u00a0sind nicht nur reine Dekoration, sondern regen die Fantasie Ihres\u00a0Kindes an und f\u00f6rdern dessen Kreativit\u00e4t<br \/>\n\u2705 Verwandte Suchbegriffe: Kinder Poster f\u00fcr Kinderzimmer, Babyzimmer Poster, Kinderzimmer Deko, Babyzimmer Deko, Poster skandinavisch, Poster Tiere, Tiermotive, Waldtiere, Poster Babyzimmer Set, Bilder Kinderzimmer, Bilder Babyzimmer<br \/>\n<div class=\"main-cross-sell\" data-asin=\"B07MFB2B6X\">\n\n\t<div class=\"WooZone-cross-sell-loader\">\n\t\t<div>\n\t\t\t<div id=\"floatingBarsG\">\n\t\t\t\t<div class=\"blockG\" id=\"rotateG_01\"><\/div>\n\t\t\t\t<div class=\"blockG\" id=\"rotateG_02\"><\/div>\n\t\t\t\t<div class=\"blockG\" id=\"rotateG_03\"><\/div>\n\t\t\t\t<div class=\"blockG\" id=\"rotateG_04\"><\/div>\n\t\t\t\t<div class=\"blockG\" id=\"rotateG_05\"><\/div>\n\t\t\t\t<div class=\"blockG\" id=\"rotateG_06\"><\/div>\n\t\t\t\t<div class=\"blockG\" id=\"rotateG_07\"><\/div>\n\t\t\t\t<div class=\"blockG\" id=\"rotateG_08\"><\/div>\n\t\t\t<\/div>\n\t\t\t<div class=\"WooZone-cross-sell-loader-text\"><\/div>\n\t\t<\/div>\n\t<\/div>\n\n\t\t\n<\/div>\n<div style=\"clear:both;\"><\/div><\/p>\n","protected":false},"excerpt":{"rendered":"<p>\u2705 ARTpin Poster Kinderzimmer von K\u00dcNSTLERIN! Bezaubernde, s\u00fc\u00dfe Motive &#8211; ein absoluter Blickfang f\u00fcr jedes Zimmer<br \/>\n\u2705 Hochwertiger Qualit\u00e4tsdruck auf 300 g\/m\u00b2 Premiumpapier mit seiden &#8211; matter Oberfl\u00e4che, 4er Poster Set, DIN A4, (ohne Bilderrahmen). Ideale Gr\u00f6\u00dfe f\u00fcr herk\u00f6mmliche Rahmen-Formate. Die Kunstdrucke werden mit stabiler Verpackung versendet. Sowohl im Bilderrahmen, als auch mit Pin-Nadeln kommt es an der Wand perfekt zur Geltung<br \/>\n\u2705 DIE PERFEKTE GESCHENKIDEE f\u00fcr die Babyparty, zur Geburt, Baby Shower oder zur Taufe. S\u00fc\u00dfe \u00a0Illustrationen die perfekt in das Kinderzimmer\/ Babyzimmer passen<\/p>\n","protected":false},"featured_media":62136,"comment_status":"open","ping_status":"closed","template":"","meta":[],"product_brand":[],"product_cat":[21,8825],"product_tag":[],"class_list":{"0":"post-62135","1":"product","2":"type-product","3":"status-publish","4":"has-post-thumbnail","6":"product_cat-baby","7":"product_cat-baby-kleinkinderzimmer-baby","8":"pa_binding-babyartikel","9":"pa_brand-artpin","10":"pa_color-p34","11":"pa_height-0-0787401574-zoll","12":"pa_length-11-6929133739-zoll","13":"pa_manufacturer-artpin","14":"pa_size-3-stueck-1er-pack","15":"pa_weight-0-2425084882-pfund","16":"pa_width-8-267716527-zoll","18":"first","19":"instock","20":"shipping-taxable","21":"purchasable","22":"product-type-simple","23":"customify-col","24":"product-has-gallery"},"yoast_head":"<!-- This site is optimized with the Yoast SEO plugin v27.3 - https:\/\/yoast.com\/product\/yoast-seo-wordpress\/ -->\n<title>artpin\u00ae 3er Set Poster Kinderzimmer - A4 Bilder Babyzimmer - Deko M\u00e4dchen Junge (P34) - Markt-XXL<\/title>\n<meta name=\"description\" content=\"Markt-XXL artpin\u00ae 3er Set Poster Kinderzimmer - A4 Bilder Babyzimmer - Deko M\u00e4dchen Junge (P34)\" \/>\n<meta name=\"robots\" content=\"index, follow, max-snippet:-1, max-image-preview:large, max-video-preview:-1\" \/>\n<link rel=\"canonical\" href=\"https:\/\/marktxxl.de\/markt\/produkt\/artpin-3er-set-poster-kinderzimmer-a4-bilder-babyzimmer-deko-maedchen-junge-p34\/\" \/>\n<meta property=\"og:locale\" content=\"de_DE\" \/>\n<meta property=\"og:type\" content=\"article\" \/>\n<meta property=\"og:title\" content=\"artpin\u00ae 3er Set Poster Kinderzimmer - A4 Bilder Babyzimmer - Deko M\u00e4dchen Junge (P34) - Markt-XXL\" \/>\n<meta property=\"og:description\" content=\"Markt-XXL artpin\u00ae 3er Set Poster Kinderzimmer - A4 Bilder Babyzimmer - Deko M\u00e4dchen Junge (P34)\" \/>\n<meta property=\"og:url\" content=\"https:\/\/marktxxl.de\/markt\/produkt\/artpin-3er-set-poster-kinderzimmer-a4-bilder-babyzimmer-deko-maedchen-junge-p34\/\" \/>\n<meta property=\"og:site_name\" content=\"Markt-XXL\" \/>\n<meta property=\"article:modified_time\" content=\"2023-04-10T00:20:31+00:00\" \/>\n<meta property=\"og:image\" content=\"https:\/\/m.media-amazon.com\/images\/I\/51iSfSWUQrL._SL500_.jpg\" \/>\n\t<meta property=\"og:image:width\" content=\"500\" \/>\n\t<meta property=\"og:image:height\" content=\"500\" \/>\n\t<meta property=\"og:image:type\" content=\"image\/jpeg\" \/>\n<meta name=\"twitter:card\" content=\"summary_large_image\" \/>\n<meta name=\"twitter:label1\" content=\"Gesch\u00e4tzte Lesezeit\" \/>\n\t<meta name=\"twitter:data1\" content=\"1\u00a0Minute\" \/>\n<script type=\"application\/ld+json\" class=\"yoast-schema-graph\">{\"@context\":\"https:\\\/\\\/schema.org\",\"@graph\":[{\"@type\":\"WebPage\",\"@id\":\"https:\\\/\\\/marktxxl.de\\\/markt\\\/produkt\\\/artpin-3er-set-poster-kinderzimmer-a4-bilder-babyzimmer-deko-maedchen-junge-p34\\\/\",\"url\":\"https:\\\/\\\/marktxxl.de\\\/markt\\\/produkt\\\/artpin-3er-set-poster-kinderzimmer-a4-bilder-babyzimmer-deko-maedchen-junge-p34\\\/\",\"name\":\"artpin\u00ae 3er Set Poster Kinderzimmer - A4 Bilder Babyzimmer - Deko M\u00e4dchen Junge (P34) - Markt-XXL\",\"isPartOf\":{\"@id\":\"https:\\\/\\\/marktxxl.de\\\/markt\\\/#website\"},\"primaryImageOfPage\":{\"@id\":\"https:\\\/\\\/marktxxl.de\\\/markt\\\/produkt\\\/artpin-3er-set-poster-kinderzimmer-a4-bilder-babyzimmer-deko-maedchen-junge-p34\\\/#primaryimage\"},\"image\":{\"@id\":\"https:\\\/\\\/marktxxl.de\\\/markt\\\/produkt\\\/artpin-3er-set-poster-kinderzimmer-a4-bilder-babyzimmer-deko-maedchen-junge-p34\\\/#primaryimage\"},\"thumbnailUrl\":\"https:\\\/\\\/m.media-amazon.com\\\/images\\\/I\\\/51iSfSWUQrL._SL500_.jpg\",\"datePublished\":\"2021-11-11T19:51:21+00:00\",\"dateModified\":\"2023-04-10T00:20:31+00:00\",\"description\":\"Markt-XXL artpin\u00ae 3er Set Poster Kinderzimmer - A4 Bilder Babyzimmer - Deko M\u00e4dchen Junge (P34)\",\"breadcrumb\":{\"@id\":\"https:\\\/\\\/marktxxl.de\\\/markt\\\/produkt\\\/artpin-3er-set-poster-kinderzimmer-a4-bilder-babyzimmer-deko-maedchen-junge-p34\\\/#breadcrumb\"},\"inLanguage\":\"de\",\"potentialAction\":[{\"@type\":\"ReadAction\",\"target\":[\"https:\\\/\\\/marktxxl.de\\\/markt\\\/produkt\\\/artpin-3er-set-poster-kinderzimmer-a4-bilder-babyzimmer-deko-maedchen-junge-p34\\\/\"]}]},{\"@type\":\"ImageObject\",\"inLanguage\":\"de\",\"@id\":\"https:\\\/\\\/marktxxl.de\\\/markt\\\/produkt\\\/artpin-3er-set-poster-kinderzimmer-a4-bilder-babyzimmer-deko-maedchen-junge-p34\\\/#primaryimage\",\"url\":\"https:\\\/\\\/m.media-amazon.com\\\/images\\\/I\\\/51iSfSWUQrL._SL500_.jpg\",\"contentUrl\":\"https:\\\/\\\/m.media-amazon.com\\\/images\\\/I\\\/51iSfSWUQrL._SL500_.jpg\",\"width\":500,\"height\":500},{\"@type\":\"BreadcrumbList\",\"@id\":\"https:\\\/\\\/marktxxl.de\\\/markt\\\/produkt\\\/artpin-3er-set-poster-kinderzimmer-a4-bilder-babyzimmer-deko-maedchen-junge-p34\\\/#breadcrumb\",\"itemListElement\":[{\"@type\":\"ListItem\",\"position\":1,\"name\":\"Startseite\",\"item\":\"https:\\\/\\\/marktxxl.de\\\/markt\\\/\"},{\"@type\":\"ListItem\",\"position\":2,\"name\":\"Markt\",\"item\":\"https:\\\/\\\/marktxxl.de\\\/markt\\\/\"},{\"@type\":\"ListItem\",\"position\":3,\"name\":\"artpin\u00ae 3er Set Poster Kinderzimmer &#8211; A4 Bilder Babyzimmer &#8211; Deko M\u00e4dchen Junge (P34)\"}]},{\"@type\":\"WebSite\",\"@id\":\"https:\\\/\\\/marktxxl.de\\\/markt\\\/#website\",\"url\":\"https:\\\/\\\/marktxxl.de\\\/markt\\\/\",\"name\":\"Markt-XXL\",\"description\":\"Ihr Markt Online\",\"publisher\":{\"@id\":\"https:\\\/\\\/marktxxl.de\\\/markt\\\/#organization\"},\"potentialAction\":[{\"@type\":\"SearchAction\",\"target\":{\"@type\":\"EntryPoint\",\"urlTemplate\":\"https:\\\/\\\/marktxxl.de\\\/markt\\\/?s={search_term_string}\"},\"query-input\":{\"@type\":\"PropertyValueSpecification\",\"valueRequired\":true,\"valueName\":\"search_term_string\"}}],\"inLanguage\":\"de\"},{\"@type\":\"Organization\",\"@id\":\"https:\\\/\\\/marktxxl.de\\\/markt\\\/#organization\",\"name\":\"Markt-XXL\",\"url\":\"https:\\\/\\\/marktxxl.de\\\/markt\\\/\",\"logo\":{\"@type\":\"ImageObject\",\"inLanguage\":\"de\",\"@id\":\"https:\\\/\\\/marktxxl.de\\\/markt\\\/#\\\/schema\\\/logo\\\/image\\\/\",\"url\":\"https:\\\/\\\/marktxxl.de\\\/markt\\\/wp-content\\\/uploads\\\/sites\\\/3\\\/2020\\\/12\\\/logo.png\",\"contentUrl\":\"https:\\\/\\\/marktxxl.de\\\/markt\\\/wp-content\\\/uploads\\\/sites\\\/3\\\/2020\\\/12\\\/logo.png\",\"width\":200,\"height\":70,\"caption\":\"Markt-XXL\"},\"image\":{\"@id\":\"https:\\\/\\\/marktxxl.de\\\/markt\\\/#\\\/schema\\\/logo\\\/image\\\/\"}}]}<\/script>\n<!-- \/ Yoast SEO plugin. -->","yoast_head_json":{"title":"artpin\u00ae 3er Set Poster Kinderzimmer - A4 Bilder Babyzimmer - Deko M\u00e4dchen Junge (P34) - Markt-XXL","description":"Markt-XXL artpin\u00ae 3er Set Poster Kinderzimmer - A4 Bilder Babyzimmer - Deko M\u00e4dchen Junge (P34)","robots":{"index":"index","follow":"follow","max-snippet":"max-snippet:-1","max-image-preview":"max-image-preview:large","max-video-preview":"max-video-preview:-1"},"canonical":"https:\/\/marktxxl.de\/markt\/produkt\/artpin-3er-set-poster-kinderzimmer-a4-bilder-babyzimmer-deko-maedchen-junge-p34\/","og_locale":"de_DE","og_type":"article","og_title":"artpin\u00ae 3er Set Poster Kinderzimmer - A4 Bilder Babyzimmer - Deko M\u00e4dchen Junge (P34) - Markt-XXL","og_description":"Markt-XXL artpin\u00ae 3er Set Poster Kinderzimmer - A4 Bilder Babyzimmer - Deko M\u00e4dchen Junge (P34)","og_url":"https:\/\/marktxxl.de\/markt\/produkt\/artpin-3er-set-poster-kinderzimmer-a4-bilder-babyzimmer-deko-maedchen-junge-p34\/","og_site_name":"Markt-XXL","article_modified_time":"2023-04-10T00:20:31+00:00","og_image":[{"width":500,"height":500,"url":"https:\/\/m.media-amazon.com\/images\/I\/51iSfSWUQrL._SL500_.jpg","type":"image\/jpeg"}],"twitter_card":"summary_large_image","twitter_misc":{"Gesch\u00e4tzte Lesezeit":"1\u00a0Minute"},"schema":{"@context":"https:\/\/schema.org","@graph":[{"@type":"WebPage","@id":"https:\/\/marktxxl.de\/markt\/produkt\/artpin-3er-set-poster-kinderzimmer-a4-bilder-babyzimmer-deko-maedchen-junge-p34\/","url":"https:\/\/marktxxl.de\/markt\/produkt\/artpin-3er-set-poster-kinderzimmer-a4-bilder-babyzimmer-deko-maedchen-junge-p34\/","name":"artpin\u00ae 3er Set Poster Kinderzimmer - A4 Bilder Babyzimmer - Deko M\u00e4dchen Junge (P34) - Markt-XXL","isPartOf":{"@id":"https:\/\/marktxxl.de\/markt\/#website"},"primaryImageOfPage":{"@id":"https:\/\/marktxxl.de\/markt\/produkt\/artpin-3er-set-poster-kinderzimmer-a4-bilder-babyzimmer-deko-maedchen-junge-p34\/#primaryimage"},"image":{"@id":"https:\/\/marktxxl.de\/markt\/produkt\/artpin-3er-set-poster-kinderzimmer-a4-bilder-babyzimmer-deko-maedchen-junge-p34\/#primaryimage"},"thumbnailUrl":"https:\/\/m.media-amazon.com\/images\/I\/51iSfSWUQrL._SL500_.jpg","datePublished":"2021-11-11T19:51:21+00:00","dateModified":"2023-04-10T00:20:31+00:00","description":"Markt-XXL artpin\u00ae 3er Set Poster Kinderzimmer - A4 Bilder Babyzimmer - Deko M\u00e4dchen Junge (P34)","breadcrumb":{"@id":"https:\/\/marktxxl.de\/markt\/produkt\/artpin-3er-set-poster-kinderzimmer-a4-bilder-babyzimmer-deko-maedchen-junge-p34\/#breadcrumb"},"inLanguage":"de","potentialAction":[{"@type":"ReadAction","target":["https:\/\/marktxxl.de\/markt\/produkt\/artpin-3er-set-poster-kinderzimmer-a4-bilder-babyzimmer-deko-maedchen-junge-p34\/"]}]},{"@type":"ImageObject","inLanguage":"de","@id":"https:\/\/marktxxl.de\/markt\/produkt\/artpin-3er-set-poster-kinderzimmer-a4-bilder-babyzimmer-deko-maedchen-junge-p34\/#primaryimage","url":"https:\/\/m.media-amazon.com\/images\/I\/51iSfSWUQrL._SL500_.jpg","contentUrl":"https:\/\/m.media-amazon.com\/images\/I\/51iSfSWUQrL._SL500_.jpg","width":500,"height":500},{"@type":"BreadcrumbList","@id":"https:\/\/marktxxl.de\/markt\/produkt\/artpin-3er-set-poster-kinderzimmer-a4-bilder-babyzimmer-deko-maedchen-junge-p34\/#breadcrumb","itemListElement":[{"@type":"ListItem","position":1,"name":"Startseite","item":"https:\/\/marktxxl.de\/markt\/"},{"@type":"ListItem","position":2,"name":"Markt","item":"https:\/\/marktxxl.de\/markt\/"},{"@type":"ListItem","position":3,"name":"artpin\u00ae 3er Set Poster Kinderzimmer &#8211; A4 Bilder Babyzimmer &#8211; Deko M\u00e4dchen Junge (P34)"}]},{"@type":"WebSite","@id":"https:\/\/marktxxl.de\/markt\/#website","url":"https:\/\/marktxxl.de\/markt\/","name":"Markt-XXL","description":"Ihr Markt Online","publisher":{"@id":"https:\/\/marktxxl.de\/markt\/#organization"},"potentialAction":[{"@type":"SearchAction","target":{"@type":"EntryPoint","urlTemplate":"https:\/\/marktxxl.de\/markt\/?s={search_term_string}"},"query-input":{"@type":"PropertyValueSpecification","valueRequired":true,"valueName":"search_term_string"}}],"inLanguage":"de"},{"@type":"Organization","@id":"https:\/\/marktxxl.de\/markt\/#organization","name":"Markt-XXL","url":"https:\/\/marktxxl.de\/markt\/","logo":{"@type":"ImageObject","inLanguage":"de","@id":"https:\/\/marktxxl.de\/markt\/#\/schema\/logo\/image\/","url":"https:\/\/marktxxl.de\/markt\/wp-content\/uploads\/sites\/3\/2020\/12\/logo.png","contentUrl":"https:\/\/marktxxl.de\/markt\/wp-content\/uploads\/sites\/3\/2020\/12\/logo.png","width":200,"height":70,"caption":"Markt-XXL"},"image":{"@id":"https:\/\/marktxxl.de\/markt\/#\/schema\/logo\/image\/"}}]}},"_links":{"self":[{"href":"https:\/\/marktxxl.de\/markt\/wp-json\/wp\/v2\/product\/62135","targetHints":{"allow":["GET"]}}],"collection":[{"href":"https:\/\/marktxxl.de\/markt\/wp-json\/wp\/v2\/product"}],"about":[{"href":"https:\/\/marktxxl.de\/markt\/wp-json\/wp\/v2\/types\/product"}],"replies":[{"embeddable":true,"href":"https:\/\/marktxxl.de\/markt\/wp-json\/wp\/v2\/comments?post=62135"}],"wp:featuredmedia":[{"embeddable":true,"href":"https:\/\/marktxxl.de\/markt\/wp-json\/wp\/v2\/media\/62136"}],"wp:attachment":[{"href":"https:\/\/marktxxl.de\/markt\/wp-json\/wp\/v2\/media?parent=62135"}],"wp:term":[{"taxonomy":"product_brand","embeddable":true,"href":"https:\/\/marktxxl.de\/markt\/wp-json\/wp\/v2\/product_brand?post=62135"},{"taxonomy":"product_cat","embeddable":true,"href":"https:\/\/marktxxl.de\/markt\/wp-json\/wp\/v2\/product_cat?post=62135"},{"taxonomy":"product_tag","embeddable":true,"href":"https:\/\/marktxxl.de\/markt\/wp-json\/wp\/v2\/product_tag?post=62135"}],"curies":[{"name":"wp","href":"https:\/\/api.w.org\/{rel}","templated":true}]}}