{"id":62128,"date":"2021-11-11T20:51:18","date_gmt":"2021-11-11T19:51:18","guid":{"rendered":"https:\/\/marktxxl.de\/markt\/produkt\/decowall-dat-1406b1506b-heissluftballons-doppeldecker-autos-flugzeuge-tiere-wandtattoo-wandsticker-wandaufkleber-wanddeko-fuer-wohnzimmer-schlafzimmer-kinderzimmer-2\/"},"modified":"2023-04-10T02:20:31","modified_gmt":"2023-04-10T00:20:31","slug":"decowall-dat-1406b1506b-heissluftballons-doppeldecker-autos-flugzeuge-tiere-wandtattoo-wandsticker-wandaufkleber-wanddeko-fuer-wohnzimmer-schlafzimmer-kinderzimmer-2","status":"publish","type":"product","link":"https:\/\/marktxxl.de\/markt\/produkt\/decowall-dat-1406b1506b-heissluftballons-doppeldecker-autos-flugzeuge-tiere-wandtattoo-wandsticker-wandaufkleber-wanddeko-fuer-wohnzimmer-schlafzimmer-kinderzimmer-2\/","title":{"rendered":"Decowall DAT-1406B1506B Hei\u00dfluftballons Doppeldecker Autos Flugzeuge Tiere Wandtattoo Wandsticker Wandaufkleber Wanddeko\u2026"},"content":{"rendered":"<p>LERNEN UND SPIELEN \u2013 Spielen ist die beliebteste Lernmethode unseres Gehirns. Decowall-Aufkleber sind nicht nur ein gro\u00dfartiges lehrreiches Werkzeug, sondern auch eine unterhaltsame Art und Weise, Ihr Zimmer zu dekorieren.<br \/>\nF\u00dcGEN SIE FARBEN OHNE MALEREI HINZU \u2013 Dekorieren Sie Ihr Zimmer sofort. Bringen Sie Farbe und Leben in Ihr Zimmer, ohne m\u00fchsames Malen und Reinigen.<br \/>\nZUM SELBERMACHEN &amp; EINFACHES ABZIEHEN UND AUFKLEBEN \u2013 Kleben Sie Ihre Abziehbilder schnell auf, ohne ein Durcheinander zu verursachen. Zeit f\u00fcr eine Ver\u00e4nderung? Einfach entfernen und neu positionieren, ohne klebrige R\u00fcckst\u00e4nde an der Wand zu hinterlassen.<br \/>\nHOHE QUALIT\u00c4T, UNGIFTIGER KLEBSTOFF &amp; DESIGN DER ILLUSTRATOREN VON DECOWALL \u2013 Alle unsere Aufkleber werden sorgf\u00e4ltig von unserem Team talentierter K\u00fcnstler entworfen und in bester Qualit\u00e4t zu erschwinglichen Preisen hergestellt.<br \/>\nABMESSUNGEN \u2013 Unsere Aufkleber werden in 3 B\u00f6gen von je 60cm(B) * 32cm(H) geliefert<br \/>\n<div class=\"main-cross-sell\" data-asin=\"B01M18A8FE\">\n\n\t<div class=\"WooZone-cross-sell-loader\">\n\t\t<div>\n\t\t\t<div id=\"floatingBarsG\">\n\t\t\t\t<div class=\"blockG\" id=\"rotateG_01\"><\/div>\n\t\t\t\t<div class=\"blockG\" id=\"rotateG_02\"><\/div>\n\t\t\t\t<div class=\"blockG\" id=\"rotateG_03\"><\/div>\n\t\t\t\t<div class=\"blockG\" id=\"rotateG_04\"><\/div>\n\t\t\t\t<div class=\"blockG\" id=\"rotateG_05\"><\/div>\n\t\t\t\t<div class=\"blockG\" id=\"rotateG_06\"><\/div>\n\t\t\t\t<div class=\"blockG\" id=\"rotateG_07\"><\/div>\n\t\t\t\t<div class=\"blockG\" id=\"rotateG_08\"><\/div>\n\t\t\t<\/div>\n\t\t\t<div class=\"WooZone-cross-sell-loader-text\"><\/div>\n\t\t<\/div>\n\t<\/div>\n\n\t\t\n<\/div>\n<div style=\"clear:both;\"><\/div><\/p>\n","protected":false},"excerpt":{"rendered":"<p>LERNEN UND SPIELEN \u2013 Spielen ist die beliebteste Lernmethode unseres Gehirns. Decowall-Aufkleber sind nicht nur ein gro\u00dfartiges lehrreiches Werkzeug, sondern auch eine unterhaltsame Art und Weise, Ihr Zimmer zu dekorieren.<br \/>\nF\u00dcGEN SIE FARBEN OHNE MALEREI HINZU \u2013 Dekorieren Sie Ihr Zimmer sofort. Bringen Sie Farbe und Leben in Ihr Zimmer, ohne m\u00fchsames Malen und Reinigen.<br \/>\nZUM SELBERMACHEN &amp; EINFACHES ABZIEHEN UND AUFKLEBEN \u2013 Kleben Sie Ihre Abziehbilder schnell auf, ohne ein Durcheinander zu verursachen. Zeit f\u00fcr eine Ver\u00e4nderung? Einfach entfernen und neu positionieren, ohne klebrige R\u00fcckst\u00e4nde an der Wand zu hinterlassen.<\/p>\n","protected":false},"featured_media":62129,"comment_status":"open","ping_status":"closed","template":"","meta":[],"product_brand":[],"product_cat":[21,8825],"product_tag":[],"class_list":{"0":"post-62128","1":"product","2":"type-product","3":"status-publish","4":"has-post-thumbnail","6":"product_cat-baby","7":"product_cat-baby-kleinkinderzimmer-baby","8":"pa_binding-babyartikel","9":"pa_brand-decowall","10":"pa_color-dat-1406b1506b","11":"pa_manufacturer-decowall","12":"pa_model-dat-1406b1506b","14":"first","15":"instock","16":"shipping-taxable","17":"purchasable","18":"product-type-simple","19":"customify-col","20":"product-has-gallery"},"yoast_head":"<!-- This site is optimized with the Yoast SEO plugin v27.3 - https:\/\/yoast.com\/product\/yoast-seo-wordpress\/ -->\n<title>Decowall DAT-1406B1506B Hei\u00dfluftballons Doppeldecker Autos Flugzeuge Tiere Wandtattoo Wandsticker Wandaufkleber Wanddeko\u2026 - Markt-XXL<\/title>\n<meta name=\"description\" content=\"Markt-XXL Decowall DAT-1406B1506B Hei\u00dfluftballons Doppeldecker Autos Flugzeuge Tiere Wandtattoo Wandsticker Wandaufkleber Wanddeko\u2026\" \/>\n<meta name=\"robots\" content=\"index, follow, max-snippet:-1, max-image-preview:large, max-video-preview:-1\" \/>\n<link rel=\"canonical\" href=\"https:\/\/marktxxl.de\/markt\/produkt\/decowall-dat-1406b1506b-heissluftballons-doppeldecker-autos-flugzeuge-tiere-wandtattoo-wandsticker-wandaufkleber-wanddeko-fuer-wohnzimmer-schlafzimmer-kinderzimmer-2\/\" \/>\n<meta property=\"og:locale\" content=\"de_DE\" \/>\n<meta property=\"og:type\" content=\"article\" \/>\n<meta property=\"og:title\" content=\"Decowall DAT-1406B1506B Hei\u00dfluftballons Doppeldecker Autos Flugzeuge Tiere Wandtattoo Wandsticker Wandaufkleber Wanddeko\u2026 - Markt-XXL\" \/>\n<meta property=\"og:description\" content=\"Markt-XXL Decowall DAT-1406B1506B Hei\u00dfluftballons Doppeldecker Autos Flugzeuge Tiere Wandtattoo Wandsticker Wandaufkleber Wanddeko\u2026\" \/>\n<meta property=\"og:url\" content=\"https:\/\/marktxxl.de\/markt\/produkt\/decowall-dat-1406b1506b-heissluftballons-doppeldecker-autos-flugzeuge-tiere-wandtattoo-wandsticker-wandaufkleber-wanddeko-fuer-wohnzimmer-schlafzimmer-kinderzimmer-2\/\" \/>\n<meta property=\"og:site_name\" content=\"Markt-XXL\" \/>\n<meta property=\"article:modified_time\" content=\"2023-04-10T00:20:31+00:00\" \/>\n<meta property=\"og:image\" content=\"https:\/\/m.media-amazon.com\/images\/I\/519Nn6PxSRL._SL500_.jpg\" \/>\n\t<meta property=\"og:image:width\" content=\"500\" \/>\n\t<meta property=\"og:image:height\" content=\"500\" \/>\n\t<meta property=\"og:image:type\" content=\"image\/jpeg\" \/>\n<meta name=\"twitter:card\" content=\"summary_large_image\" \/>\n<meta name=\"twitter:label1\" content=\"Gesch\u00e4tzte Lesezeit\" \/>\n\t<meta name=\"twitter:data1\" content=\"1\u00a0Minute\" \/>\n<script type=\"application\/ld+json\" class=\"yoast-schema-graph\">{\"@context\":\"https:\\\/\\\/schema.org\",\"@graph\":[{\"@type\":\"WebPage\",\"@id\":\"https:\\\/\\\/marktxxl.de\\\/markt\\\/produkt\\\/decowall-dat-1406b1506b-heissluftballons-doppeldecker-autos-flugzeuge-tiere-wandtattoo-wandsticker-wandaufkleber-wanddeko-fuer-wohnzimmer-schlafzimmer-kinderzimmer-2\\\/\",\"url\":\"https:\\\/\\\/marktxxl.de\\\/markt\\\/produkt\\\/decowall-dat-1406b1506b-heissluftballons-doppeldecker-autos-flugzeuge-tiere-wandtattoo-wandsticker-wandaufkleber-wanddeko-fuer-wohnzimmer-schlafzimmer-kinderzimmer-2\\\/\",\"name\":\"Decowall DAT-1406B1506B Hei\u00dfluftballons Doppeldecker Autos Flugzeuge Tiere Wandtattoo Wandsticker Wandaufkleber Wanddeko\u2026 - Markt-XXL\",\"isPartOf\":{\"@id\":\"https:\\\/\\\/marktxxl.de\\\/markt\\\/#website\"},\"primaryImageOfPage\":{\"@id\":\"https:\\\/\\\/marktxxl.de\\\/markt\\\/produkt\\\/decowall-dat-1406b1506b-heissluftballons-doppeldecker-autos-flugzeuge-tiere-wandtattoo-wandsticker-wandaufkleber-wanddeko-fuer-wohnzimmer-schlafzimmer-kinderzimmer-2\\\/#primaryimage\"},\"image\":{\"@id\":\"https:\\\/\\\/marktxxl.de\\\/markt\\\/produkt\\\/decowall-dat-1406b1506b-heissluftballons-doppeldecker-autos-flugzeuge-tiere-wandtattoo-wandsticker-wandaufkleber-wanddeko-fuer-wohnzimmer-schlafzimmer-kinderzimmer-2\\\/#primaryimage\"},\"thumbnailUrl\":\"https:\\\/\\\/m.media-amazon.com\\\/images\\\/I\\\/519Nn6PxSRL._SL500_.jpg\",\"datePublished\":\"2021-11-11T19:51:18+00:00\",\"dateModified\":\"2023-04-10T00:20:31+00:00\",\"description\":\"Markt-XXL Decowall DAT-1406B1506B Hei\u00dfluftballons Doppeldecker Autos Flugzeuge Tiere Wandtattoo Wandsticker Wandaufkleber Wanddeko\u2026\",\"breadcrumb\":{\"@id\":\"https:\\\/\\\/marktxxl.de\\\/markt\\\/produkt\\\/decowall-dat-1406b1506b-heissluftballons-doppeldecker-autos-flugzeuge-tiere-wandtattoo-wandsticker-wandaufkleber-wanddeko-fuer-wohnzimmer-schlafzimmer-kinderzimmer-2\\\/#breadcrumb\"},\"inLanguage\":\"de\",\"potentialAction\":[{\"@type\":\"ReadAction\",\"target\":[\"https:\\\/\\\/marktxxl.de\\\/markt\\\/produkt\\\/decowall-dat-1406b1506b-heissluftballons-doppeldecker-autos-flugzeuge-tiere-wandtattoo-wandsticker-wandaufkleber-wanddeko-fuer-wohnzimmer-schlafzimmer-kinderzimmer-2\\\/\"]}]},{\"@type\":\"ImageObject\",\"inLanguage\":\"de\",\"@id\":\"https:\\\/\\\/marktxxl.de\\\/markt\\\/produkt\\\/decowall-dat-1406b1506b-heissluftballons-doppeldecker-autos-flugzeuge-tiere-wandtattoo-wandsticker-wandaufkleber-wanddeko-fuer-wohnzimmer-schlafzimmer-kinderzimmer-2\\\/#primaryimage\",\"url\":\"https:\\\/\\\/m.media-amazon.com\\\/images\\\/I\\\/519Nn6PxSRL._SL500_.jpg\",\"contentUrl\":\"https:\\\/\\\/m.media-amazon.com\\\/images\\\/I\\\/519Nn6PxSRL._SL500_.jpg\",\"width\":500,\"height\":500},{\"@type\":\"BreadcrumbList\",\"@id\":\"https:\\\/\\\/marktxxl.de\\\/markt\\\/produkt\\\/decowall-dat-1406b1506b-heissluftballons-doppeldecker-autos-flugzeuge-tiere-wandtattoo-wandsticker-wandaufkleber-wanddeko-fuer-wohnzimmer-schlafzimmer-kinderzimmer-2\\\/#breadcrumb\",\"itemListElement\":[{\"@type\":\"ListItem\",\"position\":1,\"name\":\"Startseite\",\"item\":\"https:\\\/\\\/marktxxl.de\\\/markt\\\/\"},{\"@type\":\"ListItem\",\"position\":2,\"name\":\"Markt\",\"item\":\"https:\\\/\\\/marktxxl.de\\\/markt\\\/\"},{\"@type\":\"ListItem\",\"position\":3,\"name\":\"Decowall DAT-1406B1506B Hei\u00dfluftballons Doppeldecker Autos Flugzeuge Tiere Wandtattoo Wandsticker Wandaufkleber Wanddeko\u2026\"}]},{\"@type\":\"WebSite\",\"@id\":\"https:\\\/\\\/marktxxl.de\\\/markt\\\/#website\",\"url\":\"https:\\\/\\\/marktxxl.de\\\/markt\\\/\",\"name\":\"Markt-XXL\",\"description\":\"Ihr Markt Online\",\"publisher\":{\"@id\":\"https:\\\/\\\/marktxxl.de\\\/markt\\\/#organization\"},\"potentialAction\":[{\"@type\":\"SearchAction\",\"target\":{\"@type\":\"EntryPoint\",\"urlTemplate\":\"https:\\\/\\\/marktxxl.de\\\/markt\\\/?s={search_term_string}\"},\"query-input\":{\"@type\":\"PropertyValueSpecification\",\"valueRequired\":true,\"valueName\":\"search_term_string\"}}],\"inLanguage\":\"de\"},{\"@type\":\"Organization\",\"@id\":\"https:\\\/\\\/marktxxl.de\\\/markt\\\/#organization\",\"name\":\"Markt-XXL\",\"url\":\"https:\\\/\\\/marktxxl.de\\\/markt\\\/\",\"logo\":{\"@type\":\"ImageObject\",\"inLanguage\":\"de\",\"@id\":\"https:\\\/\\\/marktxxl.de\\\/markt\\\/#\\\/schema\\\/logo\\\/image\\\/\",\"url\":\"https:\\\/\\\/marktxxl.de\\\/markt\\\/wp-content\\\/uploads\\\/sites\\\/3\\\/2020\\\/12\\\/logo.png\",\"contentUrl\":\"https:\\\/\\\/marktxxl.de\\\/markt\\\/wp-content\\\/uploads\\\/sites\\\/3\\\/2020\\\/12\\\/logo.png\",\"width\":200,\"height\":70,\"caption\":\"Markt-XXL\"},\"image\":{\"@id\":\"https:\\\/\\\/marktxxl.de\\\/markt\\\/#\\\/schema\\\/logo\\\/image\\\/\"}}]}<\/script>\n<!-- \/ Yoast SEO plugin. -->","yoast_head_json":{"title":"Decowall DAT-1406B1506B Hei\u00dfluftballons Doppeldecker Autos Flugzeuge Tiere Wandtattoo Wandsticker Wandaufkleber Wanddeko\u2026 - Markt-XXL","description":"Markt-XXL Decowall DAT-1406B1506B Hei\u00dfluftballons Doppeldecker Autos Flugzeuge Tiere Wandtattoo Wandsticker Wandaufkleber Wanddeko\u2026","robots":{"index":"index","follow":"follow","max-snippet":"max-snippet:-1","max-image-preview":"max-image-preview:large","max-video-preview":"max-video-preview:-1"},"canonical":"https:\/\/marktxxl.de\/markt\/produkt\/decowall-dat-1406b1506b-heissluftballons-doppeldecker-autos-flugzeuge-tiere-wandtattoo-wandsticker-wandaufkleber-wanddeko-fuer-wohnzimmer-schlafzimmer-kinderzimmer-2\/","og_locale":"de_DE","og_type":"article","og_title":"Decowall DAT-1406B1506B Hei\u00dfluftballons Doppeldecker Autos Flugzeuge Tiere Wandtattoo Wandsticker Wandaufkleber Wanddeko\u2026 - Markt-XXL","og_description":"Markt-XXL Decowall DAT-1406B1506B Hei\u00dfluftballons Doppeldecker Autos Flugzeuge Tiere Wandtattoo Wandsticker Wandaufkleber Wanddeko\u2026","og_url":"https:\/\/marktxxl.de\/markt\/produkt\/decowall-dat-1406b1506b-heissluftballons-doppeldecker-autos-flugzeuge-tiere-wandtattoo-wandsticker-wandaufkleber-wanddeko-fuer-wohnzimmer-schlafzimmer-kinderzimmer-2\/","og_site_name":"Markt-XXL","article_modified_time":"2023-04-10T00:20:31+00:00","og_image":[{"width":500,"height":500,"url":"https:\/\/m.media-amazon.com\/images\/I\/519Nn6PxSRL._SL500_.jpg","type":"image\/jpeg"}],"twitter_card":"summary_large_image","twitter_misc":{"Gesch\u00e4tzte Lesezeit":"1\u00a0Minute"},"schema":{"@context":"https:\/\/schema.org","@graph":[{"@type":"WebPage","@id":"https:\/\/marktxxl.de\/markt\/produkt\/decowall-dat-1406b1506b-heissluftballons-doppeldecker-autos-flugzeuge-tiere-wandtattoo-wandsticker-wandaufkleber-wanddeko-fuer-wohnzimmer-schlafzimmer-kinderzimmer-2\/","url":"https:\/\/marktxxl.de\/markt\/produkt\/decowall-dat-1406b1506b-heissluftballons-doppeldecker-autos-flugzeuge-tiere-wandtattoo-wandsticker-wandaufkleber-wanddeko-fuer-wohnzimmer-schlafzimmer-kinderzimmer-2\/","name":"Decowall DAT-1406B1506B Hei\u00dfluftballons Doppeldecker Autos Flugzeuge Tiere Wandtattoo Wandsticker Wandaufkleber Wanddeko\u2026 - Markt-XXL","isPartOf":{"@id":"https:\/\/marktxxl.de\/markt\/#website"},"primaryImageOfPage":{"@id":"https:\/\/marktxxl.de\/markt\/produkt\/decowall-dat-1406b1506b-heissluftballons-doppeldecker-autos-flugzeuge-tiere-wandtattoo-wandsticker-wandaufkleber-wanddeko-fuer-wohnzimmer-schlafzimmer-kinderzimmer-2\/#primaryimage"},"image":{"@id":"https:\/\/marktxxl.de\/markt\/produkt\/decowall-dat-1406b1506b-heissluftballons-doppeldecker-autos-flugzeuge-tiere-wandtattoo-wandsticker-wandaufkleber-wanddeko-fuer-wohnzimmer-schlafzimmer-kinderzimmer-2\/#primaryimage"},"thumbnailUrl":"https:\/\/m.media-amazon.com\/images\/I\/519Nn6PxSRL._SL500_.jpg","datePublished":"2021-11-11T19:51:18+00:00","dateModified":"2023-04-10T00:20:31+00:00","description":"Markt-XXL Decowall DAT-1406B1506B Hei\u00dfluftballons Doppeldecker Autos Flugzeuge Tiere Wandtattoo Wandsticker Wandaufkleber Wanddeko\u2026","breadcrumb":{"@id":"https:\/\/marktxxl.de\/markt\/produkt\/decowall-dat-1406b1506b-heissluftballons-doppeldecker-autos-flugzeuge-tiere-wandtattoo-wandsticker-wandaufkleber-wanddeko-fuer-wohnzimmer-schlafzimmer-kinderzimmer-2\/#breadcrumb"},"inLanguage":"de","potentialAction":[{"@type":"ReadAction","target":["https:\/\/marktxxl.de\/markt\/produkt\/decowall-dat-1406b1506b-heissluftballons-doppeldecker-autos-flugzeuge-tiere-wandtattoo-wandsticker-wandaufkleber-wanddeko-fuer-wohnzimmer-schlafzimmer-kinderzimmer-2\/"]}]},{"@type":"ImageObject","inLanguage":"de","@id":"https:\/\/marktxxl.de\/markt\/produkt\/decowall-dat-1406b1506b-heissluftballons-doppeldecker-autos-flugzeuge-tiere-wandtattoo-wandsticker-wandaufkleber-wanddeko-fuer-wohnzimmer-schlafzimmer-kinderzimmer-2\/#primaryimage","url":"https:\/\/m.media-amazon.com\/images\/I\/519Nn6PxSRL._SL500_.jpg","contentUrl":"https:\/\/m.media-amazon.com\/images\/I\/519Nn6PxSRL._SL500_.jpg","width":500,"height":500},{"@type":"BreadcrumbList","@id":"https:\/\/marktxxl.de\/markt\/produkt\/decowall-dat-1406b1506b-heissluftballons-doppeldecker-autos-flugzeuge-tiere-wandtattoo-wandsticker-wandaufkleber-wanddeko-fuer-wohnzimmer-schlafzimmer-kinderzimmer-2\/#breadcrumb","itemListElement":[{"@type":"ListItem","position":1,"name":"Startseite","item":"https:\/\/marktxxl.de\/markt\/"},{"@type":"ListItem","position":2,"name":"Markt","item":"https:\/\/marktxxl.de\/markt\/"},{"@type":"ListItem","position":3,"name":"Decowall DAT-1406B1506B Hei\u00dfluftballons Doppeldecker Autos Flugzeuge Tiere Wandtattoo Wandsticker Wandaufkleber Wanddeko\u2026"}]},{"@type":"WebSite","@id":"https:\/\/marktxxl.de\/markt\/#website","url":"https:\/\/marktxxl.de\/markt\/","name":"Markt-XXL","description":"Ihr Markt Online","publisher":{"@id":"https:\/\/marktxxl.de\/markt\/#organization"},"potentialAction":[{"@type":"SearchAction","target":{"@type":"EntryPoint","urlTemplate":"https:\/\/marktxxl.de\/markt\/?s={search_term_string}"},"query-input":{"@type":"PropertyValueSpecification","valueRequired":true,"valueName":"search_term_string"}}],"inLanguage":"de"},{"@type":"Organization","@id":"https:\/\/marktxxl.de\/markt\/#organization","name":"Markt-XXL","url":"https:\/\/marktxxl.de\/markt\/","logo":{"@type":"ImageObject","inLanguage":"de","@id":"https:\/\/marktxxl.de\/markt\/#\/schema\/logo\/image\/","url":"https:\/\/marktxxl.de\/markt\/wp-content\/uploads\/sites\/3\/2020\/12\/logo.png","contentUrl":"https:\/\/marktxxl.de\/markt\/wp-content\/uploads\/sites\/3\/2020\/12\/logo.png","width":200,"height":70,"caption":"Markt-XXL"},"image":{"@id":"https:\/\/marktxxl.de\/markt\/#\/schema\/logo\/image\/"}}]}},"_links":{"self":[{"href":"https:\/\/marktxxl.de\/markt\/wp-json\/wp\/v2\/product\/62128","targetHints":{"allow":["GET"]}}],"collection":[{"href":"https:\/\/marktxxl.de\/markt\/wp-json\/wp\/v2\/product"}],"about":[{"href":"https:\/\/marktxxl.de\/markt\/wp-json\/wp\/v2\/types\/product"}],"replies":[{"embeddable":true,"href":"https:\/\/marktxxl.de\/markt\/wp-json\/wp\/v2\/comments?post=62128"}],"wp:featuredmedia":[{"embeddable":true,"href":"https:\/\/marktxxl.de\/markt\/wp-json\/wp\/v2\/media\/62129"}],"wp:attachment":[{"href":"https:\/\/marktxxl.de\/markt\/wp-json\/wp\/v2\/media?parent=62128"}],"wp:term":[{"taxonomy":"product_brand","embeddable":true,"href":"https:\/\/marktxxl.de\/markt\/wp-json\/wp\/v2\/product_brand?post=62128"},{"taxonomy":"product_cat","embeddable":true,"href":"https:\/\/marktxxl.de\/markt\/wp-json\/wp\/v2\/product_cat?post=62128"},{"taxonomy":"product_tag","embeddable":true,"href":"https:\/\/marktxxl.de\/markt\/wp-json\/wp\/v2\/product_tag?post=62128"}],"curies":[{"name":"wp","href":"https:\/\/api.w.org\/{rel}","templated":true}]}}