{"id":62086,"date":"2021-11-11T20:48:34","date_gmt":"2021-11-11T19:48:34","guid":{"rendered":"https:\/\/marktxxl.de\/markt\/produkt\/cuddlebug-musselin-swaddle-wickeldecke-baby-4er-pack-grosse-musselin-decken-fuer-neugeborene-120cm-x-120-cm-weicher-baumwolle-groesse-receiving-decken\/"},"modified":"2023-04-10T02:20:30","modified_gmt":"2023-04-10T00:20:30","slug":"cuddlebug-musselin-swaddle-wickeldecke-baby-4er-pack-grosse-musselin-decken-fuer-neugeborene-120cm-x-120-cm-weicher-baumwolle-groesse-receiving-decken","status":"publish","type":"product","link":"https:\/\/marktxxl.de\/markt\/produkt\/cuddlebug-musselin-swaddle-wickeldecke-baby-4er-pack-grosse-musselin-decken-fuer-neugeborene-120cm-x-120-cm-weicher-baumwolle-groesse-receiving-decken\/","title":{"rendered":"CuddleBug \u201eSternennacht\u201c 4 St\u00fcck 120 cm x 120 cm Lange Baby Decke f\u00fcr Babys | 5 Farbkollektionen | Musselin Decke\u2026"},"content":{"rendered":"<p>KUSCHELIGES PUCKTUCH ZUM BESSEREN EINSCHLAFEN &#8211; Schl\u00e4ft Ihr Baby nicht gut ein? Seit Jahrhunderten werden Puckt\u00fccher aus Baumwollmusselin verwendet, um die Enge im Mutterleib zu simulieren &#8211; eine besonders wirkungsvolle Art, quengeligen Babys beim Einschlafen zu helfen! Geben Sie Ihrem Baby das Gef\u00fchl der Geborgenheit und wickeln Sie es in unsere Puckdecken aus reinem Bauwollmusselin, damit es ruhig schlafen kann.<br \/>\nVIELSEITIGE DECKEN &#8211; k\u00f6nnen nicht nur als Puckt\u00fccher verwendet werden, sondern auch als Abdeckung f\u00fcr den Kinderwagen, Picknick-Decke, leichte Bettdecke, Unterlage zum Windelwechseln und Saubermachen usw. Ein vielseitiges Geschenk f\u00fcr neue Eltern.<br \/>\nWUNDERBAR WEICH &#8211; Unser Musselinstoff aus reiner Baumwolle ist wunderbar griffig und angenehm weich &#8211; und wird mit dem Waschen immer weicher. Ideal f\u00fcr Babys zarte Haut. Zudem ist der Baumwollmusselin atmungsaktiv, damit Ihrem Baby nicht zu hei\u00df wird und es tief und bequem schlafen kann.<br \/>\nGROSSZ\u00dcGIG GESCHNITTEN &#8211; Unsere Puckt\u00fccher sind 1,2 m x 1,2 m gro\u00df. Damit sind sie mehr als gro\u00df genug, um Ihr Baby zu pucken. Sie sind sogar fast gro\u00df genug, um Ihr ganzes Bett zu bedecken. Diese Decken sind ideal zum Pucken gr\u00f6\u00dferer S\u00e4uglinge und bieten viel zus\u00e4tzlichen Stoff, um das Einwickeln ganz leicht zu machen. Dank des gro\u00dfz\u00fcgigen Schnitts k\u00f6nnen Sie die Decken noch lange verwenden &#8211; auch wenn Ihr Kind kein Neugeborenes mehr ist.<br \/>\nJETZT BESTELLEN &#8211; Mit unserer 30-Tage-Geld-zur\u00fcck-Garantie und einer Garantie auf Lebenszeit f\u00fcr all unsere Produkte k\u00f6nnen Sie sicher sein, dass wir Ihnen Ihr Geld vollst\u00e4ndig r\u00fcckerstatten, wenn Sie nicht zufrieden sind. Sie gehen kein Risiko ein. Zum Bestellen klicken Sie einfach auf die Schaltfl\u00e4che &#8220;In den Einkaufswagen&#8221; auf dieser Seite.<br \/>\n<div class=\"main-cross-sell\" data-asin=\"B07BQQ11N5\">\n\n\t<div class=\"WooZone-cross-sell-loader\">\n\t\t<div>\n\t\t\t<div id=\"floatingBarsG\">\n\t\t\t\t<div class=\"blockG\" id=\"rotateG_01\"><\/div>\n\t\t\t\t<div class=\"blockG\" id=\"rotateG_02\"><\/div>\n\t\t\t\t<div class=\"blockG\" id=\"rotateG_03\"><\/div>\n\t\t\t\t<div class=\"blockG\" id=\"rotateG_04\"><\/div>\n\t\t\t\t<div class=\"blockG\" id=\"rotateG_05\"><\/div>\n\t\t\t\t<div class=\"blockG\" id=\"rotateG_06\"><\/div>\n\t\t\t\t<div class=\"blockG\" id=\"rotateG_07\"><\/div>\n\t\t\t\t<div class=\"blockG\" id=\"rotateG_08\"><\/div>\n\t\t\t<\/div>\n\t\t\t<div class=\"WooZone-cross-sell-loader-text\"><\/div>\n\t\t<\/div>\n\t<\/div>\n\n\t\t\n<\/div>\n<div style=\"clear:both;\"><\/div><\/p>\n","protected":false},"excerpt":{"rendered":"<p>KUSCHELIGES PUCKTUCH ZUM BESSEREN EINSCHLAFEN &#8211; Schl\u00e4ft Ihr Baby nicht gut ein? Seit Jahrhunderten werden Puckt\u00fccher aus Baumwollmusselin verwendet, um die Enge im Mutterleib zu simulieren &#8211; eine besonders wirkungsvolle Art, quengeligen Babys beim Einschlafen zu helfen! Geben Sie Ihrem Baby das Gef\u00fchl der Geborgenheit und wickeln Sie es in unsere Puckdecken aus reinem Bauwollmusselin, damit es ruhig schlafen kann.<br \/>\nVIELSEITIGE DECKEN &#8211; k\u00f6nnen nicht nur als Puckt\u00fccher verwendet werden, sondern auch als Abdeckung f\u00fcr den Kinderwagen, Picknick-Decke, leichte Bettdecke, Unterlage zum Windelwechseln und Saubermachen usw. Ein vielseitiges Geschenk f\u00fcr neue Eltern.<br \/>\nWUNDERBAR WEICH &#8211; Unser Musselinstoff aus reiner Baumwolle ist wunderbar griffig und angenehm weich &#8211; und wird mit dem Waschen immer weicher. Ideal f\u00fcr Babys zarte Haut. Zudem ist der Baumwollmusselin atmungsaktiv, damit Ihrem Baby nicht zu hei\u00df wird und es tief und bequem schlafen kann.<\/p>\n","protected":false},"featured_media":62087,"comment_status":"open","ping_status":"closed","template":"","meta":[],"product_brand":[],"product_cat":[21,8825],"product_tag":[],"class_list":{"0":"post-62086","1":"product","2":"type-product","3":"status-publish","4":"has-post-thumbnail","6":"product_cat-baby","7":"product_cat-baby-kleinkinderzimmer-baby","8":"pa_binding-babyartikel","9":"pa_brand-cuddlebug","10":"pa_height-47-24-zoll","11":"pa_length-47-24-zoll","12":"pa_manufacturer-cuddlebug","13":"pa_size-large-4-feet-x-4-feet","14":"pa_width-47-24-zoll","16":"first","17":"instock","18":"shipping-taxable","19":"purchasable","20":"product-type-simple","21":"customify-col","22":"product-has-gallery"},"yoast_head":"<!-- This site is optimized with the Yoast SEO plugin v27.4 - https:\/\/yoast.com\/product\/yoast-seo-wordpress\/ -->\n<title>CuddleBug \u201eSternennacht\u201c 4 St\u00fcck 120 cm x 120 cm Lange Baby Decke f\u00fcr Babys | 5 Farbkollektionen | Musselin Decke\u2026 - Markt-XXL<\/title>\n<meta name=\"description\" content=\"Markt-XXL CuddleBug \u201eSternennacht\u201c 4 St\u00fcck 120 cm x 120 cm Lange Baby Decke f\u00fcr Babys | 5 Farbkollektionen | Musselin Decke\u2026\" \/>\n<meta name=\"robots\" content=\"index, follow, max-snippet:-1, max-image-preview:large, max-video-preview:-1\" \/>\n<link rel=\"canonical\" href=\"https:\/\/marktxxl.de\/markt\/produkt\/cuddlebug-musselin-swaddle-wickeldecke-baby-4er-pack-grosse-musselin-decken-fuer-neugeborene-120cm-x-120-cm-weicher-baumwolle-groesse-receiving-decken\/\" \/>\n<meta property=\"og:locale\" content=\"de_DE\" \/>\n<meta property=\"og:type\" content=\"article\" \/>\n<meta property=\"og:title\" content=\"CuddleBug \u201eSternennacht\u201c 4 St\u00fcck 120 cm x 120 cm Lange Baby Decke f\u00fcr Babys | 5 Farbkollektionen | Musselin Decke\u2026 - Markt-XXL\" \/>\n<meta property=\"og:description\" content=\"Markt-XXL CuddleBug \u201eSternennacht\u201c 4 St\u00fcck 120 cm x 120 cm Lange Baby Decke f\u00fcr Babys | 5 Farbkollektionen | Musselin Decke\u2026\" \/>\n<meta property=\"og:url\" content=\"https:\/\/marktxxl.de\/markt\/produkt\/cuddlebug-musselin-swaddle-wickeldecke-baby-4er-pack-grosse-musselin-decken-fuer-neugeborene-120cm-x-120-cm-weicher-baumwolle-groesse-receiving-decken\/\" \/>\n<meta property=\"og:site_name\" content=\"Markt-XXL\" \/>\n<meta property=\"article:modified_time\" content=\"2023-04-10T00:20:30+00:00\" \/>\n<meta property=\"og:image\" content=\"https:\/\/m.media-amazon.com\/images\/I\/41XHf37OOSL._SL500_.jpg\" \/>\n\t<meta property=\"og:image:width\" content=\"333\" \/>\n\t<meta property=\"og:image:height\" content=\"500\" \/>\n\t<meta property=\"og:image:type\" content=\"image\/jpeg\" \/>\n<meta name=\"twitter:card\" content=\"summary_large_image\" \/>\n<meta name=\"twitter:label1\" content=\"Gesch\u00e4tzte Lesezeit\" \/>\n\t<meta name=\"twitter:data1\" content=\"1\u00a0Minute\" \/>\n<script type=\"application\/ld+json\" class=\"yoast-schema-graph\">{\"@context\":\"https:\\\/\\\/schema.org\",\"@graph\":[{\"@type\":\"WebPage\",\"@id\":\"https:\\\/\\\/marktxxl.de\\\/markt\\\/produkt\\\/cuddlebug-musselin-swaddle-wickeldecke-baby-4er-pack-grosse-musselin-decken-fuer-neugeborene-120cm-x-120-cm-weicher-baumwolle-groesse-receiving-decken\\\/\",\"url\":\"https:\\\/\\\/marktxxl.de\\\/markt\\\/produkt\\\/cuddlebug-musselin-swaddle-wickeldecke-baby-4er-pack-grosse-musselin-decken-fuer-neugeborene-120cm-x-120-cm-weicher-baumwolle-groesse-receiving-decken\\\/\",\"name\":\"CuddleBug \u201eSternennacht\u201c 4 St\u00fcck 120 cm x 120 cm Lange Baby Decke f\u00fcr Babys | 5 Farbkollektionen | Musselin Decke\u2026 - Markt-XXL\",\"isPartOf\":{\"@id\":\"https:\\\/\\\/marktxxl.de\\\/markt\\\/#website\"},\"primaryImageOfPage\":{\"@id\":\"https:\\\/\\\/marktxxl.de\\\/markt\\\/produkt\\\/cuddlebug-musselin-swaddle-wickeldecke-baby-4er-pack-grosse-musselin-decken-fuer-neugeborene-120cm-x-120-cm-weicher-baumwolle-groesse-receiving-decken\\\/#primaryimage\"},\"image\":{\"@id\":\"https:\\\/\\\/marktxxl.de\\\/markt\\\/produkt\\\/cuddlebug-musselin-swaddle-wickeldecke-baby-4er-pack-grosse-musselin-decken-fuer-neugeborene-120cm-x-120-cm-weicher-baumwolle-groesse-receiving-decken\\\/#primaryimage\"},\"thumbnailUrl\":\"https:\\\/\\\/m.media-amazon.com\\\/images\\\/I\\\/41XHf37OOSL._SL500_.jpg\",\"datePublished\":\"2021-11-11T19:48:34+00:00\",\"dateModified\":\"2023-04-10T00:20:30+00:00\",\"description\":\"Markt-XXL CuddleBug \u201eSternennacht\u201c 4 St\u00fcck 120 cm x 120 cm Lange Baby Decke f\u00fcr Babys | 5 Farbkollektionen | Musselin Decke\u2026\",\"breadcrumb\":{\"@id\":\"https:\\\/\\\/marktxxl.de\\\/markt\\\/produkt\\\/cuddlebug-musselin-swaddle-wickeldecke-baby-4er-pack-grosse-musselin-decken-fuer-neugeborene-120cm-x-120-cm-weicher-baumwolle-groesse-receiving-decken\\\/#breadcrumb\"},\"inLanguage\":\"de\",\"potentialAction\":[{\"@type\":\"ReadAction\",\"target\":[\"https:\\\/\\\/marktxxl.de\\\/markt\\\/produkt\\\/cuddlebug-musselin-swaddle-wickeldecke-baby-4er-pack-grosse-musselin-decken-fuer-neugeborene-120cm-x-120-cm-weicher-baumwolle-groesse-receiving-decken\\\/\"]}]},{\"@type\":\"ImageObject\",\"inLanguage\":\"de\",\"@id\":\"https:\\\/\\\/marktxxl.de\\\/markt\\\/produkt\\\/cuddlebug-musselin-swaddle-wickeldecke-baby-4er-pack-grosse-musselin-decken-fuer-neugeborene-120cm-x-120-cm-weicher-baumwolle-groesse-receiving-decken\\\/#primaryimage\",\"url\":\"https:\\\/\\\/m.media-amazon.com\\\/images\\\/I\\\/41XHf37OOSL._SL500_.jpg\",\"contentUrl\":\"https:\\\/\\\/m.media-amazon.com\\\/images\\\/I\\\/41XHf37OOSL._SL500_.jpg\",\"width\":333,\"height\":500},{\"@type\":\"BreadcrumbList\",\"@id\":\"https:\\\/\\\/marktxxl.de\\\/markt\\\/produkt\\\/cuddlebug-musselin-swaddle-wickeldecke-baby-4er-pack-grosse-musselin-decken-fuer-neugeborene-120cm-x-120-cm-weicher-baumwolle-groesse-receiving-decken\\\/#breadcrumb\",\"itemListElement\":[{\"@type\":\"ListItem\",\"position\":1,\"name\":\"Startseite\",\"item\":\"https:\\\/\\\/marktxxl.de\\\/markt\\\/\"},{\"@type\":\"ListItem\",\"position\":2,\"name\":\"Markt\",\"item\":\"https:\\\/\\\/marktxxl.de\\\/markt\\\/\"},{\"@type\":\"ListItem\",\"position\":3,\"name\":\"CuddleBug \u201eSternennacht\u201c 4 St\u00fcck 120 cm x 120 cm Lange Baby Decke f\u00fcr Babys | 5 Farbkollektionen | Musselin Decke\u2026\"}]},{\"@type\":\"WebSite\",\"@id\":\"https:\\\/\\\/marktxxl.de\\\/markt\\\/#website\",\"url\":\"https:\\\/\\\/marktxxl.de\\\/markt\\\/\",\"name\":\"Markt-XXL\",\"description\":\"Ihr Markt Online\",\"publisher\":{\"@id\":\"https:\\\/\\\/marktxxl.de\\\/markt\\\/#organization\"},\"potentialAction\":[{\"@type\":\"SearchAction\",\"target\":{\"@type\":\"EntryPoint\",\"urlTemplate\":\"https:\\\/\\\/marktxxl.de\\\/markt\\\/?s={search_term_string}\"},\"query-input\":{\"@type\":\"PropertyValueSpecification\",\"valueRequired\":true,\"valueName\":\"search_term_string\"}}],\"inLanguage\":\"de\"},{\"@type\":\"Organization\",\"@id\":\"https:\\\/\\\/marktxxl.de\\\/markt\\\/#organization\",\"name\":\"Markt-XXL\",\"url\":\"https:\\\/\\\/marktxxl.de\\\/markt\\\/\",\"logo\":{\"@type\":\"ImageObject\",\"inLanguage\":\"de\",\"@id\":\"https:\\\/\\\/marktxxl.de\\\/markt\\\/#\\\/schema\\\/logo\\\/image\\\/\",\"url\":\"https:\\\/\\\/marktxxl.de\\\/markt\\\/wp-content\\\/uploads\\\/sites\\\/3\\\/2020\\\/12\\\/logo.png\",\"contentUrl\":\"https:\\\/\\\/marktxxl.de\\\/markt\\\/wp-content\\\/uploads\\\/sites\\\/3\\\/2020\\\/12\\\/logo.png\",\"width\":200,\"height\":70,\"caption\":\"Markt-XXL\"},\"image\":{\"@id\":\"https:\\\/\\\/marktxxl.de\\\/markt\\\/#\\\/schema\\\/logo\\\/image\\\/\"}}]}<\/script>\n<!-- \/ Yoast SEO plugin. -->","yoast_head_json":{"title":"CuddleBug \u201eSternennacht\u201c 4 St\u00fcck 120 cm x 120 cm Lange Baby Decke f\u00fcr Babys | 5 Farbkollektionen | Musselin Decke\u2026 - Markt-XXL","description":"Markt-XXL CuddleBug \u201eSternennacht\u201c 4 St\u00fcck 120 cm x 120 cm Lange Baby Decke f\u00fcr Babys | 5 Farbkollektionen | Musselin Decke\u2026","robots":{"index":"index","follow":"follow","max-snippet":"max-snippet:-1","max-image-preview":"max-image-preview:large","max-video-preview":"max-video-preview:-1"},"canonical":"https:\/\/marktxxl.de\/markt\/produkt\/cuddlebug-musselin-swaddle-wickeldecke-baby-4er-pack-grosse-musselin-decken-fuer-neugeborene-120cm-x-120-cm-weicher-baumwolle-groesse-receiving-decken\/","og_locale":"de_DE","og_type":"article","og_title":"CuddleBug \u201eSternennacht\u201c 4 St\u00fcck 120 cm x 120 cm Lange Baby Decke f\u00fcr Babys | 5 Farbkollektionen | Musselin Decke\u2026 - Markt-XXL","og_description":"Markt-XXL CuddleBug \u201eSternennacht\u201c 4 St\u00fcck 120 cm x 120 cm Lange Baby Decke f\u00fcr Babys | 5 Farbkollektionen | Musselin Decke\u2026","og_url":"https:\/\/marktxxl.de\/markt\/produkt\/cuddlebug-musselin-swaddle-wickeldecke-baby-4er-pack-grosse-musselin-decken-fuer-neugeborene-120cm-x-120-cm-weicher-baumwolle-groesse-receiving-decken\/","og_site_name":"Markt-XXL","article_modified_time":"2023-04-10T00:20:30+00:00","og_image":[{"width":333,"height":500,"url":"https:\/\/m.media-amazon.com\/images\/I\/41XHf37OOSL._SL500_.jpg","type":"image\/jpeg"}],"twitter_card":"summary_large_image","twitter_misc":{"Gesch\u00e4tzte Lesezeit":"1\u00a0Minute"},"schema":{"@context":"https:\/\/schema.org","@graph":[{"@type":"WebPage","@id":"https:\/\/marktxxl.de\/markt\/produkt\/cuddlebug-musselin-swaddle-wickeldecke-baby-4er-pack-grosse-musselin-decken-fuer-neugeborene-120cm-x-120-cm-weicher-baumwolle-groesse-receiving-decken\/","url":"https:\/\/marktxxl.de\/markt\/produkt\/cuddlebug-musselin-swaddle-wickeldecke-baby-4er-pack-grosse-musselin-decken-fuer-neugeborene-120cm-x-120-cm-weicher-baumwolle-groesse-receiving-decken\/","name":"CuddleBug \u201eSternennacht\u201c 4 St\u00fcck 120 cm x 120 cm Lange Baby Decke f\u00fcr Babys | 5 Farbkollektionen | Musselin Decke\u2026 - Markt-XXL","isPartOf":{"@id":"https:\/\/marktxxl.de\/markt\/#website"},"primaryImageOfPage":{"@id":"https:\/\/marktxxl.de\/markt\/produkt\/cuddlebug-musselin-swaddle-wickeldecke-baby-4er-pack-grosse-musselin-decken-fuer-neugeborene-120cm-x-120-cm-weicher-baumwolle-groesse-receiving-decken\/#primaryimage"},"image":{"@id":"https:\/\/marktxxl.de\/markt\/produkt\/cuddlebug-musselin-swaddle-wickeldecke-baby-4er-pack-grosse-musselin-decken-fuer-neugeborene-120cm-x-120-cm-weicher-baumwolle-groesse-receiving-decken\/#primaryimage"},"thumbnailUrl":"https:\/\/m.media-amazon.com\/images\/I\/41XHf37OOSL._SL500_.jpg","datePublished":"2021-11-11T19:48:34+00:00","dateModified":"2023-04-10T00:20:30+00:00","description":"Markt-XXL CuddleBug \u201eSternennacht\u201c 4 St\u00fcck 120 cm x 120 cm Lange Baby Decke f\u00fcr Babys | 5 Farbkollektionen | Musselin Decke\u2026","breadcrumb":{"@id":"https:\/\/marktxxl.de\/markt\/produkt\/cuddlebug-musselin-swaddle-wickeldecke-baby-4er-pack-grosse-musselin-decken-fuer-neugeborene-120cm-x-120-cm-weicher-baumwolle-groesse-receiving-decken\/#breadcrumb"},"inLanguage":"de","potentialAction":[{"@type":"ReadAction","target":["https:\/\/marktxxl.de\/markt\/produkt\/cuddlebug-musselin-swaddle-wickeldecke-baby-4er-pack-grosse-musselin-decken-fuer-neugeborene-120cm-x-120-cm-weicher-baumwolle-groesse-receiving-decken\/"]}]},{"@type":"ImageObject","inLanguage":"de","@id":"https:\/\/marktxxl.de\/markt\/produkt\/cuddlebug-musselin-swaddle-wickeldecke-baby-4er-pack-grosse-musselin-decken-fuer-neugeborene-120cm-x-120-cm-weicher-baumwolle-groesse-receiving-decken\/#primaryimage","url":"https:\/\/m.media-amazon.com\/images\/I\/41XHf37OOSL._SL500_.jpg","contentUrl":"https:\/\/m.media-amazon.com\/images\/I\/41XHf37OOSL._SL500_.jpg","width":333,"height":500},{"@type":"BreadcrumbList","@id":"https:\/\/marktxxl.de\/markt\/produkt\/cuddlebug-musselin-swaddle-wickeldecke-baby-4er-pack-grosse-musselin-decken-fuer-neugeborene-120cm-x-120-cm-weicher-baumwolle-groesse-receiving-decken\/#breadcrumb","itemListElement":[{"@type":"ListItem","position":1,"name":"Startseite","item":"https:\/\/marktxxl.de\/markt\/"},{"@type":"ListItem","position":2,"name":"Markt","item":"https:\/\/marktxxl.de\/markt\/"},{"@type":"ListItem","position":3,"name":"CuddleBug \u201eSternennacht\u201c 4 St\u00fcck 120 cm x 120 cm Lange Baby Decke f\u00fcr Babys | 5 Farbkollektionen | Musselin Decke\u2026"}]},{"@type":"WebSite","@id":"https:\/\/marktxxl.de\/markt\/#website","url":"https:\/\/marktxxl.de\/markt\/","name":"Markt-XXL","description":"Ihr Markt Online","publisher":{"@id":"https:\/\/marktxxl.de\/markt\/#organization"},"potentialAction":[{"@type":"SearchAction","target":{"@type":"EntryPoint","urlTemplate":"https:\/\/marktxxl.de\/markt\/?s={search_term_string}"},"query-input":{"@type":"PropertyValueSpecification","valueRequired":true,"valueName":"search_term_string"}}],"inLanguage":"de"},{"@type":"Organization","@id":"https:\/\/marktxxl.de\/markt\/#organization","name":"Markt-XXL","url":"https:\/\/marktxxl.de\/markt\/","logo":{"@type":"ImageObject","inLanguage":"de","@id":"https:\/\/marktxxl.de\/markt\/#\/schema\/logo\/image\/","url":"https:\/\/marktxxl.de\/markt\/wp-content\/uploads\/sites\/3\/2020\/12\/logo.png","contentUrl":"https:\/\/marktxxl.de\/markt\/wp-content\/uploads\/sites\/3\/2020\/12\/logo.png","width":200,"height":70,"caption":"Markt-XXL"},"image":{"@id":"https:\/\/marktxxl.de\/markt\/#\/schema\/logo\/image\/"}}]}},"_links":{"self":[{"href":"https:\/\/marktxxl.de\/markt\/wp-json\/wp\/v2\/product\/62086","targetHints":{"allow":["GET"]}}],"collection":[{"href":"https:\/\/marktxxl.de\/markt\/wp-json\/wp\/v2\/product"}],"about":[{"href":"https:\/\/marktxxl.de\/markt\/wp-json\/wp\/v2\/types\/product"}],"replies":[{"embeddable":true,"href":"https:\/\/marktxxl.de\/markt\/wp-json\/wp\/v2\/comments?post=62086"}],"wp:featuredmedia":[{"embeddable":true,"href":"https:\/\/marktxxl.de\/markt\/wp-json\/wp\/v2\/media\/62087"}],"wp:attachment":[{"href":"https:\/\/marktxxl.de\/markt\/wp-json\/wp\/v2\/media?parent=62086"}],"wp:term":[{"taxonomy":"product_brand","embeddable":true,"href":"https:\/\/marktxxl.de\/markt\/wp-json\/wp\/v2\/product_brand?post=62086"},{"taxonomy":"product_cat","embeddable":true,"href":"https:\/\/marktxxl.de\/markt\/wp-json\/wp\/v2\/product_cat?post=62086"},{"taxonomy":"product_tag","embeddable":true,"href":"https:\/\/marktxxl.de\/markt\/wp-json\/wp\/v2\/product_tag?post=62086"}],"curies":[{"name":"wp","href":"https:\/\/api.w.org\/{rel}","templated":true}]}}