{"id":62023,"date":"2021-11-11T20:48:09","date_gmt":"2021-11-11T19:48:09","guid":{"rendered":"https:\/\/marktxxl.de\/markt\/produkt\/sternenprojektor-nachtlicht-linbii-galaxy-projektor-sternenlicht-mit-fernbedienung-bluetooth-musik-lautsprecher-timer-aurora-star-lampe-projektor-licht-fuer-kinder-erwachsene-baby-schlafzimmer\/"},"modified":"2023-04-10T02:20:28","modified_gmt":"2023-04-10T00:20:28","slug":"sternenprojektor-nachtlicht-linbii-galaxy-projektor-sternenlicht-mit-fernbedienung-bluetooth-musik-lautsprecher-timer-aurora-star-lampe-projektor-licht-fuer-kinder-erwachsene-baby-schlafzimmer","status":"publish","type":"product","link":"https:\/\/marktxxl.de\/markt\/produkt\/sternenprojektor-nachtlicht-linbii-galaxy-projektor-sternenlicht-mit-fernbedienung-bluetooth-musik-lautsprecher-timer-aurora-star-lampe-projektor-licht-fuer-kinder-erwachsene-baby-schlafzimmer\/","title":{"rendered":"Sternprojektor Nachtlicht, LinBii Galaxy Projektor Sternlicht mit Fernbedienung, Bluetooth Musik Lautsprecher, Timmer\u2026"},"content":{"rendered":"<p>Sternen-Galaxy-Projektor-Nachtlicht: Der LinBii-Sternprojektor hat 4 Helligkeitsstufen, 3 Arbeitsmodi, 4 Farben Aurora, und kann in bis zu 15 Farbkombinationen kombiniert werden. Aurora und Sterne k\u00f6nnen einzeln oder in Kombination gespielt werden. Durch die Kombination von Arbeitsmodi, Farben und Lichtern k\u00f6nnen Sie bis zu 34 v\u00f6llig unterschiedliche Erfahrungen haben! Egal, ob Tag oder Nacht, dieses Sternenprojektor-Nachtlicht kann Ihnen die beste Erfahrung bieten<br \/>\nAutomatisches Timing: Das Sternenprojektor-Nachtlicht unterst\u00fctzt Timer-Abschaltfunktion (1h, 2h, 4h Auto-Off), was intelligenter und umweltfreundlicher ist; Schalten Sie es ein, bevor Sie oder Ihr Kind ins Bett gehen, um eine romantische vertr\u00e4umte Sternenhimmel-Projektion an der Decke zu projizieren. Spielen Sie eine beruhigende Musik oder wei\u00dfes Rauschen zu schaffen, um eine warme und ruhige Schlafumgebung zu schaffen, damit Sie und Ihre Familie schnell und reibungslos einschlafen k\u00f6nnen<br \/>\nIntegrierter Hi-Fi-Lautsprecher und Synchronisation mit Musik: Dieses SternenGalaxy-Projektor-Nachtlicht hat einen eingebauten Musik-Lautsprecher und Sound-Sensor. Sie k\u00f6nnen den Lautsprecher der Galaxy-Projektorlampe mit Ihrem Handy \u00fcber Bluetooth verbinden, um Musik abzuspielen, um Ihren K\u00f6rper und Geist zu entspannen oder Ihnen zu helfen, mit wei\u00dfem Rauschen zu schlafen. Der Sound-Steuerungsmodus kann den Sternenprojektor mit dem Takt der Musik synchronisieren und das Licht tanzen<br \/>\nFernbedienung und einstellbare Helligkeit\/Lautst\u00e4rke\/Geschwindigkeit: 21 Tasten erm\u00f6glichen es Ihnen, alle Operationen des Galaxy-Projektor-Nachtlichts aus der Ferne zu vervollst\u00e4ndigen. Die Helligkeit des Lichts, die Lautst\u00e4rke der Musik, der Schalter der Aurora und der Sterne, die Geschwindigkeit und Farbe der Aurora-Transformation, der Beleuchtungs-Modus, der Lichteffekte und der Timer, alle k\u00f6nnen \u00fcber die Fernbedienung ferngesteuert werden<br \/>\nErstaunliche Geschenke: Der Sternprojektor ist das erstaunlichste Geschenk f\u00fcr Ihre Kinder und Liebhaber. Er kann die Sehnsucht der Kinder nach Universum und Sternen inspirieren und die Kreativit\u00e4t und Fantasie der Kinder verbessern; der Sternprojektor kann Ihnen und Ihrem Liebhaber eine romantische Atmosph\u00e4re bieten<br \/>\n<div class=\"main-cross-sell\" data-asin=\"B09BFBXVYG\">\n\n\t<div class=\"WooZone-cross-sell-loader\">\n\t\t<div>\n\t\t\t<div id=\"floatingBarsG\">\n\t\t\t\t<div class=\"blockG\" id=\"rotateG_01\"><\/div>\n\t\t\t\t<div class=\"blockG\" id=\"rotateG_02\"><\/div>\n\t\t\t\t<div class=\"blockG\" id=\"rotateG_03\"><\/div>\n\t\t\t\t<div class=\"blockG\" id=\"rotateG_04\"><\/div>\n\t\t\t\t<div class=\"blockG\" id=\"rotateG_05\"><\/div>\n\t\t\t\t<div class=\"blockG\" id=\"rotateG_06\"><\/div>\n\t\t\t\t<div class=\"blockG\" id=\"rotateG_07\"><\/div>\n\t\t\t\t<div class=\"blockG\" id=\"rotateG_08\"><\/div>\n\t\t\t<\/div>\n\t\t\t<div class=\"WooZone-cross-sell-loader-text\"><\/div>\n\t\t<\/div>\n\t<\/div>\n\n\t\t\n<\/div>\n<div style=\"clear:both;\"><\/div><\/p>\n","protected":false},"excerpt":{"rendered":"<p>Sternen-Galaxy-Projektor-Nachtlicht: Der LinBii-Sternprojektor hat 4 Helligkeitsstufen, 3 Arbeitsmodi, 4 Farben Aurora, und kann in bis zu 15 Farbkombinationen kombiniert werden. Aurora und Sterne k\u00f6nnen einzeln oder in Kombination gespielt werden. Durch die Kombination von Arbeitsmodi, Farben und Lichtern k\u00f6nnen Sie bis zu 34 v\u00f6llig unterschiedliche Erfahrungen haben! Egal, ob Tag oder Nacht, dieses Sternenprojektor-Nachtlicht kann Ihnen die beste Erfahrung bieten<br \/>\nAutomatisches Timing: Das Sternenprojektor-Nachtlicht unterst\u00fctzt Timer-Abschaltfunktion (1h, 2h, 4h Auto-Off), was intelligenter und umweltfreundlicher ist; Schalten Sie es ein, bevor Sie oder Ihr Kind ins Bett gehen, um eine romantische vertr\u00e4umte Sternenhimmel-Projektion an der Decke zu projizieren. Spielen Sie eine beruhigende Musik oder wei\u00dfes Rauschen zu schaffen, um eine warme und ruhige Schlafumgebung zu schaffen, damit Sie und Ihre Familie schnell und reibungslos einschlafen k\u00f6nnen<br \/>\nIntegrierter Hi-Fi-Lautsprecher und Synchronisation mit Musik: Dieses SternenGalaxy-Projektor-Nachtlicht hat einen eingebauten Musik-Lautsprecher und Sound-Sensor. Sie k\u00f6nnen den Lautsprecher der Galaxy-Projektorlampe mit Ihrem Handy \u00fcber Bluetooth verbinden, um Musik abzuspielen, um Ihren K\u00f6rper und Geist zu entspannen oder Ihnen zu helfen, mit wei\u00dfem Rauschen zu schlafen. Der Sound-Steuerungsmodus kann den Sternenprojektor mit dem Takt der Musik synchronisieren und das Licht tanzen<\/p>\n","protected":false},"featured_media":62024,"comment_status":"open","ping_status":"closed","template":"","meta":[],"product_brand":[],"product_cat":[21,8825],"product_tag":[],"class_list":{"0":"post-62023","1":"product","2":"type-product","3":"status-publish","4":"has-post-thumbnail","6":"product_cat-baby","7":"product_cat-baby-kleinkinderzimmer-baby","8":"pa_brand-linbii","9":"pa_height-6-8110236151-zoll","10":"pa_length-4-5275590505-zoll","11":"pa_manufacturer-linbii","12":"pa_model-xwg-105","13":"pa_width-6-8110236151-zoll","15":"first","16":"instock","17":"shipping-taxable","18":"purchasable","19":"product-type-simple","20":"customify-col","21":"product-has-gallery"},"yoast_head":"<!-- This site is optimized with the Yoast SEO plugin v27.4 - https:\/\/yoast.com\/product\/yoast-seo-wordpress\/ -->\n<title>Sternprojektor Nachtlicht, LinBii Galaxy Projektor Sternlicht mit Fernbedienung, Bluetooth Musik Lautsprecher, Timmer\u2026 - Markt-XXL<\/title>\n<meta name=\"description\" content=\"Markt-XXL Sternprojektor Nachtlicht, LinBii Galaxy Projektor Sternlicht mit Fernbedienung, Bluetooth Musik Lautsprecher, Timmer\u2026\" \/>\n<meta name=\"robots\" content=\"index, follow, max-snippet:-1, max-image-preview:large, max-video-preview:-1\" \/>\n<link rel=\"canonical\" href=\"https:\/\/marktxxl.de\/markt\/produkt\/sternenprojektor-nachtlicht-linbii-galaxy-projektor-sternenlicht-mit-fernbedienung-bluetooth-musik-lautsprecher-timer-aurora-star-lampe-projektor-licht-fuer-kinder-erwachsene-baby-schlafzimmer\/\" \/>\n<meta property=\"og:locale\" content=\"de_DE\" \/>\n<meta property=\"og:type\" content=\"article\" \/>\n<meta property=\"og:title\" content=\"Sternprojektor Nachtlicht, LinBii Galaxy Projektor Sternlicht mit Fernbedienung, Bluetooth Musik Lautsprecher, Timmer\u2026 - Markt-XXL\" \/>\n<meta property=\"og:description\" content=\"Markt-XXL Sternprojektor Nachtlicht, LinBii Galaxy Projektor Sternlicht mit Fernbedienung, Bluetooth Musik Lautsprecher, Timmer\u2026\" \/>\n<meta property=\"og:url\" content=\"https:\/\/marktxxl.de\/markt\/produkt\/sternenprojektor-nachtlicht-linbii-galaxy-projektor-sternenlicht-mit-fernbedienung-bluetooth-musik-lautsprecher-timer-aurora-star-lampe-projektor-licht-fuer-kinder-erwachsene-baby-schlafzimmer\/\" \/>\n<meta property=\"og:site_name\" content=\"Markt-XXL\" \/>\n<meta property=\"article:modified_time\" content=\"2023-04-10T00:20:28+00:00\" \/>\n<meta property=\"og:image\" content=\"https:\/\/m.media-amazon.com\/images\/I\/51-kRl9ZfQL._SL500_.jpg\" \/>\n\t<meta property=\"og:image:width\" content=\"500\" \/>\n\t<meta property=\"og:image:height\" content=\"500\" \/>\n\t<meta property=\"og:image:type\" content=\"image\/jpeg\" \/>\n<meta name=\"twitter:card\" content=\"summary_large_image\" \/>\n<meta name=\"twitter:label1\" content=\"Gesch\u00e4tzte Lesezeit\" \/>\n\t<meta name=\"twitter:data1\" content=\"2\u00a0Minuten\" \/>\n<script type=\"application\/ld+json\" class=\"yoast-schema-graph\">{\"@context\":\"https:\\\/\\\/schema.org\",\"@graph\":[{\"@type\":\"WebPage\",\"@id\":\"https:\\\/\\\/marktxxl.de\\\/markt\\\/produkt\\\/sternenprojektor-nachtlicht-linbii-galaxy-projektor-sternenlicht-mit-fernbedienung-bluetooth-musik-lautsprecher-timer-aurora-star-lampe-projektor-licht-fuer-kinder-erwachsene-baby-schlafzimmer\\\/\",\"url\":\"https:\\\/\\\/marktxxl.de\\\/markt\\\/produkt\\\/sternenprojektor-nachtlicht-linbii-galaxy-projektor-sternenlicht-mit-fernbedienung-bluetooth-musik-lautsprecher-timer-aurora-star-lampe-projektor-licht-fuer-kinder-erwachsene-baby-schlafzimmer\\\/\",\"name\":\"Sternprojektor Nachtlicht, LinBii Galaxy Projektor Sternlicht mit Fernbedienung, Bluetooth Musik Lautsprecher, Timmer\u2026 - Markt-XXL\",\"isPartOf\":{\"@id\":\"https:\\\/\\\/marktxxl.de\\\/markt\\\/#website\"},\"primaryImageOfPage\":{\"@id\":\"https:\\\/\\\/marktxxl.de\\\/markt\\\/produkt\\\/sternenprojektor-nachtlicht-linbii-galaxy-projektor-sternenlicht-mit-fernbedienung-bluetooth-musik-lautsprecher-timer-aurora-star-lampe-projektor-licht-fuer-kinder-erwachsene-baby-schlafzimmer\\\/#primaryimage\"},\"image\":{\"@id\":\"https:\\\/\\\/marktxxl.de\\\/markt\\\/produkt\\\/sternenprojektor-nachtlicht-linbii-galaxy-projektor-sternenlicht-mit-fernbedienung-bluetooth-musik-lautsprecher-timer-aurora-star-lampe-projektor-licht-fuer-kinder-erwachsene-baby-schlafzimmer\\\/#primaryimage\"},\"thumbnailUrl\":\"https:\\\/\\\/m.media-amazon.com\\\/images\\\/I\\\/51-kRl9ZfQL._SL500_.jpg\",\"datePublished\":\"2021-11-11T19:48:09+00:00\",\"dateModified\":\"2023-04-10T00:20:28+00:00\",\"description\":\"Markt-XXL Sternprojektor Nachtlicht, LinBii Galaxy Projektor Sternlicht mit Fernbedienung, Bluetooth Musik Lautsprecher, Timmer\u2026\",\"breadcrumb\":{\"@id\":\"https:\\\/\\\/marktxxl.de\\\/markt\\\/produkt\\\/sternenprojektor-nachtlicht-linbii-galaxy-projektor-sternenlicht-mit-fernbedienung-bluetooth-musik-lautsprecher-timer-aurora-star-lampe-projektor-licht-fuer-kinder-erwachsene-baby-schlafzimmer\\\/#breadcrumb\"},\"inLanguage\":\"de\",\"potentialAction\":[{\"@type\":\"ReadAction\",\"target\":[\"https:\\\/\\\/marktxxl.de\\\/markt\\\/produkt\\\/sternenprojektor-nachtlicht-linbii-galaxy-projektor-sternenlicht-mit-fernbedienung-bluetooth-musik-lautsprecher-timer-aurora-star-lampe-projektor-licht-fuer-kinder-erwachsene-baby-schlafzimmer\\\/\"]}]},{\"@type\":\"ImageObject\",\"inLanguage\":\"de\",\"@id\":\"https:\\\/\\\/marktxxl.de\\\/markt\\\/produkt\\\/sternenprojektor-nachtlicht-linbii-galaxy-projektor-sternenlicht-mit-fernbedienung-bluetooth-musik-lautsprecher-timer-aurora-star-lampe-projektor-licht-fuer-kinder-erwachsene-baby-schlafzimmer\\\/#primaryimage\",\"url\":\"https:\\\/\\\/m.media-amazon.com\\\/images\\\/I\\\/51-kRl9ZfQL._SL500_.jpg\",\"contentUrl\":\"https:\\\/\\\/m.media-amazon.com\\\/images\\\/I\\\/51-kRl9ZfQL._SL500_.jpg\",\"width\":500,\"height\":500},{\"@type\":\"BreadcrumbList\",\"@id\":\"https:\\\/\\\/marktxxl.de\\\/markt\\\/produkt\\\/sternenprojektor-nachtlicht-linbii-galaxy-projektor-sternenlicht-mit-fernbedienung-bluetooth-musik-lautsprecher-timer-aurora-star-lampe-projektor-licht-fuer-kinder-erwachsene-baby-schlafzimmer\\\/#breadcrumb\",\"itemListElement\":[{\"@type\":\"ListItem\",\"position\":1,\"name\":\"Startseite\",\"item\":\"https:\\\/\\\/marktxxl.de\\\/markt\\\/\"},{\"@type\":\"ListItem\",\"position\":2,\"name\":\"Markt\",\"item\":\"https:\\\/\\\/marktxxl.de\\\/markt\\\/\"},{\"@type\":\"ListItem\",\"position\":3,\"name\":\"Sternprojektor Nachtlicht, LinBii Galaxy Projektor Sternlicht mit Fernbedienung, Bluetooth Musik Lautsprecher, Timmer\u2026\"}]},{\"@type\":\"WebSite\",\"@id\":\"https:\\\/\\\/marktxxl.de\\\/markt\\\/#website\",\"url\":\"https:\\\/\\\/marktxxl.de\\\/markt\\\/\",\"name\":\"Markt-XXL\",\"description\":\"Ihr Markt Online\",\"publisher\":{\"@id\":\"https:\\\/\\\/marktxxl.de\\\/markt\\\/#organization\"},\"potentialAction\":[{\"@type\":\"SearchAction\",\"target\":{\"@type\":\"EntryPoint\",\"urlTemplate\":\"https:\\\/\\\/marktxxl.de\\\/markt\\\/?s={search_term_string}\"},\"query-input\":{\"@type\":\"PropertyValueSpecification\",\"valueRequired\":true,\"valueName\":\"search_term_string\"}}],\"inLanguage\":\"de\"},{\"@type\":\"Organization\",\"@id\":\"https:\\\/\\\/marktxxl.de\\\/markt\\\/#organization\",\"name\":\"Markt-XXL\",\"url\":\"https:\\\/\\\/marktxxl.de\\\/markt\\\/\",\"logo\":{\"@type\":\"ImageObject\",\"inLanguage\":\"de\",\"@id\":\"https:\\\/\\\/marktxxl.de\\\/markt\\\/#\\\/schema\\\/logo\\\/image\\\/\",\"url\":\"https:\\\/\\\/marktxxl.de\\\/markt\\\/wp-content\\\/uploads\\\/sites\\\/3\\\/2020\\\/12\\\/logo.png\",\"contentUrl\":\"https:\\\/\\\/marktxxl.de\\\/markt\\\/wp-content\\\/uploads\\\/sites\\\/3\\\/2020\\\/12\\\/logo.png\",\"width\":200,\"height\":70,\"caption\":\"Markt-XXL\"},\"image\":{\"@id\":\"https:\\\/\\\/marktxxl.de\\\/markt\\\/#\\\/schema\\\/logo\\\/image\\\/\"}}]}<\/script>\n<!-- \/ Yoast SEO plugin. -->","yoast_head_json":{"title":"Sternprojektor Nachtlicht, LinBii Galaxy Projektor Sternlicht mit Fernbedienung, Bluetooth Musik Lautsprecher, Timmer\u2026 - Markt-XXL","description":"Markt-XXL Sternprojektor Nachtlicht, LinBii Galaxy Projektor Sternlicht mit Fernbedienung, Bluetooth Musik Lautsprecher, Timmer\u2026","robots":{"index":"index","follow":"follow","max-snippet":"max-snippet:-1","max-image-preview":"max-image-preview:large","max-video-preview":"max-video-preview:-1"},"canonical":"https:\/\/marktxxl.de\/markt\/produkt\/sternenprojektor-nachtlicht-linbii-galaxy-projektor-sternenlicht-mit-fernbedienung-bluetooth-musik-lautsprecher-timer-aurora-star-lampe-projektor-licht-fuer-kinder-erwachsene-baby-schlafzimmer\/","og_locale":"de_DE","og_type":"article","og_title":"Sternprojektor Nachtlicht, LinBii Galaxy Projektor Sternlicht mit Fernbedienung, Bluetooth Musik Lautsprecher, Timmer\u2026 - Markt-XXL","og_description":"Markt-XXL Sternprojektor Nachtlicht, LinBii Galaxy Projektor Sternlicht mit Fernbedienung, Bluetooth Musik Lautsprecher, Timmer\u2026","og_url":"https:\/\/marktxxl.de\/markt\/produkt\/sternenprojektor-nachtlicht-linbii-galaxy-projektor-sternenlicht-mit-fernbedienung-bluetooth-musik-lautsprecher-timer-aurora-star-lampe-projektor-licht-fuer-kinder-erwachsene-baby-schlafzimmer\/","og_site_name":"Markt-XXL","article_modified_time":"2023-04-10T00:20:28+00:00","og_image":[{"width":500,"height":500,"url":"https:\/\/m.media-amazon.com\/images\/I\/51-kRl9ZfQL._SL500_.jpg","type":"image\/jpeg"}],"twitter_card":"summary_large_image","twitter_misc":{"Gesch\u00e4tzte Lesezeit":"2\u00a0Minuten"},"schema":{"@context":"https:\/\/schema.org","@graph":[{"@type":"WebPage","@id":"https:\/\/marktxxl.de\/markt\/produkt\/sternenprojektor-nachtlicht-linbii-galaxy-projektor-sternenlicht-mit-fernbedienung-bluetooth-musik-lautsprecher-timer-aurora-star-lampe-projektor-licht-fuer-kinder-erwachsene-baby-schlafzimmer\/","url":"https:\/\/marktxxl.de\/markt\/produkt\/sternenprojektor-nachtlicht-linbii-galaxy-projektor-sternenlicht-mit-fernbedienung-bluetooth-musik-lautsprecher-timer-aurora-star-lampe-projektor-licht-fuer-kinder-erwachsene-baby-schlafzimmer\/","name":"Sternprojektor Nachtlicht, LinBii Galaxy Projektor Sternlicht mit Fernbedienung, Bluetooth Musik Lautsprecher, Timmer\u2026 - Markt-XXL","isPartOf":{"@id":"https:\/\/marktxxl.de\/markt\/#website"},"primaryImageOfPage":{"@id":"https:\/\/marktxxl.de\/markt\/produkt\/sternenprojektor-nachtlicht-linbii-galaxy-projektor-sternenlicht-mit-fernbedienung-bluetooth-musik-lautsprecher-timer-aurora-star-lampe-projektor-licht-fuer-kinder-erwachsene-baby-schlafzimmer\/#primaryimage"},"image":{"@id":"https:\/\/marktxxl.de\/markt\/produkt\/sternenprojektor-nachtlicht-linbii-galaxy-projektor-sternenlicht-mit-fernbedienung-bluetooth-musik-lautsprecher-timer-aurora-star-lampe-projektor-licht-fuer-kinder-erwachsene-baby-schlafzimmer\/#primaryimage"},"thumbnailUrl":"https:\/\/m.media-amazon.com\/images\/I\/51-kRl9ZfQL._SL500_.jpg","datePublished":"2021-11-11T19:48:09+00:00","dateModified":"2023-04-10T00:20:28+00:00","description":"Markt-XXL Sternprojektor Nachtlicht, LinBii Galaxy Projektor Sternlicht mit Fernbedienung, Bluetooth Musik Lautsprecher, Timmer\u2026","breadcrumb":{"@id":"https:\/\/marktxxl.de\/markt\/produkt\/sternenprojektor-nachtlicht-linbii-galaxy-projektor-sternenlicht-mit-fernbedienung-bluetooth-musik-lautsprecher-timer-aurora-star-lampe-projektor-licht-fuer-kinder-erwachsene-baby-schlafzimmer\/#breadcrumb"},"inLanguage":"de","potentialAction":[{"@type":"ReadAction","target":["https:\/\/marktxxl.de\/markt\/produkt\/sternenprojektor-nachtlicht-linbii-galaxy-projektor-sternenlicht-mit-fernbedienung-bluetooth-musik-lautsprecher-timer-aurora-star-lampe-projektor-licht-fuer-kinder-erwachsene-baby-schlafzimmer\/"]}]},{"@type":"ImageObject","inLanguage":"de","@id":"https:\/\/marktxxl.de\/markt\/produkt\/sternenprojektor-nachtlicht-linbii-galaxy-projektor-sternenlicht-mit-fernbedienung-bluetooth-musik-lautsprecher-timer-aurora-star-lampe-projektor-licht-fuer-kinder-erwachsene-baby-schlafzimmer\/#primaryimage","url":"https:\/\/m.media-amazon.com\/images\/I\/51-kRl9ZfQL._SL500_.jpg","contentUrl":"https:\/\/m.media-amazon.com\/images\/I\/51-kRl9ZfQL._SL500_.jpg","width":500,"height":500},{"@type":"BreadcrumbList","@id":"https:\/\/marktxxl.de\/markt\/produkt\/sternenprojektor-nachtlicht-linbii-galaxy-projektor-sternenlicht-mit-fernbedienung-bluetooth-musik-lautsprecher-timer-aurora-star-lampe-projektor-licht-fuer-kinder-erwachsene-baby-schlafzimmer\/#breadcrumb","itemListElement":[{"@type":"ListItem","position":1,"name":"Startseite","item":"https:\/\/marktxxl.de\/markt\/"},{"@type":"ListItem","position":2,"name":"Markt","item":"https:\/\/marktxxl.de\/markt\/"},{"@type":"ListItem","position":3,"name":"Sternprojektor Nachtlicht, LinBii Galaxy Projektor Sternlicht mit Fernbedienung, Bluetooth Musik Lautsprecher, Timmer\u2026"}]},{"@type":"WebSite","@id":"https:\/\/marktxxl.de\/markt\/#website","url":"https:\/\/marktxxl.de\/markt\/","name":"Markt-XXL","description":"Ihr Markt Online","publisher":{"@id":"https:\/\/marktxxl.de\/markt\/#organization"},"potentialAction":[{"@type":"SearchAction","target":{"@type":"EntryPoint","urlTemplate":"https:\/\/marktxxl.de\/markt\/?s={search_term_string}"},"query-input":{"@type":"PropertyValueSpecification","valueRequired":true,"valueName":"search_term_string"}}],"inLanguage":"de"},{"@type":"Organization","@id":"https:\/\/marktxxl.de\/markt\/#organization","name":"Markt-XXL","url":"https:\/\/marktxxl.de\/markt\/","logo":{"@type":"ImageObject","inLanguage":"de","@id":"https:\/\/marktxxl.de\/markt\/#\/schema\/logo\/image\/","url":"https:\/\/marktxxl.de\/markt\/wp-content\/uploads\/sites\/3\/2020\/12\/logo.png","contentUrl":"https:\/\/marktxxl.de\/markt\/wp-content\/uploads\/sites\/3\/2020\/12\/logo.png","width":200,"height":70,"caption":"Markt-XXL"},"image":{"@id":"https:\/\/marktxxl.de\/markt\/#\/schema\/logo\/image\/"}}]}},"_links":{"self":[{"href":"https:\/\/marktxxl.de\/markt\/wp-json\/wp\/v2\/product\/62023","targetHints":{"allow":["GET"]}}],"collection":[{"href":"https:\/\/marktxxl.de\/markt\/wp-json\/wp\/v2\/product"}],"about":[{"href":"https:\/\/marktxxl.de\/markt\/wp-json\/wp\/v2\/types\/product"}],"replies":[{"embeddable":true,"href":"https:\/\/marktxxl.de\/markt\/wp-json\/wp\/v2\/comments?post=62023"}],"wp:featuredmedia":[{"embeddable":true,"href":"https:\/\/marktxxl.de\/markt\/wp-json\/wp\/v2\/media\/62024"}],"wp:attachment":[{"href":"https:\/\/marktxxl.de\/markt\/wp-json\/wp\/v2\/media?parent=62023"}],"wp:term":[{"taxonomy":"product_brand","embeddable":true,"href":"https:\/\/marktxxl.de\/markt\/wp-json\/wp\/v2\/product_brand?post=62023"},{"taxonomy":"product_cat","embeddable":true,"href":"https:\/\/marktxxl.de\/markt\/wp-json\/wp\/v2\/product_cat?post=62023"},{"taxonomy":"product_tag","embeddable":true,"href":"https:\/\/marktxxl.de\/markt\/wp-json\/wp\/v2\/product_tag?post=62023"}],"curies":[{"name":"wp","href":"https:\/\/api.w.org\/{rel}","templated":true}]}}