{"id":61976,"date":"2021-11-11T20:45:18","date_gmt":"2021-11-11T19:45:18","guid":{"rendered":"https:\/\/marktxxl.de\/markt\/produkt\/mushie-wickeldecke-aus-musselin-100-bio-baumwolle\/"},"modified":"2023-04-10T02:20:26","modified_gmt":"2023-04-10T00:20:26","slug":"mushie-wickeldecke-aus-musselin-100-bio-baumwolle","status":"publish","type":"product","link":"https:\/\/marktxxl.de\/markt\/produkt\/mushie-wickeldecke-aus-musselin-100-bio-baumwolle\/","title":{"rendered":"Mushie Musselin Baby Wickeldecke | 100% Bio-Baumwolle | Sichere, Hochwertige &amp; Langlebige Erstausstattung f\u00fcr\u2026"},"content":{"rendered":"<p>Aus 100 % Bio-Baumwolle, unser gem\u00fctlicher und extra weicher Musselin-Wickeltuch ist vorgewaschen f\u00fcr Weichheit auf der empfindlichen Babyhaut. Musselin bleibt atmungsaktiv und h\u00e4lt das Baby warm und kuschelig.<br \/>\nUnsere Musselin-Baby-Puckt\u00fccher sind ideal zum Wickeln, Stillen und Kuscheln Ihres Babys.<br \/>\nBleibt nach jeder W\u00e4sche weich und maschinenwaschbar.<br \/>\nGr\u00f6\u00dfe: 120 x 120 cm<br \/>\n<div class=\"main-cross-sell\" data-asin=\"B087CGCJVH\">\n\n\t<div class=\"WooZone-cross-sell-loader\">\n\t\t<div>\n\t\t\t<div id=\"floatingBarsG\">\n\t\t\t\t<div class=\"blockG\" id=\"rotateG_01\"><\/div>\n\t\t\t\t<div class=\"blockG\" id=\"rotateG_02\"><\/div>\n\t\t\t\t<div class=\"blockG\" id=\"rotateG_03\"><\/div>\n\t\t\t\t<div class=\"blockG\" id=\"rotateG_04\"><\/div>\n\t\t\t\t<div class=\"blockG\" id=\"rotateG_05\"><\/div>\n\t\t\t\t<div class=\"blockG\" id=\"rotateG_06\"><\/div>\n\t\t\t\t<div class=\"blockG\" id=\"rotateG_07\"><\/div>\n\t\t\t\t<div class=\"blockG\" id=\"rotateG_08\"><\/div>\n\t\t\t<\/div>\n\t\t\t<div class=\"WooZone-cross-sell-loader-text\"><\/div>\n\t\t<\/div>\n\t<\/div>\n\n\t\t\n<\/div>\n<div style=\"clear:both;\"><\/div><\/p>\n","protected":false},"excerpt":{"rendered":"<p>Aus 100 % Bio-Baumwolle, unser gem\u00fctlicher und extra weicher Musselin-Wickeltuch ist vorgewaschen f\u00fcr Weichheit auf der empfindlichen Babyhaut. Musselin bleibt atmungsaktiv und h\u00e4lt das Baby warm und kuschelig.<br \/>\nUnsere Musselin-Baby-Puckt\u00fccher sind ideal zum Wickeln, Stillen und Kuscheln Ihres Babys.<br \/>\nBleibt nach jeder W\u00e4sche weich und maschinenwaschbar.<\/p>\n","protected":false},"featured_media":61977,"comment_status":"open","ping_status":"closed","template":"","meta":[],"product_brand":[],"product_cat":[21,8825],"product_tag":[],"class_list":{"0":"post-61976","1":"product","2":"type-product","3":"status-publish","4":"has-post-thumbnail","6":"product_cat-baby","7":"product_cat-baby-kleinkinderzimmer-baby","8":"pa_binding-babyartikel","9":"pa_brand-mushie","10":"pa_manufacturer-mushie","12":"first","13":"instock","14":"shipping-taxable","15":"purchasable","16":"product-type-simple","17":"customify-col","18":"product-has-gallery"},"yoast_head":"<!-- This site is optimized with the Yoast SEO plugin v27.3 - https:\/\/yoast.com\/product\/yoast-seo-wordpress\/ -->\n<title>Mushie Musselin Baby Wickeldecke | 100% Bio-Baumwolle | Sichere, Hochwertige &amp; Langlebige Erstausstattung f\u00fcr\u2026 - Markt-XXL<\/title>\n<meta name=\"description\" content=\"Markt-XXL Mushie Musselin Baby Wickeldecke | 100% Bio-Baumwolle | Sichere, Hochwertige &amp; Langlebige Erstausstattung f\u00fcr\u2026\" \/>\n<meta name=\"robots\" content=\"index, follow, max-snippet:-1, max-image-preview:large, max-video-preview:-1\" \/>\n<link rel=\"canonical\" href=\"https:\/\/marktxxl.de\/markt\/produkt\/mushie-wickeldecke-aus-musselin-100-bio-baumwolle\/\" \/>\n<meta property=\"og:locale\" content=\"de_DE\" \/>\n<meta property=\"og:type\" content=\"article\" \/>\n<meta property=\"og:title\" content=\"Mushie Musselin Baby Wickeldecke | 100% Bio-Baumwolle | Sichere, Hochwertige &amp; Langlebige Erstausstattung f\u00fcr\u2026 - Markt-XXL\" \/>\n<meta property=\"og:description\" content=\"Markt-XXL Mushie Musselin Baby Wickeldecke | 100% Bio-Baumwolle | Sichere, Hochwertige &amp; Langlebige Erstausstattung f\u00fcr\u2026\" \/>\n<meta property=\"og:url\" content=\"https:\/\/marktxxl.de\/markt\/produkt\/mushie-wickeldecke-aus-musselin-100-bio-baumwolle\/\" \/>\n<meta property=\"og:site_name\" content=\"Markt-XXL\" \/>\n<meta property=\"article:modified_time\" content=\"2023-04-10T00:20:26+00:00\" \/>\n<meta property=\"og:image\" content=\"https:\/\/m.media-amazon.com\/images\/I\/41dvjCk9jhS._SL500_.jpg\" \/>\n\t<meta property=\"og:image:width\" content=\"500\" \/>\n\t<meta property=\"og:image:height\" content=\"500\" \/>\n\t<meta property=\"og:image:type\" content=\"image\/jpeg\" \/>\n<meta name=\"twitter:card\" content=\"summary_large_image\" \/>\n<script type=\"application\/ld+json\" class=\"yoast-schema-graph\">{\"@context\":\"https:\\\/\\\/schema.org\",\"@graph\":[{\"@type\":\"WebPage\",\"@id\":\"https:\\\/\\\/marktxxl.de\\\/markt\\\/produkt\\\/mushie-wickeldecke-aus-musselin-100-bio-baumwolle\\\/\",\"url\":\"https:\\\/\\\/marktxxl.de\\\/markt\\\/produkt\\\/mushie-wickeldecke-aus-musselin-100-bio-baumwolle\\\/\",\"name\":\"Mushie Musselin Baby Wickeldecke | 100% Bio-Baumwolle | Sichere, Hochwertige &amp; Langlebige Erstausstattung f\u00fcr\u2026 - Markt-XXL\",\"isPartOf\":{\"@id\":\"https:\\\/\\\/marktxxl.de\\\/markt\\\/#website\"},\"primaryImageOfPage\":{\"@id\":\"https:\\\/\\\/marktxxl.de\\\/markt\\\/produkt\\\/mushie-wickeldecke-aus-musselin-100-bio-baumwolle\\\/#primaryimage\"},\"image\":{\"@id\":\"https:\\\/\\\/marktxxl.de\\\/markt\\\/produkt\\\/mushie-wickeldecke-aus-musselin-100-bio-baumwolle\\\/#primaryimage\"},\"thumbnailUrl\":\"https:\\\/\\\/m.media-amazon.com\\\/images\\\/I\\\/41dvjCk9jhS._SL500_.jpg\",\"datePublished\":\"2021-11-11T19:45:18+00:00\",\"dateModified\":\"2023-04-10T00:20:26+00:00\",\"description\":\"Markt-XXL Mushie Musselin Baby Wickeldecke | 100% Bio-Baumwolle | Sichere, Hochwertige &amp; Langlebige Erstausstattung f\u00fcr\u2026\",\"breadcrumb\":{\"@id\":\"https:\\\/\\\/marktxxl.de\\\/markt\\\/produkt\\\/mushie-wickeldecke-aus-musselin-100-bio-baumwolle\\\/#breadcrumb\"},\"inLanguage\":\"de\",\"potentialAction\":[{\"@type\":\"ReadAction\",\"target\":[\"https:\\\/\\\/marktxxl.de\\\/markt\\\/produkt\\\/mushie-wickeldecke-aus-musselin-100-bio-baumwolle\\\/\"]}]},{\"@type\":\"ImageObject\",\"inLanguage\":\"de\",\"@id\":\"https:\\\/\\\/marktxxl.de\\\/markt\\\/produkt\\\/mushie-wickeldecke-aus-musselin-100-bio-baumwolle\\\/#primaryimage\",\"url\":\"https:\\\/\\\/m.media-amazon.com\\\/images\\\/I\\\/41dvjCk9jhS._SL500_.jpg\",\"contentUrl\":\"https:\\\/\\\/m.media-amazon.com\\\/images\\\/I\\\/41dvjCk9jhS._SL500_.jpg\",\"width\":500,\"height\":500},{\"@type\":\"BreadcrumbList\",\"@id\":\"https:\\\/\\\/marktxxl.de\\\/markt\\\/produkt\\\/mushie-wickeldecke-aus-musselin-100-bio-baumwolle\\\/#breadcrumb\",\"itemListElement\":[{\"@type\":\"ListItem\",\"position\":1,\"name\":\"Startseite\",\"item\":\"https:\\\/\\\/marktxxl.de\\\/markt\\\/\"},{\"@type\":\"ListItem\",\"position\":2,\"name\":\"Markt\",\"item\":\"https:\\\/\\\/marktxxl.de\\\/markt\\\/\"},{\"@type\":\"ListItem\",\"position\":3,\"name\":\"Mushie Musselin Baby Wickeldecke | 100% Bio-Baumwolle | Sichere, Hochwertige &amp; Langlebige Erstausstattung f\u00fcr\u2026\"}]},{\"@type\":\"WebSite\",\"@id\":\"https:\\\/\\\/marktxxl.de\\\/markt\\\/#website\",\"url\":\"https:\\\/\\\/marktxxl.de\\\/markt\\\/\",\"name\":\"Markt-XXL\",\"description\":\"Ihr Markt Online\",\"publisher\":{\"@id\":\"https:\\\/\\\/marktxxl.de\\\/markt\\\/#organization\"},\"potentialAction\":[{\"@type\":\"SearchAction\",\"target\":{\"@type\":\"EntryPoint\",\"urlTemplate\":\"https:\\\/\\\/marktxxl.de\\\/markt\\\/?s={search_term_string}\"},\"query-input\":{\"@type\":\"PropertyValueSpecification\",\"valueRequired\":true,\"valueName\":\"search_term_string\"}}],\"inLanguage\":\"de\"},{\"@type\":\"Organization\",\"@id\":\"https:\\\/\\\/marktxxl.de\\\/markt\\\/#organization\",\"name\":\"Markt-XXL\",\"url\":\"https:\\\/\\\/marktxxl.de\\\/markt\\\/\",\"logo\":{\"@type\":\"ImageObject\",\"inLanguage\":\"de\",\"@id\":\"https:\\\/\\\/marktxxl.de\\\/markt\\\/#\\\/schema\\\/logo\\\/image\\\/\",\"url\":\"https:\\\/\\\/marktxxl.de\\\/markt\\\/wp-content\\\/uploads\\\/sites\\\/3\\\/2020\\\/12\\\/logo.png\",\"contentUrl\":\"https:\\\/\\\/marktxxl.de\\\/markt\\\/wp-content\\\/uploads\\\/sites\\\/3\\\/2020\\\/12\\\/logo.png\",\"width\":200,\"height\":70,\"caption\":\"Markt-XXL\"},\"image\":{\"@id\":\"https:\\\/\\\/marktxxl.de\\\/markt\\\/#\\\/schema\\\/logo\\\/image\\\/\"}}]}<\/script>\n<!-- \/ Yoast SEO plugin. -->","yoast_head_json":{"title":"Mushie Musselin Baby Wickeldecke | 100% Bio-Baumwolle | Sichere, Hochwertige &amp; Langlebige Erstausstattung f\u00fcr\u2026 - Markt-XXL","description":"Markt-XXL Mushie Musselin Baby Wickeldecke | 100% Bio-Baumwolle | Sichere, Hochwertige &amp; Langlebige Erstausstattung f\u00fcr\u2026","robots":{"index":"index","follow":"follow","max-snippet":"max-snippet:-1","max-image-preview":"max-image-preview:large","max-video-preview":"max-video-preview:-1"},"canonical":"https:\/\/marktxxl.de\/markt\/produkt\/mushie-wickeldecke-aus-musselin-100-bio-baumwolle\/","og_locale":"de_DE","og_type":"article","og_title":"Mushie Musselin Baby Wickeldecke | 100% Bio-Baumwolle | Sichere, Hochwertige &amp; Langlebige Erstausstattung f\u00fcr\u2026 - Markt-XXL","og_description":"Markt-XXL Mushie Musselin Baby Wickeldecke | 100% Bio-Baumwolle | Sichere, Hochwertige &amp; Langlebige Erstausstattung f\u00fcr\u2026","og_url":"https:\/\/marktxxl.de\/markt\/produkt\/mushie-wickeldecke-aus-musselin-100-bio-baumwolle\/","og_site_name":"Markt-XXL","article_modified_time":"2023-04-10T00:20:26+00:00","og_image":[{"width":500,"height":500,"url":"https:\/\/m.media-amazon.com\/images\/I\/41dvjCk9jhS._SL500_.jpg","type":"image\/jpeg"}],"twitter_card":"summary_large_image","schema":{"@context":"https:\/\/schema.org","@graph":[{"@type":"WebPage","@id":"https:\/\/marktxxl.de\/markt\/produkt\/mushie-wickeldecke-aus-musselin-100-bio-baumwolle\/","url":"https:\/\/marktxxl.de\/markt\/produkt\/mushie-wickeldecke-aus-musselin-100-bio-baumwolle\/","name":"Mushie Musselin Baby Wickeldecke | 100% Bio-Baumwolle | Sichere, Hochwertige &amp; Langlebige Erstausstattung f\u00fcr\u2026 - Markt-XXL","isPartOf":{"@id":"https:\/\/marktxxl.de\/markt\/#website"},"primaryImageOfPage":{"@id":"https:\/\/marktxxl.de\/markt\/produkt\/mushie-wickeldecke-aus-musselin-100-bio-baumwolle\/#primaryimage"},"image":{"@id":"https:\/\/marktxxl.de\/markt\/produkt\/mushie-wickeldecke-aus-musselin-100-bio-baumwolle\/#primaryimage"},"thumbnailUrl":"https:\/\/m.media-amazon.com\/images\/I\/41dvjCk9jhS._SL500_.jpg","datePublished":"2021-11-11T19:45:18+00:00","dateModified":"2023-04-10T00:20:26+00:00","description":"Markt-XXL Mushie Musselin Baby Wickeldecke | 100% Bio-Baumwolle | Sichere, Hochwertige &amp; Langlebige Erstausstattung f\u00fcr\u2026","breadcrumb":{"@id":"https:\/\/marktxxl.de\/markt\/produkt\/mushie-wickeldecke-aus-musselin-100-bio-baumwolle\/#breadcrumb"},"inLanguage":"de","potentialAction":[{"@type":"ReadAction","target":["https:\/\/marktxxl.de\/markt\/produkt\/mushie-wickeldecke-aus-musselin-100-bio-baumwolle\/"]}]},{"@type":"ImageObject","inLanguage":"de","@id":"https:\/\/marktxxl.de\/markt\/produkt\/mushie-wickeldecke-aus-musselin-100-bio-baumwolle\/#primaryimage","url":"https:\/\/m.media-amazon.com\/images\/I\/41dvjCk9jhS._SL500_.jpg","contentUrl":"https:\/\/m.media-amazon.com\/images\/I\/41dvjCk9jhS._SL500_.jpg","width":500,"height":500},{"@type":"BreadcrumbList","@id":"https:\/\/marktxxl.de\/markt\/produkt\/mushie-wickeldecke-aus-musselin-100-bio-baumwolle\/#breadcrumb","itemListElement":[{"@type":"ListItem","position":1,"name":"Startseite","item":"https:\/\/marktxxl.de\/markt\/"},{"@type":"ListItem","position":2,"name":"Markt","item":"https:\/\/marktxxl.de\/markt\/"},{"@type":"ListItem","position":3,"name":"Mushie Musselin Baby Wickeldecke | 100% Bio-Baumwolle | Sichere, Hochwertige &amp; Langlebige Erstausstattung f\u00fcr\u2026"}]},{"@type":"WebSite","@id":"https:\/\/marktxxl.de\/markt\/#website","url":"https:\/\/marktxxl.de\/markt\/","name":"Markt-XXL","description":"Ihr Markt Online","publisher":{"@id":"https:\/\/marktxxl.de\/markt\/#organization"},"potentialAction":[{"@type":"SearchAction","target":{"@type":"EntryPoint","urlTemplate":"https:\/\/marktxxl.de\/markt\/?s={search_term_string}"},"query-input":{"@type":"PropertyValueSpecification","valueRequired":true,"valueName":"search_term_string"}}],"inLanguage":"de"},{"@type":"Organization","@id":"https:\/\/marktxxl.de\/markt\/#organization","name":"Markt-XXL","url":"https:\/\/marktxxl.de\/markt\/","logo":{"@type":"ImageObject","inLanguage":"de","@id":"https:\/\/marktxxl.de\/markt\/#\/schema\/logo\/image\/","url":"https:\/\/marktxxl.de\/markt\/wp-content\/uploads\/sites\/3\/2020\/12\/logo.png","contentUrl":"https:\/\/marktxxl.de\/markt\/wp-content\/uploads\/sites\/3\/2020\/12\/logo.png","width":200,"height":70,"caption":"Markt-XXL"},"image":{"@id":"https:\/\/marktxxl.de\/markt\/#\/schema\/logo\/image\/"}}]}},"_links":{"self":[{"href":"https:\/\/marktxxl.de\/markt\/wp-json\/wp\/v2\/product\/61976","targetHints":{"allow":["GET"]}}],"collection":[{"href":"https:\/\/marktxxl.de\/markt\/wp-json\/wp\/v2\/product"}],"about":[{"href":"https:\/\/marktxxl.de\/markt\/wp-json\/wp\/v2\/types\/product"}],"replies":[{"embeddable":true,"href":"https:\/\/marktxxl.de\/markt\/wp-json\/wp\/v2\/comments?post=61976"}],"wp:featuredmedia":[{"embeddable":true,"href":"https:\/\/marktxxl.de\/markt\/wp-json\/wp\/v2\/media\/61977"}],"wp:attachment":[{"href":"https:\/\/marktxxl.de\/markt\/wp-json\/wp\/v2\/media?parent=61976"}],"wp:term":[{"taxonomy":"product_brand","embeddable":true,"href":"https:\/\/marktxxl.de\/markt\/wp-json\/wp\/v2\/product_brand?post=61976"},{"taxonomy":"product_cat","embeddable":true,"href":"https:\/\/marktxxl.de\/markt\/wp-json\/wp\/v2\/product_cat?post=61976"},{"taxonomy":"product_tag","embeddable":true,"href":"https:\/\/marktxxl.de\/markt\/wp-json\/wp\/v2\/product_tag?post=61976"}],"curies":[{"name":"wp","href":"https:\/\/api.w.org\/{rel}","templated":true}]}}