{"id":61633,"date":"2021-11-02T17:09:29","date_gmt":"2021-11-02T16:09:29","guid":{"rendered":"https:\/\/marktxxl.de\/markt\/produkt\/halsband-echtes-elch-leder-mit-kl-o-ring-zweifarbig-14-mm-breit-40-cm-lang-mit-strasssteine\/"},"modified":"2023-04-03T00:59:21","modified_gmt":"2023-04-02T22:59:21","slug":"halsband-echtes-elch-leder-mit-kl-o-ring-zweifarbig-14-mm-breit-40-cm-lang-mit-strasssteine","status":"publish","type":"product","link":"https:\/\/marktxxl.de\/markt\/produkt\/halsband-echtes-elch-leder-mit-kl-o-ring-zweifarbig-14-mm-breit-40-cm-lang-mit-strasssteine\/","title":{"rendered":"Halsband echtes Elch Leder mit kl. O-Ring, zweifarbig, 14 mm breit, 40 cm lang mit Strasssteine, schwarz"},"content":{"rendered":"<p>\u269c\ufe0f Made in Germany and Europe for SiaLinda. Keine scharfen Ecken und Kanten. Super bequem, da aus Echtleder und Halsband gepolstert! Topqualit\u00e4t!<br \/>\n\u269c\ufe0f Ein edler Hingucker auf jeder Party<br \/>\n\u269c\ufe0f Dein stylisches Accessoire f\u00fcr Damen. F\u00fcr Gothic, Punk, Fetisch, Szene, SM, BDSM&#8230; ODER EINFACH: F\u00dcR DICH!<br \/>\n\u269c\ufe0f Echtes Leder ist ein Naturprodukt, das durch das Tragen immer weicher und pers\u00f6nlicher wird. Du wirst lange Zeit Freude an diesem Halsband haben!<br \/>\n\u269c\ufe0f incl. unserer sch\u00f6nen Verpackung und somit super als Geschnek geeignet<br \/>\n<div class=\"main-cross-sell\" data-asin=\"B08G8P99X2\">\n\n\t<div class=\"WooZone-cross-sell-loader\">\n\t\t<div>\n\t\t\t<div id=\"floatingBarsG\">\n\t\t\t\t<div class=\"blockG\" id=\"rotateG_01\"><\/div>\n\t\t\t\t<div class=\"blockG\" id=\"rotateG_02\"><\/div>\n\t\t\t\t<div class=\"blockG\" id=\"rotateG_03\"><\/div>\n\t\t\t\t<div class=\"blockG\" id=\"rotateG_04\"><\/div>\n\t\t\t\t<div class=\"blockG\" id=\"rotateG_05\"><\/div>\n\t\t\t\t<div class=\"blockG\" id=\"rotateG_06\"><\/div>\n\t\t\t\t<div class=\"blockG\" id=\"rotateG_07\"><\/div>\n\t\t\t\t<div class=\"blockG\" id=\"rotateG_08\"><\/div>\n\t\t\t<\/div>\n\t\t\t<div class=\"WooZone-cross-sell-loader-text\"><\/div>\n\t\t<\/div>\n\t<\/div>\n\n\t\t\n<\/div>\n<div style=\"clear:both;\"><\/div><\/p>\n","protected":false},"excerpt":{"rendered":"<p>\u269c\ufe0f Made in Germany and Europe for SiaLinda. Keine scharfen Ecken und Kanten. Super bequem, da aus Echtleder und Halsband gepolstert! Topqualit\u00e4t!<br \/>\n\u269c\ufe0f Ein edler Hingucker auf jeder Party<br \/>\n\u269c\ufe0f Dein stylisches Accessoire f\u00fcr Damen. F\u00fcr Gothic, Punk, Fetisch, Szene, SM, BDSM&#8230; ODER EINFACH: F\u00dcR DICH!<\/p>\n","protected":false},"featured_media":61634,"comment_status":"open","ping_status":"closed","template":"","meta":[],"product_brand":[],"product_cat":[652,3064],"product_tag":[],"class_list":{"0":"post-61633","1":"product","2":"type-product","3":"status-publish","4":"has-post-thumbnail","6":"product_cat-erotik-markt-xxl","7":"product_cat-fesseln-bondage","8":"pa_brand-sialinda","9":"pa_manufacturer-sialinda","11":"first","12":"instock","13":"shipping-taxable","14":"purchasable","15":"product-type-simple","16":"customify-col","17":"product-has-gallery"},"yoast_head":"<!-- This site is optimized with the Yoast SEO plugin v27.4 - https:\/\/yoast.com\/product\/yoast-seo-wordpress\/ -->\n<title>Halsband echtes Elch Leder mit kl. O-Ring, zweifarbig, 14 mm breit, 40 cm lang mit Strasssteine, schwarz - Markt-XXL<\/title>\n<meta name=\"description\" content=\"Markt-XXL Halsband echtes Elch Leder mit kl. O-Ring, zweifarbig, 14 mm breit, 40 cm lang mit Strasssteine, schwarz\" \/>\n<meta name=\"robots\" content=\"index, follow, max-snippet:-1, max-image-preview:large, max-video-preview:-1\" \/>\n<link rel=\"canonical\" href=\"https:\/\/marktxxl.de\/markt\/produkt\/halsband-echtes-elch-leder-mit-kl-o-ring-zweifarbig-14-mm-breit-40-cm-lang-mit-strasssteine\/\" \/>\n<meta property=\"og:locale\" content=\"de_DE\" \/>\n<meta property=\"og:type\" content=\"article\" \/>\n<meta property=\"og:title\" content=\"Halsband echtes Elch Leder mit kl. O-Ring, zweifarbig, 14 mm breit, 40 cm lang mit Strasssteine, schwarz - Markt-XXL\" \/>\n<meta property=\"og:description\" content=\"Markt-XXL Halsband echtes Elch Leder mit kl. O-Ring, zweifarbig, 14 mm breit, 40 cm lang mit Strasssteine, schwarz\" \/>\n<meta property=\"og:url\" content=\"https:\/\/marktxxl.de\/markt\/produkt\/halsband-echtes-elch-leder-mit-kl-o-ring-zweifarbig-14-mm-breit-40-cm-lang-mit-strasssteine\/\" \/>\n<meta property=\"og:site_name\" content=\"Markt-XXL\" \/>\n<meta property=\"article:modified_time\" content=\"2023-04-02T22:59:21+00:00\" \/>\n<meta property=\"og:image\" content=\"https:\/\/m.media-amazon.com\/images\/I\/41MoZaixmpL._SL500_.jpg\" \/>\n\t<meta property=\"og:image:width\" content=\"500\" \/>\n\t<meta property=\"og:image:height\" content=\"500\" \/>\n\t<meta property=\"og:image:type\" content=\"image\/jpeg\" \/>\n<meta name=\"twitter:card\" content=\"summary_large_image\" \/>\n<script type=\"application\/ld+json\" class=\"yoast-schema-graph\">{\"@context\":\"https:\\\/\\\/schema.org\",\"@graph\":[{\"@type\":\"WebPage\",\"@id\":\"https:\\\/\\\/marktxxl.de\\\/markt\\\/produkt\\\/halsband-echtes-elch-leder-mit-kl-o-ring-zweifarbig-14-mm-breit-40-cm-lang-mit-strasssteine\\\/\",\"url\":\"https:\\\/\\\/marktxxl.de\\\/markt\\\/produkt\\\/halsband-echtes-elch-leder-mit-kl-o-ring-zweifarbig-14-mm-breit-40-cm-lang-mit-strasssteine\\\/\",\"name\":\"Halsband echtes Elch Leder mit kl. O-Ring, zweifarbig, 14 mm breit, 40 cm lang mit Strasssteine, schwarz - Markt-XXL\",\"isPartOf\":{\"@id\":\"https:\\\/\\\/marktxxl.de\\\/markt\\\/#website\"},\"primaryImageOfPage\":{\"@id\":\"https:\\\/\\\/marktxxl.de\\\/markt\\\/produkt\\\/halsband-echtes-elch-leder-mit-kl-o-ring-zweifarbig-14-mm-breit-40-cm-lang-mit-strasssteine\\\/#primaryimage\"},\"image\":{\"@id\":\"https:\\\/\\\/marktxxl.de\\\/markt\\\/produkt\\\/halsband-echtes-elch-leder-mit-kl-o-ring-zweifarbig-14-mm-breit-40-cm-lang-mit-strasssteine\\\/#primaryimage\"},\"thumbnailUrl\":\"https:\\\/\\\/m.media-amazon.com\\\/images\\\/I\\\/41MoZaixmpL._SL500_.jpg\",\"datePublished\":\"2021-11-02T16:09:29+00:00\",\"dateModified\":\"2023-04-02T22:59:21+00:00\",\"description\":\"Markt-XXL Halsband echtes Elch Leder mit kl. O-Ring, zweifarbig, 14 mm breit, 40 cm lang mit Strasssteine, schwarz\",\"breadcrumb\":{\"@id\":\"https:\\\/\\\/marktxxl.de\\\/markt\\\/produkt\\\/halsband-echtes-elch-leder-mit-kl-o-ring-zweifarbig-14-mm-breit-40-cm-lang-mit-strasssteine\\\/#breadcrumb\"},\"inLanguage\":\"de\",\"potentialAction\":[{\"@type\":\"ReadAction\",\"target\":[\"https:\\\/\\\/marktxxl.de\\\/markt\\\/produkt\\\/halsband-echtes-elch-leder-mit-kl-o-ring-zweifarbig-14-mm-breit-40-cm-lang-mit-strasssteine\\\/\"]}]},{\"@type\":\"ImageObject\",\"inLanguage\":\"de\",\"@id\":\"https:\\\/\\\/marktxxl.de\\\/markt\\\/produkt\\\/halsband-echtes-elch-leder-mit-kl-o-ring-zweifarbig-14-mm-breit-40-cm-lang-mit-strasssteine\\\/#primaryimage\",\"url\":\"https:\\\/\\\/m.media-amazon.com\\\/images\\\/I\\\/41MoZaixmpL._SL500_.jpg\",\"contentUrl\":\"https:\\\/\\\/m.media-amazon.com\\\/images\\\/I\\\/41MoZaixmpL._SL500_.jpg\",\"width\":500,\"height\":500},{\"@type\":\"BreadcrumbList\",\"@id\":\"https:\\\/\\\/marktxxl.de\\\/markt\\\/produkt\\\/halsband-echtes-elch-leder-mit-kl-o-ring-zweifarbig-14-mm-breit-40-cm-lang-mit-strasssteine\\\/#breadcrumb\",\"itemListElement\":[{\"@type\":\"ListItem\",\"position\":1,\"name\":\"Startseite\",\"item\":\"https:\\\/\\\/marktxxl.de\\\/markt\\\/\"},{\"@type\":\"ListItem\",\"position\":2,\"name\":\"Markt\",\"item\":\"https:\\\/\\\/marktxxl.de\\\/markt\\\/\"},{\"@type\":\"ListItem\",\"position\":3,\"name\":\"Halsband echtes Elch Leder mit kl. O-Ring, zweifarbig, 14 mm breit, 40 cm lang mit Strasssteine, schwarz\"}]},{\"@type\":\"WebSite\",\"@id\":\"https:\\\/\\\/marktxxl.de\\\/markt\\\/#website\",\"url\":\"https:\\\/\\\/marktxxl.de\\\/markt\\\/\",\"name\":\"Markt-XXL\",\"description\":\"Ihr Markt Online\",\"publisher\":{\"@id\":\"https:\\\/\\\/marktxxl.de\\\/markt\\\/#organization\"},\"potentialAction\":[{\"@type\":\"SearchAction\",\"target\":{\"@type\":\"EntryPoint\",\"urlTemplate\":\"https:\\\/\\\/marktxxl.de\\\/markt\\\/?s={search_term_string}\"},\"query-input\":{\"@type\":\"PropertyValueSpecification\",\"valueRequired\":true,\"valueName\":\"search_term_string\"}}],\"inLanguage\":\"de\"},{\"@type\":\"Organization\",\"@id\":\"https:\\\/\\\/marktxxl.de\\\/markt\\\/#organization\",\"name\":\"Markt-XXL\",\"url\":\"https:\\\/\\\/marktxxl.de\\\/markt\\\/\",\"logo\":{\"@type\":\"ImageObject\",\"inLanguage\":\"de\",\"@id\":\"https:\\\/\\\/marktxxl.de\\\/markt\\\/#\\\/schema\\\/logo\\\/image\\\/\",\"url\":\"https:\\\/\\\/marktxxl.de\\\/markt\\\/wp-content\\\/uploads\\\/sites\\\/3\\\/2020\\\/12\\\/logo.png\",\"contentUrl\":\"https:\\\/\\\/marktxxl.de\\\/markt\\\/wp-content\\\/uploads\\\/sites\\\/3\\\/2020\\\/12\\\/logo.png\",\"width\":200,\"height\":70,\"caption\":\"Markt-XXL\"},\"image\":{\"@id\":\"https:\\\/\\\/marktxxl.de\\\/markt\\\/#\\\/schema\\\/logo\\\/image\\\/\"}}]}<\/script>\n<!-- \/ Yoast SEO plugin. -->","yoast_head_json":{"title":"Halsband echtes Elch Leder mit kl. O-Ring, zweifarbig, 14 mm breit, 40 cm lang mit Strasssteine, schwarz - Markt-XXL","description":"Markt-XXL Halsband echtes Elch Leder mit kl. O-Ring, zweifarbig, 14 mm breit, 40 cm lang mit Strasssteine, schwarz","robots":{"index":"index","follow":"follow","max-snippet":"max-snippet:-1","max-image-preview":"max-image-preview:large","max-video-preview":"max-video-preview:-1"},"canonical":"https:\/\/marktxxl.de\/markt\/produkt\/halsband-echtes-elch-leder-mit-kl-o-ring-zweifarbig-14-mm-breit-40-cm-lang-mit-strasssteine\/","og_locale":"de_DE","og_type":"article","og_title":"Halsband echtes Elch Leder mit kl. O-Ring, zweifarbig, 14 mm breit, 40 cm lang mit Strasssteine, schwarz - Markt-XXL","og_description":"Markt-XXL Halsband echtes Elch Leder mit kl. O-Ring, zweifarbig, 14 mm breit, 40 cm lang mit Strasssteine, schwarz","og_url":"https:\/\/marktxxl.de\/markt\/produkt\/halsband-echtes-elch-leder-mit-kl-o-ring-zweifarbig-14-mm-breit-40-cm-lang-mit-strasssteine\/","og_site_name":"Markt-XXL","article_modified_time":"2023-04-02T22:59:21+00:00","og_image":[{"width":500,"height":500,"url":"https:\/\/m.media-amazon.com\/images\/I\/41MoZaixmpL._SL500_.jpg","type":"image\/jpeg"}],"twitter_card":"summary_large_image","schema":{"@context":"https:\/\/schema.org","@graph":[{"@type":"WebPage","@id":"https:\/\/marktxxl.de\/markt\/produkt\/halsband-echtes-elch-leder-mit-kl-o-ring-zweifarbig-14-mm-breit-40-cm-lang-mit-strasssteine\/","url":"https:\/\/marktxxl.de\/markt\/produkt\/halsband-echtes-elch-leder-mit-kl-o-ring-zweifarbig-14-mm-breit-40-cm-lang-mit-strasssteine\/","name":"Halsband echtes Elch Leder mit kl. O-Ring, zweifarbig, 14 mm breit, 40 cm lang mit Strasssteine, schwarz - Markt-XXL","isPartOf":{"@id":"https:\/\/marktxxl.de\/markt\/#website"},"primaryImageOfPage":{"@id":"https:\/\/marktxxl.de\/markt\/produkt\/halsband-echtes-elch-leder-mit-kl-o-ring-zweifarbig-14-mm-breit-40-cm-lang-mit-strasssteine\/#primaryimage"},"image":{"@id":"https:\/\/marktxxl.de\/markt\/produkt\/halsband-echtes-elch-leder-mit-kl-o-ring-zweifarbig-14-mm-breit-40-cm-lang-mit-strasssteine\/#primaryimage"},"thumbnailUrl":"https:\/\/m.media-amazon.com\/images\/I\/41MoZaixmpL._SL500_.jpg","datePublished":"2021-11-02T16:09:29+00:00","dateModified":"2023-04-02T22:59:21+00:00","description":"Markt-XXL Halsband echtes Elch Leder mit kl. O-Ring, zweifarbig, 14 mm breit, 40 cm lang mit Strasssteine, schwarz","breadcrumb":{"@id":"https:\/\/marktxxl.de\/markt\/produkt\/halsband-echtes-elch-leder-mit-kl-o-ring-zweifarbig-14-mm-breit-40-cm-lang-mit-strasssteine\/#breadcrumb"},"inLanguage":"de","potentialAction":[{"@type":"ReadAction","target":["https:\/\/marktxxl.de\/markt\/produkt\/halsband-echtes-elch-leder-mit-kl-o-ring-zweifarbig-14-mm-breit-40-cm-lang-mit-strasssteine\/"]}]},{"@type":"ImageObject","inLanguage":"de","@id":"https:\/\/marktxxl.de\/markt\/produkt\/halsband-echtes-elch-leder-mit-kl-o-ring-zweifarbig-14-mm-breit-40-cm-lang-mit-strasssteine\/#primaryimage","url":"https:\/\/m.media-amazon.com\/images\/I\/41MoZaixmpL._SL500_.jpg","contentUrl":"https:\/\/m.media-amazon.com\/images\/I\/41MoZaixmpL._SL500_.jpg","width":500,"height":500},{"@type":"BreadcrumbList","@id":"https:\/\/marktxxl.de\/markt\/produkt\/halsband-echtes-elch-leder-mit-kl-o-ring-zweifarbig-14-mm-breit-40-cm-lang-mit-strasssteine\/#breadcrumb","itemListElement":[{"@type":"ListItem","position":1,"name":"Startseite","item":"https:\/\/marktxxl.de\/markt\/"},{"@type":"ListItem","position":2,"name":"Markt","item":"https:\/\/marktxxl.de\/markt\/"},{"@type":"ListItem","position":3,"name":"Halsband echtes Elch Leder mit kl. O-Ring, zweifarbig, 14 mm breit, 40 cm lang mit Strasssteine, schwarz"}]},{"@type":"WebSite","@id":"https:\/\/marktxxl.de\/markt\/#website","url":"https:\/\/marktxxl.de\/markt\/","name":"Markt-XXL","description":"Ihr Markt Online","publisher":{"@id":"https:\/\/marktxxl.de\/markt\/#organization"},"potentialAction":[{"@type":"SearchAction","target":{"@type":"EntryPoint","urlTemplate":"https:\/\/marktxxl.de\/markt\/?s={search_term_string}"},"query-input":{"@type":"PropertyValueSpecification","valueRequired":true,"valueName":"search_term_string"}}],"inLanguage":"de"},{"@type":"Organization","@id":"https:\/\/marktxxl.de\/markt\/#organization","name":"Markt-XXL","url":"https:\/\/marktxxl.de\/markt\/","logo":{"@type":"ImageObject","inLanguage":"de","@id":"https:\/\/marktxxl.de\/markt\/#\/schema\/logo\/image\/","url":"https:\/\/marktxxl.de\/markt\/wp-content\/uploads\/sites\/3\/2020\/12\/logo.png","contentUrl":"https:\/\/marktxxl.de\/markt\/wp-content\/uploads\/sites\/3\/2020\/12\/logo.png","width":200,"height":70,"caption":"Markt-XXL"},"image":{"@id":"https:\/\/marktxxl.de\/markt\/#\/schema\/logo\/image\/"}}]}},"_links":{"self":[{"href":"https:\/\/marktxxl.de\/markt\/wp-json\/wp\/v2\/product\/61633","targetHints":{"allow":["GET"]}}],"collection":[{"href":"https:\/\/marktxxl.de\/markt\/wp-json\/wp\/v2\/product"}],"about":[{"href":"https:\/\/marktxxl.de\/markt\/wp-json\/wp\/v2\/types\/product"}],"replies":[{"embeddable":true,"href":"https:\/\/marktxxl.de\/markt\/wp-json\/wp\/v2\/comments?post=61633"}],"wp:featuredmedia":[{"embeddable":true,"href":"https:\/\/marktxxl.de\/markt\/wp-json\/wp\/v2\/media\/61634"}],"wp:attachment":[{"href":"https:\/\/marktxxl.de\/markt\/wp-json\/wp\/v2\/media?parent=61633"}],"wp:term":[{"taxonomy":"product_brand","embeddable":true,"href":"https:\/\/marktxxl.de\/markt\/wp-json\/wp\/v2\/product_brand?post=61633"},{"taxonomy":"product_cat","embeddable":true,"href":"https:\/\/marktxxl.de\/markt\/wp-json\/wp\/v2\/product_cat?post=61633"},{"taxonomy":"product_tag","embeddable":true,"href":"https:\/\/marktxxl.de\/markt\/wp-json\/wp\/v2\/product_tag?post=61633"}],"curies":[{"name":"wp","href":"https:\/\/api.w.org\/{rel}","templated":true}]}}