{"id":61328,"date":"2021-10-26T17:45:42","date_gmt":"2021-10-26T15:45:42","guid":{"rendered":"https:\/\/marktxxl.de\/markt\/produkt\/swiss-navy-silikon-gleitgel-1er-pack\/"},"modified":"2023-04-03T00:59:19","modified_gmt":"2023-04-02T22:59:19","slug":"swiss-navy-silikon-gleitgel-1er-pack","status":"publish","type":"product","link":"https:\/\/marktxxl.de\/markt\/produkt\/swiss-navy-silikon-gleitgel-1er-pack\/","title":{"rendered":"SWISS NAVY Premium Silikon Sex Gleitmittel, 2 Unzen, Gleitmittel f\u00fcr M\u00e4nner, Frauen &amp; Paare.\u00a0MD Science Lab"},"content":{"rendered":"<p>Swiss Navy setzt neue Ma\u00dfst\u00e4be in Sachen Gleitmittel. Nur die besten Grundstoffe werden verwendet um dieses hochwertige Gleitmittel zu produzieren. Das Ergebnis: eine au\u00dfergew\u00f6hnlich hohe Gleitf\u00e4higkeit! Jede Flasche ist mit einer einzigartigen tropfsicheren Pumpe ausgestattet, die einfachste Bedienung mit nur einer Hand garantiert. Extrem lange Gleitf\u00e4higkeit, verklebt nie und hinterl\u00e4sst ein seidiges Gef\u00fchl auf der Haut.<br \/>\nFarbdetails: transparent<br \/>\nMaterial: auf Silikonbasis<br \/>\n<div class=\"main-cross-sell\" data-asin=\"B078TZHHTL\">\n\n\t<div class=\"WooZone-cross-sell-loader\">\n\t\t<div>\n\t\t\t<div id=\"floatingBarsG\">\n\t\t\t\t<div class=\"blockG\" id=\"rotateG_01\"><\/div>\n\t\t\t\t<div class=\"blockG\" id=\"rotateG_02\"><\/div>\n\t\t\t\t<div class=\"blockG\" id=\"rotateG_03\"><\/div>\n\t\t\t\t<div class=\"blockG\" id=\"rotateG_04\"><\/div>\n\t\t\t\t<div class=\"blockG\" id=\"rotateG_05\"><\/div>\n\t\t\t\t<div class=\"blockG\" id=\"rotateG_06\"><\/div>\n\t\t\t\t<div class=\"blockG\" id=\"rotateG_07\"><\/div>\n\t\t\t\t<div class=\"blockG\" id=\"rotateG_08\"><\/div>\n\t\t\t<\/div>\n\t\t\t<div class=\"WooZone-cross-sell-loader-text\"><\/div>\n\t\t<\/div>\n\t<\/div>\n\n\t\t\n<\/div>\n<div style=\"clear:both;\"><\/div><\/p>\n","protected":false},"excerpt":{"rendered":"<p>Swiss Navy setzt neue Ma\u00dfst\u00e4be in Sachen Gleitmittel. Nur die besten Grundstoffe werden verwendet um dieses hochwertige Gleitmittel zu produzieren. Das Ergebnis: eine au\u00dfergew\u00f6hnlich hohe Gleitf\u00e4higkeit! Jede Flasche ist mit einer einzigartigen tropfsicheren Pumpe ausgestattet, die einfachste Bedienung mit nur einer Hand garantiert. Extrem lange Gleitf\u00e4higkeit, verklebt nie und hinterl\u00e4sst ein seidiges Gef\u00fchl auf der Haut.<br \/>\nFarbdetails: transparent<br \/>\nMaterial: auf Silikonbasis<\/p>\n","protected":false},"featured_media":61333,"comment_status":"open","ping_status":"closed","template":"","meta":[],"product_brand":[],"product_cat":[652],"product_tag":[],"class_list":{"0":"post-61328","1":"product","2":"type-product","3":"status-publish","4":"has-post-thumbnail","6":"product_cat-erotik-markt-xxl","7":"pa_binding-badartikel","8":"pa_brand-swiss-navy","9":"pa_groesse-237ml","10":"pa_groesse-32-fl-oz","11":"pa_groesse-473-ml","12":"pa_groesse-59-ml","13":"pa_manufacturer-swiss-navy","14":"pa_model-snsl2","16":"first","17":"instock","18":"shipping-taxable","19":"purchasable","20":"product-type-variable","21":"customify-col","22":"product-has-gallery"},"yoast_head":"<!-- This site is optimized with the Yoast SEO plugin v27.3 - https:\/\/yoast.com\/product\/yoast-seo-wordpress\/ -->\n<title>SWISS NAVY Premium Silikon Sex Gleitmittel, 2 Unzen, Gleitmittel f\u00fcr M\u00e4nner, Frauen &amp; Paare.\u00a0MD Science Lab - Markt-XXL<\/title>\n<meta name=\"description\" content=\"Markt-XXL SWISS NAVY Premium Silikon Sex Gleitmittel, 2 Unzen, Gleitmittel f\u00fcr M\u00e4nner, Frauen &amp; Paare.\u00a0MD Science Lab\" \/>\n<meta name=\"robots\" content=\"index, follow, max-snippet:-1, max-image-preview:large, max-video-preview:-1\" \/>\n<link rel=\"canonical\" href=\"https:\/\/marktxxl.de\/markt\/produkt\/swiss-navy-silikon-gleitgel-1er-pack\/\" \/>\n<meta property=\"og:locale\" content=\"de_DE\" \/>\n<meta property=\"og:type\" content=\"article\" \/>\n<meta property=\"og:title\" content=\"SWISS NAVY Premium Silikon Sex Gleitmittel, 2 Unzen, Gleitmittel f\u00fcr M\u00e4nner, Frauen &amp; Paare.\u00a0MD Science Lab - Markt-XXL\" \/>\n<meta property=\"og:description\" content=\"Markt-XXL SWISS NAVY Premium Silikon Sex Gleitmittel, 2 Unzen, Gleitmittel f\u00fcr M\u00e4nner, Frauen &amp; Paare.\u00a0MD Science Lab\" \/>\n<meta property=\"og:url\" content=\"https:\/\/marktxxl.de\/markt\/produkt\/swiss-navy-silikon-gleitgel-1er-pack\/\" \/>\n<meta property=\"og:site_name\" content=\"Markt-XXL\" \/>\n<meta property=\"article:modified_time\" content=\"2023-04-02T22:59:19+00:00\" \/>\n<meta property=\"og:image\" content=\"https:\/\/m.media-amazon.com\/images\/I\/41XJxAnXY8S._SL500_.jpg\" \/>\n\t<meta property=\"og:image:width\" content=\"500\" \/>\n\t<meta property=\"og:image:height\" content=\"500\" \/>\n\t<meta property=\"og:image:type\" content=\"image\/jpeg\" \/>\n<meta name=\"twitter:card\" content=\"summary_large_image\" \/>\n<script type=\"application\/ld+json\" class=\"yoast-schema-graph\">{\"@context\":\"https:\\\/\\\/schema.org\",\"@graph\":[{\"@type\":\"WebPage\",\"@id\":\"https:\\\/\\\/marktxxl.de\\\/markt\\\/produkt\\\/swiss-navy-silikon-gleitgel-1er-pack\\\/\",\"url\":\"https:\\\/\\\/marktxxl.de\\\/markt\\\/produkt\\\/swiss-navy-silikon-gleitgel-1er-pack\\\/\",\"name\":\"SWISS NAVY Premium Silikon Sex Gleitmittel, 2 Unzen, Gleitmittel f\u00fcr M\u00e4nner, Frauen &amp; Paare.\u00a0MD Science Lab - Markt-XXL\",\"isPartOf\":{\"@id\":\"https:\\\/\\\/marktxxl.de\\\/markt\\\/#website\"},\"primaryImageOfPage\":{\"@id\":\"https:\\\/\\\/marktxxl.de\\\/markt\\\/produkt\\\/swiss-navy-silikon-gleitgel-1er-pack\\\/#primaryimage\"},\"image\":{\"@id\":\"https:\\\/\\\/marktxxl.de\\\/markt\\\/produkt\\\/swiss-navy-silikon-gleitgel-1er-pack\\\/#primaryimage\"},\"thumbnailUrl\":\"https:\\\/\\\/m.media-amazon.com\\\/images\\\/I\\\/41XJxAnXY8S._SL500_.jpg\",\"datePublished\":\"2021-10-26T15:45:42+00:00\",\"dateModified\":\"2023-04-02T22:59:19+00:00\",\"description\":\"Markt-XXL SWISS NAVY Premium Silikon Sex Gleitmittel, 2 Unzen, Gleitmittel f\u00fcr M\u00e4nner, Frauen &amp; Paare.\u00a0MD Science Lab\",\"breadcrumb\":{\"@id\":\"https:\\\/\\\/marktxxl.de\\\/markt\\\/produkt\\\/swiss-navy-silikon-gleitgel-1er-pack\\\/#breadcrumb\"},\"inLanguage\":\"de\",\"potentialAction\":[{\"@type\":\"ReadAction\",\"target\":[\"https:\\\/\\\/marktxxl.de\\\/markt\\\/produkt\\\/swiss-navy-silikon-gleitgel-1er-pack\\\/\"]}]},{\"@type\":\"ImageObject\",\"inLanguage\":\"de\",\"@id\":\"https:\\\/\\\/marktxxl.de\\\/markt\\\/produkt\\\/swiss-navy-silikon-gleitgel-1er-pack\\\/#primaryimage\",\"url\":\"https:\\\/\\\/m.media-amazon.com\\\/images\\\/I\\\/41XJxAnXY8S._SL500_.jpg\",\"contentUrl\":\"https:\\\/\\\/m.media-amazon.com\\\/images\\\/I\\\/41XJxAnXY8S._SL500_.jpg\",\"width\":500,\"height\":500},{\"@type\":\"BreadcrumbList\",\"@id\":\"https:\\\/\\\/marktxxl.de\\\/markt\\\/produkt\\\/swiss-navy-silikon-gleitgel-1er-pack\\\/#breadcrumb\",\"itemListElement\":[{\"@type\":\"ListItem\",\"position\":1,\"name\":\"Startseite\",\"item\":\"https:\\\/\\\/marktxxl.de\\\/markt\\\/\"},{\"@type\":\"ListItem\",\"position\":2,\"name\":\"Markt\",\"item\":\"https:\\\/\\\/marktxxl.de\\\/markt\\\/\"},{\"@type\":\"ListItem\",\"position\":3,\"name\":\"SWISS NAVY Premium Silikon Sex Gleitmittel, 2 Unzen, Gleitmittel f\u00fcr M\u00e4nner, Frauen &amp; Paare.\u00a0MD Science Lab\"}]},{\"@type\":\"WebSite\",\"@id\":\"https:\\\/\\\/marktxxl.de\\\/markt\\\/#website\",\"url\":\"https:\\\/\\\/marktxxl.de\\\/markt\\\/\",\"name\":\"Markt-XXL\",\"description\":\"Ihr Markt Online\",\"publisher\":{\"@id\":\"https:\\\/\\\/marktxxl.de\\\/markt\\\/#organization\"},\"potentialAction\":[{\"@type\":\"SearchAction\",\"target\":{\"@type\":\"EntryPoint\",\"urlTemplate\":\"https:\\\/\\\/marktxxl.de\\\/markt\\\/?s={search_term_string}\"},\"query-input\":{\"@type\":\"PropertyValueSpecification\",\"valueRequired\":true,\"valueName\":\"search_term_string\"}}],\"inLanguage\":\"de\"},{\"@type\":\"Organization\",\"@id\":\"https:\\\/\\\/marktxxl.de\\\/markt\\\/#organization\",\"name\":\"Markt-XXL\",\"url\":\"https:\\\/\\\/marktxxl.de\\\/markt\\\/\",\"logo\":{\"@type\":\"ImageObject\",\"inLanguage\":\"de\",\"@id\":\"https:\\\/\\\/marktxxl.de\\\/markt\\\/#\\\/schema\\\/logo\\\/image\\\/\",\"url\":\"https:\\\/\\\/marktxxl.de\\\/markt\\\/wp-content\\\/uploads\\\/sites\\\/3\\\/2020\\\/12\\\/logo.png\",\"contentUrl\":\"https:\\\/\\\/marktxxl.de\\\/markt\\\/wp-content\\\/uploads\\\/sites\\\/3\\\/2020\\\/12\\\/logo.png\",\"width\":200,\"height\":70,\"caption\":\"Markt-XXL\"},\"image\":{\"@id\":\"https:\\\/\\\/marktxxl.de\\\/markt\\\/#\\\/schema\\\/logo\\\/image\\\/\"}}]}<\/script>\n<!-- \/ Yoast SEO plugin. -->","yoast_head_json":{"title":"SWISS NAVY Premium Silikon Sex Gleitmittel, 2 Unzen, Gleitmittel f\u00fcr M\u00e4nner, Frauen &amp; Paare.\u00a0MD Science Lab - Markt-XXL","description":"Markt-XXL SWISS NAVY Premium Silikon Sex Gleitmittel, 2 Unzen, Gleitmittel f\u00fcr M\u00e4nner, Frauen &amp; Paare.\u00a0MD Science Lab","robots":{"index":"index","follow":"follow","max-snippet":"max-snippet:-1","max-image-preview":"max-image-preview:large","max-video-preview":"max-video-preview:-1"},"canonical":"https:\/\/marktxxl.de\/markt\/produkt\/swiss-navy-silikon-gleitgel-1er-pack\/","og_locale":"de_DE","og_type":"article","og_title":"SWISS NAVY Premium Silikon Sex Gleitmittel, 2 Unzen, Gleitmittel f\u00fcr M\u00e4nner, Frauen &amp; Paare.\u00a0MD Science Lab - Markt-XXL","og_description":"Markt-XXL SWISS NAVY Premium Silikon Sex Gleitmittel, 2 Unzen, Gleitmittel f\u00fcr M\u00e4nner, Frauen &amp; Paare.\u00a0MD Science Lab","og_url":"https:\/\/marktxxl.de\/markt\/produkt\/swiss-navy-silikon-gleitgel-1er-pack\/","og_site_name":"Markt-XXL","article_modified_time":"2023-04-02T22:59:19+00:00","og_image":[{"width":500,"height":500,"url":"https:\/\/m.media-amazon.com\/images\/I\/41XJxAnXY8S._SL500_.jpg","type":"image\/jpeg"}],"twitter_card":"summary_large_image","schema":{"@context":"https:\/\/schema.org","@graph":[{"@type":"WebPage","@id":"https:\/\/marktxxl.de\/markt\/produkt\/swiss-navy-silikon-gleitgel-1er-pack\/","url":"https:\/\/marktxxl.de\/markt\/produkt\/swiss-navy-silikon-gleitgel-1er-pack\/","name":"SWISS NAVY Premium Silikon Sex Gleitmittel, 2 Unzen, Gleitmittel f\u00fcr M\u00e4nner, Frauen &amp; Paare.\u00a0MD Science Lab - Markt-XXL","isPartOf":{"@id":"https:\/\/marktxxl.de\/markt\/#website"},"primaryImageOfPage":{"@id":"https:\/\/marktxxl.de\/markt\/produkt\/swiss-navy-silikon-gleitgel-1er-pack\/#primaryimage"},"image":{"@id":"https:\/\/marktxxl.de\/markt\/produkt\/swiss-navy-silikon-gleitgel-1er-pack\/#primaryimage"},"thumbnailUrl":"https:\/\/m.media-amazon.com\/images\/I\/41XJxAnXY8S._SL500_.jpg","datePublished":"2021-10-26T15:45:42+00:00","dateModified":"2023-04-02T22:59:19+00:00","description":"Markt-XXL SWISS NAVY Premium Silikon Sex Gleitmittel, 2 Unzen, Gleitmittel f\u00fcr M\u00e4nner, Frauen &amp; Paare.\u00a0MD Science Lab","breadcrumb":{"@id":"https:\/\/marktxxl.de\/markt\/produkt\/swiss-navy-silikon-gleitgel-1er-pack\/#breadcrumb"},"inLanguage":"de","potentialAction":[{"@type":"ReadAction","target":["https:\/\/marktxxl.de\/markt\/produkt\/swiss-navy-silikon-gleitgel-1er-pack\/"]}]},{"@type":"ImageObject","inLanguage":"de","@id":"https:\/\/marktxxl.de\/markt\/produkt\/swiss-navy-silikon-gleitgel-1er-pack\/#primaryimage","url":"https:\/\/m.media-amazon.com\/images\/I\/41XJxAnXY8S._SL500_.jpg","contentUrl":"https:\/\/m.media-amazon.com\/images\/I\/41XJxAnXY8S._SL500_.jpg","width":500,"height":500},{"@type":"BreadcrumbList","@id":"https:\/\/marktxxl.de\/markt\/produkt\/swiss-navy-silikon-gleitgel-1er-pack\/#breadcrumb","itemListElement":[{"@type":"ListItem","position":1,"name":"Startseite","item":"https:\/\/marktxxl.de\/markt\/"},{"@type":"ListItem","position":2,"name":"Markt","item":"https:\/\/marktxxl.de\/markt\/"},{"@type":"ListItem","position":3,"name":"SWISS NAVY Premium Silikon Sex Gleitmittel, 2 Unzen, Gleitmittel f\u00fcr M\u00e4nner, Frauen &amp; Paare.\u00a0MD Science Lab"}]},{"@type":"WebSite","@id":"https:\/\/marktxxl.de\/markt\/#website","url":"https:\/\/marktxxl.de\/markt\/","name":"Markt-XXL","description":"Ihr Markt Online","publisher":{"@id":"https:\/\/marktxxl.de\/markt\/#organization"},"potentialAction":[{"@type":"SearchAction","target":{"@type":"EntryPoint","urlTemplate":"https:\/\/marktxxl.de\/markt\/?s={search_term_string}"},"query-input":{"@type":"PropertyValueSpecification","valueRequired":true,"valueName":"search_term_string"}}],"inLanguage":"de"},{"@type":"Organization","@id":"https:\/\/marktxxl.de\/markt\/#organization","name":"Markt-XXL","url":"https:\/\/marktxxl.de\/markt\/","logo":{"@type":"ImageObject","inLanguage":"de","@id":"https:\/\/marktxxl.de\/markt\/#\/schema\/logo\/image\/","url":"https:\/\/marktxxl.de\/markt\/wp-content\/uploads\/sites\/3\/2020\/12\/logo.png","contentUrl":"https:\/\/marktxxl.de\/markt\/wp-content\/uploads\/sites\/3\/2020\/12\/logo.png","width":200,"height":70,"caption":"Markt-XXL"},"image":{"@id":"https:\/\/marktxxl.de\/markt\/#\/schema\/logo\/image\/"}}]}},"_links":{"self":[{"href":"https:\/\/marktxxl.de\/markt\/wp-json\/wp\/v2\/product\/61328","targetHints":{"allow":["GET"]}}],"collection":[{"href":"https:\/\/marktxxl.de\/markt\/wp-json\/wp\/v2\/product"}],"about":[{"href":"https:\/\/marktxxl.de\/markt\/wp-json\/wp\/v2\/types\/product"}],"replies":[{"embeddable":true,"href":"https:\/\/marktxxl.de\/markt\/wp-json\/wp\/v2\/comments?post=61328"}],"wp:featuredmedia":[{"embeddable":true,"href":"https:\/\/marktxxl.de\/markt\/wp-json\/wp\/v2\/media\/61333"}],"wp:attachment":[{"href":"https:\/\/marktxxl.de\/markt\/wp-json\/wp\/v2\/media?parent=61328"}],"wp:term":[{"taxonomy":"product_brand","embeddable":true,"href":"https:\/\/marktxxl.de\/markt\/wp-json\/wp\/v2\/product_brand?post=61328"},{"taxonomy":"product_cat","embeddable":true,"href":"https:\/\/marktxxl.de\/markt\/wp-json\/wp\/v2\/product_cat?post=61328"},{"taxonomy":"product_tag","embeddable":true,"href":"https:\/\/marktxxl.de\/markt\/wp-json\/wp\/v2\/product_tag?post=61328"}],"curies":[{"name":"wp","href":"https:\/\/api.w.org\/{rel}","templated":true}]}}