{"id":61264,"date":"2021-10-26T17:39:21","date_gmt":"2021-10-26T15:39:21","guid":{"rendered":"https:\/\/marktxxl.de\/markt\/produkt\/2-x-bestes-bio-aloe-vera-blatt-barbadensis-miller\/"},"modified":"2023-04-03T00:59:18","modified_gmt":"2023-04-02T22:59:18","slug":"2-x-bestes-bio-aloe-vera-blatt-barbadensis-miller","status":"publish","type":"product","link":"https:\/\/marktxxl.de\/markt\/produkt\/2-x-bestes-bio-aloe-vera-blatt-barbadensis-miller\/","title":{"rendered":"2 x Bestes Bio Aloe Vera Blatt &#8211; Barbadensis Miller"},"content":{"rendered":"<p>Super Frisches, ganzes BIO Aloe Vera Blatt. Biologisch zertifiziert. Gewicht\/Gr\u00f6\u00dfe: 600-900g (ca. 70-80 cm) pro Blatt. Direkt von unserem kleinen Familienbetrieb aus Andalusien (Spanien) ohne Zwischenh\u00e4ndler.<br \/>\nSowohl f\u00fcr \u00e4u\u00dfere als auch innere Anwendung.<br \/>\nEine wunderbare Pflanze f\u00fcr deine Sch\u00f6nheit und Gesundheit.<br \/>\nIn der kosmetischen Behandlung wird es zur Reinigung, Desinfektion und Vorbeugung vorzeitiger Hautalterung eingesetzt. Sehr empfehlenswert bei Sonnenbrand, da es beruhigend, schmerzlindernd und feuchtigkeitsspendend wirkt. Gleicherma\u00dfen zur Unterst\u00fctzung der Wundheilung verwendet.<br \/>\nLagerung zwischen 5 und 20 \u00b0C, an einem trockenen, gut gel\u00fcfteten Ort lagern, vor Sonne gesch\u00fctzt, z.B. unter einem Regal in der Keller. Nach dem Schneiden, im K\u00fchlschrank lagern.<br \/>\n<div class=\"main-cross-sell\" data-asin=\"B07J6BRVJT\">\n\n\t<div class=\"WooZone-cross-sell-loader\">\n\t\t<div>\n\t\t\t<div id=\"floatingBarsG\">\n\t\t\t\t<div class=\"blockG\" id=\"rotateG_01\"><\/div>\n\t\t\t\t<div class=\"blockG\" id=\"rotateG_02\"><\/div>\n\t\t\t\t<div class=\"blockG\" id=\"rotateG_03\"><\/div>\n\t\t\t\t<div class=\"blockG\" id=\"rotateG_04\"><\/div>\n\t\t\t\t<div class=\"blockG\" id=\"rotateG_05\"><\/div>\n\t\t\t\t<div class=\"blockG\" id=\"rotateG_06\"><\/div>\n\t\t\t\t<div class=\"blockG\" id=\"rotateG_07\"><\/div>\n\t\t\t\t<div class=\"blockG\" id=\"rotateG_08\"><\/div>\n\t\t\t<\/div>\n\t\t\t<div class=\"WooZone-cross-sell-loader-text\"><\/div>\n\t\t<\/div>\n\t<\/div>\n\n\t\t\n<\/div>\n<div style=\"clear:both;\"><\/div><\/p>\n","protected":false},"excerpt":{"rendered":"<p>Super Frisches, ganzes BIO Aloe Vera Blatt. Biologisch zertifiziert. Gewicht\/Gr\u00f6\u00dfe: 600-900g (ca. 70-80 cm) pro Blatt. Direkt von unserem kleinen Familienbetrieb aus Andalusien (Spanien) ohne Zwischenh\u00e4ndler.<br \/>\nSowohl f\u00fcr \u00e4u\u00dfere als auch innere Anwendung.<br \/>\nEine wunderbare Pflanze f\u00fcr deine Sch\u00f6nheit und Gesundheit.<\/p>\n","protected":false},"featured_media":61265,"comment_status":"open","ping_status":"closed","template":"","meta":[],"product_brand":[],"product_cat":[566,6496],"product_tag":[],"class_list":{"0":"post-61264","1":"product","2":"type-product","3":"status-publish","4":"has-post-thumbnail","6":"product_cat-drogerie-koerperpflege","7":"product_cat-wellness","8":"pa_brand-naturpassion","9":"pa_color-gruen","10":"pa_manufacturer-bio-aloe-vera","12":"first","13":"instock","14":"shipping-taxable","15":"purchasable","16":"product-type-simple","17":"customify-col","18":"product-has-gallery"},"yoast_head":"<!-- This site is optimized with the Yoast SEO plugin v27.3 - https:\/\/yoast.com\/product\/yoast-seo-wordpress\/ -->\n<title>2 x Bestes Bio Aloe Vera Blatt - Barbadensis Miller - Markt-XXL<\/title>\n<meta name=\"description\" content=\"Markt-XXL 2 x Bestes Bio Aloe Vera Blatt - Barbadensis Miller\" \/>\n<meta name=\"robots\" content=\"index, follow, max-snippet:-1, max-image-preview:large, max-video-preview:-1\" \/>\n<link rel=\"canonical\" href=\"https:\/\/marktxxl.de\/markt\/produkt\/2-x-bestes-bio-aloe-vera-blatt-barbadensis-miller\/\" \/>\n<meta property=\"og:locale\" content=\"de_DE\" \/>\n<meta property=\"og:type\" content=\"article\" \/>\n<meta property=\"og:title\" content=\"2 x Bestes Bio Aloe Vera Blatt - Barbadensis Miller - Markt-XXL\" \/>\n<meta property=\"og:description\" content=\"Markt-XXL 2 x Bestes Bio Aloe Vera Blatt - Barbadensis Miller\" \/>\n<meta property=\"og:url\" content=\"https:\/\/marktxxl.de\/markt\/produkt\/2-x-bestes-bio-aloe-vera-blatt-barbadensis-miller\/\" \/>\n<meta property=\"og:site_name\" content=\"Markt-XXL\" \/>\n<meta property=\"article:modified_time\" content=\"2023-04-02T22:59:18+00:00\" \/>\n<meta property=\"og:image\" content=\"https:\/\/m.media-amazon.com\/images\/I\/31MhVPtV30L._SL500_.jpg\" \/>\n\t<meta property=\"og:image:width\" content=\"500\" \/>\n\t<meta property=\"og:image:height\" content=\"375\" \/>\n\t<meta property=\"og:image:type\" content=\"image\/jpeg\" \/>\n<meta name=\"twitter:card\" content=\"summary_large_image\" \/>\n<meta name=\"twitter:label1\" content=\"Gesch\u00e4tzte Lesezeit\" \/>\n\t<meta name=\"twitter:data1\" content=\"1\u00a0Minute\" \/>\n<script type=\"application\/ld+json\" class=\"yoast-schema-graph\">{\"@context\":\"https:\\\/\\\/schema.org\",\"@graph\":[{\"@type\":\"WebPage\",\"@id\":\"https:\\\/\\\/marktxxl.de\\\/markt\\\/produkt\\\/2-x-bestes-bio-aloe-vera-blatt-barbadensis-miller\\\/\",\"url\":\"https:\\\/\\\/marktxxl.de\\\/markt\\\/produkt\\\/2-x-bestes-bio-aloe-vera-blatt-barbadensis-miller\\\/\",\"name\":\"2 x Bestes Bio Aloe Vera Blatt - Barbadensis Miller - Markt-XXL\",\"isPartOf\":{\"@id\":\"https:\\\/\\\/marktxxl.de\\\/markt\\\/#website\"},\"primaryImageOfPage\":{\"@id\":\"https:\\\/\\\/marktxxl.de\\\/markt\\\/produkt\\\/2-x-bestes-bio-aloe-vera-blatt-barbadensis-miller\\\/#primaryimage\"},\"image\":{\"@id\":\"https:\\\/\\\/marktxxl.de\\\/markt\\\/produkt\\\/2-x-bestes-bio-aloe-vera-blatt-barbadensis-miller\\\/#primaryimage\"},\"thumbnailUrl\":\"https:\\\/\\\/m.media-amazon.com\\\/images\\\/I\\\/31MhVPtV30L._SL500_.jpg\",\"datePublished\":\"2021-10-26T15:39:21+00:00\",\"dateModified\":\"2023-04-02T22:59:18+00:00\",\"description\":\"Markt-XXL 2 x Bestes Bio Aloe Vera Blatt - Barbadensis Miller\",\"breadcrumb\":{\"@id\":\"https:\\\/\\\/marktxxl.de\\\/markt\\\/produkt\\\/2-x-bestes-bio-aloe-vera-blatt-barbadensis-miller\\\/#breadcrumb\"},\"inLanguage\":\"de\",\"potentialAction\":[{\"@type\":\"ReadAction\",\"target\":[\"https:\\\/\\\/marktxxl.de\\\/markt\\\/produkt\\\/2-x-bestes-bio-aloe-vera-blatt-barbadensis-miller\\\/\"]}]},{\"@type\":\"ImageObject\",\"inLanguage\":\"de\",\"@id\":\"https:\\\/\\\/marktxxl.de\\\/markt\\\/produkt\\\/2-x-bestes-bio-aloe-vera-blatt-barbadensis-miller\\\/#primaryimage\",\"url\":\"https:\\\/\\\/m.media-amazon.com\\\/images\\\/I\\\/31MhVPtV30L._SL500_.jpg\",\"contentUrl\":\"https:\\\/\\\/m.media-amazon.com\\\/images\\\/I\\\/31MhVPtV30L._SL500_.jpg\",\"width\":500,\"height\":375},{\"@type\":\"BreadcrumbList\",\"@id\":\"https:\\\/\\\/marktxxl.de\\\/markt\\\/produkt\\\/2-x-bestes-bio-aloe-vera-blatt-barbadensis-miller\\\/#breadcrumb\",\"itemListElement\":[{\"@type\":\"ListItem\",\"position\":1,\"name\":\"Startseite\",\"item\":\"https:\\\/\\\/marktxxl.de\\\/markt\\\/\"},{\"@type\":\"ListItem\",\"position\":2,\"name\":\"Markt\",\"item\":\"https:\\\/\\\/marktxxl.de\\\/markt\\\/\"},{\"@type\":\"ListItem\",\"position\":3,\"name\":\"2 x Bestes Bio Aloe Vera Blatt &#8211; Barbadensis Miller\"}]},{\"@type\":\"WebSite\",\"@id\":\"https:\\\/\\\/marktxxl.de\\\/markt\\\/#website\",\"url\":\"https:\\\/\\\/marktxxl.de\\\/markt\\\/\",\"name\":\"Markt-XXL\",\"description\":\"Ihr Markt Online\",\"publisher\":{\"@id\":\"https:\\\/\\\/marktxxl.de\\\/markt\\\/#organization\"},\"potentialAction\":[{\"@type\":\"SearchAction\",\"target\":{\"@type\":\"EntryPoint\",\"urlTemplate\":\"https:\\\/\\\/marktxxl.de\\\/markt\\\/?s={search_term_string}\"},\"query-input\":{\"@type\":\"PropertyValueSpecification\",\"valueRequired\":true,\"valueName\":\"search_term_string\"}}],\"inLanguage\":\"de\"},{\"@type\":\"Organization\",\"@id\":\"https:\\\/\\\/marktxxl.de\\\/markt\\\/#organization\",\"name\":\"Markt-XXL\",\"url\":\"https:\\\/\\\/marktxxl.de\\\/markt\\\/\",\"logo\":{\"@type\":\"ImageObject\",\"inLanguage\":\"de\",\"@id\":\"https:\\\/\\\/marktxxl.de\\\/markt\\\/#\\\/schema\\\/logo\\\/image\\\/\",\"url\":\"https:\\\/\\\/marktxxl.de\\\/markt\\\/wp-content\\\/uploads\\\/sites\\\/3\\\/2020\\\/12\\\/logo.png\",\"contentUrl\":\"https:\\\/\\\/marktxxl.de\\\/markt\\\/wp-content\\\/uploads\\\/sites\\\/3\\\/2020\\\/12\\\/logo.png\",\"width\":200,\"height\":70,\"caption\":\"Markt-XXL\"},\"image\":{\"@id\":\"https:\\\/\\\/marktxxl.de\\\/markt\\\/#\\\/schema\\\/logo\\\/image\\\/\"}}]}<\/script>\n<!-- \/ Yoast SEO plugin. -->","yoast_head_json":{"title":"2 x Bestes Bio Aloe Vera Blatt - Barbadensis Miller - Markt-XXL","description":"Markt-XXL 2 x Bestes Bio Aloe Vera Blatt - Barbadensis Miller","robots":{"index":"index","follow":"follow","max-snippet":"max-snippet:-1","max-image-preview":"max-image-preview:large","max-video-preview":"max-video-preview:-1"},"canonical":"https:\/\/marktxxl.de\/markt\/produkt\/2-x-bestes-bio-aloe-vera-blatt-barbadensis-miller\/","og_locale":"de_DE","og_type":"article","og_title":"2 x Bestes Bio Aloe Vera Blatt - Barbadensis Miller - Markt-XXL","og_description":"Markt-XXL 2 x Bestes Bio Aloe Vera Blatt - Barbadensis Miller","og_url":"https:\/\/marktxxl.de\/markt\/produkt\/2-x-bestes-bio-aloe-vera-blatt-barbadensis-miller\/","og_site_name":"Markt-XXL","article_modified_time":"2023-04-02T22:59:18+00:00","og_image":[{"width":500,"height":375,"url":"https:\/\/m.media-amazon.com\/images\/I\/31MhVPtV30L._SL500_.jpg","type":"image\/jpeg"}],"twitter_card":"summary_large_image","twitter_misc":{"Gesch\u00e4tzte Lesezeit":"1\u00a0Minute"},"schema":{"@context":"https:\/\/schema.org","@graph":[{"@type":"WebPage","@id":"https:\/\/marktxxl.de\/markt\/produkt\/2-x-bestes-bio-aloe-vera-blatt-barbadensis-miller\/","url":"https:\/\/marktxxl.de\/markt\/produkt\/2-x-bestes-bio-aloe-vera-blatt-barbadensis-miller\/","name":"2 x Bestes Bio Aloe Vera Blatt - Barbadensis Miller - Markt-XXL","isPartOf":{"@id":"https:\/\/marktxxl.de\/markt\/#website"},"primaryImageOfPage":{"@id":"https:\/\/marktxxl.de\/markt\/produkt\/2-x-bestes-bio-aloe-vera-blatt-barbadensis-miller\/#primaryimage"},"image":{"@id":"https:\/\/marktxxl.de\/markt\/produkt\/2-x-bestes-bio-aloe-vera-blatt-barbadensis-miller\/#primaryimage"},"thumbnailUrl":"https:\/\/m.media-amazon.com\/images\/I\/31MhVPtV30L._SL500_.jpg","datePublished":"2021-10-26T15:39:21+00:00","dateModified":"2023-04-02T22:59:18+00:00","description":"Markt-XXL 2 x Bestes Bio Aloe Vera Blatt - Barbadensis Miller","breadcrumb":{"@id":"https:\/\/marktxxl.de\/markt\/produkt\/2-x-bestes-bio-aloe-vera-blatt-barbadensis-miller\/#breadcrumb"},"inLanguage":"de","potentialAction":[{"@type":"ReadAction","target":["https:\/\/marktxxl.de\/markt\/produkt\/2-x-bestes-bio-aloe-vera-blatt-barbadensis-miller\/"]}]},{"@type":"ImageObject","inLanguage":"de","@id":"https:\/\/marktxxl.de\/markt\/produkt\/2-x-bestes-bio-aloe-vera-blatt-barbadensis-miller\/#primaryimage","url":"https:\/\/m.media-amazon.com\/images\/I\/31MhVPtV30L._SL500_.jpg","contentUrl":"https:\/\/m.media-amazon.com\/images\/I\/31MhVPtV30L._SL500_.jpg","width":500,"height":375},{"@type":"BreadcrumbList","@id":"https:\/\/marktxxl.de\/markt\/produkt\/2-x-bestes-bio-aloe-vera-blatt-barbadensis-miller\/#breadcrumb","itemListElement":[{"@type":"ListItem","position":1,"name":"Startseite","item":"https:\/\/marktxxl.de\/markt\/"},{"@type":"ListItem","position":2,"name":"Markt","item":"https:\/\/marktxxl.de\/markt\/"},{"@type":"ListItem","position":3,"name":"2 x Bestes Bio Aloe Vera Blatt &#8211; Barbadensis Miller"}]},{"@type":"WebSite","@id":"https:\/\/marktxxl.de\/markt\/#website","url":"https:\/\/marktxxl.de\/markt\/","name":"Markt-XXL","description":"Ihr Markt Online","publisher":{"@id":"https:\/\/marktxxl.de\/markt\/#organization"},"potentialAction":[{"@type":"SearchAction","target":{"@type":"EntryPoint","urlTemplate":"https:\/\/marktxxl.de\/markt\/?s={search_term_string}"},"query-input":{"@type":"PropertyValueSpecification","valueRequired":true,"valueName":"search_term_string"}}],"inLanguage":"de"},{"@type":"Organization","@id":"https:\/\/marktxxl.de\/markt\/#organization","name":"Markt-XXL","url":"https:\/\/marktxxl.de\/markt\/","logo":{"@type":"ImageObject","inLanguage":"de","@id":"https:\/\/marktxxl.de\/markt\/#\/schema\/logo\/image\/","url":"https:\/\/marktxxl.de\/markt\/wp-content\/uploads\/sites\/3\/2020\/12\/logo.png","contentUrl":"https:\/\/marktxxl.de\/markt\/wp-content\/uploads\/sites\/3\/2020\/12\/logo.png","width":200,"height":70,"caption":"Markt-XXL"},"image":{"@id":"https:\/\/marktxxl.de\/markt\/#\/schema\/logo\/image\/"}}]}},"_links":{"self":[{"href":"https:\/\/marktxxl.de\/markt\/wp-json\/wp\/v2\/product\/61264","targetHints":{"allow":["GET"]}}],"collection":[{"href":"https:\/\/marktxxl.de\/markt\/wp-json\/wp\/v2\/product"}],"about":[{"href":"https:\/\/marktxxl.de\/markt\/wp-json\/wp\/v2\/types\/product"}],"replies":[{"embeddable":true,"href":"https:\/\/marktxxl.de\/markt\/wp-json\/wp\/v2\/comments?post=61264"}],"wp:featuredmedia":[{"embeddable":true,"href":"https:\/\/marktxxl.de\/markt\/wp-json\/wp\/v2\/media\/61265"}],"wp:attachment":[{"href":"https:\/\/marktxxl.de\/markt\/wp-json\/wp\/v2\/media?parent=61264"}],"wp:term":[{"taxonomy":"product_brand","embeddable":true,"href":"https:\/\/marktxxl.de\/markt\/wp-json\/wp\/v2\/product_brand?post=61264"},{"taxonomy":"product_cat","embeddable":true,"href":"https:\/\/marktxxl.de\/markt\/wp-json\/wp\/v2\/product_cat?post=61264"},{"taxonomy":"product_tag","embeddable":true,"href":"https:\/\/marktxxl.de\/markt\/wp-json\/wp\/v2\/product_tag?post=61264"}],"curies":[{"name":"wp","href":"https:\/\/api.w.org\/{rel}","templated":true}]}}