{"id":61254,"date":"2021-10-26T17:39:17","date_gmt":"2021-10-26T15:39:17","guid":{"rendered":"https:\/\/marktxxl.de\/markt\/produkt\/jade-roller-gua-sha-set-gesichtsroller-massagegeraet-100-natuerlicher-rosenquarz-fuer-gesicht-augen-hals-zur-hautpflege-schoenheit-und-entspannung-der-koerpermuskulatur-mit-intelligenter-app\/"},"modified":"2023-04-03T00:59:18","modified_gmt":"2023-04-02T22:59:18","slug":"jade-roller-gua-sha-set-gesichtsroller-massagegeraet-100-natuerlicher-rosenquarz-fuer-gesicht-augen-hals-zur-hautpflege-schoenheit-und-entspannung-der-koerpermuskulatur-mit-intelligenter-app","status":"publish","type":"product","link":"https:\/\/marktxxl.de\/markt\/produkt\/jade-roller-gua-sha-set-gesichtsroller-massagegeraet-100-natuerlicher-rosenquarz-fuer-gesicht-augen-hals-zur-hautpflege-schoenheit-und-entspannung-der-koerpermuskulatur-mit-intelligenter-app\/","title":{"rendered":"Jade Roller &amp; Gua Sha Set, Gesichtsroller Massageger\u00e4t 100% nat\u00fcrlicher Rosenquarz f\u00fcr Gesicht, Augen, Hals zur\u2026"},"content":{"rendered":"<p>JADE ROLLER: Zweigr\u00f6\u00dfen-Roller f\u00fcr verschiedene Bereiche, kleinere Rollen f\u00fcr die Augenpartie, gr\u00f6\u00dfere Rollen f\u00fcr Gesicht, Hals, Taille und Arme. Nach der traditionellen Gesundheitstheorie massiert die Jade Roller die Gesichtsnervenpunkte, um die Lymphe auszubaggern, die Durchblutung zu f\u00f6rdern und so die Hautalterung zu lindern.<br \/>\nGUA SHA: ist eines der traditionellen Naturheilmittel, basierend auf der Theorie der traditionellen chinesischen Medizin, indem es die relevanten Teile der Haut abkratzt und abwischt, um die Meridiane auszubaggern, die Durchblutung zu f\u00f6rdern, Gesichts\u00f6deme zu reduzieren, Gesichtsporen zu verkleinern, das \u00d6l und Schmutz an den Poren zu entfernen.<br \/>\n100% NAT\u00dcRLICHER ROSENQUARZ: Femometer Jade Roller und Gua Sha bestehen aus 100% nat\u00fcrlicher Jade. Wir verwenden hochwertige Jade, ohne Chemikalien oder Reizstoffe, sind definitiv der beste Helfer f\u00fcr Ihre Hautpflege! Nat\u00fcrliche Jade enth\u00e4lt eine Vielzahl von Spurenelementen, die der menschliche K\u00f6rper ben\u00f6tigt, die f\u00fcr unseren K\u00f6rper hilfreich und ohne Nebenwirkungen sind.<br \/>\nSpezielle APP zur Steigerung Ihrer Sch\u00f6nheit: Um dieses Jade-Set richtiger anzuwenden und die Haut richtig pflegen, haben wir speziell eine smarte APP (FACE YOGA) entwickelt, die Ihnen wissenschaftliche Anleitung gibt. Mit der Gesichtscream kann die Gesichts\u00f6lmassage die Muskeln entspannen, die Hautfestigkeit verbessern, Falten entfernen und das Gesicht verd\u00fcnnen. F\u00fcr eine bessere Behandlung, Entspannung und Linderung von Entz\u00fcndungen wird empfohlen, das Set in den K\u00fchlschrank zu stellen.<br \/>\nBestes Geschenk f\u00fcr sich selbst und andere: Dieses Set ist einfach zu bedienen, leicht zu tragen und kann f\u00fcr die Ganzk\u00f6rpermassage verwendet werden; klein und exquisit, stilvoll in der Form und verpackt in einer eleganten Geschenkbox, die sich sehr gut f\u00fcr den pers\u00f6nlichen Gebrauch oder als Geschenk an Freunde eignet. Und zur Zufriedenheit unserer Femometer-Kunden unterst\u00fctzen wir eine zuverl\u00e4ssigen Garantie. Wenn Sie Probleme damit haben, k\u00f6nnen Sie uns jederzeit kontaktieren.<br \/>\n<div class=\"main-cross-sell\" data-asin=\"B099S79FWX\">\n\n\t<div class=\"WooZone-cross-sell-loader\">\n\t\t<div>\n\t\t\t<div id=\"floatingBarsG\">\n\t\t\t\t<div class=\"blockG\" id=\"rotateG_01\"><\/div>\n\t\t\t\t<div class=\"blockG\" id=\"rotateG_02\"><\/div>\n\t\t\t\t<div class=\"blockG\" id=\"rotateG_03\"><\/div>\n\t\t\t\t<div class=\"blockG\" id=\"rotateG_04\"><\/div>\n\t\t\t\t<div class=\"blockG\" id=\"rotateG_05\"><\/div>\n\t\t\t\t<div class=\"blockG\" id=\"rotateG_06\"><\/div>\n\t\t\t\t<div class=\"blockG\" id=\"rotateG_07\"><\/div>\n\t\t\t\t<div class=\"blockG\" id=\"rotateG_08\"><\/div>\n\t\t\t<\/div>\n\t\t\t<div class=\"WooZone-cross-sell-loader-text\"><\/div>\n\t\t<\/div>\n\t<\/div>\n\n\t\t\n<\/div>\n<div style=\"clear:both;\"><\/div><\/p>\n","protected":false},"excerpt":{"rendered":"<p>JADE ROLLER: Zweigr\u00f6\u00dfen-Roller f\u00fcr verschiedene Bereiche, kleinere Rollen f\u00fcr die Augenpartie, gr\u00f6\u00dfere Rollen f\u00fcr Gesicht, Hals, Taille und Arme. Nach der traditionellen Gesundheitstheorie massiert die Jade Roller die Gesichtsnervenpunkte, um die Lymphe auszubaggern, die Durchblutung zu f\u00f6rdern und so die Hautalterung zu lindern.<br \/>\nGUA SHA: ist eines der traditionellen Naturheilmittel, basierend auf der Theorie der traditionellen chinesischen Medizin, indem es die relevanten Teile der Haut abkratzt und abwischt, um die Meridiane auszubaggern, die Durchblutung zu f\u00f6rdern, Gesichts\u00f6deme zu reduzieren, Gesichtsporen zu verkleinern, das \u00d6l und Schmutz an den Poren zu entfernen.<br \/>\n100% NAT\u00dcRLICHER ROSENQUARZ: Femometer Jade Roller und Gua Sha bestehen aus 100% nat\u00fcrlicher Jade. Wir verwenden hochwertige Jade, ohne Chemikalien oder Reizstoffe, sind definitiv der beste Helfer f\u00fcr Ihre Hautpflege! Nat\u00fcrliche Jade enth\u00e4lt eine Vielzahl von Spurenelementen, die der menschliche K\u00f6rper ben\u00f6tigt, die f\u00fcr unseren K\u00f6rper hilfreich und ohne Nebenwirkungen sind.<\/p>\n","protected":false},"featured_media":61255,"comment_status":"open","ping_status":"closed","template":"","meta":[],"product_brand":[],"product_cat":[566,6496],"product_tag":[],"class_list":{"0":"post-61254","1":"product","2":"type-product","3":"status-publish","4":"has-post-thumbnail","6":"product_cat-drogerie-koerperpflege","7":"product_cat-wellness","8":"pa_brand-femometer","9":"pa_color-rosa","10":"pa_manufacturer-femometer","12":"first","13":"instock","14":"shipping-taxable","15":"purchasable","16":"product-type-simple","17":"customify-col","18":"product-has-gallery"},"yoast_head":"<!-- This site is optimized with the Yoast SEO plugin v27.4 - https:\/\/yoast.com\/product\/yoast-seo-wordpress\/ -->\n<title>Jade Roller &amp; Gua Sha Set, Gesichtsroller Massageger\u00e4t 100% nat\u00fcrlicher Rosenquarz f\u00fcr Gesicht, Augen, Hals zur\u2026 - Markt-XXL<\/title>\n<meta name=\"description\" content=\"Markt-XXL Jade Roller &amp; Gua Sha Set, Gesichtsroller Massageger\u00e4t 100% nat\u00fcrlicher Rosenquarz f\u00fcr Gesicht, Augen, Hals zur\u2026\" \/>\n<meta name=\"robots\" content=\"index, follow, max-snippet:-1, max-image-preview:large, max-video-preview:-1\" \/>\n<link rel=\"canonical\" href=\"https:\/\/marktxxl.de\/markt\/produkt\/jade-roller-gua-sha-set-gesichtsroller-massagegeraet-100-natuerlicher-rosenquarz-fuer-gesicht-augen-hals-zur-hautpflege-schoenheit-und-entspannung-der-koerpermuskulatur-mit-intelligenter-app\/\" \/>\n<meta property=\"og:locale\" content=\"de_DE\" \/>\n<meta property=\"og:type\" content=\"article\" \/>\n<meta property=\"og:title\" content=\"Jade Roller &amp; Gua Sha Set, Gesichtsroller Massageger\u00e4t 100% nat\u00fcrlicher Rosenquarz f\u00fcr Gesicht, Augen, Hals zur\u2026 - Markt-XXL\" \/>\n<meta property=\"og:description\" content=\"Markt-XXL Jade Roller &amp; Gua Sha Set, Gesichtsroller Massageger\u00e4t 100% nat\u00fcrlicher Rosenquarz f\u00fcr Gesicht, Augen, Hals zur\u2026\" \/>\n<meta property=\"og:url\" content=\"https:\/\/marktxxl.de\/markt\/produkt\/jade-roller-gua-sha-set-gesichtsroller-massagegeraet-100-natuerlicher-rosenquarz-fuer-gesicht-augen-hals-zur-hautpflege-schoenheit-und-entspannung-der-koerpermuskulatur-mit-intelligenter-app\/\" \/>\n<meta property=\"og:site_name\" content=\"Markt-XXL\" \/>\n<meta property=\"article:modified_time\" content=\"2023-04-02T22:59:18+00:00\" \/>\n<meta property=\"og:image\" content=\"https:\/\/m.media-amazon.com\/images\/I\/41h47IRjzkL._SL500_.jpg\" \/>\n\t<meta property=\"og:image:width\" content=\"500\" \/>\n\t<meta property=\"og:image:height\" content=\"500\" \/>\n\t<meta property=\"og:image:type\" content=\"image\/jpeg\" \/>\n<meta name=\"twitter:card\" content=\"summary_large_image\" \/>\n<meta name=\"twitter:label1\" content=\"Gesch\u00e4tzte Lesezeit\" \/>\n\t<meta name=\"twitter:data1\" content=\"2\u00a0Minuten\" \/>\n<script type=\"application\/ld+json\" class=\"yoast-schema-graph\">{\"@context\":\"https:\\\/\\\/schema.org\",\"@graph\":[{\"@type\":\"WebPage\",\"@id\":\"https:\\\/\\\/marktxxl.de\\\/markt\\\/produkt\\\/jade-roller-gua-sha-set-gesichtsroller-massagegeraet-100-natuerlicher-rosenquarz-fuer-gesicht-augen-hals-zur-hautpflege-schoenheit-und-entspannung-der-koerpermuskulatur-mit-intelligenter-app\\\/\",\"url\":\"https:\\\/\\\/marktxxl.de\\\/markt\\\/produkt\\\/jade-roller-gua-sha-set-gesichtsroller-massagegeraet-100-natuerlicher-rosenquarz-fuer-gesicht-augen-hals-zur-hautpflege-schoenheit-und-entspannung-der-koerpermuskulatur-mit-intelligenter-app\\\/\",\"name\":\"Jade Roller &amp; Gua Sha Set, Gesichtsroller Massageger\u00e4t 100% nat\u00fcrlicher Rosenquarz f\u00fcr Gesicht, Augen, Hals zur\u2026 - Markt-XXL\",\"isPartOf\":{\"@id\":\"https:\\\/\\\/marktxxl.de\\\/markt\\\/#website\"},\"primaryImageOfPage\":{\"@id\":\"https:\\\/\\\/marktxxl.de\\\/markt\\\/produkt\\\/jade-roller-gua-sha-set-gesichtsroller-massagegeraet-100-natuerlicher-rosenquarz-fuer-gesicht-augen-hals-zur-hautpflege-schoenheit-und-entspannung-der-koerpermuskulatur-mit-intelligenter-app\\\/#primaryimage\"},\"image\":{\"@id\":\"https:\\\/\\\/marktxxl.de\\\/markt\\\/produkt\\\/jade-roller-gua-sha-set-gesichtsroller-massagegeraet-100-natuerlicher-rosenquarz-fuer-gesicht-augen-hals-zur-hautpflege-schoenheit-und-entspannung-der-koerpermuskulatur-mit-intelligenter-app\\\/#primaryimage\"},\"thumbnailUrl\":\"https:\\\/\\\/m.media-amazon.com\\\/images\\\/I\\\/41h47IRjzkL._SL500_.jpg\",\"datePublished\":\"2021-10-26T15:39:17+00:00\",\"dateModified\":\"2023-04-02T22:59:18+00:00\",\"description\":\"Markt-XXL Jade Roller &amp; Gua Sha Set, Gesichtsroller Massageger\u00e4t 100% nat\u00fcrlicher Rosenquarz f\u00fcr Gesicht, Augen, Hals zur\u2026\",\"breadcrumb\":{\"@id\":\"https:\\\/\\\/marktxxl.de\\\/markt\\\/produkt\\\/jade-roller-gua-sha-set-gesichtsroller-massagegeraet-100-natuerlicher-rosenquarz-fuer-gesicht-augen-hals-zur-hautpflege-schoenheit-und-entspannung-der-koerpermuskulatur-mit-intelligenter-app\\\/#breadcrumb\"},\"inLanguage\":\"de\",\"potentialAction\":[{\"@type\":\"ReadAction\",\"target\":[\"https:\\\/\\\/marktxxl.de\\\/markt\\\/produkt\\\/jade-roller-gua-sha-set-gesichtsroller-massagegeraet-100-natuerlicher-rosenquarz-fuer-gesicht-augen-hals-zur-hautpflege-schoenheit-und-entspannung-der-koerpermuskulatur-mit-intelligenter-app\\\/\"]}]},{\"@type\":\"ImageObject\",\"inLanguage\":\"de\",\"@id\":\"https:\\\/\\\/marktxxl.de\\\/markt\\\/produkt\\\/jade-roller-gua-sha-set-gesichtsroller-massagegeraet-100-natuerlicher-rosenquarz-fuer-gesicht-augen-hals-zur-hautpflege-schoenheit-und-entspannung-der-koerpermuskulatur-mit-intelligenter-app\\\/#primaryimage\",\"url\":\"https:\\\/\\\/m.media-amazon.com\\\/images\\\/I\\\/41h47IRjzkL._SL500_.jpg\",\"contentUrl\":\"https:\\\/\\\/m.media-amazon.com\\\/images\\\/I\\\/41h47IRjzkL._SL500_.jpg\",\"width\":500,\"height\":500},{\"@type\":\"BreadcrumbList\",\"@id\":\"https:\\\/\\\/marktxxl.de\\\/markt\\\/produkt\\\/jade-roller-gua-sha-set-gesichtsroller-massagegeraet-100-natuerlicher-rosenquarz-fuer-gesicht-augen-hals-zur-hautpflege-schoenheit-und-entspannung-der-koerpermuskulatur-mit-intelligenter-app\\\/#breadcrumb\",\"itemListElement\":[{\"@type\":\"ListItem\",\"position\":1,\"name\":\"Startseite\",\"item\":\"https:\\\/\\\/marktxxl.de\\\/markt\\\/\"},{\"@type\":\"ListItem\",\"position\":2,\"name\":\"Markt\",\"item\":\"https:\\\/\\\/marktxxl.de\\\/markt\\\/\"},{\"@type\":\"ListItem\",\"position\":3,\"name\":\"Jade Roller &amp; Gua Sha Set, Gesichtsroller Massageger\u00e4t 100% nat\u00fcrlicher Rosenquarz f\u00fcr Gesicht, Augen, Hals zur\u2026\"}]},{\"@type\":\"WebSite\",\"@id\":\"https:\\\/\\\/marktxxl.de\\\/markt\\\/#website\",\"url\":\"https:\\\/\\\/marktxxl.de\\\/markt\\\/\",\"name\":\"Markt-XXL\",\"description\":\"Ihr Markt Online\",\"publisher\":{\"@id\":\"https:\\\/\\\/marktxxl.de\\\/markt\\\/#organization\"},\"potentialAction\":[{\"@type\":\"SearchAction\",\"target\":{\"@type\":\"EntryPoint\",\"urlTemplate\":\"https:\\\/\\\/marktxxl.de\\\/markt\\\/?s={search_term_string}\"},\"query-input\":{\"@type\":\"PropertyValueSpecification\",\"valueRequired\":true,\"valueName\":\"search_term_string\"}}],\"inLanguage\":\"de\"},{\"@type\":\"Organization\",\"@id\":\"https:\\\/\\\/marktxxl.de\\\/markt\\\/#organization\",\"name\":\"Markt-XXL\",\"url\":\"https:\\\/\\\/marktxxl.de\\\/markt\\\/\",\"logo\":{\"@type\":\"ImageObject\",\"inLanguage\":\"de\",\"@id\":\"https:\\\/\\\/marktxxl.de\\\/markt\\\/#\\\/schema\\\/logo\\\/image\\\/\",\"url\":\"https:\\\/\\\/marktxxl.de\\\/markt\\\/wp-content\\\/uploads\\\/sites\\\/3\\\/2020\\\/12\\\/logo.png\",\"contentUrl\":\"https:\\\/\\\/marktxxl.de\\\/markt\\\/wp-content\\\/uploads\\\/sites\\\/3\\\/2020\\\/12\\\/logo.png\",\"width\":200,\"height\":70,\"caption\":\"Markt-XXL\"},\"image\":{\"@id\":\"https:\\\/\\\/marktxxl.de\\\/markt\\\/#\\\/schema\\\/logo\\\/image\\\/\"}}]}<\/script>\n<!-- \/ Yoast SEO plugin. -->","yoast_head_json":{"title":"Jade Roller &amp; Gua Sha Set, Gesichtsroller Massageger\u00e4t 100% nat\u00fcrlicher Rosenquarz f\u00fcr Gesicht, Augen, Hals zur\u2026 - Markt-XXL","description":"Markt-XXL Jade Roller &amp; Gua Sha Set, Gesichtsroller Massageger\u00e4t 100% nat\u00fcrlicher Rosenquarz f\u00fcr Gesicht, Augen, Hals zur\u2026","robots":{"index":"index","follow":"follow","max-snippet":"max-snippet:-1","max-image-preview":"max-image-preview:large","max-video-preview":"max-video-preview:-1"},"canonical":"https:\/\/marktxxl.de\/markt\/produkt\/jade-roller-gua-sha-set-gesichtsroller-massagegeraet-100-natuerlicher-rosenquarz-fuer-gesicht-augen-hals-zur-hautpflege-schoenheit-und-entspannung-der-koerpermuskulatur-mit-intelligenter-app\/","og_locale":"de_DE","og_type":"article","og_title":"Jade Roller &amp; Gua Sha Set, Gesichtsroller Massageger\u00e4t 100% nat\u00fcrlicher Rosenquarz f\u00fcr Gesicht, Augen, Hals zur\u2026 - Markt-XXL","og_description":"Markt-XXL Jade Roller &amp; Gua Sha Set, Gesichtsroller Massageger\u00e4t 100% nat\u00fcrlicher Rosenquarz f\u00fcr Gesicht, Augen, Hals zur\u2026","og_url":"https:\/\/marktxxl.de\/markt\/produkt\/jade-roller-gua-sha-set-gesichtsroller-massagegeraet-100-natuerlicher-rosenquarz-fuer-gesicht-augen-hals-zur-hautpflege-schoenheit-und-entspannung-der-koerpermuskulatur-mit-intelligenter-app\/","og_site_name":"Markt-XXL","article_modified_time":"2023-04-02T22:59:18+00:00","og_image":[{"width":500,"height":500,"url":"https:\/\/m.media-amazon.com\/images\/I\/41h47IRjzkL._SL500_.jpg","type":"image\/jpeg"}],"twitter_card":"summary_large_image","twitter_misc":{"Gesch\u00e4tzte Lesezeit":"2\u00a0Minuten"},"schema":{"@context":"https:\/\/schema.org","@graph":[{"@type":"WebPage","@id":"https:\/\/marktxxl.de\/markt\/produkt\/jade-roller-gua-sha-set-gesichtsroller-massagegeraet-100-natuerlicher-rosenquarz-fuer-gesicht-augen-hals-zur-hautpflege-schoenheit-und-entspannung-der-koerpermuskulatur-mit-intelligenter-app\/","url":"https:\/\/marktxxl.de\/markt\/produkt\/jade-roller-gua-sha-set-gesichtsroller-massagegeraet-100-natuerlicher-rosenquarz-fuer-gesicht-augen-hals-zur-hautpflege-schoenheit-und-entspannung-der-koerpermuskulatur-mit-intelligenter-app\/","name":"Jade Roller &amp; Gua Sha Set, Gesichtsroller Massageger\u00e4t 100% nat\u00fcrlicher Rosenquarz f\u00fcr Gesicht, Augen, Hals zur\u2026 - Markt-XXL","isPartOf":{"@id":"https:\/\/marktxxl.de\/markt\/#website"},"primaryImageOfPage":{"@id":"https:\/\/marktxxl.de\/markt\/produkt\/jade-roller-gua-sha-set-gesichtsroller-massagegeraet-100-natuerlicher-rosenquarz-fuer-gesicht-augen-hals-zur-hautpflege-schoenheit-und-entspannung-der-koerpermuskulatur-mit-intelligenter-app\/#primaryimage"},"image":{"@id":"https:\/\/marktxxl.de\/markt\/produkt\/jade-roller-gua-sha-set-gesichtsroller-massagegeraet-100-natuerlicher-rosenquarz-fuer-gesicht-augen-hals-zur-hautpflege-schoenheit-und-entspannung-der-koerpermuskulatur-mit-intelligenter-app\/#primaryimage"},"thumbnailUrl":"https:\/\/m.media-amazon.com\/images\/I\/41h47IRjzkL._SL500_.jpg","datePublished":"2021-10-26T15:39:17+00:00","dateModified":"2023-04-02T22:59:18+00:00","description":"Markt-XXL Jade Roller &amp; Gua Sha Set, Gesichtsroller Massageger\u00e4t 100% nat\u00fcrlicher Rosenquarz f\u00fcr Gesicht, Augen, Hals zur\u2026","breadcrumb":{"@id":"https:\/\/marktxxl.de\/markt\/produkt\/jade-roller-gua-sha-set-gesichtsroller-massagegeraet-100-natuerlicher-rosenquarz-fuer-gesicht-augen-hals-zur-hautpflege-schoenheit-und-entspannung-der-koerpermuskulatur-mit-intelligenter-app\/#breadcrumb"},"inLanguage":"de","potentialAction":[{"@type":"ReadAction","target":["https:\/\/marktxxl.de\/markt\/produkt\/jade-roller-gua-sha-set-gesichtsroller-massagegeraet-100-natuerlicher-rosenquarz-fuer-gesicht-augen-hals-zur-hautpflege-schoenheit-und-entspannung-der-koerpermuskulatur-mit-intelligenter-app\/"]}]},{"@type":"ImageObject","inLanguage":"de","@id":"https:\/\/marktxxl.de\/markt\/produkt\/jade-roller-gua-sha-set-gesichtsroller-massagegeraet-100-natuerlicher-rosenquarz-fuer-gesicht-augen-hals-zur-hautpflege-schoenheit-und-entspannung-der-koerpermuskulatur-mit-intelligenter-app\/#primaryimage","url":"https:\/\/m.media-amazon.com\/images\/I\/41h47IRjzkL._SL500_.jpg","contentUrl":"https:\/\/m.media-amazon.com\/images\/I\/41h47IRjzkL._SL500_.jpg","width":500,"height":500},{"@type":"BreadcrumbList","@id":"https:\/\/marktxxl.de\/markt\/produkt\/jade-roller-gua-sha-set-gesichtsroller-massagegeraet-100-natuerlicher-rosenquarz-fuer-gesicht-augen-hals-zur-hautpflege-schoenheit-und-entspannung-der-koerpermuskulatur-mit-intelligenter-app\/#breadcrumb","itemListElement":[{"@type":"ListItem","position":1,"name":"Startseite","item":"https:\/\/marktxxl.de\/markt\/"},{"@type":"ListItem","position":2,"name":"Markt","item":"https:\/\/marktxxl.de\/markt\/"},{"@type":"ListItem","position":3,"name":"Jade Roller &amp; Gua Sha Set, Gesichtsroller Massageger\u00e4t 100% nat\u00fcrlicher Rosenquarz f\u00fcr Gesicht, Augen, Hals zur\u2026"}]},{"@type":"WebSite","@id":"https:\/\/marktxxl.de\/markt\/#website","url":"https:\/\/marktxxl.de\/markt\/","name":"Markt-XXL","description":"Ihr Markt Online","publisher":{"@id":"https:\/\/marktxxl.de\/markt\/#organization"},"potentialAction":[{"@type":"SearchAction","target":{"@type":"EntryPoint","urlTemplate":"https:\/\/marktxxl.de\/markt\/?s={search_term_string}"},"query-input":{"@type":"PropertyValueSpecification","valueRequired":true,"valueName":"search_term_string"}}],"inLanguage":"de"},{"@type":"Organization","@id":"https:\/\/marktxxl.de\/markt\/#organization","name":"Markt-XXL","url":"https:\/\/marktxxl.de\/markt\/","logo":{"@type":"ImageObject","inLanguage":"de","@id":"https:\/\/marktxxl.de\/markt\/#\/schema\/logo\/image\/","url":"https:\/\/marktxxl.de\/markt\/wp-content\/uploads\/sites\/3\/2020\/12\/logo.png","contentUrl":"https:\/\/marktxxl.de\/markt\/wp-content\/uploads\/sites\/3\/2020\/12\/logo.png","width":200,"height":70,"caption":"Markt-XXL"},"image":{"@id":"https:\/\/marktxxl.de\/markt\/#\/schema\/logo\/image\/"}}]}},"_links":{"self":[{"href":"https:\/\/marktxxl.de\/markt\/wp-json\/wp\/v2\/product\/61254","targetHints":{"allow":["GET"]}}],"collection":[{"href":"https:\/\/marktxxl.de\/markt\/wp-json\/wp\/v2\/product"}],"about":[{"href":"https:\/\/marktxxl.de\/markt\/wp-json\/wp\/v2\/types\/product"}],"replies":[{"embeddable":true,"href":"https:\/\/marktxxl.de\/markt\/wp-json\/wp\/v2\/comments?post=61254"}],"wp:featuredmedia":[{"embeddable":true,"href":"https:\/\/marktxxl.de\/markt\/wp-json\/wp\/v2\/media\/61255"}],"wp:attachment":[{"href":"https:\/\/marktxxl.de\/markt\/wp-json\/wp\/v2\/media?parent=61254"}],"wp:term":[{"taxonomy":"product_brand","embeddable":true,"href":"https:\/\/marktxxl.de\/markt\/wp-json\/wp\/v2\/product_brand?post=61254"},{"taxonomy":"product_cat","embeddable":true,"href":"https:\/\/marktxxl.de\/markt\/wp-json\/wp\/v2\/product_cat?post=61254"},{"taxonomy":"product_tag","embeddable":true,"href":"https:\/\/marktxxl.de\/markt\/wp-json\/wp\/v2\/product_tag?post=61254"}],"curies":[{"name":"wp","href":"https:\/\/api.w.org\/{rel}","templated":true}]}}