{"id":61239,"date":"2021-10-26T17:39:11","date_gmt":"2021-10-26T15:39:11","guid":{"rendered":"https:\/\/marktxxl.de\/markt\/produkt\/therabeat-mini-massagepistole-das-massagegeraet-fuer-unterwegs-aluminiumgehaeuse-4-abgestimmte-intensitaetsstufen-4-massageaufaetze-massagegun-massage-pistole\/"},"modified":"2023-04-03T00:59:18","modified_gmt":"2023-04-02T22:59:18","slug":"therabeat-mini-massagepistole-das-massagegeraet-fuer-unterwegs-aluminiumgehaeuse-4-abgestimmte-intensitaetsstufen-4-massageaufaetze-massagegun-massage-pistole","status":"publish","type":"product","link":"https:\/\/marktxxl.de\/markt\/produkt\/therabeat-mini-massagepistole-das-massagegeraet-fuer-unterwegs-aluminiumgehaeuse-4-abgestimmte-intensitaetsstufen-4-massageaufaetze-massagegun-massage-pistole\/","title":{"rendered":"Therabeat Mini Massagepistole, Massageger\u00e4t f\u00fcr Nacken &amp; Schulter, Massage-Ger\u00e4t mit Aluminiumgeh\u00e4use, Fitgun f\u00fcr\u2026"},"content":{"rendered":"<p>[EXTREM KOMPAKT UND LEICHT] \u2013 Die THERABEAT mini wurde f\u00fcr Unterwegs und Frauen entwickelt. Im Vergleich zu normalen Massagepistolen ist Sie ca. halb so gro\u00df und halb so schwer. Trotzdem ist Sie, dank Ihres 2000mAh Lithium-Ionen Akku f\u00e4hig bis zu 7 Stunden zu massieren.<br \/>\n[HOCHWERTIGES ALUMINIUMGEH\u00c4USE] \u2013 Das aus hochwertigem Aluminium gefertigte Geh\u00e4use der Massagepistole wird durch einen ergonomischen Griff erg\u00e4nzt. Die erstklassige Verarbeitung macht die THERABEAT mini zu Ihrem robusten Massagebegleiter, den Sie dank des geringen Gewichts und des inkludierten Transportkoffers \u00fcberall mit hin nehmen k\u00f6nnen!<br \/>\n[4 MASSAGEAUFS\u00c4TZE] \u2013 Ihr K\u00f6rper stellt verschiedenste Anforderungen ihn richtig zu massieren, deshalb haben wir passend zur THERABEAT mini 4 Massageaufs\u00e4tze entwickelt die den Bed\u00fcrfnissen Ihres K\u00f6rpers Sorge tragen.<br \/>\n[LEISE UND LEISTUNGSSTARK] \u2013 Die THERABEAT mini ist mit einem f\u00fcr seine Gr\u00f6\u00dfe extrem starken 50W Motor ausgestattet, der eine tiefgehende Massage erm\u00f6glicht. Um die Massage so ger\u00e4uschlos und leise wie m\u00f6glich zu gestalten ist die THERABEAT mini zudem mit der einzigartigen Flowglide Technologie ausgestattet.<br \/>\n[ZUFRIEDENHEITSVERSPRECHEN] \u2013 Die THERABEAT mini wurde entsprechend der deutschen Sicherheitsnormen entwickelt und gepr\u00fcft. Wir sind ein deutsches Unternehmen f\u00fcr das die Kundenzufriedenheit an erster Stelle steht. Au\u00dferdem geben wir auf die THERABEAT mini ein Jahr lang GARANTIE. Worauf warten Sie noch? Klicken Sie jetzt oben rechts auf den Einkaufswagen und genie\u00dfen Sie dank PRIME-Versand schnellstm\u00f6glich das Massageerlebnis mit Ihrer neuen THERABEAT mini!<br \/>\n<div class=\"main-cross-sell\" data-asin=\"B091QCF9S4\">\n\n\t<div class=\"WooZone-cross-sell-loader\">\n\t\t<div>\n\t\t\t<div id=\"floatingBarsG\">\n\t\t\t\t<div class=\"blockG\" id=\"rotateG_01\"><\/div>\n\t\t\t\t<div class=\"blockG\" id=\"rotateG_02\"><\/div>\n\t\t\t\t<div class=\"blockG\" id=\"rotateG_03\"><\/div>\n\t\t\t\t<div class=\"blockG\" id=\"rotateG_04\"><\/div>\n\t\t\t\t<div class=\"blockG\" id=\"rotateG_05\"><\/div>\n\t\t\t\t<div class=\"blockG\" id=\"rotateG_06\"><\/div>\n\t\t\t\t<div class=\"blockG\" id=\"rotateG_07\"><\/div>\n\t\t\t\t<div class=\"blockG\" id=\"rotateG_08\"><\/div>\n\t\t\t<\/div>\n\t\t\t<div class=\"WooZone-cross-sell-loader-text\"><\/div>\n\t\t<\/div>\n\t<\/div>\n\n\t\t\n<\/div>\n<div style=\"clear:both;\"><\/div><\/p>\n","protected":false},"excerpt":{"rendered":"<p>[EXTREM KOMPAKT UND LEICHT] \u2013 Die THERABEAT mini wurde f\u00fcr Unterwegs und Frauen entwickelt. Im Vergleich zu normalen Massagepistolen ist Sie ca. halb so gro\u00df und halb so schwer. Trotzdem ist Sie, dank Ihres 2000mAh Lithium-Ionen Akku f\u00e4hig bis zu 7 Stunden zu massieren.<br \/>\n[HOCHWERTIGES ALUMINIUMGEH\u00c4USE] \u2013 Das aus hochwertigem Aluminium gefertigte Geh\u00e4use der Massagepistole wird durch einen ergonomischen Griff erg\u00e4nzt. Die erstklassige Verarbeitung macht die THERABEAT mini zu Ihrem robusten Massagebegleiter, den Sie dank des geringen Gewichts und des inkludierten Transportkoffers \u00fcberall mit hin nehmen k\u00f6nnen!<br \/>\n[4 MASSAGEAUFS\u00c4TZE] \u2013 Ihr K\u00f6rper stellt verschiedenste Anforderungen ihn richtig zu massieren, deshalb haben wir passend zur THERABEAT mini 4 Massageaufs\u00e4tze entwickelt die den Bed\u00fcrfnissen Ihres K\u00f6rpers Sorge tragen.<\/p>\n","protected":false},"featured_media":61240,"comment_status":"open","ping_status":"closed","template":"","meta":[],"product_brand":[],"product_cat":[566,6496],"product_tag":[],"class_list":{"0":"post-61239","1":"product","2":"type-product","3":"status-publish","4":"has-post-thumbnail","6":"product_cat-drogerie-koerperpflege","7":"product_cat-wellness","8":"pa_brand-therabeat","9":"pa_manufacturer-therabeat","11":"first","12":"instock","13":"shipping-taxable","14":"purchasable","15":"product-type-simple","16":"customify-col","17":"product-has-gallery"},"yoast_head":"<!-- This site is optimized with the Yoast SEO plugin v27.4 - https:\/\/yoast.com\/product\/yoast-seo-wordpress\/ -->\n<title>Therabeat Mini Massagepistole, Massageger\u00e4t f\u00fcr Nacken &amp; Schulter, Massage-Ger\u00e4t mit Aluminiumgeh\u00e4use, Fitgun f\u00fcr\u2026 - Markt-XXL<\/title>\n<meta name=\"description\" content=\"Markt-XXL Therabeat Mini Massagepistole, Massageger\u00e4t f\u00fcr Nacken &amp; Schulter, Massage-Ger\u00e4t mit Aluminiumgeh\u00e4use, Fitgun f\u00fcr\u2026\" \/>\n<meta name=\"robots\" content=\"index, follow, max-snippet:-1, max-image-preview:large, max-video-preview:-1\" \/>\n<link rel=\"canonical\" href=\"https:\/\/marktxxl.de\/markt\/produkt\/therabeat-mini-massagepistole-das-massagegeraet-fuer-unterwegs-aluminiumgehaeuse-4-abgestimmte-intensitaetsstufen-4-massageaufaetze-massagegun-massage-pistole\/\" \/>\n<meta property=\"og:locale\" content=\"de_DE\" \/>\n<meta property=\"og:type\" content=\"article\" \/>\n<meta property=\"og:title\" content=\"Therabeat Mini Massagepistole, Massageger\u00e4t f\u00fcr Nacken &amp; Schulter, Massage-Ger\u00e4t mit Aluminiumgeh\u00e4use, Fitgun f\u00fcr\u2026 - Markt-XXL\" \/>\n<meta property=\"og:description\" content=\"Markt-XXL Therabeat Mini Massagepistole, Massageger\u00e4t f\u00fcr Nacken &amp; Schulter, Massage-Ger\u00e4t mit Aluminiumgeh\u00e4use, Fitgun f\u00fcr\u2026\" \/>\n<meta property=\"og:url\" content=\"https:\/\/marktxxl.de\/markt\/produkt\/therabeat-mini-massagepistole-das-massagegeraet-fuer-unterwegs-aluminiumgehaeuse-4-abgestimmte-intensitaetsstufen-4-massageaufaetze-massagegun-massage-pistole\/\" \/>\n<meta property=\"og:site_name\" content=\"Markt-XXL\" \/>\n<meta property=\"article:modified_time\" content=\"2023-04-02T22:59:18+00:00\" \/>\n<meta property=\"og:image\" content=\"https:\/\/m.media-amazon.com\/images\/I\/41lvym9ew+L._SL500_.jpg\" \/>\n\t<meta property=\"og:image:width\" content=\"417\" \/>\n\t<meta property=\"og:image:height\" content=\"500\" \/>\n\t<meta property=\"og:image:type\" content=\"image\/jpeg\" \/>\n<meta name=\"twitter:card\" content=\"summary_large_image\" \/>\n<meta name=\"twitter:label1\" content=\"Gesch\u00e4tzte Lesezeit\" \/>\n\t<meta name=\"twitter:data1\" content=\"1\u00a0Minute\" \/>\n<script type=\"application\/ld+json\" class=\"yoast-schema-graph\">{\"@context\":\"https:\\\/\\\/schema.org\",\"@graph\":[{\"@type\":\"WebPage\",\"@id\":\"https:\\\/\\\/marktxxl.de\\\/markt\\\/produkt\\\/therabeat-mini-massagepistole-das-massagegeraet-fuer-unterwegs-aluminiumgehaeuse-4-abgestimmte-intensitaetsstufen-4-massageaufaetze-massagegun-massage-pistole\\\/\",\"url\":\"https:\\\/\\\/marktxxl.de\\\/markt\\\/produkt\\\/therabeat-mini-massagepistole-das-massagegeraet-fuer-unterwegs-aluminiumgehaeuse-4-abgestimmte-intensitaetsstufen-4-massageaufaetze-massagegun-massage-pistole\\\/\",\"name\":\"Therabeat Mini Massagepistole, Massageger\u00e4t f\u00fcr Nacken &amp; Schulter, Massage-Ger\u00e4t mit Aluminiumgeh\u00e4use, Fitgun f\u00fcr\u2026 - Markt-XXL\",\"isPartOf\":{\"@id\":\"https:\\\/\\\/marktxxl.de\\\/markt\\\/#website\"},\"primaryImageOfPage\":{\"@id\":\"https:\\\/\\\/marktxxl.de\\\/markt\\\/produkt\\\/therabeat-mini-massagepistole-das-massagegeraet-fuer-unterwegs-aluminiumgehaeuse-4-abgestimmte-intensitaetsstufen-4-massageaufaetze-massagegun-massage-pistole\\\/#primaryimage\"},\"image\":{\"@id\":\"https:\\\/\\\/marktxxl.de\\\/markt\\\/produkt\\\/therabeat-mini-massagepistole-das-massagegeraet-fuer-unterwegs-aluminiumgehaeuse-4-abgestimmte-intensitaetsstufen-4-massageaufaetze-massagegun-massage-pistole\\\/#primaryimage\"},\"thumbnailUrl\":\"https:\\\/\\\/m.media-amazon.com\\\/images\\\/I\\\/41lvym9ew+L._SL500_.jpg\",\"datePublished\":\"2021-10-26T15:39:11+00:00\",\"dateModified\":\"2023-04-02T22:59:18+00:00\",\"description\":\"Markt-XXL Therabeat Mini Massagepistole, Massageger\u00e4t f\u00fcr Nacken &amp; Schulter, Massage-Ger\u00e4t mit Aluminiumgeh\u00e4use, Fitgun f\u00fcr\u2026\",\"breadcrumb\":{\"@id\":\"https:\\\/\\\/marktxxl.de\\\/markt\\\/produkt\\\/therabeat-mini-massagepistole-das-massagegeraet-fuer-unterwegs-aluminiumgehaeuse-4-abgestimmte-intensitaetsstufen-4-massageaufaetze-massagegun-massage-pistole\\\/#breadcrumb\"},\"inLanguage\":\"de\",\"potentialAction\":[{\"@type\":\"ReadAction\",\"target\":[\"https:\\\/\\\/marktxxl.de\\\/markt\\\/produkt\\\/therabeat-mini-massagepistole-das-massagegeraet-fuer-unterwegs-aluminiumgehaeuse-4-abgestimmte-intensitaetsstufen-4-massageaufaetze-massagegun-massage-pistole\\\/\"]}]},{\"@type\":\"ImageObject\",\"inLanguage\":\"de\",\"@id\":\"https:\\\/\\\/marktxxl.de\\\/markt\\\/produkt\\\/therabeat-mini-massagepistole-das-massagegeraet-fuer-unterwegs-aluminiumgehaeuse-4-abgestimmte-intensitaetsstufen-4-massageaufaetze-massagegun-massage-pistole\\\/#primaryimage\",\"url\":\"https:\\\/\\\/m.media-amazon.com\\\/images\\\/I\\\/41lvym9ew+L._SL500_.jpg\",\"contentUrl\":\"https:\\\/\\\/m.media-amazon.com\\\/images\\\/I\\\/41lvym9ew+L._SL500_.jpg\",\"width\":417,\"height\":500},{\"@type\":\"BreadcrumbList\",\"@id\":\"https:\\\/\\\/marktxxl.de\\\/markt\\\/produkt\\\/therabeat-mini-massagepistole-das-massagegeraet-fuer-unterwegs-aluminiumgehaeuse-4-abgestimmte-intensitaetsstufen-4-massageaufaetze-massagegun-massage-pistole\\\/#breadcrumb\",\"itemListElement\":[{\"@type\":\"ListItem\",\"position\":1,\"name\":\"Startseite\",\"item\":\"https:\\\/\\\/marktxxl.de\\\/markt\\\/\"},{\"@type\":\"ListItem\",\"position\":2,\"name\":\"Markt\",\"item\":\"https:\\\/\\\/marktxxl.de\\\/markt\\\/\"},{\"@type\":\"ListItem\",\"position\":3,\"name\":\"Therabeat Mini Massagepistole, Massageger\u00e4t f\u00fcr Nacken &amp; Schulter, Massage-Ger\u00e4t mit Aluminiumgeh\u00e4use, Fitgun f\u00fcr\u2026\"}]},{\"@type\":\"WebSite\",\"@id\":\"https:\\\/\\\/marktxxl.de\\\/markt\\\/#website\",\"url\":\"https:\\\/\\\/marktxxl.de\\\/markt\\\/\",\"name\":\"Markt-XXL\",\"description\":\"Ihr Markt Online\",\"publisher\":{\"@id\":\"https:\\\/\\\/marktxxl.de\\\/markt\\\/#organization\"},\"potentialAction\":[{\"@type\":\"SearchAction\",\"target\":{\"@type\":\"EntryPoint\",\"urlTemplate\":\"https:\\\/\\\/marktxxl.de\\\/markt\\\/?s={search_term_string}\"},\"query-input\":{\"@type\":\"PropertyValueSpecification\",\"valueRequired\":true,\"valueName\":\"search_term_string\"}}],\"inLanguage\":\"de\"},{\"@type\":\"Organization\",\"@id\":\"https:\\\/\\\/marktxxl.de\\\/markt\\\/#organization\",\"name\":\"Markt-XXL\",\"url\":\"https:\\\/\\\/marktxxl.de\\\/markt\\\/\",\"logo\":{\"@type\":\"ImageObject\",\"inLanguage\":\"de\",\"@id\":\"https:\\\/\\\/marktxxl.de\\\/markt\\\/#\\\/schema\\\/logo\\\/image\\\/\",\"url\":\"https:\\\/\\\/marktxxl.de\\\/markt\\\/wp-content\\\/uploads\\\/sites\\\/3\\\/2020\\\/12\\\/logo.png\",\"contentUrl\":\"https:\\\/\\\/marktxxl.de\\\/markt\\\/wp-content\\\/uploads\\\/sites\\\/3\\\/2020\\\/12\\\/logo.png\",\"width\":200,\"height\":70,\"caption\":\"Markt-XXL\"},\"image\":{\"@id\":\"https:\\\/\\\/marktxxl.de\\\/markt\\\/#\\\/schema\\\/logo\\\/image\\\/\"}}]}<\/script>\n<!-- \/ Yoast SEO plugin. -->","yoast_head_json":{"title":"Therabeat Mini Massagepistole, Massageger\u00e4t f\u00fcr Nacken &amp; Schulter, Massage-Ger\u00e4t mit Aluminiumgeh\u00e4use, Fitgun f\u00fcr\u2026 - Markt-XXL","description":"Markt-XXL Therabeat Mini Massagepistole, Massageger\u00e4t f\u00fcr Nacken &amp; Schulter, Massage-Ger\u00e4t mit Aluminiumgeh\u00e4use, Fitgun f\u00fcr\u2026","robots":{"index":"index","follow":"follow","max-snippet":"max-snippet:-1","max-image-preview":"max-image-preview:large","max-video-preview":"max-video-preview:-1"},"canonical":"https:\/\/marktxxl.de\/markt\/produkt\/therabeat-mini-massagepistole-das-massagegeraet-fuer-unterwegs-aluminiumgehaeuse-4-abgestimmte-intensitaetsstufen-4-massageaufaetze-massagegun-massage-pistole\/","og_locale":"de_DE","og_type":"article","og_title":"Therabeat Mini Massagepistole, Massageger\u00e4t f\u00fcr Nacken &amp; Schulter, Massage-Ger\u00e4t mit Aluminiumgeh\u00e4use, Fitgun f\u00fcr\u2026 - Markt-XXL","og_description":"Markt-XXL Therabeat Mini Massagepistole, Massageger\u00e4t f\u00fcr Nacken &amp; Schulter, Massage-Ger\u00e4t mit Aluminiumgeh\u00e4use, Fitgun f\u00fcr\u2026","og_url":"https:\/\/marktxxl.de\/markt\/produkt\/therabeat-mini-massagepistole-das-massagegeraet-fuer-unterwegs-aluminiumgehaeuse-4-abgestimmte-intensitaetsstufen-4-massageaufaetze-massagegun-massage-pistole\/","og_site_name":"Markt-XXL","article_modified_time":"2023-04-02T22:59:18+00:00","og_image":[{"width":417,"height":500,"url":"https:\/\/m.media-amazon.com\/images\/I\/41lvym9ew+L._SL500_.jpg","type":"image\/jpeg"}],"twitter_card":"summary_large_image","twitter_misc":{"Gesch\u00e4tzte Lesezeit":"1\u00a0Minute"},"schema":{"@context":"https:\/\/schema.org","@graph":[{"@type":"WebPage","@id":"https:\/\/marktxxl.de\/markt\/produkt\/therabeat-mini-massagepistole-das-massagegeraet-fuer-unterwegs-aluminiumgehaeuse-4-abgestimmte-intensitaetsstufen-4-massageaufaetze-massagegun-massage-pistole\/","url":"https:\/\/marktxxl.de\/markt\/produkt\/therabeat-mini-massagepistole-das-massagegeraet-fuer-unterwegs-aluminiumgehaeuse-4-abgestimmte-intensitaetsstufen-4-massageaufaetze-massagegun-massage-pistole\/","name":"Therabeat Mini Massagepistole, Massageger\u00e4t f\u00fcr Nacken &amp; Schulter, Massage-Ger\u00e4t mit Aluminiumgeh\u00e4use, Fitgun f\u00fcr\u2026 - Markt-XXL","isPartOf":{"@id":"https:\/\/marktxxl.de\/markt\/#website"},"primaryImageOfPage":{"@id":"https:\/\/marktxxl.de\/markt\/produkt\/therabeat-mini-massagepistole-das-massagegeraet-fuer-unterwegs-aluminiumgehaeuse-4-abgestimmte-intensitaetsstufen-4-massageaufaetze-massagegun-massage-pistole\/#primaryimage"},"image":{"@id":"https:\/\/marktxxl.de\/markt\/produkt\/therabeat-mini-massagepistole-das-massagegeraet-fuer-unterwegs-aluminiumgehaeuse-4-abgestimmte-intensitaetsstufen-4-massageaufaetze-massagegun-massage-pistole\/#primaryimage"},"thumbnailUrl":"https:\/\/m.media-amazon.com\/images\/I\/41lvym9ew+L._SL500_.jpg","datePublished":"2021-10-26T15:39:11+00:00","dateModified":"2023-04-02T22:59:18+00:00","description":"Markt-XXL Therabeat Mini Massagepistole, Massageger\u00e4t f\u00fcr Nacken &amp; Schulter, Massage-Ger\u00e4t mit Aluminiumgeh\u00e4use, Fitgun f\u00fcr\u2026","breadcrumb":{"@id":"https:\/\/marktxxl.de\/markt\/produkt\/therabeat-mini-massagepistole-das-massagegeraet-fuer-unterwegs-aluminiumgehaeuse-4-abgestimmte-intensitaetsstufen-4-massageaufaetze-massagegun-massage-pistole\/#breadcrumb"},"inLanguage":"de","potentialAction":[{"@type":"ReadAction","target":["https:\/\/marktxxl.de\/markt\/produkt\/therabeat-mini-massagepistole-das-massagegeraet-fuer-unterwegs-aluminiumgehaeuse-4-abgestimmte-intensitaetsstufen-4-massageaufaetze-massagegun-massage-pistole\/"]}]},{"@type":"ImageObject","inLanguage":"de","@id":"https:\/\/marktxxl.de\/markt\/produkt\/therabeat-mini-massagepistole-das-massagegeraet-fuer-unterwegs-aluminiumgehaeuse-4-abgestimmte-intensitaetsstufen-4-massageaufaetze-massagegun-massage-pistole\/#primaryimage","url":"https:\/\/m.media-amazon.com\/images\/I\/41lvym9ew+L._SL500_.jpg","contentUrl":"https:\/\/m.media-amazon.com\/images\/I\/41lvym9ew+L._SL500_.jpg","width":417,"height":500},{"@type":"BreadcrumbList","@id":"https:\/\/marktxxl.de\/markt\/produkt\/therabeat-mini-massagepistole-das-massagegeraet-fuer-unterwegs-aluminiumgehaeuse-4-abgestimmte-intensitaetsstufen-4-massageaufaetze-massagegun-massage-pistole\/#breadcrumb","itemListElement":[{"@type":"ListItem","position":1,"name":"Startseite","item":"https:\/\/marktxxl.de\/markt\/"},{"@type":"ListItem","position":2,"name":"Markt","item":"https:\/\/marktxxl.de\/markt\/"},{"@type":"ListItem","position":3,"name":"Therabeat Mini Massagepistole, Massageger\u00e4t f\u00fcr Nacken &amp; Schulter, Massage-Ger\u00e4t mit Aluminiumgeh\u00e4use, Fitgun f\u00fcr\u2026"}]},{"@type":"WebSite","@id":"https:\/\/marktxxl.de\/markt\/#website","url":"https:\/\/marktxxl.de\/markt\/","name":"Markt-XXL","description":"Ihr Markt Online","publisher":{"@id":"https:\/\/marktxxl.de\/markt\/#organization"},"potentialAction":[{"@type":"SearchAction","target":{"@type":"EntryPoint","urlTemplate":"https:\/\/marktxxl.de\/markt\/?s={search_term_string}"},"query-input":{"@type":"PropertyValueSpecification","valueRequired":true,"valueName":"search_term_string"}}],"inLanguage":"de"},{"@type":"Organization","@id":"https:\/\/marktxxl.de\/markt\/#organization","name":"Markt-XXL","url":"https:\/\/marktxxl.de\/markt\/","logo":{"@type":"ImageObject","inLanguage":"de","@id":"https:\/\/marktxxl.de\/markt\/#\/schema\/logo\/image\/","url":"https:\/\/marktxxl.de\/markt\/wp-content\/uploads\/sites\/3\/2020\/12\/logo.png","contentUrl":"https:\/\/marktxxl.de\/markt\/wp-content\/uploads\/sites\/3\/2020\/12\/logo.png","width":200,"height":70,"caption":"Markt-XXL"},"image":{"@id":"https:\/\/marktxxl.de\/markt\/#\/schema\/logo\/image\/"}}]}},"_links":{"self":[{"href":"https:\/\/marktxxl.de\/markt\/wp-json\/wp\/v2\/product\/61239","targetHints":{"allow":["GET"]}}],"collection":[{"href":"https:\/\/marktxxl.de\/markt\/wp-json\/wp\/v2\/product"}],"about":[{"href":"https:\/\/marktxxl.de\/markt\/wp-json\/wp\/v2\/types\/product"}],"replies":[{"embeddable":true,"href":"https:\/\/marktxxl.de\/markt\/wp-json\/wp\/v2\/comments?post=61239"}],"wp:featuredmedia":[{"embeddable":true,"href":"https:\/\/marktxxl.de\/markt\/wp-json\/wp\/v2\/media\/61240"}],"wp:attachment":[{"href":"https:\/\/marktxxl.de\/markt\/wp-json\/wp\/v2\/media?parent=61239"}],"wp:term":[{"taxonomy":"product_brand","embeddable":true,"href":"https:\/\/marktxxl.de\/markt\/wp-json\/wp\/v2\/product_brand?post=61239"},{"taxonomy":"product_cat","embeddable":true,"href":"https:\/\/marktxxl.de\/markt\/wp-json\/wp\/v2\/product_cat?post=61239"},{"taxonomy":"product_tag","embeddable":true,"href":"https:\/\/marktxxl.de\/markt\/wp-json\/wp\/v2\/product_tag?post=61239"}],"curies":[{"name":"wp","href":"https:\/\/api.w.org\/{rel}","templated":true}]}}