{"id":61207,"date":"2021-10-26T17:34:41","date_gmt":"2021-10-26T15:34:41","guid":{"rendered":"https:\/\/marktxxl.de\/markt\/produkt\/piroir-waermflasche-mit-bezug-1-8l-weiche-flaum-waermeflasche-2-flauschig-soft-washable-velvet-baumwollebequem-sicherheit-waermehaltung-gute-leistung-geeignet-fuer-kinder-babys-erwachsene-gra\/"},"modified":"2023-04-03T00:59:17","modified_gmt":"2023-04-02T22:59:17","slug":"piroir-waermflasche-mit-bezug-1-8l-weiche-flaum-waermeflasche-2-flauschig-soft-washable-velvet-baumwollebequem-sicherheit-waermehaltung-gute-leistung-geeignet-fuer-kinder-babys-erwachsene-gra","status":"publish","type":"product","link":"https:\/\/marktxxl.de\/markt\/produkt\/piroir-waermflasche-mit-bezug-1-8l-weiche-flaum-waermeflasche-2-flauschig-soft-washable-velvet-baumwollebequem-sicherheit-waermehaltung-gute-leistung-geeignet-fuer-kinder-babys-erwachsene-gra\/","title":{"rendered":"Piroir W\u00e4rmflasche mit Bezug, 1.8L weiche Flaum W\u00e4rmeflasche, 2 Flauschig Soft Washable Velvet Baumwolle,Bequem\u2026"},"content":{"rendered":"<p>Weiche Abdeckung Design: Diese W\u00e4rmflasche wird mit 2 St\u00fcke Kunstpelzbezug, der den Hautkontakt sicherer und bequemer macht und verhindert, dass die Gummi-W\u00e4rmflasche in direkten Kontakt mit Ihrer Haut kommt und Verbrennungen verursacht, au\u00dferdem sieht sie aus edler und pers\u00f6nlicher.<br \/>\nGro\u00dfes Fassungsverm\u00f6gen: Die W\u00e4rmflaschen mit den Ma\u00dfen 32x20cm hat ein Fassungsverm\u00f6gen von 1.8 Litern. Dies bedeutet, dass die W\u00e4rmflasche im Gegensatz zu kleinen Mini-W\u00e4rmflaschen sehr lange W\u00e4rme abgeben kann. Der w\u00e4rmeflaschen mit bezug flauschig baumwolle verhindert nicht nur den direkten Kontakt mit Haut und Flasche, um Verbrennungen zu vermeiden, sondern h\u00e4lt auch die W\u00e4rme l\u00e4nger.<br \/>\nHervorragende W\u00e4rmespeicherkapazit\u00e4t: Unsere W\u00e4rmflasche hat eine gute Luftdichtheit und eine gute W\u00e4rmespeicherkapazit\u00e4t, wodurch die Thermoskanne l\u00e4nger als 8 Stunden warm gehalten werden kann. Eine starke W\u00e4rmespeicherkapazit\u00e4t kann uns kontinuierliche W\u00e4rme bringen.<br \/>\nH\u00e4lt Warm &amp; Schmerzlinderung: Hyperthermie ist aufgrund ihrer bemerkenswerten Wirkung weit verbreitet. Kann K\u00f6rperschmerzen effektiv lindern, die Durchblutung beschleunigen, M\u00fcdigkeit und Schmerzen lindern. Wirksame Behandlung von Muskelkater, Menstruationsbeschwerden, medizinische Zwecke, w\u00e4hrend der Schwangerschaft oder als Fu\u00dfw\u00e4rmer.<br \/>\nWesentliche Warmwerkzeuge im Winter: Hochwertige klassische Gummi-W\u00e4rmflasche f\u00fcr das Bett bietet bequeme Stoffe, Es ist ein unverzichtbares winterwarmes Werkzeug f\u00fcr Sie und Ihre Familie. Hochwertige Materialien und elegantes Design sind auch als Geschenk die beste Wahl.<br \/>\n<div class=\"main-cross-sell\" data-asin=\"B09BCPS8Q7\">\n\n\t<div class=\"WooZone-cross-sell-loader\">\n\t\t<div>\n\t\t\t<div id=\"floatingBarsG\">\n\t\t\t\t<div class=\"blockG\" id=\"rotateG_01\"><\/div>\n\t\t\t\t<div class=\"blockG\" id=\"rotateG_02\"><\/div>\n\t\t\t\t<div class=\"blockG\" id=\"rotateG_03\"><\/div>\n\t\t\t\t<div class=\"blockG\" id=\"rotateG_04\"><\/div>\n\t\t\t\t<div class=\"blockG\" id=\"rotateG_05\"><\/div>\n\t\t\t\t<div class=\"blockG\" id=\"rotateG_06\"><\/div>\n\t\t\t\t<div class=\"blockG\" id=\"rotateG_07\"><\/div>\n\t\t\t\t<div class=\"blockG\" id=\"rotateG_08\"><\/div>\n\t\t\t<\/div>\n\t\t\t<div class=\"WooZone-cross-sell-loader-text\"><\/div>\n\t\t<\/div>\n\t<\/div>\n\n\t\t\n<\/div>\n<div style=\"clear:both;\"><\/div><\/p>\n","protected":false},"excerpt":{"rendered":"<p>Weiche Abdeckung Design: Diese W\u00e4rmflasche wird mit 2 St\u00fcke Kunstpelzbezug, der den Hautkontakt sicherer und bequemer macht und verhindert, dass die Gummi-W\u00e4rmflasche in direkten Kontakt mit Ihrer Haut kommt und Verbrennungen verursacht, au\u00dferdem sieht sie aus edler und pers\u00f6nlicher.<br \/>\nGro\u00dfes Fassungsverm\u00f6gen: Die W\u00e4rmflaschen mit den Ma\u00dfen 32x20cm hat ein Fassungsverm\u00f6gen von 1.8 Litern. Dies bedeutet, dass die W\u00e4rmflasche im Gegensatz zu kleinen Mini-W\u00e4rmflaschen sehr lange W\u00e4rme abgeben kann. Der w\u00e4rmeflaschen mit bezug flauschig baumwolle verhindert nicht nur den direkten Kontakt mit Haut und Flasche, um Verbrennungen zu vermeiden, sondern h\u00e4lt auch die W\u00e4rme l\u00e4nger.<br \/>\nHervorragende W\u00e4rmespeicherkapazit\u00e4t: Unsere W\u00e4rmflasche hat eine gute Luftdichtheit und eine gute W\u00e4rmespeicherkapazit\u00e4t, wodurch die Thermoskanne l\u00e4nger als 8 Stunden warm gehalten werden kann. Eine starke W\u00e4rmespeicherkapazit\u00e4t kann uns kontinuierliche W\u00e4rme bringen.<\/p>\n","protected":false},"featured_media":61208,"comment_status":"open","ping_status":"closed","template":"","meta":[],"product_brand":[],"product_cat":[566,6496],"product_tag":[],"class_list":{"0":"post-61207","1":"product","2":"type-product","3":"status-publish","4":"has-post-thumbnail","6":"product_cat-drogerie-koerperpflege","7":"product_cat-wellness","8":"pa_brand-piroir","9":"pa_color-grau","10":"pa_manufacturer-piroir","11":"pa_size-3-stueck-1er-pack","13":"first","14":"instock","15":"shipping-taxable","16":"purchasable","17":"product-type-simple","18":"customify-col","19":"product-has-gallery"},"yoast_head":"<!-- This site is optimized with the Yoast SEO plugin v27.4 - https:\/\/yoast.com\/product\/yoast-seo-wordpress\/ -->\n<title>Piroir W\u00e4rmflasche mit Bezug, 1.8L weiche Flaum W\u00e4rmeflasche, 2 Flauschig Soft Washable Velvet Baumwolle,Bequem\u2026 - Markt-XXL<\/title>\n<meta name=\"description\" content=\"Markt-XXL Piroir W\u00e4rmflasche mit Bezug, 1.8L weiche Flaum W\u00e4rmeflasche, 2 Flauschig Soft Washable Velvet Baumwolle,Bequem\u2026\" \/>\n<meta name=\"robots\" content=\"index, follow, max-snippet:-1, max-image-preview:large, max-video-preview:-1\" \/>\n<link rel=\"canonical\" href=\"https:\/\/marktxxl.de\/markt\/produkt\/piroir-waermflasche-mit-bezug-1-8l-weiche-flaum-waermeflasche-2-flauschig-soft-washable-velvet-baumwollebequem-sicherheit-waermehaltung-gute-leistung-geeignet-fuer-kinder-babys-erwachsene-gra\/\" \/>\n<meta property=\"og:locale\" content=\"de_DE\" \/>\n<meta property=\"og:type\" content=\"article\" \/>\n<meta property=\"og:title\" content=\"Piroir W\u00e4rmflasche mit Bezug, 1.8L weiche Flaum W\u00e4rmeflasche, 2 Flauschig Soft Washable Velvet Baumwolle,Bequem\u2026 - Markt-XXL\" \/>\n<meta property=\"og:description\" content=\"Markt-XXL Piroir W\u00e4rmflasche mit Bezug, 1.8L weiche Flaum W\u00e4rmeflasche, 2 Flauschig Soft Washable Velvet Baumwolle,Bequem\u2026\" \/>\n<meta property=\"og:url\" content=\"https:\/\/marktxxl.de\/markt\/produkt\/piroir-waermflasche-mit-bezug-1-8l-weiche-flaum-waermeflasche-2-flauschig-soft-washable-velvet-baumwollebequem-sicherheit-waermehaltung-gute-leistung-geeignet-fuer-kinder-babys-erwachsene-gra\/\" \/>\n<meta property=\"og:site_name\" content=\"Markt-XXL\" \/>\n<meta property=\"article:modified_time\" content=\"2023-04-02T22:59:17+00:00\" \/>\n<meta property=\"og:image\" content=\"https:\/\/m.media-amazon.com\/images\/I\/51oaAg9DIbL._SL500_.jpg\" \/>\n\t<meta property=\"og:image:width\" content=\"500\" \/>\n\t<meta property=\"og:image:height\" content=\"500\" \/>\n\t<meta property=\"og:image:type\" content=\"image\/jpeg\" \/>\n<meta name=\"twitter:card\" content=\"summary_large_image\" \/>\n<meta name=\"twitter:label1\" content=\"Gesch\u00e4tzte Lesezeit\" \/>\n\t<meta name=\"twitter:data1\" content=\"1\u00a0Minute\" \/>\n<script type=\"application\/ld+json\" class=\"yoast-schema-graph\">{\"@context\":\"https:\\\/\\\/schema.org\",\"@graph\":[{\"@type\":\"WebPage\",\"@id\":\"https:\\\/\\\/marktxxl.de\\\/markt\\\/produkt\\\/piroir-waermflasche-mit-bezug-1-8l-weiche-flaum-waermeflasche-2-flauschig-soft-washable-velvet-baumwollebequem-sicherheit-waermehaltung-gute-leistung-geeignet-fuer-kinder-babys-erwachsene-gra\\\/\",\"url\":\"https:\\\/\\\/marktxxl.de\\\/markt\\\/produkt\\\/piroir-waermflasche-mit-bezug-1-8l-weiche-flaum-waermeflasche-2-flauschig-soft-washable-velvet-baumwollebequem-sicherheit-waermehaltung-gute-leistung-geeignet-fuer-kinder-babys-erwachsene-gra\\\/\",\"name\":\"Piroir W\u00e4rmflasche mit Bezug, 1.8L weiche Flaum W\u00e4rmeflasche, 2 Flauschig Soft Washable Velvet Baumwolle,Bequem\u2026 - Markt-XXL\",\"isPartOf\":{\"@id\":\"https:\\\/\\\/marktxxl.de\\\/markt\\\/#website\"},\"primaryImageOfPage\":{\"@id\":\"https:\\\/\\\/marktxxl.de\\\/markt\\\/produkt\\\/piroir-waermflasche-mit-bezug-1-8l-weiche-flaum-waermeflasche-2-flauschig-soft-washable-velvet-baumwollebequem-sicherheit-waermehaltung-gute-leistung-geeignet-fuer-kinder-babys-erwachsene-gra\\\/#primaryimage\"},\"image\":{\"@id\":\"https:\\\/\\\/marktxxl.de\\\/markt\\\/produkt\\\/piroir-waermflasche-mit-bezug-1-8l-weiche-flaum-waermeflasche-2-flauschig-soft-washable-velvet-baumwollebequem-sicherheit-waermehaltung-gute-leistung-geeignet-fuer-kinder-babys-erwachsene-gra\\\/#primaryimage\"},\"thumbnailUrl\":\"https:\\\/\\\/m.media-amazon.com\\\/images\\\/I\\\/51oaAg9DIbL._SL500_.jpg\",\"datePublished\":\"2021-10-26T15:34:41+00:00\",\"dateModified\":\"2023-04-02T22:59:17+00:00\",\"description\":\"Markt-XXL Piroir W\u00e4rmflasche mit Bezug, 1.8L weiche Flaum W\u00e4rmeflasche, 2 Flauschig Soft Washable Velvet Baumwolle,Bequem\u2026\",\"breadcrumb\":{\"@id\":\"https:\\\/\\\/marktxxl.de\\\/markt\\\/produkt\\\/piroir-waermflasche-mit-bezug-1-8l-weiche-flaum-waermeflasche-2-flauschig-soft-washable-velvet-baumwollebequem-sicherheit-waermehaltung-gute-leistung-geeignet-fuer-kinder-babys-erwachsene-gra\\\/#breadcrumb\"},\"inLanguage\":\"de\",\"potentialAction\":[{\"@type\":\"ReadAction\",\"target\":[\"https:\\\/\\\/marktxxl.de\\\/markt\\\/produkt\\\/piroir-waermflasche-mit-bezug-1-8l-weiche-flaum-waermeflasche-2-flauschig-soft-washable-velvet-baumwollebequem-sicherheit-waermehaltung-gute-leistung-geeignet-fuer-kinder-babys-erwachsene-gra\\\/\"]}]},{\"@type\":\"ImageObject\",\"inLanguage\":\"de\",\"@id\":\"https:\\\/\\\/marktxxl.de\\\/markt\\\/produkt\\\/piroir-waermflasche-mit-bezug-1-8l-weiche-flaum-waermeflasche-2-flauschig-soft-washable-velvet-baumwollebequem-sicherheit-waermehaltung-gute-leistung-geeignet-fuer-kinder-babys-erwachsene-gra\\\/#primaryimage\",\"url\":\"https:\\\/\\\/m.media-amazon.com\\\/images\\\/I\\\/51oaAg9DIbL._SL500_.jpg\",\"contentUrl\":\"https:\\\/\\\/m.media-amazon.com\\\/images\\\/I\\\/51oaAg9DIbL._SL500_.jpg\",\"width\":500,\"height\":500},{\"@type\":\"BreadcrumbList\",\"@id\":\"https:\\\/\\\/marktxxl.de\\\/markt\\\/produkt\\\/piroir-waermflasche-mit-bezug-1-8l-weiche-flaum-waermeflasche-2-flauschig-soft-washable-velvet-baumwollebequem-sicherheit-waermehaltung-gute-leistung-geeignet-fuer-kinder-babys-erwachsene-gra\\\/#breadcrumb\",\"itemListElement\":[{\"@type\":\"ListItem\",\"position\":1,\"name\":\"Startseite\",\"item\":\"https:\\\/\\\/marktxxl.de\\\/markt\\\/\"},{\"@type\":\"ListItem\",\"position\":2,\"name\":\"Markt\",\"item\":\"https:\\\/\\\/marktxxl.de\\\/markt\\\/\"},{\"@type\":\"ListItem\",\"position\":3,\"name\":\"Piroir W\u00e4rmflasche mit Bezug, 1.8L weiche Flaum W\u00e4rmeflasche, 2 Flauschig Soft Washable Velvet Baumwolle,Bequem\u2026\"}]},{\"@type\":\"WebSite\",\"@id\":\"https:\\\/\\\/marktxxl.de\\\/markt\\\/#website\",\"url\":\"https:\\\/\\\/marktxxl.de\\\/markt\\\/\",\"name\":\"Markt-XXL\",\"description\":\"Ihr Markt Online\",\"publisher\":{\"@id\":\"https:\\\/\\\/marktxxl.de\\\/markt\\\/#organization\"},\"potentialAction\":[{\"@type\":\"SearchAction\",\"target\":{\"@type\":\"EntryPoint\",\"urlTemplate\":\"https:\\\/\\\/marktxxl.de\\\/markt\\\/?s={search_term_string}\"},\"query-input\":{\"@type\":\"PropertyValueSpecification\",\"valueRequired\":true,\"valueName\":\"search_term_string\"}}],\"inLanguage\":\"de\"},{\"@type\":\"Organization\",\"@id\":\"https:\\\/\\\/marktxxl.de\\\/markt\\\/#organization\",\"name\":\"Markt-XXL\",\"url\":\"https:\\\/\\\/marktxxl.de\\\/markt\\\/\",\"logo\":{\"@type\":\"ImageObject\",\"inLanguage\":\"de\",\"@id\":\"https:\\\/\\\/marktxxl.de\\\/markt\\\/#\\\/schema\\\/logo\\\/image\\\/\",\"url\":\"https:\\\/\\\/marktxxl.de\\\/markt\\\/wp-content\\\/uploads\\\/sites\\\/3\\\/2020\\\/12\\\/logo.png\",\"contentUrl\":\"https:\\\/\\\/marktxxl.de\\\/markt\\\/wp-content\\\/uploads\\\/sites\\\/3\\\/2020\\\/12\\\/logo.png\",\"width\":200,\"height\":70,\"caption\":\"Markt-XXL\"},\"image\":{\"@id\":\"https:\\\/\\\/marktxxl.de\\\/markt\\\/#\\\/schema\\\/logo\\\/image\\\/\"}}]}<\/script>\n<!-- \/ Yoast SEO plugin. -->","yoast_head_json":{"title":"Piroir W\u00e4rmflasche mit Bezug, 1.8L weiche Flaum W\u00e4rmeflasche, 2 Flauschig Soft Washable Velvet Baumwolle,Bequem\u2026 - Markt-XXL","description":"Markt-XXL Piroir W\u00e4rmflasche mit Bezug, 1.8L weiche Flaum W\u00e4rmeflasche, 2 Flauschig Soft Washable Velvet Baumwolle,Bequem\u2026","robots":{"index":"index","follow":"follow","max-snippet":"max-snippet:-1","max-image-preview":"max-image-preview:large","max-video-preview":"max-video-preview:-1"},"canonical":"https:\/\/marktxxl.de\/markt\/produkt\/piroir-waermflasche-mit-bezug-1-8l-weiche-flaum-waermeflasche-2-flauschig-soft-washable-velvet-baumwollebequem-sicherheit-waermehaltung-gute-leistung-geeignet-fuer-kinder-babys-erwachsene-gra\/","og_locale":"de_DE","og_type":"article","og_title":"Piroir W\u00e4rmflasche mit Bezug, 1.8L weiche Flaum W\u00e4rmeflasche, 2 Flauschig Soft Washable Velvet Baumwolle,Bequem\u2026 - Markt-XXL","og_description":"Markt-XXL Piroir W\u00e4rmflasche mit Bezug, 1.8L weiche Flaum W\u00e4rmeflasche, 2 Flauschig Soft Washable Velvet Baumwolle,Bequem\u2026","og_url":"https:\/\/marktxxl.de\/markt\/produkt\/piroir-waermflasche-mit-bezug-1-8l-weiche-flaum-waermeflasche-2-flauschig-soft-washable-velvet-baumwollebequem-sicherheit-waermehaltung-gute-leistung-geeignet-fuer-kinder-babys-erwachsene-gra\/","og_site_name":"Markt-XXL","article_modified_time":"2023-04-02T22:59:17+00:00","og_image":[{"width":500,"height":500,"url":"https:\/\/m.media-amazon.com\/images\/I\/51oaAg9DIbL._SL500_.jpg","type":"image\/jpeg"}],"twitter_card":"summary_large_image","twitter_misc":{"Gesch\u00e4tzte Lesezeit":"1\u00a0Minute"},"schema":{"@context":"https:\/\/schema.org","@graph":[{"@type":"WebPage","@id":"https:\/\/marktxxl.de\/markt\/produkt\/piroir-waermflasche-mit-bezug-1-8l-weiche-flaum-waermeflasche-2-flauschig-soft-washable-velvet-baumwollebequem-sicherheit-waermehaltung-gute-leistung-geeignet-fuer-kinder-babys-erwachsene-gra\/","url":"https:\/\/marktxxl.de\/markt\/produkt\/piroir-waermflasche-mit-bezug-1-8l-weiche-flaum-waermeflasche-2-flauschig-soft-washable-velvet-baumwollebequem-sicherheit-waermehaltung-gute-leistung-geeignet-fuer-kinder-babys-erwachsene-gra\/","name":"Piroir W\u00e4rmflasche mit Bezug, 1.8L weiche Flaum W\u00e4rmeflasche, 2 Flauschig Soft Washable Velvet Baumwolle,Bequem\u2026 - Markt-XXL","isPartOf":{"@id":"https:\/\/marktxxl.de\/markt\/#website"},"primaryImageOfPage":{"@id":"https:\/\/marktxxl.de\/markt\/produkt\/piroir-waermflasche-mit-bezug-1-8l-weiche-flaum-waermeflasche-2-flauschig-soft-washable-velvet-baumwollebequem-sicherheit-waermehaltung-gute-leistung-geeignet-fuer-kinder-babys-erwachsene-gra\/#primaryimage"},"image":{"@id":"https:\/\/marktxxl.de\/markt\/produkt\/piroir-waermflasche-mit-bezug-1-8l-weiche-flaum-waermeflasche-2-flauschig-soft-washable-velvet-baumwollebequem-sicherheit-waermehaltung-gute-leistung-geeignet-fuer-kinder-babys-erwachsene-gra\/#primaryimage"},"thumbnailUrl":"https:\/\/m.media-amazon.com\/images\/I\/51oaAg9DIbL._SL500_.jpg","datePublished":"2021-10-26T15:34:41+00:00","dateModified":"2023-04-02T22:59:17+00:00","description":"Markt-XXL Piroir W\u00e4rmflasche mit Bezug, 1.8L weiche Flaum W\u00e4rmeflasche, 2 Flauschig Soft Washable Velvet Baumwolle,Bequem\u2026","breadcrumb":{"@id":"https:\/\/marktxxl.de\/markt\/produkt\/piroir-waermflasche-mit-bezug-1-8l-weiche-flaum-waermeflasche-2-flauschig-soft-washable-velvet-baumwollebequem-sicherheit-waermehaltung-gute-leistung-geeignet-fuer-kinder-babys-erwachsene-gra\/#breadcrumb"},"inLanguage":"de","potentialAction":[{"@type":"ReadAction","target":["https:\/\/marktxxl.de\/markt\/produkt\/piroir-waermflasche-mit-bezug-1-8l-weiche-flaum-waermeflasche-2-flauschig-soft-washable-velvet-baumwollebequem-sicherheit-waermehaltung-gute-leistung-geeignet-fuer-kinder-babys-erwachsene-gra\/"]}]},{"@type":"ImageObject","inLanguage":"de","@id":"https:\/\/marktxxl.de\/markt\/produkt\/piroir-waermflasche-mit-bezug-1-8l-weiche-flaum-waermeflasche-2-flauschig-soft-washable-velvet-baumwollebequem-sicherheit-waermehaltung-gute-leistung-geeignet-fuer-kinder-babys-erwachsene-gra\/#primaryimage","url":"https:\/\/m.media-amazon.com\/images\/I\/51oaAg9DIbL._SL500_.jpg","contentUrl":"https:\/\/m.media-amazon.com\/images\/I\/51oaAg9DIbL._SL500_.jpg","width":500,"height":500},{"@type":"BreadcrumbList","@id":"https:\/\/marktxxl.de\/markt\/produkt\/piroir-waermflasche-mit-bezug-1-8l-weiche-flaum-waermeflasche-2-flauschig-soft-washable-velvet-baumwollebequem-sicherheit-waermehaltung-gute-leistung-geeignet-fuer-kinder-babys-erwachsene-gra\/#breadcrumb","itemListElement":[{"@type":"ListItem","position":1,"name":"Startseite","item":"https:\/\/marktxxl.de\/markt\/"},{"@type":"ListItem","position":2,"name":"Markt","item":"https:\/\/marktxxl.de\/markt\/"},{"@type":"ListItem","position":3,"name":"Piroir W\u00e4rmflasche mit Bezug, 1.8L weiche Flaum W\u00e4rmeflasche, 2 Flauschig Soft Washable Velvet Baumwolle,Bequem\u2026"}]},{"@type":"WebSite","@id":"https:\/\/marktxxl.de\/markt\/#website","url":"https:\/\/marktxxl.de\/markt\/","name":"Markt-XXL","description":"Ihr Markt Online","publisher":{"@id":"https:\/\/marktxxl.de\/markt\/#organization"},"potentialAction":[{"@type":"SearchAction","target":{"@type":"EntryPoint","urlTemplate":"https:\/\/marktxxl.de\/markt\/?s={search_term_string}"},"query-input":{"@type":"PropertyValueSpecification","valueRequired":true,"valueName":"search_term_string"}}],"inLanguage":"de"},{"@type":"Organization","@id":"https:\/\/marktxxl.de\/markt\/#organization","name":"Markt-XXL","url":"https:\/\/marktxxl.de\/markt\/","logo":{"@type":"ImageObject","inLanguage":"de","@id":"https:\/\/marktxxl.de\/markt\/#\/schema\/logo\/image\/","url":"https:\/\/marktxxl.de\/markt\/wp-content\/uploads\/sites\/3\/2020\/12\/logo.png","contentUrl":"https:\/\/marktxxl.de\/markt\/wp-content\/uploads\/sites\/3\/2020\/12\/logo.png","width":200,"height":70,"caption":"Markt-XXL"},"image":{"@id":"https:\/\/marktxxl.de\/markt\/#\/schema\/logo\/image\/"}}]}},"_links":{"self":[{"href":"https:\/\/marktxxl.de\/markt\/wp-json\/wp\/v2\/product\/61207","targetHints":{"allow":["GET"]}}],"collection":[{"href":"https:\/\/marktxxl.de\/markt\/wp-json\/wp\/v2\/product"}],"about":[{"href":"https:\/\/marktxxl.de\/markt\/wp-json\/wp\/v2\/types\/product"}],"replies":[{"embeddable":true,"href":"https:\/\/marktxxl.de\/markt\/wp-json\/wp\/v2\/comments?post=61207"}],"wp:featuredmedia":[{"embeddable":true,"href":"https:\/\/marktxxl.de\/markt\/wp-json\/wp\/v2\/media\/61208"}],"wp:attachment":[{"href":"https:\/\/marktxxl.de\/markt\/wp-json\/wp\/v2\/media?parent=61207"}],"wp:term":[{"taxonomy":"product_brand","embeddable":true,"href":"https:\/\/marktxxl.de\/markt\/wp-json\/wp\/v2\/product_brand?post=61207"},{"taxonomy":"product_cat","embeddable":true,"href":"https:\/\/marktxxl.de\/markt\/wp-json\/wp\/v2\/product_cat?post=61207"},{"taxonomy":"product_tag","embeddable":true,"href":"https:\/\/marktxxl.de\/markt\/wp-json\/wp\/v2\/product_tag?post=61207"}],"curies":[{"name":"wp","href":"https:\/\/api.w.org\/{rel}","templated":true}]}}