{"id":61199,"date":"2021-10-26T17:34:38","date_gmt":"2021-10-26T15:34:38","guid":{"rendered":"https:\/\/marktxxl.de\/markt\/produkt\/massagepistole-deep-tissue-fuer-sportler-muskelperkussionsmassagegeraete-fuer-nackenruecken-mit-10-koepfen-30-einstellbare-geschwindigkeiten-tragbares-elektrisches-handmassagegeraet\/"},"modified":"2023-04-03T00:59:17","modified_gmt":"2023-04-02T22:59:17","slug":"massagepistole-deep-tissue-fuer-sportler-muskelperkussionsmassagegeraete-fuer-nackenruecken-mit-10-koepfen-30-einstellbare-geschwindigkeiten-tragbares-elektrisches-handmassagegeraet","status":"publish","type":"product","link":"https:\/\/marktxxl.de\/markt\/produkt\/massagepistole-deep-tissue-fuer-sportler-muskelperkussionsmassagegeraete-fuer-nackenruecken-mit-10-koepfen-30-einstellbare-geschwindigkeiten-tragbares-elektrisches-handmassagegeraet\/","title":{"rendered":"Hatynud Deep Tissue f\u00fcr Sportler, Muskelperkussionsmassageger\u00e4te f\u00fcr Nackenr\u00fccken mit 10 K\u00f6pfen, 30 einstellbare\u2026"},"content":{"rendered":"<p>Tiefengewebe-Massagepistole: Das leistungsstarke Massageger\u00e4t ist f\u00fcr jeden geeignet, vom Profisportler bis zum Freizeit-Gymnastikbesucher, kann hochfrequente Vibrationen mit einer Tiefe von bis zu 16 mm erzeugen, um tief in das tiefe Gewebe einzudringen. Bequeme Einhandbedienung Mit einem einzigartigen rutschfesten Griff k\u00f6nnen sie Massagen genie\u00dfen, wo immer ihr Tag sie hinf\u00fchrt.<br \/>\n10 austauschbare Massagek\u00f6pfe: 10 ma\u00dfgeschneiderte Massagek\u00f6pfe erm\u00f6glichen es Ihnen, jeden Muskel zu erreichen und bieten einen gezielten Massagekopf f\u00fcr jeden Muskel.<br \/>\n30 Modi und LCD-Touchscreen: Diese Massagepistole verf\u00fcgt \u00fcber 30 einstellbare Vibrationsmodi. Der empfindliche Touchscreen erm\u00f6glicht Ihnen schnelle und einfache Anpassungen. Egal, ob es sich um eine Muskelentspannung nach dem Training oder eine t\u00e4gliche K\u00f6rpermassage handelt, Sie k\u00f6nnen leicht die beste Vibrationsamplitude finden steht dir.<br \/>\nSuper leises Massageger\u00e4t: Die Muskelmassagepistole verwendet die neueste Technologie zur Ger\u00e4uschreduzierung und ist mit einem drehmomentstarken, b\u00fcrstenlosen Motor mit zwei Lagern ausgestattet Verwenden Sie es zu Hause, im Fitnessstudio, im B\u00fcro usw.<br \/>\nLange Arbeitszeit: Das kabellose Massageger\u00e4t ist mit einem hochwertigen wiederaufladbaren Lithium-Ionen-Akku mit 2600 mAh ausgestattet, der eine Betriebszeit von mehr als 6 Stunden bietet und nur 1,5 bis 2 Stunden zum vollst\u00e4ndigen Aufladen ben\u00f6tigt.<br \/>\n<div class=\"main-cross-sell\" data-asin=\"B096R9CXK7\">\n\n\t<div class=\"WooZone-cross-sell-loader\">\n\t\t<div>\n\t\t\t<div id=\"floatingBarsG\">\n\t\t\t\t<div class=\"blockG\" id=\"rotateG_01\"><\/div>\n\t\t\t\t<div class=\"blockG\" id=\"rotateG_02\"><\/div>\n\t\t\t\t<div class=\"blockG\" id=\"rotateG_03\"><\/div>\n\t\t\t\t<div class=\"blockG\" id=\"rotateG_04\"><\/div>\n\t\t\t\t<div class=\"blockG\" id=\"rotateG_05\"><\/div>\n\t\t\t\t<div class=\"blockG\" id=\"rotateG_06\"><\/div>\n\t\t\t\t<div class=\"blockG\" id=\"rotateG_07\"><\/div>\n\t\t\t\t<div class=\"blockG\" id=\"rotateG_08\"><\/div>\n\t\t\t<\/div>\n\t\t\t<div class=\"WooZone-cross-sell-loader-text\"><\/div>\n\t\t<\/div>\n\t<\/div>\n\n\t\t\n<\/div>\n<div style=\"clear:both;\"><\/div><\/p>\n","protected":false},"excerpt":{"rendered":"<p>Tiefengewebe-Massagepistole: Das leistungsstarke Massageger\u00e4t ist f\u00fcr jeden geeignet, vom Profisportler bis zum Freizeit-Gymnastikbesucher, kann hochfrequente Vibrationen mit einer Tiefe von bis zu 16 mm erzeugen, um tief in das tiefe Gewebe einzudringen. Bequeme Einhandbedienung Mit einem einzigartigen rutschfesten Griff k\u00f6nnen sie Massagen genie\u00dfen, wo immer ihr Tag sie hinf\u00fchrt.<br \/>\n10 austauschbare Massagek\u00f6pfe: 10 ma\u00dfgeschneiderte Massagek\u00f6pfe erm\u00f6glichen es Ihnen, jeden Muskel zu erreichen und bieten einen gezielten Massagekopf f\u00fcr jeden Muskel.<br \/>\n30 Modi und LCD-Touchscreen: Diese Massagepistole verf\u00fcgt \u00fcber 30 einstellbare Vibrationsmodi. Der empfindliche Touchscreen erm\u00f6glicht Ihnen schnelle und einfache Anpassungen. Egal, ob es sich um eine Muskelentspannung nach dem Training oder eine t\u00e4gliche K\u00f6rpermassage handelt, Sie k\u00f6nnen leicht die beste Vibrationsamplitude finden steht dir.<\/p>\n","protected":false},"featured_media":61200,"comment_status":"open","ping_status":"closed","template":"","meta":[],"product_brand":[],"product_cat":[566,6496],"product_tag":[],"class_list":{"0":"post-61199","1":"product","2":"type-product","3":"status-publish","4":"has-post-thumbnail","6":"product_cat-drogerie-koerperpflege","7":"product_cat-wellness","8":"pa_binding-badartikel","9":"pa_brand-hatynud","10":"pa_color-carbon","11":"pa_height-3-15-zoll","12":"pa_length-11-69-zoll","13":"pa_manufacturer-shenzhenshi-pengchuangxing-technology-co-ltd","14":"pa_model-kzd02","15":"pa_weight-1-99959271634-pfund","16":"pa_width-9-88-zoll","18":"first","19":"instock","20":"shipping-taxable","21":"purchasable","22":"product-type-simple","23":"customify-col","24":"product-has-gallery"},"yoast_head":"<!-- This site is optimized with the Yoast SEO plugin v27.3 - https:\/\/yoast.com\/product\/yoast-seo-wordpress\/ -->\n<title>Hatynud Deep Tissue f\u00fcr Sportler, Muskelperkussionsmassageger\u00e4te f\u00fcr Nackenr\u00fccken mit 10 K\u00f6pfen, 30 einstellbare\u2026 - Markt-XXL<\/title>\n<meta name=\"description\" content=\"Markt-XXL Hatynud Deep Tissue f\u00fcr Sportler, Muskelperkussionsmassageger\u00e4te f\u00fcr Nackenr\u00fccken mit 10 K\u00f6pfen, 30 einstellbare\u2026\" \/>\n<meta name=\"robots\" content=\"index, follow, max-snippet:-1, max-image-preview:large, max-video-preview:-1\" \/>\n<link rel=\"canonical\" href=\"https:\/\/marktxxl.de\/markt\/produkt\/massagepistole-deep-tissue-fuer-sportler-muskelperkussionsmassagegeraete-fuer-nackenruecken-mit-10-koepfen-30-einstellbare-geschwindigkeiten-tragbares-elektrisches-handmassagegeraet\/\" \/>\n<meta property=\"og:locale\" content=\"de_DE\" \/>\n<meta property=\"og:type\" content=\"article\" \/>\n<meta property=\"og:title\" content=\"Hatynud Deep Tissue f\u00fcr Sportler, Muskelperkussionsmassageger\u00e4te f\u00fcr Nackenr\u00fccken mit 10 K\u00f6pfen, 30 einstellbare\u2026 - Markt-XXL\" \/>\n<meta property=\"og:description\" content=\"Markt-XXL Hatynud Deep Tissue f\u00fcr Sportler, Muskelperkussionsmassageger\u00e4te f\u00fcr Nackenr\u00fccken mit 10 K\u00f6pfen, 30 einstellbare\u2026\" \/>\n<meta property=\"og:url\" content=\"https:\/\/marktxxl.de\/markt\/produkt\/massagepistole-deep-tissue-fuer-sportler-muskelperkussionsmassagegeraete-fuer-nackenruecken-mit-10-koepfen-30-einstellbare-geschwindigkeiten-tragbares-elektrisches-handmassagegeraet\/\" \/>\n<meta property=\"og:site_name\" content=\"Markt-XXL\" \/>\n<meta property=\"article:modified_time\" content=\"2023-04-02T22:59:17+00:00\" \/>\n<meta property=\"og:image\" content=\"https:\/\/m.media-amazon.com\/images\/I\/51VZia5nsiS._SL500_.jpg\" \/>\n\t<meta property=\"og:image:width\" content=\"500\" \/>\n\t<meta property=\"og:image:height\" content=\"500\" \/>\n\t<meta property=\"og:image:type\" content=\"image\/jpeg\" \/>\n<meta name=\"twitter:card\" content=\"summary_large_image\" \/>\n<meta name=\"twitter:label1\" content=\"Gesch\u00e4tzte Lesezeit\" \/>\n\t<meta name=\"twitter:data1\" content=\"1\u00a0Minute\" \/>\n<script type=\"application\/ld+json\" class=\"yoast-schema-graph\">{\"@context\":\"https:\\\/\\\/schema.org\",\"@graph\":[{\"@type\":\"WebPage\",\"@id\":\"https:\\\/\\\/marktxxl.de\\\/markt\\\/produkt\\\/massagepistole-deep-tissue-fuer-sportler-muskelperkussionsmassagegeraete-fuer-nackenruecken-mit-10-koepfen-30-einstellbare-geschwindigkeiten-tragbares-elektrisches-handmassagegeraet\\\/\",\"url\":\"https:\\\/\\\/marktxxl.de\\\/markt\\\/produkt\\\/massagepistole-deep-tissue-fuer-sportler-muskelperkussionsmassagegeraete-fuer-nackenruecken-mit-10-koepfen-30-einstellbare-geschwindigkeiten-tragbares-elektrisches-handmassagegeraet\\\/\",\"name\":\"Hatynud Deep Tissue f\u00fcr Sportler, Muskelperkussionsmassageger\u00e4te f\u00fcr Nackenr\u00fccken mit 10 K\u00f6pfen, 30 einstellbare\u2026 - Markt-XXL\",\"isPartOf\":{\"@id\":\"https:\\\/\\\/marktxxl.de\\\/markt\\\/#website\"},\"primaryImageOfPage\":{\"@id\":\"https:\\\/\\\/marktxxl.de\\\/markt\\\/produkt\\\/massagepistole-deep-tissue-fuer-sportler-muskelperkussionsmassagegeraete-fuer-nackenruecken-mit-10-koepfen-30-einstellbare-geschwindigkeiten-tragbares-elektrisches-handmassagegeraet\\\/#primaryimage\"},\"image\":{\"@id\":\"https:\\\/\\\/marktxxl.de\\\/markt\\\/produkt\\\/massagepistole-deep-tissue-fuer-sportler-muskelperkussionsmassagegeraete-fuer-nackenruecken-mit-10-koepfen-30-einstellbare-geschwindigkeiten-tragbares-elektrisches-handmassagegeraet\\\/#primaryimage\"},\"thumbnailUrl\":\"https:\\\/\\\/m.media-amazon.com\\\/images\\\/I\\\/51VZia5nsiS._SL500_.jpg\",\"datePublished\":\"2021-10-26T15:34:38+00:00\",\"dateModified\":\"2023-04-02T22:59:17+00:00\",\"description\":\"Markt-XXL Hatynud Deep Tissue f\u00fcr Sportler, Muskelperkussionsmassageger\u00e4te f\u00fcr Nackenr\u00fccken mit 10 K\u00f6pfen, 30 einstellbare\u2026\",\"breadcrumb\":{\"@id\":\"https:\\\/\\\/marktxxl.de\\\/markt\\\/produkt\\\/massagepistole-deep-tissue-fuer-sportler-muskelperkussionsmassagegeraete-fuer-nackenruecken-mit-10-koepfen-30-einstellbare-geschwindigkeiten-tragbares-elektrisches-handmassagegeraet\\\/#breadcrumb\"},\"inLanguage\":\"de\",\"potentialAction\":[{\"@type\":\"ReadAction\",\"target\":[\"https:\\\/\\\/marktxxl.de\\\/markt\\\/produkt\\\/massagepistole-deep-tissue-fuer-sportler-muskelperkussionsmassagegeraete-fuer-nackenruecken-mit-10-koepfen-30-einstellbare-geschwindigkeiten-tragbares-elektrisches-handmassagegeraet\\\/\"]}]},{\"@type\":\"ImageObject\",\"inLanguage\":\"de\",\"@id\":\"https:\\\/\\\/marktxxl.de\\\/markt\\\/produkt\\\/massagepistole-deep-tissue-fuer-sportler-muskelperkussionsmassagegeraete-fuer-nackenruecken-mit-10-koepfen-30-einstellbare-geschwindigkeiten-tragbares-elektrisches-handmassagegeraet\\\/#primaryimage\",\"url\":\"https:\\\/\\\/m.media-amazon.com\\\/images\\\/I\\\/51VZia5nsiS._SL500_.jpg\",\"contentUrl\":\"https:\\\/\\\/m.media-amazon.com\\\/images\\\/I\\\/51VZia5nsiS._SL500_.jpg\",\"width\":500,\"height\":500},{\"@type\":\"BreadcrumbList\",\"@id\":\"https:\\\/\\\/marktxxl.de\\\/markt\\\/produkt\\\/massagepistole-deep-tissue-fuer-sportler-muskelperkussionsmassagegeraete-fuer-nackenruecken-mit-10-koepfen-30-einstellbare-geschwindigkeiten-tragbares-elektrisches-handmassagegeraet\\\/#breadcrumb\",\"itemListElement\":[{\"@type\":\"ListItem\",\"position\":1,\"name\":\"Startseite\",\"item\":\"https:\\\/\\\/marktxxl.de\\\/markt\\\/\"},{\"@type\":\"ListItem\",\"position\":2,\"name\":\"Markt\",\"item\":\"https:\\\/\\\/marktxxl.de\\\/markt\\\/\"},{\"@type\":\"ListItem\",\"position\":3,\"name\":\"Hatynud Deep Tissue f\u00fcr Sportler, Muskelperkussionsmassageger\u00e4te f\u00fcr Nackenr\u00fccken mit 10 K\u00f6pfen, 30 einstellbare\u2026\"}]},{\"@type\":\"WebSite\",\"@id\":\"https:\\\/\\\/marktxxl.de\\\/markt\\\/#website\",\"url\":\"https:\\\/\\\/marktxxl.de\\\/markt\\\/\",\"name\":\"Markt-XXL\",\"description\":\"Ihr Markt Online\",\"publisher\":{\"@id\":\"https:\\\/\\\/marktxxl.de\\\/markt\\\/#organization\"},\"potentialAction\":[{\"@type\":\"SearchAction\",\"target\":{\"@type\":\"EntryPoint\",\"urlTemplate\":\"https:\\\/\\\/marktxxl.de\\\/markt\\\/?s={search_term_string}\"},\"query-input\":{\"@type\":\"PropertyValueSpecification\",\"valueRequired\":true,\"valueName\":\"search_term_string\"}}],\"inLanguage\":\"de\"},{\"@type\":\"Organization\",\"@id\":\"https:\\\/\\\/marktxxl.de\\\/markt\\\/#organization\",\"name\":\"Markt-XXL\",\"url\":\"https:\\\/\\\/marktxxl.de\\\/markt\\\/\",\"logo\":{\"@type\":\"ImageObject\",\"inLanguage\":\"de\",\"@id\":\"https:\\\/\\\/marktxxl.de\\\/markt\\\/#\\\/schema\\\/logo\\\/image\\\/\",\"url\":\"https:\\\/\\\/marktxxl.de\\\/markt\\\/wp-content\\\/uploads\\\/sites\\\/3\\\/2020\\\/12\\\/logo.png\",\"contentUrl\":\"https:\\\/\\\/marktxxl.de\\\/markt\\\/wp-content\\\/uploads\\\/sites\\\/3\\\/2020\\\/12\\\/logo.png\",\"width\":200,\"height\":70,\"caption\":\"Markt-XXL\"},\"image\":{\"@id\":\"https:\\\/\\\/marktxxl.de\\\/markt\\\/#\\\/schema\\\/logo\\\/image\\\/\"}}]}<\/script>\n<!-- \/ Yoast SEO plugin. -->","yoast_head_json":{"title":"Hatynud Deep Tissue f\u00fcr Sportler, Muskelperkussionsmassageger\u00e4te f\u00fcr Nackenr\u00fccken mit 10 K\u00f6pfen, 30 einstellbare\u2026 - Markt-XXL","description":"Markt-XXL Hatynud Deep Tissue f\u00fcr Sportler, Muskelperkussionsmassageger\u00e4te f\u00fcr Nackenr\u00fccken mit 10 K\u00f6pfen, 30 einstellbare\u2026","robots":{"index":"index","follow":"follow","max-snippet":"max-snippet:-1","max-image-preview":"max-image-preview:large","max-video-preview":"max-video-preview:-1"},"canonical":"https:\/\/marktxxl.de\/markt\/produkt\/massagepistole-deep-tissue-fuer-sportler-muskelperkussionsmassagegeraete-fuer-nackenruecken-mit-10-koepfen-30-einstellbare-geschwindigkeiten-tragbares-elektrisches-handmassagegeraet\/","og_locale":"de_DE","og_type":"article","og_title":"Hatynud Deep Tissue f\u00fcr Sportler, Muskelperkussionsmassageger\u00e4te f\u00fcr Nackenr\u00fccken mit 10 K\u00f6pfen, 30 einstellbare\u2026 - Markt-XXL","og_description":"Markt-XXL Hatynud Deep Tissue f\u00fcr Sportler, Muskelperkussionsmassageger\u00e4te f\u00fcr Nackenr\u00fccken mit 10 K\u00f6pfen, 30 einstellbare\u2026","og_url":"https:\/\/marktxxl.de\/markt\/produkt\/massagepistole-deep-tissue-fuer-sportler-muskelperkussionsmassagegeraete-fuer-nackenruecken-mit-10-koepfen-30-einstellbare-geschwindigkeiten-tragbares-elektrisches-handmassagegeraet\/","og_site_name":"Markt-XXL","article_modified_time":"2023-04-02T22:59:17+00:00","og_image":[{"width":500,"height":500,"url":"https:\/\/m.media-amazon.com\/images\/I\/51VZia5nsiS._SL500_.jpg","type":"image\/jpeg"}],"twitter_card":"summary_large_image","twitter_misc":{"Gesch\u00e4tzte Lesezeit":"1\u00a0Minute"},"schema":{"@context":"https:\/\/schema.org","@graph":[{"@type":"WebPage","@id":"https:\/\/marktxxl.de\/markt\/produkt\/massagepistole-deep-tissue-fuer-sportler-muskelperkussionsmassagegeraete-fuer-nackenruecken-mit-10-koepfen-30-einstellbare-geschwindigkeiten-tragbares-elektrisches-handmassagegeraet\/","url":"https:\/\/marktxxl.de\/markt\/produkt\/massagepistole-deep-tissue-fuer-sportler-muskelperkussionsmassagegeraete-fuer-nackenruecken-mit-10-koepfen-30-einstellbare-geschwindigkeiten-tragbares-elektrisches-handmassagegeraet\/","name":"Hatynud Deep Tissue f\u00fcr Sportler, Muskelperkussionsmassageger\u00e4te f\u00fcr Nackenr\u00fccken mit 10 K\u00f6pfen, 30 einstellbare\u2026 - Markt-XXL","isPartOf":{"@id":"https:\/\/marktxxl.de\/markt\/#website"},"primaryImageOfPage":{"@id":"https:\/\/marktxxl.de\/markt\/produkt\/massagepistole-deep-tissue-fuer-sportler-muskelperkussionsmassagegeraete-fuer-nackenruecken-mit-10-koepfen-30-einstellbare-geschwindigkeiten-tragbares-elektrisches-handmassagegeraet\/#primaryimage"},"image":{"@id":"https:\/\/marktxxl.de\/markt\/produkt\/massagepistole-deep-tissue-fuer-sportler-muskelperkussionsmassagegeraete-fuer-nackenruecken-mit-10-koepfen-30-einstellbare-geschwindigkeiten-tragbares-elektrisches-handmassagegeraet\/#primaryimage"},"thumbnailUrl":"https:\/\/m.media-amazon.com\/images\/I\/51VZia5nsiS._SL500_.jpg","datePublished":"2021-10-26T15:34:38+00:00","dateModified":"2023-04-02T22:59:17+00:00","description":"Markt-XXL Hatynud Deep Tissue f\u00fcr Sportler, Muskelperkussionsmassageger\u00e4te f\u00fcr Nackenr\u00fccken mit 10 K\u00f6pfen, 30 einstellbare\u2026","breadcrumb":{"@id":"https:\/\/marktxxl.de\/markt\/produkt\/massagepistole-deep-tissue-fuer-sportler-muskelperkussionsmassagegeraete-fuer-nackenruecken-mit-10-koepfen-30-einstellbare-geschwindigkeiten-tragbares-elektrisches-handmassagegeraet\/#breadcrumb"},"inLanguage":"de","potentialAction":[{"@type":"ReadAction","target":["https:\/\/marktxxl.de\/markt\/produkt\/massagepistole-deep-tissue-fuer-sportler-muskelperkussionsmassagegeraete-fuer-nackenruecken-mit-10-koepfen-30-einstellbare-geschwindigkeiten-tragbares-elektrisches-handmassagegeraet\/"]}]},{"@type":"ImageObject","inLanguage":"de","@id":"https:\/\/marktxxl.de\/markt\/produkt\/massagepistole-deep-tissue-fuer-sportler-muskelperkussionsmassagegeraete-fuer-nackenruecken-mit-10-koepfen-30-einstellbare-geschwindigkeiten-tragbares-elektrisches-handmassagegeraet\/#primaryimage","url":"https:\/\/m.media-amazon.com\/images\/I\/51VZia5nsiS._SL500_.jpg","contentUrl":"https:\/\/m.media-amazon.com\/images\/I\/51VZia5nsiS._SL500_.jpg","width":500,"height":500},{"@type":"BreadcrumbList","@id":"https:\/\/marktxxl.de\/markt\/produkt\/massagepistole-deep-tissue-fuer-sportler-muskelperkussionsmassagegeraete-fuer-nackenruecken-mit-10-koepfen-30-einstellbare-geschwindigkeiten-tragbares-elektrisches-handmassagegeraet\/#breadcrumb","itemListElement":[{"@type":"ListItem","position":1,"name":"Startseite","item":"https:\/\/marktxxl.de\/markt\/"},{"@type":"ListItem","position":2,"name":"Markt","item":"https:\/\/marktxxl.de\/markt\/"},{"@type":"ListItem","position":3,"name":"Hatynud Deep Tissue f\u00fcr Sportler, Muskelperkussionsmassageger\u00e4te f\u00fcr Nackenr\u00fccken mit 10 K\u00f6pfen, 30 einstellbare\u2026"}]},{"@type":"WebSite","@id":"https:\/\/marktxxl.de\/markt\/#website","url":"https:\/\/marktxxl.de\/markt\/","name":"Markt-XXL","description":"Ihr Markt Online","publisher":{"@id":"https:\/\/marktxxl.de\/markt\/#organization"},"potentialAction":[{"@type":"SearchAction","target":{"@type":"EntryPoint","urlTemplate":"https:\/\/marktxxl.de\/markt\/?s={search_term_string}"},"query-input":{"@type":"PropertyValueSpecification","valueRequired":true,"valueName":"search_term_string"}}],"inLanguage":"de"},{"@type":"Organization","@id":"https:\/\/marktxxl.de\/markt\/#organization","name":"Markt-XXL","url":"https:\/\/marktxxl.de\/markt\/","logo":{"@type":"ImageObject","inLanguage":"de","@id":"https:\/\/marktxxl.de\/markt\/#\/schema\/logo\/image\/","url":"https:\/\/marktxxl.de\/markt\/wp-content\/uploads\/sites\/3\/2020\/12\/logo.png","contentUrl":"https:\/\/marktxxl.de\/markt\/wp-content\/uploads\/sites\/3\/2020\/12\/logo.png","width":200,"height":70,"caption":"Markt-XXL"},"image":{"@id":"https:\/\/marktxxl.de\/markt\/#\/schema\/logo\/image\/"}}]}},"_links":{"self":[{"href":"https:\/\/marktxxl.de\/markt\/wp-json\/wp\/v2\/product\/61199","targetHints":{"allow":["GET"]}}],"collection":[{"href":"https:\/\/marktxxl.de\/markt\/wp-json\/wp\/v2\/product"}],"about":[{"href":"https:\/\/marktxxl.de\/markt\/wp-json\/wp\/v2\/types\/product"}],"replies":[{"embeddable":true,"href":"https:\/\/marktxxl.de\/markt\/wp-json\/wp\/v2\/comments?post=61199"}],"wp:featuredmedia":[{"embeddable":true,"href":"https:\/\/marktxxl.de\/markt\/wp-json\/wp\/v2\/media\/61200"}],"wp:attachment":[{"href":"https:\/\/marktxxl.de\/markt\/wp-json\/wp\/v2\/media?parent=61199"}],"wp:term":[{"taxonomy":"product_brand","embeddable":true,"href":"https:\/\/marktxxl.de\/markt\/wp-json\/wp\/v2\/product_brand?post=61199"},{"taxonomy":"product_cat","embeddable":true,"href":"https:\/\/marktxxl.de\/markt\/wp-json\/wp\/v2\/product_cat?post=61199"},{"taxonomy":"product_tag","embeddable":true,"href":"https:\/\/marktxxl.de\/markt\/wp-json\/wp\/v2\/product_tag?post=61199"}],"curies":[{"name":"wp","href":"https:\/\/api.w.org\/{rel}","templated":true}]}}