{"id":61127,"date":"2021-10-26T17:27:24","date_gmt":"2021-10-26T15:27:24","guid":{"rendered":"https:\/\/marktxxl.de\/markt\/produkt\/acerola-kapseln-natuerliches-vitamin-c-180-vegane-kapseln-fuer-6-monate-laborgeprueft-ohne-unerwuenschte-zusaetze\/"},"modified":"2023-04-03T00:59:17","modified_gmt":"2023-04-02T22:59:17","slug":"acerola-kapseln-natuerliches-vitamin-c-180-vegane-kapseln-fuer-6-monate-laborgeprueft-ohne-unerwuenschte-zusaetze","status":"publish","type":"product","link":"https:\/\/marktxxl.de\/markt\/produkt\/acerola-kapseln-natuerliches-vitamin-c-180-vegane-kapseln-fuer-6-monate-laborgeprueft-ohne-unerwuenschte-zusaetze\/","title":{"rendered":"Acerola Kapseln &#8211; Nat\u00fcrliches Vitamin C hochdosiert &#8211; 180 vegane Kapseln mit 660mg Acerola Extrakt &#8211; 6 Monatsvorrat\u2026"},"content":{"rendered":"<p>HERVORRAGENDES PREIS-LEISTUNGSVERH\u00c4LTNIS: Hochdosiert mit 660mg Acerola Extrakt pro Kapsel. Mit hohem nat\u00fcrlichen Vitamin C-Gehalt. Premium: Vollspektrum-Extrakt mit wertvollen Pflanzenstoffen schonend mit Wasser extrahiert (ohne Einsatz von Chemie) aus franz\u00f6sischer Herstellung. 180 Kapseln f\u00fcr 6 Monate. ACHTUNG: Viele Hersteller geben den Gehalt pro Tagesdosis an (Meist 2 oder mehr Kapseln).<br \/>\nVEGAN &amp; OHNE UNERW\u00dcNSCHTE ZUS\u00c4TZE wie Magnesiumstearat, Trennmittel, Aromen, Farbstoffe, Stabilisatoren, F\u00fcllstoffe, Gelatine und selbstverst\u00e4ndlich auch GMO-frei, laktosefrei, glutenfrei &amp; ohne Konservierungsstoffe.<br \/>\nUNABH\u00c4NGIG LABORGEPR\u00dcFT auf Vitamin C-Gehalt, Schwermetalle, Schimmelpilze, E. Coli, Salmonellen und mehr. Untersuchung durchgef\u00fchrt von einem nach DIN EN ISO\/IEC 17025 zertifizierten deutschen Labor. (Analysezertifikat: Siehe Produktbilder)<br \/>\nIHRE ZUFRIEDENHEIT IST UNSER ANTRIEB: Sollten Sie wider Erwarten einmal nicht zufrieden sein, kontaktieren Sie uns gerne. Denn wir von natural elements sind erst gl\u00fccklich wenn auch Sie es sind. Hergestellt in streng gepr\u00fcften und zertifizierten Anlagen.<br \/>\n<div class=\"main-cross-sell\" data-asin=\"B085YCNLRL\">\n\n\t<div class=\"WooZone-cross-sell-loader\">\n\t\t<div>\n\t\t\t<div id=\"floatingBarsG\">\n\t\t\t\t<div class=\"blockG\" id=\"rotateG_01\"><\/div>\n\t\t\t\t<div class=\"blockG\" id=\"rotateG_02\"><\/div>\n\t\t\t\t<div class=\"blockG\" id=\"rotateG_03\"><\/div>\n\t\t\t\t<div class=\"blockG\" id=\"rotateG_04\"><\/div>\n\t\t\t\t<div class=\"blockG\" id=\"rotateG_05\"><\/div>\n\t\t\t\t<div class=\"blockG\" id=\"rotateG_06\"><\/div>\n\t\t\t\t<div class=\"blockG\" id=\"rotateG_07\"><\/div>\n\t\t\t\t<div class=\"blockG\" id=\"rotateG_08\"><\/div>\n\t\t\t<\/div>\n\t\t\t<div class=\"WooZone-cross-sell-loader-text\"><\/div>\n\t\t<\/div>\n\t<\/div>\n\n\t\t\n<\/div>\n<div style=\"clear:both;\"><\/div><\/p>\n","protected":false},"excerpt":{"rendered":"<p>HERVORRAGENDES PREIS-LEISTUNGSVERH\u00c4LTNIS: Hochdosiert mit 660mg Acerola Extrakt pro Kapsel. Mit hohem nat\u00fcrlichen Vitamin C-Gehalt. Premium: Vollspektrum-Extrakt mit wertvollen Pflanzenstoffen schonend mit Wasser extrahiert (ohne Einsatz von Chemie) aus franz\u00f6sischer Herstellung. 180 Kapseln f\u00fcr 6 Monate. ACHTUNG: Viele Hersteller geben den Gehalt pro Tagesdosis an (Meist 2 oder mehr Kapseln).<br \/>\nVEGAN &amp; OHNE UNERW\u00dcNSCHTE ZUS\u00c4TZE wie Magnesiumstearat, Trennmittel, Aromen, Farbstoffe, Stabilisatoren, F\u00fcllstoffe, Gelatine und selbstverst\u00e4ndlich auch GMO-frei, laktosefrei, glutenfrei &amp; ohne Konservierungsstoffe.<br \/>\nUNABH\u00c4NGIG LABORGEPR\u00dcFT auf Vitamin C-Gehalt, Schwermetalle, Schimmelpilze, E. Coli, Salmonellen und mehr. Untersuchung durchgef\u00fchrt von einem nach DIN EN ISO\/IEC 17025 zertifizierten deutschen Labor. (Analysezertifikat: Siehe Produktbilder)<\/p>\n","protected":false},"featured_media":61128,"comment_status":"open","ping_status":"closed","template":"","meta":[],"product_brand":[],"product_cat":[566,6375],"product_tag":[],"class_list":{"0":"post-61127","1":"product","2":"type-product","3":"status-publish","4":"has-post-thumbnail","6":"product_cat-drogerie-koerperpflege","7":"product_cat-vitamine-mineralien-ergaenzungsmittel","8":"pa_brand-natural-elements","9":"pa_manufacturer-natural-elements","10":"pa_size-180-stueck-1er-pack","11":"pa_weight-139-gramm","13":"first","14":"instock","15":"shipping-taxable","16":"purchasable","17":"product-type-simple","18":"customify-col","19":"product-has-gallery"},"yoast_head":"<!-- This site is optimized with the Yoast SEO plugin v27.4 - https:\/\/yoast.com\/product\/yoast-seo-wordpress\/ -->\n<title>Acerola Kapseln - Nat\u00fcrliches Vitamin C hochdosiert - 180 vegane Kapseln mit 660mg Acerola Extrakt - 6 Monatsvorrat\u2026 - Markt-XXL<\/title>\n<meta name=\"description\" content=\"Markt-XXL Acerola Kapseln - Nat\u00fcrliches Vitamin C hochdosiert - 180 vegane Kapseln mit 660mg Acerola Extrakt - 6 Monatsvorrat\u2026\" \/>\n<meta name=\"robots\" content=\"index, follow, max-snippet:-1, max-image-preview:large, max-video-preview:-1\" \/>\n<link rel=\"canonical\" href=\"https:\/\/marktxxl.de\/markt\/produkt\/acerola-kapseln-natuerliches-vitamin-c-180-vegane-kapseln-fuer-6-monate-laborgeprueft-ohne-unerwuenschte-zusaetze\/\" \/>\n<meta property=\"og:locale\" content=\"de_DE\" \/>\n<meta property=\"og:type\" content=\"article\" \/>\n<meta property=\"og:title\" content=\"Acerola Kapseln - Nat\u00fcrliches Vitamin C hochdosiert - 180 vegane Kapseln mit 660mg Acerola Extrakt - 6 Monatsvorrat\u2026 - Markt-XXL\" \/>\n<meta property=\"og:description\" content=\"Markt-XXL Acerola Kapseln - Nat\u00fcrliches Vitamin C hochdosiert - 180 vegane Kapseln mit 660mg Acerola Extrakt - 6 Monatsvorrat\u2026\" \/>\n<meta property=\"og:url\" content=\"https:\/\/marktxxl.de\/markt\/produkt\/acerola-kapseln-natuerliches-vitamin-c-180-vegane-kapseln-fuer-6-monate-laborgeprueft-ohne-unerwuenschte-zusaetze\/\" \/>\n<meta property=\"og:site_name\" content=\"Markt-XXL\" \/>\n<meta property=\"article:modified_time\" content=\"2023-04-02T22:59:17+00:00\" \/>\n<meta property=\"og:image\" content=\"https:\/\/m.media-amazon.com\/images\/I\/41LbwZhbi+L._SL500_.jpg\" \/>\n\t<meta property=\"og:image:width\" content=\"278\" \/>\n\t<meta property=\"og:image:height\" content=\"500\" \/>\n\t<meta property=\"og:image:type\" content=\"image\/jpeg\" \/>\n<meta name=\"twitter:card\" content=\"summary_large_image\" \/>\n<meta name=\"twitter:label1\" content=\"Gesch\u00e4tzte Lesezeit\" \/>\n\t<meta name=\"twitter:data1\" content=\"1\u00a0Minute\" \/>\n<script type=\"application\/ld+json\" class=\"yoast-schema-graph\">{\"@context\":\"https:\\\/\\\/schema.org\",\"@graph\":[{\"@type\":\"WebPage\",\"@id\":\"https:\\\/\\\/marktxxl.de\\\/markt\\\/produkt\\\/acerola-kapseln-natuerliches-vitamin-c-180-vegane-kapseln-fuer-6-monate-laborgeprueft-ohne-unerwuenschte-zusaetze\\\/\",\"url\":\"https:\\\/\\\/marktxxl.de\\\/markt\\\/produkt\\\/acerola-kapseln-natuerliches-vitamin-c-180-vegane-kapseln-fuer-6-monate-laborgeprueft-ohne-unerwuenschte-zusaetze\\\/\",\"name\":\"Acerola Kapseln - Nat\u00fcrliches Vitamin C hochdosiert - 180 vegane Kapseln mit 660mg Acerola Extrakt - 6 Monatsvorrat\u2026 - Markt-XXL\",\"isPartOf\":{\"@id\":\"https:\\\/\\\/marktxxl.de\\\/markt\\\/#website\"},\"primaryImageOfPage\":{\"@id\":\"https:\\\/\\\/marktxxl.de\\\/markt\\\/produkt\\\/acerola-kapseln-natuerliches-vitamin-c-180-vegane-kapseln-fuer-6-monate-laborgeprueft-ohne-unerwuenschte-zusaetze\\\/#primaryimage\"},\"image\":{\"@id\":\"https:\\\/\\\/marktxxl.de\\\/markt\\\/produkt\\\/acerola-kapseln-natuerliches-vitamin-c-180-vegane-kapseln-fuer-6-monate-laborgeprueft-ohne-unerwuenschte-zusaetze\\\/#primaryimage\"},\"thumbnailUrl\":\"https:\\\/\\\/m.media-amazon.com\\\/images\\\/I\\\/41LbwZhbi+L._SL500_.jpg\",\"datePublished\":\"2021-10-26T15:27:24+00:00\",\"dateModified\":\"2023-04-02T22:59:17+00:00\",\"description\":\"Markt-XXL Acerola Kapseln - Nat\u00fcrliches Vitamin C hochdosiert - 180 vegane Kapseln mit 660mg Acerola Extrakt - 6 Monatsvorrat\u2026\",\"breadcrumb\":{\"@id\":\"https:\\\/\\\/marktxxl.de\\\/markt\\\/produkt\\\/acerola-kapseln-natuerliches-vitamin-c-180-vegane-kapseln-fuer-6-monate-laborgeprueft-ohne-unerwuenschte-zusaetze\\\/#breadcrumb\"},\"inLanguage\":\"de\",\"potentialAction\":[{\"@type\":\"ReadAction\",\"target\":[\"https:\\\/\\\/marktxxl.de\\\/markt\\\/produkt\\\/acerola-kapseln-natuerliches-vitamin-c-180-vegane-kapseln-fuer-6-monate-laborgeprueft-ohne-unerwuenschte-zusaetze\\\/\"]}]},{\"@type\":\"ImageObject\",\"inLanguage\":\"de\",\"@id\":\"https:\\\/\\\/marktxxl.de\\\/markt\\\/produkt\\\/acerola-kapseln-natuerliches-vitamin-c-180-vegane-kapseln-fuer-6-monate-laborgeprueft-ohne-unerwuenschte-zusaetze\\\/#primaryimage\",\"url\":\"https:\\\/\\\/m.media-amazon.com\\\/images\\\/I\\\/41LbwZhbi+L._SL500_.jpg\",\"contentUrl\":\"https:\\\/\\\/m.media-amazon.com\\\/images\\\/I\\\/41LbwZhbi+L._SL500_.jpg\",\"width\":278,\"height\":500},{\"@type\":\"BreadcrumbList\",\"@id\":\"https:\\\/\\\/marktxxl.de\\\/markt\\\/produkt\\\/acerola-kapseln-natuerliches-vitamin-c-180-vegane-kapseln-fuer-6-monate-laborgeprueft-ohne-unerwuenschte-zusaetze\\\/#breadcrumb\",\"itemListElement\":[{\"@type\":\"ListItem\",\"position\":1,\"name\":\"Startseite\",\"item\":\"https:\\\/\\\/marktxxl.de\\\/markt\\\/\"},{\"@type\":\"ListItem\",\"position\":2,\"name\":\"Markt\",\"item\":\"https:\\\/\\\/marktxxl.de\\\/markt\\\/\"},{\"@type\":\"ListItem\",\"position\":3,\"name\":\"Acerola Kapseln &#8211; Nat\u00fcrliches Vitamin C hochdosiert &#8211; 180 vegane Kapseln mit 660mg Acerola Extrakt &#8211; 6 Monatsvorrat\u2026\"}]},{\"@type\":\"WebSite\",\"@id\":\"https:\\\/\\\/marktxxl.de\\\/markt\\\/#website\",\"url\":\"https:\\\/\\\/marktxxl.de\\\/markt\\\/\",\"name\":\"Markt-XXL\",\"description\":\"Ihr Markt Online\",\"publisher\":{\"@id\":\"https:\\\/\\\/marktxxl.de\\\/markt\\\/#organization\"},\"potentialAction\":[{\"@type\":\"SearchAction\",\"target\":{\"@type\":\"EntryPoint\",\"urlTemplate\":\"https:\\\/\\\/marktxxl.de\\\/markt\\\/?s={search_term_string}\"},\"query-input\":{\"@type\":\"PropertyValueSpecification\",\"valueRequired\":true,\"valueName\":\"search_term_string\"}}],\"inLanguage\":\"de\"},{\"@type\":\"Organization\",\"@id\":\"https:\\\/\\\/marktxxl.de\\\/markt\\\/#organization\",\"name\":\"Markt-XXL\",\"url\":\"https:\\\/\\\/marktxxl.de\\\/markt\\\/\",\"logo\":{\"@type\":\"ImageObject\",\"inLanguage\":\"de\",\"@id\":\"https:\\\/\\\/marktxxl.de\\\/markt\\\/#\\\/schema\\\/logo\\\/image\\\/\",\"url\":\"https:\\\/\\\/marktxxl.de\\\/markt\\\/wp-content\\\/uploads\\\/sites\\\/3\\\/2020\\\/12\\\/logo.png\",\"contentUrl\":\"https:\\\/\\\/marktxxl.de\\\/markt\\\/wp-content\\\/uploads\\\/sites\\\/3\\\/2020\\\/12\\\/logo.png\",\"width\":200,\"height\":70,\"caption\":\"Markt-XXL\"},\"image\":{\"@id\":\"https:\\\/\\\/marktxxl.de\\\/markt\\\/#\\\/schema\\\/logo\\\/image\\\/\"}}]}<\/script>\n<!-- \/ Yoast SEO plugin. -->","yoast_head_json":{"title":"Acerola Kapseln - Nat\u00fcrliches Vitamin C hochdosiert - 180 vegane Kapseln mit 660mg Acerola Extrakt - 6 Monatsvorrat\u2026 - Markt-XXL","description":"Markt-XXL Acerola Kapseln - Nat\u00fcrliches Vitamin C hochdosiert - 180 vegane Kapseln mit 660mg Acerola Extrakt - 6 Monatsvorrat\u2026","robots":{"index":"index","follow":"follow","max-snippet":"max-snippet:-1","max-image-preview":"max-image-preview:large","max-video-preview":"max-video-preview:-1"},"canonical":"https:\/\/marktxxl.de\/markt\/produkt\/acerola-kapseln-natuerliches-vitamin-c-180-vegane-kapseln-fuer-6-monate-laborgeprueft-ohne-unerwuenschte-zusaetze\/","og_locale":"de_DE","og_type":"article","og_title":"Acerola Kapseln - Nat\u00fcrliches Vitamin C hochdosiert - 180 vegane Kapseln mit 660mg Acerola Extrakt - 6 Monatsvorrat\u2026 - Markt-XXL","og_description":"Markt-XXL Acerola Kapseln - Nat\u00fcrliches Vitamin C hochdosiert - 180 vegane Kapseln mit 660mg Acerola Extrakt - 6 Monatsvorrat\u2026","og_url":"https:\/\/marktxxl.de\/markt\/produkt\/acerola-kapseln-natuerliches-vitamin-c-180-vegane-kapseln-fuer-6-monate-laborgeprueft-ohne-unerwuenschte-zusaetze\/","og_site_name":"Markt-XXL","article_modified_time":"2023-04-02T22:59:17+00:00","og_image":[{"width":278,"height":500,"url":"https:\/\/m.media-amazon.com\/images\/I\/41LbwZhbi+L._SL500_.jpg","type":"image\/jpeg"}],"twitter_card":"summary_large_image","twitter_misc":{"Gesch\u00e4tzte Lesezeit":"1\u00a0Minute"},"schema":{"@context":"https:\/\/schema.org","@graph":[{"@type":"WebPage","@id":"https:\/\/marktxxl.de\/markt\/produkt\/acerola-kapseln-natuerliches-vitamin-c-180-vegane-kapseln-fuer-6-monate-laborgeprueft-ohne-unerwuenschte-zusaetze\/","url":"https:\/\/marktxxl.de\/markt\/produkt\/acerola-kapseln-natuerliches-vitamin-c-180-vegane-kapseln-fuer-6-monate-laborgeprueft-ohne-unerwuenschte-zusaetze\/","name":"Acerola Kapseln - Nat\u00fcrliches Vitamin C hochdosiert - 180 vegane Kapseln mit 660mg Acerola Extrakt - 6 Monatsvorrat\u2026 - Markt-XXL","isPartOf":{"@id":"https:\/\/marktxxl.de\/markt\/#website"},"primaryImageOfPage":{"@id":"https:\/\/marktxxl.de\/markt\/produkt\/acerola-kapseln-natuerliches-vitamin-c-180-vegane-kapseln-fuer-6-monate-laborgeprueft-ohne-unerwuenschte-zusaetze\/#primaryimage"},"image":{"@id":"https:\/\/marktxxl.de\/markt\/produkt\/acerola-kapseln-natuerliches-vitamin-c-180-vegane-kapseln-fuer-6-monate-laborgeprueft-ohne-unerwuenschte-zusaetze\/#primaryimage"},"thumbnailUrl":"https:\/\/m.media-amazon.com\/images\/I\/41LbwZhbi+L._SL500_.jpg","datePublished":"2021-10-26T15:27:24+00:00","dateModified":"2023-04-02T22:59:17+00:00","description":"Markt-XXL Acerola Kapseln - Nat\u00fcrliches Vitamin C hochdosiert - 180 vegane Kapseln mit 660mg Acerola Extrakt - 6 Monatsvorrat\u2026","breadcrumb":{"@id":"https:\/\/marktxxl.de\/markt\/produkt\/acerola-kapseln-natuerliches-vitamin-c-180-vegane-kapseln-fuer-6-monate-laborgeprueft-ohne-unerwuenschte-zusaetze\/#breadcrumb"},"inLanguage":"de","potentialAction":[{"@type":"ReadAction","target":["https:\/\/marktxxl.de\/markt\/produkt\/acerola-kapseln-natuerliches-vitamin-c-180-vegane-kapseln-fuer-6-monate-laborgeprueft-ohne-unerwuenschte-zusaetze\/"]}]},{"@type":"ImageObject","inLanguage":"de","@id":"https:\/\/marktxxl.de\/markt\/produkt\/acerola-kapseln-natuerliches-vitamin-c-180-vegane-kapseln-fuer-6-monate-laborgeprueft-ohne-unerwuenschte-zusaetze\/#primaryimage","url":"https:\/\/m.media-amazon.com\/images\/I\/41LbwZhbi+L._SL500_.jpg","contentUrl":"https:\/\/m.media-amazon.com\/images\/I\/41LbwZhbi+L._SL500_.jpg","width":278,"height":500},{"@type":"BreadcrumbList","@id":"https:\/\/marktxxl.de\/markt\/produkt\/acerola-kapseln-natuerliches-vitamin-c-180-vegane-kapseln-fuer-6-monate-laborgeprueft-ohne-unerwuenschte-zusaetze\/#breadcrumb","itemListElement":[{"@type":"ListItem","position":1,"name":"Startseite","item":"https:\/\/marktxxl.de\/markt\/"},{"@type":"ListItem","position":2,"name":"Markt","item":"https:\/\/marktxxl.de\/markt\/"},{"@type":"ListItem","position":3,"name":"Acerola Kapseln &#8211; Nat\u00fcrliches Vitamin C hochdosiert &#8211; 180 vegane Kapseln mit 660mg Acerola Extrakt &#8211; 6 Monatsvorrat\u2026"}]},{"@type":"WebSite","@id":"https:\/\/marktxxl.de\/markt\/#website","url":"https:\/\/marktxxl.de\/markt\/","name":"Markt-XXL","description":"Ihr Markt Online","publisher":{"@id":"https:\/\/marktxxl.de\/markt\/#organization"},"potentialAction":[{"@type":"SearchAction","target":{"@type":"EntryPoint","urlTemplate":"https:\/\/marktxxl.de\/markt\/?s={search_term_string}"},"query-input":{"@type":"PropertyValueSpecification","valueRequired":true,"valueName":"search_term_string"}}],"inLanguage":"de"},{"@type":"Organization","@id":"https:\/\/marktxxl.de\/markt\/#organization","name":"Markt-XXL","url":"https:\/\/marktxxl.de\/markt\/","logo":{"@type":"ImageObject","inLanguage":"de","@id":"https:\/\/marktxxl.de\/markt\/#\/schema\/logo\/image\/","url":"https:\/\/marktxxl.de\/markt\/wp-content\/uploads\/sites\/3\/2020\/12\/logo.png","contentUrl":"https:\/\/marktxxl.de\/markt\/wp-content\/uploads\/sites\/3\/2020\/12\/logo.png","width":200,"height":70,"caption":"Markt-XXL"},"image":{"@id":"https:\/\/marktxxl.de\/markt\/#\/schema\/logo\/image\/"}}]}},"_links":{"self":[{"href":"https:\/\/marktxxl.de\/markt\/wp-json\/wp\/v2\/product\/61127","targetHints":{"allow":["GET"]}}],"collection":[{"href":"https:\/\/marktxxl.de\/markt\/wp-json\/wp\/v2\/product"}],"about":[{"href":"https:\/\/marktxxl.de\/markt\/wp-json\/wp\/v2\/types\/product"}],"replies":[{"embeddable":true,"href":"https:\/\/marktxxl.de\/markt\/wp-json\/wp\/v2\/comments?post=61127"}],"wp:featuredmedia":[{"embeddable":true,"href":"https:\/\/marktxxl.de\/markt\/wp-json\/wp\/v2\/media\/61128"}],"wp:attachment":[{"href":"https:\/\/marktxxl.de\/markt\/wp-json\/wp\/v2\/media?parent=61127"}],"wp:term":[{"taxonomy":"product_brand","embeddable":true,"href":"https:\/\/marktxxl.de\/markt\/wp-json\/wp\/v2\/product_brand?post=61127"},{"taxonomy":"product_cat","embeddable":true,"href":"https:\/\/marktxxl.de\/markt\/wp-json\/wp\/v2\/product_cat?post=61127"},{"taxonomy":"product_tag","embeddable":true,"href":"https:\/\/marktxxl.de\/markt\/wp-json\/wp\/v2\/product_tag?post=61127"}],"curies":[{"name":"wp","href":"https:\/\/api.w.org\/{rel}","templated":true}]}}