{"id":61100,"date":"2021-10-26T17:24:23","date_gmt":"2021-10-26T15:24:23","guid":{"rendered":"https:\/\/marktxxl.de\/markt\/produkt\/mommed-80-ovulationstest-und-25-schwangerschaftstesthcg25-lh80-hcg-teststreifen-lh-teststreifen-mit-105-urinbechern-ovulation-tests-hochgenauer-fruchtbarkeitstest-fuer-frauen\/"},"modified":"2023-04-03T00:59:16","modified_gmt":"2023-04-02T22:59:16","slug":"mommed-80-ovulationstest-und-25-schwangerschaftstesthcg25-lh80-hcg-teststreifen-lh-teststreifen-mit-105-urinbechern-ovulation-tests-hochgenauer-fruchtbarkeitstest-fuer-frauen","status":"publish","type":"product","link":"https:\/\/marktxxl.de\/markt\/produkt\/mommed-80-ovulationstest-und-25-schwangerschaftstesthcg25-lh80-hcg-teststreifen-lh-teststreifen-mit-105-urinbechern-ovulation-tests-hochgenauer-fruchtbarkeitstest-fuer-frauen\/","title":{"rendered":"MomMed 80 Ovulationstest und 25 Schwangerschaftstest(HCG25-LH80), HCG teststreifen, LH teststreifen mit 105 Urinbechern\u2026"},"content":{"rendered":"<p>GENAUE PR\u00dcFUNG: Der Fruchtbarkeitstest f\u00fcr Frauen mit einer Genauigkeit von \u00fcber 99% gibt Ihnen sicheres Vertrauen. Der Schwangerschaftstest und der Ovulationstest haben eine Standardempfindlichkeit von 25 mIU \/ ml, was sie zuverl\u00e4ssig und vertrauensw\u00fcrdig macht.<br \/>\nBEHALTEN SIE DEN SPUR: Wenn Sie versuchen, schwanger zu werden, ist es \u00e4u\u00dferst wichtig, einen genauen \u00dcberblick \u00fcber Ihre vorherigen Daten zu erhalten, da diese hervorragende Indikatoren f\u00fcr Ihre individuellen Fruchtbarkeitsperioden sind. Unsere praktische Zeiterfassungstabelle wird Ihnen sicherlich das Leben leichter machen!<br \/>\nEINFACHE ANWENDUNG: Schwangerschaftstests und Ovulationstests bestimmen schnell Ihren Anstieg des LH-Hormonspiegels und des HCG, um die Erkennung einer Schwangerschaft zu unterst\u00fctzen. Unsere mitgelieferten Urinbecher sind einfach zu verwenden, damit Sie unsere HCG \/ LH-Teststreifen eintauchen k\u00f6nnen. Einzeln verpackte und versiegelte Verpackungen sind leicht zu transportieren und k\u00f6nnen \u00fcberall hin mitgenommen werden.<br \/>\nKOMPLETTES SET: Bist du bereit, deinen Engel zu treffen? Der Fruchtbarkeitstest enth\u00e4lt alles, was Sie zu Hause testen m\u00fcssen, um festzustellen, ob Sie schwanger sind! Sie erhalten 25 Schwangerschaftstests, 80 Ovulationstests, 105 Urinbecher, eine Zeiterfassungstabelle und eine Bedienungsanleitung.<br \/>\nNACHVERKAUFSDIENST: Wenn Sie uns wegen eines Produktproblems erreichen, sind wir immer f\u00fcr unseren Ovulationstest verantwortlich. Reagieren Sie rechtzeitig innerhalb von 24 Stunden.<br \/>\n<div class=\"main-cross-sell\" data-asin=\"B0872BL6FG\">\n\n\t<div class=\"WooZone-cross-sell-loader\">\n\t\t<div>\n\t\t\t<div id=\"floatingBarsG\">\n\t\t\t\t<div class=\"blockG\" id=\"rotateG_01\"><\/div>\n\t\t\t\t<div class=\"blockG\" id=\"rotateG_02\"><\/div>\n\t\t\t\t<div class=\"blockG\" id=\"rotateG_03\"><\/div>\n\t\t\t\t<div class=\"blockG\" id=\"rotateG_04\"><\/div>\n\t\t\t\t<div class=\"blockG\" id=\"rotateG_05\"><\/div>\n\t\t\t\t<div class=\"blockG\" id=\"rotateG_06\"><\/div>\n\t\t\t\t<div class=\"blockG\" id=\"rotateG_07\"><\/div>\n\t\t\t\t<div class=\"blockG\" id=\"rotateG_08\"><\/div>\n\t\t\t<\/div>\n\t\t\t<div class=\"WooZone-cross-sell-loader-text\"><\/div>\n\t\t<\/div>\n\t<\/div>\n\n\t\t\n<\/div>\n<div style=\"clear:both;\"><\/div><\/p>\n","protected":false},"excerpt":{"rendered":"<p>GENAUE PR\u00dcFUNG: Der Fruchtbarkeitstest f\u00fcr Frauen mit einer Genauigkeit von \u00fcber 99% gibt Ihnen sicheres Vertrauen. Der Schwangerschaftstest und der Ovulationstest haben eine Standardempfindlichkeit von 25 mIU \/ ml, was sie zuverl\u00e4ssig und vertrauensw\u00fcrdig macht.<br \/>\nBEHALTEN SIE DEN SPUR: Wenn Sie versuchen, schwanger zu werden, ist es \u00e4u\u00dferst wichtig, einen genauen \u00dcberblick \u00fcber Ihre vorherigen Daten zu erhalten, da diese hervorragende Indikatoren f\u00fcr Ihre individuellen Fruchtbarkeitsperioden sind. Unsere praktische Zeiterfassungstabelle wird Ihnen sicherlich das Leben leichter machen!<br \/>\nEINFACHE ANWENDUNG: Schwangerschaftstests und Ovulationstests bestimmen schnell Ihren Anstieg des LH-Hormonspiegels und des HCG, um die Erkennung einer Schwangerschaft zu unterst\u00fctzen. Unsere mitgelieferten Urinbecher sind einfach zu verwenden, damit Sie unsere HCG \/ LH-Teststreifen eintauchen k\u00f6nnen. Einzeln verpackte und versiegelte Verpackungen sind leicht zu transportieren und k\u00f6nnen \u00fcberall hin mitgenommen werden.<\/p>\n","protected":false},"featured_media":61101,"comment_status":"open","ping_status":"closed","template":"","meta":[],"product_brand":[],"product_cat":[566,6291],"product_tag":[],"class_list":{"0":"post-61100","1":"product","2":"type-product","3":"status-publish","4":"has-post-thumbnail","6":"product_cat-drogerie-koerperpflege","7":"product_cat-schwangerschaft","8":"pa_brand-mommed","9":"pa_manufacturer-mommed","11":"first","12":"instock","13":"shipping-taxable","14":"purchasable","15":"product-type-simple","16":"customify-col","17":"product-has-gallery"},"yoast_head":"<!-- This site is optimized with the Yoast SEO plugin v27.4 - https:\/\/yoast.com\/product\/yoast-seo-wordpress\/ -->\n<title>MomMed 80 Ovulationstest und 25 Schwangerschaftstest(HCG25-LH80), HCG teststreifen, LH teststreifen mit 105 Urinbechern\u2026 - Markt-XXL<\/title>\n<meta name=\"description\" content=\"Markt-XXL MomMed 80 Ovulationstest und 25 Schwangerschaftstest(HCG25-LH80), HCG teststreifen, LH teststreifen mit 105 Urinbechern\u2026\" \/>\n<meta name=\"robots\" content=\"index, follow, max-snippet:-1, max-image-preview:large, max-video-preview:-1\" \/>\n<link rel=\"canonical\" href=\"https:\/\/marktxxl.de\/markt\/produkt\/mommed-80-ovulationstest-und-25-schwangerschaftstesthcg25-lh80-hcg-teststreifen-lh-teststreifen-mit-105-urinbechern-ovulation-tests-hochgenauer-fruchtbarkeitstest-fuer-frauen\/\" \/>\n<meta property=\"og:locale\" content=\"de_DE\" \/>\n<meta property=\"og:type\" content=\"article\" \/>\n<meta property=\"og:title\" content=\"MomMed 80 Ovulationstest und 25 Schwangerschaftstest(HCG25-LH80), HCG teststreifen, LH teststreifen mit 105 Urinbechern\u2026 - Markt-XXL\" \/>\n<meta property=\"og:description\" content=\"Markt-XXL MomMed 80 Ovulationstest und 25 Schwangerschaftstest(HCG25-LH80), HCG teststreifen, LH teststreifen mit 105 Urinbechern\u2026\" \/>\n<meta property=\"og:url\" content=\"https:\/\/marktxxl.de\/markt\/produkt\/mommed-80-ovulationstest-und-25-schwangerschaftstesthcg25-lh80-hcg-teststreifen-lh-teststreifen-mit-105-urinbechern-ovulation-tests-hochgenauer-fruchtbarkeitstest-fuer-frauen\/\" \/>\n<meta property=\"og:site_name\" content=\"Markt-XXL\" \/>\n<meta property=\"article:modified_time\" content=\"2023-04-02T22:59:16+00:00\" \/>\n<meta property=\"og:image\" content=\"https:\/\/m.media-amazon.com\/images\/I\/519Tu2DFHJS._SL500_.jpg\" \/>\n\t<meta property=\"og:image:width\" content=\"500\" \/>\n\t<meta property=\"og:image:height\" content=\"500\" \/>\n\t<meta property=\"og:image:type\" content=\"image\/jpeg\" \/>\n<meta name=\"twitter:card\" content=\"summary_large_image\" \/>\n<meta name=\"twitter:label1\" content=\"Gesch\u00e4tzte Lesezeit\" \/>\n\t<meta name=\"twitter:data1\" content=\"1\u00a0Minute\" \/>\n<script type=\"application\/ld+json\" class=\"yoast-schema-graph\">{\"@context\":\"https:\\\/\\\/schema.org\",\"@graph\":[{\"@type\":\"WebPage\",\"@id\":\"https:\\\/\\\/marktxxl.de\\\/markt\\\/produkt\\\/mommed-80-ovulationstest-und-25-schwangerschaftstesthcg25-lh80-hcg-teststreifen-lh-teststreifen-mit-105-urinbechern-ovulation-tests-hochgenauer-fruchtbarkeitstest-fuer-frauen\\\/\",\"url\":\"https:\\\/\\\/marktxxl.de\\\/markt\\\/produkt\\\/mommed-80-ovulationstest-und-25-schwangerschaftstesthcg25-lh80-hcg-teststreifen-lh-teststreifen-mit-105-urinbechern-ovulation-tests-hochgenauer-fruchtbarkeitstest-fuer-frauen\\\/\",\"name\":\"MomMed 80 Ovulationstest und 25 Schwangerschaftstest(HCG25-LH80), HCG teststreifen, LH teststreifen mit 105 Urinbechern\u2026 - Markt-XXL\",\"isPartOf\":{\"@id\":\"https:\\\/\\\/marktxxl.de\\\/markt\\\/#website\"},\"primaryImageOfPage\":{\"@id\":\"https:\\\/\\\/marktxxl.de\\\/markt\\\/produkt\\\/mommed-80-ovulationstest-und-25-schwangerschaftstesthcg25-lh80-hcg-teststreifen-lh-teststreifen-mit-105-urinbechern-ovulation-tests-hochgenauer-fruchtbarkeitstest-fuer-frauen\\\/#primaryimage\"},\"image\":{\"@id\":\"https:\\\/\\\/marktxxl.de\\\/markt\\\/produkt\\\/mommed-80-ovulationstest-und-25-schwangerschaftstesthcg25-lh80-hcg-teststreifen-lh-teststreifen-mit-105-urinbechern-ovulation-tests-hochgenauer-fruchtbarkeitstest-fuer-frauen\\\/#primaryimage\"},\"thumbnailUrl\":\"https:\\\/\\\/m.media-amazon.com\\\/images\\\/I\\\/519Tu2DFHJS._SL500_.jpg\",\"datePublished\":\"2021-10-26T15:24:23+00:00\",\"dateModified\":\"2023-04-02T22:59:16+00:00\",\"description\":\"Markt-XXL MomMed 80 Ovulationstest und 25 Schwangerschaftstest(HCG25-LH80), HCG teststreifen, LH teststreifen mit 105 Urinbechern\u2026\",\"breadcrumb\":{\"@id\":\"https:\\\/\\\/marktxxl.de\\\/markt\\\/produkt\\\/mommed-80-ovulationstest-und-25-schwangerschaftstesthcg25-lh80-hcg-teststreifen-lh-teststreifen-mit-105-urinbechern-ovulation-tests-hochgenauer-fruchtbarkeitstest-fuer-frauen\\\/#breadcrumb\"},\"inLanguage\":\"de\",\"potentialAction\":[{\"@type\":\"ReadAction\",\"target\":[\"https:\\\/\\\/marktxxl.de\\\/markt\\\/produkt\\\/mommed-80-ovulationstest-und-25-schwangerschaftstesthcg25-lh80-hcg-teststreifen-lh-teststreifen-mit-105-urinbechern-ovulation-tests-hochgenauer-fruchtbarkeitstest-fuer-frauen\\\/\"]}]},{\"@type\":\"ImageObject\",\"inLanguage\":\"de\",\"@id\":\"https:\\\/\\\/marktxxl.de\\\/markt\\\/produkt\\\/mommed-80-ovulationstest-und-25-schwangerschaftstesthcg25-lh80-hcg-teststreifen-lh-teststreifen-mit-105-urinbechern-ovulation-tests-hochgenauer-fruchtbarkeitstest-fuer-frauen\\\/#primaryimage\",\"url\":\"https:\\\/\\\/m.media-amazon.com\\\/images\\\/I\\\/519Tu2DFHJS._SL500_.jpg\",\"contentUrl\":\"https:\\\/\\\/m.media-amazon.com\\\/images\\\/I\\\/519Tu2DFHJS._SL500_.jpg\",\"width\":500,\"height\":500},{\"@type\":\"BreadcrumbList\",\"@id\":\"https:\\\/\\\/marktxxl.de\\\/markt\\\/produkt\\\/mommed-80-ovulationstest-und-25-schwangerschaftstesthcg25-lh80-hcg-teststreifen-lh-teststreifen-mit-105-urinbechern-ovulation-tests-hochgenauer-fruchtbarkeitstest-fuer-frauen\\\/#breadcrumb\",\"itemListElement\":[{\"@type\":\"ListItem\",\"position\":1,\"name\":\"Startseite\",\"item\":\"https:\\\/\\\/marktxxl.de\\\/markt\\\/\"},{\"@type\":\"ListItem\",\"position\":2,\"name\":\"Markt\",\"item\":\"https:\\\/\\\/marktxxl.de\\\/markt\\\/\"},{\"@type\":\"ListItem\",\"position\":3,\"name\":\"MomMed 80 Ovulationstest und 25 Schwangerschaftstest(HCG25-LH80), HCG teststreifen, LH teststreifen mit 105 Urinbechern\u2026\"}]},{\"@type\":\"WebSite\",\"@id\":\"https:\\\/\\\/marktxxl.de\\\/markt\\\/#website\",\"url\":\"https:\\\/\\\/marktxxl.de\\\/markt\\\/\",\"name\":\"Markt-XXL\",\"description\":\"Ihr Markt Online\",\"publisher\":{\"@id\":\"https:\\\/\\\/marktxxl.de\\\/markt\\\/#organization\"},\"potentialAction\":[{\"@type\":\"SearchAction\",\"target\":{\"@type\":\"EntryPoint\",\"urlTemplate\":\"https:\\\/\\\/marktxxl.de\\\/markt\\\/?s={search_term_string}\"},\"query-input\":{\"@type\":\"PropertyValueSpecification\",\"valueRequired\":true,\"valueName\":\"search_term_string\"}}],\"inLanguage\":\"de\"},{\"@type\":\"Organization\",\"@id\":\"https:\\\/\\\/marktxxl.de\\\/markt\\\/#organization\",\"name\":\"Markt-XXL\",\"url\":\"https:\\\/\\\/marktxxl.de\\\/markt\\\/\",\"logo\":{\"@type\":\"ImageObject\",\"inLanguage\":\"de\",\"@id\":\"https:\\\/\\\/marktxxl.de\\\/markt\\\/#\\\/schema\\\/logo\\\/image\\\/\",\"url\":\"https:\\\/\\\/marktxxl.de\\\/markt\\\/wp-content\\\/uploads\\\/sites\\\/3\\\/2020\\\/12\\\/logo.png\",\"contentUrl\":\"https:\\\/\\\/marktxxl.de\\\/markt\\\/wp-content\\\/uploads\\\/sites\\\/3\\\/2020\\\/12\\\/logo.png\",\"width\":200,\"height\":70,\"caption\":\"Markt-XXL\"},\"image\":{\"@id\":\"https:\\\/\\\/marktxxl.de\\\/markt\\\/#\\\/schema\\\/logo\\\/image\\\/\"}}]}<\/script>\n<!-- \/ Yoast SEO plugin. -->","yoast_head_json":{"title":"MomMed 80 Ovulationstest und 25 Schwangerschaftstest(HCG25-LH80), HCG teststreifen, LH teststreifen mit 105 Urinbechern\u2026 - Markt-XXL","description":"Markt-XXL MomMed 80 Ovulationstest und 25 Schwangerschaftstest(HCG25-LH80), HCG teststreifen, LH teststreifen mit 105 Urinbechern\u2026","robots":{"index":"index","follow":"follow","max-snippet":"max-snippet:-1","max-image-preview":"max-image-preview:large","max-video-preview":"max-video-preview:-1"},"canonical":"https:\/\/marktxxl.de\/markt\/produkt\/mommed-80-ovulationstest-und-25-schwangerschaftstesthcg25-lh80-hcg-teststreifen-lh-teststreifen-mit-105-urinbechern-ovulation-tests-hochgenauer-fruchtbarkeitstest-fuer-frauen\/","og_locale":"de_DE","og_type":"article","og_title":"MomMed 80 Ovulationstest und 25 Schwangerschaftstest(HCG25-LH80), HCG teststreifen, LH teststreifen mit 105 Urinbechern\u2026 - Markt-XXL","og_description":"Markt-XXL MomMed 80 Ovulationstest und 25 Schwangerschaftstest(HCG25-LH80), HCG teststreifen, LH teststreifen mit 105 Urinbechern\u2026","og_url":"https:\/\/marktxxl.de\/markt\/produkt\/mommed-80-ovulationstest-und-25-schwangerschaftstesthcg25-lh80-hcg-teststreifen-lh-teststreifen-mit-105-urinbechern-ovulation-tests-hochgenauer-fruchtbarkeitstest-fuer-frauen\/","og_site_name":"Markt-XXL","article_modified_time":"2023-04-02T22:59:16+00:00","og_image":[{"width":500,"height":500,"url":"https:\/\/m.media-amazon.com\/images\/I\/519Tu2DFHJS._SL500_.jpg","type":"image\/jpeg"}],"twitter_card":"summary_large_image","twitter_misc":{"Gesch\u00e4tzte Lesezeit":"1\u00a0Minute"},"schema":{"@context":"https:\/\/schema.org","@graph":[{"@type":"WebPage","@id":"https:\/\/marktxxl.de\/markt\/produkt\/mommed-80-ovulationstest-und-25-schwangerschaftstesthcg25-lh80-hcg-teststreifen-lh-teststreifen-mit-105-urinbechern-ovulation-tests-hochgenauer-fruchtbarkeitstest-fuer-frauen\/","url":"https:\/\/marktxxl.de\/markt\/produkt\/mommed-80-ovulationstest-und-25-schwangerschaftstesthcg25-lh80-hcg-teststreifen-lh-teststreifen-mit-105-urinbechern-ovulation-tests-hochgenauer-fruchtbarkeitstest-fuer-frauen\/","name":"MomMed 80 Ovulationstest und 25 Schwangerschaftstest(HCG25-LH80), HCG teststreifen, LH teststreifen mit 105 Urinbechern\u2026 - Markt-XXL","isPartOf":{"@id":"https:\/\/marktxxl.de\/markt\/#website"},"primaryImageOfPage":{"@id":"https:\/\/marktxxl.de\/markt\/produkt\/mommed-80-ovulationstest-und-25-schwangerschaftstesthcg25-lh80-hcg-teststreifen-lh-teststreifen-mit-105-urinbechern-ovulation-tests-hochgenauer-fruchtbarkeitstest-fuer-frauen\/#primaryimage"},"image":{"@id":"https:\/\/marktxxl.de\/markt\/produkt\/mommed-80-ovulationstest-und-25-schwangerschaftstesthcg25-lh80-hcg-teststreifen-lh-teststreifen-mit-105-urinbechern-ovulation-tests-hochgenauer-fruchtbarkeitstest-fuer-frauen\/#primaryimage"},"thumbnailUrl":"https:\/\/m.media-amazon.com\/images\/I\/519Tu2DFHJS._SL500_.jpg","datePublished":"2021-10-26T15:24:23+00:00","dateModified":"2023-04-02T22:59:16+00:00","description":"Markt-XXL MomMed 80 Ovulationstest und 25 Schwangerschaftstest(HCG25-LH80), HCG teststreifen, LH teststreifen mit 105 Urinbechern\u2026","breadcrumb":{"@id":"https:\/\/marktxxl.de\/markt\/produkt\/mommed-80-ovulationstest-und-25-schwangerschaftstesthcg25-lh80-hcg-teststreifen-lh-teststreifen-mit-105-urinbechern-ovulation-tests-hochgenauer-fruchtbarkeitstest-fuer-frauen\/#breadcrumb"},"inLanguage":"de","potentialAction":[{"@type":"ReadAction","target":["https:\/\/marktxxl.de\/markt\/produkt\/mommed-80-ovulationstest-und-25-schwangerschaftstesthcg25-lh80-hcg-teststreifen-lh-teststreifen-mit-105-urinbechern-ovulation-tests-hochgenauer-fruchtbarkeitstest-fuer-frauen\/"]}]},{"@type":"ImageObject","inLanguage":"de","@id":"https:\/\/marktxxl.de\/markt\/produkt\/mommed-80-ovulationstest-und-25-schwangerschaftstesthcg25-lh80-hcg-teststreifen-lh-teststreifen-mit-105-urinbechern-ovulation-tests-hochgenauer-fruchtbarkeitstest-fuer-frauen\/#primaryimage","url":"https:\/\/m.media-amazon.com\/images\/I\/519Tu2DFHJS._SL500_.jpg","contentUrl":"https:\/\/m.media-amazon.com\/images\/I\/519Tu2DFHJS._SL500_.jpg","width":500,"height":500},{"@type":"BreadcrumbList","@id":"https:\/\/marktxxl.de\/markt\/produkt\/mommed-80-ovulationstest-und-25-schwangerschaftstesthcg25-lh80-hcg-teststreifen-lh-teststreifen-mit-105-urinbechern-ovulation-tests-hochgenauer-fruchtbarkeitstest-fuer-frauen\/#breadcrumb","itemListElement":[{"@type":"ListItem","position":1,"name":"Startseite","item":"https:\/\/marktxxl.de\/markt\/"},{"@type":"ListItem","position":2,"name":"Markt","item":"https:\/\/marktxxl.de\/markt\/"},{"@type":"ListItem","position":3,"name":"MomMed 80 Ovulationstest und 25 Schwangerschaftstest(HCG25-LH80), HCG teststreifen, LH teststreifen mit 105 Urinbechern\u2026"}]},{"@type":"WebSite","@id":"https:\/\/marktxxl.de\/markt\/#website","url":"https:\/\/marktxxl.de\/markt\/","name":"Markt-XXL","description":"Ihr Markt Online","publisher":{"@id":"https:\/\/marktxxl.de\/markt\/#organization"},"potentialAction":[{"@type":"SearchAction","target":{"@type":"EntryPoint","urlTemplate":"https:\/\/marktxxl.de\/markt\/?s={search_term_string}"},"query-input":{"@type":"PropertyValueSpecification","valueRequired":true,"valueName":"search_term_string"}}],"inLanguage":"de"},{"@type":"Organization","@id":"https:\/\/marktxxl.de\/markt\/#organization","name":"Markt-XXL","url":"https:\/\/marktxxl.de\/markt\/","logo":{"@type":"ImageObject","inLanguage":"de","@id":"https:\/\/marktxxl.de\/markt\/#\/schema\/logo\/image\/","url":"https:\/\/marktxxl.de\/markt\/wp-content\/uploads\/sites\/3\/2020\/12\/logo.png","contentUrl":"https:\/\/marktxxl.de\/markt\/wp-content\/uploads\/sites\/3\/2020\/12\/logo.png","width":200,"height":70,"caption":"Markt-XXL"},"image":{"@id":"https:\/\/marktxxl.de\/markt\/#\/schema\/logo\/image\/"}}]}},"_links":{"self":[{"href":"https:\/\/marktxxl.de\/markt\/wp-json\/wp\/v2\/product\/61100","targetHints":{"allow":["GET"]}}],"collection":[{"href":"https:\/\/marktxxl.de\/markt\/wp-json\/wp\/v2\/product"}],"about":[{"href":"https:\/\/marktxxl.de\/markt\/wp-json\/wp\/v2\/types\/product"}],"replies":[{"embeddable":true,"href":"https:\/\/marktxxl.de\/markt\/wp-json\/wp\/v2\/comments?post=61100"}],"wp:featuredmedia":[{"embeddable":true,"href":"https:\/\/marktxxl.de\/markt\/wp-json\/wp\/v2\/media\/61101"}],"wp:attachment":[{"href":"https:\/\/marktxxl.de\/markt\/wp-json\/wp\/v2\/media?parent=61100"}],"wp:term":[{"taxonomy":"product_brand","embeddable":true,"href":"https:\/\/marktxxl.de\/markt\/wp-json\/wp\/v2\/product_brand?post=61100"},{"taxonomy":"product_cat","embeddable":true,"href":"https:\/\/marktxxl.de\/markt\/wp-json\/wp\/v2\/product_cat?post=61100"},{"taxonomy":"product_tag","embeddable":true,"href":"https:\/\/marktxxl.de\/markt\/wp-json\/wp\/v2\/product_tag?post=61100"}],"curies":[{"name":"wp","href":"https:\/\/api.w.org\/{rel}","templated":true}]}}