{"id":60975,"date":"2021-10-26T17:18:53","date_gmt":"2021-10-26T15:18:53","guid":{"rendered":"https:\/\/marktxxl.de\/markt\/produkt\/maison-naturelle-d3k2-tropfen-vegan-1020-stueck-vitamin-d3-k2-vitamin-d3-vitamin-k2-hochdosiert-d3-k2-tropfen-jahresvorrat-vegan\/"},"modified":"2023-04-11T02:29:25","modified_gmt":"2023-04-11T00:29:25","slug":"maison-naturelle-d3k2-tropfen-vegan-1020-stueck-vitamin-d3-k2-vitamin-d3-vitamin-k2-hochdosiert-d3-k2-tropfen-jahresvorrat-vegan","status":"publish","type":"product","link":"https:\/\/marktxxl.de\/markt\/produkt\/maison-naturelle-d3k2-tropfen-vegan-1020-stueck-vitamin-d3-k2-vitamin-d3-vitamin-k2-hochdosiert-d3-k2-tropfen-jahresvorrat-vegan\/","title":{"rendered":"MAISON NATURELLE\u00ae D3+K2 Tropfen Vegan (1020 St\u00fcck) \u2013 Vitamin D3 K2 \u2013 Vitamin D3 Vitamin K2 hochdosiert D3 K2 Tropfen\u2026"},"content":{"rendered":"<p>\u2705 100% VEGAN: Unser Vitamin K2 stammt aus Norwegen und wird aus einer Vielzahl verschiedenster Blumen gewonnen. Das Vitamin D3 f\u00fcr dein Produkt stammt aus amerikanischen Flechten. Die beiden Vitamine (vitamin d3 k2) sind in fruchtigem indischen Kokos\u00f6l gel\u00f6st.<br \/>\n\u2705 HOCHDOSIERT: Vitamin D3 K2 (Jahresvorrat) mit 12\u03bcg veganem Vitamin D3 und 25 \u03bcg veganem Vitamin K2 pro Tagesdosis.<br \/>\n\u2705 HOHE BIOVERF\u00dcGBARKEIT: Unser Vitamin D3 ist durch das enthaltene Vitamin K2 hoch bioverf\u00fcgbar und wird leichter aufgenommen als reine Vitamin D Pr\u00e4parate. Vitamin D tr\u00e4gt zu einer normalen Aufnahme von Calcium und Phosphor, einer normalen Funktion des Immunsystems und einer normalen Erhaltung der Muskelfunktion bei.<br \/>\n\u2705 STETIGE LABORTESTS: Unser Vitamin D3+K2 wird regelm\u00e4\u00dfig von Laboren auf seine Qualit\u00e4t und Verunreinigungen wie Schwermetalle, mikrobielle Belastungen und Dioxine gepr\u00fcft. Dadurch k\u00f6nnen wir unseren Kunden stets die beste Qualit\u00e4t garantieren.<br \/>\n\u2705 OHNE ZUS\u00c4TZE: Frei von Aromen, Farbstoffen, unerw\u00fcnschten Stabilisatoren, gelatinefrei und selbstverst\u00e4ndlich: laktosefrei, glutenfrei, frei von Konservierungsstoffen und frei von gentechnikver\u00e4nderten Zutaten (GMO frei).<br \/>\n<div class=\"main-cross-sell\" data-asin=\"B097944MWY\">\n\n\t<div class=\"WooZone-cross-sell-loader\">\n\t\t<div>\n\t\t\t<div id=\"floatingBarsG\">\n\t\t\t\t<div class=\"blockG\" id=\"rotateG_01\"><\/div>\n\t\t\t\t<div class=\"blockG\" id=\"rotateG_02\"><\/div>\n\t\t\t\t<div class=\"blockG\" id=\"rotateG_03\"><\/div>\n\t\t\t\t<div class=\"blockG\" id=\"rotateG_04\"><\/div>\n\t\t\t\t<div class=\"blockG\" id=\"rotateG_05\"><\/div>\n\t\t\t\t<div class=\"blockG\" id=\"rotateG_06\"><\/div>\n\t\t\t\t<div class=\"blockG\" id=\"rotateG_07\"><\/div>\n\t\t\t\t<div class=\"blockG\" id=\"rotateG_08\"><\/div>\n\t\t\t<\/div>\n\t\t\t<div class=\"WooZone-cross-sell-loader-text\"><\/div>\n\t\t<\/div>\n\t<\/div>\n\n\t\t\n<\/div>\n<div style=\"clear:both;\"><\/div><\/p>\n","protected":false},"excerpt":{"rendered":"<p>\u2705 100% VEGAN: Unser Vitamin K2 stammt aus Norwegen und wird aus einer Vielzahl verschiedenster Blumen gewonnen. Das Vitamin D3 f\u00fcr dein Produkt stammt aus amerikanischen Flechten. Die beiden Vitamine (vitamin d3 k2) sind in fruchtigem indischen Kokos\u00f6l gel\u00f6st.<br \/>\n\u2705 HOCHDOSIERT: Vitamin D3 K2 (Jahresvorrat) mit 12\u03bcg veganem Vitamin D3 und 25 \u03bcg veganem Vitamin K2 pro Tagesdosis.<br \/>\n\u2705 HOHE BIOVERF\u00dcGBARKEIT: Unser Vitamin D3 ist durch das enthaltene Vitamin K2 hoch bioverf\u00fcgbar und wird leichter aufgenommen als reine Vitamin D Pr\u00e4parate. Vitamin D tr\u00e4gt zu einer normalen Aufnahme von Calcium und Phosphor, einer normalen Funktion des Immunsystems und einer normalen Erhaltung der Muskelfunktion bei.<\/p>\n","protected":false},"featured_media":60976,"comment_status":"open","ping_status":"closed","template":"","meta":[],"product_brand":[],"product_cat":[566,6375],"product_tag":[],"class_list":{"0":"post-60975","1":"product","2":"type-product","3":"status-publish","4":"has-post-thumbnail","6":"product_cat-drogerie-koerperpflege","7":"product_cat-vitamine-mineralien-ergaenzungsmittel","8":"pa_brand-maison-naturelle","9":"pa_manufacturer-maison-naturelle","10":"pa_size-30-ml-1er-pack","12":"first","13":"instock","14":"shipping-taxable","15":"purchasable","16":"product-type-simple","17":"customify-col","18":"product-has-gallery"},"yoast_head":"<!-- This site is optimized with the Yoast SEO plugin v27.3 - https:\/\/yoast.com\/product\/yoast-seo-wordpress\/ -->\n<title>MAISON NATURELLE\u00ae D3+K2 Tropfen Vegan (1020 St\u00fcck) \u2013 Vitamin D3 K2 \u2013 Vitamin D3 Vitamin K2 hochdosiert D3 K2 Tropfen\u2026 - Markt-XXL<\/title>\n<meta name=\"description\" content=\"Markt-XXL MAISON NATURELLE\u00ae D3+K2 Tropfen Vegan (1020 St\u00fcck) \u2013 Vitamin D3 K2 \u2013 Vitamin D3 Vitamin K2 hochdosiert D3 K2 Tropfen\u2026\" \/>\n<meta name=\"robots\" content=\"index, follow, max-snippet:-1, max-image-preview:large, max-video-preview:-1\" \/>\n<link rel=\"canonical\" href=\"https:\/\/marktxxl.de\/markt\/produkt\/maison-naturelle-d3k2-tropfen-vegan-1020-stueck-vitamin-d3-k2-vitamin-d3-vitamin-k2-hochdosiert-d3-k2-tropfen-jahresvorrat-vegan\/\" \/>\n<meta property=\"og:locale\" content=\"de_DE\" \/>\n<meta property=\"og:type\" content=\"article\" \/>\n<meta property=\"og:title\" content=\"MAISON NATURELLE\u00ae D3+K2 Tropfen Vegan (1020 St\u00fcck) \u2013 Vitamin D3 K2 \u2013 Vitamin D3 Vitamin K2 hochdosiert D3 K2 Tropfen\u2026 - Markt-XXL\" \/>\n<meta property=\"og:description\" content=\"Markt-XXL MAISON NATURELLE\u00ae D3+K2 Tropfen Vegan (1020 St\u00fcck) \u2013 Vitamin D3 K2 \u2013 Vitamin D3 Vitamin K2 hochdosiert D3 K2 Tropfen\u2026\" \/>\n<meta property=\"og:url\" content=\"https:\/\/marktxxl.de\/markt\/produkt\/maison-naturelle-d3k2-tropfen-vegan-1020-stueck-vitamin-d3-k2-vitamin-d3-vitamin-k2-hochdosiert-d3-k2-tropfen-jahresvorrat-vegan\/\" \/>\n<meta property=\"og:site_name\" content=\"Markt-XXL\" \/>\n<meta property=\"article:modified_time\" content=\"2023-04-11T00:29:25+00:00\" \/>\n<meta property=\"og:image\" content=\"https:\/\/m.media-amazon.com\/images\/I\/411RUW6vFFL._SL500_.jpg\" \/>\n\t<meta property=\"og:image:width\" content=\"333\" \/>\n\t<meta property=\"og:image:height\" content=\"500\" \/>\n\t<meta property=\"og:image:type\" content=\"image\/jpeg\" \/>\n<meta name=\"twitter:card\" content=\"summary_large_image\" \/>\n<meta name=\"twitter:label1\" content=\"Gesch\u00e4tzte Lesezeit\" \/>\n\t<meta name=\"twitter:data1\" content=\"1\u00a0Minute\" \/>\n<script type=\"application\/ld+json\" class=\"yoast-schema-graph\">{\"@context\":\"https:\\\/\\\/schema.org\",\"@graph\":[{\"@type\":\"WebPage\",\"@id\":\"https:\\\/\\\/marktxxl.de\\\/markt\\\/produkt\\\/maison-naturelle-d3k2-tropfen-vegan-1020-stueck-vitamin-d3-k2-vitamin-d3-vitamin-k2-hochdosiert-d3-k2-tropfen-jahresvorrat-vegan\\\/\",\"url\":\"https:\\\/\\\/marktxxl.de\\\/markt\\\/produkt\\\/maison-naturelle-d3k2-tropfen-vegan-1020-stueck-vitamin-d3-k2-vitamin-d3-vitamin-k2-hochdosiert-d3-k2-tropfen-jahresvorrat-vegan\\\/\",\"name\":\"MAISON NATURELLE\u00ae D3+K2 Tropfen Vegan (1020 St\u00fcck) \u2013 Vitamin D3 K2 \u2013 Vitamin D3 Vitamin K2 hochdosiert D3 K2 Tropfen\u2026 - Markt-XXL\",\"isPartOf\":{\"@id\":\"https:\\\/\\\/marktxxl.de\\\/markt\\\/#website\"},\"primaryImageOfPage\":{\"@id\":\"https:\\\/\\\/marktxxl.de\\\/markt\\\/produkt\\\/maison-naturelle-d3k2-tropfen-vegan-1020-stueck-vitamin-d3-k2-vitamin-d3-vitamin-k2-hochdosiert-d3-k2-tropfen-jahresvorrat-vegan\\\/#primaryimage\"},\"image\":{\"@id\":\"https:\\\/\\\/marktxxl.de\\\/markt\\\/produkt\\\/maison-naturelle-d3k2-tropfen-vegan-1020-stueck-vitamin-d3-k2-vitamin-d3-vitamin-k2-hochdosiert-d3-k2-tropfen-jahresvorrat-vegan\\\/#primaryimage\"},\"thumbnailUrl\":\"https:\\\/\\\/m.media-amazon.com\\\/images\\\/I\\\/411RUW6vFFL._SL500_.jpg\",\"datePublished\":\"2021-10-26T15:18:53+00:00\",\"dateModified\":\"2023-04-11T00:29:25+00:00\",\"description\":\"Markt-XXL MAISON NATURELLE\u00ae D3+K2 Tropfen Vegan (1020 St\u00fcck) \u2013 Vitamin D3 K2 \u2013 Vitamin D3 Vitamin K2 hochdosiert D3 K2 Tropfen\u2026\",\"breadcrumb\":{\"@id\":\"https:\\\/\\\/marktxxl.de\\\/markt\\\/produkt\\\/maison-naturelle-d3k2-tropfen-vegan-1020-stueck-vitamin-d3-k2-vitamin-d3-vitamin-k2-hochdosiert-d3-k2-tropfen-jahresvorrat-vegan\\\/#breadcrumb\"},\"inLanguage\":\"de\",\"potentialAction\":[{\"@type\":\"ReadAction\",\"target\":[\"https:\\\/\\\/marktxxl.de\\\/markt\\\/produkt\\\/maison-naturelle-d3k2-tropfen-vegan-1020-stueck-vitamin-d3-k2-vitamin-d3-vitamin-k2-hochdosiert-d3-k2-tropfen-jahresvorrat-vegan\\\/\"]}]},{\"@type\":\"ImageObject\",\"inLanguage\":\"de\",\"@id\":\"https:\\\/\\\/marktxxl.de\\\/markt\\\/produkt\\\/maison-naturelle-d3k2-tropfen-vegan-1020-stueck-vitamin-d3-k2-vitamin-d3-vitamin-k2-hochdosiert-d3-k2-tropfen-jahresvorrat-vegan\\\/#primaryimage\",\"url\":\"https:\\\/\\\/m.media-amazon.com\\\/images\\\/I\\\/411RUW6vFFL._SL500_.jpg\",\"contentUrl\":\"https:\\\/\\\/m.media-amazon.com\\\/images\\\/I\\\/411RUW6vFFL._SL500_.jpg\",\"width\":333,\"height\":500},{\"@type\":\"BreadcrumbList\",\"@id\":\"https:\\\/\\\/marktxxl.de\\\/markt\\\/produkt\\\/maison-naturelle-d3k2-tropfen-vegan-1020-stueck-vitamin-d3-k2-vitamin-d3-vitamin-k2-hochdosiert-d3-k2-tropfen-jahresvorrat-vegan\\\/#breadcrumb\",\"itemListElement\":[{\"@type\":\"ListItem\",\"position\":1,\"name\":\"Startseite\",\"item\":\"https:\\\/\\\/marktxxl.de\\\/markt\\\/\"},{\"@type\":\"ListItem\",\"position\":2,\"name\":\"Markt\",\"item\":\"https:\\\/\\\/marktxxl.de\\\/markt\\\/\"},{\"@type\":\"ListItem\",\"position\":3,\"name\":\"MAISON NATURELLE\u00ae D3+K2 Tropfen Vegan (1020 St\u00fcck) \u2013 Vitamin D3 K2 \u2013 Vitamin D3 Vitamin K2 hochdosiert D3 K2 Tropfen\u2026\"}]},{\"@type\":\"WebSite\",\"@id\":\"https:\\\/\\\/marktxxl.de\\\/markt\\\/#website\",\"url\":\"https:\\\/\\\/marktxxl.de\\\/markt\\\/\",\"name\":\"Markt-XXL\",\"description\":\"Ihr Markt Online\",\"publisher\":{\"@id\":\"https:\\\/\\\/marktxxl.de\\\/markt\\\/#organization\"},\"potentialAction\":[{\"@type\":\"SearchAction\",\"target\":{\"@type\":\"EntryPoint\",\"urlTemplate\":\"https:\\\/\\\/marktxxl.de\\\/markt\\\/?s={search_term_string}\"},\"query-input\":{\"@type\":\"PropertyValueSpecification\",\"valueRequired\":true,\"valueName\":\"search_term_string\"}}],\"inLanguage\":\"de\"},{\"@type\":\"Organization\",\"@id\":\"https:\\\/\\\/marktxxl.de\\\/markt\\\/#organization\",\"name\":\"Markt-XXL\",\"url\":\"https:\\\/\\\/marktxxl.de\\\/markt\\\/\",\"logo\":{\"@type\":\"ImageObject\",\"inLanguage\":\"de\",\"@id\":\"https:\\\/\\\/marktxxl.de\\\/markt\\\/#\\\/schema\\\/logo\\\/image\\\/\",\"url\":\"https:\\\/\\\/marktxxl.de\\\/markt\\\/wp-content\\\/uploads\\\/sites\\\/3\\\/2020\\\/12\\\/logo.png\",\"contentUrl\":\"https:\\\/\\\/marktxxl.de\\\/markt\\\/wp-content\\\/uploads\\\/sites\\\/3\\\/2020\\\/12\\\/logo.png\",\"width\":200,\"height\":70,\"caption\":\"Markt-XXL\"},\"image\":{\"@id\":\"https:\\\/\\\/marktxxl.de\\\/markt\\\/#\\\/schema\\\/logo\\\/image\\\/\"}}]}<\/script>\n<!-- \/ Yoast SEO plugin. -->","yoast_head_json":{"title":"MAISON NATURELLE\u00ae D3+K2 Tropfen Vegan (1020 St\u00fcck) \u2013 Vitamin D3 K2 \u2013 Vitamin D3 Vitamin K2 hochdosiert D3 K2 Tropfen\u2026 - Markt-XXL","description":"Markt-XXL MAISON NATURELLE\u00ae D3+K2 Tropfen Vegan (1020 St\u00fcck) \u2013 Vitamin D3 K2 \u2013 Vitamin D3 Vitamin K2 hochdosiert D3 K2 Tropfen\u2026","robots":{"index":"index","follow":"follow","max-snippet":"max-snippet:-1","max-image-preview":"max-image-preview:large","max-video-preview":"max-video-preview:-1"},"canonical":"https:\/\/marktxxl.de\/markt\/produkt\/maison-naturelle-d3k2-tropfen-vegan-1020-stueck-vitamin-d3-k2-vitamin-d3-vitamin-k2-hochdosiert-d3-k2-tropfen-jahresvorrat-vegan\/","og_locale":"de_DE","og_type":"article","og_title":"MAISON NATURELLE\u00ae D3+K2 Tropfen Vegan (1020 St\u00fcck) \u2013 Vitamin D3 K2 \u2013 Vitamin D3 Vitamin K2 hochdosiert D3 K2 Tropfen\u2026 - Markt-XXL","og_description":"Markt-XXL MAISON NATURELLE\u00ae D3+K2 Tropfen Vegan (1020 St\u00fcck) \u2013 Vitamin D3 K2 \u2013 Vitamin D3 Vitamin K2 hochdosiert D3 K2 Tropfen\u2026","og_url":"https:\/\/marktxxl.de\/markt\/produkt\/maison-naturelle-d3k2-tropfen-vegan-1020-stueck-vitamin-d3-k2-vitamin-d3-vitamin-k2-hochdosiert-d3-k2-tropfen-jahresvorrat-vegan\/","og_site_name":"Markt-XXL","article_modified_time":"2023-04-11T00:29:25+00:00","og_image":[{"width":333,"height":500,"url":"https:\/\/m.media-amazon.com\/images\/I\/411RUW6vFFL._SL500_.jpg","type":"image\/jpeg"}],"twitter_card":"summary_large_image","twitter_misc":{"Gesch\u00e4tzte Lesezeit":"1\u00a0Minute"},"schema":{"@context":"https:\/\/schema.org","@graph":[{"@type":"WebPage","@id":"https:\/\/marktxxl.de\/markt\/produkt\/maison-naturelle-d3k2-tropfen-vegan-1020-stueck-vitamin-d3-k2-vitamin-d3-vitamin-k2-hochdosiert-d3-k2-tropfen-jahresvorrat-vegan\/","url":"https:\/\/marktxxl.de\/markt\/produkt\/maison-naturelle-d3k2-tropfen-vegan-1020-stueck-vitamin-d3-k2-vitamin-d3-vitamin-k2-hochdosiert-d3-k2-tropfen-jahresvorrat-vegan\/","name":"MAISON NATURELLE\u00ae D3+K2 Tropfen Vegan (1020 St\u00fcck) \u2013 Vitamin D3 K2 \u2013 Vitamin D3 Vitamin K2 hochdosiert D3 K2 Tropfen\u2026 - Markt-XXL","isPartOf":{"@id":"https:\/\/marktxxl.de\/markt\/#website"},"primaryImageOfPage":{"@id":"https:\/\/marktxxl.de\/markt\/produkt\/maison-naturelle-d3k2-tropfen-vegan-1020-stueck-vitamin-d3-k2-vitamin-d3-vitamin-k2-hochdosiert-d3-k2-tropfen-jahresvorrat-vegan\/#primaryimage"},"image":{"@id":"https:\/\/marktxxl.de\/markt\/produkt\/maison-naturelle-d3k2-tropfen-vegan-1020-stueck-vitamin-d3-k2-vitamin-d3-vitamin-k2-hochdosiert-d3-k2-tropfen-jahresvorrat-vegan\/#primaryimage"},"thumbnailUrl":"https:\/\/m.media-amazon.com\/images\/I\/411RUW6vFFL._SL500_.jpg","datePublished":"2021-10-26T15:18:53+00:00","dateModified":"2023-04-11T00:29:25+00:00","description":"Markt-XXL MAISON NATURELLE\u00ae D3+K2 Tropfen Vegan (1020 St\u00fcck) \u2013 Vitamin D3 K2 \u2013 Vitamin D3 Vitamin K2 hochdosiert D3 K2 Tropfen\u2026","breadcrumb":{"@id":"https:\/\/marktxxl.de\/markt\/produkt\/maison-naturelle-d3k2-tropfen-vegan-1020-stueck-vitamin-d3-k2-vitamin-d3-vitamin-k2-hochdosiert-d3-k2-tropfen-jahresvorrat-vegan\/#breadcrumb"},"inLanguage":"de","potentialAction":[{"@type":"ReadAction","target":["https:\/\/marktxxl.de\/markt\/produkt\/maison-naturelle-d3k2-tropfen-vegan-1020-stueck-vitamin-d3-k2-vitamin-d3-vitamin-k2-hochdosiert-d3-k2-tropfen-jahresvorrat-vegan\/"]}]},{"@type":"ImageObject","inLanguage":"de","@id":"https:\/\/marktxxl.de\/markt\/produkt\/maison-naturelle-d3k2-tropfen-vegan-1020-stueck-vitamin-d3-k2-vitamin-d3-vitamin-k2-hochdosiert-d3-k2-tropfen-jahresvorrat-vegan\/#primaryimage","url":"https:\/\/m.media-amazon.com\/images\/I\/411RUW6vFFL._SL500_.jpg","contentUrl":"https:\/\/m.media-amazon.com\/images\/I\/411RUW6vFFL._SL500_.jpg","width":333,"height":500},{"@type":"BreadcrumbList","@id":"https:\/\/marktxxl.de\/markt\/produkt\/maison-naturelle-d3k2-tropfen-vegan-1020-stueck-vitamin-d3-k2-vitamin-d3-vitamin-k2-hochdosiert-d3-k2-tropfen-jahresvorrat-vegan\/#breadcrumb","itemListElement":[{"@type":"ListItem","position":1,"name":"Startseite","item":"https:\/\/marktxxl.de\/markt\/"},{"@type":"ListItem","position":2,"name":"Markt","item":"https:\/\/marktxxl.de\/markt\/"},{"@type":"ListItem","position":3,"name":"MAISON NATURELLE\u00ae D3+K2 Tropfen Vegan (1020 St\u00fcck) \u2013 Vitamin D3 K2 \u2013 Vitamin D3 Vitamin K2 hochdosiert D3 K2 Tropfen\u2026"}]},{"@type":"WebSite","@id":"https:\/\/marktxxl.de\/markt\/#website","url":"https:\/\/marktxxl.de\/markt\/","name":"Markt-XXL","description":"Ihr Markt Online","publisher":{"@id":"https:\/\/marktxxl.de\/markt\/#organization"},"potentialAction":[{"@type":"SearchAction","target":{"@type":"EntryPoint","urlTemplate":"https:\/\/marktxxl.de\/markt\/?s={search_term_string}"},"query-input":{"@type":"PropertyValueSpecification","valueRequired":true,"valueName":"search_term_string"}}],"inLanguage":"de"},{"@type":"Organization","@id":"https:\/\/marktxxl.de\/markt\/#organization","name":"Markt-XXL","url":"https:\/\/marktxxl.de\/markt\/","logo":{"@type":"ImageObject","inLanguage":"de","@id":"https:\/\/marktxxl.de\/markt\/#\/schema\/logo\/image\/","url":"https:\/\/marktxxl.de\/markt\/wp-content\/uploads\/sites\/3\/2020\/12\/logo.png","contentUrl":"https:\/\/marktxxl.de\/markt\/wp-content\/uploads\/sites\/3\/2020\/12\/logo.png","width":200,"height":70,"caption":"Markt-XXL"},"image":{"@id":"https:\/\/marktxxl.de\/markt\/#\/schema\/logo\/image\/"}}]}},"_links":{"self":[{"href":"https:\/\/marktxxl.de\/markt\/wp-json\/wp\/v2\/product\/60975","targetHints":{"allow":["GET"]}}],"collection":[{"href":"https:\/\/marktxxl.de\/markt\/wp-json\/wp\/v2\/product"}],"about":[{"href":"https:\/\/marktxxl.de\/markt\/wp-json\/wp\/v2\/types\/product"}],"replies":[{"embeddable":true,"href":"https:\/\/marktxxl.de\/markt\/wp-json\/wp\/v2\/comments?post=60975"}],"wp:featuredmedia":[{"embeddable":true,"href":"https:\/\/marktxxl.de\/markt\/wp-json\/wp\/v2\/media\/60976"}],"wp:attachment":[{"href":"https:\/\/marktxxl.de\/markt\/wp-json\/wp\/v2\/media?parent=60975"}],"wp:term":[{"taxonomy":"product_brand","embeddable":true,"href":"https:\/\/marktxxl.de\/markt\/wp-json\/wp\/v2\/product_brand?post=60975"},{"taxonomy":"product_cat","embeddable":true,"href":"https:\/\/marktxxl.de\/markt\/wp-json\/wp\/v2\/product_cat?post=60975"},{"taxonomy":"product_tag","embeddable":true,"href":"https:\/\/marktxxl.de\/markt\/wp-json\/wp\/v2\/product_tag?post=60975"}],"curies":[{"name":"wp","href":"https:\/\/api.w.org\/{rel}","templated":true}]}}