{"id":60942,"date":"2021-10-26T17:18:32","date_gmt":"2021-10-26T15:18:32","guid":{"rendered":"https:\/\/marktxxl.de\/markt\/produkt\/lederbezug-fuer-rasierhobel-aus-ausgewaehltem-rindsleder-doppelseitige-rasierhobel-fuer-reisen-und-geschaeftsreisen\/"},"modified":"2023-04-11T02:29:24","modified_gmt":"2023-04-11T00:29:24","slug":"lederbezug-fuer-rasierhobel-aus-ausgewaehltem-rindsleder-doppelseitige-rasierhobel-fuer-reisen-und-geschaeftsreisen","status":"publish","type":"product","link":"https:\/\/marktxxl.de\/markt\/produkt\/lederbezug-fuer-rasierhobel-aus-ausgewaehltem-rindsleder-doppelseitige-rasierhobel-fuer-reisen-und-geschaeftsreisen\/","title":{"rendered":"Lederbezug f\u00fcr Rasierhobel, aus ausgew\u00e4hltem Rindsleder, doppelseitige Rasierhobel, f\u00fcr Reisen und Gesch\u00e4ftsreisen"},"content":{"rendered":"<p>Sichere und einfache Aufbewahrung: Halten Sie Ihre Rasierer fest an Ort und Stelle und wird bequem mit Zomchi handgefertigtem Schutzleder. Wenn Sie mit der Rasur fertig sind, schieben Sie den Rasierer in das Leder und schieben Sie das Loch \u00fcber die Metall-Messingniete, um das sch\u00fctzende Leder zu schlie\u00dfen. So k\u00f6nnen Sie Ihren Finger sicher von der Klinge halten.<br \/>\n\u221a \u3010Perfekt f\u00fcr Reisen\u3011 Hergestellt aus Vollnarbenleder ist die Zomchi Schutzh\u00fclle Leder tragbar genug, um in Ihre Reisetasche zu passen. So k\u00f6nnen Sie Ihre pers\u00f6nlichen Sachen von Ihren Rasierklingen trennen.<br \/>\n\u221a\u3010Geeignet als Geschenk\u3011 Die Zomchi Lederh\u00fclle ist nicht nur gut f\u00fcr den pers\u00f6nlichen Gebrauch, sondern auch ein ausgezeichnetes Geschenk f\u00fcr Familie, Freunde und Lieben. Au\u00dferdem k\u00f6nnen Sie das Paket mit Ihrem eigenen Logo-Etikett selbst gestalten und es attraktiver machen.<br \/>\nEin stabiles Zuhause f\u00fcr Ihren robusten Rasierer: Ihr scharfer und robuster Rasierer, der in Ihren haarigsten Momenten bei Ihnen war, braucht auch ein stabiles Zuhause. Dieses Rasieretui unterstreicht Charakter und Stil und passt perfekt zu Ihrem Rasierer. Es passt perfekt zu den meisten Rasierern, so dass sie nicht stumpf oder zerkratzt werden.<br \/>\n\u221a \u3010Besticktes und langlebiges Ende\u3011 Die Zomchi Schutzh\u00fclle f\u00fcr Rasierer besteht aus vollnarbigem Leder, raffinierter Lederstruktur. Die Verwendung dieser einzigartigen Maserung sorgt daf\u00fcr, dass die H\u00fclle langlebig ist und Sie und Ihr Rasierer sch\u00fctzt. Der K\u00f6rper ist fein gen\u00e4ht, alle losen Enden sind eingebrannt.<br \/>\n<div class=\"main-cross-sell\" data-asin=\"B08V4MTWH4\">\n\n\t<div class=\"WooZone-cross-sell-loader\">\n\t\t<div>\n\t\t\t<div id=\"floatingBarsG\">\n\t\t\t\t<div class=\"blockG\" id=\"rotateG_01\"><\/div>\n\t\t\t\t<div class=\"blockG\" id=\"rotateG_02\"><\/div>\n\t\t\t\t<div class=\"blockG\" id=\"rotateG_03\"><\/div>\n\t\t\t\t<div class=\"blockG\" id=\"rotateG_04\"><\/div>\n\t\t\t\t<div class=\"blockG\" id=\"rotateG_05\"><\/div>\n\t\t\t\t<div class=\"blockG\" id=\"rotateG_06\"><\/div>\n\t\t\t\t<div class=\"blockG\" id=\"rotateG_07\"><\/div>\n\t\t\t\t<div class=\"blockG\" id=\"rotateG_08\"><\/div>\n\t\t\t<\/div>\n\t\t\t<div class=\"WooZone-cross-sell-loader-text\"><\/div>\n\t\t<\/div>\n\t<\/div>\n\n\t\t\n<\/div>\n<div style=\"clear:both;\"><\/div><\/p>\n","protected":false},"excerpt":{"rendered":"<p>Sichere und einfache Aufbewahrung: Halten Sie Ihre Rasierer fest an Ort und Stelle und wird bequem mit Zomchi handgefertigtem Schutzleder. Wenn Sie mit der Rasur fertig sind, schieben Sie den Rasierer in das Leder und schieben Sie das Loch \u00fcber die Metall-Messingniete, um das sch\u00fctzende Leder zu schlie\u00dfen. So k\u00f6nnen Sie Ihren Finger sicher von der Klinge halten.<br \/>\n\u221a \u3010Perfekt f\u00fcr Reisen\u3011 Hergestellt aus Vollnarbenleder ist die Zomchi Schutzh\u00fclle Leder tragbar genug, um in Ihre Reisetasche zu passen. So k\u00f6nnen Sie Ihre pers\u00f6nlichen Sachen von Ihren Rasierklingen trennen.<br \/>\n\u221a\u3010Geeignet als Geschenk\u3011 Die Zomchi Lederh\u00fclle ist nicht nur gut f\u00fcr den pers\u00f6nlichen Gebrauch, sondern auch ein ausgezeichnetes Geschenk f\u00fcr Familie, Freunde und Lieben. Au\u00dferdem k\u00f6nnen Sie das Paket mit Ihrem eigenen Logo-Etikett selbst gestalten und es attraktiver machen.<\/p>\n","protected":false},"featured_media":60943,"comment_status":"open","ping_status":"closed","template":"","meta":[],"product_brand":[],"product_cat":[566,6190],"product_tag":[],"class_list":{"0":"post-60942","1":"product","2":"type-product","3":"status-publish","4":"has-post-thumbnail","6":"product_cat-drogerie-koerperpflege","7":"product_cat-rasur-enthaarung","8":"pa_binding-badartikel","9":"pa_brand-zomchi","10":"pa_manufacturer-zomchi","11":"pa_size-16-stueck-1er-pack","13":"first","14":"instock","15":"shipping-taxable","16":"purchasable","17":"product-type-simple","18":"customify-col","19":"product-has-gallery"},"yoast_head":"<!-- This site is optimized with the Yoast SEO plugin v27.3 - https:\/\/yoast.com\/product\/yoast-seo-wordpress\/ -->\n<title>Lederbezug f\u00fcr Rasierhobel, aus ausgew\u00e4hltem Rindsleder, doppelseitige Rasierhobel, f\u00fcr Reisen und Gesch\u00e4ftsreisen - Markt-XXL<\/title>\n<meta name=\"description\" content=\"Markt-XXL Lederbezug f\u00fcr Rasierhobel, aus ausgew\u00e4hltem Rindsleder, doppelseitige Rasierhobel, f\u00fcr Reisen und Gesch\u00e4ftsreisen\" \/>\n<meta name=\"robots\" content=\"index, follow, max-snippet:-1, max-image-preview:large, max-video-preview:-1\" \/>\n<link rel=\"canonical\" href=\"https:\/\/marktxxl.de\/markt\/produkt\/lederbezug-fuer-rasierhobel-aus-ausgewaehltem-rindsleder-doppelseitige-rasierhobel-fuer-reisen-und-geschaeftsreisen\/\" \/>\n<meta property=\"og:locale\" content=\"de_DE\" \/>\n<meta property=\"og:type\" content=\"article\" \/>\n<meta property=\"og:title\" content=\"Lederbezug f\u00fcr Rasierhobel, aus ausgew\u00e4hltem Rindsleder, doppelseitige Rasierhobel, f\u00fcr Reisen und Gesch\u00e4ftsreisen - Markt-XXL\" \/>\n<meta property=\"og:description\" content=\"Markt-XXL Lederbezug f\u00fcr Rasierhobel, aus ausgew\u00e4hltem Rindsleder, doppelseitige Rasierhobel, f\u00fcr Reisen und Gesch\u00e4ftsreisen\" \/>\n<meta property=\"og:url\" content=\"https:\/\/marktxxl.de\/markt\/produkt\/lederbezug-fuer-rasierhobel-aus-ausgewaehltem-rindsleder-doppelseitige-rasierhobel-fuer-reisen-und-geschaeftsreisen\/\" \/>\n<meta property=\"og:site_name\" content=\"Markt-XXL\" \/>\n<meta property=\"article:modified_time\" content=\"2023-04-11T00:29:24+00:00\" \/>\n<meta property=\"og:image\" content=\"https:\/\/m.media-amazon.com\/images\/I\/41cQPnhSI7L._SL500_.jpg\" \/>\n\t<meta property=\"og:image:width\" content=\"500\" \/>\n\t<meta property=\"og:image:height\" content=\"500\" \/>\n\t<meta property=\"og:image:type\" content=\"image\/jpeg\" \/>\n<meta name=\"twitter:card\" content=\"summary_large_image\" \/>\n<meta name=\"twitter:label1\" content=\"Gesch\u00e4tzte Lesezeit\" \/>\n\t<meta name=\"twitter:data1\" content=\"1\u00a0Minute\" \/>\n<script type=\"application\/ld+json\" class=\"yoast-schema-graph\">{\"@context\":\"https:\\\/\\\/schema.org\",\"@graph\":[{\"@type\":\"WebPage\",\"@id\":\"https:\\\/\\\/marktxxl.de\\\/markt\\\/produkt\\\/lederbezug-fuer-rasierhobel-aus-ausgewaehltem-rindsleder-doppelseitige-rasierhobel-fuer-reisen-und-geschaeftsreisen\\\/\",\"url\":\"https:\\\/\\\/marktxxl.de\\\/markt\\\/produkt\\\/lederbezug-fuer-rasierhobel-aus-ausgewaehltem-rindsleder-doppelseitige-rasierhobel-fuer-reisen-und-geschaeftsreisen\\\/\",\"name\":\"Lederbezug f\u00fcr Rasierhobel, aus ausgew\u00e4hltem Rindsleder, doppelseitige Rasierhobel, f\u00fcr Reisen und Gesch\u00e4ftsreisen - Markt-XXL\",\"isPartOf\":{\"@id\":\"https:\\\/\\\/marktxxl.de\\\/markt\\\/#website\"},\"primaryImageOfPage\":{\"@id\":\"https:\\\/\\\/marktxxl.de\\\/markt\\\/produkt\\\/lederbezug-fuer-rasierhobel-aus-ausgewaehltem-rindsleder-doppelseitige-rasierhobel-fuer-reisen-und-geschaeftsreisen\\\/#primaryimage\"},\"image\":{\"@id\":\"https:\\\/\\\/marktxxl.de\\\/markt\\\/produkt\\\/lederbezug-fuer-rasierhobel-aus-ausgewaehltem-rindsleder-doppelseitige-rasierhobel-fuer-reisen-und-geschaeftsreisen\\\/#primaryimage\"},\"thumbnailUrl\":\"https:\\\/\\\/m.media-amazon.com\\\/images\\\/I\\\/41cQPnhSI7L._SL500_.jpg\",\"datePublished\":\"2021-10-26T15:18:32+00:00\",\"dateModified\":\"2023-04-11T00:29:24+00:00\",\"description\":\"Markt-XXL Lederbezug f\u00fcr Rasierhobel, aus ausgew\u00e4hltem Rindsleder, doppelseitige Rasierhobel, f\u00fcr Reisen und Gesch\u00e4ftsreisen\",\"breadcrumb\":{\"@id\":\"https:\\\/\\\/marktxxl.de\\\/markt\\\/produkt\\\/lederbezug-fuer-rasierhobel-aus-ausgewaehltem-rindsleder-doppelseitige-rasierhobel-fuer-reisen-und-geschaeftsreisen\\\/#breadcrumb\"},\"inLanguage\":\"de\",\"potentialAction\":[{\"@type\":\"ReadAction\",\"target\":[\"https:\\\/\\\/marktxxl.de\\\/markt\\\/produkt\\\/lederbezug-fuer-rasierhobel-aus-ausgewaehltem-rindsleder-doppelseitige-rasierhobel-fuer-reisen-und-geschaeftsreisen\\\/\"]}]},{\"@type\":\"ImageObject\",\"inLanguage\":\"de\",\"@id\":\"https:\\\/\\\/marktxxl.de\\\/markt\\\/produkt\\\/lederbezug-fuer-rasierhobel-aus-ausgewaehltem-rindsleder-doppelseitige-rasierhobel-fuer-reisen-und-geschaeftsreisen\\\/#primaryimage\",\"url\":\"https:\\\/\\\/m.media-amazon.com\\\/images\\\/I\\\/41cQPnhSI7L._SL500_.jpg\",\"contentUrl\":\"https:\\\/\\\/m.media-amazon.com\\\/images\\\/I\\\/41cQPnhSI7L._SL500_.jpg\",\"width\":500,\"height\":500},{\"@type\":\"BreadcrumbList\",\"@id\":\"https:\\\/\\\/marktxxl.de\\\/markt\\\/produkt\\\/lederbezug-fuer-rasierhobel-aus-ausgewaehltem-rindsleder-doppelseitige-rasierhobel-fuer-reisen-und-geschaeftsreisen\\\/#breadcrumb\",\"itemListElement\":[{\"@type\":\"ListItem\",\"position\":1,\"name\":\"Startseite\",\"item\":\"https:\\\/\\\/marktxxl.de\\\/markt\\\/\"},{\"@type\":\"ListItem\",\"position\":2,\"name\":\"Markt\",\"item\":\"https:\\\/\\\/marktxxl.de\\\/markt\\\/\"},{\"@type\":\"ListItem\",\"position\":3,\"name\":\"Lederbezug f\u00fcr Rasierhobel, aus ausgew\u00e4hltem Rindsleder, doppelseitige Rasierhobel, f\u00fcr Reisen und Gesch\u00e4ftsreisen\"}]},{\"@type\":\"WebSite\",\"@id\":\"https:\\\/\\\/marktxxl.de\\\/markt\\\/#website\",\"url\":\"https:\\\/\\\/marktxxl.de\\\/markt\\\/\",\"name\":\"Markt-XXL\",\"description\":\"Ihr Markt Online\",\"publisher\":{\"@id\":\"https:\\\/\\\/marktxxl.de\\\/markt\\\/#organization\"},\"potentialAction\":[{\"@type\":\"SearchAction\",\"target\":{\"@type\":\"EntryPoint\",\"urlTemplate\":\"https:\\\/\\\/marktxxl.de\\\/markt\\\/?s={search_term_string}\"},\"query-input\":{\"@type\":\"PropertyValueSpecification\",\"valueRequired\":true,\"valueName\":\"search_term_string\"}}],\"inLanguage\":\"de\"},{\"@type\":\"Organization\",\"@id\":\"https:\\\/\\\/marktxxl.de\\\/markt\\\/#organization\",\"name\":\"Markt-XXL\",\"url\":\"https:\\\/\\\/marktxxl.de\\\/markt\\\/\",\"logo\":{\"@type\":\"ImageObject\",\"inLanguage\":\"de\",\"@id\":\"https:\\\/\\\/marktxxl.de\\\/markt\\\/#\\\/schema\\\/logo\\\/image\\\/\",\"url\":\"https:\\\/\\\/marktxxl.de\\\/markt\\\/wp-content\\\/uploads\\\/sites\\\/3\\\/2020\\\/12\\\/logo.png\",\"contentUrl\":\"https:\\\/\\\/marktxxl.de\\\/markt\\\/wp-content\\\/uploads\\\/sites\\\/3\\\/2020\\\/12\\\/logo.png\",\"width\":200,\"height\":70,\"caption\":\"Markt-XXL\"},\"image\":{\"@id\":\"https:\\\/\\\/marktxxl.de\\\/markt\\\/#\\\/schema\\\/logo\\\/image\\\/\"}}]}<\/script>\n<!-- \/ Yoast SEO plugin. -->","yoast_head_json":{"title":"Lederbezug f\u00fcr Rasierhobel, aus ausgew\u00e4hltem Rindsleder, doppelseitige Rasierhobel, f\u00fcr Reisen und Gesch\u00e4ftsreisen - Markt-XXL","description":"Markt-XXL Lederbezug f\u00fcr Rasierhobel, aus ausgew\u00e4hltem Rindsleder, doppelseitige Rasierhobel, f\u00fcr Reisen und Gesch\u00e4ftsreisen","robots":{"index":"index","follow":"follow","max-snippet":"max-snippet:-1","max-image-preview":"max-image-preview:large","max-video-preview":"max-video-preview:-1"},"canonical":"https:\/\/marktxxl.de\/markt\/produkt\/lederbezug-fuer-rasierhobel-aus-ausgewaehltem-rindsleder-doppelseitige-rasierhobel-fuer-reisen-und-geschaeftsreisen\/","og_locale":"de_DE","og_type":"article","og_title":"Lederbezug f\u00fcr Rasierhobel, aus ausgew\u00e4hltem Rindsleder, doppelseitige Rasierhobel, f\u00fcr Reisen und Gesch\u00e4ftsreisen - Markt-XXL","og_description":"Markt-XXL Lederbezug f\u00fcr Rasierhobel, aus ausgew\u00e4hltem Rindsleder, doppelseitige Rasierhobel, f\u00fcr Reisen und Gesch\u00e4ftsreisen","og_url":"https:\/\/marktxxl.de\/markt\/produkt\/lederbezug-fuer-rasierhobel-aus-ausgewaehltem-rindsleder-doppelseitige-rasierhobel-fuer-reisen-und-geschaeftsreisen\/","og_site_name":"Markt-XXL","article_modified_time":"2023-04-11T00:29:24+00:00","og_image":[{"width":500,"height":500,"url":"https:\/\/m.media-amazon.com\/images\/I\/41cQPnhSI7L._SL500_.jpg","type":"image\/jpeg"}],"twitter_card":"summary_large_image","twitter_misc":{"Gesch\u00e4tzte Lesezeit":"1\u00a0Minute"},"schema":{"@context":"https:\/\/schema.org","@graph":[{"@type":"WebPage","@id":"https:\/\/marktxxl.de\/markt\/produkt\/lederbezug-fuer-rasierhobel-aus-ausgewaehltem-rindsleder-doppelseitige-rasierhobel-fuer-reisen-und-geschaeftsreisen\/","url":"https:\/\/marktxxl.de\/markt\/produkt\/lederbezug-fuer-rasierhobel-aus-ausgewaehltem-rindsleder-doppelseitige-rasierhobel-fuer-reisen-und-geschaeftsreisen\/","name":"Lederbezug f\u00fcr Rasierhobel, aus ausgew\u00e4hltem Rindsleder, doppelseitige Rasierhobel, f\u00fcr Reisen und Gesch\u00e4ftsreisen - Markt-XXL","isPartOf":{"@id":"https:\/\/marktxxl.de\/markt\/#website"},"primaryImageOfPage":{"@id":"https:\/\/marktxxl.de\/markt\/produkt\/lederbezug-fuer-rasierhobel-aus-ausgewaehltem-rindsleder-doppelseitige-rasierhobel-fuer-reisen-und-geschaeftsreisen\/#primaryimage"},"image":{"@id":"https:\/\/marktxxl.de\/markt\/produkt\/lederbezug-fuer-rasierhobel-aus-ausgewaehltem-rindsleder-doppelseitige-rasierhobel-fuer-reisen-und-geschaeftsreisen\/#primaryimage"},"thumbnailUrl":"https:\/\/m.media-amazon.com\/images\/I\/41cQPnhSI7L._SL500_.jpg","datePublished":"2021-10-26T15:18:32+00:00","dateModified":"2023-04-11T00:29:24+00:00","description":"Markt-XXL Lederbezug f\u00fcr Rasierhobel, aus ausgew\u00e4hltem Rindsleder, doppelseitige Rasierhobel, f\u00fcr Reisen und Gesch\u00e4ftsreisen","breadcrumb":{"@id":"https:\/\/marktxxl.de\/markt\/produkt\/lederbezug-fuer-rasierhobel-aus-ausgewaehltem-rindsleder-doppelseitige-rasierhobel-fuer-reisen-und-geschaeftsreisen\/#breadcrumb"},"inLanguage":"de","potentialAction":[{"@type":"ReadAction","target":["https:\/\/marktxxl.de\/markt\/produkt\/lederbezug-fuer-rasierhobel-aus-ausgewaehltem-rindsleder-doppelseitige-rasierhobel-fuer-reisen-und-geschaeftsreisen\/"]}]},{"@type":"ImageObject","inLanguage":"de","@id":"https:\/\/marktxxl.de\/markt\/produkt\/lederbezug-fuer-rasierhobel-aus-ausgewaehltem-rindsleder-doppelseitige-rasierhobel-fuer-reisen-und-geschaeftsreisen\/#primaryimage","url":"https:\/\/m.media-amazon.com\/images\/I\/41cQPnhSI7L._SL500_.jpg","contentUrl":"https:\/\/m.media-amazon.com\/images\/I\/41cQPnhSI7L._SL500_.jpg","width":500,"height":500},{"@type":"BreadcrumbList","@id":"https:\/\/marktxxl.de\/markt\/produkt\/lederbezug-fuer-rasierhobel-aus-ausgewaehltem-rindsleder-doppelseitige-rasierhobel-fuer-reisen-und-geschaeftsreisen\/#breadcrumb","itemListElement":[{"@type":"ListItem","position":1,"name":"Startseite","item":"https:\/\/marktxxl.de\/markt\/"},{"@type":"ListItem","position":2,"name":"Markt","item":"https:\/\/marktxxl.de\/markt\/"},{"@type":"ListItem","position":3,"name":"Lederbezug f\u00fcr Rasierhobel, aus ausgew\u00e4hltem Rindsleder, doppelseitige Rasierhobel, f\u00fcr Reisen und Gesch\u00e4ftsreisen"}]},{"@type":"WebSite","@id":"https:\/\/marktxxl.de\/markt\/#website","url":"https:\/\/marktxxl.de\/markt\/","name":"Markt-XXL","description":"Ihr Markt Online","publisher":{"@id":"https:\/\/marktxxl.de\/markt\/#organization"},"potentialAction":[{"@type":"SearchAction","target":{"@type":"EntryPoint","urlTemplate":"https:\/\/marktxxl.de\/markt\/?s={search_term_string}"},"query-input":{"@type":"PropertyValueSpecification","valueRequired":true,"valueName":"search_term_string"}}],"inLanguage":"de"},{"@type":"Organization","@id":"https:\/\/marktxxl.de\/markt\/#organization","name":"Markt-XXL","url":"https:\/\/marktxxl.de\/markt\/","logo":{"@type":"ImageObject","inLanguage":"de","@id":"https:\/\/marktxxl.de\/markt\/#\/schema\/logo\/image\/","url":"https:\/\/marktxxl.de\/markt\/wp-content\/uploads\/sites\/3\/2020\/12\/logo.png","contentUrl":"https:\/\/marktxxl.de\/markt\/wp-content\/uploads\/sites\/3\/2020\/12\/logo.png","width":200,"height":70,"caption":"Markt-XXL"},"image":{"@id":"https:\/\/marktxxl.de\/markt\/#\/schema\/logo\/image\/"}}]}},"_links":{"self":[{"href":"https:\/\/marktxxl.de\/markt\/wp-json\/wp\/v2\/product\/60942","targetHints":{"allow":["GET"]}}],"collection":[{"href":"https:\/\/marktxxl.de\/markt\/wp-json\/wp\/v2\/product"}],"about":[{"href":"https:\/\/marktxxl.de\/markt\/wp-json\/wp\/v2\/types\/product"}],"replies":[{"embeddable":true,"href":"https:\/\/marktxxl.de\/markt\/wp-json\/wp\/v2\/comments?post=60942"}],"wp:featuredmedia":[{"embeddable":true,"href":"https:\/\/marktxxl.de\/markt\/wp-json\/wp\/v2\/media\/60943"}],"wp:attachment":[{"href":"https:\/\/marktxxl.de\/markt\/wp-json\/wp\/v2\/media?parent=60942"}],"wp:term":[{"taxonomy":"product_brand","embeddable":true,"href":"https:\/\/marktxxl.de\/markt\/wp-json\/wp\/v2\/product_brand?post=60942"},{"taxonomy":"product_cat","embeddable":true,"href":"https:\/\/marktxxl.de\/markt\/wp-json\/wp\/v2\/product_cat?post=60942"},{"taxonomy":"product_tag","embeddable":true,"href":"https:\/\/marktxxl.de\/markt\/wp-json\/wp\/v2\/product_tag?post=60942"}],"curies":[{"name":"wp","href":"https:\/\/api.w.org\/{rel}","templated":true}]}}