{"id":60871,"date":"2021-10-26T17:12:23","date_gmt":"2021-10-26T15:12:23","guid":{"rendered":"https:\/\/marktxxl.de\/markt\/produkt\/gleitzeit-massageoel-premium-200-ml-bei-schwangerschaftsstreifen-dehnungsstreifen-zur-narbenpflege-dammmassage-und-partnermassage\/"},"modified":"2023-04-11T02:29:22","modified_gmt":"2023-04-11T00:29:22","slug":"gleitzeit-massageoel-premium-200-ml-bei-schwangerschaftsstreifen-dehnungsstreifen-zur-narbenpflege-dammmassage-und-partnermassage","status":"publish","type":"product","link":"https:\/\/marktxxl.de\/markt\/produkt\/gleitzeit-massageoel-premium-200-ml-bei-schwangerschaftsstreifen-dehnungsstreifen-zur-narbenpflege-dammmassage-und-partnermassage\/","title":{"rendered":"Gleitzeit\u00ae Massage\u00f6l PREMIUM (200 ml) bei Schwangerschaftsstreifen Dehnungsstreifen zur Narbenpflege Dammmassage und\u2026"},"content":{"rendered":"<p>\u2705 Qualit\u00e4tsprodukt MADE IN GERMANY Dermatologisch best\u00e4tigt zur Dammmassage w\u00e4hrend der Schwangerschaft und Narbenpflege empfohlen<br \/>\n\u2705 Zur NARBENPFLEGE hilft das das Massage\u00f6l das Erscheinungsbild von Narben zu verbessern Ideal zur Steigerung der Elastizit\u00e4t der Haut und zur Vorbeugung von Austrocknung<br \/>\n\u2705 Bei SCHWANGERSCHAFTSSTREIFEN helfen die hochwertigen \u00d6le optimal zur Babybauch Pflege von schwangeren Frauen indem die Hautelastizit\u00e4t gesteigert wird ebenso ideal bei Dehnungsstreifen bei Gewichtszunahme<br \/>\n\u2705 TROCKENE HAUT Zur Unterst\u00fctzung der Regulierung der eigenen Hautfeuchtigkeit und Steigerung der Elastizit\u00e4t<br \/>\n\u2705 MASSAGE\u00d6L zur K\u00f6rpermassage mit intensiver Hautpflege durch Mandel\u00f6l Sonnenblumen\u00f6l Macadamianuss\u00f6l Weizenkeim\u00f6l und Jojoba\u00f6l und wertvollem Vitamin E mit hohem Gehalt an essentiellen Fetts\u00e4uren<br \/>\n<div class=\"main-cross-sell\" data-asin=\"B01M6CRC9E\">\n\n\t<div class=\"WooZone-cross-sell-loader\">\n\t\t<div>\n\t\t\t<div id=\"floatingBarsG\">\n\t\t\t\t<div class=\"blockG\" id=\"rotateG_01\"><\/div>\n\t\t\t\t<div class=\"blockG\" id=\"rotateG_02\"><\/div>\n\t\t\t\t<div class=\"blockG\" id=\"rotateG_03\"><\/div>\n\t\t\t\t<div class=\"blockG\" id=\"rotateG_04\"><\/div>\n\t\t\t\t<div class=\"blockG\" id=\"rotateG_05\"><\/div>\n\t\t\t\t<div class=\"blockG\" id=\"rotateG_06\"><\/div>\n\t\t\t\t<div class=\"blockG\" id=\"rotateG_07\"><\/div>\n\t\t\t\t<div class=\"blockG\" id=\"rotateG_08\"><\/div>\n\t\t\t<\/div>\n\t\t\t<div class=\"WooZone-cross-sell-loader-text\"><\/div>\n\t\t<\/div>\n\t<\/div>\n\n\t\t\n<\/div>\n<div style=\"clear:both;\"><\/div><\/p>\n","protected":false},"excerpt":{"rendered":"<p>\u2705 Qualit\u00e4tsprodukt MADE IN GERMANY Dermatologisch best\u00e4tigt zur Dammmassage w\u00e4hrend der Schwangerschaft und Narbenpflege empfohlen<br \/>\n\u2705 Zur NARBENPFLEGE hilft das das Massage\u00f6l das Erscheinungsbild von Narben zu verbessern Ideal zur Steigerung der Elastizit\u00e4t der Haut und zur Vorbeugung von Austrocknung<br \/>\n\u2705 Bei SCHWANGERSCHAFTSSTREIFEN helfen die hochwertigen \u00d6le optimal zur Babybauch Pflege von schwangeren Frauen indem die Hautelastizit\u00e4t gesteigert wird ebenso ideal bei Dehnungsstreifen bei Gewichtszunahme<\/p>\n","protected":false},"featured_media":60872,"comment_status":"open","ping_status":"closed","template":"","meta":[],"product_brand":[],"product_cat":[566,6291],"product_tag":[],"class_list":{"0":"post-60871","1":"product","2":"type-product","3":"status-publish","4":"has-post-thumbnail","6":"product_cat-drogerie-koerperpflege","7":"product_cat-schwangerschaft","8":"pa_binding-badartikel","9":"pa_brand-gleitzeit","10":"pa_height-1-73228-zoll","11":"pa_length-6-53542-zoll","12":"pa_manufacturer-alecur","13":"pa_size-200-ml-1er-pack","14":"pa_weight-0-46958461806-pfund","15":"pa_width-2-67716-zoll","17":"first","18":"instock","19":"shipping-taxable","20":"purchasable","21":"product-type-simple","22":"customify-col","23":"product-has-gallery"},"yoast_head":"<!-- This site is optimized with the Yoast SEO plugin v27.4 - https:\/\/yoast.com\/product\/yoast-seo-wordpress\/ -->\n<title>Gleitzeit\u00ae Massage\u00f6l PREMIUM (200 ml) bei Schwangerschaftsstreifen Dehnungsstreifen zur Narbenpflege Dammmassage und\u2026 - Markt-XXL<\/title>\n<meta name=\"description\" content=\"Markt-XXL Gleitzeit\u00ae Massage\u00f6l PREMIUM (200 ml) bei Schwangerschaftsstreifen Dehnungsstreifen zur Narbenpflege Dammmassage und\u2026\" \/>\n<meta name=\"robots\" content=\"index, follow, max-snippet:-1, max-image-preview:large, max-video-preview:-1\" \/>\n<link rel=\"canonical\" href=\"https:\/\/marktxxl.de\/markt\/produkt\/gleitzeit-massageoel-premium-200-ml-bei-schwangerschaftsstreifen-dehnungsstreifen-zur-narbenpflege-dammmassage-und-partnermassage\/\" \/>\n<meta property=\"og:locale\" content=\"de_DE\" \/>\n<meta property=\"og:type\" content=\"article\" \/>\n<meta property=\"og:title\" content=\"Gleitzeit\u00ae Massage\u00f6l PREMIUM (200 ml) bei Schwangerschaftsstreifen Dehnungsstreifen zur Narbenpflege Dammmassage und\u2026 - Markt-XXL\" \/>\n<meta property=\"og:description\" content=\"Markt-XXL Gleitzeit\u00ae Massage\u00f6l PREMIUM (200 ml) bei Schwangerschaftsstreifen Dehnungsstreifen zur Narbenpflege Dammmassage und\u2026\" \/>\n<meta property=\"og:url\" content=\"https:\/\/marktxxl.de\/markt\/produkt\/gleitzeit-massageoel-premium-200-ml-bei-schwangerschaftsstreifen-dehnungsstreifen-zur-narbenpflege-dammmassage-und-partnermassage\/\" \/>\n<meta property=\"og:site_name\" content=\"Markt-XXL\" \/>\n<meta property=\"article:modified_time\" content=\"2023-04-11T00:29:22+00:00\" \/>\n<meta property=\"og:image\" content=\"https:\/\/m.media-amazon.com\/images\/I\/41ZF95l2CvL._SL500_.jpg\" \/>\n\t<meta property=\"og:image:width\" content=\"500\" \/>\n\t<meta property=\"og:image:height\" content=\"500\" \/>\n\t<meta property=\"og:image:type\" content=\"image\/jpeg\" \/>\n<meta name=\"twitter:card\" content=\"summary_large_image\" \/>\n<meta name=\"twitter:label1\" content=\"Gesch\u00e4tzte Lesezeit\" \/>\n\t<meta name=\"twitter:data1\" content=\"1\u00a0Minute\" \/>\n<script type=\"application\/ld+json\" class=\"yoast-schema-graph\">{\"@context\":\"https:\\\/\\\/schema.org\",\"@graph\":[{\"@type\":\"WebPage\",\"@id\":\"https:\\\/\\\/marktxxl.de\\\/markt\\\/produkt\\\/gleitzeit-massageoel-premium-200-ml-bei-schwangerschaftsstreifen-dehnungsstreifen-zur-narbenpflege-dammmassage-und-partnermassage\\\/\",\"url\":\"https:\\\/\\\/marktxxl.de\\\/markt\\\/produkt\\\/gleitzeit-massageoel-premium-200-ml-bei-schwangerschaftsstreifen-dehnungsstreifen-zur-narbenpflege-dammmassage-und-partnermassage\\\/\",\"name\":\"Gleitzeit\u00ae Massage\u00f6l PREMIUM (200 ml) bei Schwangerschaftsstreifen Dehnungsstreifen zur Narbenpflege Dammmassage und\u2026 - Markt-XXL\",\"isPartOf\":{\"@id\":\"https:\\\/\\\/marktxxl.de\\\/markt\\\/#website\"},\"primaryImageOfPage\":{\"@id\":\"https:\\\/\\\/marktxxl.de\\\/markt\\\/produkt\\\/gleitzeit-massageoel-premium-200-ml-bei-schwangerschaftsstreifen-dehnungsstreifen-zur-narbenpflege-dammmassage-und-partnermassage\\\/#primaryimage\"},\"image\":{\"@id\":\"https:\\\/\\\/marktxxl.de\\\/markt\\\/produkt\\\/gleitzeit-massageoel-premium-200-ml-bei-schwangerschaftsstreifen-dehnungsstreifen-zur-narbenpflege-dammmassage-und-partnermassage\\\/#primaryimage\"},\"thumbnailUrl\":\"https:\\\/\\\/m.media-amazon.com\\\/images\\\/I\\\/41ZF95l2CvL._SL500_.jpg\",\"datePublished\":\"2021-10-26T15:12:23+00:00\",\"dateModified\":\"2023-04-11T00:29:22+00:00\",\"description\":\"Markt-XXL Gleitzeit\u00ae Massage\u00f6l PREMIUM (200 ml) bei Schwangerschaftsstreifen Dehnungsstreifen zur Narbenpflege Dammmassage und\u2026\",\"breadcrumb\":{\"@id\":\"https:\\\/\\\/marktxxl.de\\\/markt\\\/produkt\\\/gleitzeit-massageoel-premium-200-ml-bei-schwangerschaftsstreifen-dehnungsstreifen-zur-narbenpflege-dammmassage-und-partnermassage\\\/#breadcrumb\"},\"inLanguage\":\"de\",\"potentialAction\":[{\"@type\":\"ReadAction\",\"target\":[\"https:\\\/\\\/marktxxl.de\\\/markt\\\/produkt\\\/gleitzeit-massageoel-premium-200-ml-bei-schwangerschaftsstreifen-dehnungsstreifen-zur-narbenpflege-dammmassage-und-partnermassage\\\/\"]}]},{\"@type\":\"ImageObject\",\"inLanguage\":\"de\",\"@id\":\"https:\\\/\\\/marktxxl.de\\\/markt\\\/produkt\\\/gleitzeit-massageoel-premium-200-ml-bei-schwangerschaftsstreifen-dehnungsstreifen-zur-narbenpflege-dammmassage-und-partnermassage\\\/#primaryimage\",\"url\":\"https:\\\/\\\/m.media-amazon.com\\\/images\\\/I\\\/41ZF95l2CvL._SL500_.jpg\",\"contentUrl\":\"https:\\\/\\\/m.media-amazon.com\\\/images\\\/I\\\/41ZF95l2CvL._SL500_.jpg\",\"width\":500,\"height\":500},{\"@type\":\"BreadcrumbList\",\"@id\":\"https:\\\/\\\/marktxxl.de\\\/markt\\\/produkt\\\/gleitzeit-massageoel-premium-200-ml-bei-schwangerschaftsstreifen-dehnungsstreifen-zur-narbenpflege-dammmassage-und-partnermassage\\\/#breadcrumb\",\"itemListElement\":[{\"@type\":\"ListItem\",\"position\":1,\"name\":\"Startseite\",\"item\":\"https:\\\/\\\/marktxxl.de\\\/markt\\\/\"},{\"@type\":\"ListItem\",\"position\":2,\"name\":\"Markt\",\"item\":\"https:\\\/\\\/marktxxl.de\\\/markt\\\/\"},{\"@type\":\"ListItem\",\"position\":3,\"name\":\"Gleitzeit\u00ae Massage\u00f6l PREMIUM (200 ml) bei Schwangerschaftsstreifen Dehnungsstreifen zur Narbenpflege Dammmassage und\u2026\"}]},{\"@type\":\"WebSite\",\"@id\":\"https:\\\/\\\/marktxxl.de\\\/markt\\\/#website\",\"url\":\"https:\\\/\\\/marktxxl.de\\\/markt\\\/\",\"name\":\"Markt-XXL\",\"description\":\"Ihr Markt Online\",\"publisher\":{\"@id\":\"https:\\\/\\\/marktxxl.de\\\/markt\\\/#organization\"},\"potentialAction\":[{\"@type\":\"SearchAction\",\"target\":{\"@type\":\"EntryPoint\",\"urlTemplate\":\"https:\\\/\\\/marktxxl.de\\\/markt\\\/?s={search_term_string}\"},\"query-input\":{\"@type\":\"PropertyValueSpecification\",\"valueRequired\":true,\"valueName\":\"search_term_string\"}}],\"inLanguage\":\"de\"},{\"@type\":\"Organization\",\"@id\":\"https:\\\/\\\/marktxxl.de\\\/markt\\\/#organization\",\"name\":\"Markt-XXL\",\"url\":\"https:\\\/\\\/marktxxl.de\\\/markt\\\/\",\"logo\":{\"@type\":\"ImageObject\",\"inLanguage\":\"de\",\"@id\":\"https:\\\/\\\/marktxxl.de\\\/markt\\\/#\\\/schema\\\/logo\\\/image\\\/\",\"url\":\"https:\\\/\\\/marktxxl.de\\\/markt\\\/wp-content\\\/uploads\\\/sites\\\/3\\\/2020\\\/12\\\/logo.png\",\"contentUrl\":\"https:\\\/\\\/marktxxl.de\\\/markt\\\/wp-content\\\/uploads\\\/sites\\\/3\\\/2020\\\/12\\\/logo.png\",\"width\":200,\"height\":70,\"caption\":\"Markt-XXL\"},\"image\":{\"@id\":\"https:\\\/\\\/marktxxl.de\\\/markt\\\/#\\\/schema\\\/logo\\\/image\\\/\"}}]}<\/script>\n<!-- \/ Yoast SEO plugin. -->","yoast_head_json":{"title":"Gleitzeit\u00ae Massage\u00f6l PREMIUM (200 ml) bei Schwangerschaftsstreifen Dehnungsstreifen zur Narbenpflege Dammmassage und\u2026 - Markt-XXL","description":"Markt-XXL Gleitzeit\u00ae Massage\u00f6l PREMIUM (200 ml) bei Schwangerschaftsstreifen Dehnungsstreifen zur Narbenpflege Dammmassage und\u2026","robots":{"index":"index","follow":"follow","max-snippet":"max-snippet:-1","max-image-preview":"max-image-preview:large","max-video-preview":"max-video-preview:-1"},"canonical":"https:\/\/marktxxl.de\/markt\/produkt\/gleitzeit-massageoel-premium-200-ml-bei-schwangerschaftsstreifen-dehnungsstreifen-zur-narbenpflege-dammmassage-und-partnermassage\/","og_locale":"de_DE","og_type":"article","og_title":"Gleitzeit\u00ae Massage\u00f6l PREMIUM (200 ml) bei Schwangerschaftsstreifen Dehnungsstreifen zur Narbenpflege Dammmassage und\u2026 - Markt-XXL","og_description":"Markt-XXL Gleitzeit\u00ae Massage\u00f6l PREMIUM (200 ml) bei Schwangerschaftsstreifen Dehnungsstreifen zur Narbenpflege Dammmassage und\u2026","og_url":"https:\/\/marktxxl.de\/markt\/produkt\/gleitzeit-massageoel-premium-200-ml-bei-schwangerschaftsstreifen-dehnungsstreifen-zur-narbenpflege-dammmassage-und-partnermassage\/","og_site_name":"Markt-XXL","article_modified_time":"2023-04-11T00:29:22+00:00","og_image":[{"width":500,"height":500,"url":"https:\/\/m.media-amazon.com\/images\/I\/41ZF95l2CvL._SL500_.jpg","type":"image\/jpeg"}],"twitter_card":"summary_large_image","twitter_misc":{"Gesch\u00e4tzte Lesezeit":"1\u00a0Minute"},"schema":{"@context":"https:\/\/schema.org","@graph":[{"@type":"WebPage","@id":"https:\/\/marktxxl.de\/markt\/produkt\/gleitzeit-massageoel-premium-200-ml-bei-schwangerschaftsstreifen-dehnungsstreifen-zur-narbenpflege-dammmassage-und-partnermassage\/","url":"https:\/\/marktxxl.de\/markt\/produkt\/gleitzeit-massageoel-premium-200-ml-bei-schwangerschaftsstreifen-dehnungsstreifen-zur-narbenpflege-dammmassage-und-partnermassage\/","name":"Gleitzeit\u00ae Massage\u00f6l PREMIUM (200 ml) bei Schwangerschaftsstreifen Dehnungsstreifen zur Narbenpflege Dammmassage und\u2026 - Markt-XXL","isPartOf":{"@id":"https:\/\/marktxxl.de\/markt\/#website"},"primaryImageOfPage":{"@id":"https:\/\/marktxxl.de\/markt\/produkt\/gleitzeit-massageoel-premium-200-ml-bei-schwangerschaftsstreifen-dehnungsstreifen-zur-narbenpflege-dammmassage-und-partnermassage\/#primaryimage"},"image":{"@id":"https:\/\/marktxxl.de\/markt\/produkt\/gleitzeit-massageoel-premium-200-ml-bei-schwangerschaftsstreifen-dehnungsstreifen-zur-narbenpflege-dammmassage-und-partnermassage\/#primaryimage"},"thumbnailUrl":"https:\/\/m.media-amazon.com\/images\/I\/41ZF95l2CvL._SL500_.jpg","datePublished":"2021-10-26T15:12:23+00:00","dateModified":"2023-04-11T00:29:22+00:00","description":"Markt-XXL Gleitzeit\u00ae Massage\u00f6l PREMIUM (200 ml) bei Schwangerschaftsstreifen Dehnungsstreifen zur Narbenpflege Dammmassage und\u2026","breadcrumb":{"@id":"https:\/\/marktxxl.de\/markt\/produkt\/gleitzeit-massageoel-premium-200-ml-bei-schwangerschaftsstreifen-dehnungsstreifen-zur-narbenpflege-dammmassage-und-partnermassage\/#breadcrumb"},"inLanguage":"de","potentialAction":[{"@type":"ReadAction","target":["https:\/\/marktxxl.de\/markt\/produkt\/gleitzeit-massageoel-premium-200-ml-bei-schwangerschaftsstreifen-dehnungsstreifen-zur-narbenpflege-dammmassage-und-partnermassage\/"]}]},{"@type":"ImageObject","inLanguage":"de","@id":"https:\/\/marktxxl.de\/markt\/produkt\/gleitzeit-massageoel-premium-200-ml-bei-schwangerschaftsstreifen-dehnungsstreifen-zur-narbenpflege-dammmassage-und-partnermassage\/#primaryimage","url":"https:\/\/m.media-amazon.com\/images\/I\/41ZF95l2CvL._SL500_.jpg","contentUrl":"https:\/\/m.media-amazon.com\/images\/I\/41ZF95l2CvL._SL500_.jpg","width":500,"height":500},{"@type":"BreadcrumbList","@id":"https:\/\/marktxxl.de\/markt\/produkt\/gleitzeit-massageoel-premium-200-ml-bei-schwangerschaftsstreifen-dehnungsstreifen-zur-narbenpflege-dammmassage-und-partnermassage\/#breadcrumb","itemListElement":[{"@type":"ListItem","position":1,"name":"Startseite","item":"https:\/\/marktxxl.de\/markt\/"},{"@type":"ListItem","position":2,"name":"Markt","item":"https:\/\/marktxxl.de\/markt\/"},{"@type":"ListItem","position":3,"name":"Gleitzeit\u00ae Massage\u00f6l PREMIUM (200 ml) bei Schwangerschaftsstreifen Dehnungsstreifen zur Narbenpflege Dammmassage und\u2026"}]},{"@type":"WebSite","@id":"https:\/\/marktxxl.de\/markt\/#website","url":"https:\/\/marktxxl.de\/markt\/","name":"Markt-XXL","description":"Ihr Markt Online","publisher":{"@id":"https:\/\/marktxxl.de\/markt\/#organization"},"potentialAction":[{"@type":"SearchAction","target":{"@type":"EntryPoint","urlTemplate":"https:\/\/marktxxl.de\/markt\/?s={search_term_string}"},"query-input":{"@type":"PropertyValueSpecification","valueRequired":true,"valueName":"search_term_string"}}],"inLanguage":"de"},{"@type":"Organization","@id":"https:\/\/marktxxl.de\/markt\/#organization","name":"Markt-XXL","url":"https:\/\/marktxxl.de\/markt\/","logo":{"@type":"ImageObject","inLanguage":"de","@id":"https:\/\/marktxxl.de\/markt\/#\/schema\/logo\/image\/","url":"https:\/\/marktxxl.de\/markt\/wp-content\/uploads\/sites\/3\/2020\/12\/logo.png","contentUrl":"https:\/\/marktxxl.de\/markt\/wp-content\/uploads\/sites\/3\/2020\/12\/logo.png","width":200,"height":70,"caption":"Markt-XXL"},"image":{"@id":"https:\/\/marktxxl.de\/markt\/#\/schema\/logo\/image\/"}}]}},"_links":{"self":[{"href":"https:\/\/marktxxl.de\/markt\/wp-json\/wp\/v2\/product\/60871","targetHints":{"allow":["GET"]}}],"collection":[{"href":"https:\/\/marktxxl.de\/markt\/wp-json\/wp\/v2\/product"}],"about":[{"href":"https:\/\/marktxxl.de\/markt\/wp-json\/wp\/v2\/types\/product"}],"replies":[{"embeddable":true,"href":"https:\/\/marktxxl.de\/markt\/wp-json\/wp\/v2\/comments?post=60871"}],"wp:featuredmedia":[{"embeddable":true,"href":"https:\/\/marktxxl.de\/markt\/wp-json\/wp\/v2\/media\/60872"}],"wp:attachment":[{"href":"https:\/\/marktxxl.de\/markt\/wp-json\/wp\/v2\/media?parent=60871"}],"wp:term":[{"taxonomy":"product_brand","embeddable":true,"href":"https:\/\/marktxxl.de\/markt\/wp-json\/wp\/v2\/product_brand?post=60871"},{"taxonomy":"product_cat","embeddable":true,"href":"https:\/\/marktxxl.de\/markt\/wp-json\/wp\/v2\/product_cat?post=60871"},{"taxonomy":"product_tag","embeddable":true,"href":"https:\/\/marktxxl.de\/markt\/wp-json\/wp\/v2\/product_tag?post=60871"}],"curies":[{"name":"wp","href":"https:\/\/api.w.org\/{rel}","templated":true}]}}