{"id":60708,"date":"2021-10-26T17:04:02","date_gmt":"2021-10-26T15:04:02","guid":{"rendered":"https:\/\/marktxxl.de\/markt\/produkt\/natreen-suessstoff-feine-suesse-cafe-gourmet-500er-6er-pack-6-x-34-g\/"},"modified":"2023-04-11T02:29:20","modified_gmt":"2023-04-11T00:29:20","slug":"natreen-suessstoff-feine-suesse-cafe-gourmet-500er-6er-pack-6-x-34-g","status":"publish","type":"product","link":"https:\/\/marktxxl.de\/markt\/produkt\/natreen-suessstoff-feine-suesse-cafe-gourmet-500er-6er-pack-6-x-34-g\/","title":{"rendered":"Natreen S\u00fc\u00dfstoff Feine S\u00fc\u00dfe Caf\u00e9 Gourmet 500er, 6er Pack (6 x 34 g)"},"content":{"rendered":"<p>Die einzigartige Rezeptur von Natreen Caf\u00e9 Gourmet ist ideal auf den\u00a0kalorienfreien\u00a0Genuss von Kaffee abgestimmt und unterst\u00fctzt das besondere, nat\u00fcrliche Kaffeearoma<br \/>\nBesonders gut geeignet f\u00fcr Kaffeespezialit\u00e4ten italienischer Art wie Espresso, Cappuccino, Latte Macchiato oder Caff\u00e8 Crema \u2013 voller Kaffeegenuss\u00a0ohne Kalorien<br \/>\nDie ideale S\u00fc\u00dfe f\u00fcr Espresso, Cappuccino &amp; Co.<br \/>\n500er Tischspender<br \/>\nKalorienbewusst genie\u00dfen \u2013 Natreen Caf\u00e9 Gourmet S\u00fc\u00dfstoff<br \/>\n<div class=\"main-cross-sell\" data-asin=\"B005PLZFKY\">\n\n\t<div class=\"WooZone-cross-sell-loader\">\n\t\t<div>\n\t\t\t<div id=\"floatingBarsG\">\n\t\t\t\t<div class=\"blockG\" id=\"rotateG_01\"><\/div>\n\t\t\t\t<div class=\"blockG\" id=\"rotateG_02\"><\/div>\n\t\t\t\t<div class=\"blockG\" id=\"rotateG_03\"><\/div>\n\t\t\t\t<div class=\"blockG\" id=\"rotateG_04\"><\/div>\n\t\t\t\t<div class=\"blockG\" id=\"rotateG_05\"><\/div>\n\t\t\t\t<div class=\"blockG\" id=\"rotateG_06\"><\/div>\n\t\t\t\t<div class=\"blockG\" id=\"rotateG_07\"><\/div>\n\t\t\t\t<div class=\"blockG\" id=\"rotateG_08\"><\/div>\n\t\t\t<\/div>\n\t\t\t<div class=\"WooZone-cross-sell-loader-text\"><\/div>\n\t\t<\/div>\n\t<\/div>\n\n\t\t\n<\/div>\n<div style=\"clear:both;\"><\/div><\/p>\n","protected":false},"excerpt":{"rendered":"<p>Die einzigartige Rezeptur von Natreen Caf\u00e9 Gourmet ist ideal auf den\u00a0kalorienfreien\u00a0Genuss von Kaffee abgestimmt und unterst\u00fctzt das besondere, nat\u00fcrliche Kaffeearoma<br \/>\nBesonders gut geeignet f\u00fcr Kaffeespezialit\u00e4ten italienischer Art wie Espresso, Cappuccino, Latte Macchiato oder Caff\u00e8 Crema \u2013 voller Kaffeegenuss\u00a0ohne Kalorien<br \/>\nDie ideale S\u00fc\u00dfe f\u00fcr Espresso, Cappuccino &amp; Co.<\/p>\n","protected":false},"featured_media":60709,"comment_status":"open","ping_status":"closed","template":"","meta":[],"product_brand":[],"product_cat":[566,6104],"product_tag":[],"class_list":{"0":"post-60708","1":"product","2":"type-product","3":"status-publish","4":"has-post-thumbnail","6":"product_cat-drogerie-koerperpflege","7":"product_cat-nahrungsergaenzung","8":"pa_binding-haushaltswaren","9":"pa_brand-natreen-feine-suesse","10":"pa_manufacturer-jacobs-douwe-egberts-professional-germany","11":"pa_model-22664","12":"pa_size-500-stueck-6er-pack","13":"pa_weight-204-gramm","15":"first","16":"instock","17":"shipping-taxable","18":"purchasable","19":"product-type-simple","20":"customify-col","21":"product-has-gallery"},"yoast_head":"<!-- This site is optimized with the Yoast SEO plugin v27.3 - https:\/\/yoast.com\/product\/yoast-seo-wordpress\/ -->\n<title>Natreen S\u00fc\u00dfstoff Feine S\u00fc\u00dfe Caf\u00e9 Gourmet 500er, 6er Pack (6 x 34 g) - Markt-XXL<\/title>\n<meta name=\"description\" content=\"Markt-XXL Natreen S\u00fc\u00dfstoff Feine S\u00fc\u00dfe Caf\u00e9 Gourmet 500er, 6er Pack (6 x 34 g)\" \/>\n<meta name=\"robots\" content=\"index, follow, max-snippet:-1, max-image-preview:large, max-video-preview:-1\" \/>\n<link rel=\"canonical\" href=\"https:\/\/marktxxl.de\/markt\/produkt\/natreen-suessstoff-feine-suesse-cafe-gourmet-500er-6er-pack-6-x-34-g\/\" \/>\n<meta property=\"og:locale\" content=\"de_DE\" \/>\n<meta property=\"og:type\" content=\"article\" \/>\n<meta property=\"og:title\" content=\"Natreen S\u00fc\u00dfstoff Feine S\u00fc\u00dfe Caf\u00e9 Gourmet 500er, 6er Pack (6 x 34 g) - Markt-XXL\" \/>\n<meta property=\"og:description\" content=\"Markt-XXL Natreen S\u00fc\u00dfstoff Feine S\u00fc\u00dfe Caf\u00e9 Gourmet 500er, 6er Pack (6 x 34 g)\" \/>\n<meta property=\"og:url\" content=\"https:\/\/marktxxl.de\/markt\/produkt\/natreen-suessstoff-feine-suesse-cafe-gourmet-500er-6er-pack-6-x-34-g\/\" \/>\n<meta property=\"og:site_name\" content=\"Markt-XXL\" \/>\n<meta property=\"article:modified_time\" content=\"2023-04-11T00:29:20+00:00\" \/>\n<meta property=\"og:image\" content=\"https:\/\/m.media-amazon.com\/images\/I\/41ne5ozmODL._SL500_.jpg\" \/>\n\t<meta property=\"og:image:width\" content=\"262\" \/>\n\t<meta property=\"og:image:height\" content=\"500\" \/>\n\t<meta property=\"og:image:type\" content=\"image\/jpeg\" \/>\n<meta name=\"twitter:card\" content=\"summary_large_image\" \/>\n<script type=\"application\/ld+json\" class=\"yoast-schema-graph\">{\"@context\":\"https:\\\/\\\/schema.org\",\"@graph\":[{\"@type\":\"WebPage\",\"@id\":\"https:\\\/\\\/marktxxl.de\\\/markt\\\/produkt\\\/natreen-suessstoff-feine-suesse-cafe-gourmet-500er-6er-pack-6-x-34-g\\\/\",\"url\":\"https:\\\/\\\/marktxxl.de\\\/markt\\\/produkt\\\/natreen-suessstoff-feine-suesse-cafe-gourmet-500er-6er-pack-6-x-34-g\\\/\",\"name\":\"Natreen S\u00fc\u00dfstoff Feine S\u00fc\u00dfe Caf\u00e9 Gourmet 500er, 6er Pack (6 x 34 g) - Markt-XXL\",\"isPartOf\":{\"@id\":\"https:\\\/\\\/marktxxl.de\\\/markt\\\/#website\"},\"primaryImageOfPage\":{\"@id\":\"https:\\\/\\\/marktxxl.de\\\/markt\\\/produkt\\\/natreen-suessstoff-feine-suesse-cafe-gourmet-500er-6er-pack-6-x-34-g\\\/#primaryimage\"},\"image\":{\"@id\":\"https:\\\/\\\/marktxxl.de\\\/markt\\\/produkt\\\/natreen-suessstoff-feine-suesse-cafe-gourmet-500er-6er-pack-6-x-34-g\\\/#primaryimage\"},\"thumbnailUrl\":\"https:\\\/\\\/m.media-amazon.com\\\/images\\\/I\\\/41ne5ozmODL._SL500_.jpg\",\"datePublished\":\"2021-10-26T15:04:02+00:00\",\"dateModified\":\"2023-04-11T00:29:20+00:00\",\"description\":\"Markt-XXL Natreen S\u00fc\u00dfstoff Feine S\u00fc\u00dfe Caf\u00e9 Gourmet 500er, 6er Pack (6 x 34 g)\",\"breadcrumb\":{\"@id\":\"https:\\\/\\\/marktxxl.de\\\/markt\\\/produkt\\\/natreen-suessstoff-feine-suesse-cafe-gourmet-500er-6er-pack-6-x-34-g\\\/#breadcrumb\"},\"inLanguage\":\"de\",\"potentialAction\":[{\"@type\":\"ReadAction\",\"target\":[\"https:\\\/\\\/marktxxl.de\\\/markt\\\/produkt\\\/natreen-suessstoff-feine-suesse-cafe-gourmet-500er-6er-pack-6-x-34-g\\\/\"]}]},{\"@type\":\"ImageObject\",\"inLanguage\":\"de\",\"@id\":\"https:\\\/\\\/marktxxl.de\\\/markt\\\/produkt\\\/natreen-suessstoff-feine-suesse-cafe-gourmet-500er-6er-pack-6-x-34-g\\\/#primaryimage\",\"url\":\"https:\\\/\\\/m.media-amazon.com\\\/images\\\/I\\\/41ne5ozmODL._SL500_.jpg\",\"contentUrl\":\"https:\\\/\\\/m.media-amazon.com\\\/images\\\/I\\\/41ne5ozmODL._SL500_.jpg\",\"width\":262,\"height\":500},{\"@type\":\"BreadcrumbList\",\"@id\":\"https:\\\/\\\/marktxxl.de\\\/markt\\\/produkt\\\/natreen-suessstoff-feine-suesse-cafe-gourmet-500er-6er-pack-6-x-34-g\\\/#breadcrumb\",\"itemListElement\":[{\"@type\":\"ListItem\",\"position\":1,\"name\":\"Startseite\",\"item\":\"https:\\\/\\\/marktxxl.de\\\/markt\\\/\"},{\"@type\":\"ListItem\",\"position\":2,\"name\":\"Markt\",\"item\":\"https:\\\/\\\/marktxxl.de\\\/markt\\\/\"},{\"@type\":\"ListItem\",\"position\":3,\"name\":\"Natreen S\u00fc\u00dfstoff Feine S\u00fc\u00dfe Caf\u00e9 Gourmet 500er, 6er Pack (6 x 34 g)\"}]},{\"@type\":\"WebSite\",\"@id\":\"https:\\\/\\\/marktxxl.de\\\/markt\\\/#website\",\"url\":\"https:\\\/\\\/marktxxl.de\\\/markt\\\/\",\"name\":\"Markt-XXL\",\"description\":\"Ihr Markt Online\",\"publisher\":{\"@id\":\"https:\\\/\\\/marktxxl.de\\\/markt\\\/#organization\"},\"potentialAction\":[{\"@type\":\"SearchAction\",\"target\":{\"@type\":\"EntryPoint\",\"urlTemplate\":\"https:\\\/\\\/marktxxl.de\\\/markt\\\/?s={search_term_string}\"},\"query-input\":{\"@type\":\"PropertyValueSpecification\",\"valueRequired\":true,\"valueName\":\"search_term_string\"}}],\"inLanguage\":\"de\"},{\"@type\":\"Organization\",\"@id\":\"https:\\\/\\\/marktxxl.de\\\/markt\\\/#organization\",\"name\":\"Markt-XXL\",\"url\":\"https:\\\/\\\/marktxxl.de\\\/markt\\\/\",\"logo\":{\"@type\":\"ImageObject\",\"inLanguage\":\"de\",\"@id\":\"https:\\\/\\\/marktxxl.de\\\/markt\\\/#\\\/schema\\\/logo\\\/image\\\/\",\"url\":\"https:\\\/\\\/marktxxl.de\\\/markt\\\/wp-content\\\/uploads\\\/sites\\\/3\\\/2020\\\/12\\\/logo.png\",\"contentUrl\":\"https:\\\/\\\/marktxxl.de\\\/markt\\\/wp-content\\\/uploads\\\/sites\\\/3\\\/2020\\\/12\\\/logo.png\",\"width\":200,\"height\":70,\"caption\":\"Markt-XXL\"},\"image\":{\"@id\":\"https:\\\/\\\/marktxxl.de\\\/markt\\\/#\\\/schema\\\/logo\\\/image\\\/\"}}]}<\/script>\n<!-- \/ Yoast SEO plugin. -->","yoast_head_json":{"title":"Natreen S\u00fc\u00dfstoff Feine S\u00fc\u00dfe Caf\u00e9 Gourmet 500er, 6er Pack (6 x 34 g) - Markt-XXL","description":"Markt-XXL Natreen S\u00fc\u00dfstoff Feine S\u00fc\u00dfe Caf\u00e9 Gourmet 500er, 6er Pack (6 x 34 g)","robots":{"index":"index","follow":"follow","max-snippet":"max-snippet:-1","max-image-preview":"max-image-preview:large","max-video-preview":"max-video-preview:-1"},"canonical":"https:\/\/marktxxl.de\/markt\/produkt\/natreen-suessstoff-feine-suesse-cafe-gourmet-500er-6er-pack-6-x-34-g\/","og_locale":"de_DE","og_type":"article","og_title":"Natreen S\u00fc\u00dfstoff Feine S\u00fc\u00dfe Caf\u00e9 Gourmet 500er, 6er Pack (6 x 34 g) - Markt-XXL","og_description":"Markt-XXL Natreen S\u00fc\u00dfstoff Feine S\u00fc\u00dfe Caf\u00e9 Gourmet 500er, 6er Pack (6 x 34 g)","og_url":"https:\/\/marktxxl.de\/markt\/produkt\/natreen-suessstoff-feine-suesse-cafe-gourmet-500er-6er-pack-6-x-34-g\/","og_site_name":"Markt-XXL","article_modified_time":"2023-04-11T00:29:20+00:00","og_image":[{"width":262,"height":500,"url":"https:\/\/m.media-amazon.com\/images\/I\/41ne5ozmODL._SL500_.jpg","type":"image\/jpeg"}],"twitter_card":"summary_large_image","schema":{"@context":"https:\/\/schema.org","@graph":[{"@type":"WebPage","@id":"https:\/\/marktxxl.de\/markt\/produkt\/natreen-suessstoff-feine-suesse-cafe-gourmet-500er-6er-pack-6-x-34-g\/","url":"https:\/\/marktxxl.de\/markt\/produkt\/natreen-suessstoff-feine-suesse-cafe-gourmet-500er-6er-pack-6-x-34-g\/","name":"Natreen S\u00fc\u00dfstoff Feine S\u00fc\u00dfe Caf\u00e9 Gourmet 500er, 6er Pack (6 x 34 g) - Markt-XXL","isPartOf":{"@id":"https:\/\/marktxxl.de\/markt\/#website"},"primaryImageOfPage":{"@id":"https:\/\/marktxxl.de\/markt\/produkt\/natreen-suessstoff-feine-suesse-cafe-gourmet-500er-6er-pack-6-x-34-g\/#primaryimage"},"image":{"@id":"https:\/\/marktxxl.de\/markt\/produkt\/natreen-suessstoff-feine-suesse-cafe-gourmet-500er-6er-pack-6-x-34-g\/#primaryimage"},"thumbnailUrl":"https:\/\/m.media-amazon.com\/images\/I\/41ne5ozmODL._SL500_.jpg","datePublished":"2021-10-26T15:04:02+00:00","dateModified":"2023-04-11T00:29:20+00:00","description":"Markt-XXL Natreen S\u00fc\u00dfstoff Feine S\u00fc\u00dfe Caf\u00e9 Gourmet 500er, 6er Pack (6 x 34 g)","breadcrumb":{"@id":"https:\/\/marktxxl.de\/markt\/produkt\/natreen-suessstoff-feine-suesse-cafe-gourmet-500er-6er-pack-6-x-34-g\/#breadcrumb"},"inLanguage":"de","potentialAction":[{"@type":"ReadAction","target":["https:\/\/marktxxl.de\/markt\/produkt\/natreen-suessstoff-feine-suesse-cafe-gourmet-500er-6er-pack-6-x-34-g\/"]}]},{"@type":"ImageObject","inLanguage":"de","@id":"https:\/\/marktxxl.de\/markt\/produkt\/natreen-suessstoff-feine-suesse-cafe-gourmet-500er-6er-pack-6-x-34-g\/#primaryimage","url":"https:\/\/m.media-amazon.com\/images\/I\/41ne5ozmODL._SL500_.jpg","contentUrl":"https:\/\/m.media-amazon.com\/images\/I\/41ne5ozmODL._SL500_.jpg","width":262,"height":500},{"@type":"BreadcrumbList","@id":"https:\/\/marktxxl.de\/markt\/produkt\/natreen-suessstoff-feine-suesse-cafe-gourmet-500er-6er-pack-6-x-34-g\/#breadcrumb","itemListElement":[{"@type":"ListItem","position":1,"name":"Startseite","item":"https:\/\/marktxxl.de\/markt\/"},{"@type":"ListItem","position":2,"name":"Markt","item":"https:\/\/marktxxl.de\/markt\/"},{"@type":"ListItem","position":3,"name":"Natreen S\u00fc\u00dfstoff Feine S\u00fc\u00dfe Caf\u00e9 Gourmet 500er, 6er Pack (6 x 34 g)"}]},{"@type":"WebSite","@id":"https:\/\/marktxxl.de\/markt\/#website","url":"https:\/\/marktxxl.de\/markt\/","name":"Markt-XXL","description":"Ihr Markt Online","publisher":{"@id":"https:\/\/marktxxl.de\/markt\/#organization"},"potentialAction":[{"@type":"SearchAction","target":{"@type":"EntryPoint","urlTemplate":"https:\/\/marktxxl.de\/markt\/?s={search_term_string}"},"query-input":{"@type":"PropertyValueSpecification","valueRequired":true,"valueName":"search_term_string"}}],"inLanguage":"de"},{"@type":"Organization","@id":"https:\/\/marktxxl.de\/markt\/#organization","name":"Markt-XXL","url":"https:\/\/marktxxl.de\/markt\/","logo":{"@type":"ImageObject","inLanguage":"de","@id":"https:\/\/marktxxl.de\/markt\/#\/schema\/logo\/image\/","url":"https:\/\/marktxxl.de\/markt\/wp-content\/uploads\/sites\/3\/2020\/12\/logo.png","contentUrl":"https:\/\/marktxxl.de\/markt\/wp-content\/uploads\/sites\/3\/2020\/12\/logo.png","width":200,"height":70,"caption":"Markt-XXL"},"image":{"@id":"https:\/\/marktxxl.de\/markt\/#\/schema\/logo\/image\/"}}]}},"_links":{"self":[{"href":"https:\/\/marktxxl.de\/markt\/wp-json\/wp\/v2\/product\/60708","targetHints":{"allow":["GET"]}}],"collection":[{"href":"https:\/\/marktxxl.de\/markt\/wp-json\/wp\/v2\/product"}],"about":[{"href":"https:\/\/marktxxl.de\/markt\/wp-json\/wp\/v2\/types\/product"}],"replies":[{"embeddable":true,"href":"https:\/\/marktxxl.de\/markt\/wp-json\/wp\/v2\/comments?post=60708"}],"wp:featuredmedia":[{"embeddable":true,"href":"https:\/\/marktxxl.de\/markt\/wp-json\/wp\/v2\/media\/60709"}],"wp:attachment":[{"href":"https:\/\/marktxxl.de\/markt\/wp-json\/wp\/v2\/media?parent=60708"}],"wp:term":[{"taxonomy":"product_brand","embeddable":true,"href":"https:\/\/marktxxl.de\/markt\/wp-json\/wp\/v2\/product_brand?post=60708"},{"taxonomy":"product_cat","embeddable":true,"href":"https:\/\/marktxxl.de\/markt\/wp-json\/wp\/v2\/product_cat?post=60708"},{"taxonomy":"product_tag","embeddable":true,"href":"https:\/\/marktxxl.de\/markt\/wp-json\/wp\/v2\/product_tag?post=60708"}],"curies":[{"name":"wp","href":"https:\/\/api.w.org\/{rel}","templated":true}]}}