{"id":60616,"date":"2021-10-26T17:01:29","date_gmt":"2021-10-26T15:01:29","guid":{"rendered":"https:\/\/marktxxl.de\/markt\/produkt\/dr-browns-hg058-p4-flamenco-zahnbuerste\/"},"modified":"2023-04-11T02:29:19","modified_gmt":"2023-04-11T00:29:19","slug":"dr-browns-hg058-p4-flamenco-zahnbuerste","status":"publish","type":"product","link":"https:\/\/marktxxl.de\/markt\/produkt\/dr-browns-hg058-p4-flamenco-zahnbuerste\/","title":{"rendered":"Dr. Brown&#8217;s HG058-P4 Flamenco Zahnb\u00fcrste"},"content":{"rendered":"<p>Weiche und sichere Zahnb\u00fcrste f\u00fcr Milchz\u00e4hne. Mit der richtigen Gr\u00f6\u00dfe f\u00fcr das Mundwachstum und zur Entwicklung der B\u00fcrstenf\u00e4higkeit.<br \/>\nSeine Filamente sind weich, aber robust und reinigen sanft, aber gr\u00fcndlich und entfernen alle Verschmutzungen. Die Form und das Material des Griffs sind sehr leicht zu greifen, sie sind dem Baby angepasst.<br \/>\n1 bis 4 Jahre. BPA-frei<br \/>\n<div class=\"main-cross-sell\" data-asin=\"B07W985NFV\">\n\n\t<div class=\"WooZone-cross-sell-loader\">\n\t\t<div>\n\t\t\t<div id=\"floatingBarsG\">\n\t\t\t\t<div class=\"blockG\" id=\"rotateG_01\"><\/div>\n\t\t\t\t<div class=\"blockG\" id=\"rotateG_02\"><\/div>\n\t\t\t\t<div class=\"blockG\" id=\"rotateG_03\"><\/div>\n\t\t\t\t<div class=\"blockG\" id=\"rotateG_04\"><\/div>\n\t\t\t\t<div class=\"blockG\" id=\"rotateG_05\"><\/div>\n\t\t\t\t<div class=\"blockG\" id=\"rotateG_06\"><\/div>\n\t\t\t\t<div class=\"blockG\" id=\"rotateG_07\"><\/div>\n\t\t\t\t<div class=\"blockG\" id=\"rotateG_08\"><\/div>\n\t\t\t<\/div>\n\t\t\t<div class=\"WooZone-cross-sell-loader-text\"><\/div>\n\t\t<\/div>\n\t<\/div>\n\n\t\t\n<\/div>\n<div style=\"clear:both;\"><\/div><\/p>\n","protected":false},"excerpt":{"rendered":"<p>Weiche und sichere Zahnb\u00fcrste f\u00fcr Milchz\u00e4hne. Mit der richtigen Gr\u00f6\u00dfe f\u00fcr das Mundwachstum und zur Entwicklung der B\u00fcrstenf\u00e4higkeit.<br \/>\nSeine Filamente sind weich, aber robust und reinigen sanft, aber gr\u00fcndlich und entfernen alle Verschmutzungen. Die Form und das Material des Griffs sind sehr leicht zu greifen, sie sind dem Baby angepasst.<br \/>\n1 bis 4 Jahre. BPA-frei<\/p>\n","protected":false},"featured_media":60617,"comment_status":"open","ping_status":"closed","template":"","meta":[],"product_brand":[],"product_cat":[566,5981],"product_tag":[],"class_list":{"0":"post-60616","1":"product","2":"type-product","3":"status-publish","4":"has-post-thumbnail","6":"product_cat-drogerie-koerperpflege","7":"product_cat-mund-zahnpflege","8":"pa_binding-badartikel","9":"pa_brand-dr-browns","10":"pa_height-8-8-zoll","11":"pa_languages-unbekannt-englisch","12":"pa_length-1-zoll","13":"pa_manufacturer-handi-craft","14":"pa_model-hg058-p4","15":"pa_weight-0-0440924524-pfund","16":"pa_width-3-1-zoll","18":"first","19":"instock","20":"shipping-taxable","21":"purchasable","22":"product-type-simple","23":"customify-col","24":"product-has-gallery"},"yoast_head":"<!-- This site is optimized with the Yoast SEO plugin v27.4 - https:\/\/yoast.com\/product\/yoast-seo-wordpress\/ -->\n<title>Dr. Brown&#039;s HG058-P4 Flamenco Zahnb\u00fcrste - Markt-XXL<\/title>\n<meta name=\"description\" content=\"Markt-XXL Dr. Brown&#039;s HG058-P4 Flamenco Zahnb\u00fcrste\" \/>\n<meta name=\"robots\" content=\"index, follow, max-snippet:-1, max-image-preview:large, max-video-preview:-1\" \/>\n<link rel=\"canonical\" href=\"https:\/\/marktxxl.de\/markt\/produkt\/dr-browns-hg058-p4-flamenco-zahnbuerste\/\" \/>\n<meta property=\"og:locale\" content=\"de_DE\" \/>\n<meta property=\"og:type\" content=\"article\" \/>\n<meta property=\"og:title\" content=\"Dr. Brown&#039;s HG058-P4 Flamenco Zahnb\u00fcrste - Markt-XXL\" \/>\n<meta property=\"og:description\" content=\"Markt-XXL Dr. Brown&#039;s HG058-P4 Flamenco Zahnb\u00fcrste\" \/>\n<meta property=\"og:url\" content=\"https:\/\/marktxxl.de\/markt\/produkt\/dr-browns-hg058-p4-flamenco-zahnbuerste\/\" \/>\n<meta property=\"og:site_name\" content=\"Markt-XXL\" \/>\n<meta property=\"article:modified_time\" content=\"2023-04-11T00:29:19+00:00\" \/>\n<meta property=\"og:image\" content=\"https:\/\/m.media-amazon.com\/images\/I\/419o4AnjftL._SL500_.jpg\" \/>\n\t<meta property=\"og:image:width\" content=\"500\" \/>\n\t<meta property=\"og:image:height\" content=\"500\" \/>\n\t<meta property=\"og:image:type\" content=\"image\/jpeg\" \/>\n<meta name=\"twitter:card\" content=\"summary_large_image\" \/>\n<script type=\"application\/ld+json\" class=\"yoast-schema-graph\">{\"@context\":\"https:\\\/\\\/schema.org\",\"@graph\":[{\"@type\":\"WebPage\",\"@id\":\"https:\\\/\\\/marktxxl.de\\\/markt\\\/produkt\\\/dr-browns-hg058-p4-flamenco-zahnbuerste\\\/\",\"url\":\"https:\\\/\\\/marktxxl.de\\\/markt\\\/produkt\\\/dr-browns-hg058-p4-flamenco-zahnbuerste\\\/\",\"name\":\"Dr. Brown's HG058-P4 Flamenco Zahnb\u00fcrste - Markt-XXL\",\"isPartOf\":{\"@id\":\"https:\\\/\\\/marktxxl.de\\\/markt\\\/#website\"},\"primaryImageOfPage\":{\"@id\":\"https:\\\/\\\/marktxxl.de\\\/markt\\\/produkt\\\/dr-browns-hg058-p4-flamenco-zahnbuerste\\\/#primaryimage\"},\"image\":{\"@id\":\"https:\\\/\\\/marktxxl.de\\\/markt\\\/produkt\\\/dr-browns-hg058-p4-flamenco-zahnbuerste\\\/#primaryimage\"},\"thumbnailUrl\":\"https:\\\/\\\/m.media-amazon.com\\\/images\\\/I\\\/419o4AnjftL._SL500_.jpg\",\"datePublished\":\"2021-10-26T15:01:29+00:00\",\"dateModified\":\"2023-04-11T00:29:19+00:00\",\"description\":\"Markt-XXL Dr. Brown's HG058-P4 Flamenco Zahnb\u00fcrste\",\"breadcrumb\":{\"@id\":\"https:\\\/\\\/marktxxl.de\\\/markt\\\/produkt\\\/dr-browns-hg058-p4-flamenco-zahnbuerste\\\/#breadcrumb\"},\"inLanguage\":\"de\",\"potentialAction\":[{\"@type\":\"ReadAction\",\"target\":[\"https:\\\/\\\/marktxxl.de\\\/markt\\\/produkt\\\/dr-browns-hg058-p4-flamenco-zahnbuerste\\\/\"]}]},{\"@type\":\"ImageObject\",\"inLanguage\":\"de\",\"@id\":\"https:\\\/\\\/marktxxl.de\\\/markt\\\/produkt\\\/dr-browns-hg058-p4-flamenco-zahnbuerste\\\/#primaryimage\",\"url\":\"https:\\\/\\\/m.media-amazon.com\\\/images\\\/I\\\/419o4AnjftL._SL500_.jpg\",\"contentUrl\":\"https:\\\/\\\/m.media-amazon.com\\\/images\\\/I\\\/419o4AnjftL._SL500_.jpg\",\"width\":500,\"height\":500},{\"@type\":\"BreadcrumbList\",\"@id\":\"https:\\\/\\\/marktxxl.de\\\/markt\\\/produkt\\\/dr-browns-hg058-p4-flamenco-zahnbuerste\\\/#breadcrumb\",\"itemListElement\":[{\"@type\":\"ListItem\",\"position\":1,\"name\":\"Startseite\",\"item\":\"https:\\\/\\\/marktxxl.de\\\/markt\\\/\"},{\"@type\":\"ListItem\",\"position\":2,\"name\":\"Markt\",\"item\":\"https:\\\/\\\/marktxxl.de\\\/markt\\\/\"},{\"@type\":\"ListItem\",\"position\":3,\"name\":\"Dr. Brown&#8217;s HG058-P4 Flamenco Zahnb\u00fcrste\"}]},{\"@type\":\"WebSite\",\"@id\":\"https:\\\/\\\/marktxxl.de\\\/markt\\\/#website\",\"url\":\"https:\\\/\\\/marktxxl.de\\\/markt\\\/\",\"name\":\"Markt-XXL\",\"description\":\"Ihr Markt Online\",\"publisher\":{\"@id\":\"https:\\\/\\\/marktxxl.de\\\/markt\\\/#organization\"},\"potentialAction\":[{\"@type\":\"SearchAction\",\"target\":{\"@type\":\"EntryPoint\",\"urlTemplate\":\"https:\\\/\\\/marktxxl.de\\\/markt\\\/?s={search_term_string}\"},\"query-input\":{\"@type\":\"PropertyValueSpecification\",\"valueRequired\":true,\"valueName\":\"search_term_string\"}}],\"inLanguage\":\"de\"},{\"@type\":\"Organization\",\"@id\":\"https:\\\/\\\/marktxxl.de\\\/markt\\\/#organization\",\"name\":\"Markt-XXL\",\"url\":\"https:\\\/\\\/marktxxl.de\\\/markt\\\/\",\"logo\":{\"@type\":\"ImageObject\",\"inLanguage\":\"de\",\"@id\":\"https:\\\/\\\/marktxxl.de\\\/markt\\\/#\\\/schema\\\/logo\\\/image\\\/\",\"url\":\"https:\\\/\\\/marktxxl.de\\\/markt\\\/wp-content\\\/uploads\\\/sites\\\/3\\\/2020\\\/12\\\/logo.png\",\"contentUrl\":\"https:\\\/\\\/marktxxl.de\\\/markt\\\/wp-content\\\/uploads\\\/sites\\\/3\\\/2020\\\/12\\\/logo.png\",\"width\":200,\"height\":70,\"caption\":\"Markt-XXL\"},\"image\":{\"@id\":\"https:\\\/\\\/marktxxl.de\\\/markt\\\/#\\\/schema\\\/logo\\\/image\\\/\"}}]}<\/script>\n<!-- \/ Yoast SEO plugin. -->","yoast_head_json":{"title":"Dr. Brown's HG058-P4 Flamenco Zahnb\u00fcrste - Markt-XXL","description":"Markt-XXL Dr. Brown's HG058-P4 Flamenco Zahnb\u00fcrste","robots":{"index":"index","follow":"follow","max-snippet":"max-snippet:-1","max-image-preview":"max-image-preview:large","max-video-preview":"max-video-preview:-1"},"canonical":"https:\/\/marktxxl.de\/markt\/produkt\/dr-browns-hg058-p4-flamenco-zahnbuerste\/","og_locale":"de_DE","og_type":"article","og_title":"Dr. Brown's HG058-P4 Flamenco Zahnb\u00fcrste - Markt-XXL","og_description":"Markt-XXL Dr. Brown's HG058-P4 Flamenco Zahnb\u00fcrste","og_url":"https:\/\/marktxxl.de\/markt\/produkt\/dr-browns-hg058-p4-flamenco-zahnbuerste\/","og_site_name":"Markt-XXL","article_modified_time":"2023-04-11T00:29:19+00:00","og_image":[{"width":500,"height":500,"url":"https:\/\/m.media-amazon.com\/images\/I\/419o4AnjftL._SL500_.jpg","type":"image\/jpeg"}],"twitter_card":"summary_large_image","schema":{"@context":"https:\/\/schema.org","@graph":[{"@type":"WebPage","@id":"https:\/\/marktxxl.de\/markt\/produkt\/dr-browns-hg058-p4-flamenco-zahnbuerste\/","url":"https:\/\/marktxxl.de\/markt\/produkt\/dr-browns-hg058-p4-flamenco-zahnbuerste\/","name":"Dr. Brown's HG058-P4 Flamenco Zahnb\u00fcrste - Markt-XXL","isPartOf":{"@id":"https:\/\/marktxxl.de\/markt\/#website"},"primaryImageOfPage":{"@id":"https:\/\/marktxxl.de\/markt\/produkt\/dr-browns-hg058-p4-flamenco-zahnbuerste\/#primaryimage"},"image":{"@id":"https:\/\/marktxxl.de\/markt\/produkt\/dr-browns-hg058-p4-flamenco-zahnbuerste\/#primaryimage"},"thumbnailUrl":"https:\/\/m.media-amazon.com\/images\/I\/419o4AnjftL._SL500_.jpg","datePublished":"2021-10-26T15:01:29+00:00","dateModified":"2023-04-11T00:29:19+00:00","description":"Markt-XXL Dr. Brown's HG058-P4 Flamenco Zahnb\u00fcrste","breadcrumb":{"@id":"https:\/\/marktxxl.de\/markt\/produkt\/dr-browns-hg058-p4-flamenco-zahnbuerste\/#breadcrumb"},"inLanguage":"de","potentialAction":[{"@type":"ReadAction","target":["https:\/\/marktxxl.de\/markt\/produkt\/dr-browns-hg058-p4-flamenco-zahnbuerste\/"]}]},{"@type":"ImageObject","inLanguage":"de","@id":"https:\/\/marktxxl.de\/markt\/produkt\/dr-browns-hg058-p4-flamenco-zahnbuerste\/#primaryimage","url":"https:\/\/m.media-amazon.com\/images\/I\/419o4AnjftL._SL500_.jpg","contentUrl":"https:\/\/m.media-amazon.com\/images\/I\/419o4AnjftL._SL500_.jpg","width":500,"height":500},{"@type":"BreadcrumbList","@id":"https:\/\/marktxxl.de\/markt\/produkt\/dr-browns-hg058-p4-flamenco-zahnbuerste\/#breadcrumb","itemListElement":[{"@type":"ListItem","position":1,"name":"Startseite","item":"https:\/\/marktxxl.de\/markt\/"},{"@type":"ListItem","position":2,"name":"Markt","item":"https:\/\/marktxxl.de\/markt\/"},{"@type":"ListItem","position":3,"name":"Dr. Brown&#8217;s HG058-P4 Flamenco Zahnb\u00fcrste"}]},{"@type":"WebSite","@id":"https:\/\/marktxxl.de\/markt\/#website","url":"https:\/\/marktxxl.de\/markt\/","name":"Markt-XXL","description":"Ihr Markt Online","publisher":{"@id":"https:\/\/marktxxl.de\/markt\/#organization"},"potentialAction":[{"@type":"SearchAction","target":{"@type":"EntryPoint","urlTemplate":"https:\/\/marktxxl.de\/markt\/?s={search_term_string}"},"query-input":{"@type":"PropertyValueSpecification","valueRequired":true,"valueName":"search_term_string"}}],"inLanguage":"de"},{"@type":"Organization","@id":"https:\/\/marktxxl.de\/markt\/#organization","name":"Markt-XXL","url":"https:\/\/marktxxl.de\/markt\/","logo":{"@type":"ImageObject","inLanguage":"de","@id":"https:\/\/marktxxl.de\/markt\/#\/schema\/logo\/image\/","url":"https:\/\/marktxxl.de\/markt\/wp-content\/uploads\/sites\/3\/2020\/12\/logo.png","contentUrl":"https:\/\/marktxxl.de\/markt\/wp-content\/uploads\/sites\/3\/2020\/12\/logo.png","width":200,"height":70,"caption":"Markt-XXL"},"image":{"@id":"https:\/\/marktxxl.de\/markt\/#\/schema\/logo\/image\/"}}]}},"_links":{"self":[{"href":"https:\/\/marktxxl.de\/markt\/wp-json\/wp\/v2\/product\/60616","targetHints":{"allow":["GET"]}}],"collection":[{"href":"https:\/\/marktxxl.de\/markt\/wp-json\/wp\/v2\/product"}],"about":[{"href":"https:\/\/marktxxl.de\/markt\/wp-json\/wp\/v2\/types\/product"}],"replies":[{"embeddable":true,"href":"https:\/\/marktxxl.de\/markt\/wp-json\/wp\/v2\/comments?post=60616"}],"wp:featuredmedia":[{"embeddable":true,"href":"https:\/\/marktxxl.de\/markt\/wp-json\/wp\/v2\/media\/60617"}],"wp:attachment":[{"href":"https:\/\/marktxxl.de\/markt\/wp-json\/wp\/v2\/media?parent=60616"}],"wp:term":[{"taxonomy":"product_brand","embeddable":true,"href":"https:\/\/marktxxl.de\/markt\/wp-json\/wp\/v2\/product_brand?post=60616"},{"taxonomy":"product_cat","embeddable":true,"href":"https:\/\/marktxxl.de\/markt\/wp-json\/wp\/v2\/product_cat?post=60616"},{"taxonomy":"product_tag","embeddable":true,"href":"https:\/\/marktxxl.de\/markt\/wp-json\/wp\/v2\/product_tag?post=60616"}],"curies":[{"name":"wp","href":"https:\/\/api.w.org\/{rel}","templated":true}]}}