{"id":60375,"date":"2021-10-26T16:42:52","date_gmt":"2021-10-26T14:42:52","guid":{"rendered":"https:\/\/marktxxl.de\/markt\/produkt\/bodylastics-widerstandsbaender-set-mit-patentierten-anti-schnapp-gummibaendern-patentierten-clips-verbesserten-griffen-tueranker-beinen-handgelenk-knoechelriemen-handbuch-und-bonus-44-workouts\/"},"modified":"2023-04-11T02:29:15","modified_gmt":"2023-04-11T00:29:15","slug":"bodylastics-widerstandsbaender-set-mit-patentierten-anti-schnapp-gummibaendern-patentierten-clips-verbesserten-griffen-tueranker-beinen-handgelenk-knoechelriemen-handbuch-und-bonus-44-workouts","status":"publish","type":"product","link":"https:\/\/marktxxl.de\/markt\/produkt\/bodylastics-widerstandsbaender-set-mit-patentierten-anti-schnapp-gummibaendern-patentierten-clips-verbesserten-griffen-tueranker-beinen-handgelenk-knoechelriemen-handbuch-und-bonus-44-workouts\/","title":{"rendered":"Bodylastics Widerstandsb\u00e4nder-Set mit patentierten Anti-Schnapp-Gummib\u00e4ndern, patentierten Clips, verbesserten Griffen\u2026"},"content":{"rendered":"<p>Update \u2013 Besten Widerstandsb\u00e4nder von The Wirecutter, einer New York Times Company (04-02-2020). 31-teiliges Mega-Set: Dieses Widerstandsb\u00e4nder-Set kommt mit 14 Anti-Schnapp-B\u00e4ndern (0,9\u20131,4 kg, 0,9\u20132,3 kg, 0,9\u20133,6 kg, 0,9\u20135,9 kg, 0,9\u20138,6 kg, 0,9\u201310,4 kg, 6 Griffen, 6 Kn\u00f6chelriemen. s, 2 T\u00fcranker 1 gro\u00dfer Anker, 1 kleiner Anker, 1 Tragetasche, 1 PDF-Lehrmittel.<br \/>\nPatentiertes Anti-Snap-Sicherheits-Design \u2013 jedes Bodylastics Widerstandsband verf\u00fcgt \u00fcber unsere erstaunliche Snap-Guard-Sicherheitskordel. Diese erstaunliche Schnur ist super stark. Es verhindert Sch\u00e4den an den B\u00e4ndern durch \u00dcberdehnung und sch\u00fctzt Gesicht und K\u00f6rper in dem seltenen Fall, dass ein Band rei\u00dft.<br \/>\nStapelbarer Widerstand von 183 kg \u2013 Bodylastics Clip-B\u00e4nder erm\u00f6glichen es dem Benutzer, Widerstand hinzuzuf\u00fcgen oder zu subtrahieren, um die perfekte Herausforderung f\u00fcr jede Muskelgruppe zu schaffen. Verwenden und kombinieren Sie alle B\u00e4nder in diesem Set, um von 1,5 bis 183 kg zu erstellen. Unsere B\u00e4nder funktionieren genau wie stapelbare Maschinen.<br \/>\nProfessionelle Komponenten \u2013 jeder Aspekt dieses Bodylastics-Produkts ist so gemacht, dass es das bestm\u00f6gliche m\u00f6glich ist. Wir betrachten unsere Sets als ernsthafte Trainingsmaschinen, so dass wir sie bauen. Wir verwenden Latex, Kunststoff, Nylon und Metall, um ein Produkt zu schaffen, das Sie beeindruckt sein werden, wenn Sie es aus der Box nehmen.<br \/>\nWir sind so zuversichtlich, dass Sie dieses Bodylastic-System lieben werden. Probieren Sie dieses Bodylastics Produkt risikofrei. Wenn es nicht alles ist, was wir behaupten, senden Sie es innerhalb von 30 Tagen f\u00fcr eine volle R\u00fcckerstattung zur\u00fcck<br \/>\n<div class=\"main-cross-sell\" data-asin=\"B086DCLDPW\">\n\n\t<div class=\"WooZone-cross-sell-loader\">\n\t\t<div>\n\t\t\t<div id=\"floatingBarsG\">\n\t\t\t\t<div class=\"blockG\" id=\"rotateG_01\"><\/div>\n\t\t\t\t<div class=\"blockG\" id=\"rotateG_02\"><\/div>\n\t\t\t\t<div class=\"blockG\" id=\"rotateG_03\"><\/div>\n\t\t\t\t<div class=\"blockG\" id=\"rotateG_04\"><\/div>\n\t\t\t\t<div class=\"blockG\" id=\"rotateG_05\"><\/div>\n\t\t\t\t<div class=\"blockG\" id=\"rotateG_06\"><\/div>\n\t\t\t\t<div class=\"blockG\" id=\"rotateG_07\"><\/div>\n\t\t\t\t<div class=\"blockG\" id=\"rotateG_08\"><\/div>\n\t\t\t<\/div>\n\t\t\t<div class=\"WooZone-cross-sell-loader-text\"><\/div>\n\t\t<\/div>\n\t<\/div>\n\n\t\t\n<\/div>\n<div style=\"clear:both;\"><\/div><\/p>\n","protected":false},"excerpt":{"rendered":"<p>Update \u2013 Besten Widerstandsb\u00e4nder von The Wirecutter, einer New York Times Company (04-02-2020). 31-teiliges Mega-Set: Dieses Widerstandsb\u00e4nder-Set kommt mit 14 Anti-Schnapp-B\u00e4ndern (0,9\u20131,4 kg, 0,9\u20132,3 kg, 0,9\u20133,6 kg, 0,9\u20135,9 kg, 0,9\u20138,6 kg, 0,9\u201310,4 kg, 6 Griffen, 6 Kn\u00f6chelriemen. s, 2 T\u00fcranker 1 gro\u00dfer Anker, 1 kleiner Anker, 1 Tragetasche, 1 PDF-Lehrmittel.<br \/>\nPatentiertes Anti-Snap-Sicherheits-Design \u2013 jedes Bodylastics Widerstandsband verf\u00fcgt \u00fcber unsere erstaunliche Snap-Guard-Sicherheitskordel. Diese erstaunliche Schnur ist super stark. Es verhindert Sch\u00e4den an den B\u00e4ndern durch \u00dcberdehnung und sch\u00fctzt Gesicht und K\u00f6rper in dem seltenen Fall, dass ein Band rei\u00dft.<br \/>\nStapelbarer Widerstand von 183 kg \u2013 Bodylastics Clip-B\u00e4nder erm\u00f6glichen es dem Benutzer, Widerstand hinzuzuf\u00fcgen oder zu subtrahieren, um die perfekte Herausforderung f\u00fcr jede Muskelgruppe zu schaffen. Verwenden und kombinieren Sie alle B\u00e4nder in diesem Set, um von 1,5 bis 183 kg zu erstellen. Unsere B\u00e4nder funktionieren genau wie stapelbare Maschinen.<\/p>\n","protected":false},"featured_media":60377,"comment_status":"open","ping_status":"closed","template":"","meta":[],"product_brand":[],"product_cat":[566,5908],"product_tag":[],"class_list":{"0":"post-60375","1":"product","2":"type-product","3":"status-publish","4":"has-post-thumbnail","6":"product_cat-drogerie-koerperpflege","7":"product_cat-medizinische-geraete-verbrauchsmaterialien","8":"pa_artikel-form-183-kg-14-baender","9":"pa_brand-bodylastics","10":"pa_groesse-one-bag","11":"pa_manufacturer-bodylastics-international","13":"first","14":"instock","15":"shipping-taxable","16":"purchasable","17":"product-type-variable","18":"customify-col","19":"product-has-gallery"},"yoast_head":"<!-- This site is optimized with the Yoast SEO plugin v27.4 - https:\/\/yoast.com\/product\/yoast-seo-wordpress\/ -->\n<title>Bodylastics Widerstandsb\u00e4nder-Set mit patentierten Anti-Schnapp-Gummib\u00e4ndern, patentierten Clips, verbesserten Griffen\u2026 - Markt-XXL<\/title>\n<meta name=\"description\" content=\"Markt-XXL Bodylastics Widerstandsb\u00e4nder-Set mit patentierten Anti-Schnapp-Gummib\u00e4ndern, patentierten Clips, verbesserten Griffen\u2026\" \/>\n<meta name=\"robots\" content=\"index, follow, max-snippet:-1, max-image-preview:large, max-video-preview:-1\" \/>\n<link rel=\"canonical\" href=\"https:\/\/marktxxl.de\/markt\/produkt\/bodylastics-widerstandsbaender-set-mit-patentierten-anti-schnapp-gummibaendern-patentierten-clips-verbesserten-griffen-tueranker-beinen-handgelenk-knoechelriemen-handbuch-und-bonus-44-workouts\/\" \/>\n<meta property=\"og:locale\" content=\"de_DE\" \/>\n<meta property=\"og:type\" content=\"article\" \/>\n<meta property=\"og:title\" content=\"Bodylastics Widerstandsb\u00e4nder-Set mit patentierten Anti-Schnapp-Gummib\u00e4ndern, patentierten Clips, verbesserten Griffen\u2026 - Markt-XXL\" \/>\n<meta property=\"og:description\" content=\"Markt-XXL Bodylastics Widerstandsb\u00e4nder-Set mit patentierten Anti-Schnapp-Gummib\u00e4ndern, patentierten Clips, verbesserten Griffen\u2026\" \/>\n<meta property=\"og:url\" content=\"https:\/\/marktxxl.de\/markt\/produkt\/bodylastics-widerstandsbaender-set-mit-patentierten-anti-schnapp-gummibaendern-patentierten-clips-verbesserten-griffen-tueranker-beinen-handgelenk-knoechelriemen-handbuch-und-bonus-44-workouts\/\" \/>\n<meta property=\"og:site_name\" content=\"Markt-XXL\" \/>\n<meta property=\"article:modified_time\" content=\"2023-04-11T00:29:15+00:00\" \/>\n<meta property=\"og:image\" content=\"https:\/\/m.media-amazon.com\/images\/I\/51VyiU2hKfL._SL500_.jpg\" \/>\n\t<meta property=\"og:image:width\" content=\"500\" \/>\n\t<meta property=\"og:image:height\" content=\"500\" \/>\n\t<meta property=\"og:image:type\" content=\"image\/jpeg\" \/>\n<meta name=\"twitter:card\" content=\"summary_large_image\" \/>\n<meta name=\"twitter:label1\" content=\"Gesch\u00e4tzte Lesezeit\" \/>\n\t<meta name=\"twitter:data1\" content=\"1\u00a0Minute\" \/>\n<script type=\"application\/ld+json\" class=\"yoast-schema-graph\">{\"@context\":\"https:\\\/\\\/schema.org\",\"@graph\":[{\"@type\":\"WebPage\",\"@id\":\"https:\\\/\\\/marktxxl.de\\\/markt\\\/produkt\\\/bodylastics-widerstandsbaender-set-mit-patentierten-anti-schnapp-gummibaendern-patentierten-clips-verbesserten-griffen-tueranker-beinen-handgelenk-knoechelriemen-handbuch-und-bonus-44-workouts\\\/\",\"url\":\"https:\\\/\\\/marktxxl.de\\\/markt\\\/produkt\\\/bodylastics-widerstandsbaender-set-mit-patentierten-anti-schnapp-gummibaendern-patentierten-clips-verbesserten-griffen-tueranker-beinen-handgelenk-knoechelriemen-handbuch-und-bonus-44-workouts\\\/\",\"name\":\"Bodylastics Widerstandsb\u00e4nder-Set mit patentierten Anti-Schnapp-Gummib\u00e4ndern, patentierten Clips, verbesserten Griffen\u2026 - Markt-XXL\",\"isPartOf\":{\"@id\":\"https:\\\/\\\/marktxxl.de\\\/markt\\\/#website\"},\"primaryImageOfPage\":{\"@id\":\"https:\\\/\\\/marktxxl.de\\\/markt\\\/produkt\\\/bodylastics-widerstandsbaender-set-mit-patentierten-anti-schnapp-gummibaendern-patentierten-clips-verbesserten-griffen-tueranker-beinen-handgelenk-knoechelriemen-handbuch-und-bonus-44-workouts\\\/#primaryimage\"},\"image\":{\"@id\":\"https:\\\/\\\/marktxxl.de\\\/markt\\\/produkt\\\/bodylastics-widerstandsbaender-set-mit-patentierten-anti-schnapp-gummibaendern-patentierten-clips-verbesserten-griffen-tueranker-beinen-handgelenk-knoechelriemen-handbuch-und-bonus-44-workouts\\\/#primaryimage\"},\"thumbnailUrl\":\"https:\\\/\\\/m.media-amazon.com\\\/images\\\/I\\\/51VyiU2hKfL._SL500_.jpg\",\"datePublished\":\"2021-10-26T14:42:52+00:00\",\"dateModified\":\"2023-04-11T00:29:15+00:00\",\"description\":\"Markt-XXL Bodylastics Widerstandsb\u00e4nder-Set mit patentierten Anti-Schnapp-Gummib\u00e4ndern, patentierten Clips, verbesserten Griffen\u2026\",\"breadcrumb\":{\"@id\":\"https:\\\/\\\/marktxxl.de\\\/markt\\\/produkt\\\/bodylastics-widerstandsbaender-set-mit-patentierten-anti-schnapp-gummibaendern-patentierten-clips-verbesserten-griffen-tueranker-beinen-handgelenk-knoechelriemen-handbuch-und-bonus-44-workouts\\\/#breadcrumb\"},\"inLanguage\":\"de\",\"potentialAction\":[{\"@type\":\"ReadAction\",\"target\":[\"https:\\\/\\\/marktxxl.de\\\/markt\\\/produkt\\\/bodylastics-widerstandsbaender-set-mit-patentierten-anti-schnapp-gummibaendern-patentierten-clips-verbesserten-griffen-tueranker-beinen-handgelenk-knoechelriemen-handbuch-und-bonus-44-workouts\\\/\"]}]},{\"@type\":\"ImageObject\",\"inLanguage\":\"de\",\"@id\":\"https:\\\/\\\/marktxxl.de\\\/markt\\\/produkt\\\/bodylastics-widerstandsbaender-set-mit-patentierten-anti-schnapp-gummibaendern-patentierten-clips-verbesserten-griffen-tueranker-beinen-handgelenk-knoechelriemen-handbuch-und-bonus-44-workouts\\\/#primaryimage\",\"url\":\"https:\\\/\\\/m.media-amazon.com\\\/images\\\/I\\\/51VyiU2hKfL._SL500_.jpg\",\"contentUrl\":\"https:\\\/\\\/m.media-amazon.com\\\/images\\\/I\\\/51VyiU2hKfL._SL500_.jpg\",\"width\":500,\"height\":500},{\"@type\":\"BreadcrumbList\",\"@id\":\"https:\\\/\\\/marktxxl.de\\\/markt\\\/produkt\\\/bodylastics-widerstandsbaender-set-mit-patentierten-anti-schnapp-gummibaendern-patentierten-clips-verbesserten-griffen-tueranker-beinen-handgelenk-knoechelriemen-handbuch-und-bonus-44-workouts\\\/#breadcrumb\",\"itemListElement\":[{\"@type\":\"ListItem\",\"position\":1,\"name\":\"Startseite\",\"item\":\"https:\\\/\\\/marktxxl.de\\\/markt\\\/\"},{\"@type\":\"ListItem\",\"position\":2,\"name\":\"Markt\",\"item\":\"https:\\\/\\\/marktxxl.de\\\/markt\\\/\"},{\"@type\":\"ListItem\",\"position\":3,\"name\":\"Bodylastics Widerstandsb\u00e4nder-Set mit patentierten Anti-Schnapp-Gummib\u00e4ndern, patentierten Clips, verbesserten Griffen\u2026\"}]},{\"@type\":\"WebSite\",\"@id\":\"https:\\\/\\\/marktxxl.de\\\/markt\\\/#website\",\"url\":\"https:\\\/\\\/marktxxl.de\\\/markt\\\/\",\"name\":\"Markt-XXL\",\"description\":\"Ihr Markt Online\",\"publisher\":{\"@id\":\"https:\\\/\\\/marktxxl.de\\\/markt\\\/#organization\"},\"potentialAction\":[{\"@type\":\"SearchAction\",\"target\":{\"@type\":\"EntryPoint\",\"urlTemplate\":\"https:\\\/\\\/marktxxl.de\\\/markt\\\/?s={search_term_string}\"},\"query-input\":{\"@type\":\"PropertyValueSpecification\",\"valueRequired\":true,\"valueName\":\"search_term_string\"}}],\"inLanguage\":\"de\"},{\"@type\":\"Organization\",\"@id\":\"https:\\\/\\\/marktxxl.de\\\/markt\\\/#organization\",\"name\":\"Markt-XXL\",\"url\":\"https:\\\/\\\/marktxxl.de\\\/markt\\\/\",\"logo\":{\"@type\":\"ImageObject\",\"inLanguage\":\"de\",\"@id\":\"https:\\\/\\\/marktxxl.de\\\/markt\\\/#\\\/schema\\\/logo\\\/image\\\/\",\"url\":\"https:\\\/\\\/marktxxl.de\\\/markt\\\/wp-content\\\/uploads\\\/sites\\\/3\\\/2020\\\/12\\\/logo.png\",\"contentUrl\":\"https:\\\/\\\/marktxxl.de\\\/markt\\\/wp-content\\\/uploads\\\/sites\\\/3\\\/2020\\\/12\\\/logo.png\",\"width\":200,\"height\":70,\"caption\":\"Markt-XXL\"},\"image\":{\"@id\":\"https:\\\/\\\/marktxxl.de\\\/markt\\\/#\\\/schema\\\/logo\\\/image\\\/\"}}]}<\/script>\n<!-- \/ Yoast SEO plugin. -->","yoast_head_json":{"title":"Bodylastics Widerstandsb\u00e4nder-Set mit patentierten Anti-Schnapp-Gummib\u00e4ndern, patentierten Clips, verbesserten Griffen\u2026 - Markt-XXL","description":"Markt-XXL Bodylastics Widerstandsb\u00e4nder-Set mit patentierten Anti-Schnapp-Gummib\u00e4ndern, patentierten Clips, verbesserten Griffen\u2026","robots":{"index":"index","follow":"follow","max-snippet":"max-snippet:-1","max-image-preview":"max-image-preview:large","max-video-preview":"max-video-preview:-1"},"canonical":"https:\/\/marktxxl.de\/markt\/produkt\/bodylastics-widerstandsbaender-set-mit-patentierten-anti-schnapp-gummibaendern-patentierten-clips-verbesserten-griffen-tueranker-beinen-handgelenk-knoechelriemen-handbuch-und-bonus-44-workouts\/","og_locale":"de_DE","og_type":"article","og_title":"Bodylastics Widerstandsb\u00e4nder-Set mit patentierten Anti-Schnapp-Gummib\u00e4ndern, patentierten Clips, verbesserten Griffen\u2026 - Markt-XXL","og_description":"Markt-XXL Bodylastics Widerstandsb\u00e4nder-Set mit patentierten Anti-Schnapp-Gummib\u00e4ndern, patentierten Clips, verbesserten Griffen\u2026","og_url":"https:\/\/marktxxl.de\/markt\/produkt\/bodylastics-widerstandsbaender-set-mit-patentierten-anti-schnapp-gummibaendern-patentierten-clips-verbesserten-griffen-tueranker-beinen-handgelenk-knoechelriemen-handbuch-und-bonus-44-workouts\/","og_site_name":"Markt-XXL","article_modified_time":"2023-04-11T00:29:15+00:00","og_image":[{"width":500,"height":500,"url":"https:\/\/m.media-amazon.com\/images\/I\/51VyiU2hKfL._SL500_.jpg","type":"image\/jpeg"}],"twitter_card":"summary_large_image","twitter_misc":{"Gesch\u00e4tzte Lesezeit":"1\u00a0Minute"},"schema":{"@context":"https:\/\/schema.org","@graph":[{"@type":"WebPage","@id":"https:\/\/marktxxl.de\/markt\/produkt\/bodylastics-widerstandsbaender-set-mit-patentierten-anti-schnapp-gummibaendern-patentierten-clips-verbesserten-griffen-tueranker-beinen-handgelenk-knoechelriemen-handbuch-und-bonus-44-workouts\/","url":"https:\/\/marktxxl.de\/markt\/produkt\/bodylastics-widerstandsbaender-set-mit-patentierten-anti-schnapp-gummibaendern-patentierten-clips-verbesserten-griffen-tueranker-beinen-handgelenk-knoechelriemen-handbuch-und-bonus-44-workouts\/","name":"Bodylastics Widerstandsb\u00e4nder-Set mit patentierten Anti-Schnapp-Gummib\u00e4ndern, patentierten Clips, verbesserten Griffen\u2026 - Markt-XXL","isPartOf":{"@id":"https:\/\/marktxxl.de\/markt\/#website"},"primaryImageOfPage":{"@id":"https:\/\/marktxxl.de\/markt\/produkt\/bodylastics-widerstandsbaender-set-mit-patentierten-anti-schnapp-gummibaendern-patentierten-clips-verbesserten-griffen-tueranker-beinen-handgelenk-knoechelriemen-handbuch-und-bonus-44-workouts\/#primaryimage"},"image":{"@id":"https:\/\/marktxxl.de\/markt\/produkt\/bodylastics-widerstandsbaender-set-mit-patentierten-anti-schnapp-gummibaendern-patentierten-clips-verbesserten-griffen-tueranker-beinen-handgelenk-knoechelriemen-handbuch-und-bonus-44-workouts\/#primaryimage"},"thumbnailUrl":"https:\/\/m.media-amazon.com\/images\/I\/51VyiU2hKfL._SL500_.jpg","datePublished":"2021-10-26T14:42:52+00:00","dateModified":"2023-04-11T00:29:15+00:00","description":"Markt-XXL Bodylastics Widerstandsb\u00e4nder-Set mit patentierten Anti-Schnapp-Gummib\u00e4ndern, patentierten Clips, verbesserten Griffen\u2026","breadcrumb":{"@id":"https:\/\/marktxxl.de\/markt\/produkt\/bodylastics-widerstandsbaender-set-mit-patentierten-anti-schnapp-gummibaendern-patentierten-clips-verbesserten-griffen-tueranker-beinen-handgelenk-knoechelriemen-handbuch-und-bonus-44-workouts\/#breadcrumb"},"inLanguage":"de","potentialAction":[{"@type":"ReadAction","target":["https:\/\/marktxxl.de\/markt\/produkt\/bodylastics-widerstandsbaender-set-mit-patentierten-anti-schnapp-gummibaendern-patentierten-clips-verbesserten-griffen-tueranker-beinen-handgelenk-knoechelriemen-handbuch-und-bonus-44-workouts\/"]}]},{"@type":"ImageObject","inLanguage":"de","@id":"https:\/\/marktxxl.de\/markt\/produkt\/bodylastics-widerstandsbaender-set-mit-patentierten-anti-schnapp-gummibaendern-patentierten-clips-verbesserten-griffen-tueranker-beinen-handgelenk-knoechelriemen-handbuch-und-bonus-44-workouts\/#primaryimage","url":"https:\/\/m.media-amazon.com\/images\/I\/51VyiU2hKfL._SL500_.jpg","contentUrl":"https:\/\/m.media-amazon.com\/images\/I\/51VyiU2hKfL._SL500_.jpg","width":500,"height":500},{"@type":"BreadcrumbList","@id":"https:\/\/marktxxl.de\/markt\/produkt\/bodylastics-widerstandsbaender-set-mit-patentierten-anti-schnapp-gummibaendern-patentierten-clips-verbesserten-griffen-tueranker-beinen-handgelenk-knoechelriemen-handbuch-und-bonus-44-workouts\/#breadcrumb","itemListElement":[{"@type":"ListItem","position":1,"name":"Startseite","item":"https:\/\/marktxxl.de\/markt\/"},{"@type":"ListItem","position":2,"name":"Markt","item":"https:\/\/marktxxl.de\/markt\/"},{"@type":"ListItem","position":3,"name":"Bodylastics Widerstandsb\u00e4nder-Set mit patentierten Anti-Schnapp-Gummib\u00e4ndern, patentierten Clips, verbesserten Griffen\u2026"}]},{"@type":"WebSite","@id":"https:\/\/marktxxl.de\/markt\/#website","url":"https:\/\/marktxxl.de\/markt\/","name":"Markt-XXL","description":"Ihr Markt Online","publisher":{"@id":"https:\/\/marktxxl.de\/markt\/#organization"},"potentialAction":[{"@type":"SearchAction","target":{"@type":"EntryPoint","urlTemplate":"https:\/\/marktxxl.de\/markt\/?s={search_term_string}"},"query-input":{"@type":"PropertyValueSpecification","valueRequired":true,"valueName":"search_term_string"}}],"inLanguage":"de"},{"@type":"Organization","@id":"https:\/\/marktxxl.de\/markt\/#organization","name":"Markt-XXL","url":"https:\/\/marktxxl.de\/markt\/","logo":{"@type":"ImageObject","inLanguage":"de","@id":"https:\/\/marktxxl.de\/markt\/#\/schema\/logo\/image\/","url":"https:\/\/marktxxl.de\/markt\/wp-content\/uploads\/sites\/3\/2020\/12\/logo.png","contentUrl":"https:\/\/marktxxl.de\/markt\/wp-content\/uploads\/sites\/3\/2020\/12\/logo.png","width":200,"height":70,"caption":"Markt-XXL"},"image":{"@id":"https:\/\/marktxxl.de\/markt\/#\/schema\/logo\/image\/"}}]}},"_links":{"self":[{"href":"https:\/\/marktxxl.de\/markt\/wp-json\/wp\/v2\/product\/60375","targetHints":{"allow":["GET"]}}],"collection":[{"href":"https:\/\/marktxxl.de\/markt\/wp-json\/wp\/v2\/product"}],"about":[{"href":"https:\/\/marktxxl.de\/markt\/wp-json\/wp\/v2\/types\/product"}],"replies":[{"embeddable":true,"href":"https:\/\/marktxxl.de\/markt\/wp-json\/wp\/v2\/comments?post=60375"}],"wp:featuredmedia":[{"embeddable":true,"href":"https:\/\/marktxxl.de\/markt\/wp-json\/wp\/v2\/media\/60377"}],"wp:attachment":[{"href":"https:\/\/marktxxl.de\/markt\/wp-json\/wp\/v2\/media?parent=60375"}],"wp:term":[{"taxonomy":"product_brand","embeddable":true,"href":"https:\/\/marktxxl.de\/markt\/wp-json\/wp\/v2\/product_brand?post=60375"},{"taxonomy":"product_cat","embeddable":true,"href":"https:\/\/marktxxl.de\/markt\/wp-json\/wp\/v2\/product_cat?post=60375"},{"taxonomy":"product_tag","embeddable":true,"href":"https:\/\/marktxxl.de\/markt\/wp-json\/wp\/v2\/product_tag?post=60375"}],"curies":[{"name":"wp","href":"https:\/\/api.w.org\/{rel}","templated":true}]}}