{"id":60359,"date":"2021-10-26T16:42:49","date_gmt":"2021-10-26T14:42:49","guid":{"rendered":"https:\/\/marktxxl.de\/markt\/produkt\/amazon-basics-bathroom-handicap-grab-bar\/"},"modified":"2023-04-11T02:29:15","modified_gmt":"2023-04-11T00:29:15","slug":"amazon-basics-bathroom-handicap-grab-bar","status":"publish","type":"product","link":"https:\/\/marktxxl.de\/markt\/produkt\/amazon-basics-bathroom-handicap-grab-bar\/","title":{"rendered":"Amazon Basics Behindertengerechter Wandhalte-St\u00fctzgriff f\u00fcr das Badezimmer, 31 cm L\u00e4nge und 3,2 cm Durchmesser"},"content":{"rendered":"<p>Material: Edelstahl<br \/>\nTr\u00e4gt bis zu 227\u00a0kg<br \/>\nEntspricht den ADA-Standards<br \/>\nStangendurchmesser: 3,8 cm<br \/>\nGriffl\u00e4nge: 41 cm<br \/>\nMit Installationsanleitung und Montageschrauben<br \/>\n<div class=\"main-cross-sell\" data-asin=\"B07GDRRKB3\">\n\n\t<div class=\"WooZone-cross-sell-loader\">\n\t\t<div>\n\t\t\t<div id=\"floatingBarsG\">\n\t\t\t\t<div class=\"blockG\" id=\"rotateG_01\"><\/div>\n\t\t\t\t<div class=\"blockG\" id=\"rotateG_02\"><\/div>\n\t\t\t\t<div class=\"blockG\" id=\"rotateG_03\"><\/div>\n\t\t\t\t<div class=\"blockG\" id=\"rotateG_04\"><\/div>\n\t\t\t\t<div class=\"blockG\" id=\"rotateG_05\"><\/div>\n\t\t\t\t<div class=\"blockG\" id=\"rotateG_06\"><\/div>\n\t\t\t\t<div class=\"blockG\" id=\"rotateG_07\"><\/div>\n\t\t\t\t<div class=\"blockG\" id=\"rotateG_08\"><\/div>\n\t\t\t<\/div>\n\t\t\t<div class=\"WooZone-cross-sell-loader-text\"><\/div>\n\t\t<\/div>\n\t<\/div>\n\n\t\t\n<\/div>\n<div style=\"clear:both;\"><\/div><\/p>\n","protected":false},"excerpt":{"rendered":"<p>Material: Edelstahl<br \/>\nTr\u00e4gt bis zu 227\u00a0kg<br \/>\nEntspricht den ADA-Standards<\/p>\n","protected":false},"featured_media":60365,"comment_status":"open","ping_status":"closed","template":"","meta":[],"product_brand":[],"product_cat":[566,5908],"product_tag":[],"class_list":{"0":"post-60359","1":"product","2":"type-product","3":"status-publish","4":"has-post-thumbnail","6":"product_cat-drogerie-koerperpflege","7":"product_cat-medizinische-geraete-verbrauchsmaterialien","8":"pa_binding-werkzeug","9":"pa_brand-amazon-basics","10":"pa_groesse-32-cm-durchmesser","11":"pa_groesse-38-cm-durchmesser","12":"pa_manufacturer-amazon-basics","13":"pa_model-gbar-125-12","14":"pa_stil-122-cm","15":"pa_stil-41-cm","16":"pa_stil-46-cm","17":"pa_stil-61-cm","18":"pa_stilbezeichnung-single","20":"first","21":"instock","22":"shipping-taxable","23":"purchasable","24":"product-type-variable","25":"customify-col","26":"product-has-gallery"},"yoast_head":"<!-- This site is optimized with the Yoast SEO plugin v27.3 - https:\/\/yoast.com\/product\/yoast-seo-wordpress\/ -->\n<title>Amazon Basics Behindertengerechter Wandhalte-St\u00fctzgriff f\u00fcr das Badezimmer, 31 cm L\u00e4nge und 3,2 cm Durchmesser - Markt-XXL<\/title>\n<meta name=\"description\" content=\"Markt-XXL Amazon Basics Behindertengerechter Wandhalte-St\u00fctzgriff f\u00fcr das Badezimmer, 31 cm L\u00e4nge und 3,2 cm Durchmesser\" \/>\n<meta name=\"robots\" content=\"index, follow, max-snippet:-1, max-image-preview:large, max-video-preview:-1\" \/>\n<link rel=\"canonical\" href=\"https:\/\/marktxxl.de\/markt\/produkt\/amazon-basics-bathroom-handicap-grab-bar\/\" \/>\n<meta property=\"og:locale\" content=\"de_DE\" \/>\n<meta property=\"og:type\" content=\"article\" \/>\n<meta property=\"og:title\" content=\"Amazon Basics Behindertengerechter Wandhalte-St\u00fctzgriff f\u00fcr das Badezimmer, 31 cm L\u00e4nge und 3,2 cm Durchmesser - Markt-XXL\" \/>\n<meta property=\"og:description\" content=\"Markt-XXL Amazon Basics Behindertengerechter Wandhalte-St\u00fctzgriff f\u00fcr das Badezimmer, 31 cm L\u00e4nge und 3,2 cm Durchmesser\" \/>\n<meta property=\"og:url\" content=\"https:\/\/marktxxl.de\/markt\/produkt\/amazon-basics-bathroom-handicap-grab-bar\/\" \/>\n<meta property=\"og:site_name\" content=\"Markt-XXL\" \/>\n<meta property=\"article:modified_time\" content=\"2023-04-11T00:29:15+00:00\" \/>\n<meta property=\"og:image\" content=\"https:\/\/m.media-amazon.com\/images\/I\/31EP4f+LO9L._SL500_.jpg\" \/>\n\t<meta property=\"og:image:width\" content=\"500\" \/>\n\t<meta property=\"og:image:height\" content=\"500\" \/>\n\t<meta property=\"og:image:type\" content=\"image\/jpeg\" \/>\n<meta name=\"twitter:card\" content=\"summary_large_image\" \/>\n<script type=\"application\/ld+json\" class=\"yoast-schema-graph\">{\"@context\":\"https:\\\/\\\/schema.org\",\"@graph\":[{\"@type\":\"WebPage\",\"@id\":\"https:\\\/\\\/marktxxl.de\\\/markt\\\/produkt\\\/amazon-basics-bathroom-handicap-grab-bar\\\/\",\"url\":\"https:\\\/\\\/marktxxl.de\\\/markt\\\/produkt\\\/amazon-basics-bathroom-handicap-grab-bar\\\/\",\"name\":\"Amazon Basics Behindertengerechter Wandhalte-St\u00fctzgriff f\u00fcr das Badezimmer, 31 cm L\u00e4nge und 3,2 cm Durchmesser - Markt-XXL\",\"isPartOf\":{\"@id\":\"https:\\\/\\\/marktxxl.de\\\/markt\\\/#website\"},\"primaryImageOfPage\":{\"@id\":\"https:\\\/\\\/marktxxl.de\\\/markt\\\/produkt\\\/amazon-basics-bathroom-handicap-grab-bar\\\/#primaryimage\"},\"image\":{\"@id\":\"https:\\\/\\\/marktxxl.de\\\/markt\\\/produkt\\\/amazon-basics-bathroom-handicap-grab-bar\\\/#primaryimage\"},\"thumbnailUrl\":\"https:\\\/\\\/m.media-amazon.com\\\/images\\\/I\\\/31EP4f+LO9L._SL500_.jpg\",\"datePublished\":\"2021-10-26T14:42:49+00:00\",\"dateModified\":\"2023-04-11T00:29:15+00:00\",\"description\":\"Markt-XXL Amazon Basics Behindertengerechter Wandhalte-St\u00fctzgriff f\u00fcr das Badezimmer, 31 cm L\u00e4nge und 3,2 cm Durchmesser\",\"breadcrumb\":{\"@id\":\"https:\\\/\\\/marktxxl.de\\\/markt\\\/produkt\\\/amazon-basics-bathroom-handicap-grab-bar\\\/#breadcrumb\"},\"inLanguage\":\"de\",\"potentialAction\":[{\"@type\":\"ReadAction\",\"target\":[\"https:\\\/\\\/marktxxl.de\\\/markt\\\/produkt\\\/amazon-basics-bathroom-handicap-grab-bar\\\/\"]}]},{\"@type\":\"ImageObject\",\"inLanguage\":\"de\",\"@id\":\"https:\\\/\\\/marktxxl.de\\\/markt\\\/produkt\\\/amazon-basics-bathroom-handicap-grab-bar\\\/#primaryimage\",\"url\":\"https:\\\/\\\/m.media-amazon.com\\\/images\\\/I\\\/31EP4f+LO9L._SL500_.jpg\",\"contentUrl\":\"https:\\\/\\\/m.media-amazon.com\\\/images\\\/I\\\/31EP4f+LO9L._SL500_.jpg\",\"width\":500,\"height\":500},{\"@type\":\"BreadcrumbList\",\"@id\":\"https:\\\/\\\/marktxxl.de\\\/markt\\\/produkt\\\/amazon-basics-bathroom-handicap-grab-bar\\\/#breadcrumb\",\"itemListElement\":[{\"@type\":\"ListItem\",\"position\":1,\"name\":\"Startseite\",\"item\":\"https:\\\/\\\/marktxxl.de\\\/markt\\\/\"},{\"@type\":\"ListItem\",\"position\":2,\"name\":\"Markt\",\"item\":\"https:\\\/\\\/marktxxl.de\\\/markt\\\/\"},{\"@type\":\"ListItem\",\"position\":3,\"name\":\"Amazon Basics Behindertengerechter Wandhalte-St\u00fctzgriff f\u00fcr das Badezimmer, 31 cm L\u00e4nge und 3,2 cm Durchmesser\"}]},{\"@type\":\"WebSite\",\"@id\":\"https:\\\/\\\/marktxxl.de\\\/markt\\\/#website\",\"url\":\"https:\\\/\\\/marktxxl.de\\\/markt\\\/\",\"name\":\"Markt-XXL\",\"description\":\"Ihr Markt Online\",\"publisher\":{\"@id\":\"https:\\\/\\\/marktxxl.de\\\/markt\\\/#organization\"},\"potentialAction\":[{\"@type\":\"SearchAction\",\"target\":{\"@type\":\"EntryPoint\",\"urlTemplate\":\"https:\\\/\\\/marktxxl.de\\\/markt\\\/?s={search_term_string}\"},\"query-input\":{\"@type\":\"PropertyValueSpecification\",\"valueRequired\":true,\"valueName\":\"search_term_string\"}}],\"inLanguage\":\"de\"},{\"@type\":\"Organization\",\"@id\":\"https:\\\/\\\/marktxxl.de\\\/markt\\\/#organization\",\"name\":\"Markt-XXL\",\"url\":\"https:\\\/\\\/marktxxl.de\\\/markt\\\/\",\"logo\":{\"@type\":\"ImageObject\",\"inLanguage\":\"de\",\"@id\":\"https:\\\/\\\/marktxxl.de\\\/markt\\\/#\\\/schema\\\/logo\\\/image\\\/\",\"url\":\"https:\\\/\\\/marktxxl.de\\\/markt\\\/wp-content\\\/uploads\\\/sites\\\/3\\\/2020\\\/12\\\/logo.png\",\"contentUrl\":\"https:\\\/\\\/marktxxl.de\\\/markt\\\/wp-content\\\/uploads\\\/sites\\\/3\\\/2020\\\/12\\\/logo.png\",\"width\":200,\"height\":70,\"caption\":\"Markt-XXL\"},\"image\":{\"@id\":\"https:\\\/\\\/marktxxl.de\\\/markt\\\/#\\\/schema\\\/logo\\\/image\\\/\"}}]}<\/script>\n<!-- \/ Yoast SEO plugin. -->","yoast_head_json":{"title":"Amazon Basics Behindertengerechter Wandhalte-St\u00fctzgriff f\u00fcr das Badezimmer, 31 cm L\u00e4nge und 3,2 cm Durchmesser - Markt-XXL","description":"Markt-XXL Amazon Basics Behindertengerechter Wandhalte-St\u00fctzgriff f\u00fcr das Badezimmer, 31 cm L\u00e4nge und 3,2 cm Durchmesser","robots":{"index":"index","follow":"follow","max-snippet":"max-snippet:-1","max-image-preview":"max-image-preview:large","max-video-preview":"max-video-preview:-1"},"canonical":"https:\/\/marktxxl.de\/markt\/produkt\/amazon-basics-bathroom-handicap-grab-bar\/","og_locale":"de_DE","og_type":"article","og_title":"Amazon Basics Behindertengerechter Wandhalte-St\u00fctzgriff f\u00fcr das Badezimmer, 31 cm L\u00e4nge und 3,2 cm Durchmesser - Markt-XXL","og_description":"Markt-XXL Amazon Basics Behindertengerechter Wandhalte-St\u00fctzgriff f\u00fcr das Badezimmer, 31 cm L\u00e4nge und 3,2 cm Durchmesser","og_url":"https:\/\/marktxxl.de\/markt\/produkt\/amazon-basics-bathroom-handicap-grab-bar\/","og_site_name":"Markt-XXL","article_modified_time":"2023-04-11T00:29:15+00:00","og_image":[{"width":500,"height":500,"url":"https:\/\/m.media-amazon.com\/images\/I\/31EP4f+LO9L._SL500_.jpg","type":"image\/jpeg"}],"twitter_card":"summary_large_image","schema":{"@context":"https:\/\/schema.org","@graph":[{"@type":"WebPage","@id":"https:\/\/marktxxl.de\/markt\/produkt\/amazon-basics-bathroom-handicap-grab-bar\/","url":"https:\/\/marktxxl.de\/markt\/produkt\/amazon-basics-bathroom-handicap-grab-bar\/","name":"Amazon Basics Behindertengerechter Wandhalte-St\u00fctzgriff f\u00fcr das Badezimmer, 31 cm L\u00e4nge und 3,2 cm Durchmesser - Markt-XXL","isPartOf":{"@id":"https:\/\/marktxxl.de\/markt\/#website"},"primaryImageOfPage":{"@id":"https:\/\/marktxxl.de\/markt\/produkt\/amazon-basics-bathroom-handicap-grab-bar\/#primaryimage"},"image":{"@id":"https:\/\/marktxxl.de\/markt\/produkt\/amazon-basics-bathroom-handicap-grab-bar\/#primaryimage"},"thumbnailUrl":"https:\/\/m.media-amazon.com\/images\/I\/31EP4f+LO9L._SL500_.jpg","datePublished":"2021-10-26T14:42:49+00:00","dateModified":"2023-04-11T00:29:15+00:00","description":"Markt-XXL Amazon Basics Behindertengerechter Wandhalte-St\u00fctzgriff f\u00fcr das Badezimmer, 31 cm L\u00e4nge und 3,2 cm Durchmesser","breadcrumb":{"@id":"https:\/\/marktxxl.de\/markt\/produkt\/amazon-basics-bathroom-handicap-grab-bar\/#breadcrumb"},"inLanguage":"de","potentialAction":[{"@type":"ReadAction","target":["https:\/\/marktxxl.de\/markt\/produkt\/amazon-basics-bathroom-handicap-grab-bar\/"]}]},{"@type":"ImageObject","inLanguage":"de","@id":"https:\/\/marktxxl.de\/markt\/produkt\/amazon-basics-bathroom-handicap-grab-bar\/#primaryimage","url":"https:\/\/m.media-amazon.com\/images\/I\/31EP4f+LO9L._SL500_.jpg","contentUrl":"https:\/\/m.media-amazon.com\/images\/I\/31EP4f+LO9L._SL500_.jpg","width":500,"height":500},{"@type":"BreadcrumbList","@id":"https:\/\/marktxxl.de\/markt\/produkt\/amazon-basics-bathroom-handicap-grab-bar\/#breadcrumb","itemListElement":[{"@type":"ListItem","position":1,"name":"Startseite","item":"https:\/\/marktxxl.de\/markt\/"},{"@type":"ListItem","position":2,"name":"Markt","item":"https:\/\/marktxxl.de\/markt\/"},{"@type":"ListItem","position":3,"name":"Amazon Basics Behindertengerechter Wandhalte-St\u00fctzgriff f\u00fcr das Badezimmer, 31 cm L\u00e4nge und 3,2 cm Durchmesser"}]},{"@type":"WebSite","@id":"https:\/\/marktxxl.de\/markt\/#website","url":"https:\/\/marktxxl.de\/markt\/","name":"Markt-XXL","description":"Ihr Markt Online","publisher":{"@id":"https:\/\/marktxxl.de\/markt\/#organization"},"potentialAction":[{"@type":"SearchAction","target":{"@type":"EntryPoint","urlTemplate":"https:\/\/marktxxl.de\/markt\/?s={search_term_string}"},"query-input":{"@type":"PropertyValueSpecification","valueRequired":true,"valueName":"search_term_string"}}],"inLanguage":"de"},{"@type":"Organization","@id":"https:\/\/marktxxl.de\/markt\/#organization","name":"Markt-XXL","url":"https:\/\/marktxxl.de\/markt\/","logo":{"@type":"ImageObject","inLanguage":"de","@id":"https:\/\/marktxxl.de\/markt\/#\/schema\/logo\/image\/","url":"https:\/\/marktxxl.de\/markt\/wp-content\/uploads\/sites\/3\/2020\/12\/logo.png","contentUrl":"https:\/\/marktxxl.de\/markt\/wp-content\/uploads\/sites\/3\/2020\/12\/logo.png","width":200,"height":70,"caption":"Markt-XXL"},"image":{"@id":"https:\/\/marktxxl.de\/markt\/#\/schema\/logo\/image\/"}}]}},"_links":{"self":[{"href":"https:\/\/marktxxl.de\/markt\/wp-json\/wp\/v2\/product\/60359","targetHints":{"allow":["GET"]}}],"collection":[{"href":"https:\/\/marktxxl.de\/markt\/wp-json\/wp\/v2\/product"}],"about":[{"href":"https:\/\/marktxxl.de\/markt\/wp-json\/wp\/v2\/types\/product"}],"replies":[{"embeddable":true,"href":"https:\/\/marktxxl.de\/markt\/wp-json\/wp\/v2\/comments?post=60359"}],"wp:featuredmedia":[{"embeddable":true,"href":"https:\/\/marktxxl.de\/markt\/wp-json\/wp\/v2\/media\/60365"}],"wp:attachment":[{"href":"https:\/\/marktxxl.de\/markt\/wp-json\/wp\/v2\/media?parent=60359"}],"wp:term":[{"taxonomy":"product_brand","embeddable":true,"href":"https:\/\/marktxxl.de\/markt\/wp-json\/wp\/v2\/product_brand?post=60359"},{"taxonomy":"product_cat","embeddable":true,"href":"https:\/\/marktxxl.de\/markt\/wp-json\/wp\/v2\/product_cat?post=60359"},{"taxonomy":"product_tag","embeddable":true,"href":"https:\/\/marktxxl.de\/markt\/wp-json\/wp\/v2\/product_tag?post=60359"}],"curies":[{"name":"wp","href":"https:\/\/api.w.org\/{rel}","templated":true}]}}